{"id":116028,"date":"2022-01-17T09:23:05","date_gmt":"2022-01-17T08:23:05","guid":{"rendered":"https:\/\/www.sggw.edu.pl\/?page_id=116028"},"modified":"2022-01-17T09:31:51","modified_gmt":"2022-01-17T08:31:51","slug":"long-cycle-studies","status":"publish","type":"page","link":"https:\/\/www.sggw.edu.pl\/en\/long-cycle-studies\/","title":{"rendered":"Long-cycle studies"},"content":{"rendered":"\t\t<div data-elementor-type=\"wp-page\" data-elementor-id=\"116028\" class=\"elementor elementor-116028\" data-elementor-post-type=\"page\">\n\t\t\t\t\t\t<section class=\"elementor-section elementor-top-section elementor-element elementor-element-7f3d6e0 elementor-section-boxed elementor-section-height-default elementor-section-height-default\" data-id=\"7f3d6e0\" data-element_type=\"section\">\n\t\t\t\t\t\t<div class=\"elementor-container elementor-column-gap-default\">\n\t\t\t\t\t<div class=\"elementor-column elementor-col-100 elementor-top-column elementor-element elementor-element-c0ea14a\" data-id=\"c0ea14a\" data-element_type=\"column\">\n\t\t\t<div class=\"elementor-widget-wrap elementor-element-populated\">\n\t\t\t\t\t\t<div class=\"elementor-element elementor-element-bd96692 elementor-widget elementor-widget-wp-widget-bcn_widget\" data-id=\"bd96692\" data-element_type=\"widget\" data-widget_type=\"wp-widget-bcn_widget.default\">\n\t\t\t\t<div class=\"elementor-widget-container\">\n\t\t\t<div class=\"mn-grid breadcrumb\">\n                                    <div class=\"breadcrumb-inner mn-grid-12\"><div class=\"breadcrumbs\" vocab=\"https:\/\/schema.org\/\" typeof=\"BreadcrumbList\"><span property=\"itemListElement\" typeof=\"ListItem\"><a property=\"item\" typeof=\"WebPage\" title=\"Go to Szko\u0142a G\u0142\u00f3wna Gospodarstwa Wiejskiego w Warszawie.\" href=\"https:\/\/www.sggw.edu.pl\/en\/\" class=\"home\" aria-current=\"page\"><span property=\"name\">Home<\/span><\/a><meta property=\"position\" content=\"1\"><\/span><\/div>    <\/div>\n                                <\/div>\t\t<\/div>\n\t\t\t\t<\/div>\n\t\t\t\t<div class=\"elementor-element elementor-element-f3cd17c elementor-widget elementor-widget-w1_2_3\" data-id=\"f3cd17c\" data-element_type=\"widget\" data-widget_type=\"w1_2_3.default\">\n\t\t\t\t<div class=\"elementor-widget-container\">\n\t\t\t<section>\n                <div class=\"mn-grid\">\n                    <h2  class=\"mn-grid-12\">\n                        Long-cycle studies\n                    <\/h2>\n                <\/div>\n            <\/section>\t\t<\/div>\n\t\t\t\t<\/div>\n\t\t\t\t\t<\/div>\n\t\t<\/div>\n\t\t\t\t\t<\/div>\n\t\t<\/section>\n\t\t\t\t<section class=\"elementor-section elementor-top-section elementor-element elementor-element-0649b65 elementor-section-boxed elementor-section-height-default elementor-section-height-default\" data-id=\"0649b65\" data-element_type=\"section\">\n\t\t\t\t\t\t<div class=\"elementor-container elementor-column-gap-default\">\n\t\t\t\t\t<div class=\"elementor-column elementor-col-100 elementor-top-column elementor-element elementor-element-329ec86\" data-id=\"329ec86\" data-element_type=\"column\">\n\t\t\t<div class=\"elementor-widget-wrap elementor-element-populated\">\n\t\t\t\t\t\t<div class=\"elementor-element elementor-element-1aed591 elementor-widget elementor-widget-w34\" data-id=\"1aed591\" data-element_type=\"widget\" data-widget_type=\"w34.default\">\n\t\t\t\t<div class=\"elementor-widget-container\">\n\t\t\t        <section id=\"w34-1aed591\" class=\"mn-m5-c mn-m5-d2\">\n            <div class=\"mn-grid\">\n                <div class=\"mn-content mn-grid-12\">\n                    <div class=\"mn-content-block active\">\n                                                                <ul class=\"mn-accordion\">\n                                            <li>\n                                                <h4 class=\"mn-accordion-title\"\n                                                    role=\"button\"\n                                                    tabindex=\"0\"\n                                                    aria-expanded=\"false\"\n                                                    aria-controls=\"w34-1aed591-panel-0\">Veterinary Medicine (Faculty of Veterinary Medicine) - Start: 1st October, Duration: 11 semesters<\/h4>\n                                                <div id=\"w34-1aed591-panel-0\" style=\"display:none;\" hidden>\n                                                    <p><strong>Degree<\/strong> <br \/>Veterinary Surgeon \/ Doctor of Veterinary Medicine<\/p>\n<p><strong>Duration<\/strong> <br \/>Long cycle 11 semesters master\u2019s programme<\/p>\n<p><strong>Beginning from<\/strong> <br \/>March, October<\/p>\n<p><strong>Credits obtained<\/strong> <br \/>DVM degree requires the completion of 360 ECTS<\/p>\n<p><strong>Aim of the programme<\/strong> <br \/>Study offering for veterinary medicine through the careful and competent selection of programme content provides students of long-cycle Master\u2019s degree programme with:<br \/>\u2022 knowledge, skills and competences required to describe rules and mechanisms underlining animal health, diagnose disease and implement therapy in a&nbsp;single animals or in a&nbsp;herd; <br \/>\u2022 competence in protection of public health via monitoring of animal feed, animal production, production facilities, products of animal origin and distribution and transport of animals and products of animal origin; <br \/>\u2022 competences in soft skills: problem solving, accumulation, elaboration, critical analysis and propagation of knowledge, working in the multidisciplinary team.<\/p>\n<p><strong>Entry requirements<\/strong> <br \/>Recruitment to the programme is handled by external recruiting agency, the International Medicine Studies (www.ims-medstudy. com; info@ims-medstudy.com). Finished secondary level education and the diploma recognized by EU is required for application to the course. Candidates are required to take biology and chemistry exam.<\/p>\n<p><strong>Main mandatory subjects: <\/strong><br \/><strong>1 Year<\/strong><br \/>Anatomy, cell biology, histology &amp; embryology, biology, chemistry, biophysics, information technology, Latin, copyrights, genetics, biostatistics, agronomy<br \/><strong>2 Year<\/strong><br \/>Biochemistry, physiology, animal husbandry and breeding, ethology, epidemiology, microbiology, immunology<br \/><strong>3 Year<\/strong><br \/>Parasitology, pathophysiology, pharmacology, clinical and laboratory diagnostics, general surgery and anesthesiology, public health, bee diseases, pathomorphology<br \/><strong>4 Year<\/strong><br \/>Farm animal and equine diseases, meat hygiene, pathomorphology, feed hygiene, imagine diagnostics, safety of animal-origin food, zoonosis, toxicology, andrology, fish diseases, ethical aspects of veterinary practice<br \/><strong>5 Year<\/strong><br \/>Dogs and cat diseases, dietetics, avian diseases, administration and legal aspects in veterinary, fur animal diseases, veterinary prevention, milk hygiene, clinic rotations<br \/><strong>6 Year<\/strong><br \/>Clinical rotations, herd health management<\/p>\n<p><strong>Internship, practice<\/strong> <br \/>Student is obliged to complete: husbandry practice (80 h\/2 weeks), veterinary inspection (80 h&nbsp;\/ 2 weeks twice), clinical practice (160 h&nbsp;\/ 4 weeks twice).<\/p>\n<p><strong>Career prospects<\/strong><br \/>\u2022 veterinary surgeon \/ doctor of veterinary medicine in small animals, large animals or mixed practices <br \/>\u2022 veterinary inspection \/ public health protection agencies<br \/>\u2022 veterinary border control <br \/>\u2022 general, medical and veterinary research (PhD studies, research companies and institutions) <br \/>\u2022 laboratory practice <br \/>\u2022 animal health protection agencies <br \/>\u2022 pharmaceutical industry<\/p>\n<p><strong>Fees<\/strong> <br \/>4800\u20ac for winter semester <br \/>3600\u20ac for summer semester<\/p>\n                                                <\/div>\n                                            <\/li>\n                                        <\/ul>\n                                                            <\/div>\n                <\/div>\n            <\/div>\n        <\/section>\n\n        <script type=\"text\/javascript\">\n            (function(){\n                var root = document.getElementById('w34-1aed591');\n                if (!root || root.dataset.w34Ready === '1') {\n                    return;\n                }\n                root.dataset.w34Ready = '1';\n\n                var titles = root.querySelectorAll('.mn-accordion-title');\n\n                function toggleItem(titleEl, event) {\n                    if (event) {\n                        event.preventDefault();\n                        event.stopPropagation();\n                        if (typeof event.stopImmediatePropagation === 'function') {\n                            event.stopImmediatePropagation();\n                        }\n                    }\n\n                    var li = titleEl.parentElement;\n                    if (!li) {\n                        return;\n                    }\n\n                    var panel = titleEl.nextElementSibling;\n                    if (!panel) {\n                        return;\n                    }\n\n                    var isOpen = li.classList.contains('show');\n\n                    if (isOpen) {\n                        li.classList.remove('show');\n                        titleEl.setAttribute('aria-expanded', 'false');\n                        panel.hidden = true;\n                        if (window.jQuery) {\n                            window.jQuery(panel).stop(true, true).slideUp(200);\n                        } else {\n                            panel.style.display = 'none';\n                        }\n                    } else {\n                        li.classList.add('show');\n                        titleEl.setAttribute('aria-expanded', 'true');\n                        panel.hidden = false;\n                        if (window.jQuery) {\n                            window.jQuery(panel).stop(true, true).slideDown(200);\n                        } else {\n                            panel.style.display = 'block';\n                        }\n                    }\n                }\n\n                titles.forEach(function(titleEl){\n                    var panel = titleEl.nextElementSibling;\n                    if (panel) {\n                        panel.hidden = true;\n                        panel.style.display = 'none';\n                    }\n\n                    titleEl.addEventListener('click', function(event){\n                        toggleItem(titleEl, event);\n                    }, true);\n\n                    titleEl.addEventListener('keydown', function(event){\n                        if (event.key === 'Enter' || event.key === ' ') {\n                            toggleItem(titleEl, event);\n                        }\n                    }, true);\n                });\n            })();\n        <\/script>\n        \t\t<\/div>\n\t\t\t\t<\/div>\n\t\t\t\t\t<\/div>\n\t\t<\/div>\n\t\t\t\t\t<\/div>\n\t\t<\/section>\n\t\t\t\t<section class=\"elementor-section elementor-top-section elementor-element elementor-element-0f6b069 elementor-section-boxed elementor-section-height-default elementor-section-height-default\" data-id=\"0f6b069\" data-element_type=\"section\">\n\t\t\t\t\t\t<div class=\"elementor-container elementor-column-gap-default\">\n\t\t\t\t\t<div class=\"elementor-column elementor-col-100 elementor-top-column elementor-element elementor-element-07d2c91\" data-id=\"07d2c91\" data-element_type=\"column\">\n\t\t\t<div class=\"elementor-widget-wrap\">\n\t\t\t\t\t\t\t<\/div>\n\t\t<\/div>\n\t\t\t\t\t<\/div>\n\t\t<\/section>\n\t\t\t\t<\/div>\n\t\t","protected":false},"excerpt":{"rendered":"<p>Long-cycle studies Veterinary Medicine (Faculty of Veterinary Medicine) &#8211; Start: 1st October, Duration: 11 semesters Degree Veterinary Surgeon \/ Doctor of Veterinary Medicine Duration Long cycle 11 semesters master\u2019s programme Beginning from March, October Credits obtained DVM degree requires the completion of 360 ECTS Aim of the programme Study offering for veterinary medicine through the [&hellip;]<\/p>\n","protected":false},"author":6,"featured_media":0,"parent":0,"menu_order":0,"comment_status":"closed","ping_status":"closed","template":"","meta":{"_acf_changed":false,"footnotes":""},"class_list":["post-116028","page","type-page","status-publish","hentry"],"acf":[],"_links":{"self":[{"href":"https:\/\/www.sggw.edu.pl\/en\/wp-json\/wp\/v2\/pages\/116028","targetHints":{"allow":["GET"]}}],"collection":[{"href":"https:\/\/www.sggw.edu.pl\/en\/wp-json\/wp\/v2\/pages"}],"about":[{"href":"https:\/\/www.sggw.edu.pl\/en\/wp-json\/wp\/v2\/types\/page"}],"author":[{"embeddable":true,"href":"https:\/\/www.sggw.edu.pl\/en\/wp-json\/wp\/v2\/users\/6"}],"replies":[{"embeddable":true,"href":"https:\/\/www.sggw.edu.pl\/en\/wp-json\/wp\/v2\/comments?post=116028"}],"version-history":[{"count":12,"href":"https:\/\/www.sggw.edu.pl\/en\/wp-json\/wp\/v2\/pages\/116028\/revisions"}],"predecessor-version":[{"id":122938,"href":"https:\/\/www.sggw.edu.pl\/en\/wp-json\/wp\/v2\/pages\/116028\/revisions\/122938"}],"wp:attachment":[{"href":"https:\/\/www.sggw.edu.pl\/en\/wp-json\/wp\/v2\/media?parent=116028"}],"curies":[{"name":"wp","href":"https:\/\/api.w.org\/{rel}","templated":true}]}}