{"id":118914,"date":"2022-02-17T10:20:51","date_gmt":"2022-02-17T09:20:51","guid":{"rendered":"https:\/\/www.sggw.edu.pl\/?page_id=118914"},"modified":"2022-02-17T10:21:04","modified_gmt":"2022-02-17T09:21:04","slug":"rodo","status":"publish","type":"page","link":"https:\/\/www.sggw.edu.pl\/en\/rodo\/","title":{"rendered":"Rodo"},"content":{"rendered":"\t\t<div data-elementor-type=\"wp-page\" data-elementor-id=\"118914\" class=\"elementor elementor-118914\" data-elementor-post-type=\"page\">\n\t\t\t\t\t\t<section class=\"elementor-section elementor-top-section elementor-element elementor-element-956c980 elementor-section-boxed elementor-section-height-default elementor-section-height-default\" data-id=\"956c980\" data-element_type=\"section\">\n\t\t\t\t\t\t<div class=\"elementor-container elementor-column-gap-default\">\n\t\t\t\t\t<div class=\"elementor-column elementor-col-100 elementor-top-column elementor-element elementor-element-3a5483e\" data-id=\"3a5483e\" data-element_type=\"column\">\n\t\t\t<div class=\"elementor-widget-wrap elementor-element-populated\">\n\t\t\t\t\t\t<div class=\"elementor-element elementor-element-9322207 elementor-widget elementor-widget-wp-widget-bcn_widget\" data-id=\"9322207\" data-element_type=\"widget\" data-widget_type=\"wp-widget-bcn_widget.default\">\n\t\t\t\t<div class=\"elementor-widget-container\">\n\t\t\t<div class=\"mn-grid breadcrumb\">\n                                    <div class=\"breadcrumb-inner mn-grid-12\"><div class=\"breadcrumbs\" vocab=\"https:\/\/schema.org\/\" typeof=\"BreadcrumbList\"><span property=\"itemListElement\" typeof=\"ListItem\"><a property=\"item\" typeof=\"WebPage\" title=\"Go to Szko\u0142a G\u0142\u00f3wna Gospodarstwa Wiejskiego w Warszawie.\" href=\"https:\/\/www.sggw.edu.pl\/en\/\" class=\"home\" aria-current=\"page\"><span property=\"name\">Home<\/span><\/a><meta property=\"position\" content=\"1\"><\/span><\/div>    <\/div>\n                                <\/div>\t\t<\/div>\n\t\t\t\t<\/div>\n\t\t\t\t<div class=\"elementor-element elementor-element-bbe167a elementor-widget elementor-widget-w33\" data-id=\"bbe167a\" data-element_type=\"widget\" data-widget_type=\"w33.default\">\n\t\t\t\t<div class=\"elementor-widget-container\">\n\t\t\t<section>\n            <div class=\"mn-grid\">\n                <div class=\"mn-vertical-separator\">\n                    \n                <\/div>\n            <\/section>\t\t<\/div>\n\t\t\t\t<\/div>\n\t\t\t\t<div class=\"elementor-element elementor-element-47bd9e8 elementor-widget elementor-widget-w1_2_3\" data-id=\"47bd9e8\" data-element_type=\"widget\" data-widget_type=\"w1_2_3.default\">\n\t\t\t\t<div class=\"elementor-widget-container\">\n\t\t\t<section>\n                <div class=\"mn-grid\">\n                    <h2  class=\"mn-grid-12\">\n                        The information clause \n                    <\/h2>\n                <\/div>\n            <\/section>\t\t<\/div>\n\t\t\t\t<\/div>\n\t\t\t\t\t<\/div>\n\t\t<\/div>\n\t\t\t\t\t<\/div>\n\t\t<\/section>\n\t\t\t\t<section class=\"elementor-section elementor-top-section elementor-element elementor-element-fb6f98a elementor-section-boxed elementor-section-height-default elementor-section-height-default\" data-id=\"fb6f98a\" data-element_type=\"section\">\n\t\t\t\t\t\t<div class=\"elementor-container elementor-column-gap-default\">\n\t\t\t\t\t<div class=\"elementor-column elementor-col-100 elementor-top-column elementor-element elementor-element-d7eccd7\" data-id=\"d7eccd7\" data-element_type=\"column\">\n\t\t\t<div class=\"elementor-widget-wrap elementor-element-populated\">\n\t\t\t\t\t\t<section class=\"elementor-section elementor-inner-section elementor-element elementor-element-c1951fd elementor-section-boxed elementor-section-height-default elementor-section-height-default\" data-id=\"c1951fd\" data-element_type=\"section\">\n\t\t\t\t\t\t<div class=\"elementor-container elementor-column-gap-default\">\n\t\t\t\t\t<div class=\"elementor-column elementor-col-100 elementor-inner-column elementor-element elementor-element-e4f24de\" data-id=\"e4f24de\" data-element_type=\"column\">\n\t\t\t<div class=\"elementor-widget-wrap elementor-element-populated\">\n\t\t\t\t\t\t<div class=\"elementor-element elementor-element-52ec1d7 elementor-widget elementor-widget-w12\" data-id=\"52ec1d7\" data-element_type=\"widget\" data-widget_type=\"w12.default\">\n\t\t\t\t<div class=\"elementor-widget-container\">\n\t\t\t<section>\n                <div class=\"mn-grid\">\n                    <div class=\"mn-grid-12 mn-mod-text-links\">\n                        <p><strong>\u00a0<\/strong><\/p><p style=\"text-align: center;\"><strong>I<\/strong><\/p><p style=\"text-align: center;\"><strong>[Data Administrator and contact details]<\/strong><\/p><p>The administrator of data is Warsaw University of Life Sciences \u2013 SGGW, with its registered office at ul. Nowoursynowska 166, Warsaw (hereinafter SGGW or Administrator)<\/p><p>The data administrator can be contacted:<\/p><ol><li>In writing: Szko\u0142a G\u0142\u00f3wna Gospodarstwa Wiejskiego w Warszawie ul. Nowoursynowska 166 02-787 Warszawa (SGGW, 02-787 Warsaw, Nowoursynowska 166)<\/li><li>By phone: (22)\u00a0593 59 06, for outside callers: +48 (22)\u00a0593 59 06<\/li><\/ol><p style=\"text-align: center;\"><strong>II<\/strong><\/p><p style=\"text-align: center;\"><strong>[The Inspector of Data Protection]<\/strong><\/p><p>In matters concerning personal data processing, including those related to the data access, rectification, erasure, restriction, or objection to processing, please contact the Inspector of Data Protection.<\/p><ol><li>via e-mail address:\u00a0<a href=\"mailto:iod@sggw.edu.pl\">iod@sggw.edu.pl<\/a><\/li><li>in writing with a note: The Inspector of Data Protection<\/li><\/ol><p style=\"text-align: center;\"><strong>III<\/strong><\/p><p style=\"text-align: center;\"><strong>[Legal Base for Processing Personal Data ]<\/strong><\/p><p>All personal data will be processed in accordance with the Regulation of the European Parliament and of the Council (EU) 2016\/679 of 27 April 2016 on the protection of natural persons in regard to the processing of personal data and on the free movement of such data, and repealing Directive 95\/46\/EC (General Data Protection Regulation) to ensure:<\/p><ol><li>the safety of persons employed by the Administrator,<\/li><li>the safety of other persons on the Administrator&#8217;s premises,<\/li><li>the safety of the Administrator&#8217;s property.<\/li><\/ol><p>The legal basis for processing is \u00a0the legitimate interests of the administrator of personal data (art. 6 para. 1 letter b GDPR). The personal data will be stored for the period not exceeding 3 months from the recording date (it applies to the situations when an image from a given area is recorded). It does not apply to image recordings constituting evidence in legal proceedings or they may constitute evidence in proceedings.<\/p><p style=\"text-align: center;\"><strong>IV<\/strong><\/p><p style=\"text-align: center;\"><strong>[The Recipients of the Personal Data]<\/strong><\/p><p>The Data Recipients are:<\/p><ol><li>authorized SGGW employees and associates,<\/li><li>entities processing data on behalf of the Data Administrator on the basis of the entrustment agreement of personal data processing.<\/li><\/ol><p style=\"text-align: center;\"><strong>V<\/strong><\/p><p style=\"text-align: center;\"><strong>[Persons\u2019 rights with regard to the personal data ]<\/strong><\/p><p>\u00a0Each person has a right to submit an application in the following events:<\/p><ol><li>the right to access personal data (Article 15, GDPR), including the right to obtain a copy of the data (Article 15 (3), GDPR),<\/li><li>the right to request correction (revision) of personal data &#8211; if the data is incorrect or incomplete (Article 16, GDPR),<\/li><li>the right to request the deletion of personal data (Article 17, GDPR),<\/li><li>the right to request a restriction to the processing of personal data (Article 18, GDPR),<\/li><li>the right to receive the personal data in a structured, commonly used format and to transmit those data if the processing is based on consent or concluded agreement, or the processing is carried out by automated means. (Article 20, GDPR).<\/li><li>the right to object to processing of personal data for the performance of a task carried out for reasons of Administrator\u2019s interest, on grounds relating to the particular situation, including profiling based on those provisions (Article 21, GDPR).<\/li><\/ol><p style=\"text-align: center;\"><strong>VI<\/strong><\/p><p style=\"text-align: center;\"><strong>[President of the Personal Data Protection Office]<\/strong><\/p><p>In case of opinion that the processing of personal data violates the provisions of the Regulation, one has the right to lodge a complaint with the supervisory authority, i.e. to the President of the Personal Data Protection Office with its \u00a0headquarters in Warsaw, ul. Stawki 2, who can be contacted in the following ways:<\/p><ol><li>in writing: 00-193 Warsaw, ul. Stawki 2<\/li><li>via the electronic inbox available on: <a href=\"https:\/\/www.uodo.gov.pl\/pl\/p\/kontakt\">https:\/\/www.uodo.gov.pl\/pl\/p\/kontakt<\/a><\/li><li>by phone: (22) 531 03 00<\/li><\/ol><p style=\"text-align: center;\"><strong>VI<\/strong><\/p><p style=\"text-align: center;\"><strong>[Automated decision making]<\/strong><\/p><p>With regard to data subjects, the Administrator does not make decisions based solely on the automated processing of personal data, including profiling.<\/p><p style=\"text-align: center;\"><strong>VII<\/strong><\/p><p style=\"text-align: center;\"><strong>[Data transfer outside the European Economic Area (EEA)]<\/strong><\/p><p>Administrator does not transfer data outside the European Economic Area (EEA).<\/p><p style=\"text-align: center;\"><strong>\u00a0<\/strong><\/p>\n                    <\/div>\n                <\/div>\n            <\/section>\t\t<\/div>\n\t\t\t\t<\/div>\n\t\t\t\t\t<\/div>\n\t\t<\/div>\n\t\t\t\t\t<\/div>\n\t\t<\/section>\n\t\t\t\t\t<\/div>\n\t\t<\/div>\n\t\t\t\t\t<\/div>\n\t\t<\/section>\n\t\t\t\t<\/div>\n\t\t","protected":false},"excerpt":{"rendered":"<p>The information clause \u00a0 I [Data Administrator and contact details] The administrator of data is Warsaw University of Life Sciences \u2013 SGGW, with its registered office at ul. Nowoursynowska 166, Warsaw (hereinafter SGGW or Administrator) The data administrator can be contacted: In writing: Szko\u0142a G\u0142\u00f3wna Gospodarstwa Wiejskiego w Warszawie ul. Nowoursynowska 166 02-787 Warszawa (SGGW, [&hellip;]<\/p>\n","protected":false},"author":3,"featured_media":0,"parent":0,"menu_order":0,"comment_status":"closed","ping_status":"closed","template":"","meta":{"_acf_changed":false,"footnotes":""},"class_list":["post-118914","page","type-page","status-publish","hentry"],"acf":[],"_links":{"self":[{"href":"https:\/\/www.sggw.edu.pl\/en\/wp-json\/wp\/v2\/pages\/118914","targetHints":{"allow":["GET"]}}],"collection":[{"href":"https:\/\/www.sggw.edu.pl\/en\/wp-json\/wp\/v2\/pages"}],"about":[{"href":"https:\/\/www.sggw.edu.pl\/en\/wp-json\/wp\/v2\/types\/page"}],"author":[{"embeddable":true,"href":"https:\/\/www.sggw.edu.pl\/en\/wp-json\/wp\/v2\/users\/3"}],"replies":[{"embeddable":true,"href":"https:\/\/www.sggw.edu.pl\/en\/wp-json\/wp\/v2\/comments?post=118914"}],"version-history":[{"count":8,"href":"https:\/\/www.sggw.edu.pl\/en\/wp-json\/wp\/v2\/pages\/118914\/revisions"}],"predecessor-version":[{"id":118922,"href":"https:\/\/www.sggw.edu.pl\/en\/wp-json\/wp\/v2\/pages\/118914\/revisions\/118922"}],"wp:attachment":[{"href":"https:\/\/www.sggw.edu.pl\/en\/wp-json\/wp\/v2\/media?parent=118914"}],"curies":[{"name":"wp","href":"https:\/\/api.w.org\/{rel}","templated":true}]}}