{"id":123490,"date":"2022-02-02T10:55:12","date_gmt":"2022-02-02T09:55:12","guid":{"rendered":"https:\/\/www.sggw.edu.pl\/home\/science\/doctoral-school\/limity-przyjec-do-szkoly-doktorskiej-sggw\/"},"modified":"2025-10-06T12:57:35","modified_gmt":"2025-10-06T10:57:35","slug":"admission-limits","status":"publish","type":"page","link":"https:\/\/www.sggw.edu.pl\/en\/recruitment\/recruitment-doctoral-school\/admission-limits\/","title":{"rendered":"Admission limits"},"content":{"rendered":"\t\t<div data-elementor-type=\"wp-page\" data-elementor-id=\"123490\" class=\"elementor elementor-123490\" data-elementor-post-type=\"page\">\n\t\t\t\t\t\t<section class=\"elementor-section elementor-top-section elementor-element elementor-element-0780687 elementor-section-boxed elementor-section-height-default elementor-section-height-default\" data-id=\"0780687\" data-element_type=\"section\">\n\t\t\t\t\t\t<div class=\"elementor-container elementor-column-gap-default\">\n\t\t\t\t\t<div class=\"elementor-column elementor-col-100 elementor-top-column elementor-element elementor-element-aaa2c31\" data-id=\"aaa2c31\" data-element_type=\"column\">\n\t\t\t<div class=\"elementor-widget-wrap elementor-element-populated\">\n\t\t\t\t\t\t<div class=\"elementor-element elementor-element-ce31b84 elementor-widget elementor-widget-wp-widget-bcn_widget\" data-id=\"ce31b84\" data-element_type=\"widget\" data-widget_type=\"wp-widget-bcn_widget.default\">\n\t\t\t\t<div class=\"elementor-widget-container\">\n\t\t\t<div class=\"mn-grid breadcrumb\">\n                                    <div class=\"breadcrumb-inner mn-grid-12\"><div class=\"breadcrumbs\" vocab=\"https:\/\/schema.org\/\" typeof=\"BreadcrumbList\"><span property=\"itemListElement\" typeof=\"ListItem\"><a property=\"item\" typeof=\"WebPage\" title=\"Go to Szko\u0142a G\u0142\u00f3wna Gospodarstwa Wiejskiego w Warszawie.\" href=\"https:\/\/www.sggw.edu.pl\/en\/\" class=\"home\" aria-current=\"page\"><span property=\"name\">Home<\/span><\/a><meta property=\"position\" content=\"1\"><\/span><\/div>    <\/div>\n                                <\/div>\t\t<\/div>\n\t\t\t\t<\/div>\n\t\t\t\t<div class=\"elementor-element elementor-element-68c1872 elementor-widget elementor-widget-post-title\" data-id=\"68c1872\" data-element_type=\"widget\" data-widget_type=\"post-title.default\">\n\t\t\t\t<div class=\"elementor-widget-container\">\n\t\t\t<section>\n                    <div class=\"mn-grid entry-header-inner section-inner medium\">\n                        <h1 class=\"mn-grid-12 entry-title\" style=\"\">\n                            Admission limits\n                        <\/h1>\n                    <\/div>\n                <\/section>\t\t<\/div>\n\t\t\t\t<\/div>\n\t\t\t\t\t<\/div>\n\t\t<\/div>\n\t\t\t\t\t<\/div>\n\t\t<\/section>\n\t\t\t\t<section class=\"elementor-section elementor-top-section elementor-element elementor-element-dd32914 elementor-section-boxed elementor-section-height-default elementor-section-height-default\" data-id=\"dd32914\" data-element_type=\"section\">\n\t\t\t\t\t\t<div class=\"elementor-container elementor-column-gap-default\">\n\t\t\t\t\t<div class=\"elementor-column elementor-col-100 elementor-top-column elementor-element elementor-element-afa4e01\" data-id=\"afa4e01\" data-element_type=\"column\">\n\t\t\t<div class=\"elementor-widget-wrap elementor-element-populated\">\n\t\t\t\t\t\t<div class=\"elementor-element elementor-element-9f1777c elementor-widget elementor-widget-w10\" data-id=\"9f1777c\" data-element_type=\"widget\" data-widget_type=\"w10.default\">\n\t\t\t\t<div class=\"elementor-widget-container\">\n\t\t\t<section><div class=\"mn-grid\"><ul class=\"mn-link-list-type2 mn-grid-12\"><li>\n                            <a href=\"https:\/\/www.sggw.edu.pl\/wp-content\/uploads\/2025\/10\/Zarzadzenie-Nr-94-zmieniajace-limity-przyjec-2025_2026.pdf\" >\n                                <span>The Rector\u2019s order specifying the admission limits for 2025\/2026<\/span>\n                            <\/a>\n                        <\/li><\/ul><\/div><\/section>\t\t<\/div>\n\t\t\t\t<\/div>\n\t\t\t\t<div class=\"elementor-element elementor-element-738aeb7 elementor-widget elementor-widget-w12\" data-id=\"738aeb7\" data-element_type=\"widget\" data-widget_type=\"w12.default\">\n\t\t\t\t<div class=\"elementor-widget-container\">\n\t\t\t<section>\n                <div class=\"mn-grid\">\n                    <div class=\"mn-grid-12 mn-mod-text-links\">\n                        <p><strong>Field of agricultural sciences in disciplines<\/strong><strong>: <\/strong><\/p><ul><li>forestry science &#8211; 6 places<\/li><li>agriculture and horticulture &#8211; 6 places<\/li><li>food and nutrition technology &#8211; 11 places<\/li><li>animal science and fisheries &#8211; 4 places<\/li><\/ul><p><strong>Field of natural sciences in the discipline: <\/strong><\/p><ul><li>biological sciences &#8211; 4 places<\/li><\/ul><p><strong>Field of veterinary science in disciplines<\/strong><strong>: <\/strong><\/p><ul><li>veterinary science &#8211; 8 places<\/li><\/ul><p><strong>Field of engineering and technical sciences in disciplines: <\/strong><\/p><ul><li>civil engineering, geodesy and transport &#8211; 2 places<\/li><li>mechanical engineering &#8211; 3 places<\/li><li>enviromental engineering, mining and energy &#8211; 5 places<\/li><li>information and communication technology &#8211; 2 places<\/li><\/ul><p><strong>Field of social sciences in discipline: <\/strong><\/p><ul><li>economics and finance &#8211; 5 places<\/li><li>sociology &#8211; 1 place<\/li><li>pedagogy &#8211; 1 place<\/li><li>management and quality science &#8211; 1 place<\/li><\/ul>\n                    <\/div>\n                <\/div>\n            <\/section>\t\t<\/div>\n\t\t\t\t<\/div>\n\t\t\t\t\t<\/div>\n\t\t<\/div>\n\t\t\t\t\t<\/div>\n\t\t<\/section>\n\t\t\t\t<\/div>\n\t\t","protected":false},"excerpt":{"rendered":"<p>Admission limits The Rector\u2019s order specifying the admission limits for 2025\/2026 Field of agricultural sciences in disciplines: forestry science &#8211; 6 places agriculture and horticulture &#8211; 6 places food and nutrition technology &#8211; 11 places animal science and fisheries &#8211; 4 places Field of natural sciences in the discipline: biological sciences &#8211; 4 places Field [&hellip;]<\/p>\n","protected":false},"author":90,"featured_media":0,"parent":193153,"menu_order":0,"comment_status":"closed","ping_status":"closed","template":"","meta":{"_acf_changed":false,"footnotes":""},"class_list":["post-123490","page","type-page","status-publish","hentry"],"acf":[],"_links":{"self":[{"href":"https:\/\/www.sggw.edu.pl\/en\/wp-json\/wp\/v2\/pages\/123490","targetHints":{"allow":["GET"]}}],"collection":[{"href":"https:\/\/www.sggw.edu.pl\/en\/wp-json\/wp\/v2\/pages"}],"about":[{"href":"https:\/\/www.sggw.edu.pl\/en\/wp-json\/wp\/v2\/types\/page"}],"author":[{"embeddable":true,"href":"https:\/\/www.sggw.edu.pl\/en\/wp-json\/wp\/v2\/users\/90"}],"replies":[{"embeddable":true,"href":"https:\/\/www.sggw.edu.pl\/en\/wp-json\/wp\/v2\/comments?post=123490"}],"version-history":[{"count":36,"href":"https:\/\/www.sggw.edu.pl\/en\/wp-json\/wp\/v2\/pages\/123490\/revisions"}],"predecessor-version":[{"id":265121,"href":"https:\/\/www.sggw.edu.pl\/en\/wp-json\/wp\/v2\/pages\/123490\/revisions\/265121"}],"up":[{"embeddable":true,"href":"https:\/\/www.sggw.edu.pl\/en\/wp-json\/wp\/v2\/pages\/193153"}],"wp:attachment":[{"href":"https:\/\/www.sggw.edu.pl\/en\/wp-json\/wp\/v2\/media?parent=123490"}],"curies":[{"name":"wp","href":"https:\/\/api.w.org\/{rel}","templated":true}]}}