{"id":126088,"date":"2022-05-09T13:58:24","date_gmt":"2022-05-09T11:58:24","guid":{"rendered":"https:\/\/www.sggw.edu.pl\/?page_id=126088"},"modified":"2023-05-25T13:41:00","modified_gmt":"2023-05-25T11:41:00","slug":"entry-requirements-second-cycle-studies","status":"publish","type":"page","link":"https:\/\/www.sggw.edu.pl\/en\/entry-requirements-second-cycle-studies\/","title":{"rendered":"Entry requirements second cycle studies"},"content":{"rendered":"\t\t<div data-elementor-type=\"wp-page\" data-elementor-id=\"126088\" class=\"elementor elementor-126088\" data-elementor-post-type=\"page\">\n\t\t\t\t\t\t<section class=\"elementor-section elementor-top-section elementor-element elementor-element-81a7acc elementor-section-boxed elementor-section-height-default elementor-section-height-default\" data-id=\"81a7acc\" data-element_type=\"section\">\n\t\t\t\t\t\t<div class=\"elementor-container elementor-column-gap-default\">\n\t\t\t\t\t<div class=\"elementor-column elementor-col-100 elementor-top-column elementor-element elementor-element-b5bffa7\" data-id=\"b5bffa7\" data-element_type=\"column\">\n\t\t\t<div class=\"elementor-widget-wrap elementor-element-populated\">\n\t\t\t\t\t\t<div class=\"elementor-element elementor-element-de431c7 elementor-widget elementor-widget-wp-widget-bcn_widget\" data-id=\"de431c7\" data-element_type=\"widget\" data-widget_type=\"wp-widget-bcn_widget.default\">\n\t\t\t\t<div class=\"elementor-widget-container\">\n\t\t\t<div class=\"mn-grid breadcrumb\">\n                                    <div class=\"breadcrumb-inner mn-grid-12\"><div class=\"breadcrumbs\" vocab=\"https:\/\/schema.org\/\" typeof=\"BreadcrumbList\"><span property=\"itemListElement\" typeof=\"ListItem\"><a property=\"item\" typeof=\"WebPage\" title=\"Go to Szko\u0142a G\u0142\u00f3wna Gospodarstwa Wiejskiego w Warszawie.\" href=\"https:\/\/www.sggw.edu.pl\/en\/\" class=\"home\" aria-current=\"page\"><span property=\"name\">Home<\/span><\/a><meta property=\"position\" content=\"1\"><\/span><\/div>    <\/div>\n                                <\/div>\t\t<\/div>\n\t\t\t\t<\/div>\n\t\t\t\t\t<\/div>\n\t\t<\/div>\n\t\t\t\t\t<\/div>\n\t\t<\/section>\n\t\t\t\t<section class=\"elementor-section elementor-top-section elementor-element elementor-element-636f581 elementor-section-boxed elementor-section-height-default elementor-section-height-default\" data-id=\"636f581\" data-element_type=\"section\">\n\t\t\t\t\t\t<div class=\"elementor-container elementor-column-gap-default\">\n\t\t\t\t\t<div class=\"elementor-column elementor-col-100 elementor-top-column elementor-element elementor-element-70c8435\" data-id=\"70c8435\" data-element_type=\"column\">\n\t\t\t<div class=\"elementor-widget-wrap elementor-element-populated\">\n\t\t\t\t\t\t<div class=\"elementor-element elementor-element-20b2fa1 elementor-widget elementor-widget-w1_2_3\" data-id=\"20b2fa1\" data-element_type=\"widget\" data-widget_type=\"w1_2_3.default\">\n\t\t\t\t<div class=\"elementor-widget-container\">\n\t\t\t<section>\n                <div class=\"mn-grid\">\n                    <h2  class=\"mn-grid-12\">\n                        Entry requirements - Master's degree (second cycle studies) \n                    <\/h2>\n                <\/div>\n            <\/section>\t\t<\/div>\n\t\t\t\t<\/div>\n\t\t\t\t\t<\/div>\n\t\t<\/div>\n\t\t\t\t\t<\/div>\n\t\t<\/section>\n\t\t\t\t<section class=\"elementor-section elementor-top-section elementor-element elementor-element-efd51b9 elementor-section-boxed elementor-section-height-default elementor-section-height-default\" data-id=\"efd51b9\" data-element_type=\"section\">\n\t\t\t\t\t\t<div class=\"elementor-container elementor-column-gap-default\">\n\t\t\t\t\t<div class=\"elementor-column elementor-col-100 elementor-top-column elementor-element elementor-element-a3beae0\" data-id=\"a3beae0\" data-element_type=\"column\">\n\t\t\t<div class=\"elementor-widget-wrap elementor-element-populated\">\n\t\t\t\t\t\t<div class=\"elementor-element elementor-element-43dc904 elementor-widget elementor-widget-w12\" data-id=\"43dc904\" data-element_type=\"widget\" data-widget_type=\"w12.default\">\n\t\t\t\t<div class=\"elementor-widget-container\">\n\t\t\t<section>\n                <div class=\"mn-grid\">\n                    <div class=\"mn-grid-12 mn-mod-text-links\">\n                        <p><strong>Civil Engineering (Engineering Infrastructure)<\/strong><\/p><p><strong>Entry requirements:<br \/><\/strong><\/p><ul><li>diploma of first cycle studies (Bachelor of Engineering or equivalent) in the field of Civil Engineering;<\/li><li>diploma of related field of first cycle studies (Bachelor of Engineering or equivalent), for which the effects of education are convergent with the learning outcomes expected from candidates; if the convergence is incomplete, the student will be obliged to supplement the competence gaps by completing the subjects specified by the Admission Committee in an amount not exceeding 30 ECTS, which is the limit of admissible discrepancy;<\/li><li>in case of number of candidates exceeding the admission limit \u2013 in the first place the graduates form first cycle studies in Civil Engineering will be addmitted base on the average grade from first cycle studies; in the second place the graduates form first cycle studies in related fields of study will be addmitted base on the average grade from first cycle studies;<\/li><li>confirmed knowledge of the English language.<\/li><\/ul>\n                    <\/div>\n                <\/div>\n            <\/section>\t\t<\/div>\n\t\t\t\t<\/div>\n\t\t\t\t\t<\/div>\n\t\t<\/div>\n\t\t\t\t\t<\/div>\n\t\t<\/section>\n\t\t\t\t<section class=\"elementor-section elementor-top-section elementor-element elementor-element-aaa7af5 elementor-section-boxed elementor-section-height-default elementor-section-height-default\" data-id=\"aaa7af5\" data-element_type=\"section\">\n\t\t\t\t\t\t<div class=\"elementor-container elementor-column-gap-default\">\n\t\t\t\t\t<div class=\"elementor-column elementor-col-100 elementor-top-column elementor-element elementor-element-8ea1693\" data-id=\"8ea1693\" data-element_type=\"column\">\n\t\t\t<div class=\"elementor-widget-wrap elementor-element-populated\">\n\t\t\t\t\t\t<div class=\"elementor-element elementor-element-101bf84 elementor-widget elementor-widget-w7\" data-id=\"101bf84\" data-element_type=\"widget\" data-widget_type=\"w7.default\">\n\t\t\t\t<div class=\"elementor-widget-container\">\n\t\t\t<section>\n                <div class=\"mn-grid\">\n                    <div class=\"mn-grid-12 mn-horizontal-separator-grey\"><\/div>\n                <\/div>\n                <\/section>\t\t<\/div>\n\t\t\t\t<\/div>\n\t\t\t\t\t<\/div>\n\t\t<\/div>\n\t\t\t\t\t<\/div>\n\t\t<\/section>\n\t\t\t\t<section class=\"elementor-section elementor-top-section elementor-element elementor-element-27d490c elementor-section-boxed elementor-section-height-default elementor-section-height-default\" data-id=\"27d490c\" data-element_type=\"section\">\n\t\t\t\t\t\t<div class=\"elementor-container elementor-column-gap-default\">\n\t\t\t\t\t<div class=\"elementor-column elementor-col-100 elementor-top-column elementor-element elementor-element-216a0f3\" data-id=\"216a0f3\" data-element_type=\"column\">\n\t\t\t<div class=\"elementor-widget-wrap elementor-element-populated\">\n\t\t\t\t\t\t<div class=\"elementor-element elementor-element-cf465eb elementor-widget elementor-widget-w12\" data-id=\"cf465eb\" data-element_type=\"widget\" data-widget_type=\"w12.default\">\n\t\t\t\t<div class=\"elementor-widget-container\">\n\t\t\t<section>\n                <div class=\"mn-grid\">\n                    <div class=\"mn-grid-12 mn-mod-text-links\">\n                        <p style=\"margin: 0cm 0cm 18.75pt 0cm\"><strong><span style=\"font-family: 'Arial',sans-serif;color: black\">Informatics and Econometrics (Big Data Analytics)<br \/><\/span><\/strong><\/p><p><strong>Entry requirements:<br \/><\/strong><\/p><ul><li>diploma of first cycle studies (Bachelor\u2019s degree or equivalent) in the field of Informatics and Econometrics, Informatics, Economics, Finance and Accounting, Logistics;<\/li><li>diploma of other field of first cycle studies, for which the effects of education are convergent with the learning outcomes expected from candidates; if the convergence is incomplete, the student will be obliged to supplement the competence gaps by completing the subjects specified by the Admission Committee in an amount not exceeding 30 ECTS, which is the limit of admissible discrepancy;<\/li><li>in case of number of candidates exceeding the admission limit \u2013 the average grade from first cycle studies is taken into account;<\/li><li>confirmed knowledge of English language.<\/li><\/ul>\n                    <\/div>\n                <\/div>\n            <\/section>\t\t<\/div>\n\t\t\t\t<\/div>\n\t\t\t\t\t<\/div>\n\t\t<\/div>\n\t\t\t\t\t<\/div>\n\t\t<\/section>\n\t\t\t\t<section class=\"elementor-section elementor-top-section elementor-element elementor-element-4e83b9d elementor-section-boxed elementor-section-height-default elementor-section-height-default\" data-id=\"4e83b9d\" data-element_type=\"section\">\n\t\t\t\t\t\t<div class=\"elementor-container elementor-column-gap-default\">\n\t\t\t\t\t<div class=\"elementor-column elementor-col-100 elementor-top-column elementor-element elementor-element-f5a7ae7\" data-id=\"f5a7ae7\" data-element_type=\"column\">\n\t\t\t<div class=\"elementor-widget-wrap elementor-element-populated\">\n\t\t\t\t\t\t<div class=\"elementor-element elementor-element-ceeb9ef elementor-widget elementor-widget-w7\" data-id=\"ceeb9ef\" data-element_type=\"widget\" data-widget_type=\"w7.default\">\n\t\t\t\t<div class=\"elementor-widget-container\">\n\t\t\t<section>\n                <div class=\"mn-grid\">\n                    <div class=\"mn-grid-12 mn-horizontal-separator-grey\"><\/div>\n                <\/div>\n                <\/section>\t\t<\/div>\n\t\t\t\t<\/div>\n\t\t\t\t\t<\/div>\n\t\t<\/div>\n\t\t\t\t\t<\/div>\n\t\t<\/section>\n\t\t\t\t<section class=\"elementor-section elementor-top-section elementor-element elementor-element-1bf7d1b elementor-section-boxed elementor-section-height-default elementor-section-height-default\" data-id=\"1bf7d1b\" data-element_type=\"section\">\n\t\t\t\t\t\t<div class=\"elementor-container elementor-column-gap-default\">\n\t\t\t\t\t<div class=\"elementor-column elementor-col-100 elementor-top-column elementor-element elementor-element-ca8e5f1\" data-id=\"ca8e5f1\" data-element_type=\"column\">\n\t\t\t<div class=\"elementor-widget-wrap elementor-element-populated\">\n\t\t\t\t\t\t<div class=\"elementor-element elementor-element-d184499 elementor-widget elementor-widget-w12\" data-id=\"d184499\" data-element_type=\"widget\" data-widget_type=\"w12.default\">\n\t\t\t\t<div class=\"elementor-widget-container\">\n\t\t\t<section>\n                <div class=\"mn-grid\">\n                    <div class=\"mn-grid-12 mn-mod-text-links\">\n                        <p><strong>Finance and Accounting<\/strong><\/p><p><strong>Entry requirements:<\/strong><\/p><ul><li>diploma of first cycle studies (Bachelor\u2019s degree or equivalent) in the field of Finance and Accounting, Economy, Management;<\/li><li>diploma of the related field of first cycle studies, for which the effects of education are convergent with the learning outcomes expected from candidates; if the convergence is incomplete, the student will be obliged to supplement the competence gaps by completing the subjects specified by the Admission Committeein an amount not exceeding 30 ECTS, which is the limit of admissible discrepancy;<\/li><li>in case of number of candidates exceeding the admission limit \u2013 the average grade from first cycle studies is taken into account;<\/li><li>confirmed knowledge of English language.<\/li><\/ul>\n                    <\/div>\n                <\/div>\n            <\/section>\t\t<\/div>\n\t\t\t\t<\/div>\n\t\t\t\t\t<\/div>\n\t\t<\/div>\n\t\t\t\t\t<\/div>\n\t\t<\/section>\n\t\t\t\t<section class=\"elementor-section elementor-top-section elementor-element elementor-element-df36663 elementor-section-boxed elementor-section-height-default elementor-section-height-default\" data-id=\"df36663\" data-element_type=\"section\">\n\t\t\t\t\t\t<div class=\"elementor-container elementor-column-gap-default\">\n\t\t\t\t\t<div class=\"elementor-column elementor-col-100 elementor-top-column elementor-element elementor-element-03f17af\" data-id=\"03f17af\" data-element_type=\"column\">\n\t\t\t<div class=\"elementor-widget-wrap elementor-element-populated\">\n\t\t\t\t\t\t<div class=\"elementor-element elementor-element-0305d50 elementor-widget elementor-widget-w7\" data-id=\"0305d50\" data-element_type=\"widget\" data-widget_type=\"w7.default\">\n\t\t\t\t<div class=\"elementor-widget-container\">\n\t\t\t<section>\n                <div class=\"mn-grid\">\n                    <div class=\"mn-grid-12 mn-horizontal-separator-grey\"><\/div>\n                <\/div>\n                <\/section>\t\t<\/div>\n\t\t\t\t<\/div>\n\t\t\t\t\t<\/div>\n\t\t<\/div>\n\t\t\t\t\t<\/div>\n\t\t<\/section>\n\t\t\t\t<section class=\"elementor-section elementor-top-section elementor-element elementor-element-85fb421 elementor-section-boxed elementor-section-height-default elementor-section-height-default\" data-id=\"85fb421\" data-element_type=\"section\">\n\t\t\t\t\t\t<div class=\"elementor-container elementor-column-gap-default\">\n\t\t\t\t\t<div class=\"elementor-column elementor-col-100 elementor-top-column elementor-element elementor-element-f6ee34c\" data-id=\"f6ee34c\" data-element_type=\"column\">\n\t\t\t<div class=\"elementor-widget-wrap elementor-element-populated\">\n\t\t\t\t\t\t<div class=\"elementor-element elementor-element-7c0e770 elementor-widget elementor-widget-w12\" data-id=\"7c0e770\" data-element_type=\"widget\" data-widget_type=\"w12.default\">\n\t\t\t\t<div class=\"elementor-widget-container\">\n\t\t\t<section>\n                <div class=\"mn-grid\">\n                    <div class=\"mn-grid-12 mn-mod-text-links\">\n                        <p><strong>Sustainable Horticulture \u00a0<\/strong><\/p><p><strong>Entry requirements<\/strong><\/p><ul><li>diploma of first cycle studies (Bachelor of Engineering or equivalent) in the field of Horticulture, Plant Health Care;<\/li><li>diploma of related field of first cycle studies, for which the effects of education are convergent with the learning outcomes expected from candidates; if the convergence is incomplete, the student will be obliged to supplement the competence gaps by completing the subjects specified by the Admission <span class=\"result-translation\">Committee<\/span> in an amount not exceeding 30 ECTS, which is the limit of admissible discrepancy;<\/li><li>in case of the number of candidates exceeding the admission limit \u2013 the average grade from first cycle studies is taken into account;<\/li><li>confirmed knowledge of English language.<\/li><\/ul>\n                    <\/div>\n                <\/div>\n            <\/section>\t\t<\/div>\n\t\t\t\t<\/div>\n\t\t\t\t\t<\/div>\n\t\t<\/div>\n\t\t\t\t\t<\/div>\n\t\t<\/section>\n\t\t\t\t<section class=\"elementor-section elementor-top-section elementor-element elementor-element-2418322 elementor-section-boxed elementor-section-height-default elementor-section-height-default\" data-id=\"2418322\" data-element_type=\"section\">\n\t\t\t\t\t\t<div class=\"elementor-container elementor-column-gap-default\">\n\t\t\t\t\t<div class=\"elementor-column elementor-col-100 elementor-top-column elementor-element elementor-element-29f140c\" data-id=\"29f140c\" data-element_type=\"column\">\n\t\t\t<div class=\"elementor-widget-wrap elementor-element-populated\">\n\t\t\t\t\t\t<div class=\"elementor-element elementor-element-510a7a6 elementor-widget elementor-widget-w7\" data-id=\"510a7a6\" data-element_type=\"widget\" data-widget_type=\"w7.default\">\n\t\t\t\t<div class=\"elementor-widget-container\">\n\t\t\t<section>\n                <div class=\"mn-grid\">\n                    <div class=\"mn-grid-12 mn-horizontal-separator-grey\"><\/div>\n                <\/div>\n                <\/section>\t\t<\/div>\n\t\t\t\t<\/div>\n\t\t\t\t\t<\/div>\n\t\t<\/div>\n\t\t\t\t\t<\/div>\n\t\t<\/section>\n\t\t\t\t<section class=\"elementor-section elementor-top-section elementor-element elementor-element-825f34c elementor-section-boxed elementor-section-height-default elementor-section-height-default\" data-id=\"825f34c\" data-element_type=\"section\">\n\t\t\t\t\t\t<div class=\"elementor-container elementor-column-gap-default\">\n\t\t\t\t\t<div class=\"elementor-column elementor-col-100 elementor-top-column elementor-element elementor-element-fdef42c\" data-id=\"fdef42c\" data-element_type=\"column\">\n\t\t\t<div class=\"elementor-widget-wrap elementor-element-populated\">\n\t\t\t\t\t\t<div class=\"elementor-element elementor-element-22cb62c elementor-widget elementor-widget-w12\" data-id=\"22cb62c\" data-element_type=\"widget\" data-widget_type=\"w12.default\">\n\t\t\t\t<div class=\"elementor-widget-container\">\n\t\t\t<section>\n                <div class=\"mn-grid\">\n                    <div class=\"mn-grid-12 mn-mod-text-links\">\n                        <p><strong>Environmental Engineering (Modern Engineering in Water Management)<\/strong><\/p><p><strong>Entry requirements<\/strong><\/p><ul><li>diploma of first cycle studies (Bachelor\u2019s degree or equivalent) in the field of Environmental Protection;<\/li><li>diploma of related field of first cycle studies (Bachelor\u2019s degree or equivalent), for which the effects of education are convergent with the learning outcomes expected from candidates; if the convergence is incomplete, the student will be obliged to supplement the competence gaps by completing the subjects specified by the Admission Committee in an amount not exceeding 30 ECTS, which is the limit of admissible discrepancy;<\/li><li>in case of number of candidates exceeding the admission limit \u2013 in the first place the graduates form first cycle studies in Environmental Protection will be addmitted base on the average grade from first cycle studies; in the second place the graduates form first cycle studies in related fields of study will be addmitted base on the average grade from first cycle studies;<\/li><li>confirmed knowledge of English language.<\/li><\/ul>\n                    <\/div>\n                <\/div>\n            <\/section>\t\t<\/div>\n\t\t\t\t<\/div>\n\t\t\t\t\t<\/div>\n\t\t<\/div>\n\t\t\t\t\t<\/div>\n\t\t<\/section>\n\t\t\t\t<section class=\"elementor-section elementor-top-section elementor-element elementor-element-be036af elementor-section-boxed elementor-section-height-default elementor-section-height-default\" data-id=\"be036af\" data-element_type=\"section\">\n\t\t\t\t\t\t<div class=\"elementor-container elementor-column-gap-default\">\n\t\t\t\t\t<div class=\"elementor-column elementor-col-100 elementor-top-column elementor-element elementor-element-04fb3d1\" data-id=\"04fb3d1\" data-element_type=\"column\">\n\t\t\t<div class=\"elementor-widget-wrap elementor-element-populated\">\n\t\t\t\t\t\t<div class=\"elementor-element elementor-element-c9fe024 elementor-widget elementor-widget-w7\" data-id=\"c9fe024\" data-element_type=\"widget\" data-widget_type=\"w7.default\">\n\t\t\t\t<div class=\"elementor-widget-container\">\n\t\t\t<section>\n                <div class=\"mn-grid\">\n                    <div class=\"mn-grid-12 mn-horizontal-separator-grey\"><\/div>\n                <\/div>\n                <\/section>\t\t<\/div>\n\t\t\t\t<\/div>\n\t\t\t\t\t<\/div>\n\t\t<\/div>\n\t\t\t\t\t<\/div>\n\t\t<\/section>\n\t\t\t\t<section class=\"elementor-section elementor-top-section elementor-element elementor-element-587d61f elementor-section-boxed elementor-section-height-default elementor-section-height-default\" data-id=\"587d61f\" data-element_type=\"section\">\n\t\t\t\t\t\t<div class=\"elementor-container elementor-column-gap-default\">\n\t\t\t\t\t<div class=\"elementor-column elementor-col-100 elementor-top-column elementor-element elementor-element-1894016\" data-id=\"1894016\" data-element_type=\"column\">\n\t\t\t<div class=\"elementor-widget-wrap elementor-element-populated\">\n\t\t\t\t\t\t<div class=\"elementor-element elementor-element-b72a279 elementor-widget elementor-widget-w12\" data-id=\"b72a279\" data-element_type=\"widget\" data-widget_type=\"w12.default\">\n\t\t\t\t<div class=\"elementor-widget-container\">\n\t\t\t<section>\n                <div class=\"mn-grid\">\n                    <div class=\"mn-grid-12 mn-mod-text-links\">\n                        <p><strong>Environmental Protection (Restoration and Management of Environment)<\/strong><\/p><p><strong>Entry requirements<\/strong><\/p><ul><li>diploma of first cycle studies (Bachelor\u2019s degree or equivalent) in the field of Environmental Protection;<\/li><li>diploma of related field of first cycle studies (Bachelor\u2019s degree or equivalent), for which the effects of education are convergent with the learning outcomes expected from candidates; if the convergence is incomplete, the student will be obliged to supplement the competence gaps by completing the subjects specified by the Admission Committee in an amount not exceeding 30 ECTS, which is the limit of admissible discrepancy;<\/li><li>in case of number of candidates exceeding the admission limit \u2013 in the first place the graduates form first cycle studies in Environmental Protection will be addmitted base on the average grade from first cycle studies; in the second place the graduates form first cycle studies in related fields of study will be addmitted base on the average grade from first cycle studies;<\/li><li>confirmed knowledge of English language.<\/li><\/ul>\n                    <\/div>\n                <\/div>\n            <\/section>\t\t<\/div>\n\t\t\t\t<\/div>\n\t\t\t\t\t<\/div>\n\t\t<\/div>\n\t\t\t\t\t<\/div>\n\t\t<\/section>\n\t\t\t\t<\/div>\n\t\t","protected":false},"excerpt":{"rendered":"<p>Entry requirements &#8211; Master&#8217;s degree (second cycle studies) Civil Engineering (Engineering Infrastructure) Entry requirements: diploma of first cycle studies (Bachelor of Engineering or equivalent) in the field of Civil Engineering; diploma of related field of first cycle studies (Bachelor of Engineering or equivalent), for which the effects of education are convergent with the learning outcomes [&hellip;]<\/p>\n","protected":false},"author":35512,"featured_media":0,"parent":0,"menu_order":0,"comment_status":"closed","ping_status":"closed","template":"","meta":{"_acf_changed":false,"footnotes":""},"class_list":["post-126088","page","type-page","status-publish","hentry"],"acf":[],"_links":{"self":[{"href":"https:\/\/www.sggw.edu.pl\/en\/wp-json\/wp\/v2\/pages\/126088","targetHints":{"allow":["GET"]}}],"collection":[{"href":"https:\/\/www.sggw.edu.pl\/en\/wp-json\/wp\/v2\/pages"}],"about":[{"href":"https:\/\/www.sggw.edu.pl\/en\/wp-json\/wp\/v2\/types\/page"}],"author":[{"embeddable":true,"href":"https:\/\/www.sggw.edu.pl\/en\/wp-json\/wp\/v2\/users\/35512"}],"replies":[{"embeddable":true,"href":"https:\/\/www.sggw.edu.pl\/en\/wp-json\/wp\/v2\/comments?post=126088"}],"version-history":[{"count":38,"href":"https:\/\/www.sggw.edu.pl\/en\/wp-json\/wp\/v2\/pages\/126088\/revisions"}],"predecessor-version":[{"id":159538,"href":"https:\/\/www.sggw.edu.pl\/en\/wp-json\/wp\/v2\/pages\/126088\/revisions\/159538"}],"wp:attachment":[{"href":"https:\/\/www.sggw.edu.pl\/en\/wp-json\/wp\/v2\/media?parent=126088"}],"curies":[{"name":"wp","href":"https:\/\/api.w.org\/{rel}","templated":true}]}}