{"id":126185,"date":"2022-05-10T11:34:57","date_gmt":"2022-05-10T09:34:57","guid":{"rendered":"https:\/\/www.sggw.edu.pl\/?page_id=126185"},"modified":"2026-04-21T08:38:23","modified_gmt":"2026-04-21T06:38:23","slug":"entry-requirements-bachelors-degree-first-cycle-studies","status":"publish","type":"page","link":"https:\/\/www.sggw.edu.pl\/en\/recruitment\/bachelors-degree-and-masters-degree-long-cycle\/bachelors-degree-recruitment-rules\/entry-requirements-bachelors-degree-first-cycle-studies\/","title":{"rendered":"Entry requirements &#8211; Bachelor&#8217;s degree (first cycle studies)"},"content":{"rendered":"\t\t<div data-elementor-type=\"wp-page\" data-elementor-id=\"126185\" class=\"elementor elementor-126185\" data-elementor-post-type=\"page\">\n\t\t\t\t\t\t<section class=\"elementor-section elementor-top-section elementor-element elementor-element-aef54e6 elementor-section-boxed elementor-section-height-default elementor-section-height-default\" data-id=\"aef54e6\" data-element_type=\"section\">\n\t\t\t\t\t\t<div class=\"elementor-container elementor-column-gap-default\">\n\t\t\t\t\t<div class=\"elementor-column elementor-col-100 elementor-top-column elementor-element elementor-element-0a3eec1\" data-id=\"0a3eec1\" data-element_type=\"column\">\n\t\t\t<div class=\"elementor-widget-wrap elementor-element-populated\">\n\t\t\t\t\t\t<div class=\"elementor-element elementor-element-8391c7d elementor-widget elementor-widget-wp-widget-bcn_widget\" data-id=\"8391c7d\" data-element_type=\"widget\" data-widget_type=\"wp-widget-bcn_widget.default\">\n\t\t\t\t<div class=\"elementor-widget-container\">\n\t\t\t<div class=\"mn-grid breadcrumb\">\n                                    <div class=\"breadcrumb-inner mn-grid-12\"><div class=\"breadcrumbs\" vocab=\"https:\/\/schema.org\/\" typeof=\"BreadcrumbList\"><span property=\"itemListElement\" typeof=\"ListItem\"><a property=\"item\" typeof=\"WebPage\" title=\"Go to Szko\u0142a G\u0142\u00f3wna Gospodarstwa Wiejskiego w Warszawie.\" href=\"https:\/\/www.sggw.edu.pl\/en\/\" class=\"home\" aria-current=\"page\"><span property=\"name\">Home<\/span><\/a><meta property=\"position\" content=\"1\"><\/span><\/div>    <\/div>\n                                <\/div>\t\t<\/div>\n\t\t\t\t<\/div>\n\t\t\t\t\t<\/div>\n\t\t<\/div>\n\t\t\t\t\t<\/div>\n\t\t<\/section>\n\t\t\t\t<section class=\"elementor-section elementor-top-section elementor-element elementor-element-7e37eea elementor-section-boxed elementor-section-height-default elementor-section-height-default\" data-id=\"7e37eea\" data-element_type=\"section\">\n\t\t\t\t\t\t<div class=\"elementor-container elementor-column-gap-default\">\n\t\t\t\t\t<div class=\"elementor-column elementor-col-100 elementor-top-column elementor-element elementor-element-0c9d3fd\" data-id=\"0c9d3fd\" data-element_type=\"column\">\n\t\t\t<div class=\"elementor-widget-wrap elementor-element-populated\">\n\t\t\t\t\t\t<div class=\"elementor-element elementor-element-179ef6f elementor-widget elementor-widget-w1_2_3\" data-id=\"179ef6f\" data-element_type=\"widget\" data-widget_type=\"w1_2_3.default\">\n\t\t\t\t<div class=\"elementor-widget-container\">\n\t\t\t<section>\n                <div class=\"mn-grid\">\n                    <h2  class=\"mn-grid-12\">\n                        Qualification rules for first-cycle studies 2026\/2027 (Bachelor's degree)\n                    <\/h2>\n                <\/div>\n            <\/section>\t\t<\/div>\n\t\t\t\t<\/div>\n\t\t\t\t\t<\/div>\n\t\t<\/div>\n\t\t\t\t\t<\/div>\n\t\t<\/section>\n\t\t<div class=\"elementor-element elementor-element-97db5bc e-con-full e-flex e-con e-parent\" data-id=\"97db5bc\" data-element_type=\"container\">\n\t\t<a class=\"elementor-element elementor-element-cec9f27 e-con-full e-flex e-con e-child\" data-id=\"cec9f27\" data-element_type=\"container\" data-settings=\"{&quot;background_background&quot;:&quot;classic&quot;}\" href=\"#for-Polish-citizens\">\n\t\t\t\t<div class=\"elementor-element elementor-element-788908d elementor-widget elementor-widget-w12\" data-id=\"788908d\" data-element_type=\"widget\" data-widget_type=\"w12.default\">\n\t\t\t\t<div class=\"elementor-widget-container\">\n\t\t\t<section>\n                <div class=\"mn-grid\">\n                    <div class=\"mn-grid-12 mn-mod-text-links\">\n                        <p style=\"text-align: center\"><span style=\"color: #ffffff\">QUALIFICATION RULES FOR POLSIH CITIZENS <\/span><\/p>\n                    <\/div>\n                <\/div>\n            <\/section>\t\t<\/div>\n\t\t\t\t<\/div>\n\t\t\t\t<\/a>\n\t\t<a class=\"elementor-element elementor-element-0f46a0a e-con-full e-flex e-con e-child\" data-id=\"0f46a0a\" data-element_type=\"container\" data-settings=\"{&quot;background_background&quot;:&quot;classic&quot;}\" href=\"#for-Polish-citizens\">\n\t\t\t\t<div class=\"elementor-element elementor-element-5be9078 elementor-widget elementor-widget-w12\" data-id=\"5be9078\" data-element_type=\"widget\" data-widget_type=\"w12.default\">\n\t\t\t\t<div class=\"elementor-widget-container\">\n\t\t\t<section>\n                <div class=\"mn-grid\">\n                    <div class=\"mn-grid-12 mn-mod-text-links\">\n                        <p style=\"text-align: center\"><span style=\"color: #ffffff\">QUALIFICATION RULES FOR FOREIGNERS APPLYING FOR ADMISSION ON THE BASIS OF A RECOGNISED HIGH SCHOOL CERTIFICATE<\/span><\/p>\n                    <\/div>\n                <\/div>\n            <\/section>\t\t<\/div>\n\t\t\t\t<\/div>\n\t\t\t\t<\/a>\n\t\t<a class=\"elementor-element elementor-element-25131fc e-con-full e-flex e-con e-child\" data-id=\"25131fc\" data-element_type=\"container\" data-settings=\"{&quot;background_background&quot;:&quot;classic&quot;}\" href=\"#for-foreigners\">\n\t\t\t\t<div class=\"elementor-element elementor-element-1984fbb elementor-widget elementor-widget-w12\" data-id=\"1984fbb\" data-element_type=\"widget\" data-widget_type=\"w12.default\">\n\t\t\t\t<div class=\"elementor-widget-container\">\n\t\t\t<section>\n                <div class=\"mn-grid\">\n                    <div class=\"mn-grid-12 mn-mod-text-links\">\n                        <p style=\"text-align: center\"><span style=\"color: #ffffff\">QUALIFICATION RULES FOR FOREIGNERS APPLYING FOR ADMISSION ON THE BASIS OF A CERTIFICATE REQUIRING RECOGNITION<\/span><\/p>\n                    <\/div>\n                <\/div>\n            <\/section>\t\t<\/div>\n\t\t\t\t<\/div>\n\t\t\t\t<\/a>\n\t\t\t\t<\/div>\n\t\t<div class=\"elementor-element elementor-element-1dd3a04 e-con-full e-flex e-con e-parent\" data-id=\"1dd3a04\" data-element_type=\"container\">\n\t\t\t\t<div class=\"elementor-element elementor-element-1513b5d elementor-widget elementor-widget-menu-anchor\" data-id=\"1513b5d\" data-element_type=\"widget\" data-widget_type=\"menu-anchor.default\">\n\t\t\t\t<div class=\"elementor-widget-container\">\n\t\t\t\t\t<div class=\"elementor-menu-anchor\" id=\"for-Polish-citizens\"><\/div>\n\t\t\t\t<\/div>\n\t\t\t\t<\/div>\n\t\t\t\t<\/div>\n\t\t<div class=\"elementor-element elementor-element-3317a41 e-con-full e-flex e-con e-parent\" data-id=\"3317a41\" data-element_type=\"container\">\n\t\t\t\t<div class=\"elementor-element elementor-element-6356775 elementor-widget elementor-widget-w1_2_3\" data-id=\"6356775\" data-element_type=\"widget\" data-widget_type=\"w1_2_3.default\">\n\t\t\t\t<div class=\"elementor-widget-container\">\n\t\t\t<section>\n                    <div class=\"mn-grid\">\n                        <h5  class=\"mn-grid-12 mn-title3\">\n                            QUALIFICATION RULES<br \/>\n&gt; FOR POLISH CITIZENS<br \/>\n&gt; FOR FOREIGNERS APPLYING FOR ADMISSION ON THE BASIS OF A RECOGNISED HIGH SCHOOL CERTIFICATE\n                        <\/h5>\n                    <\/div>\n                <\/section>\t\t<\/div>\n\t\t\t\t<\/div>\n\t\t\t\t<\/div>\n\t\t<div class=\"elementor-element elementor-element-6b46bc6 e-con-full e-flex e-con e-parent\" data-id=\"6b46bc6\" data-element_type=\"container\">\n\t\t\t\t<div class=\"elementor-element elementor-element-3636a27 elementor-widget elementor-widget-w12\" data-id=\"3636a27\" data-element_type=\"widget\" data-widget_type=\"w12.default\">\n\t\t\t\t<div class=\"elementor-widget-container\">\n\t\t\t<section>\n                <div class=\"mn-grid\">\n                    <div class=\"mn-grid-12 mn-mod-text-links\">\n                        <p>The rules apply to Polish citizens regardless of the type of certificate, as well as to foreigners applying for admission to studies on the basis of a Polish maturity certificate, IB diploma, EB diploma, certificate or other document issued abroad by a school or educational institution operating within the education system of an EU, OECD or EFTA member state, and a certificate or other document issued abroad covered by the provisions of international agreements concluded with China and Ukraine.<\/p><p><strong>BIOTECHNOLOGY<\/strong><\/p><p>Qualification criteria:<\/p><ul><li>the results from a maturity examination or foreign examination\/education results \u2013 subjects: biology (PKG) and one of the subjects to choose from: chemistry or physics or mathematics (PKD)<\/li><\/ul><p>Formula for qualification result (WK)<\/p><p>WK = PKG x 0,5 + PKD x 0,5<\/p><p>Definitions:<\/p><ul><li>PKG \u2013 Main qualification subject \u2013 SGGW points awarded for the result of the maturity examination or foreign examination\/education results.<\/li><li>PKD \u2013 Additional qualification subject \u2013 SGGW points awarded for the result of the maturity examination or foreign examination\/education results.<\/li><\/ul><p>Candidates may enter the qualification process for studies conducted in English under condition that:<\/p><ul><li>they have a document recognized by SGGW confirming knowledge of English at a language proficiency level not lower than B2.<\/li><\/ul><p><strong>FOOD SCIENCE &#8211; TECHNOLOGY AND NUTRITION\u00a0<\/strong><\/p><p>Qualification criteria:<\/p><ul><li>the results from a maturity examination or foreign examination\/education results \u2013 subjects: biology or chemistry or mathematics (PKG)<\/li><\/ul><p>Formula for qualification result (WK)<\/p><p>WK = PKG x 1<\/p><p>Definitions:<\/p><ul><li>PKG \u2013 Main qualification subject \u2013 SGGW points awarded for the result of the maturity examination or foreign examination\/education results.<\/li><\/ul><p>Candidates may enter the qualification process for studies conducted in English under condition that:<\/p><ul><li>they have a document recognized by SGGW confirming knowledge of English at a language proficiency level not lower than B2.<\/li><\/ul><p><strong>INFORMATICS<\/strong><\/p><p>Qualification criteria:<\/p><ul><li>the results from a maturity examination or foreign examination\/education results \u2013 subjects: physics or informatics or mathematics (PKG)<\/li><\/ul><p>Formula for qualification result (WK)<\/p><p>WK = PKG x 1<\/p><p>Definitions:<\/p><ul><li>PKG \u2013 Main qualification subject \u2013 SGGW points awarded for the result of the maturity examination or foreign examination\/education results.<\/li><\/ul><p>Candidates may enter the qualification process for studies conducted in English under condition that:<\/p><ul><li>they have a document recognized by SGGW confirming knowledge of English at a language proficiency level not lower than B2.<\/li><\/ul><p><strong>MANAGEMENT<\/strong><\/p><p>Qualification criteria:<\/p><ul><li>the results from a maturity examination or foreign examination\/education results \u2013 subjects: mathematics (PKG) and one of the subjects to choose from: physics or geography or history or modern foreign language or Polish language or knowledge about society (PKD)<\/li><\/ul><p>Formula for qualification result (WK)<\/p><p>WK = PKG x 0,5 + PKD x 0,5<\/p><p>Definitions:<\/p><ul><li>PKG \u2013 Main qualification subject \u2013 SGGW points awarded for the result of the maturity examination or foreign examination\/education results.<\/li><li>PKD \u2013 Additional qualification subject \u2013 SGGW points awarded for the result of the maturity examination or foreign examination\/education results.<\/li><\/ul><p>Candidates may enter the qualification process for studies conducted in English under condition that:<\/p><ul><li>they have a document recognized by SGGW confirming knowledge of English at a language proficiency level not lower than B2.<\/li><\/ul><p><strong>ORGANIC AGRICULTURE AND FOOD PRODUCTION\u00a0<\/strong><\/p><p>Qualification criteria:<\/p><ul><li>the results from a maturity examination or foreign examination\/education results \u2013 subjects: biology or chemistry or mathematics (PKG)<\/li><\/ul><p>Formula for qualification result (WK)<\/p><p>WK = PKG x 1<\/p><p>Definitions:<\/p><ul><li>PKG \u2013 Main qualification subject \u2013 SGGW points awarded for the result of the maturity examination or foreign examination\/education results.<\/li><\/ul><p>Candidates may enter the qualification process for studies conducted in English under condition that:<\/p><ul><li>they have a document recognized by SGGW confirming knowledge of English at a language proficiency level not lower than B2.<\/li><\/ul>\n                    <\/div>\n                <\/div>\n            <\/section>\t\t<\/div>\n\t\t\t\t<\/div>\n\t\t\t\t<\/div>\n\t\t<div class=\"elementor-element elementor-element-1473223 e-flex e-con-boxed e-con e-parent\" data-id=\"1473223\" data-element_type=\"container\">\n\t\t\t\t\t<div class=\"e-con-inner\">\n\t\t\t\t<div class=\"elementor-element elementor-element-6d8cb0d elementor-widget elementor-widget-menu-anchor\" data-id=\"6d8cb0d\" data-element_type=\"widget\" data-widget_type=\"menu-anchor.default\">\n\t\t\t\t<div class=\"elementor-widget-container\">\n\t\t\t\t\t<div class=\"elementor-menu-anchor\" id=\"for-foreigners\"><\/div>\n\t\t\t\t<\/div>\n\t\t\t\t<\/div>\n\t\t\t\t\t<\/div>\n\t\t\t\t<\/div>\n\t\t<div class=\"elementor-element elementor-element-eb97b34 e-con-full e-flex e-con e-parent\" data-id=\"eb97b34\" data-element_type=\"container\">\n\t\t\t\t<div class=\"elementor-element elementor-element-1ea8701 elementor-widget elementor-widget-w1_2_3\" data-id=\"1ea8701\" data-element_type=\"widget\" data-widget_type=\"w1_2_3.default\">\n\t\t\t\t<div class=\"elementor-widget-container\">\n\t\t\t<section>\n                    <div class=\"mn-grid\">\n                        <h5  class=\"mn-grid-12 mn-title3\">\n                            RULES FOR THE QUALIFICATION OF FOREIGNERS<br \/>\n&gt; APPLYING FOR ADMISSION ON THE BASIS OF A CERTIFICATE REQUIRING RECOGNITION<br \/>\n\n                        <\/h5>\n                    <\/div>\n                <\/section>\t\t<\/div>\n\t\t\t\t<\/div>\n\t\t\t\t<\/div>\n\t\t<div class=\"elementor-element elementor-element-ffcf6c3 e-con-full e-flex e-con e-parent\" data-id=\"ffcf6c3\" data-element_type=\"container\">\n\t\t\t\t<div class=\"elementor-element elementor-element-05e20dc elementor-widget elementor-widget-w12\" data-id=\"05e20dc\" data-element_type=\"widget\" data-widget_type=\"w12.default\">\n\t\t\t\t<div class=\"elementor-widget-container\">\n\t\t\t<section>\n                <div class=\"mn-grid\">\n                    <div class=\"mn-grid-12 mn-mod-text-links\">\n                        <p>The rules apply to foreigners applying for admission to studies on the basis of a foreign high school certificate or other document issued abroad, <u>which is not:<\/u> an IB diploma, an EB diploma, a certificate or other document issued abroad by a school or educational institution operating within the education system of an EU, OECD, EFTA member state, and a certificate or other document issued abroad covered by the provisions of international agreements concluded with China and Ukraine.<\/p><p><strong>BIOTECHNOLOGY<\/strong><\/p><p>Qualification criteria:<\/p><ul><li>the results of the entrance examination verifying the specific predispositions (EW) and foreign examination\/education results \u2013 subjects: biology (PKG) and one of the subjects to choose from: chemistry or physics or mathematics (PKD)<\/li><\/ul><p>Formula for qualification result (WK)<\/p><p>WK = PKG x 0,25 + PKD x 0,25 + EW x 0,5<\/p><p>Definitions:<\/p><ul><li>PKG \u2013 Main qualification subject \u2013 SGGW points awarded for the result of the maturity examination or foreign examination\/education results.<\/li><li>PKD \u2013 Additional qualification subject \u2013 SGGW points awarded for the result of the maturity examination or foreign examination\/education results.<\/li><li>EW &#8211; Entrance exam &#8211; SGGW points awarded for an exam checking specific predispositions to undertake studies in a given field.<\/li><\/ul><p>Candidates may enter the qualification process for studies conducted in English under condition that:<\/p><ul><li>they have a document recognized by SGGW confirming knowledge of English at a language proficiency level not lower than B2.<\/li><\/ul><p><strong>FOOD SCIENCE \u2013 TECHNOLOGY AND NUTRITION\u00a0<\/strong><\/p><p>Qualification criteria:<\/p><ul><li>the results of the entrance examination verifying the specific predispositions (EW) and foreign examination\/education results \u2013 subjects: biology or chemistry or mathematics (PKG)<\/li><\/ul><p>Formula for qualification result (WK)<\/p><p>WK = PKG x 0,5 + EW x 0,5<\/p><p>Definitions:<\/p><ul><li>PKG \u2013 Main qualification subject \u2013 SGGW points awarded for the result of the maturity examination or foreign examination\/education results.<\/li><li>EW \u2013 Entrance exam -SGGW points awarded for an exam checking specific predispositions to undertake studies in a given field.<\/li><\/ul><p>Candidates may enter the qualification process for studies conducted in English under condition that:<\/p><ul><li>they have a document recognized by SGGW confirming knowledge of English at a language proficiency level not lower than B2.<\/li><\/ul><p><strong>INFORMATICS<\/strong><\/p><p>Qualification criteria:<\/p><ul><li>the results of the entrance examination verifying the specific predispositions (EW) and foreign examination\/education results \u2013 subjects: physics or informatics or mathematics (PKG)<\/li><\/ul><p>Formula for qualification result (WK)<\/p><p>WK = PKG x 0,5 + EW x 0,5<\/p><p>Definitions:<\/p><ul><li>PKG \u2013 Main qualification subject \u2013 SGGW points awarded for the result of the maturity examination or foreign examination\/education results.<\/li><li>EW \u2013 Entrance exam &#8211; SGGW points awarded for an exam checking specific predispositions to undertake studies in a given field.<\/li><\/ul><p>Candidates may enter the qualification process for studies conducted in English under condition that:<\/p><ul><li>they have a document recognized by SGGW confirming knowledge of English at a language proficiency level not lower than B2.<\/li><\/ul><p><strong>MANAGEMENT<\/strong><\/p><p>Qualification criteria:<\/p><ul><li>the results of the entrance examination verifying the specific predispositions (EW) and foreign examination\/education results \u2013 subjects: mathematics (PKG) and one of the subjects to choose from: physics or geography or history or modern foreign language or Polish language or knowledge about society (PKD)<\/li><\/ul><p>Formula for qualification result (WK)<\/p><p>WK = PKG x 0,25 + PKD x 0,25 + EW x 0,5<\/p><p>Definitions:<\/p><ul><li>PKG \u2013 Main qualification subject \u2013 SGGW points awarded for the result of the maturity examination or foreign examination\/education results.<\/li><li>PKD \u2013 Additional qualification subject \u2013 SGGW points awarded for the result of the maturity examination or foreign examination\/education results.<\/li><li>EW \u2013 Entrance exam &#8211; SGGW points awarded for an exam checking specific predispositions to undertake studies in a given field.<\/li><\/ul><p>Candidates may enter the qualification process for studies conducted in English under condition that:<\/p><ul><li>they have a document recognized by SGGW confirming knowledge of English at a language proficiency level not lower than B2.<\/li><\/ul><p><strong>ORGANIC AGRICULTURE AND FOOD PRODUCTION\u00a0<\/strong><\/p><p>Qualification criteria:<\/p><ul><li>the results of the entrance examination verifying the specific predispositions (EW) and foreign examination\/education results \u2013 subjects: biology or chemistry or mathematics (PKG)<\/li><\/ul><p>Formula for qualification result (WK)<\/p><p>WK = PKG x 0,5 + EW x 0,5<\/p><p>Definitions:<\/p><ul><li>PKG \u2013 Main qualification subject \u2013 SGGW points awarded for the result of the maturity examination or foreign examination\/education results.<\/li><li>EW \u2013 Entrance exam &#8211; SGGW points awarded for an exam checking specific predispositions to undertake studies in a given field.<\/li><\/ul><p>Candidates may enter the qualification process for studies conducted in English under condition that:<\/p><ul><li>they have a document recognized by SGGW confirming knowledge of English at a language proficiency level not lower than B2.<\/li><\/ul><p>EXAM LOCATION<br \/>The exam will be held online on the Moodle platform (eSGGW)<\/p><p>EXAM DATE<br \/>07.05.2026<\/p><p>TIME RANGE WHEN EXAM LOGIN WILL BE AVAILABLE<br \/>10:00 \u2013 12:00 (Central European Summer Time \u2013 CEST)<\/p><p>EXAM DURATION<br \/>60 min<\/p><p>RULES FOR TAKING THE EXAM<\/p><ul><li>The exam can be taken by Candidates registered in the Online Candidate Recruitment (IRK) system who have paid the recruitment fee.<\/li><li>During the exam, the candidate must not use a mobile phone, players or other devices recording images and\/or sounds, must not have other pages open in the internet browser under penalty of invalidating the exam.<\/li><li>Failure to take the exam on the scheduled date (and time) or not obtaining the minimum number of points means obtaining zero SGGW points from this exam, which is equivalent to obtaining a zero qualification result.<\/li><\/ul><p>ABOUT THE EXAM<\/p><p>The entrance exam checking special predispositions to undertake studies, is a single-choice test, consisting of 40 questions on general knowledge and logical thinking.<\/p><p>SCORING RULES<\/p><p>The maximum number of SGGW points to be obtained is 100 points, the minimum number of points necessary to pass the exam is 30 points.<\/p><p>A candidate for studies who is a disabled person should report the disability in writting to the University Recruitment Committee no later than 15 days before the exam date planned in the recruitment schedule in order to adapt to individual needs.<\/p>\n                    <\/div>\n                <\/div>\n            <\/section>\t\t<\/div>\n\t\t\t\t<\/div>\n\t\t\t\t<\/div>\n\t\t\t\t<\/div>\n\t\t","protected":false},"excerpt":{"rendered":"<p>Qualification rules for first-cycle studies 2026\/2027 (Bachelor&#8217;s degree) QUALIFICATION RULES FOR POLSIH CITIZENS QUALIFICATION RULES FOR FOREIGNERS APPLYING FOR ADMISSION ON THE BASIS OF A RECOGNISED HIGH SCHOOL CERTIFICATE QUALIFICATION RULES FOR FOREIGNERS APPLYING FOR ADMISSION ON THE BASIS OF A CERTIFICATE REQUIRING RECOGNITION QUALIFICATION RULES &gt; FOR POLISH CITIZENS &gt; FOR FOREIGNERS APPLYING FOR [&hellip;]<\/p>\n","protected":false},"author":35512,"featured_media":0,"parent":141670,"menu_order":0,"comment_status":"closed","ping_status":"closed","template":"","meta":{"_acf_changed":false,"footnotes":""},"class_list":["post-126185","page","type-page","status-publish","hentry"],"acf":[],"_links":{"self":[{"href":"https:\/\/www.sggw.edu.pl\/en\/wp-json\/wp\/v2\/pages\/126185","targetHints":{"allow":["GET"]}}],"collection":[{"href":"https:\/\/www.sggw.edu.pl\/en\/wp-json\/wp\/v2\/pages"}],"about":[{"href":"https:\/\/www.sggw.edu.pl\/en\/wp-json\/wp\/v2\/types\/page"}],"author":[{"embeddable":true,"href":"https:\/\/www.sggw.edu.pl\/en\/wp-json\/wp\/v2\/users\/35512"}],"replies":[{"embeddable":true,"href":"https:\/\/www.sggw.edu.pl\/en\/wp-json\/wp\/v2\/comments?post=126185"}],"version-history":[{"count":169,"href":"https:\/\/www.sggw.edu.pl\/en\/wp-json\/wp\/v2\/pages\/126185\/revisions"}],"predecessor-version":[{"id":288427,"href":"https:\/\/www.sggw.edu.pl\/en\/wp-json\/wp\/v2\/pages\/126185\/revisions\/288427"}],"up":[{"embeddable":true,"href":"https:\/\/www.sggw.edu.pl\/en\/wp-json\/wp\/v2\/pages\/141670"}],"wp:attachment":[{"href":"https:\/\/www.sggw.edu.pl\/en\/wp-json\/wp\/v2\/media?parent=126185"}],"curies":[{"name":"wp","href":"https:\/\/api.w.org\/{rel}","templated":true}]}}