{"id":127035,"date":"2022-05-16T18:46:05","date_gmt":"2022-05-16T16:46:05","guid":{"rendered":"https:\/\/www.sggw.edu.pl\/?page_id=127035"},"modified":"2026-03-20T11:44:34","modified_gmt":"2026-03-20T10:44:34","slug":"recruitment-calendar-bachelors-degree","status":"publish","type":"page","link":"https:\/\/www.sggw.edu.pl\/en\/recruitment\/bachelors-degree-and-masters-degree-long-cycle\/recruitment-calendar-bachelors-degree\/","title":{"rendered":"Recruitment calendar &#8211; Bachelor&#8217;s degree"},"content":{"rendered":"\t\t<div data-elementor-type=\"wp-page\" data-elementor-id=\"127035\" class=\"elementor elementor-127035\" data-elementor-post-type=\"page\">\n\t\t\t\t\t\t<section class=\"elementor-section elementor-top-section elementor-element elementor-element-4ab35e0 elementor-section-boxed elementor-section-height-default elementor-section-height-default\" data-id=\"4ab35e0\" data-element_type=\"section\">\n\t\t\t\t\t\t<div class=\"elementor-container elementor-column-gap-default\">\n\t\t\t\t\t<div class=\"elementor-column elementor-col-100 elementor-top-column elementor-element elementor-element-e7dbc37\" data-id=\"e7dbc37\" data-element_type=\"column\">\n\t\t\t<div class=\"elementor-widget-wrap elementor-element-populated\">\n\t\t\t\t\t\t<div class=\"elementor-element elementor-element-9e9f059 elementor-widget elementor-widget-wp-widget-bcn_widget\" data-id=\"9e9f059\" data-element_type=\"widget\" data-widget_type=\"wp-widget-bcn_widget.default\">\n\t\t\t\t<div class=\"elementor-widget-container\">\n\t\t\t<div class=\"mn-grid breadcrumb\">\n                                    <div class=\"breadcrumb-inner mn-grid-12\"><div class=\"breadcrumbs\" vocab=\"https:\/\/schema.org\/\" typeof=\"BreadcrumbList\"><span property=\"itemListElement\" typeof=\"ListItem\"><a property=\"item\" typeof=\"WebPage\" title=\"Go to Szko\u0142a G\u0142\u00f3wna Gospodarstwa Wiejskiego w Warszawie.\" href=\"https:\/\/www.sggw.edu.pl\/en\/\" class=\"home\" aria-current=\"page\"><span property=\"name\">Home<\/span><\/a><meta property=\"position\" content=\"1\"><\/span><\/div>    <\/div>\n                                <\/div>\t\t<\/div>\n\t\t\t\t<\/div>\n\t\t\t\t\t<\/div>\n\t\t<\/div>\n\t\t\t\t\t<\/div>\n\t\t<\/section>\n\t\t\t\t<section class=\"elementor-section elementor-top-section elementor-element elementor-element-baa2945 elementor-section-boxed elementor-section-height-default elementor-section-height-default\" data-id=\"baa2945\" data-element_type=\"section\">\n\t\t\t\t\t\t<div class=\"elementor-container elementor-column-gap-default\">\n\t\t\t\t\t<div class=\"elementor-column elementor-col-100 elementor-top-column elementor-element elementor-element-4a261a3\" data-id=\"4a261a3\" data-element_type=\"column\">\n\t\t\t<div class=\"elementor-widget-wrap elementor-element-populated\">\n\t\t\t\t\t\t<div class=\"elementor-element elementor-element-b8cf0eb elementor-widget elementor-widget-w1_2_3\" data-id=\"b8cf0eb\" data-element_type=\"widget\" data-widget_type=\"w1_2_3.default\">\n\t\t\t\t<div class=\"elementor-widget-container\">\n\t\t\t<section>\n                    <div class=\"mn-grid\">\n                        <h3  class=\"mn-grid-12 mn-section-title2\">\n                            Recruitment calendar \u2013 first-cycle studies  starting in the winter semester 2026\/27\n                        <\/h3>\n                    <\/div>\n                <\/section>\t\t<\/div>\n\t\t\t\t<\/div>\n\t\t\t\t<div class=\"elementor-element elementor-element-5756a1b elementor-widget elementor-widget-w12\" data-id=\"5756a1b\" data-element_type=\"widget\" data-widget_type=\"w12.default\">\n\t\t\t\t<div class=\"elementor-widget-container\">\n\t\t\t<section>\n                <div class=\"mn-grid\">\n                    <div class=\"mn-grid-12 mn-mod-text-links\">\n                        <p><strong>STUDIES CONDUCTED IN ENGLISH<\/strong><\/p><p><strong>Spring phase 1<\/strong><\/p><p>Dear Candidates! The recruitment calendar available below concerns the spring phase, in which individuals who already have a Polsih maturity certificate or foreign secondary school certificate can participate.<\/p><p>This year&#8217;s high school graduates \u2013 separate recruitment phases with separate limit of admission places will be prepared and published before May 1, 2026. We encourage you to follow the website.<\/p><p>Recruitment is carried out for the following fields of study:<\/p><p>Biotechnology<br \/>Food Science &#8211; Technology and Nutrition<br \/>Informatics<br \/>Management<br \/>Organic Agriculture and Food Production<\/p><table width=\"100%\"><tbody><tr><td width=\"154\"><p>April 20, 2026<\/p><\/td><td width=\"87\"><p>from 00:01 am<\/p><\/td><td width=\"355\"><p>Start of registration in the Internet Recruitment of Candidates (IRK) system:<\/p><ul><li>select the form and program of study<\/li><\/ul><\/td><\/tr><tr><td width=\"154\"><p>May 04, 2026<\/p><\/td><td width=\"87\"><p>until 11:59 pm<\/p><\/td><td width=\"355\"><p>Last day of registration in IRK:<\/p><ul><li>select the form and program of study<\/li><\/ul><p>This is also the deadline for:<\/p><ul><li>upload the maturity exam results (applicable for holders of Polish maturity certificates, Ukrainian certificates (1-12 scale), Belarusian certificates (scale 1-10), IB diplomas, EB diplomas)<\/li><li>admission fee payment<\/li><li>upload a digital photo<\/li><li>upload a scan of certificate of the winner of the national-level school contest (if applicable)<\/li><li>upload scans of document certifying knowledge of English at a language proficiency level no lower than B2<\/li><li>upload scan of foreign high school certificate (not applicable for Ukrainian certificates (1-12 scale), IB diplomas, EB diplomas)<\/li><li>upload the NAWA&#8217;s Director individual written recognition statement on a foreign secondary education certificate \u2013 not applicable for IB diplomas, EB diplomas, certificates issued in UE, OECD, EFTA and Ukraine, China (certificate Gaozhong Biye Zhengshu). If you have an administrative decision from the education superintendent, written information from the NAWA Director is not required &#8211; the decision must be uploaded to the system.<\/li><li>upload scan of legalization or apostille of foreign high school certificate \u2013 not applicable for IB diplomas, EB diplomas, certificates issued in UE, OECD, EFTA and Ukraine, China (certificate Gaozhong Biye Zhengshu)<\/li><\/ul><\/td><\/tr><tr><td width=\"154\"><p>May 7, 2026<\/p><\/td><td width=\"87\"><p>from 10:00 am to 12:00 noon<\/p><\/td><td width=\"355\"><p>Entrance examination verifying the specific predispositions to undertake studies (online) \u2013 concerning to foreigners applying for admission to studies on the basis of a foreign high school certificate or other document issued abroad, which is not: an IB diploma, an EB diploma, a certificate or other document issued abroad by a school or educational institution operating within the education system of an EU, OECD, EFTA member state, and a certificate or other document issued abroad covered by the provisions of international agreements concluded with China and Ukraine.<\/p><\/td><\/tr><tr><td width=\"154\"><p>May 13, 2026<\/p><\/td><td width=\"87\"><p>until 10:00 pm<\/p><\/td><td width=\"355\"><p>Announcement of the qualification results (in the IRK system)<\/p><\/td><\/tr><tr><td width=\"154\"><p>May 18 \u2013 22, 2026<\/p><\/td><td width=\"87\"><p>9:00 am &#8211; 3:00 pm<\/p><\/td><td width=\"355\"><p>Documents\u2019 delivery to SGGW from the selected candidates.<\/p><p>Candidates qualified for admission who do not submit documents within the prescribed period are treated as persons resigning from participation in recruitment.<\/p><\/td><\/tr><\/tbody><\/table><div class=\"QmZWSe\"><div class=\"DHcWmd\"><div id=\"tw-target\"><div id=\"kAz1tf\" class=\"g9WsWb PZPZlf\" data-attrid=\"tw-targetArea\" data-entityname=\"Google Translate\"><div id=\"tw-target-text-container\" class=\"tw-ta-container tw-nfl\" role=\"text\"><p id=\"tw-target-text\" class=\"tw-data-text tw-text-large tw-ta\" role=\"text\" data-placeholder=\"T\u0142umaczenie\" aria-label=\"Przet\u0142umaczony tekst: the university reserves the right to change the dates given in the calendar\" data-ved=\"2ahUKEwjV9Pjhna6TAxVnCRAIHeq3L_8Q3ewLegQIDxAV\"><strong><span class=\"Y2IQFc\" lang=\"en\">The university reserves the right to change the dates given in the calendar.<\/span><\/strong><\/p><\/div><\/div><\/div><\/div><\/div>\n                    <\/div>\n                <\/div>\n            <\/section>\t\t<\/div>\n\t\t\t\t<\/div>\n\t\t\t\t\t<\/div>\n\t\t<\/div>\n\t\t\t\t\t<\/div>\n\t\t<\/section>\n\t\t\t\t<section class=\"elementor-section elementor-top-section elementor-element elementor-element-dcceabc elementor-hidden-desktop elementor-hidden-laptop elementor-hidden-tablet_extra elementor-hidden-tablet elementor-hidden-mobile_extra elementor-hidden-mobile elementor-section-boxed elementor-section-height-default elementor-section-height-default\" data-id=\"dcceabc\" data-element_type=\"section\">\n\t\t\t\t\t\t<div class=\"elementor-container elementor-column-gap-default\">\n\t\t\t\t\t<div class=\"elementor-column elementor-col-100 elementor-top-column elementor-element elementor-element-c70048c\" data-id=\"c70048c\" data-element_type=\"column\">\n\t\t\t<div class=\"elementor-widget-wrap elementor-element-populated\">\n\t\t\t\t\t\t<div class=\"elementor-element elementor-element-d27be39 elementor-widget elementor-widget-w1_2_3\" data-id=\"d27be39\" data-element_type=\"widget\" data-widget_type=\"w1_2_3.default\">\n\t\t\t\t<div class=\"elementor-widget-container\">\n\t\t\t<section>\n                    <div class=\"mn-grid\">\n                        <h3  class=\"mn-grid-12 mn-section-title2\">\n                            Recruitment calendar \u2013 first cycle and long cycle studies, full-time programme starting in the winter semester 2025\/26\n                        <\/h3>\n                    <\/div>\n                <\/section>\t\t<\/div>\n\t\t\t\t<\/div>\n\t\t\t\t<div class=\"elementor-element elementor-element-40e5b7a elementor-widget elementor-widget-w12\" data-id=\"40e5b7a\" data-element_type=\"widget\" data-widget_type=\"w12.default\">\n\t\t\t\t<div class=\"elementor-widget-container\">\n\t\t\t<section>\n                <div class=\"mn-grid\">\n                    <div class=\"mn-grid-12 mn-mod-text-links\">\n                        <p><strong>STUDIES CONDUCTED IN ENGLISH<\/strong><\/p><p><strong>Phase 3 Supplementary recruitment (applies to fields of study with places available)<\/strong><\/p><p>Recruitment is carried out for the following fields of study:<\/p><ul><li>Food Science &#8211; Technology and Nutrition<\/li><li>Informatics<\/li><li>Management<\/li><li>Organic Agriculture and Food Production<\/li><\/ul><table width=\"100%\"><tbody><tr><td width=\"154\"><p>August 12, 2025<\/p><\/td><td width=\"87\"><p>from 00:00 am<\/p><\/td><td width=\"355\"><p>Start of registration in the Internet Recruitment of Candidates (IRK) system:<\/p><ul><li>select the form and program of study<\/li><\/ul><\/td><\/tr><tr><td width=\"154\"><p>August 19, 2025<\/p><\/td><td width=\"87\"><p>until 11:59 pm<\/p><\/td><td width=\"355\"><p>Last day of registration in IRK:<\/p><ul><li>select the form and program of study<\/li><\/ul><p>This is also the deadline for:<\/p><ul><li>upload the maturity exam results (applicable for holders of Polish maturity certificates, Ukrainian certificates (1-12 scale), Belarusian certificates (scale 1-10), IB diplomas, EB diplomas)<\/li><li>admission fee payment<\/li><li>upload a digital photo<\/li><li>upload a scan of certificate of the winner of the national-level school contest (if applicable)<\/li><li>upload scans of English language proficiency certificates<\/li><li>upload scans of foreign high school certificates (not applicable for Ukrainian certificates (1-12 scale), IB diplomas, EB diplomas)<\/li><\/ul><ul><li>upload a scan of decision of Education Superintendent \u2013 not applicable for IB diplomas, EB diplomas, certificates issued in UE, OECD, EFTA and Ukraine, China (certificate Gaozhong Biye Zhengshu) and Libya<\/li><\/ul><p>Learn about the requirements that high school certificates issued abroad must meet in order to be recognized as a document entitling to undertake first-cycle and long-cycle studies in Poland <a href=\"https:\/\/www.sggw.edu.pl\/en\/recruitment\/bachelors-degree-and-masters-degree-long-cycle\/required-documents\/recognition-of-foreign-certificates\/\">read more<\/a><\/p><ul><li>upload scan of legalization or apostille of foreign high school certificate \u2013 not applicable for IB diplomas, EB diplomas, certificates issued in UE, OECD, EFTA and Ukraine, China (certificate Gaozhong Biye Zhengshu) and Libya.<\/li><\/ul><\/td><\/tr><tr><td width=\"154\"><p>August 22, 2025<\/p><\/td><td width=\"87\"><p>from 8:00am to 4:00pm<\/p><\/td><td width=\"355\"><p>Exam \u00a0checking the knowledge of the English language &#8211; applies to candidates applying for studies in English, who do not have a language certificate honored by SGGW. Interviews will be conducted online via MS Teams platform.<\/p><\/td><\/tr><tr><td width=\"154\"><p>August 26, 2025<\/p><\/td><td width=\"87\"><p>From 10:00am to 12:00 noon<\/p><\/td><td width=\"355\"><p>Entrance examination verifying the specific predispositions to undertake studies (online) \u2013 concerning to foreigners applying for admission to studies on the basis of a foreign high school certificate or other document issued abroad, <u>which is not<\/u>: an IB diploma, an EB diploma, a certificate or other document issued abroad by a school or educational institution operating within the education system of an EU, OECD, EFTA member state, and a certificate or other document issued abroad covered by the provisions of international agreements concluded with China and Ukraine.<\/p><\/td><\/tr><tr><td width=\"154\"><p>August 29, 2025<\/p><\/td><td width=\"87\"><p>until 10:00 pm<\/p><\/td><td width=\"355\"><p>Announcement of the qualification results (in the IRK system)<\/p><\/td><\/tr><tr><td width=\"154\"><p>September 01 \u2013 05, 2025<\/p><\/td><td width=\"87\"><p>9:00 am &#8211; 3:00 pm<\/p><\/td><td width=\"355\"><p>Documents\u2019 delivery to SGGW from the selected candidates.<\/p><p>Candidates qualified for admission who do not submit documents within the prescribed period are treated as persons resigning from participation in recruitment.<\/p><\/td><\/tr><tr><td width=\"154\"><p>October 01, 2025<\/p><\/td><td width=\"87\"><p>\u00a0<\/p><\/td><td width=\"355\"><p>Classes commencement<\/p><\/td><\/tr><\/tbody><\/table><p><strong>Spring phase 1 &#8211; completed<\/strong><\/p><p>Recruitment is carried out for the following fields of study:<\/p><ul><li>Biotechnology<\/li><li>Food Science &#8211; Technology and Nutrition<\/li><li>Informatics<\/li><li>Management<\/li><li>Organic Agriculture and Food Production<\/li><\/ul><table width=\"100%\"><tbody><tr><td width=\"154\"><p>April 18, 2025<\/p><\/td><td width=\"87\"><p>from 00:00 am<\/p><\/td><td width=\"355\"><p>Start of registration in the Internet Recruitment of Candidates (IRK) system:<\/p><ul><li>select the form and program of study<\/li><\/ul><\/td><\/tr><tr><td width=\"154\"><p>May 04, 2025<\/p><\/td><td width=\"87\"><p>until 11:59 pm<\/p><\/td><td width=\"355\"><p>Last day of registration in IRK:<\/p><ul><li>select the form and program of study<\/li><\/ul><p>This is also the deadline for:<\/p><ul><li>upload the maturity exam results (applicable for holders of Polish maturity certificates, Ukrainian certificates (1-12 scale), Belarusian certificates (scale 1-10), IB diplomas, EB diplomas)<\/li><li>admission fee payment<\/li><li>upload a digital photo<\/li><li>upload a scan of certificate of the winner of the national-level school contest (if applicable)<\/li><li>upload scans of English language proficiency certificates<\/li><li>upload scans of foreign high school certificates (not applicable for Ukrainian certificates (1-12 scale), IB diplomas, EB diplomas)<\/li><li>upload a scan of decision of Education Superintendent \u2013 not applicable for IB diplomas, EB diplomas, leaving certificates issued in UE, OECD, EFTA and Ukraine, China (certificate Gaozhong Biye Zhengshu) and Libya.<p>Learn about the requirements that high school certificates issued abroad must meet in order to be recognized as a document entitling to undertake first-cycle and long-cycle studies in Poland <a href=\"https:\/\/www.sggw.edu.pl\/en\/recruitment\/bachelors-degree-and-masters-degree-long-cycle\/required-documents\/recognition-of-foreign-certificates\/\">read more<\/a><\/p><\/li><li>upload scan of legalization or apostille of foreign high school certificate \u2013 not applicable for IB diplomas, EB diplomas, certificates issued in UE, OECD, EFTA and Ukraine, China (certificate Gaozhong Biye Zhengshu) and Libya.<\/li><\/ul><\/td><\/tr><tr><td width=\"154\"><p>May 7 and 8, 2025<\/p><\/td><td width=\"87\"><p>from 8:00am to 4:00pm<\/p><\/td><td width=\"355\"><p>Exam checking the knowledge of the English language &#8211; applies to candidates applying for studies in English, who do not have a language certificate honored by SGGW. Interviews will be conducted online via MS Teams platform.<\/p><\/td><\/tr><tr><td width=\"154\"><p>May 15, 2025<\/p><\/td><td width=\"87\"><p>until 10:00 pm<\/p><\/td><td width=\"355\"><p>Announcement of the qualification results (in the IRK system)<\/p><\/td><\/tr><tr><td width=\"154\"><p>May 19 \u2013 23, 2025<\/p><\/td><td width=\"87\"><p>9:00 am &#8211; 3:00 pm<\/p><\/td><td width=\"355\"><p>Documents\u2019 delivery to SGGW from the selected candidates.<\/p><p>Candidates qualified for admission who do not submit documents within the prescribed period are treated as persons resigning from participation in recruitment.<\/p><\/td><\/tr><\/tbody><\/table><p><strong>Main Phase 2 &#8211; completed<\/strong><\/p><p>Recruitment is carried out for the following fields of study:<\/p><ul><li>Biotechnology<\/li><li>Food Science &#8211; Technology and Nutrition<\/li><li>Informatics<\/li><li>Management<\/li><li>Organic Agriculture and Food Production<\/li><\/ul><p>Recruitment is carried out also for the following field of study:<\/p><ul><li>Veterinary Medicine<strong> (<\/strong>for holders of Polish maturity certificates, IB diplomas, EB diplomas) \u2013 for this field of study it will be Phase 1<\/li><\/ul><table width=\"100%\"><tbody><tr><td width=\"154\"><p>May 30, 2025<\/p><\/td><td width=\"87\"><p>from 00:00 am<\/p><\/td><td width=\"355\"><p>Start of registration in the Internet Recruitment of Candidates (IRK) system:<\/p><ul><li>select the form and program of study<\/li><\/ul><\/td><\/tr><tr><td width=\"154\"><p>July 9, 2025<\/p><\/td><td width=\"87\"><p>until 11:59 pm<\/p><\/td><td width=\"355\"><p>Last day of registration in IRK:<\/p><ul><li>select the form and program of study<\/li><\/ul><p>This is also the deadline for:<\/p><ul><li>upload the maturity exam results (applicable for holders of Polish maturity certificates, Ukrainian certificates (1-12 scale), Belarusian certificates (scale 1-10), IB diplomas, EB diplomas)<\/li><li>admission fee payment<\/li><li>upload a digital photo<\/li><li>upload a scan of certificate of the winner of the national-level school contest (if applicable)<\/li><li>upload scans of English language proficiency certificates<\/li><li>upload scans of foreign high school certificates (not applicable for Ukrainian certificates (1-12 scale), IB diplomas, EB diplomas)<\/li><li>upload a scan of decision of Education Superintendent \u2013 not applicable for IB diplomas, EB diplomas, certificates issued in UE, OECD, EFTA and Ukraine, China (certificate Gaozhong Biye Zhengshu) and Libya<\/li><\/ul><p>Learn about the requirements that high school certificates issued abroad must meet in order to be recognized as a document entitling to undertake first-cycle and long-cycle studies in Poland <a href=\"https:\/\/www.sggw.edu.pl\/en\/recruitment\/bachelors-degree-and-masters-degree-long-cycle\/required-documents\/recognition-of-foreign-certificates\/\">read more<\/a><\/p><ul><li>upload scan of legalization or apostille of foreign high school certificate \u2013 not applicable for IB diplomas, EB diplomas, certificates issued in UE, OECD, EFTA and Ukraine, China (certificate Gaozhong Biye Zhengshu) and Libya.<\/li><\/ul><\/td><\/tr><tr><td width=\"154\"><p>July 14 \u2013 16, 2025<\/p><\/td><td width=\"87\"><p>from 8:00am to 4:00pm<\/p><\/td><td width=\"355\"><p>Exam \u00a0checking the knowledge of the English language &#8211; applies to candidates applying for studies in English, who do not have a language certificate honored by SGGW. Interviews will be conducted online via MS Teams platform.<\/p><\/td><\/tr><tr><td width=\"154\"><p>July 16, 2025<\/p><\/td><td width=\"87\"><p>from 10:00am to 2:00pm<\/p><\/td><td width=\"355\"><p>Entrance examination verifying the specific predispositions to undertake studies (online) \u2013 concerning to foreigners applying for admission to studies on the basis of a foreign high school certificate or other document issued abroad, which is not: an IB diploma, an EB diploma, a certificate or other document issued abroad by a school or educational institution operating within the education system of an EU, OECD, EFTA member state, and a certificate or other document issued abroad covered by the provisions of international agreements concluded with China and Ukraine.<\/p><\/td><\/tr><tr><td width=\"154\"><p>July 22, 2025<\/p><\/td><td width=\"87\"><p>until 10:00 pm<\/p><\/td><td width=\"355\"><p>Announcement of the qualification results (in the IRK system)<\/p><\/td><\/tr><tr><td width=\"154\"><p>July 23 \u2013 31, 2025 (exept Saturday and Sunday)<\/p><\/td><td width=\"87\"><p>9:00 am &#8211; 3:00 pm<\/p><\/td><td width=\"355\"><p>First term of documents\u2019 delivery to SGGW from the selected candidates.<\/p><p>Candidates qualified for admission who do not submit documents within the prescribed period are treated as persons resigning from participation in recruitment, their places are released for persons from the reserve list.<\/p><\/td><\/tr><tr><td width=\"154\"><p>August 04, 2025<\/p><\/td><td width=\"87\"><p>until 10:00 pm<\/p><\/td><td width=\"355\"><p>Announcement of qualification results for candidates from the reserve list (if the limit of places still available after Phase 1)<\/p><\/td><\/tr><tr><td width=\"154\"><p>August 05 \u2013 07, 2025<\/p><\/td><td width=\"87\"><p>9:00 am &#8211; 3:00 pm<\/p><\/td><td width=\"355\"><p>Second term of documents\u2019 delivery to SGGW for candidates qualified for admission from the reserve list.<\/p><p>Candidates qualified for admission who do not submit documents within the prescribed period are treated as persons resigning from participation in recruitment.<\/p><\/td><\/tr><tr><td width=\"154\"><p>August 08, 2025<\/p><\/td><td width=\"87\"><p>after 6:00 pm<\/p><\/td><td width=\"355\"><p>Announcement of the number of vacancies in given study programs to be available in Phase 3<\/p><\/td><\/tr><\/tbody><\/table><p><strong><span class=\"HwtZe\" lang=\"en\"><span class=\"jCAhz ChMk0b\"><span class=\"ryNqvb\">The University reserves the right to correct the dates.<\/span><\/span><\/span><\/strong><\/p>\n                    <\/div>\n                <\/div>\n            <\/section>\t\t<\/div>\n\t\t\t\t<\/div>\n\t\t\t\t\t<\/div>\n\t\t<\/div>\n\t\t\t\t\t<\/div>\n\t\t<\/section>\n\t\t\t\t<\/div>\n\t\t","protected":false},"excerpt":{"rendered":"<p>Recruitment calendar \u2013 first-cycle studies starting in the winter semester 2026\/27 STUDIES CONDUCTED IN ENGLISH Spring phase 1 Dear Candidates! The recruitment calendar available below concerns the spring phase, in which individuals who already have a Polsih maturity certificate or foreign secondary school certificate can participate. This year&#8217;s high school graduates \u2013 separate recruitment phases [&hellip;]<\/p>\n","protected":false},"author":35243,"featured_media":0,"parent":191427,"menu_order":0,"comment_status":"closed","ping_status":"closed","template":"","meta":{"_acf_changed":false,"footnotes":""},"class_list":["post-127035","page","type-page","status-publish","hentry"],"acf":[],"_links":{"self":[{"href":"https:\/\/www.sggw.edu.pl\/en\/wp-json\/wp\/v2\/pages\/127035","targetHints":{"allow":["GET"]}}],"collection":[{"href":"https:\/\/www.sggw.edu.pl\/en\/wp-json\/wp\/v2\/pages"}],"about":[{"href":"https:\/\/www.sggw.edu.pl\/en\/wp-json\/wp\/v2\/types\/page"}],"author":[{"embeddable":true,"href":"https:\/\/www.sggw.edu.pl\/en\/wp-json\/wp\/v2\/users\/35243"}],"replies":[{"embeddable":true,"href":"https:\/\/www.sggw.edu.pl\/en\/wp-json\/wp\/v2\/comments?post=127035"}],"version-history":[{"count":173,"href":"https:\/\/www.sggw.edu.pl\/en\/wp-json\/wp\/v2\/pages\/127035\/revisions"}],"predecessor-version":[{"id":284860,"href":"https:\/\/www.sggw.edu.pl\/en\/wp-json\/wp\/v2\/pages\/127035\/revisions\/284860"}],"up":[{"embeddable":true,"href":"https:\/\/www.sggw.edu.pl\/en\/wp-json\/wp\/v2\/pages\/191427"}],"wp:attachment":[{"href":"https:\/\/www.sggw.edu.pl\/en\/wp-json\/wp\/v2\/media?parent=127035"}],"curies":[{"name":"wp","href":"https:\/\/api.w.org\/{rel}","templated":true}]}}