{"id":12734,"date":"2020-12-22T12:35:18","date_gmt":"2020-12-22T11:35:18","guid":{"rendered":"https:\/\/www.sggw.edu.pl\/programmes-and-projects\/"},"modified":"2021-07-04T05:30:57","modified_gmt":"2021-07-04T03:30:57","slug":"programmes-and-projects","status":"publish","type":"page","link":"https:\/\/www.sggw.edu.pl\/en\/science\/national-projects\/programs\/programmes-and-projects\/","title":{"rendered":"Programmes and projects"},"content":{"rendered":"\t\t<div data-elementor-type=\"wp-page\" data-elementor-id=\"12734\" class=\"elementor elementor-12734\" data-elementor-post-type=\"page\">\n\t\t\t\t\t\t<section class=\"elementor-section elementor-top-section elementor-element elementor-element-36a4ab6e elementor-section-boxed elementor-section-height-default elementor-section-height-default\" data-id=\"36a4ab6e\" data-element_type=\"section\">\n\t\t\t\t\t\t<div class=\"elementor-container elementor-column-gap-default\">\n\t\t\t\t\t<div class=\"elementor-column elementor-col-100 elementor-top-column elementor-element elementor-element-5934bbc1\" data-id=\"5934bbc1\" data-element_type=\"column\">\n\t\t\t<div class=\"elementor-widget-wrap elementor-element-populated\">\n\t\t\t\t\t\t<div class=\"elementor-element elementor-element-d9fc063 elementor-widget elementor-widget-wp-widget-bcn_widget\" data-id=\"d9fc063\" data-element_type=\"widget\" data-widget_type=\"wp-widget-bcn_widget.default\">\n\t\t\t\t<div class=\"elementor-widget-container\">\n\t\t\t<div class=\"mn-grid breadcrumb\">\n                                    <div class=\"breadcrumb-inner mn-grid-12\"><div class=\"breadcrumbs\" vocab=\"https:\/\/schema.org\/\" typeof=\"BreadcrumbList\"><span property=\"itemListElement\" typeof=\"ListItem\"><a property=\"item\" typeof=\"WebPage\" title=\"Go to Szko\u0142a G\u0142\u00f3wna Gospodarstwa Wiejskiego w Warszawie.\" href=\"https:\/\/www.sggw.edu.pl\/en\/\" class=\"home\" aria-current=\"page\"><span property=\"name\">Home<\/span><\/a><meta property=\"position\" content=\"1\"><\/span><\/div>    <\/div>\n                                <\/div>\t\t<\/div>\n\t\t\t\t<\/div>\n\t\t\t\t<div class=\"elementor-element elementor-element-3de49eed elementor-widget elementor-widget-post-title\" data-id=\"3de49eed\" data-element_type=\"widget\" data-widget_type=\"post-title.default\">\n\t\t\t\t<div class=\"elementor-widget-container\">\n\t\t\t<section>\n                    <div class=\"mn-grid entry-header-inner section-inner medium\">\n                        <h1 class=\"mn-grid-12 entry-title\" style=\"\">\n                            Programmes and projects\n                        <\/h1>\n                    <\/div>\n                <\/section>\t\t<\/div>\n\t\t\t\t<\/div>\n\t\t\t\t\t<\/div>\n\t\t<\/div>\n\t\t\t\t\t<\/div>\n\t\t<\/section>\n\t\t\t\t<section class=\"elementor-section elementor-top-section elementor-element elementor-element-35503f0 elementor-section-boxed elementor-section-height-default elementor-section-height-default\" data-id=\"35503f0\" data-element_type=\"section\">\n\t\t\t\t\t\t<div class=\"elementor-container elementor-column-gap-default\">\n\t\t\t\t\t<div class=\"elementor-column elementor-col-100 elementor-top-column elementor-element elementor-element-c71b63c\" data-id=\"c71b63c\" data-element_type=\"column\">\n\t\t\t<div class=\"elementor-widget-wrap elementor-element-populated\">\n\t\t\t\t\t\t<div class=\"elementor-element elementor-element-d6d4f78 elementor-widget elementor-widget-w1_2_3\" data-id=\"d6d4f78\" data-element_type=\"widget\" data-widget_type=\"w1_2_3.default\">\n\t\t\t\t<div class=\"elementor-widget-container\">\n\t\t\t<section>\n                    <div class=\"mn-grid\">\n                        <h3  class=\"mn-grid-12 mn-section-title2\">\n                            Ministry of Science and Higher Education\n                        <\/h3>\n                    <\/div>\n                <\/section>\t\t<\/div>\n\t\t\t\t<\/div>\n\t\t\t\t<div class=\"elementor-element elementor-element-490a5b1 elementor-widget elementor-widget-w9\" data-id=\"490a5b1\" data-element_type=\"widget\" data-widget_type=\"w9.default\">\n\t\t\t\t<div class=\"elementor-widget-container\">\n\t\t\t<section><div class=\"mn-grid\"><ul class=\"mn-grid-12 mn-link-list-type1\"><li>\n                            <a href=\"https:\/\/www.bip.nauka.gov.pl\/programy-ministra-ogloszenia\/  \" >\n                                <span>News<\/span>\n                            <\/a>\n                        <\/li><li>\n                            <a href=\"https:\/\/www.bip.nauka.gov.pl\/diamentowy-grant\/\" >\n                                <span>DIAMOND GRANT  <\/span>\n                            <\/a>\n                        <\/li><li>\n                            <a href=\"https:\/\/www.bip.nauka.gov.pl\/inkubator-innowacyjnosci-4-0\/\" >\n                                <span>INNOVATION INCUBATOR 4.0<\/span>\n                            <\/a>\n                        <\/li><li>\n                            <a href=\"https:\/\/www.bip.nauka.gov.pl\/najlepsi-z-najlepszych-4-0\/\" >\n                                <span>BEST OF THE BEST<\/span>\n                            <\/a>\n                        <\/li><\/ul><\/div><\/section>\t\t<\/div>\n\t\t\t\t<\/div>\n\t\t\t\t<div class=\"elementor-element elementor-element-14efd4c elementor-widget elementor-widget-w7\" data-id=\"14efd4c\" data-element_type=\"widget\" data-widget_type=\"w7.default\">\n\t\t\t\t<div class=\"elementor-widget-container\">\n\t\t\t<section>\n                <div class=\"mn-grid\">\n                    <div class=\"mn-grid-12 mn-horizontal-separator\"><\/div>\n                <\/div>\n                <\/section>\t\t<\/div>\n\t\t\t\t<\/div>\n\t\t\t\t\t<\/div>\n\t\t<\/div>\n\t\t\t\t\t<\/div>\n\t\t<\/section>\n\t\t\t\t<section class=\"elementor-section elementor-top-section elementor-element elementor-element-c50ae66 elementor-section-boxed elementor-section-height-default elementor-section-height-default\" data-id=\"c50ae66\" data-element_type=\"section\">\n\t\t\t\t\t\t<div class=\"elementor-container elementor-column-gap-default\">\n\t\t\t\t\t<div class=\"elementor-column elementor-col-100 elementor-top-column elementor-element elementor-element-d68097a\" data-id=\"d68097a\" data-element_type=\"column\">\n\t\t\t<div class=\"elementor-widget-wrap elementor-element-populated\">\n\t\t\t\t\t\t<div class=\"elementor-element elementor-element-a1cded4 elementor-widget elementor-widget-w1_2_3\" data-id=\"a1cded4\" data-element_type=\"widget\" data-widget_type=\"w1_2_3.default\">\n\t\t\t\t<div class=\"elementor-widget-container\">\n\t\t\t<section>\n                    <div class=\"mn-grid\">\n                        <h3  class=\"mn-grid-12 mn-section-title2\">\n                            Ministry of Agriculture and Rural Development  \n                        <\/h3>\n                    <\/div>\n                <\/section>\t\t<\/div>\n\t\t\t\t<\/div>\n\t\t\t\t\t<\/div>\n\t\t<\/div>\n\t\t\t\t\t<\/div>\n\t\t<\/section>\n\t\t\t\t<section class=\"elementor-section elementor-top-section elementor-element elementor-element-fb73ae5 elementor-section-boxed elementor-section-height-default elementor-section-height-default\" data-id=\"fb73ae5\" data-element_type=\"section\">\n\t\t\t\t\t\t<div class=\"elementor-container elementor-column-gap-default\">\n\t\t\t\t\t<div class=\"elementor-column elementor-col-100 elementor-top-column elementor-element elementor-element-d80b512\" data-id=\"d80b512\" data-element_type=\"column\">\n\t\t\t<div class=\"elementor-widget-wrap elementor-element-populated\">\n\t\t\t\t\t\t<div class=\"elementor-element elementor-element-de50fff elementor-widget elementor-widget-w9\" data-id=\"de50fff\" data-element_type=\"widget\" data-widget_type=\"w9.default\">\n\t\t\t\t<div class=\"elementor-widget-container\">\n\t\t\t<section><div class=\"mn-grid\"><ul class=\"mn-grid-12 mn-link-list-type1\"><li>\n                            <a href=\"https:\/\/www.gov.pl\/web\/rolnictwo\/aktualnosci2\" >\n                                <span>News<\/span>\n                            <\/a>\n                        <\/li><li>\n                            <a href=\"https:\/\/www.gov.pl\/web\/rolnictwo\/badania-w-rolnictwie-ekologicznym\" >\n                                <span>RESEARCH IN ORGANIC FARMING<\/span>\n                            <\/a>\n                        <\/li><li>\n                            <a href=\"https:\/\/www.gov.pl\/web\/rolnictwo\/-program-rozwoju-obszarow-wiejskich-2014-2020-prow-2014-2020\" >\n                                <span>RURAL DEVELOPMENT PROGRAMME 2014-2020 (RDW 2014-2020)<\/span>\n                            <\/a>\n                        <\/li><li>\n                            <a href=\"https:\/\/www.gov.pl\/web\/rolnictwo\/harmonogram-naboru-wnioskow-prow-2014-2020\" >\n                                <span>Timetable for the selection of RD Proposals 2014-2020 <\/span>\n                            <\/a>\n                        <\/li><\/ul><\/div><\/section>\t\t<\/div>\n\t\t\t\t<\/div>\n\t\t\t\t\t<\/div>\n\t\t<\/div>\n\t\t\t\t\t<\/div>\n\t\t<\/section>\n\t\t\t\t<\/div>\n\t\t","protected":false},"excerpt":{"rendered":"<p>Programmes and projects Ministry of Science and Higher Education News DIAMOND GRANT INNOVATION INCUBATOR 4.0 BEST OF THE BEST Ministry of Agriculture and Rural Development News RESEARCH IN ORGANIC FARMING RURAL DEVELOPMENT PROGRAMME 2014-2020 (RDW 2014-2020) Timetable for the selection of RD Proposals 2014-2020<\/p>\n","protected":false},"author":1,"featured_media":0,"parent":15157,"menu_order":0,"comment_status":"closed","ping_status":"closed","template":"","meta":{"_acf_changed":false,"footnotes":""},"class_list":["post-12734","page","type-page","status-publish","hentry"],"acf":[],"_links":{"self":[{"href":"https:\/\/www.sggw.edu.pl\/en\/wp-json\/wp\/v2\/pages\/12734","targetHints":{"allow":["GET"]}}],"collection":[{"href":"https:\/\/www.sggw.edu.pl\/en\/wp-json\/wp\/v2\/pages"}],"about":[{"href":"https:\/\/www.sggw.edu.pl\/en\/wp-json\/wp\/v2\/types\/page"}],"author":[{"embeddable":true,"href":"https:\/\/www.sggw.edu.pl\/en\/wp-json\/wp\/v2\/users\/1"}],"replies":[{"embeddable":true,"href":"https:\/\/www.sggw.edu.pl\/en\/wp-json\/wp\/v2\/comments?post=12734"}],"version-history":[{"count":10,"href":"https:\/\/www.sggw.edu.pl\/en\/wp-json\/wp\/v2\/pages\/12734\/revisions"}],"predecessor-version":[{"id":87310,"href":"https:\/\/www.sggw.edu.pl\/en\/wp-json\/wp\/v2\/pages\/12734\/revisions\/87310"}],"up":[{"embeddable":true,"href":"https:\/\/www.sggw.edu.pl\/en\/wp-json\/wp\/v2\/pages\/15157"}],"wp:attachment":[{"href":"https:\/\/www.sggw.edu.pl\/en\/wp-json\/wp\/v2\/media?parent=12734"}],"curies":[{"name":"wp","href":"https:\/\/api.w.org\/{rel}","templated":true}]}}