{"id":12736,"date":"2020-12-22T12:35:22","date_gmt":"2020-12-22T11:35:22","guid":{"rendered":"https:\/\/www.sggw.edu.pl\/education-programme\/"},"modified":"2021-05-31T12:25:17","modified_gmt":"2021-05-31T10:25:17","slug":"education-programme","status":"publish","type":"page","link":"https:\/\/www.sggw.edu.pl\/en\/science\/doctoral-school\/doktoranci\/education-programme\/","title":{"rendered":"Education programme"},"content":{"rendered":"\t\t<div data-elementor-type=\"wp-page\" data-elementor-id=\"12736\" class=\"elementor elementor-12736\" data-elementor-post-type=\"page\">\n\t\t\t\t\t\t<section class=\"elementor-section elementor-top-section elementor-element elementor-element-27102e31 elementor-section-boxed elementor-section-height-default elementor-section-height-default\" data-id=\"27102e31\" data-element_type=\"section\">\n\t\t\t\t\t\t<div class=\"elementor-container elementor-column-gap-default\">\n\t\t\t\t\t<div class=\"elementor-column elementor-col-100 elementor-top-column elementor-element elementor-element-32923410\" data-id=\"32923410\" data-element_type=\"column\">\n\t\t\t<div class=\"elementor-widget-wrap elementor-element-populated\">\n\t\t\t\t\t\t<div class=\"elementor-element elementor-element-23f45adb elementor-widget elementor-widget-wp-widget-bcn_widget\" data-id=\"23f45adb\" data-element_type=\"widget\" data-widget_type=\"wp-widget-bcn_widget.default\">\n\t\t\t\t<div class=\"elementor-widget-container\">\n\t\t\t<div class=\"mn-grid breadcrumb\">\n                                    <div class=\"breadcrumb-inner mn-grid-12\"><div class=\"breadcrumbs\" vocab=\"https:\/\/schema.org\/\" typeof=\"BreadcrumbList\"><span property=\"itemListElement\" typeof=\"ListItem\"><a property=\"item\" typeof=\"WebPage\" title=\"Go to Szko\u0142a G\u0142\u00f3wna Gospodarstwa Wiejskiego w Warszawie.\" href=\"https:\/\/www.sggw.edu.pl\/en\/\" class=\"home\" aria-current=\"page\"><span property=\"name\">Home<\/span><\/a><meta property=\"position\" content=\"1\"><\/span><\/div>    <\/div>\n                                <\/div>\t\t<\/div>\n\t\t\t\t<\/div>\n\t\t\t\t<div class=\"elementor-element elementor-element-7c457bd elementor-widget elementor-widget-post-title\" data-id=\"7c457bd\" data-element_type=\"widget\" data-widget_type=\"post-title.default\">\n\t\t\t\t<div class=\"elementor-widget-container\">\n\t\t\t<section>\n                    <div class=\"mn-grid entry-header-inner section-inner medium\">\n                        <h1 class=\"mn-grid-12 entry-title\" style=\"\">\n                            Education programme\n                        <\/h1>\n                    <\/div>\n                <\/section>\t\t<\/div>\n\t\t\t\t<\/div>\n\t\t\t\t\t<\/div>\n\t\t<\/div>\n\t\t\t\t\t<\/div>\n\t\t<\/section>\n\t\t\t\t<section class=\"elementor-section elementor-top-section elementor-element elementor-element-d335103 elementor-section-boxed elementor-section-height-default elementor-section-height-default\" data-id=\"d335103\" data-element_type=\"section\">\n\t\t\t\t\t\t<div class=\"elementor-container elementor-column-gap-default\">\n\t\t\t\t\t<div class=\"elementor-column elementor-col-100 elementor-top-column elementor-element elementor-element-97451c0\" data-id=\"97451c0\" data-element_type=\"column\">\n\t\t\t<div class=\"elementor-widget-wrap elementor-element-populated\">\n\t\t\t\t\t\t<div class=\"elementor-element elementor-element-e1e66b4 elementor-widget elementor-widget-w1_2_3\" data-id=\"e1e66b4\" data-element_type=\"widget\" data-widget_type=\"w1_2_3.default\">\n\t\t\t\t<div class=\"elementor-widget-container\">\n\t\t\t<section>\n                    <div class=\"mn-grid\">\n                        <h3  class=\"mn-grid-12 mn-section-title2\">\n                            In search of a lost landscape - in the footsteps of genius loci Gucina\n                        <\/h3>\n                    <\/div>\n                <\/section>\t\t<\/div>\n\t\t\t\t<\/div>\n\t\t\t\t\t<\/div>\n\t\t<\/div>\n\t\t\t\t\t<\/div>\n\t\t<\/section>\n\t\t\t\t<section class=\"elementor-section elementor-top-section elementor-element elementor-element-97d0c7c elementor-section-boxed elementor-section-height-default elementor-section-height-default\" data-id=\"97d0c7c\" data-element_type=\"section\">\n\t\t\t\t\t\t<div class=\"elementor-container elementor-column-gap-default\">\n\t\t\t\t\t<div class=\"elementor-column elementor-col-100 elementor-top-column elementor-element elementor-element-7c06ac1\" data-id=\"7c06ac1\" data-element_type=\"column\">\n\t\t\t<div class=\"elementor-widget-wrap elementor-element-populated\">\n\t\t\t\t\t\t<div class=\"elementor-element elementor-element-4f22334 elementor-widget elementor-widget-w12\" data-id=\"4f22334\" data-element_type=\"widget\" data-widget_type=\"w12.default\">\n\t\t\t\t<div class=\"elementor-widget-container\">\n\t\t\t<section>\n                <div class=\"mn-grid\">\n                    <div class=\"mn-grid-12 mn-mod-text-links\">\n                        <div class=\"introText\">Warsaw branch of the Polish Botanical Society, Museum of the Main School of Rural Farm in Warsaw, Ursyn\u00f3w District Office m. St. Warsaw, Parish of St. Katarzyna on S\u0142u\u017cewo, Museum of the Palace of King John III in Wilanow invite you to a historical and natural tour fri. In search of a lost landscape &#8211; in the footsteps of genius loci Gucina organized as part of the European Heritage Days &#8220;Heritage landscape \u2013 landscape heritage&#8221;.<\/div>\n<div class=\"fullText\">\n<p align=\"center\">Starting at the Church of St. Katarzyna on S\u0142u\u017cewo, ul. Fosa 17, Warsaw<\/p>\n<p align=\"center\"><strong>Saturday, 16 September 2017 10:00 a.m. 11.<\/strong><\/p>\n<p align=\"center\"><strong>Please confirm your participation:<\/strong><\/p>\n<p align=\"center\">warszawa@pbsociety.org.pl<\/p>\n<p align=\"center\">More information on http:\/\/edd.nid.pl\/ and http:\/\/www.ptb.waw.pl\/<\/p>\n<p align=\"center\">Participants of the tour will receive a commemorative publishing house about Guin<\/p>\n<p>Gucin, the former court-park foundation of the Wilanowski key, in the bicentenary of its creation focuses on the attention of researchers \u2013 naturalists, historians, landscape architects \u2013 even though it remains an unknown place for the inhabitants of Warsaw. Little is left of the material tissue, but the historical tradition of the place makes the memory of it still ongoing and admonishes for respect for the beautifully conceived, national in its pronunciation of the work. Lost to a large extent, destroying since the middle of the XIX century has become a place of incursion of wildlife and today it is its valuable mainstay in the urbanocenoza of Warsaw.<\/p>\n<p>The historical establishment of the court and park, created by Stanis\u0142aw Kostka and his wife Aleksandra Potocki in 1817, was located on the Ursynowska Slope between the Church of St. Peter. Katarzyna and Potok S\u0142u\u017cewski and belonged to the subsidiary estates of wilanowski key together with Natolin and Morysin. This place selected &#8220;for a charming location&#8221; at the vistula slope and creek was then embellished by Potocki. After the death of Stanis\u0142aw Kostka Potocki, his wife&#8217;s efforts were founded here an unusual Grove \u2013 a monument to the memory of this great patriot, statesman and scholar and his brother Ignatia Potocki. The lightest people of that era planted here trees-monuments, the sound of which after centuries was reminiscent of the great ideas and achievements of the Potocki brothers, but also of their associates. Will we find trees planted here today with the hands of Julian Ursin Niemcewicz, Stanislaw Staszic, Micha\u0142 Szubert and many others?  <\/p>\n<\/div>\n\n                    <\/div>\n                <\/div>\n            <\/section>\t\t<\/div>\n\t\t\t\t<\/div>\n\t\t\t\t\t<\/div>\n\t\t<\/div>\n\t\t\t\t\t<\/div>\n\t\t<\/section>\n\t\t\t\t<\/div>\n\t\t","protected":false},"excerpt":{"rendered":"<p>In search of a lost landscape &#8211; in the footsteps of genius loci Gucina Warsaw branch of the Polish Botanical Society, Museum of the Main School of Rural Farm in Warsaw, Ursyn\u00f3w District Office m. St. Warsaw, Parish of St. Katarzyna on S\u0142u\u017cewo, Museum of the Palace of King John III in Wilanow invite you [&hellip;]<\/p>\n","protected":false},"author":1,"featured_media":0,"parent":12767,"menu_order":0,"comment_status":"closed","ping_status":"closed","template":"","meta":{"_acf_changed":false,"footnotes":""},"class_list":["post-12736","page","type-page","status-publish","hentry"],"acf":[],"_links":{"self":[{"href":"https:\/\/www.sggw.edu.pl\/en\/wp-json\/wp\/v2\/pages\/12736","targetHints":{"allow":["GET"]}}],"collection":[{"href":"https:\/\/www.sggw.edu.pl\/en\/wp-json\/wp\/v2\/pages"}],"about":[{"href":"https:\/\/www.sggw.edu.pl\/en\/wp-json\/wp\/v2\/types\/page"}],"author":[{"embeddable":true,"href":"https:\/\/www.sggw.edu.pl\/en\/wp-json\/wp\/v2\/users\/1"}],"replies":[{"embeddable":true,"href":"https:\/\/www.sggw.edu.pl\/en\/wp-json\/wp\/v2\/comments?post=12736"}],"version-history":[{"count":1,"href":"https:\/\/www.sggw.edu.pl\/en\/wp-json\/wp\/v2\/pages\/12736\/revisions"}],"predecessor-version":[{"id":12737,"href":"https:\/\/www.sggw.edu.pl\/en\/wp-json\/wp\/v2\/pages\/12736\/revisions\/12737"}],"up":[{"embeddable":true,"href":"https:\/\/www.sggw.edu.pl\/en\/wp-json\/wp\/v2\/pages\/12767"}],"wp:attachment":[{"href":"https:\/\/www.sggw.edu.pl\/en\/wp-json\/wp\/v2\/media?parent=12736"}],"curies":[{"name":"wp","href":"https:\/\/api.w.org\/{rel}","templated":true}]}}