{"id":12748,"date":"2020-12-22T12:35:49","date_gmt":"2020-12-22T11:35:49","guid":{"rendered":"https:\/\/www.sggw.edu.pl\/document-certifying-knowledge-of-english\/"},"modified":"2021-06-16T00:47:18","modified_gmt":"2021-06-15T22:47:18","slug":"document-certifying-knowledge-of-english","status":"publish","type":"page","link":"https:\/\/www.sggw.edu.pl\/en\/document-certifying-knowledge-of-english\/","title":{"rendered":"Documents certifying knowledge of English"},"content":{"rendered":"\t\t<div data-elementor-type=\"wp-page\" data-elementor-id=\"12748\" class=\"elementor elementor-12748\" data-elementor-post-type=\"page\">\n\t\t\t\t\t\t<section class=\"elementor-section elementor-top-section elementor-element elementor-element-590b8a08 elementor-section-boxed elementor-section-height-default elementor-section-height-default\" data-id=\"590b8a08\" data-element_type=\"section\">\n\t\t\t\t\t\t<div class=\"elementor-container elementor-column-gap-default\">\n\t\t\t\t\t<div class=\"elementor-column elementor-col-100 elementor-top-column elementor-element elementor-element-2fe57e0e\" data-id=\"2fe57e0e\" data-element_type=\"column\">\n\t\t\t<div class=\"elementor-widget-wrap elementor-element-populated\">\n\t\t\t\t\t\t<div class=\"elementor-element elementor-element-3865669e elementor-widget elementor-widget-wp-widget-bcn_widget\" data-id=\"3865669e\" data-element_type=\"widget\" data-widget_type=\"wp-widget-bcn_widget.default\">\n\t\t\t\t<div class=\"elementor-widget-container\">\n\t\t\t<div class=\"mn-grid breadcrumb\">\n                                    <div class=\"breadcrumb-inner mn-grid-12\"><div class=\"breadcrumbs\" vocab=\"https:\/\/schema.org\/\" typeof=\"BreadcrumbList\"><span property=\"itemListElement\" typeof=\"ListItem\"><a property=\"item\" typeof=\"WebPage\" title=\"Go to Szko\u0142a G\u0142\u00f3wna Gospodarstwa Wiejskiego w Warszawie.\" href=\"https:\/\/www.sggw.edu.pl\/en\/\" class=\"home\" aria-current=\"page\"><span property=\"name\">Home<\/span><\/a><meta property=\"position\" content=\"1\"><\/span><\/div>    <\/div>\n                                <\/div>\t\t<\/div>\n\t\t\t\t<\/div>\n\t\t\t\t<div class=\"elementor-element elementor-element-589add69 elementor-widget elementor-widget-post-title\" data-id=\"589add69\" data-element_type=\"widget\" data-widget_type=\"post-title.default\">\n\t\t\t\t<div class=\"elementor-widget-container\">\n\t\t\t<section>\n                    <div class=\"mn-grid entry-header-inner section-inner medium\">\n                        <h1 class=\"mn-grid-12 entry-title\" style=\"\">\n                            Documents certifying knowledge of English\n                        <\/h1>\n                    <\/div>\n                <\/section>\t\t<\/div>\n\t\t\t\t<\/div>\n\t\t\t\t\t<\/div>\n\t\t<\/div>\n\t\t\t\t\t<\/div>\n\t\t<\/section>\n\t\t\t\t<section class=\"elementor-section elementor-top-section elementor-element elementor-element-3405b83 elementor-section-boxed elementor-section-height-default elementor-section-height-default\" data-id=\"3405b83\" data-element_type=\"section\">\n\t\t\t\t\t\t<div class=\"elementor-container elementor-column-gap-default\">\n\t\t\t\t\t<div class=\"elementor-column elementor-col-100 elementor-top-column elementor-element elementor-element-65e84c0\" data-id=\"65e84c0\" data-element_type=\"column\">\n\t\t\t<div class=\"elementor-widget-wrap elementor-element-populated\">\n\t\t\t\t\t\t<div class=\"elementor-element elementor-element-ba46e3d elementor-widget elementor-widget-w12\" data-id=\"ba46e3d\" data-element_type=\"widget\" data-widget_type=\"w12.default\">\n\t\t\t\t<div class=\"elementor-widget-container\">\n\t\t\t<section>\n                <div class=\"mn-grid\">\n                    <div class=\"mn-grid-12 mn-mod-text-links\">\n                        <p><strong>DOCUMENTS CERTIFYING KNOWLEDGE OF ENGLISH<\/strong><br \/>The Candidates are obliged to provide one of the following documents certifying their knowledge of English at <strong>B2 level<\/strong> or higher according to the global scale of the &#8220;Common European Framework of Reference for Languages: learning, teaching, assessment (CEFR)&#8221;.<\/p><p>Documents fulfilling the criteria are, among others:<\/p><ol><li><strong>International Baccalaureate Diploma.<\/strong><\/li><li><strong>European Baccalaureate Diploma.<\/strong><\/li><li><strong>Certificates confirming knowledge of the foreign language at B2 level:<\/strong><\/li><\/ol><p><strong>Association of Language Testers in Europe (ALTE)<\/strong> &#8211; ALTE Level 3 (B2) and higher:<\/p><ul><li>First Certificate in English (FCE);<\/li><li>Certificate in Advanced English (CAE);<\/li><li>Certificate of Proficiency in English (CPE);<\/li><li>Business English Certificate (BEC) Vantage \u2013 at least Pass;<\/li><li>Business English Certificate (BEC) Higher<\/li><li>Certificate in English for International Business and Trade (CEIBT);<\/li><\/ul><p><strong>Educational Testing Service (ETS):<\/strong><\/p><ul><li>Test of English as a Foreign Language (TOEFL) \u2013 at least 72 points in the Internet-Based Test (IBT);<\/li><li>Test of English as a Foreign Language (TOEFL) \u2013 at least 180 points in the Computer-Based Test (CBT);<\/li><li>Test of English as a Foreign Language (TOEFL) \u2013 at least 510 points in the Paper-Based Test (PBT);<\/li><li>Test of English as a Foreign Language (TOEFL) \u2013 at least 543 points in the Institutional Testing Programme (ITP);<\/li><li>Test of English for International Communication (TOEIC) \u2013 at least 785 points;<\/li><\/ul><p><strong>University of Cambridge ESOL Examinations, British Council, IDP IELTS Australia:<\/strong><\/p><ul><li>International English Language Testing System IELTS &#8211; above 6 points;<\/li><\/ul><p><strong>Cambridge Assessment English:<\/strong><\/p><ul><li>Cambridge B2 First (with minimum grade C)<\/li><li>Cambridge B2 Business Vantage (with minimum grade C)<\/li><li>Cambridge C1 Advanced<\/li><li>Cambridge C2 Proficiency<\/li><\/ul><p><strong>City &amp; Guilds, City &amp; Guilds Pitman Qualifications, Pitman Qualifications Institute:<\/strong><\/p><ul><li>English for Speakers of Other Languages (ESOL) &#8211; First Class Pass at Intermediate Level minimum;<\/li><li>International English for Speakers of Other Languages (IESOL) \u2013 a minimum level of &#8220;Communicator&#8221;;<\/li><li>City &amp; Guilds Level 1 Certificate in ESOL International (reading, writing and listening) a minimum level of Communicator (B2) 500\/1765\/2;<\/li><li>Spoken English Test (SET) for Business &#8211; minimum Stage B &#8220;Communicator&#8221;;<\/li><li>English for Business Communications (ECB) &#8211; Level 2 minimum, Level 3 minimum;<\/li><li>English for Office Skills (EOS) &#8211; Level 2 minimum;<\/li><\/ul><p><strong>Edexcel, Pearson Language Tests, Pearson Language Assessments:<\/strong><\/p><ul><li>London Tests of English, minimum Level 3 (Edexcel Level 1 Certificate in ESOL International);<\/li><li>London Tests of English, minimum Level 4 (Edexcel Level 2 Certificate in ESOL International);<\/li><li>London Tests of English, minimum Level 5 (Edexcel Level 3 Certificate in ESOL International);<\/li><\/ul><p><strong>Education Development International (EDI), London Chamber of Commerce and Industry Examinations Board:<\/strong><\/p><ul><li>London Chamber of Commerce and Industry Examinations (LCCI) &#8211; English for Business Level 2, English for Business Level 3, English for Business Level 4;<\/li><li>London Chamber of Commerce and Industry Examinations (LCCI) &#8211; Foundation Certificate for teachers of Business English (FTBE);<\/li><li>London Chamber of Commerce and Industry Examinations (LCCI) &#8211; English for Tourism Level 2 &#8220;Pass with Credit&#8221;, Level 2 &#8220;Pass with Distinction&#8221;;<\/li><\/ul><p><strong>Telc GmbH, WBT Weiterbildungs-Testsysteme GmbH:<\/strong><\/p><ul><li>B2 Certificate in English &#8211; advantage;<\/li><li>B2 Certificate in English for Business Purposes &#8211; advantage;<\/li><li>Certificate in English for Technical Purposes (B2);<\/li><li>Telc English B2, Telc English B2 Business, Telc English B2 Technical, Telc English C1;<\/li><\/ul><ol start=\"4\"><li><strong>A higher education diploma confirming graduation from a degree programme carried out in English only, in a higher education institution abroad or in Poland.<\/strong><\/li><li><strong>Passed exam of English language at the level B2, if it was implemented as a subject in the first cycle studies at SGGW.<\/strong><\/li><\/ol>\n                    <\/div>\n                <\/div>\n            <\/section>\t\t<\/div>\n\t\t\t\t<\/div>\n\t\t\t\t\t<\/div>\n\t\t<\/div>\n\t\t\t\t\t<\/div>\n\t\t<\/section>\n\t\t\t\t<\/div>\n\t\t","protected":false},"excerpt":{"rendered":"<p>Documents certifying knowledge of English DOCUMENTS CERTIFYING KNOWLEDGE OF ENGLISHThe Candidates are obliged to provide one of the following documents certifying their knowledge of English at B2 level or higher according to the global scale of the &#8222;Common European Framework of Reference for Languages: learning, teaching, assessment (CEFR)&#8221;. Documents fulfilling the criteria are, among others: [&hellip;]<\/p>\n","protected":false},"author":1,"featured_media":0,"parent":0,"menu_order":0,"comment_status":"closed","ping_status":"closed","template":"","meta":{"_acf_changed":false,"footnotes":""},"class_list":["post-12748","page","type-page","status-publish","hentry"],"acf":[],"_links":{"self":[{"href":"https:\/\/www.sggw.edu.pl\/en\/wp-json\/wp\/v2\/pages\/12748","targetHints":{"allow":["GET"]}}],"collection":[{"href":"https:\/\/www.sggw.edu.pl\/en\/wp-json\/wp\/v2\/pages"}],"about":[{"href":"https:\/\/www.sggw.edu.pl\/en\/wp-json\/wp\/v2\/types\/page"}],"author":[{"embeddable":true,"href":"https:\/\/www.sggw.edu.pl\/en\/wp-json\/wp\/v2\/users\/1"}],"replies":[{"embeddable":true,"href":"https:\/\/www.sggw.edu.pl\/en\/wp-json\/wp\/v2\/comments?post=12748"}],"version-history":[{"count":8,"href":"https:\/\/www.sggw.edu.pl\/en\/wp-json\/wp\/v2\/pages\/12748\/revisions"}],"predecessor-version":[{"id":84305,"href":"https:\/\/www.sggw.edu.pl\/en\/wp-json\/wp\/v2\/pages\/12748\/revisions\/84305"}],"wp:attachment":[{"href":"https:\/\/www.sggw.edu.pl\/en\/wp-json\/wp\/v2\/media?parent=12748"}],"curies":[{"name":"wp","href":"https:\/\/api.w.org\/{rel}","templated":true}]}}