{"id":12751,"date":"2020-12-22T12:35:51","date_gmt":"2020-12-22T11:35:51","guid":{"rendered":"https:\/\/www.sggw.edu.pl\/doctoral-candidates-electronic-id-card\/"},"modified":"2021-05-31T12:25:17","modified_gmt":"2021-05-31T10:25:17","slug":"doctoral-candidates-electronic-id-card","status":"publish","type":"page","link":"https:\/\/www.sggw.edu.pl\/en\/science\/doctoral-school\/doktoranci\/doctoral-candidates-electronic-id-card\/","title":{"rendered":"Doctoral Candidate&#8217;s Electronic ID card"},"content":{"rendered":"\t\t<div data-elementor-type=\"wp-page\" data-elementor-id=\"12751\" class=\"elementor elementor-12751\" data-elementor-post-type=\"page\">\n\t\t\t\t\t\t<section class=\"elementor-section elementor-top-section elementor-element elementor-element-7b066960 elementor-section-boxed elementor-section-height-default elementor-section-height-default\" data-id=\"7b066960\" data-element_type=\"section\">\n\t\t\t\t\t\t<div class=\"elementor-container elementor-column-gap-default\">\n\t\t\t\t\t<div class=\"elementor-column elementor-col-100 elementor-top-column elementor-element elementor-element-73b4af3a\" data-id=\"73b4af3a\" data-element_type=\"column\">\n\t\t\t<div class=\"elementor-widget-wrap elementor-element-populated\">\n\t\t\t\t\t\t<div class=\"elementor-element elementor-element-4f290053 elementor-widget elementor-widget-wp-widget-bcn_widget\" data-id=\"4f290053\" data-element_type=\"widget\" data-widget_type=\"wp-widget-bcn_widget.default\">\n\t\t\t\t<div class=\"elementor-widget-container\">\n\t\t\t<div class=\"mn-grid breadcrumb\">\n                                    <div class=\"breadcrumb-inner mn-grid-12\"><div class=\"breadcrumbs\" vocab=\"https:\/\/schema.org\/\" typeof=\"BreadcrumbList\"><span property=\"itemListElement\" typeof=\"ListItem\"><a property=\"item\" typeof=\"WebPage\" title=\"Go to Szko\u0142a G\u0142\u00f3wna Gospodarstwa Wiejskiego w Warszawie.\" href=\"https:\/\/www.sggw.edu.pl\/en\/\" class=\"home\" aria-current=\"page\"><span property=\"name\">Home<\/span><\/a><meta property=\"position\" content=\"1\"><\/span><\/div>    <\/div>\n                                <\/div>\t\t<\/div>\n\t\t\t\t<\/div>\n\t\t\t\t<div class=\"elementor-element elementor-element-2938bf22 elementor-widget elementor-widget-post-title\" data-id=\"2938bf22\" data-element_type=\"widget\" data-widget_type=\"post-title.default\">\n\t\t\t\t<div class=\"elementor-widget-container\">\n\t\t\t<section>\n                    <div class=\"mn-grid entry-header-inner section-inner medium\">\n                        <h1 class=\"mn-grid-12 entry-title\" style=\"\">\n                            Doctoral Candidate&#8217;s Electronic ID card\n                        <\/h1>\n                    <\/div>\n                <\/section>\t\t<\/div>\n\t\t\t\t<\/div>\n\t\t\t\t<div class=\"elementor-element elementor-element-c3105fb elementor-widget elementor-widget-w33\" data-id=\"c3105fb\" data-element_type=\"widget\" data-widget_type=\"w33.default\">\n\t\t\t\t<div class=\"elementor-widget-container\">\n\t\t\t<section>\n            <div class=\"mn-grid\">\n                <div class=\"mn-vertical-separator\">\n                    \n                <\/div>\n            <\/section>\t\t<\/div>\n\t\t\t\t<\/div>\n\t\t\t\t\t<\/div>\n\t\t<\/div>\n\t\t\t\t\t<\/div>\n\t\t<\/section>\n\t\t\t\t<section class=\"elementor-section elementor-top-section elementor-element elementor-element-bbc29a2 elementor-section-boxed elementor-section-height-default elementor-section-height-default\" data-id=\"bbc29a2\" data-element_type=\"section\">\n\t\t\t\t\t\t<div class=\"elementor-container elementor-column-gap-default\">\n\t\t\t\t\t<div class=\"elementor-column elementor-col-100 elementor-top-column elementor-element elementor-element-4988f2f\" data-id=\"4988f2f\" data-element_type=\"column\">\n\t\t\t<div class=\"elementor-widget-wrap elementor-element-populated\">\n\t\t\t\t\t\t<div class=\"elementor-element elementor-element-28a35db elementor-widget elementor-widget-w12\" data-id=\"28a35db\" data-element_type=\"widget\" data-widget_type=\"w12.default\">\n\t\t\t\t<div class=\"elementor-widget-container\">\n\t\t\t<section>\n                <div class=\"mn-grid\">\n                    <div class=\"mn-grid-12 mn-mod-text-links\">\n                        <p><strong>In order to obtain an electronic Doctoral Candidate ID card, phD students of the SGGW Doctoral School are required to:<\/strong><\/p>\n<p>1. Virtual Dean account https:\/\/ehms.sggw.pl\/standard\/,<\/p>\n<p>2. Load the current photo into the system through the ehms account &#8211; bookmark my data &#8211; edit,<\/p>\n<p>3. inform the employee of the Doctoral School by e-mail of the wish to receive an electronic doctoral card of the SGGW<\/p>\n<p><strong>CI guidelines for placing a photo in the University system:<\/strong><\/p>\n<p>\u2022 Digital form of 300 dots per inch (300 dpi) in jpg format;<\/p>\n<p>\u2022 print size 2.00 cm (base) by 2.50 cm (height);<\/p>\n<p>\u2022 legitimizing photo, colored;<\/p>\n<p>\u2022 uniform, bright background (there must be no additional elements);<\/p>\n<p>\u2022 the portrait must not reach below the armpit;<\/p>\n<p>\u2022 photo without headgear, glasses with dark glasses;<\/p>\n<p>\u2022 a person with congenital or acquired visual impairments may attach photographs depicting a person in glasses with dark glasses, and a person wearing a headdress in accordance with the rules of his religion \u2013 photographs depicting a person with a headdress (a document certifying the right to attach a photograph depicting a person in glasses with dark glasses is a judgment on the degree of disability of a person due to an innate or acquired visual impairment , issued in accordance with the provisions on disability and disability; the document certifying entitlement to attach a photograph showing the person in the headgear shall be a certificate of membership of the religious community);<\/p>\n<p><strong>Note!<\/strong><\/p>\n<p>Due to increased control in the ELS handling system, the current phD student data in HMS must be identical to the data contained on the extended ID card.<\/p>\n<p>In the event of a change of name or check-in address, the doctoral student is required to request a printout of the duplicate Doctoral Card.<\/p>\n<p>In the event of data discrepancies, the existing ID card will not be renewed for the next new academic year.<\/p>\n\n                    <\/div>\n                <\/div>\n            <\/section>\t\t<\/div>\n\t\t\t\t<\/div>\n\t\t\t\t\t<\/div>\n\t\t<\/div>\n\t\t\t\t\t<\/div>\n\t\t<\/section>\n\t\t\t\t<\/div>\n\t\t","protected":false},"excerpt":{"rendered":"<p>In order to obtain an electronic Doctoral Candidate ID card, phD students of the SGGW Doctoral School are required to: 1. Virtual Dean account https:\/\/ehms.sggw.pl\/standard\/, 2. Load the current photo into the system through the ehms account &#8211; bookmark my data &#8211; edit, 3. inform the employee of the Doctoral School by e-mail of the [&hellip;]<\/p>\n","protected":false},"author":1,"featured_media":0,"parent":12767,"menu_order":0,"comment_status":"closed","ping_status":"closed","template":"","meta":{"_acf_changed":false,"footnotes":""},"class_list":["post-12751","page","type-page","status-publish","hentry"],"acf":[],"_links":{"self":[{"href":"https:\/\/www.sggw.edu.pl\/en\/wp-json\/wp\/v2\/pages\/12751","targetHints":{"allow":["GET"]}}],"collection":[{"href":"https:\/\/www.sggw.edu.pl\/en\/wp-json\/wp\/v2\/pages"}],"about":[{"href":"https:\/\/www.sggw.edu.pl\/en\/wp-json\/wp\/v2\/types\/page"}],"author":[{"embeddable":true,"href":"https:\/\/www.sggw.edu.pl\/en\/wp-json\/wp\/v2\/users\/1"}],"replies":[{"embeddable":true,"href":"https:\/\/www.sggw.edu.pl\/en\/wp-json\/wp\/v2\/comments?post=12751"}],"version-history":[{"count":3,"href":"https:\/\/www.sggw.edu.pl\/en\/wp-json\/wp\/v2\/pages\/12751\/revisions"}],"predecessor-version":[{"id":12757,"href":"https:\/\/www.sggw.edu.pl\/en\/wp-json\/wp\/v2\/pages\/12751\/revisions\/12757"}],"up":[{"embeddable":true,"href":"https:\/\/www.sggw.edu.pl\/en\/wp-json\/wp\/v2\/pages\/12767"}],"wp:attachment":[{"href":"https:\/\/www.sggw.edu.pl\/en\/wp-json\/wp\/v2\/media?parent=12751"}],"curies":[{"name":"wp","href":"https:\/\/api.w.org\/{rel}","templated":true}]}}