{"id":12759,"date":"2020-12-22T12:35:59","date_gmt":"2020-12-22T11:35:59","guid":{"rendered":"https:\/\/www.sggw.edu.pl\/submission-of-documents\/"},"modified":"2021-05-26T15:43:31","modified_gmt":"2021-05-26T13:43:31","slug":"submission-of-documents","status":"publish","type":"page","link":"https:\/\/www.sggw.edu.pl\/en\/practical-information-for-students\/faq-grade-i-uniform\/submission-of-documents\/","title":{"rendered":"Submission of documents"},"content":{"rendered":"\t\t<div data-elementor-type=\"wp-page\" data-elementor-id=\"12759\" class=\"elementor elementor-12759\" data-elementor-post-type=\"page\">\n\t\t\t\t\t\t<section class=\"elementor-section elementor-top-section elementor-element elementor-element-138997a8 elementor-section-boxed elementor-section-height-default elementor-section-height-default\" data-id=\"138997a8\" data-element_type=\"section\">\n\t\t\t\t\t\t<div class=\"elementor-container elementor-column-gap-default\">\n\t\t\t\t\t<div class=\"elementor-column elementor-col-100 elementor-top-column elementor-element elementor-element-75eed457\" data-id=\"75eed457\" data-element_type=\"column\">\n\t\t\t<div class=\"elementor-widget-wrap elementor-element-populated\">\n\t\t\t\t\t\t<div class=\"elementor-element elementor-element-145b5e2c elementor-widget elementor-widget-wp-widget-bcn_widget\" data-id=\"145b5e2c\" data-element_type=\"widget\" data-widget_type=\"wp-widget-bcn_widget.default\">\n\t\t\t\t<div class=\"elementor-widget-container\">\n\t\t\t<div class=\"mn-grid breadcrumb\">\n                                    <div class=\"breadcrumb-inner mn-grid-12\"><div class=\"breadcrumbs\" vocab=\"https:\/\/schema.org\/\" typeof=\"BreadcrumbList\"><span property=\"itemListElement\" typeof=\"ListItem\"><a property=\"item\" typeof=\"WebPage\" title=\"Go to Szko\u0142a G\u0142\u00f3wna Gospodarstwa Wiejskiego w Warszawie.\" href=\"https:\/\/www.sggw.edu.pl\/en\/\" class=\"home\" aria-current=\"page\"><span property=\"name\">Home<\/span><\/a><meta property=\"position\" content=\"1\"><\/span><\/div>    <\/div>\n                                <\/div>\t\t<\/div>\n\t\t\t\t<\/div>\n\t\t\t\t<div class=\"elementor-element elementor-element-579a1179 elementor-widget elementor-widget-post-title\" data-id=\"579a1179\" data-element_type=\"widget\" data-widget_type=\"post-title.default\">\n\t\t\t\t<div class=\"elementor-widget-container\">\n\t\t\t<section>\n                    <div class=\"mn-grid entry-header-inner section-inner medium\">\n                        <h1 class=\"mn-grid-12 entry-title\" style=\"\">\n                            Submission of documents\n                        <\/h1>\n                    <\/div>\n                <\/section>\t\t<\/div>\n\t\t\t\t<\/div>\n\t\t\t\t\t<\/div>\n\t\t<\/div>\n\t\t\t\t\t<\/div>\n\t\t<\/section>\n\t\t\t\t<section class=\"elementor-section elementor-top-section elementor-element elementor-element-e54c559 elementor-section-boxed elementor-section-height-default elementor-section-height-default\" data-id=\"e54c559\" data-element_type=\"section\">\n\t\t\t\t\t\t<div class=\"elementor-container elementor-column-gap-default\">\n\t\t\t\t\t<div class=\"elementor-column elementor-col-100 elementor-top-column elementor-element elementor-element-f2bd811\" data-id=\"f2bd811\" data-element_type=\"column\">\n\t\t\t<div class=\"elementor-widget-wrap elementor-element-populated\">\n\t\t\t\t\t\t<div class=\"elementor-element elementor-element-f554ffc elementor-widget elementor-widget-w33\" data-id=\"f554ffc\" data-element_type=\"widget\" data-widget_type=\"w33.default\">\n\t\t\t\t<div class=\"elementor-widget-container\">\n\t\t\t<section>\n            <div class=\"mn-grid\">\n                <div class=\"mn-vertical-separator-x2\">\n                    \n                <\/div>\n            <\/section>\t\t<\/div>\n\t\t\t\t<\/div>\n\t\t\t\t\t<\/div>\n\t\t<\/div>\n\t\t\t\t\t<\/div>\n\t\t<\/section>\n\t\t\t\t<section class=\"elementor-section elementor-top-section elementor-element elementor-element-48aa929 elementor-section-boxed elementor-section-height-default elementor-section-height-default\" data-id=\"48aa929\" data-element_type=\"section\">\n\t\t\t\t\t\t<div class=\"elementor-container elementor-column-gap-default\">\n\t\t\t\t\t<div class=\"elementor-column elementor-col-100 elementor-top-column elementor-element elementor-element-1644c35\" data-id=\"1644c35\" data-element_type=\"column\">\n\t\t\t<div class=\"elementor-widget-wrap elementor-element-populated\">\n\t\t\t\t\t\t<div class=\"elementor-element elementor-element-eb04d76 elementor-widget elementor-widget-w34\" data-id=\"eb04d76\" data-element_type=\"widget\" data-widget_type=\"w34.default\">\n\t\t\t\t<div class=\"elementor-widget-container\">\n\t\t\t        <section id=\"w34-eb04d76\" class=\"mn-m5-c mn-m5-d2\">\n            <div class=\"mn-grid\">\n                <div class=\"mn-content mn-grid-12\">\n                    <div class=\"mn-content-block active\">\n                                                                <ul class=\"mn-accordion\">\n                                            <li>\n                                                <h4 class=\"mn-accordion-title\"\n                                                    role=\"button\"\n                                                    tabindex=\"0\"\n                                                    aria-expanded=\"false\"\n                                                    aria-controls=\"w34-eb04d76-panel-0\">Who submits documents and when?<\/h4>\n                                                <div id=\"w34-eb04d76-panel-0\" style=\"display:none;\" hidden>\n                                                    <p>The documents are provided to SGGW by candidates who have been qualified for admission and have confirmed their readiness to study at SGGW, thus obtaining a&nbsp;&#8220;pending&#8221; status.<\/p>\n<p>After qualifying for admission, the status of &#8220;qualified&#8221; candidate confirms that you have read the information for the qualified candidates (highlighted in red menu tab) and then, after confirming that you have read the above information, according to the following highlighted menu items:<\/p>\n<ul>\n<li>supplements information on secondary school,<\/li>\n<li>attaches digital photography to SOK,<\/li>\n<li>attaches to the SOK a&nbsp;scan of the baccalaureate certificate.<\/li>\n<li>Then, on the Home page of the candidate&#8217;s administration panel:<\/li>\n<li>prints and validates the Personal Survey\/ Applications for admission to study (possibly corrects the data)<\/li>\n<li>clicks on the gray button Confirm ____<\/li>\n<\/ul>\n<p>A&nbsp;signed survey\/application for acceptance, a&nbsp;paper photograph (signed), an original certificate of maturity or a&nbsp;notarized copy of the original certificate of maturity (or for documents obtained in other countries a&nbsp;certificate entitling to apply for studies in the country of issue of that certificate), a&nbsp;simple photocopy of the first page of the high school leaving certificate should be provided within the time limit specified in the recruitment timeline.<\/p>\n<p>We recommend sending these documents by courier or letter. Note that the documents listed above are considered correct. Regular copies of certificates of <strong>maturity will not be accepted.<\/strong> The HEI shall keep in the student&#8217;s file a&nbsp;certified copy of the certificate of maturity. In order to confirm such a&nbsp;copy, the original of the certificate for inspection is required.<\/p>\n<p>The original will be sent back to the address indicated or will be collected by the dean after the start of the studies (upon receipt of the student ID card, signing the oath, etc.) at the candidate&#8217;s will.<\/p>\n<p>In extreme cases, documents may be delivered in person within the time limits set in the recruitment calendar.<\/p>\n<p>Persons who do not confirm their readiness to study or who confirm but do not provide the required documents within the specified period will receive the status \u2013 resignation.<\/p>\n                                                <\/div>\n                                            <\/li>\n                                        <\/ul>\n                                                                                <ul class=\"mn-accordion\">\n                                            <li>\n                                                <h4 class=\"mn-accordion-title\"\n                                                    role=\"button\"\n                                                    tabindex=\"0\"\n                                                    aria-expanded=\"false\"\n                                                    aria-controls=\"w34-eb04d76-panel-1\">Should I&nbsp;submit any documents to SGGW earlier than the recruitment calendar provides?<\/h4>\n                                                <div id=\"w34-eb04d76-panel-1\" style=\"display:none;\" hidden>\n                                                    <p>No, we do not expect documents to be submitted before we qualify for admission. The exception is the winners of the Olympics and competitions, who submit all documents together with the qualifications of the winner before qualification.<\/p>\n                                                <\/div>\n                                            <\/li>\n                                        <\/ul>\n                                                                                <ul class=\"mn-accordion\">\n                                            <li>\n                                                <h4 class=\"mn-accordion-title\"\n                                                    role=\"button\"\n                                                    tabindex=\"0\"\n                                                    aria-expanded=\"false\"\n                                                    aria-controls=\"w34-eb04d76-panel-2\">Do I&nbsp;have to submit my documents in person? Can I&nbsp;send them by post or courier, for example?<\/h4>\n                                                <div id=\"w34-eb04d76-panel-2\" style=\"display:none;\" hidden>\n                                                    <p>We recommend sending documents by post or courier.<\/p>\n                                                <\/div>\n                                            <\/li>\n                                        <\/ul>\n                                                                                <ul class=\"mn-accordion\">\n                                            <li>\n                                                <h4 class=\"mn-accordion-title\"\n                                                    role=\"button\"\n                                                    tabindex=\"0\"\n                                                    aria-expanded=\"false\"\n                                                    aria-controls=\"w34-eb04d76-panel-3\">Can someone else pick up documents from SGGW on behalf of a&nbsp;candidate?<\/h4>\n                                                <div id=\"w34-eb04d76-panel-3\" style=\"display:none;\" hidden>\n                                                    <p>Yes, as long as he has a&nbsp;notarial authority to dispose of the candidate&#8217;s documents during recruitment in SGGW. Each person receiving documents must have a&nbsp;valid photo ID. After the documents have been withdrawn by a&nbsp;third party, its notarial authorisation remains with SGGW.<\/p>\n<p>Candidates who cancel their studies at SGGW before the end of recruitment will be sent back to the mailing address provided in the SOK.<\/p>\n                                                <\/div>\n                                            <\/li>\n                                        <\/ul>\n                                                                                <ul class=\"mn-accordion\">\n                                            <li>\n                                                <h4 class=\"mn-accordion-title\"\n                                                    role=\"button\"\n                                                    tabindex=\"0\"\n                                                    aria-expanded=\"false\"\n                                                    aria-controls=\"w34-eb04d76-panel-4\">My high school diploma and baccalaureate certificate are in the dean. What to do?<\/h4>\n                                                <div id=\"w34-eb04d76-panel-4\" style=\"display:none;\" hidden>\n                                                    <p>If a&nbsp;candidate is studying or has already completed one course of study (he\/she has left his\/her studies, has been deleted) and has not yet cleared the faculty and his documents are in the dean&#8217;s office, he\/she should pick up the original documents in due time and re-submit them as part of the recruitment. The same procedure applies to documents contained in the dean of the Faculty of SGGW. Deans do not share documents with third parties (including recruitment).<\/p>\n                                                <\/div>\n                                            <\/li>\n                                        <\/ul>\n                                                                                <ul class=\"mn-accordion\">\n                                            <li>\n                                                <h4 class=\"mn-accordion-title\"\n                                                    role=\"button\"\n                                                    tabindex=\"0\"\n                                                    aria-expanded=\"false\"\n                                                    aria-controls=\"w34-eb04d76-panel-5\">I am already a&nbsp;student and i&nbsp;am starting my second course of study. What documents should I&nbsp;submit?<\/h4>\n                                                <div id=\"w34-eb04d76-panel-5\" style=\"display:none;\" hidden>\n                                                    <p>The student undertaking the second field of study shall submit the documents applicable to all candidates.<\/p>\n                                                <\/div>\n                                            <\/li>\n                                        <\/ul>\n                                                                                <ul class=\"mn-accordion\">\n                                            <li>\n                                                <h4 class=\"mn-accordion-title\"\n                                                    role=\"button\"\n                                                    tabindex=\"0\"\n                                                    aria-expanded=\"false\"\n                                                    aria-controls=\"w34-eb04d76-panel-6\">At the time of submission of documents I&nbsp;am on leave \/ abroad \/ on holiday. Can I&nbsp;file documents later?<\/h4>\n                                                <div id=\"w34-eb04d76-panel-6\" style=\"display:none;\" hidden>\n                                                    <p>Those who confirm their readiness to study but do not provide the required documents within the specified period will receive the status \u2013 resignation.<\/p>\n<p>Recruitment deadlines are very tight, we do not provide for a&nbsp;grace period for submission of documents.<\/p>\n                                                <\/div>\n                                            <\/li>\n                                        <\/ul>\n                                                            <\/div>\n                <\/div>\n            <\/div>\n        <\/section>\n\n        <script type=\"text\/javascript\">\n            (function(){\n                var root = document.getElementById('w34-eb04d76');\n                if (!root || root.dataset.w34Ready === '1') {\n                    return;\n                }\n                root.dataset.w34Ready = '1';\n\n                var titles = root.querySelectorAll('.mn-accordion-title');\n\n                function toggleItem(titleEl, event) {\n                    if (event) {\n                        event.preventDefault();\n                        event.stopPropagation();\n                        if (typeof event.stopImmediatePropagation === 'function') {\n                            event.stopImmediatePropagation();\n                        }\n                    }\n\n                    var li = titleEl.parentElement;\n                    if (!li) {\n                        return;\n                    }\n\n                    var panel = titleEl.nextElementSibling;\n                    if (!panel) {\n                        return;\n                    }\n\n                    var isOpen = li.classList.contains('show');\n\n                    if (isOpen) {\n                        li.classList.remove('show');\n                        titleEl.setAttribute('aria-expanded', 'false');\n                        panel.hidden = true;\n                        if (window.jQuery) {\n                            window.jQuery(panel).stop(true, true).slideUp(200);\n                        } else {\n                            panel.style.display = 'none';\n                        }\n                    } else {\n                        li.classList.add('show');\n                        titleEl.setAttribute('aria-expanded', 'true');\n                        panel.hidden = false;\n                        if (window.jQuery) {\n                            window.jQuery(panel).stop(true, true).slideDown(200);\n                        } else {\n                            panel.style.display = 'block';\n                        }\n                    }\n                }\n\n                titles.forEach(function(titleEl){\n                    var panel = titleEl.nextElementSibling;\n                    if (panel) {\n                        panel.hidden = true;\n                        panel.style.display = 'none';\n                    }\n\n                    titleEl.addEventListener('click', function(event){\n                        toggleItem(titleEl, event);\n                    }, true);\n\n                    titleEl.addEventListener('keydown', function(event){\n                        if (event.key === 'Enter' || event.key === ' ') {\n                            toggleItem(titleEl, event);\n                        }\n                    }, true);\n                });\n            })();\n        <\/script>\n        \t\t<\/div>\n\t\t\t\t<\/div>\n\t\t\t\t\t<\/div>\n\t\t<\/div>\n\t\t\t\t\t<\/div>\n\t\t<\/section>\n\t\t\t\t<\/div>\n\t\t","protected":false},"excerpt":{"rendered":"<p>Who submits documents and when? The documents are provided to SGGW by candidates who have been qualified for admission and have confirmed their readiness to study at SGGW, thus obtaining a&nbsp;&#8222;pending&#8221; status. After qualifying for admission, the status of &#8222;qualified&#8221; candidate confirms that you have read the information for the qualified candidates (highlighted in red [&hellip;]<\/p>\n","protected":false},"author":1,"featured_media":0,"parent":12768,"menu_order":0,"comment_status":"closed","ping_status":"closed","template":"","meta":{"_acf_changed":false,"footnotes":""},"class_list":["post-12759","page","type-page","status-publish","hentry"],"acf":[],"_links":{"self":[{"href":"https:\/\/www.sggw.edu.pl\/en\/wp-json\/wp\/v2\/pages\/12759","targetHints":{"allow":["GET"]}}],"collection":[{"href":"https:\/\/www.sggw.edu.pl\/en\/wp-json\/wp\/v2\/pages"}],"about":[{"href":"https:\/\/www.sggw.edu.pl\/en\/wp-json\/wp\/v2\/types\/page"}],"author":[{"embeddable":true,"href":"https:\/\/www.sggw.edu.pl\/en\/wp-json\/wp\/v2\/users\/1"}],"replies":[{"embeddable":true,"href":"https:\/\/www.sggw.edu.pl\/en\/wp-json\/wp\/v2\/comments?post=12759"}],"version-history":[{"count":2,"href":"https:\/\/www.sggw.edu.pl\/en\/wp-json\/wp\/v2\/pages\/12759\/revisions"}],"predecessor-version":[{"id":12839,"href":"https:\/\/www.sggw.edu.pl\/en\/wp-json\/wp\/v2\/pages\/12759\/revisions\/12839"}],"up":[{"embeddable":true,"href":"https:\/\/www.sggw.edu.pl\/en\/wp-json\/wp\/v2\/pages\/12768"}],"wp:attachment":[{"href":"https:\/\/www.sggw.edu.pl\/en\/wp-json\/wp\/v2\/media?parent=12759"}],"curies":[{"name":"wp","href":"https:\/\/api.w.org\/{rel}","templated":true}]}}