{"id":12804,"date":"2020-12-22T12:37:06","date_gmt":"2020-12-22T11:37:06","guid":{"rendered":"https:\/\/www.sggw.edu.pl\/mazowiecki-regional-operational-program-2014-2020\/"},"modified":"2021-07-16T12:15:19","modified_gmt":"2021-07-16T10:15:19","slug":"mazowiecki-regional-operational-program-2014-2020","status":"publish","type":"page","link":"https:\/\/www.sggw.edu.pl\/en\/science\/national-projects\/programs\/mazowiecki-regional-operational-program-2014-2020\/","title":{"rendered":"Mazowiecki Regional Operational Program 2014-2020"},"content":{"rendered":"\t\t<div data-elementor-type=\"wp-page\" data-elementor-id=\"12804\" class=\"elementor elementor-12804\" data-elementor-post-type=\"page\">\n\t\t\t\t\t\t<section class=\"elementor-section elementor-top-section elementor-element elementor-element-250f6182 elementor-section-boxed elementor-section-height-default elementor-section-height-default\" data-id=\"250f6182\" data-element_type=\"section\">\n\t\t\t\t\t\t<div class=\"elementor-container elementor-column-gap-default\">\n\t\t\t\t\t<div class=\"elementor-column elementor-col-100 elementor-top-column elementor-element elementor-element-1e682613\" data-id=\"1e682613\" data-element_type=\"column\">\n\t\t\t<div class=\"elementor-widget-wrap elementor-element-populated\">\n\t\t\t\t\t\t<div class=\"elementor-element elementor-element-3b34585c elementor-widget elementor-widget-wp-widget-bcn_widget\" data-id=\"3b34585c\" data-element_type=\"widget\" data-widget_type=\"wp-widget-bcn_widget.default\">\n\t\t\t\t<div class=\"elementor-widget-container\">\n\t\t\t<div class=\"mn-grid breadcrumb\">\n                                    <div class=\"breadcrumb-inner mn-grid-12\"><div class=\"breadcrumbs\" vocab=\"https:\/\/schema.org\/\" typeof=\"BreadcrumbList\"><span property=\"itemListElement\" typeof=\"ListItem\"><a property=\"item\" typeof=\"WebPage\" title=\"Go to Szko\u0142a G\u0142\u00f3wna Gospodarstwa Wiejskiego w Warszawie.\" href=\"https:\/\/www.sggw.edu.pl\/en\/\" class=\"home\" aria-current=\"page\"><span property=\"name\">Home<\/span><\/a><meta property=\"position\" content=\"1\"><\/span><\/div>    <\/div>\n                                <\/div>\t\t<\/div>\n\t\t\t\t<\/div>\n\t\t\t\t<div class=\"elementor-element elementor-element-42f58527 elementor-widget elementor-widget-post-title\" data-id=\"42f58527\" data-element_type=\"widget\" data-widget_type=\"post-title.default\">\n\t\t\t\t<div class=\"elementor-widget-container\">\n\t\t\t<section>\n                    <div class=\"mn-grid entry-header-inner section-inner medium\">\n                        <h1 class=\"mn-grid-12 entry-title\" style=\"\">\n                            Mazowiecki Regional Operational Program 2014-2020\n                        <\/h1>\n                    <\/div>\n                <\/section>\t\t<\/div>\n\t\t\t\t<\/div>\n\t\t\t\t\t<\/div>\n\t\t<\/div>\n\t\t\t\t\t<\/div>\n\t\t<\/section>\n\t\t\t\t<section class=\"elementor-section elementor-top-section elementor-element elementor-element-bbdac99 elementor-section-boxed elementor-section-height-default elementor-section-height-default\" data-id=\"bbdac99\" data-element_type=\"section\">\n\t\t\t\t\t\t<div class=\"elementor-container elementor-column-gap-default\">\n\t\t\t\t\t<div class=\"elementor-column elementor-col-100 elementor-top-column elementor-element elementor-element-fba9dab\" data-id=\"fba9dab\" data-element_type=\"column\">\n\t\t\t<div class=\"elementor-widget-wrap elementor-element-populated\">\n\t\t\t\t\t\t<div class=\"elementor-element elementor-element-bdb1d9f elementor-widget elementor-widget-w12\" data-id=\"bdb1d9f\" data-element_type=\"widget\" data-widget_type=\"w12.default\">\n\t\t\t\t<div class=\"elementor-widget-container\">\n\t\t\t<section>\n                <div class=\"mn-grid\">\n                    <div class=\"mn-grid-12 mn-mod-text-links\">\n                        <p>As part of the 2014-2020 RPO, it will be possible to obtain a grant from the so-called hard projects, supported by the European Regional Development Fund (ERDF) and the so-called soft projects for investment in human resources, supported by the European Social Fund (ESF). Until now, soft projects were not part of the WM RPO and were co-financed by the Human Capital Operational Programme. The ESF&#8217;s share of the Mazovian operational programme is currently 26%.<\/p><p>Strengthening innovation, competitiveness and entrepreneurship in Mazovia. As much as 23% of the programme&#8217;s budget, or \u20ac491.5 million, will be allocated to the market and the development of entrepreneurship. A strong focus will be on R&amp;D, greater involvement of companies in R&amp;D activities and the use of innovative solutions in companies.<\/p><p><a href=\"https:\/\/www.funduszedlamazowsza.eu\/nabory-wnioskow\/\"><strong>Call for applications<\/strong><\/a><\/p><p><strong>The Management Board of<\/strong> the Mazovian Voivodeship (province) acts as the Managing Authority (IS) of the regional programme and the institution certifying expenditure under the European funds. The implementation of the programme belongs to the Mazovian Unit for the Implementation of EU Programmes (priority axes I-VII and IX-X), the Regional Labour Office in Warsaw (priority axis VIII) and the Capital City of Warsaw (projects under the Integrated Territorial Investments for the Warsaw Functional Area \u2013 ITI WOF). Institutions involved in the implementation of the programme are referred to as Intermediary Institutions (IP).<\/p><p style=\"text-align: center\"><strong>Mazovian Unit for the Implementation of EU Programmes (MJWPU: Mazowiecka Jednostka Wdra\u017cania Program\u00f3w Unijnych)<\/strong><\/p><p style=\"text-align: center\"><span style=\"text-decoration: underline\">HEAD OFFICE ADDRESS<\/span><\/p><ol style=\"text-align: center\"><li>Jagiello\u0144ska 74<\/li><li>03-301 Warsaw, Poland<\/li><li>tel.: 22 542 20 00<\/li><li>fax: 22 698 31 44<\/li><li>e-mail: <a href=\"mailto:mjwpu@mazowia.eu\">mjwpu@mazowia.eu<\/a><\/li><\/ol><div id=\"gtx-trans\"><div class=\"gtx-trans-icon\">\u00a0<\/div><\/div>\n                    <\/div>\n                <\/div>\n            <\/section>\t\t<\/div>\n\t\t\t\t<\/div>\n\t\t\t\t\t<\/div>\n\t\t<\/div>\n\t\t\t\t\t<\/div>\n\t\t<\/section>\n\t\t\t\t<\/div>\n\t\t","protected":false},"excerpt":{"rendered":"<p>Mazowiecki Regional Operational Program 2014-2020 As part of the 2014-2020 RPO, it will be possible to obtain a grant from the so-called hard projects, supported by the European Regional Development Fund (ERDF) and the so-called soft projects for investment in human resources, supported by the European Social Fund (ESF). Until now, soft projects were not [&hellip;]<\/p>\n","protected":false},"author":1,"featured_media":0,"parent":15157,"menu_order":0,"comment_status":"closed","ping_status":"closed","template":"","meta":{"_acf_changed":false,"footnotes":""},"class_list":["post-12804","page","type-page","status-publish","hentry"],"acf":[],"_links":{"self":[{"href":"https:\/\/www.sggw.edu.pl\/en\/wp-json\/wp\/v2\/pages\/12804","targetHints":{"allow":["GET"]}}],"collection":[{"href":"https:\/\/www.sggw.edu.pl\/en\/wp-json\/wp\/v2\/pages"}],"about":[{"href":"https:\/\/www.sggw.edu.pl\/en\/wp-json\/wp\/v2\/types\/page"}],"author":[{"embeddable":true,"href":"https:\/\/www.sggw.edu.pl\/en\/wp-json\/wp\/v2\/users\/1"}],"replies":[{"embeddable":true,"href":"https:\/\/www.sggw.edu.pl\/en\/wp-json\/wp\/v2\/comments?post=12804"}],"version-history":[{"count":7,"href":"https:\/\/www.sggw.edu.pl\/en\/wp-json\/wp\/v2\/pages\/12804\/revisions"}],"predecessor-version":[{"id":88877,"href":"https:\/\/www.sggw.edu.pl\/en\/wp-json\/wp\/v2\/pages\/12804\/revisions\/88877"}],"up":[{"embeddable":true,"href":"https:\/\/www.sggw.edu.pl\/en\/wp-json\/wp\/v2\/pages\/15157"}],"wp:attachment":[{"href":"https:\/\/www.sggw.edu.pl\/en\/wp-json\/wp\/v2\/media?parent=12804"}],"curies":[{"name":"wp","href":"https:\/\/api.w.org\/{rel}","templated":true}]}}