{"id":12808,"date":"2020-12-22T12:37:09","date_gmt":"2020-12-22T11:37:09","guid":{"rendered":"https:\/\/www.sggw.edu.pl\/projects-implemented\/structural-projects\/"},"modified":"2021-07-27T17:21:51","modified_gmt":"2021-07-27T15:21:51","slug":"structural-projects","status":"publish","type":"page","link":"https:\/\/www.sggw.edu.pl\/en\/science\/structural-projects\/","title":{"rendered":"Structural projects"},"content":{"rendered":"\t\t<div data-elementor-type=\"wp-page\" data-elementor-id=\"12808\" class=\"elementor elementor-12808\" data-elementor-post-type=\"page\">\n\t\t\t\t\t\t<section class=\"elementor-section elementor-top-section elementor-element elementor-element-50d26394 elementor-section-boxed elementor-section-height-default elementor-section-height-default\" data-id=\"50d26394\" data-element_type=\"section\">\n\t\t\t\t\t\t<div class=\"elementor-container elementor-column-gap-default\">\n\t\t\t\t\t<div class=\"elementor-column elementor-col-100 elementor-top-column elementor-element elementor-element-ca9ef\" data-id=\"ca9ef\" data-element_type=\"column\">\n\t\t\t<div class=\"elementor-widget-wrap elementor-element-populated\">\n\t\t\t\t\t\t<div class=\"elementor-element elementor-element-1737f93a elementor-widget elementor-widget-wp-widget-bcn_widget\" data-id=\"1737f93a\" data-element_type=\"widget\" data-widget_type=\"wp-widget-bcn_widget.default\">\n\t\t\t\t<div class=\"elementor-widget-container\">\n\t\t\t<div class=\"mn-grid breadcrumb\">\n                                    <div class=\"breadcrumb-inner mn-grid-12\"><div class=\"breadcrumbs\" vocab=\"https:\/\/schema.org\/\" typeof=\"BreadcrumbList\"><span property=\"itemListElement\" typeof=\"ListItem\"><a property=\"item\" typeof=\"WebPage\" title=\"Go to Szko\u0142a G\u0142\u00f3wna Gospodarstwa Wiejskiego w Warszawie.\" href=\"https:\/\/www.sggw.edu.pl\/en\/\" class=\"home\" aria-current=\"page\"><span property=\"name\">Home<\/span><\/a><meta property=\"position\" content=\"1\"><\/span><\/div>    <\/div>\n                                <\/div>\t\t<\/div>\n\t\t\t\t<\/div>\n\t\t\t\t<div class=\"elementor-element elementor-element-61890c01 elementor-widget elementor-widget-post-title\" data-id=\"61890c01\" data-element_type=\"widget\" data-widget_type=\"post-title.default\">\n\t\t\t\t<div class=\"elementor-widget-container\">\n\t\t\t<section>\n                    <div class=\"mn-grid entry-header-inner section-inner medium\">\n                        <h1 class=\"mn-grid-12 entry-title\" style=\"\">\n                            Structural projects\n                        <\/h1>\n                    <\/div>\n                <\/section>\t\t<\/div>\n\t\t\t\t<\/div>\n\t\t\t\t<div class=\"elementor-element elementor-element-379039e elementor-widget elementor-widget-w33\" data-id=\"379039e\" data-element_type=\"widget\" data-widget_type=\"w33.default\">\n\t\t\t\t<div class=\"elementor-widget-container\">\n\t\t\t<section>\n            <div class=\"mn-grid\">\n                <div class=\"mn-vertical-separator-x2\">\n                    \n                <\/div>\n            <\/section>\t\t<\/div>\n\t\t\t\t<\/div>\n\t\t\t\t<div class=\"elementor-element elementor-element-2ae49e9 elementor-widget elementor-widget-W14\" data-id=\"2ae49e9\" data-element_type=\"widget\" data-widget_type=\"W14.default\">\n\t\t\t\t<div class=\"elementor-widget-container\">\n\t\t\t <section>\n                        <div class=\"mn-grid mn-mod-achievements\"><div class=\"mn-mod-achievement mn-grid-12\">\n                            <a href=\"https:\/\/www.sggw.pl\/projekty\/sukces-z-natury-program-podniesienia-jakosci-zarzadzania-procese\" >\n                                <div class=\"mn-mod-achievement-img\">\n                                <img decoding=\"async\" src=\"https:\/\/www.sggw.edu.pl\/wp-content\/plugins\/elementor-sggw\/assets\/images\/icons\/ikonka-medal.svg\" alt=\"\" \/>\n                                <\/div>    \n                                <h3>\"Success by nature - a comprehensive program to improve the quality of management of the education process and teaching quality of the Warsaw University of Life Sciences'.  <\/h3>\n                            <\/a>\n                        <\/div> <\/div><\/section>\t\t<\/div>\n\t\t\t\t<\/div>\n\t\t\t\t\t<\/div>\n\t\t<\/div>\n\t\t\t\t\t<\/div>\n\t\t<\/section>\n\t\t\t\t<section class=\"elementor-section elementor-top-section elementor-element elementor-element-ca498e4 elementor-section-boxed elementor-section-height-default elementor-section-height-default\" data-id=\"ca498e4\" data-element_type=\"section\">\n\t\t\t\t\t\t<div class=\"elementor-container elementor-column-gap-default\">\n\t\t\t\t\t<div class=\"elementor-column elementor-col-100 elementor-top-column elementor-element elementor-element-ff6c427\" data-id=\"ff6c427\" data-element_type=\"column\">\n\t\t\t<div class=\"elementor-widget-wrap elementor-element-populated\">\n\t\t\t\t\t\t<div class=\"elementor-element elementor-element-9855d35 elementor-widget elementor-widget-w12\" data-id=\"9855d35\" data-element_type=\"widget\" data-widget_type=\"w12.default\">\n\t\t\t\t<div class=\"elementor-widget-container\">\n\t\t\t<section>\n                <div class=\"mn-grid\">\n                    <div class=\"mn-grid-12 mn-mod-text-links\">\n                        <p>\u00a0<\/p><ul><li><p><strong>Project Manager<\/strong><\/p><ul><li>Rafa\u0142 Bednarczyk<br \/>tel. 22 59 35540<br \/><a href=\"mailto:rafal_bednarczyk@sggw.pl\">rafal_bednarczyk@sggw.pl<\/a><\/li><li>\u00a0<\/li><\/ul><\/li><li><strong>Deputy Project Manager, Finance Project Coordinator <\/strong><br \/>Dorota Szcz\u0119sna<br \/>22 59 35694<br \/><a href=\"mailto:dorota_szczesna@sggw.pl\">dorota_szczesna@sggw.pl<\/a><\/li><li><strong>Subject Area Coordinator of Module I Training Programmes<\/strong><br \/>\u00a0Leszek Sieczko, Ph.D.<br \/>22 59 32508<br \/><a href=\"mailto:leszek_sieczko@sggw.pl\">leszek_sieczko@sggw.pl<\/a><\/li><li><strong>Subject Area Coordinator of Module II Enhancing Competences<\/strong><br \/>Ludwik Wicki<br \/>Tel. 22 59 34003<br \/><a href=\"mailto:ludwik_wicki@sggw.pl\">ludwik_wicki@sggw.pl<\/a><\/li><li><strong>Subject Area Coordinator of Module III Traineeship Programmes<\/strong><br \/>\u00a0Slawomir Janakowski, Ph.D.<br \/>22 59 32669<br \/><a href=\"mailto:slawomir_janakowski@sggw.pl\">slawomir_janakowski@sggw.pl<\/a><\/li><li><strong>Subject Area Coordinator of Module VI Management in Higher Education Institutions<\/strong><br \/>Tomasz \u015amia\u0142owski, Ph.D.<br \/>22 59 35540<br \/><a href=\"mailto:rafal_bednarczyk@sggw.pl\">tomasz_smialowski@sggw.pl<\/a><\/li><li><strong>The Public Procurement Coordinator<\/strong><br \/>Katarzyna Ward\u0119ga-Wiewi\u00f3ra<br \/>22 59 31177<br \/><a href=\"mailto:katarzyna_wardega_wiewiora@sggw.pl\">katarzyna_wardega_wiewiora@sggw.pl<\/a><\/li><li><p><strong>The Coordinator of the Recruitment and Promotion<\/strong><br \/>Katarzyna Gorszkow-Nowak<br \/>22 59 35670 <br \/><a href=\"mailto:katarzyna_gorszkow_nowak@sggw.pl\">katarzyna_gorszkow_nowak@sggw.pl<\/a><\/p><\/li><li><strong>The Coordinator of the Administration and Organization<\/strong><br \/>Ewa Nadolnik<br \/>22 59 35695<a href=\"mailto:ewa_nadolnik@sggw.pl\">ewa_nadolnik@sggw.pl<\/a><\/li><\/ul>\n                    <\/div>\n                <\/div>\n            <\/section>\t\t<\/div>\n\t\t\t\t<\/div>\n\t\t\t\t<div class=\"elementor-element elementor-element-8a8aa19 elementor-widget elementor-widget-w33\" data-id=\"8a8aa19\" data-element_type=\"widget\" data-widget_type=\"w33.default\">\n\t\t\t\t<div class=\"elementor-widget-container\">\n\t\t\t<section>\n            <div class=\"mn-grid\">\n                <div class=\"mn-vertical-separator-x2\">\n                    \n                <\/div>\n            <\/section>\t\t<\/div>\n\t\t\t\t<\/div>\n\t\t\t\t<div class=\"elementor-element elementor-element-98900f4 elementor-widget elementor-widget-w7\" data-id=\"98900f4\" data-element_type=\"widget\" data-widget_type=\"w7.default\">\n\t\t\t\t<div class=\"elementor-widget-container\">\n\t\t\t<section>\n                <div class=\"mn-grid\">\n                    <div class=\"mn-grid-12 mn-horizontal-separator\"><\/div>\n                <\/div>\n                <\/section>\t\t<\/div>\n\t\t\t\t<\/div>\n\t\t\t\t<div class=\"elementor-element elementor-element-e79d1bd elementor-widget elementor-widget-W14\" data-id=\"e79d1bd\" data-element_type=\"widget\" data-widget_type=\"W14.default\">\n\t\t\t\t<div class=\"elementor-widget-container\">\n\t\t\t <section>\n                        <div class=\"mn-grid mn-mod-achievements\"><div class=\"mn-mod-achievement mn-grid-12\">\n                            <a href=\"https:\/\/www.sggw.pl\/projekty\/bdquo-synergia-zintegrowany-program-rozwoju-sggw-rdquo\" >\n                                <div class=\"mn-mod-achievement-img\">\n                                <img decoding=\"async\" src=\"https:\/\/www.sggw.edu.pl\/wp-content\/plugins\/elementor-sggw\/assets\/images\/icons\/ikonka-medal.svg\" alt=\"\" \/>\n                                <\/div>    \n                                <h3>\"Synergy - integrated SGGW development program\"<\/h3>\n                            <\/a>\n                        <\/div> <\/div><\/section>\t\t<\/div>\n\t\t\t\t<\/div>\n\t\t\t\t\t<\/div>\n\t\t<\/div>\n\t\t\t\t\t<\/div>\n\t\t<\/section>\n\t\t\t\t<section class=\"elementor-section elementor-top-section elementor-element elementor-element-a6112c5 elementor-section-boxed elementor-section-height-default elementor-section-height-default\" data-id=\"a6112c5\" data-element_type=\"section\">\n\t\t\t\t\t\t<div class=\"elementor-container elementor-column-gap-default\">\n\t\t\t\t\t<div class=\"elementor-column elementor-col-100 elementor-top-column elementor-element elementor-element-ef0c10c\" data-id=\"ef0c10c\" data-element_type=\"column\">\n\t\t\t<div class=\"elementor-widget-wrap elementor-element-populated\">\n\t\t\t\t\t\t<div class=\"elementor-element elementor-element-dade612 elementor-widget elementor-widget-w12\" data-id=\"dade612\" data-element_type=\"widget\" data-widget_type=\"w12.default\">\n\t\t\t\t<div class=\"elementor-widget-container\">\n\t\t\t<section>\n                <div class=\"mn-grid\">\n                    <div class=\"mn-grid-12 mn-mod-text-links\">\n                        <ul>\n<li><strong>Project Manager<\/strong><br \/>Dr. Ind. Slawomir Janakowski<br \/>22 59 32669<br \/><a href=\"mailto:rafal_bednarczyk@sggw.pl\">slawomir_janakowski@sggw.pl<\/a> <\/li>\n<li> <\/li>\n<li><strong>Project Manager, Support Team Coordinator<\/strong><br \/>Msr Dorota Szcz\u0119sna<br \/>22 59 35694<br \/><a href=\"mailto:dorota_szczesna@sggw.pl\">dorota_szczesna@sggw.pl<\/a><\/li>\n<li> <\/li>\n<li><strong>Substantive Coordinator of Module I Training Programmes<\/strong><br \/>Dr. Ind. Karol Tucki<br \/>22 59 34560<br \/><a href=\"mailto:leszek_sieczko@sggw.pl\">karol_tucki@sggw.pl<\/a> <\/li>\n<li> <\/li>\n<li><strong>Substantive Coordinator of Module II Enhancing Competences<\/strong><br \/>dr hab. In\u017c. Andrea Parzonko<br \/>22 59 34221<br \/><a href=\"mailto:ludwik_wicki@sggw.pl\">andrzej_parzonko@sggw.pl<\/a>  <\/li>\n<li> <\/li>\n<li><strong>Substantive Coordinator of Module VI Management in Higher Education Institutions<\/strong><br \/>Ms. Agnieszka Michalska<br \/>22 59 31018<br \/><a href=\"mailto:rafal_bednarczyk@sggw.pl\">agnieszka_michalskai@sggw.pl<\/a> <\/li>\n<li> <\/li>\n<li><strong>The Leader of the Team for Organizational<\/strong><br \/>M.D. Eva Nadolnik<br \/>22 59 35686<br \/><a href=\"mailto:rafal_bednarczyk@sggw.pl\">ewa_nadolnik@sggw.pl<\/a> <\/li>\n<\/ul>\n\n                    <\/div>\n                <\/div>\n            <\/section>\t\t<\/div>\n\t\t\t\t<\/div>\n\t\t\t\t<div class=\"elementor-element elementor-element-0e772b5 elementor-widget elementor-widget-w33\" data-id=\"0e772b5\" data-element_type=\"widget\" data-widget_type=\"w33.default\">\n\t\t\t\t<div class=\"elementor-widget-container\">\n\t\t\t<section>\n            <div class=\"mn-grid\">\n                <div class=\"mn-vertical-separator-x2\">\n                    \n                <\/div>\n            <\/section>\t\t<\/div>\n\t\t\t\t<\/div>\n\t\t\t\t<div class=\"elementor-element elementor-element-545b01f elementor-widget elementor-widget-w7\" data-id=\"545b01f\" data-element_type=\"widget\" data-widget_type=\"w7.default\">\n\t\t\t\t<div class=\"elementor-widget-container\">\n\t\t\t<section>\n                <div class=\"mn-grid\">\n                    <div class=\"mn-grid-12 mn-horizontal-separator\"><\/div>\n                <\/div>\n                <\/section>\t\t<\/div>\n\t\t\t\t<\/div>\n\t\t\t\t<div class=\"elementor-element elementor-element-6ab35c8 elementor-widget elementor-widget-W14\" data-id=\"6ab35c8\" data-element_type=\"widget\" data-widget_type=\"W14.default\">\n\t\t\t\t<div class=\"elementor-widget-container\">\n\t\t\t <section>\n                        <div class=\"mn-grid mn-mod-achievements\"><div class=\"mn-mod-achievement mn-grid-12\">\n                            <a href=\"https:\/\/www.sggw.pl\/projekty\/zintegrowany-program-rozwoju-sggw-na-rzecz-rozwoju-regionalnego\" >\n                                <div class=\"mn-mod-achievement-img\">\n                                <img decoding=\"async\" src=\"https:\/\/www.sggw.edu.pl\/wp-content\/plugins\/elementor-sggw\/assets\/images\/icons\/ikonka-medal.svg\" alt=\"\" \/>\n                                <\/div>    \n                                <h3>Integrated SGGW Regional Development Programme  <\/h3>\n                            <\/a>\n                        <\/div> <\/div><\/section>\t\t<\/div>\n\t\t\t\t<\/div>\n\t\t\t\t\t<\/div>\n\t\t<\/div>\n\t\t\t\t\t<\/div>\n\t\t<\/section>\n\t\t\t\t<section class=\"elementor-section elementor-top-section elementor-element elementor-element-b1127f0 elementor-section-boxed elementor-section-height-default elementor-section-height-default\" data-id=\"b1127f0\" data-element_type=\"section\">\n\t\t\t\t\t\t<div class=\"elementor-container elementor-column-gap-default\">\n\t\t\t\t\t<div class=\"elementor-column elementor-col-100 elementor-top-column elementor-element elementor-element-7f78302\" data-id=\"7f78302\" data-element_type=\"column\">\n\t\t\t<div class=\"elementor-widget-wrap elementor-element-populated\">\n\t\t\t\t\t\t<div class=\"elementor-element elementor-element-7174637 elementor-widget elementor-widget-w12\" data-id=\"7174637\" data-element_type=\"widget\" data-widget_type=\"w12.default\">\n\t\t\t\t<div class=\"elementor-widget-container\">\n\t\t\t<section>\n                <div class=\"mn-grid\">\n                    <div class=\"mn-grid-12 mn-mod-text-links\">\n                        <ul>\n<li><strong>Project Manager<\/strong><br \/>dr hab. In\u017c. Leszek Hejduk<br \/>22 59 35287<br \/><a href=\"mailto:rafal_bednarczyk@sggw.pl\">leszek_hejduk@sggw.pl<\/a> <\/li>\n<li> <\/li>\n<li><strong>Project Manager, Support Team Coordinator<\/strong><br \/>Msr Katarzyna Ward\u0119ga &#8211; Squirrel<br \/>22 59 31177<br \/><a href=\"mailto:dorota_szczesna@sggw.pl\">katarzyna_wardega_wiewiora@sggw.pl<\/a><\/li>\n<li> <\/li>\n<li><strong>Substantive Coordinator of Module I Training Programmes<\/strong><br \/>Ms. Martyna Pro\u0144czuk<br \/>22 59 32707<br \/><a href=\"mailto:leszek_sieczko@sggw.pl\">martyna_pronczuk@sggw.pl<\/a> <\/li>\n<li> <\/li>\n<li><strong>Substantive Coordinator of Module II Enhancing Competences<\/strong><br \/>Dr. Ind. Janusz Urbanski<br \/>22 59 35290<br \/><a href=\"mailto:ludwik_wicki@sggw.pl\">janusz_urbanski@sggw.pl<\/a>  <\/li>\n<li> <\/li>\n<li><strong>Substantive Coordinator of Module III Traineeship Programmes<\/strong><br \/>Dr. Kinga Noras<br \/>22 59 32729<br \/><a href=\"mailto:slawomir_janakowski@sggw.pl\">kinga_noras@sggw.pl<\/a> <\/li>\n<li> <\/li>\n<li><strong>Substantive Coordinator of Module VI Management in Higher Education Institutions<\/strong><br \/>Mgr. Peter King<br \/>22 59 35545<br \/><a href=\"mailto:rafal_bednarczyk@sggw.pl\">piotr_krol@sggw.pl<\/a> <\/li>\n<li> <\/li>\n<li><strong>The Leader of the Team for Organizational<\/strong><br \/>M.D. Eva Nadolnik<br \/>22 59 35686<br \/><a href=\"mailto:rafal_bednarczyk@sggw.pl\">ewa_nadolnik@sggw.pl<\/a> <\/li>\n<li> <\/li>\n<li><strong>The Leader of the Team for Financial<\/strong><br \/>M.D. Iwona Janakowska<br \/>22 59 31237<br \/><a href=\"mailto:rafal_bednarczyk@sggw.pl\">iwona_janakowska@sggw.pl<\/a><\/li>\n<\/ul>\n\n                    <\/div>\n                <\/div>\n            <\/section>\t\t<\/div>\n\t\t\t\t<\/div>\n\t\t\t\t\t<\/div>\n\t\t<\/div>\n\t\t\t\t\t<\/div>\n\t\t<\/section>\n\t\t\t\t<\/div>\n\t\t","protected":false},"excerpt":{"rendered":"<p>Structural projects &#8220;Success by nature &#8211; a comprehensive program to improve the quality of management of the education process and teaching quality of the Warsaw University of Life Sciences&#8217;. \u00a0 Project Manager Rafa\u0142 Bednarczyktel. 22 59 35540rafal_bednarczyk@sggw.pl \u00a0 Deputy Project Manager, Finance Project Coordinator Dorota Szcz\u0119sna22 59 35694dorota_szczesna@sggw.pl Subject Area Coordinator of Module I Training [&hellip;]<\/p>\n","protected":false},"author":1,"featured_media":0,"parent":17669,"menu_order":0,"comment_status":"closed","ping_status":"closed","template":"elementor_theme","meta":{"_acf_changed":false,"footnotes":""},"class_list":["post-12808","page","type-page","status-publish","hentry"],"acf":[],"_links":{"self":[{"href":"https:\/\/www.sggw.edu.pl\/en\/wp-json\/wp\/v2\/pages\/12808","targetHints":{"allow":["GET"]}}],"collection":[{"href":"https:\/\/www.sggw.edu.pl\/en\/wp-json\/wp\/v2\/pages"}],"about":[{"href":"https:\/\/www.sggw.edu.pl\/en\/wp-json\/wp\/v2\/types\/page"}],"author":[{"embeddable":true,"href":"https:\/\/www.sggw.edu.pl\/en\/wp-json\/wp\/v2\/users\/1"}],"replies":[{"embeddable":true,"href":"https:\/\/www.sggw.edu.pl\/en\/wp-json\/wp\/v2\/comments?post=12808"}],"version-history":[{"count":10,"href":"https:\/\/www.sggw.edu.pl\/en\/wp-json\/wp\/v2\/pages\/12808\/revisions"}],"predecessor-version":[{"id":90303,"href":"https:\/\/www.sggw.edu.pl\/en\/wp-json\/wp\/v2\/pages\/12808\/revisions\/90303"}],"up":[{"embeddable":true,"href":"https:\/\/www.sggw.edu.pl\/en\/wp-json\/wp\/v2\/pages\/17669"}],"wp:attachment":[{"href":"https:\/\/www.sggw.edu.pl\/en\/wp-json\/wp\/v2\/media?parent=12808"}],"curies":[{"name":"wp","href":"https:\/\/api.w.org\/{rel}","templated":true}]}}