{"id":12810,"date":"2020-12-22T12:37:10","date_gmt":"2020-12-22T11:37:10","guid":{"rendered":"https:\/\/www.sggw.edu.pl\/diet\/"},"modified":"2021-06-17T10:47:01","modified_gmt":"2021-06-17T08:47:01","slug":"diet","status":"publish","type":"page","link":"https:\/\/www.sggw.edu.pl\/en\/diet\/","title":{"rendered":"Subsistence allowance"},"content":{"rendered":"\t\t<div data-elementor-type=\"wp-page\" data-elementor-id=\"12810\" class=\"elementor elementor-12810\" data-elementor-post-type=\"page\">\n\t\t\t\t\t\t<section class=\"elementor-section elementor-top-section elementor-element elementor-element-1c0eeae elementor-section-boxed elementor-section-height-default elementor-section-height-default\" data-id=\"1c0eeae\" data-element_type=\"section\">\n\t\t\t\t\t\t<div class=\"elementor-container elementor-column-gap-default\">\n\t\t\t\t\t<div class=\"elementor-column elementor-col-100 elementor-top-column elementor-element elementor-element-329f8269\" data-id=\"329f8269\" data-element_type=\"column\">\n\t\t\t<div class=\"elementor-widget-wrap elementor-element-populated\">\n\t\t\t\t\t\t<div class=\"elementor-element elementor-element-3b25c541 elementor-widget elementor-widget-wp-widget-bcn_widget\" data-id=\"3b25c541\" data-element_type=\"widget\" data-widget_type=\"wp-widget-bcn_widget.default\">\n\t\t\t\t<div class=\"elementor-widget-container\">\n\t\t\t<div class=\"mn-grid breadcrumb\">\n                                    <div class=\"breadcrumb-inner mn-grid-12\"><div class=\"breadcrumbs\" vocab=\"https:\/\/schema.org\/\" typeof=\"BreadcrumbList\"><span property=\"itemListElement\" typeof=\"ListItem\"><a property=\"item\" typeof=\"WebPage\" title=\"Go to Szko\u0142a G\u0142\u00f3wna Gospodarstwa Wiejskiego w Warszawie.\" href=\"https:\/\/www.sggw.edu.pl\/en\/\" class=\"home\" aria-current=\"page\"><span property=\"name\">Home<\/span><\/a><meta property=\"position\" content=\"1\"><\/span><\/div>    <\/div>\n                                <\/div>\t\t<\/div>\n\t\t\t\t<\/div>\n\t\t\t\t<div class=\"elementor-element elementor-element-2af80f5b elementor-widget elementor-widget-post-title\" data-id=\"2af80f5b\" data-element_type=\"widget\" data-widget_type=\"post-title.default\">\n\t\t\t\t<div class=\"elementor-widget-container\">\n\t\t\t<section>\n                    <div class=\"mn-grid entry-header-inner section-inner medium\">\n                        <h1 class=\"mn-grid-12 entry-title\" style=\"\">\n                            Subsistence allowance\n                        <\/h1>\n                    <\/div>\n                <\/section>\t\t<\/div>\n\t\t\t\t<\/div>\n\t\t\t\t\t<\/div>\n\t\t<\/div>\n\t\t\t\t\t<\/div>\n\t\t<\/section>\n\t\t\t\t<section class=\"elementor-section elementor-top-section elementor-element elementor-element-e12dfb3 elementor-section-boxed elementor-section-height-default elementor-section-height-default\" data-id=\"e12dfb3\" data-element_type=\"section\">\n\t\t\t\t\t\t<div class=\"elementor-container elementor-column-gap-default\">\n\t\t\t\t\t<div class=\"elementor-column elementor-col-100 elementor-top-column elementor-element elementor-element-43cd08a\" data-id=\"43cd08a\" data-element_type=\"column\">\n\t\t\t<div class=\"elementor-widget-wrap elementor-element-populated\">\n\t\t\t\t\t\t<div class=\"elementor-element elementor-element-d71afc3 elementor-widget elementor-widget-w33\" data-id=\"d71afc3\" data-element_type=\"widget\" data-widget_type=\"w33.default\">\n\t\t\t\t<div class=\"elementor-widget-container\">\n\t\t\t<section>\n            <div class=\"mn-grid\">\n                <div class=\"mn-vertical-separator-x2\">\n                    \n                <\/div>\n            <\/section>\t\t<\/div>\n\t\t\t\t<\/div>\n\t\t\t\t<div class=\"elementor-element elementor-element-ca1fb08 elementor-widget elementor-widget-w33\" data-id=\"ca1fb08\" data-element_type=\"widget\" data-widget_type=\"w33.default\">\n\t\t\t\t<div class=\"elementor-widget-container\">\n\t\t\t<section>\n            <div class=\"mn-grid\">\n                <div class=\"mn-vertical-separator-x2\">\n                    \n                <\/div>\n            <\/section>\t\t<\/div>\n\t\t\t\t<\/div>\n\t\t\t\t<div class=\"elementor-element elementor-element-c198e3b elementor-widget elementor-widget-w12\" data-id=\"c198e3b\" data-element_type=\"widget\" data-widget_type=\"w12.default\">\n\t\t\t\t<div class=\"elementor-widget-container\">\n\t\t\t<section>\n                <div class=\"mn-grid\">\n                    <div class=\"mn-grid-12 mn-mod-text-links\">\n                        <h3><strong><img fetchpriority=\"high\" decoding=\"async\" class=\"wp-image-6088 alignright\" src=\"https:\/\/www.sggw.edu.pl\/wp-content\/uploads\/2020\/10\/euro-money-300x179.jpg\" alt=\"\" width=\"489\" height=\"292\" srcset=\"https:\/\/www.sggw.edu.pl\/wp-content\/uploads\/2020\/10\/euro-money-300x179.jpg 300w, https:\/\/www.sggw.edu.pl\/wp-content\/uploads\/2020\/10\/euro-money-1024x612.jpg 1024w, https:\/\/www.sggw.edu.pl\/wp-content\/uploads\/2020\/10\/euro-money-768x459.jpg 768w, https:\/\/www.sggw.edu.pl\/wp-content\/uploads\/2020\/10\/euro-money-1536x918.jpg 1536w, https:\/\/www.sggw.edu.pl\/wp-content\/uploads\/2020\/10\/euro-money-1200x717.jpg 1200w, https:\/\/www.sggw.edu.pl\/wp-content\/uploads\/2020\/10\/euro-money.jpg 1920w\" sizes=\"(max-width: 489px) 100vw, 489px\" \/>Daily allowance<\/strong><\/h3><hr \/><p>The daily allowance during international trips is intended to cover the cost of food and other minor expenses, and its amount depends on the destination country.<\/p><p>The time of the international travel shall be calculated for the following means of transportation, as described below:<\/p><ul><li><b>land transport <\/b>&#8211; from crossing the Polish border on the way abroad to crossing the Polish border on the way back to Poland,<\/li><li><strong>air transport <\/strong>&#8211; from the take-off of the airplane from the last airport in Poland to the landing on the way back at the first Polish airport,<\/li><li><strong>maritime transport<\/strong> &#8211; from the departure from the Polish port to the ship\/ferry entry on the way back to the Polish port.<\/li><\/ul><p>A full daily allowance is available for each full day of travel.<\/p><p>In the case of an incomplete day, the allowance shall be calculated as follows:<\/p><ul><li><strong>up to 8 hours<\/strong> &#8211; you shall be entitled to 1\/3 of the allowance<\/li><li><strong>\u00a0from 8 to 12 hours<\/strong> &#8211; you shall be entitled to 50% of the allowance<\/li><li><strong>more than 12 hours<\/strong> &#8211; you shall be entitled to a full allowance<\/li><\/ul><p>For a person who has been provided free board during the international trip, the allowance shall be reduced by:<\/p><p>\u2022 15% if free breakfast is offered<\/p><p>\u2022 30% if free lunch is offered<\/p><p>\u2022 30% if free dinner is offered.<\/p><h3>\u00a0<\/h3><h3><strong>Transportation allowance<\/strong><\/h3><hr \/><p>This is a lump sum intended to cover the cost of travel to\/from the train station, bus station, airport, or the port, in the amount of one allowance in the destination abroad and in any other place where the departing person has used accommodation.<\/p><h3><strong>Commuting allowance 10%<\/strong><\/h3><hr \/><p>This is a lump sum to cover the cost of commuting by local transport in the amount of 10% of the allowance for the started day of a trip.<\/p><p>Transportation allowances and commuting allowances are not eligible if:<\/p><p>\u2022 the person is travelling by business or private car,<\/p><p>\u2022 the person is provided with free transport,<\/p><p>\u2022 the delegate does not bear the costs, which the above-referred lump sums are to cover.<\/p>\n                    <\/div>\n                <\/div>\n            <\/section>\t\t<\/div>\n\t\t\t\t<\/div>\n\t\t\t\t\t<\/div>\n\t\t<\/div>\n\t\t\t\t\t<\/div>\n\t\t<\/section>\n\t\t\t\t<\/div>\n\t\t","protected":false},"excerpt":{"rendered":"<p>Subsistence allowance Livelihood allowance The subsistence allowance during the foreign trip is intended to cover the cost of food and other minor expenses and its amount depends on the destination country. The time of foreign travel shall be counted for travel by means of transport: land transport \u2013 from crossing the Polish border on the [&hellip;]<\/p>\n","protected":false},"author":21,"featured_media":0,"parent":0,"menu_order":0,"comment_status":"closed","ping_status":"closed","template":"","meta":{"_acf_changed":false,"footnotes":""},"class_list":["post-12810","page","type-page","status-publish","hentry"],"acf":[],"_links":{"self":[{"href":"https:\/\/www.sggw.edu.pl\/en\/wp-json\/wp\/v2\/pages\/12810","targetHints":{"allow":["GET"]}}],"collection":[{"href":"https:\/\/www.sggw.edu.pl\/en\/wp-json\/wp\/v2\/pages"}],"about":[{"href":"https:\/\/www.sggw.edu.pl\/en\/wp-json\/wp\/v2\/types\/page"}],"author":[{"embeddable":true,"href":"https:\/\/www.sggw.edu.pl\/en\/wp-json\/wp\/v2\/users\/21"}],"replies":[{"embeddable":true,"href":"https:\/\/www.sggw.edu.pl\/en\/wp-json\/wp\/v2\/comments?post=12810"}],"version-history":[{"count":13,"href":"https:\/\/www.sggw.edu.pl\/en\/wp-json\/wp\/v2\/pages\/12810\/revisions"}],"predecessor-version":[{"id":84555,"href":"https:\/\/www.sggw.edu.pl\/en\/wp-json\/wp\/v2\/pages\/12810\/revisions\/84555"}],"wp:attachment":[{"href":"https:\/\/www.sggw.edu.pl\/en\/wp-json\/wp\/v2\/media?parent=12810"}],"curies":[{"name":"wp","href":"https:\/\/api.w.org\/{rel}","templated":true}]}}