{"id":12826,"date":"2020-12-22T12:37:22","date_gmt":"2020-12-22T11:37:22","guid":{"rendered":"https:\/\/www.sggw.edu.pl\/phd-students\/doctoral-scholarship\/"},"modified":"2021-05-31T12:25:17","modified_gmt":"2021-05-31T10:25:17","slug":"doctoral-scholarship","status":"publish","type":"page","link":"https:\/\/www.sggw.edu.pl\/en\/science\/doctoral-school\/doktoranci\/doctoral-scholarship\/","title":{"rendered":"Doctoral scholarship"},"content":{"rendered":"\t\t<div data-elementor-type=\"wp-page\" data-elementor-id=\"12826\" class=\"elementor elementor-12826\" data-elementor-post-type=\"page\">\n\t\t\t\t\t\t<section class=\"elementor-section elementor-top-section elementor-element elementor-element-2496cc65 elementor-section-boxed elementor-section-height-default elementor-section-height-default\" data-id=\"2496cc65\" data-element_type=\"section\">\n\t\t\t\t\t\t<div class=\"elementor-container elementor-column-gap-default\">\n\t\t\t\t\t<div class=\"elementor-column elementor-col-100 elementor-top-column elementor-element elementor-element-32d65d79\" data-id=\"32d65d79\" data-element_type=\"column\">\n\t\t\t<div class=\"elementor-widget-wrap elementor-element-populated\">\n\t\t\t\t\t\t<div class=\"elementor-element elementor-element-40b79148 elementor-widget elementor-widget-wp-widget-bcn_widget\" data-id=\"40b79148\" data-element_type=\"widget\" data-widget_type=\"wp-widget-bcn_widget.default\">\n\t\t\t\t<div class=\"elementor-widget-container\">\n\t\t\t<div class=\"mn-grid breadcrumb\">\n                                    <div class=\"breadcrumb-inner mn-grid-12\"><div class=\"breadcrumbs\" vocab=\"https:\/\/schema.org\/\" typeof=\"BreadcrumbList\"><span property=\"itemListElement\" typeof=\"ListItem\"><a property=\"item\" typeof=\"WebPage\" title=\"Go to Szko\u0142a G\u0142\u00f3wna Gospodarstwa Wiejskiego w Warszawie.\" href=\"https:\/\/www.sggw.edu.pl\/en\/\" class=\"home\" aria-current=\"page\"><span property=\"name\">Home<\/span><\/a><meta property=\"position\" content=\"1\"><\/span><\/div>    <\/div>\n                                <\/div>\t\t<\/div>\n\t\t\t\t<\/div>\n\t\t\t\t<div class=\"elementor-element elementor-element-2360d0c0 elementor-widget elementor-widget-post-title\" data-id=\"2360d0c0\" data-element_type=\"widget\" data-widget_type=\"post-title.default\">\n\t\t\t\t<div class=\"elementor-widget-container\">\n\t\t\t<section>\n                    <div class=\"mn-grid entry-header-inner section-inner medium\">\n                        <h1 class=\"mn-grid-12 entry-title\" style=\"\">\n                            Doctoral scholarship\n                        <\/h1>\n                    <\/div>\n                <\/section>\t\t<\/div>\n\t\t\t\t<\/div>\n\t\t\t\t\t<\/div>\n\t\t<\/div>\n\t\t\t\t\t<\/div>\n\t\t<\/section>\n\t\t\t\t<section class=\"elementor-section elementor-top-section elementor-element elementor-element-b754c66 elementor-section-boxed elementor-section-height-default elementor-section-height-default\" data-id=\"b754c66\" data-element_type=\"section\">\n\t\t\t\t\t\t<div class=\"elementor-container elementor-column-gap-default\">\n\t\t\t\t\t<div class=\"elementor-column elementor-col-100 elementor-top-column elementor-element elementor-element-31d7e6d\" data-id=\"31d7e6d\" data-element_type=\"column\">\n\t\t\t<div class=\"elementor-widget-wrap elementor-element-populated\">\n\t\t\t\t\t\t<div class=\"elementor-element elementor-element-cf294c9 elementor-widget elementor-widget-w12\" data-id=\"cf294c9\" data-element_type=\"widget\" data-widget_type=\"w12.default\">\n\t\t\t\t<div class=\"elementor-widget-container\">\n\t\t\t<section>\n                <div class=\"mn-grid\">\n                    <div class=\"mn-grid-12 mn-mod-text-links\">\n                        <p>In accordance with Article 2(10) of the basic 209 of the Act of 20 July 2018 on Higher Education and Science (Journal of Laws, item <em>1668, as amended)<\/em>:<\/p>\n<ol>\n<li> <\/li>\n<\/ol>\n\n                    <\/div>\n                <\/div>\n            <\/section>\t\t<\/div>\n\t\t\t\t<\/div>\n\t\t\t\t\t<\/div>\n\t\t<\/div>\n\t\t\t\t\t<\/div>\n\t\t<\/section>\n\t\t\t\t<section class=\"elementor-section elementor-top-section elementor-element elementor-element-5e8c2d4 elementor-section-boxed elementor-section-height-default elementor-section-height-default\" data-id=\"5e8c2d4\" data-element_type=\"section\">\n\t\t\t\t\t\t<div class=\"elementor-container elementor-column-gap-default\">\n\t\t\t\t\t<div class=\"elementor-column elementor-col-100 elementor-top-column elementor-element elementor-element-8fd43e3\" data-id=\"8fd43e3\" data-element_type=\"column\">\n\t\t\t<div class=\"elementor-widget-wrap elementor-element-populated\">\n\t\t\t\t\t\t<div class=\"elementor-element elementor-element-8fc6534 elementor-widget elementor-widget-w33\" data-id=\"8fc6534\" data-element_type=\"widget\" data-widget_type=\"w33.default\">\n\t\t\t\t<div class=\"elementor-widget-container\">\n\t\t\t<section>\n            <div class=\"mn-grid\">\n                <div class=\"mn-vertical-separator\">\n                    \n                <\/div>\n            <\/section>\t\t<\/div>\n\t\t\t\t<\/div>\n\t\t\t\t<div class=\"elementor-element elementor-element-04c76fa elementor-widget elementor-widget-w9\" data-id=\"04c76fa\" data-element_type=\"widget\" data-widget_type=\"w9.default\">\n\t\t\t\t<div class=\"elementor-widget-container\">\n\t\t\t<section><div class=\"mn-grid\"><ul class=\"mn-grid-12 mn-link-list-type1\"><li>\n                            <a href=\"\" class=\"mn-pointer-event-off\">\n                                <span>A doctoral student without a doctoral degree receives a doctoral scholarship.<\/span>\n                            <\/a>\n                        <\/li><li>\n                            <a href=\"\" class=\"mn-pointer-event-off\">\n                                <span>The total duration of receiving a doctoral scholarship in doctoral schools may not exceed 4 years.  <\/span>\n                            <\/a>\n                        <\/li><li>\n                            <a href=\"\" class=\"mn-pointer-event-off\">\n                                <span>Until the period referred to in paragraph 1, member states shall ensure that: In the case referred to in Article 2, the period of suspension and the period of training at the doctoral school shall not be counted. Whereas Article 206 (2) of the Treaty provides that the Community may adopt measures 2. Act:<\/span>\n                            <\/a>\n                        <\/li><li>\n                            <a href=\"\" class=\"mn-pointer-event-off\">\n                                <span>The monthly doctoral grant shall be at least: 37% of the professor's salary up to the month in which the mid-term evaluation was carried out; 57% of the professor's salary \u2013 after the month in which the mid-term evaluation was carried out.<\/span>\n                            <\/a>\n                        <\/li><li>\n                            <a href=\"\" class=\"mn-pointer-event-off\">\n                                <span>During the period of suspension of education, the provisions on the determination of maternity allowance shall apply mutatis mutandis to the determination of the amount of the doctoral grant, provided that the amount of the monthly doctoral grant referred to in paragraph 1 is determined by the basis of the amount of the allowance. On the date of the application for suspension.<\/span>\n                            <\/a>\n                        <\/li><li>\n                            <a href=\"\" class=\"mn-pointer-event-off\">\n                                <span>A doctoral student holding a disability certificate, a decision on the degree of disability or a judgment referred to in Article 5 and Article 62 of the Law of 27 August 1997 on professional and social rehabilitation and employment of persons with disabilities shall receive a doctoral fellowship of 30% of the amount referred to in paragraph 4(1)(1)<\/span>\n                            <\/a>\n                        <\/li><li>\n                            <a href=\"\" class=\"mn-pointer-event-off\">\n                                <span>A doctoral student who has submitted a doctoral dissertation earlier than the deadline for completion of the training provided for in the training programme shall receive a doctoral fellowship until the date on which the period for completion of the training expires, but not more than 6 months.<\/span>\n                            <\/a>\n                        <\/li><li>\n                            <a href=\"\" class=\"mn-pointer-event-off\">\n                                <span>A doctoral student may not be employed as an academic or researcher. The ban does not apply to the employment of a doctoral student: (1) for the purpose of carrying out the research project referred to in Article 10( 1) of Regulation (EC) No 1782\/2003, the competent authority of the Member State in Whereas article 119 (1) of the Treaty provides that the Community may adopt measures 2 points 2 and 3 of the Act; (2) following a positive mid-term evaluation, except that, in the case of employment of more than half of full-time employment, the amount of the grant shall be 40% of the monthly grant referred to in paragraph 1; 4 point 2; (3) who is not entitled to a doctoral fellowship.<\/span>\n                            <\/a>\n                        <\/li><\/ul><\/div><\/section>\t\t<\/div>\n\t\t\t\t<\/div>\n\t\t\t\t\t<\/div>\n\t\t<\/div>\n\t\t\t\t\t<\/div>\n\t\t<\/section>\n\t\t\t\t<\/div>\n\t\t","protected":false},"excerpt":{"rendered":"<p>In accordance with Article 2(10) of the basic 209 of the Act of 20 July 2018 on Higher Education and Science (Journal of Laws, item 1668, as amended): A doctoral student without a doctoral degree receives a doctoral scholarship. The total duration of receiving a doctoral scholarship in doctoral schools may not exceed 4 years. [&hellip;]<\/p>\n","protected":false},"author":1,"featured_media":0,"parent":12767,"menu_order":0,"comment_status":"closed","ping_status":"closed","template":"","meta":{"_acf_changed":false,"footnotes":""},"class_list":["post-12826","page","type-page","status-publish","hentry"],"acf":[],"_links":{"self":[{"href":"https:\/\/www.sggw.edu.pl\/en\/wp-json\/wp\/v2\/pages\/12826","targetHints":{"allow":["GET"]}}],"collection":[{"href":"https:\/\/www.sggw.edu.pl\/en\/wp-json\/wp\/v2\/pages"}],"about":[{"href":"https:\/\/www.sggw.edu.pl\/en\/wp-json\/wp\/v2\/types\/page"}],"author":[{"embeddable":true,"href":"https:\/\/www.sggw.edu.pl\/en\/wp-json\/wp\/v2\/users\/1"}],"replies":[{"embeddable":true,"href":"https:\/\/www.sggw.edu.pl\/en\/wp-json\/wp\/v2\/comments?post=12826"}],"version-history":[{"count":1,"href":"https:\/\/www.sggw.edu.pl\/en\/wp-json\/wp\/v2\/pages\/12826\/revisions"}],"predecessor-version":[{"id":12827,"href":"https:\/\/www.sggw.edu.pl\/en\/wp-json\/wp\/v2\/pages\/12826\/revisions\/12827"}],"up":[{"embeddable":true,"href":"https:\/\/www.sggw.edu.pl\/en\/wp-json\/wp\/v2\/pages\/12767"}],"wp:attachment":[{"href":"https:\/\/www.sggw.edu.pl\/en\/wp-json\/wp\/v2\/media?parent=12826"}],"curies":[{"name":"wp","href":"https:\/\/api.w.org\/{rel}","templated":true}]}}