{"id":12834,"date":"2020-12-22T12:37:26","date_gmt":"2020-12-22T11:37:26","guid":{"rendered":"https:\/\/www.sggw.edu.pl\/faq-grade-i-uniform\/recruitment-fee\/"},"modified":"2026-04-20T16:00:24","modified_gmt":"2026-04-20T14:00:24","slug":"recruitment-fee","status":"publish","type":"page","link":"https:\/\/www.sggw.edu.pl\/en\/recruitment\/recruitment-fee\/","title":{"rendered":"Recruitment fee"},"content":{"rendered":"\t\t<div data-elementor-type=\"wp-page\" data-elementor-id=\"12834\" class=\"elementor elementor-12834\" data-elementor-post-type=\"page\">\n\t\t\t\t\t\t<section class=\"elementor-section elementor-top-section elementor-element elementor-element-252d26c2 elementor-section-boxed elementor-section-height-default elementor-section-height-default\" data-id=\"252d26c2\" data-element_type=\"section\">\n\t\t\t\t\t\t<div class=\"elementor-container elementor-column-gap-default\">\n\t\t\t\t\t<div class=\"elementor-column elementor-col-100 elementor-top-column elementor-element elementor-element-58b0667f\" data-id=\"58b0667f\" data-element_type=\"column\">\n\t\t\t<div class=\"elementor-widget-wrap elementor-element-populated\">\n\t\t\t\t\t\t<div class=\"elementor-element elementor-element-54ac89d2 elementor-widget elementor-widget-wp-widget-bcn_widget\" data-id=\"54ac89d2\" data-element_type=\"widget\" data-widget_type=\"wp-widget-bcn_widget.default\">\n\t\t\t\t<div class=\"elementor-widget-container\">\n\t\t\t<div class=\"mn-grid breadcrumb\">\n                                    <div class=\"breadcrumb-inner mn-grid-12\"><div class=\"breadcrumbs\" vocab=\"https:\/\/schema.org\/\" typeof=\"BreadcrumbList\"><span property=\"itemListElement\" typeof=\"ListItem\"><a property=\"item\" typeof=\"WebPage\" title=\"Go to Szko\u0142a G\u0142\u00f3wna Gospodarstwa Wiejskiego w Warszawie.\" href=\"https:\/\/www.sggw.edu.pl\/en\/\" class=\"home\" aria-current=\"page\"><span property=\"name\">Home<\/span><\/a><meta property=\"position\" content=\"1\"><\/span><\/div>    <\/div>\n                                <\/div>\t\t<\/div>\n\t\t\t\t<\/div>\n\t\t\t\t<div class=\"elementor-element elementor-element-3cd12e85 elementor-widget elementor-widget-post-title\" data-id=\"3cd12e85\" data-element_type=\"widget\" data-widget_type=\"post-title.default\">\n\t\t\t\t<div class=\"elementor-widget-container\">\n\t\t\t<section>\n                    <div class=\"mn-grid entry-header-inner section-inner medium\">\n                        <h1 class=\"mn-grid-12 entry-title\" style=\"\">\n                            Recruitment fee\n                        <\/h1>\n                    <\/div>\n                <\/section>\t\t<\/div>\n\t\t\t\t<\/div>\n\t\t\t\t\t<\/div>\n\t\t<\/div>\n\t\t\t\t\t<\/div>\n\t\t<\/section>\n\t\t\t\t<section class=\"elementor-section elementor-top-section elementor-element elementor-element-32afe4f elementor-section-boxed elementor-section-height-default elementor-section-height-default\" data-id=\"32afe4f\" data-element_type=\"section\">\n\t\t\t\t\t\t<div class=\"elementor-container elementor-column-gap-default\">\n\t\t\t\t\t<div class=\"elementor-column elementor-col-100 elementor-top-column elementor-element elementor-element-1074be0\" data-id=\"1074be0\" data-element_type=\"column\">\n\t\t\t<div class=\"elementor-widget-wrap elementor-element-populated\">\n\t\t\t\t\t\t<div class=\"elementor-element elementor-element-8e6df75 elementor-widget elementor-widget-w33\" data-id=\"8e6df75\" data-element_type=\"widget\" data-widget_type=\"w33.default\">\n\t\t\t\t<div class=\"elementor-widget-container\">\n\t\t\t<section>\n            <div class=\"mn-grid\">\n                <div class=\"mn-vertical-separator-x2\">\n                    \n                <\/div>\n            <\/section>\t\t<\/div>\n\t\t\t\t<\/div>\n\t\t\t\t\t<\/div>\n\t\t<\/div>\n\t\t\t\t\t<\/div>\n\t\t<\/section>\n\t\t\t\t<section class=\"elementor-section elementor-top-section elementor-element elementor-element-c0e582b elementor-section-boxed elementor-section-height-default elementor-section-height-default\" data-id=\"c0e582b\" data-element_type=\"section\">\n\t\t\t\t\t\t<div class=\"elementor-container elementor-column-gap-default\">\n\t\t\t\t\t<div class=\"elementor-column elementor-col-100 elementor-top-column elementor-element elementor-element-3c3ebee\" data-id=\"3c3ebee\" data-element_type=\"column\">\n\t\t\t<div class=\"elementor-widget-wrap elementor-element-populated\">\n\t\t\t\t\t\t<div class=\"elementor-element elementor-element-146af3d elementor-widget elementor-widget-w34\" data-id=\"146af3d\" data-element_type=\"widget\" data-widget_type=\"w34.default\">\n\t\t\t\t<div class=\"elementor-widget-container\">\n\t\t\t        <section id=\"w34-146af3d\" class=\"mn-m5-c mn-m5-d2\">\n            <div class=\"mn-grid\">\n                <div class=\"mn-content mn-grid-12\">\n                    <div class=\"mn-content-block active\">\n                                                                <ul class=\"mn-accordion\">\n                                            <li>\n                                                <h4 class=\"mn-accordion-title\"\n                                                    role=\"button\"\n                                                    tabindex=\"0\"\n                                                    aria-expanded=\"false\"\n                                                    aria-controls=\"w34-146af3d-panel-0\">How much is the admission fee?<\/h4>\n                                                <div id=\"w34-146af3d-panel-0\" style=\"display:none;\" hidden>\n                                                    <p><span class=\"Y2IQFc\" lang=\"en\">The admission fee<\/span> is PLN 85.00<\/p>\n<p><span class=\"Y2IQFc\" lang=\"en\">The admission fee for candidates for Architecture and Landscape Architecture (undergraduate studies) is PLN 150.00. <\/span><\/p>\n<p>The recruitment fee for foreign candidates applying for admission on the basis of a&nbsp;certificate requiring recognition is PLN 100.00.<\/p>\n<p class=\"tw-data-text tw-text-large tw-ta\" dir=\"ltr\" role=\"text\" data-placeholder=\"T\u0142umaczenie\" data-ved=\"2ahUKEwiGi9zJjvyTAxWBFxAIHVGxKX8Q3ewLegQIDBAU\" aria-label=\"Przet\u0142umaczony tekst: The application fee for Architecture and Landscape Architecture (undergraduate studies) is PLN 150.00. The application fee for Veterinary Medicine taught in English (long-cycle master's degree): Candidates applying with a&nbsp;Polish secondary school leaving certificate, IB diploma, or EB diploma are qualified based on their secondary school leaving exam results. The fee is PLN 85.00. Candidates applying with a&nbsp;foreign diploma other than an IB or EB diploma are qualified based on an entrance exam. The fee is PLN 100.00. The fee is payable for each field of study to which the candidate is applying.\"><span class=\"Y2IQFc\" lang=\"en\">The admission fee for Veterinary Medicine taught in English (long-cycle master&#8217;s degree):<\/span><\/p>\n<p class=\"tw-data-text tw-text-large tw-ta\" dir=\"ltr\" role=\"text\" data-placeholder=\"T\u0142umaczenie\" data-ved=\"2ahUKEwiGi9zJjvyTAxWBFxAIHVGxKX8Q3ewLegQIDBAU\" aria-label=\"Przet\u0142umaczony tekst: The application fee for Architecture and Landscape Architecture (undergraduate studies) is PLN 150.00. The application fee for Veterinary Medicine taught in English (long-cycle master's degree): Candidates applying with a&nbsp;Polish secondary school leaving certificate, IB diploma, or EB diploma are qualified based on their secondary school leaving exam results. The fee is PLN 85.00. Candidates applying with a&nbsp;foreign diploma other than an IB or EB diploma are qualified based on an entrance exam. The fee is PLN 100.00. The fee is payable for each field of study to which the candidate is applying.\"><span class=\"Y2IQFc\" lang=\"en\">Candidates applying with a&nbsp;Polish secondary school leaving certificate, IB diploma, or EB diploma are qualified based on their secondary school leaving exam results. <\/span><\/p>\n<p class=\"tw-data-text tw-text-large tw-ta\" dir=\"ltr\" role=\"text\" data-placeholder=\"T\u0142umaczenie\" data-ved=\"2ahUKEwiGi9zJjvyTAxWBFxAIHVGxKX8Q3ewLegQIDBAU\" aria-label=\"Przet\u0142umaczony tekst: The application fee for Architecture and Landscape Architecture (undergraduate studies) is PLN 150.00. The application fee for Veterinary Medicine taught in English (long-cycle master's degree): Candidates applying with a&nbsp;Polish secondary school leaving certificate, IB diploma, or EB diploma are qualified based on their secondary school leaving exam results. The fee is PLN 85.00. Candidates applying with a&nbsp;foreign diploma other than an IB or EB diploma are qualified based on an entrance exam. The fee is PLN 100.00. The fee is payable for each field of study to which the candidate is applying.\"><span class=\"Y2IQFc\" lang=\"en\">The fee is PLN 85.00. <\/span><\/p>\n<p class=\"tw-data-text tw-text-large tw-ta\" dir=\"ltr\" role=\"text\" data-placeholder=\"T\u0142umaczenie\" data-ved=\"2ahUKEwiGi9zJjvyTAxWBFxAIHVGxKX8Q3ewLegQIDBAU\" aria-label=\"Przet\u0142umaczony tekst: The application fee for Architecture and Landscape Architecture (undergraduate studies) is PLN 150.00. The application fee for Veterinary Medicine taught in English (long-cycle master's degree): Candidates applying with a&nbsp;Polish secondary school leaving certificate, IB diploma, or EB diploma are qualified based on their secondary school leaving exam results. The fee is PLN 85.00. Candidates applying with a&nbsp;foreign diploma other than an IB or EB diploma are qualified based on an entrance exam. The fee is PLN 100.00. The fee is payable for each field of study to which the candidate is applying.\"><span class=\"Y2IQFc\" lang=\"en\">Candidates applying with a&nbsp;foreign diploma other than an IB or EB diploma are qualified based on an entrance exam. <\/span><\/p>\n<p class=\"tw-data-text tw-text-large tw-ta\" dir=\"ltr\" role=\"text\" data-placeholder=\"T\u0142umaczenie\" data-ved=\"2ahUKEwiGi9zJjvyTAxWBFxAIHVGxKX8Q3ewLegQIDBAU\" aria-label=\"Przet\u0142umaczony tekst: The application fee for Architecture and Landscape Architecture (undergraduate studies) is PLN 150.00. The application fee for Veterinary Medicine taught in English (long-cycle master's degree): Candidates applying with a&nbsp;Polish secondary school leaving certificate, IB diploma, or EB diploma are qualified based on their secondary school leaving exam results. The fee is PLN 85.00. Candidates applying with a&nbsp;foreign diploma other than an IB or EB diploma are qualified based on an entrance exam. The fee is PLN 100.00. The fee is payable for each field of study to which the candidate is applying.\"><span class=\"Y2IQFc\" lang=\"en\">The fee is PLN 100.00. <\/span><\/p>\n<p class=\"tw-data-text tw-text-large tw-ta\" dir=\"ltr\" role=\"text\" data-placeholder=\"T\u0142umaczenie\" data-ved=\"2ahUKEwiGi9zJjvyTAxWBFxAIHVGxKX8Q3ewLegQIDBAU\" aria-label=\"Przet\u0142umaczony tekst: The application fee for Architecture and Landscape Architecture (undergraduate studies) is PLN 150.00. The application fee for Veterinary Medicine taught in English (long-cycle master's degree): Candidates applying with a&nbsp;Polish secondary school leaving certificate, IB diploma, or EB diploma are qualified based on their secondary school leaving exam results. The fee is PLN 85.00. Candidates applying with a&nbsp;foreign diploma other than an IB or EB diploma are qualified based on an entrance exam. The fee is PLN 100.00. The fee is payable for each field of study to which the candidate is applying.\"><span class=\"Y2IQFc\" lang=\"en\">The fee is payable for each field of study to which the candidate is applying.<\/span><\/p>\n                                                <\/div>\n                                            <\/li>\n                                        <\/ul>\n                                                                                <ul class=\"mn-accordion\">\n                                            <li>\n                                                <h4 class=\"mn-accordion-title\"\n                                                    role=\"button\"\n                                                    tabindex=\"0\"\n                                                    aria-expanded=\"false\"\n                                                    aria-controls=\"w34-146af3d-panel-1\">When do I&nbsp;have to pay the admission fee?<\/h4>\n                                                <div id=\"w34-146af3d-panel-1\" style=\"display:none;\" hidden>\n                                                    <p>The final date of payment of the admission fee in a&nbsp;given recruitment stage is specified in the recruitment calendar. If that deadline coincides with the last day of registering for a&nbsp;given study program, the candidate is obliged to pay the fee no later than on the same day.<\/p>\n                                                <\/div>\n                                            <\/li>\n                                        <\/ul>\n                                                                                <ul class=\"mn-accordion\">\n                                            <li>\n                                                <h4 class=\"mn-accordion-title\"\n                                                    role=\"button\"\n                                                    tabindex=\"0\"\n                                                    aria-expanded=\"false\"\n                                                    aria-controls=\"w34-146af3d-panel-2\">To what account number should I&nbsp;pay the admission fee, where can I&nbsp;find the account number?<\/h4>\n                                                <div id=\"w34-146af3d-panel-2\" style=\"display:none;\" hidden>\n                                                    <p>The candidate pays the recruitment fee to the individual bank account number generated for the candidate in the IRK system. A&nbsp;unique bank account number is assigned to each candidate. The bank account number is provided in the &#8220;Payments&#8221; tab, but before any payment, it is required to select a&nbsp;study program (to register).<\/p>\n                                                <\/div>\n                                            <\/li>\n                                        <\/ul>\n                                                                                <ul class=\"mn-accordion\">\n                                            <li>\n                                                <h4 class=\"mn-accordion-title\"\n                                                    role=\"button\"\n                                                    tabindex=\"0\"\n                                                    aria-expanded=\"false\"\n                                                    aria-controls=\"w34-146af3d-panel-3\">How to pay the admission fee?<\/h4>\n                                                <div id=\"w34-146af3d-panel-3\" style=\"display:none;\" hidden>\n                                                    <p>The online bank transfer is the fastest payment method. The candidate can also use another form of bank payment or the postal services. However, we do not recommend this option due to its duration.<\/p>\n                                                <\/div>\n                                            <\/li>\n                                        <\/ul>\n                                                                                <ul class=\"mn-accordion\">\n                                            <li>\n                                                <h4 class=\"mn-accordion-title\"\n                                                    role=\"button\"\n                                                    tabindex=\"0\"\n                                                    aria-expanded=\"false\"\n                                                    aria-controls=\"w34-146af3d-panel-4\">Do I&nbsp;have to make a&nbsp;transfer from my own bank account?<\/h4>\n                                                <div id=\"w34-146af3d-panel-4\" style=\"display:none;\" hidden>\n                                                    <p>NO. The admission fee can be transferred from any bank account. The payment is identified based on the candidate&#8217;s individual account number and then recorded on their IRK profile.<\/p>\n                                                <\/div>\n                                            <\/li>\n                                        <\/ul>\n                                                                                <ul class=\"mn-accordion\">\n                                            <li>\n                                                <h4 class=\"mn-accordion-title\"\n                                                    role=\"button\"\n                                                    tabindex=\"0\"\n                                                    aria-expanded=\"false\"\n                                                    aria-controls=\"w34-146af3d-panel-5\">Why is my admission fee still pending? Will I&nbsp;be considered for qualification?<\/h4>\n                                                <div id=\"w34-146af3d-panel-5\" style=\"display:none;\" hidden>\n                                                    <p>The admission fee is credited to the SGGW account within 2-3 business days from the date of making payment. If the fee has not been credited, please:<\/p>\n<ul>\n<li>wait patiently;<\/li>\n<li>verify the account number to which it was sent;<\/li>\n<li>check if the payment was sent back to you;<\/li>\n<li>in case the payment was sent back, contact your bank immediately.<\/li>\n<\/ul>\n<p>\u00a0<\/p>\n<p>Note! In each case, the candidate is obliged to keep the proof of payment and attach it with the submitting documents at the request of the University staff. If the payment has been made within the time limit specified in the recruitment calendar, the candidate will be considered in the recruitment procedure. The payment is deemed to be effected at the moment of the financial operation, i.e. making an electronic payment, ordering a&nbsp;transfer or making a&nbsp;cash payment at a&nbsp;bank or post office branch.<\/p>\n                                                <\/div>\n                                            <\/li>\n                                        <\/ul>\n                                                                                <ul class=\"mn-accordion\">\n                                            <li>\n                                                <h4 class=\"mn-accordion-title\"\n                                                    role=\"button\"\n                                                    tabindex=\"0\"\n                                                    aria-expanded=\"false\"\n                                                    aria-controls=\"w34-146af3d-panel-6\">How to provide a&nbsp;proof of payment if I&nbsp;made an online transfer?<\/h4>\n                                                <div id=\"w34-146af3d-panel-6\" style=\"display:none;\" hidden>\n                                                    <p>Each online bank provides an option to download a\u00a0 payment confirmation. The printout usually includes a&nbsp;clause that the document does not require a&nbsp;stamp or signature to be considered valid.<\/p>\n                                                <\/div>\n                                            <\/li>\n                                        <\/ul>\n                                                                                <ul class=\"mn-accordion\">\n                                            <li>\n                                                <h4 class=\"mn-accordion-title\"\n                                                    role=\"button\"\n                                                    tabindex=\"0\"\n                                                    aria-expanded=\"false\"\n                                                    aria-controls=\"w34-146af3d-panel-7\">Should I&nbsp;pay the tuition fees and the fee for the Electronic Student Identity Card (ELS) to my personal account in the IRK system?<\/h4>\n                                                <div id=\"w34-146af3d-panel-7\" style=\"display:none;\" hidden>\n                                                    <p>NO. The IRK system only supports admission fees. The tuition and ELS fees should be paid to other dedicated bank accounts, available at the Virtual Dean&#8217;s Office of SGGW (eHMS).<\/p>\n                                                <\/div>\n                                            <\/li>\n                                        <\/ul>\n                                                            <\/div>\n                <\/div>\n            <\/div>\n        <\/section>\n\n        <script type=\"text\/javascript\">\n            (function(){\n                var root = document.getElementById('w34-146af3d');\n                if (!root || root.dataset.w34Ready === '1') {\n                    return;\n                }\n                root.dataset.w34Ready = '1';\n\n                var titles = root.querySelectorAll('.mn-accordion-title');\n\n                function toggleItem(titleEl, event) {\n                    if (event) {\n                        event.preventDefault();\n                        event.stopPropagation();\n                        if (typeof event.stopImmediatePropagation === 'function') {\n                            event.stopImmediatePropagation();\n                        }\n                    }\n\n                    var li = titleEl.parentElement;\n                    if (!li) {\n                        return;\n                    }\n\n                    var panel = titleEl.nextElementSibling;\n                    if (!panel) {\n                        return;\n                    }\n\n                    var isOpen = li.classList.contains('show');\n\n                    if (isOpen) {\n                        li.classList.remove('show');\n                        titleEl.setAttribute('aria-expanded', 'false');\n                        panel.hidden = true;\n                        if (window.jQuery) {\n                            window.jQuery(panel).stop(true, true).slideUp(200);\n                        } else {\n                            panel.style.display = 'none';\n                        }\n                    } else {\n                        li.classList.add('show');\n                        titleEl.setAttribute('aria-expanded', 'true');\n                        panel.hidden = false;\n                        if (window.jQuery) {\n                            window.jQuery(panel).stop(true, true).slideDown(200);\n                        } else {\n                            panel.style.display = 'block';\n                        }\n                    }\n                }\n\n                titles.forEach(function(titleEl){\n                    var panel = titleEl.nextElementSibling;\n                    if (panel) {\n                        panel.hidden = true;\n                        panel.style.display = 'none';\n                    }\n\n                    titleEl.addEventListener('click', function(event){\n                        toggleItem(titleEl, event);\n                    }, true);\n\n                    titleEl.addEventListener('keydown', function(event){\n                        if (event.key === 'Enter' || event.key === ' ') {\n                            toggleItem(titleEl, event);\n                        }\n                    }, true);\n                });\n            })();\n        <\/script>\n        \t\t<\/div>\n\t\t\t\t<\/div>\n\t\t\t\t\t<\/div>\n\t\t<\/div>\n\t\t\t\t\t<\/div>\n\t\t<\/section>\n\t\t\t\t<\/div>\n\t\t","protected":false},"excerpt":{"rendered":"<p>Recruitment fee How much is the admission fee? The admission fee is PLN 85.00 The admission fee for candidates for Architecture and Landscape Architecture (undergraduate studies) is PLN 150.00. The recruitment fee for foreign candidates applying for admission on the basis of a&nbsp;certificate requiring recognition is PLN 100.00. The admission fee for Veterinary Medicine taught [&hellip;]<\/p>\n","protected":false},"author":1,"featured_media":0,"parent":191425,"menu_order":0,"comment_status":"closed","ping_status":"closed","template":"","meta":{"_acf_changed":false,"footnotes":""},"class_list":["post-12834","page","type-page","status-publish","hentry"],"acf":[],"_links":{"self":[{"href":"https:\/\/www.sggw.edu.pl\/en\/wp-json\/wp\/v2\/pages\/12834","targetHints":{"allow":["GET"]}}],"collection":[{"href":"https:\/\/www.sggw.edu.pl\/en\/wp-json\/wp\/v2\/pages"}],"about":[{"href":"https:\/\/www.sggw.edu.pl\/en\/wp-json\/wp\/v2\/types\/page"}],"author":[{"embeddable":true,"href":"https:\/\/www.sggw.edu.pl\/en\/wp-json\/wp\/v2\/users\/1"}],"replies":[{"embeddable":true,"href":"https:\/\/www.sggw.edu.pl\/en\/wp-json\/wp\/v2\/comments?post=12834"}],"version-history":[{"count":31,"href":"https:\/\/www.sggw.edu.pl\/en\/wp-json\/wp\/v2\/pages\/12834\/revisions"}],"predecessor-version":[{"id":288368,"href":"https:\/\/www.sggw.edu.pl\/en\/wp-json\/wp\/v2\/pages\/12834\/revisions\/288368"}],"up":[{"embeddable":true,"href":"https:\/\/www.sggw.edu.pl\/en\/wp-json\/wp\/v2\/pages\/191425"}],"wp:attachment":[{"href":"https:\/\/www.sggw.edu.pl\/en\/wp-json\/wp\/v2\/media?parent=12834"}],"curies":[{"name":"wp","href":"https:\/\/api.w.org\/{rel}","templated":true}]}}