{"id":12840,"date":"2020-12-22T12:37:30","date_gmt":"2020-12-22T11:37:30","guid":{"rendered":"https:\/\/www.sggw.edu.pl\/faq-grade-i-uniform\/photo\/"},"modified":"2021-05-26T15:43:30","modified_gmt":"2021-05-26T13:43:30","slug":"photo","status":"publish","type":"page","link":"https:\/\/www.sggw.edu.pl\/en\/studies\/photo\/","title":{"rendered":"Photo"},"content":{"rendered":"\t\t<div data-elementor-type=\"wp-page\" data-elementor-id=\"12840\" class=\"elementor elementor-12840\" data-elementor-post-type=\"page\">\n\t\t\t\t\t\t<section class=\"elementor-section elementor-top-section elementor-element elementor-element-33d63a80 elementor-section-boxed elementor-section-height-default elementor-section-height-default\" data-id=\"33d63a80\" data-element_type=\"section\">\n\t\t\t\t\t\t<div class=\"elementor-container elementor-column-gap-default\">\n\t\t\t\t\t<div class=\"elementor-column elementor-col-100 elementor-top-column elementor-element elementor-element-63ce7af3\" data-id=\"63ce7af3\" data-element_type=\"column\">\n\t\t\t<div class=\"elementor-widget-wrap elementor-element-populated\">\n\t\t\t\t\t\t<div class=\"elementor-element elementor-element-3809517b elementor-widget elementor-widget-wp-widget-bcn_widget\" data-id=\"3809517b\" data-element_type=\"widget\" data-widget_type=\"wp-widget-bcn_widget.default\">\n\t\t\t\t<div class=\"elementor-widget-container\">\n\t\t\t<div class=\"mn-grid breadcrumb\">\n                                    <div class=\"breadcrumb-inner mn-grid-12\"><div class=\"breadcrumbs\" vocab=\"https:\/\/schema.org\/\" typeof=\"BreadcrumbList\"><span property=\"itemListElement\" typeof=\"ListItem\"><a property=\"item\" typeof=\"WebPage\" title=\"Go to Szko\u0142a G\u0142\u00f3wna Gospodarstwa Wiejskiego w Warszawie.\" href=\"https:\/\/www.sggw.edu.pl\/en\/\" class=\"home\" aria-current=\"page\"><span property=\"name\">Home<\/span><\/a><meta property=\"position\" content=\"1\"><\/span><\/div>    <\/div>\n                                <\/div>\t\t<\/div>\n\t\t\t\t<\/div>\n\t\t\t\t<div class=\"elementor-element elementor-element-625f1b0d elementor-widget elementor-widget-post-title\" data-id=\"625f1b0d\" data-element_type=\"widget\" data-widget_type=\"post-title.default\">\n\t\t\t\t<div class=\"elementor-widget-container\">\n\t\t\t<section>\n                    <div class=\"mn-grid entry-header-inner section-inner medium\">\n                        <h1 class=\"mn-grid-12 entry-title\" style=\"\">\n                            Photo\n                        <\/h1>\n                    <\/div>\n                <\/section>\t\t<\/div>\n\t\t\t\t<\/div>\n\t\t\t\t<div class=\"elementor-element elementor-element-9e1a8e6 elementor-widget elementor-widget-w33\" data-id=\"9e1a8e6\" data-element_type=\"widget\" data-widget_type=\"w33.default\">\n\t\t\t\t<div class=\"elementor-widget-container\">\n\t\t\t<section>\n            <div class=\"mn-grid\">\n                <div class=\"mn-vertical-separator-x2\">\n                    \n                <\/div>\n            <\/section>\t\t<\/div>\n\t\t\t\t<\/div>\n\t\t\t\t\t<\/div>\n\t\t<\/div>\n\t\t\t\t\t<\/div>\n\t\t<\/section>\n\t\t\t\t<section class=\"elementor-section elementor-top-section elementor-element elementor-element-5cd1d08 elementor-section-boxed elementor-section-height-default elementor-section-height-default\" data-id=\"5cd1d08\" data-element_type=\"section\">\n\t\t\t\t\t\t<div class=\"elementor-container elementor-column-gap-default\">\n\t\t\t\t\t<div class=\"elementor-column elementor-col-100 elementor-top-column elementor-element elementor-element-2ffe85b\" data-id=\"2ffe85b\" data-element_type=\"column\">\n\t\t\t<div class=\"elementor-widget-wrap elementor-element-populated\">\n\t\t\t\t\t\t<div class=\"elementor-element elementor-element-eae5f93 elementor-widget elementor-widget-w34\" data-id=\"eae5f93\" data-element_type=\"widget\" data-widget_type=\"w34.default\">\n\t\t\t\t<div class=\"elementor-widget-container\">\n\t\t\t        <section id=\"w34-eae5f93\" class=\"mn-m5-c mn-m5-d2\">\n            <div class=\"mn-grid\">\n                <div class=\"mn-content mn-grid-12\">\n                    <div class=\"mn-content-block active\">\n                                                                <ul class=\"mn-accordion\">\n                                            <li>\n                                                <h4 class=\"mn-accordion-title\"\n                                                    role=\"button\"\n                                                    tabindex=\"0\"\n                                                    aria-expanded=\"false\"\n                                                    aria-controls=\"w34-eae5f93-panel-0\">By when do I&nbsp;need to include an electronic photo on the form?<\/h4>\n                                                <div id=\"w34-eae5f93-panel-0\" style=\"display:none;\" hidden>\n                                                    <p>Photo in SOK the candidate puts in case of confirmation of willingness to study at SGGW after qualifying for submission of documents and acceptance. Candidates with qualified\/pending status have the opportunity to attach a&nbsp;photo. Only after attaching and accepting the photo is it possible to print the Application\/Personal Survey<\/p>\n                                                <\/div>\n                                            <\/li>\n                                        <\/ul>\n                                                                                <ul class=\"mn-accordion\">\n                                            <li>\n                                                <h4 class=\"mn-accordion-title\"\n                                                    role=\"button\"\n                                                    tabindex=\"0\"\n                                                    aria-expanded=\"false\"\n                                                    aria-controls=\"w34-eae5f93-panel-1\">In the \"Photo\" tab, I&nbsp;see the message \"new photo \u2013 pending verification\". How long does it take to verify a&nbsp;photo?<\/h4>\n                                                <div id=\"w34-eae5f93-panel-1\" style=\"display:none;\" hidden>\n                                                    <p>You should see a&nbsp;photo of the candidate when you join the form as soon as you join. If a&nbsp;candidate doesn&#8217;t see their photo in the SOK form, it means that it isn&#8217;t attached and can&#8217;t be verified (because, for example, the volume of the photo file is too large). Photos are accepted on an ongoing basis (24 to 48 hours after the photo is posted). To upload a&nbsp;photo, point to the path to the file on the disc or media and press the &#8220;change photo&#8221; button. The candidate at the photo declares that this is his photograph. No photo\/statement prevents you from printing your application for college admission. Note! Photos received from a&nbsp;photographer on a&nbsp;disc or other medium are usually in very high resolution and have a&nbsp;large volume. The photo attached to the SOK should not be more than 100KB.<\/p>\n                                                <\/div>\n                                            <\/li>\n                                        <\/ul>\n                                                                                <ul class=\"mn-accordion\">\n                                            <li>\n                                                <h4 class=\"mn-accordion-title\"\n                                                    role=\"button\"\n                                                    tabindex=\"0\"\n                                                    aria-expanded=\"false\"\n                                                    aria-controls=\"w34-eae5f93-panel-2\">The \"Photo\" tab displays a&nbsp;message that the photo has not been accepted. Why?<\/h4>\n                                                <div id=\"w34-eae5f93-panel-2\" style=\"display:none;\" hidden>\n                                                    <p>The message usually contains information about the floods of photo rejections. Please refer to the photo requirements (&#8220;Photo&#8221; tab in the Candidate Service System) and attach the correct photograph.<\/p>\n<p>Note! The candidate&#8217;s head should be 66-80% of the width and height of the photo box (window boxes). The photo should be taken &#8220;en face&#8221; \u2013 as for an ID card or passport, on a&nbsp;uniform background, in natural colors, sharp. If it&#8217;s a&nbsp;scanned photo, you won&#8217;t see stamp marks or the edges of the photo in the photo box. In SOK you can see what the master photo looks like.<\/p>\n                                                <\/div>\n                                            <\/li>\n                                        <\/ul>\n                                                            <\/div>\n                <\/div>\n            <\/div>\n        <\/section>\n\n        <script type=\"text\/javascript\">\n            (function(){\n                var root = document.getElementById('w34-eae5f93');\n                if (!root || root.dataset.w34Ready === '1') {\n                    return;\n                }\n                root.dataset.w34Ready = '1';\n\n                var titles = root.querySelectorAll('.mn-accordion-title');\n\n                function toggleItem(titleEl, event) {\n                    if (event) {\n                        event.preventDefault();\n                        event.stopPropagation();\n                        if (typeof event.stopImmediatePropagation === 'function') {\n                            event.stopImmediatePropagation();\n                        }\n                    }\n\n                    var li = titleEl.parentElement;\n                    if (!li) {\n                        return;\n                    }\n\n                    var panel = titleEl.nextElementSibling;\n                    if (!panel) {\n                        return;\n                    }\n\n                    var isOpen = li.classList.contains('show');\n\n                    if (isOpen) {\n                        li.classList.remove('show');\n                        titleEl.setAttribute('aria-expanded', 'false');\n                        panel.hidden = true;\n                        if (window.jQuery) {\n                            window.jQuery(panel).stop(true, true).slideUp(200);\n                        } else {\n                            panel.style.display = 'none';\n                        }\n                    } else {\n                        li.classList.add('show');\n                        titleEl.setAttribute('aria-expanded', 'true');\n                        panel.hidden = false;\n                        if (window.jQuery) {\n                            window.jQuery(panel).stop(true, true).slideDown(200);\n                        } else {\n                            panel.style.display = 'block';\n                        }\n                    }\n                }\n\n                titles.forEach(function(titleEl){\n                    var panel = titleEl.nextElementSibling;\n                    if (panel) {\n                        panel.hidden = true;\n                        panel.style.display = 'none';\n                    }\n\n                    titleEl.addEventListener('click', function(event){\n                        toggleItem(titleEl, event);\n                    }, true);\n\n                    titleEl.addEventListener('keydown', function(event){\n                        if (event.key === 'Enter' || event.key === ' ') {\n                            toggleItem(titleEl, event);\n                        }\n                    }, true);\n                });\n            })();\n        <\/script>\n        \t\t<\/div>\n\t\t\t\t<\/div>\n\t\t\t\t\t<\/div>\n\t\t<\/div>\n\t\t\t\t\t<\/div>\n\t\t<\/section>\n\t\t\t\t<\/div>\n\t\t","protected":false},"excerpt":{"rendered":"<p>By when do I&nbsp;need to include an electronic photo on the form? Photo in SOK the candidate puts in case of confirmation of willingness to study at SGGW after qualifying for submission of documents and acceptance. Candidates with qualified\/pending status have the opportunity to attach a&nbsp;photo. Only after attaching and accepting the photo is it [&hellip;]<\/p>\n","protected":false},"author":1,"featured_media":0,"parent":12723,"menu_order":0,"comment_status":"closed","ping_status":"closed","template":"","meta":{"_acf_changed":false,"footnotes":""},"class_list":["post-12840","page","type-page","status-publish","hentry"],"acf":[],"_links":{"self":[{"href":"https:\/\/www.sggw.edu.pl\/en\/wp-json\/wp\/v2\/pages\/12840","targetHints":{"allow":["GET"]}}],"collection":[{"href":"https:\/\/www.sggw.edu.pl\/en\/wp-json\/wp\/v2\/pages"}],"about":[{"href":"https:\/\/www.sggw.edu.pl\/en\/wp-json\/wp\/v2\/types\/page"}],"author":[{"embeddable":true,"href":"https:\/\/www.sggw.edu.pl\/en\/wp-json\/wp\/v2\/users\/1"}],"replies":[{"embeddable":true,"href":"https:\/\/www.sggw.edu.pl\/en\/wp-json\/wp\/v2\/comments?post=12840"}],"version-history":[{"count":1,"href":"https:\/\/www.sggw.edu.pl\/en\/wp-json\/wp\/v2\/pages\/12840\/revisions"}],"predecessor-version":[{"id":12841,"href":"https:\/\/www.sggw.edu.pl\/en\/wp-json\/wp\/v2\/pages\/12840\/revisions\/12841"}],"up":[{"embeddable":true,"href":"https:\/\/www.sggw.edu.pl\/en\/wp-json\/wp\/v2\/pages\/12723"}],"wp:attachment":[{"href":"https:\/\/www.sggw.edu.pl\/en\/wp-json\/wp\/v2\/media?parent=12840"}],"curies":[{"name":"wp","href":"https:\/\/api.w.org\/{rel}","templated":true}]}}