{"id":12844,"date":"2020-12-22T12:37:32","date_gmt":"2020-12-22T11:37:32","guid":{"rendered":"https:\/\/www.sggw.edu.pl\/faq-grade-i-uniform\/veterinary-part-time-studies\/"},"modified":"2021-05-26T15:43:31","modified_gmt":"2021-05-26T13:43:31","slug":"veterinary-part-time-studies","status":"publish","type":"page","link":"https:\/\/www.sggw.edu.pl\/en\/practical-information-for-students\/faq-grade-i-uniform\/veterinary-part-time-studies\/","title":{"rendered":"Veterinary &#8211; part-time studies"},"content":{"rendered":"\t\t<div data-elementor-type=\"wp-page\" data-elementor-id=\"12844\" class=\"elementor elementor-12844\" data-elementor-post-type=\"page\">\n\t\t\t\t\t\t<section class=\"elementor-section elementor-top-section elementor-element elementor-element-d04d501 elementor-section-boxed elementor-section-height-default elementor-section-height-default\" data-id=\"d04d501\" data-element_type=\"section\">\n\t\t\t\t\t\t<div class=\"elementor-container elementor-column-gap-default\">\n\t\t\t\t\t<div class=\"elementor-column elementor-col-100 elementor-top-column elementor-element elementor-element-5b9184ac\" data-id=\"5b9184ac\" data-element_type=\"column\">\n\t\t\t<div class=\"elementor-widget-wrap elementor-element-populated\">\n\t\t\t\t\t\t<div class=\"elementor-element elementor-element-42b02d16 elementor-widget elementor-widget-wp-widget-bcn_widget\" data-id=\"42b02d16\" data-element_type=\"widget\" data-widget_type=\"wp-widget-bcn_widget.default\">\n\t\t\t\t<div class=\"elementor-widget-container\">\n\t\t\t<div class=\"mn-grid breadcrumb\">\n                                    <div class=\"breadcrumb-inner mn-grid-12\"><div class=\"breadcrumbs\" vocab=\"https:\/\/schema.org\/\" typeof=\"BreadcrumbList\"><span property=\"itemListElement\" typeof=\"ListItem\"><a property=\"item\" typeof=\"WebPage\" title=\"Go to Szko\u0142a G\u0142\u00f3wna Gospodarstwa Wiejskiego w Warszawie.\" href=\"https:\/\/www.sggw.edu.pl\/en\/\" class=\"home\" aria-current=\"page\"><span property=\"name\">Home<\/span><\/a><meta property=\"position\" content=\"1\"><\/span><\/div>    <\/div>\n                                <\/div>\t\t<\/div>\n\t\t\t\t<\/div>\n\t\t\t\t<div class=\"elementor-element elementor-element-23478a9b elementor-widget elementor-widget-post-title\" data-id=\"23478a9b\" data-element_type=\"widget\" data-widget_type=\"post-title.default\">\n\t\t\t\t<div class=\"elementor-widget-container\">\n\t\t\t<section>\n                    <div class=\"mn-grid entry-header-inner section-inner medium\">\n                        <h1 class=\"mn-grid-12 entry-title\" style=\"\">\n                            Veterinary &#8211; part-time studies\n                        <\/h1>\n                    <\/div>\n                <\/section>\t\t<\/div>\n\t\t\t\t<\/div>\n\t\t\t\t\t<\/div>\n\t\t<\/div>\n\t\t\t\t\t<\/div>\n\t\t<\/section>\n\t\t\t\t<section class=\"elementor-section elementor-top-section elementor-element elementor-element-df14b92 elementor-section-boxed elementor-section-height-default elementor-section-height-default\" data-id=\"df14b92\" data-element_type=\"section\">\n\t\t\t\t\t\t<div class=\"elementor-container elementor-column-gap-default\">\n\t\t\t\t\t<div class=\"elementor-column elementor-col-100 elementor-top-column elementor-element elementor-element-2800022\" data-id=\"2800022\" data-element_type=\"column\">\n\t\t\t<div class=\"elementor-widget-wrap elementor-element-populated\">\n\t\t\t\t\t\t<div class=\"elementor-element elementor-element-4329db6 elementor-widget elementor-widget-w33\" data-id=\"4329db6\" data-element_type=\"widget\" data-widget_type=\"w33.default\">\n\t\t\t\t<div class=\"elementor-widget-container\">\n\t\t\t<section>\n            <div class=\"mn-grid\">\n                <div class=\"mn-vertical-separator\">\n                    \n                <\/div>\n            <\/section>\t\t<\/div>\n\t\t\t\t<\/div>\n\t\t\t\t\t<\/div>\n\t\t<\/div>\n\t\t\t\t\t<\/div>\n\t\t<\/section>\n\t\t\t\t<section class=\"elementor-section elementor-top-section elementor-element elementor-element-aed1e78 elementor-section-boxed elementor-section-height-default elementor-section-height-default\" data-id=\"aed1e78\" data-element_type=\"section\">\n\t\t\t\t\t\t<div class=\"elementor-container elementor-column-gap-default\">\n\t\t\t\t\t<div class=\"elementor-column elementor-col-100 elementor-top-column elementor-element elementor-element-5900ab6\" data-id=\"5900ab6\" data-element_type=\"column\">\n\t\t\t<div class=\"elementor-widget-wrap elementor-element-populated\">\n\t\t\t\t\t\t<div class=\"elementor-element elementor-element-5ae30f5 elementor-widget elementor-widget-w34\" data-id=\"5ae30f5\" data-element_type=\"widget\" data-widget_type=\"w34.default\">\n\t\t\t\t<div class=\"elementor-widget-container\">\n\t\t\t        <section id=\"w34-5ae30f5\" class=\"mn-m5-c mn-m5-d2\">\n            <div class=\"mn-grid\">\n                <div class=\"mn-content mn-grid-12\">\n                    <div class=\"mn-content-block active\">\n                                                                <ul class=\"mn-accordion\">\n                                            <li>\n                                                <h4 class=\"mn-accordion-title\"\n                                                    role=\"button\"\n                                                    tabindex=\"0\"\n                                                    aria-expanded=\"false\"\n                                                    aria-controls=\"w34-5ae30f5-panel-0\">When does registration for part-time (veterinary) studies start? How do I&nbsp;point out that I&nbsp;am also interested in part-time studies? I&nbsp;do not see this direction in part-time form in the table, where should I&nbsp;make a&nbsp;choice?<\/h4>\n                                                <div id=\"w34-5ae30f5-panel-0\" style=\"display:none;\" hidden>\n                                                    <p>Registration for part-time veterinary studies begins with registration for other fields of study. Since recruitment for this field takes place on time and on the basis of the rules laid down for full-time studies, you must register for the selected course in stationary form and complete the declaration of participation in the recruitment for part-time studies, which will appear in the menu on the left. Select the appropriate option and confirm the selection. Only candidates who have an option of interest in this form of study will be eligible for part-time studies.<\/p>\n                                                <\/div>\n                                            <\/li>\n                                        <\/ul>\n                                                                                <ul class=\"mn-accordion\">\n                                            <li>\n                                                <h4 class=\"mn-accordion-title\"\n                                                    role=\"button\"\n                                                    tabindex=\"0\"\n                                                    aria-expanded=\"false\"\n                                                    aria-controls=\"w34-5ae30f5-panel-1\">When are the first qualifications for part-time (veterinary) studies held?<\/h4>\n                                                <div id=\"w34-5ae30f5-panel-1\" style=\"display:none;\" hidden>\n                                                    <p>Qualifications for part-time (veterinary) studies take place at the same time as qualifications for full-time studies.<\/p>\n                                                <\/div>\n                                            <\/li>\n                                        <\/ul>\n                                                                                <ul class=\"mn-accordion\">\n                                            <li>\n                                                <h4 class=\"mn-accordion-title\"\n                                                    role=\"button\"\n                                                    tabindex=\"0\"\n                                                    aria-expanded=\"false\"\n                                                    aria-controls=\"w34-5ae30f5-panel-2\">I have been qualified\/qualified for part-time studies, I&nbsp;have submitted\/submitted documents, and there are still vacancies for day studies. What can I&nbsp;do to study in day mode?<\/h4>\n                                                <div id=\"w34-5ae30f5-panel-2\" style=\"display:none;\" hidden>\n                                                    <p>A&nbsp;candidate who has submitted documents for part-time studies shall continue to participate in the qualification for a&nbsp;stationary course in this field. After the vacancies for full-time study have been announced, a&nbsp;threshold shall be set from which candidates for vacancies are accepted. This threshold is equal to the result of the last qualified candidate according to the ranking list. If the score of a&nbsp;candidate accepted for part-time veterinary medicine (with the status &#8220;accepted \u2013 part-time&#8221;) fits in the next stage of recruitment within the limit set for full-time studies, the candidate is automatically transferred to full-time studies and his\/her status changes to &#8220;accepted &#8211; stationary&#8221;.<\/p>\n                                                <\/div>\n                                            <\/li>\n                                        <\/ul>\n                                                                                <ul class=\"mn-accordion\">\n                                            <li>\n                                                <h4 class=\"mn-accordion-title\"\n                                                    role=\"button\"\n                                                    tabindex=\"0\"\n                                                    aria-expanded=\"false\"\n                                                    aria-controls=\"w34-5ae30f5-panel-3\">After the second year of part-time study in veterinary medicine, is there an automatic transfer to a&nbsp;stationary form?<\/h4>\n                                                <div id=\"w34-5ae30f5-panel-3\" style=\"display:none;\" hidden>\n                                                    <p>Part-time studies in veterinary medicine last 11 semesters (full cycle of education) and during this period it is not possible to change their form to stationary.<\/p>\n                                                <\/div>\n                                            <\/li>\n                                        <\/ul>\n                                                                                <ul class=\"mn-accordion\">\n                                            <li>\n                                                <h4 class=\"mn-accordion-title\"\n                                                    role=\"button\"\n                                                    tabindex=\"0\"\n                                                    aria-expanded=\"false\"\n                                                    aria-controls=\"w34-5ae30f5-panel-4\">Are part-time studies in veterinary medicine paid only for the first semesters? How much is the fee?<\/h4>\n                                                <div id=\"w34-5ae30f5-panel-4\" style=\"display:none;\" hidden>\n                                                    <p>Part-time studies are paid for the entire duration (11 semesters). Semester fees are given in the annex to the Order of the Rector of the SGGW on the payment for studies.<\/p>\n                                                <\/div>\n                                            <\/li>\n                                        <\/ul>\n                                                            <\/div>\n                <\/div>\n            <\/div>\n        <\/section>\n\n        <script type=\"text\/javascript\">\n            (function(){\n                var root = document.getElementById('w34-5ae30f5');\n                if (!root || root.dataset.w34Ready === '1') {\n                    return;\n                }\n                root.dataset.w34Ready = '1';\n\n                var titles = root.querySelectorAll('.mn-accordion-title');\n\n                function toggleItem(titleEl, event) {\n                    if (event) {\n                        event.preventDefault();\n                        event.stopPropagation();\n                        if (typeof event.stopImmediatePropagation === 'function') {\n                            event.stopImmediatePropagation();\n                        }\n                    }\n\n                    var li = titleEl.parentElement;\n                    if (!li) {\n                        return;\n                    }\n\n                    var panel = titleEl.nextElementSibling;\n                    if (!panel) {\n                        return;\n                    }\n\n                    var isOpen = li.classList.contains('show');\n\n                    if (isOpen) {\n                        li.classList.remove('show');\n                        titleEl.setAttribute('aria-expanded', 'false');\n                        panel.hidden = true;\n                        if (window.jQuery) {\n                            window.jQuery(panel).stop(true, true).slideUp(200);\n                        } else {\n                            panel.style.display = 'none';\n                        }\n                    } else {\n                        li.classList.add('show');\n                        titleEl.setAttribute('aria-expanded', 'true');\n                        panel.hidden = false;\n                        if (window.jQuery) {\n                            window.jQuery(panel).stop(true, true).slideDown(200);\n                        } else {\n                            panel.style.display = 'block';\n                        }\n                    }\n                }\n\n                titles.forEach(function(titleEl){\n                    var panel = titleEl.nextElementSibling;\n                    if (panel) {\n                        panel.hidden = true;\n                        panel.style.display = 'none';\n                    }\n\n                    titleEl.addEventListener('click', function(event){\n                        toggleItem(titleEl, event);\n                    }, true);\n\n                    titleEl.addEventListener('keydown', function(event){\n                        if (event.key === 'Enter' || event.key === ' ') {\n                            toggleItem(titleEl, event);\n                        }\n                    }, true);\n                });\n            })();\n        <\/script>\n        \t\t<\/div>\n\t\t\t\t<\/div>\n\t\t\t\t\t<\/div>\n\t\t<\/div>\n\t\t\t\t\t<\/div>\n\t\t<\/section>\n\t\t\t\t<\/div>\n\t\t","protected":false},"excerpt":{"rendered":"<p>When does registration for part-time (veterinary) studies start? How do I&nbsp;point out that I&nbsp;am also interested in part-time studies? I&nbsp;do not see this direction in part-time form in the table, where should I&nbsp;make a&nbsp;choice? Registration for part-time veterinary studies begins with registration for other fields of study. Since recruitment for this field takes place on [&hellip;]<\/p>\n","protected":false},"author":1,"featured_media":0,"parent":12768,"menu_order":0,"comment_status":"closed","ping_status":"closed","template":"","meta":{"_acf_changed":false,"footnotes":""},"class_list":["post-12844","page","type-page","status-publish","hentry"],"acf":[],"_links":{"self":[{"href":"https:\/\/www.sggw.edu.pl\/en\/wp-json\/wp\/v2\/pages\/12844","targetHints":{"allow":["GET"]}}],"collection":[{"href":"https:\/\/www.sggw.edu.pl\/en\/wp-json\/wp\/v2\/pages"}],"about":[{"href":"https:\/\/www.sggw.edu.pl\/en\/wp-json\/wp\/v2\/types\/page"}],"author":[{"embeddable":true,"href":"https:\/\/www.sggw.edu.pl\/en\/wp-json\/wp\/v2\/users\/1"}],"replies":[{"embeddable":true,"href":"https:\/\/www.sggw.edu.pl\/en\/wp-json\/wp\/v2\/comments?post=12844"}],"version-history":[{"count":1,"href":"https:\/\/www.sggw.edu.pl\/en\/wp-json\/wp\/v2\/pages\/12844\/revisions"}],"predecessor-version":[{"id":12845,"href":"https:\/\/www.sggw.edu.pl\/en\/wp-json\/wp\/v2\/pages\/12844\/revisions\/12845"}],"up":[{"embeddable":true,"href":"https:\/\/www.sggw.edu.pl\/en\/wp-json\/wp\/v2\/pages\/12768"}],"wp:attachment":[{"href":"https:\/\/www.sggw.edu.pl\/en\/wp-json\/wp\/v2\/media?parent=12844"}],"curies":[{"name":"wp","href":"https:\/\/api.w.org\/{rel}","templated":true}]}}