{"id":12872,"date":"2020-12-22T12:37:53","date_gmt":"2020-12-22T11:37:53","guid":{"rendered":"https:\/\/www.sggw.edu.pl\/pro-quality-scholarship\/"},"modified":"2021-08-06T09:54:56","modified_gmt":"2021-08-06T07:54:56","slug":"pro-quality-scholarship","status":"publish","type":"page","link":"https:\/\/www.sggw.edu.pl\/en\/science\/doctoral-studies\/pro-quality-scholarship\/","title":{"rendered":"Pro-quality scholarship"},"content":{"rendered":"\t\t<div data-elementor-type=\"wp-page\" data-elementor-id=\"12872\" class=\"elementor elementor-12872\" data-elementor-post-type=\"page\">\n\t\t\t\t\t\t<section class=\"elementor-section elementor-top-section elementor-element elementor-element-254cc989 elementor-section-boxed elementor-section-height-default elementor-section-height-default\" data-id=\"254cc989\" data-element_type=\"section\">\n\t\t\t\t\t\t<div class=\"elementor-container elementor-column-gap-default\">\n\t\t\t\t\t<div class=\"elementor-column elementor-col-100 elementor-top-column elementor-element elementor-element-6cdfa6ab\" data-id=\"6cdfa6ab\" data-element_type=\"column\">\n\t\t\t<div class=\"elementor-widget-wrap elementor-element-populated\">\n\t\t\t\t\t\t<div class=\"elementor-element elementor-element-fef6795 elementor-widget elementor-widget-wp-widget-bcn_widget\" data-id=\"fef6795\" data-element_type=\"widget\" data-widget_type=\"wp-widget-bcn_widget.default\">\n\t\t\t\t<div class=\"elementor-widget-container\">\n\t\t\t<div class=\"mn-grid breadcrumb\">\n                                    <div class=\"breadcrumb-inner mn-grid-12\"><div class=\"breadcrumbs\" vocab=\"https:\/\/schema.org\/\" typeof=\"BreadcrumbList\"><span property=\"itemListElement\" typeof=\"ListItem\"><a property=\"item\" typeof=\"WebPage\" title=\"Go to Szko\u0142a G\u0142\u00f3wna Gospodarstwa Wiejskiego w Warszawie.\" href=\"https:\/\/www.sggw.edu.pl\/en\/\" class=\"home\" aria-current=\"page\"><span property=\"name\">Home<\/span><\/a><meta property=\"position\" content=\"1\"><\/span><\/div>    <\/div>\n                                <\/div>\t\t<\/div>\n\t\t\t\t<\/div>\n\t\t\t\t<div class=\"elementor-element elementor-element-6d1e8d44 elementor-widget elementor-widget-post-title\" data-id=\"6d1e8d44\" data-element_type=\"widget\" data-widget_type=\"post-title.default\">\n\t\t\t\t<div class=\"elementor-widget-container\">\n\t\t\t<section>\n                    <div class=\"mn-grid entry-header-inner section-inner medium\">\n                        <h1 class=\"mn-grid-12 entry-title\" style=\"\">\n                            Pro-quality scholarship\n                        <\/h1>\n                    <\/div>\n                <\/section>\t\t<\/div>\n\t\t\t\t<\/div>\n\t\t\t\t<div class=\"elementor-element elementor-element-3c18a01 elementor-widget elementor-widget-w33\" data-id=\"3c18a01\" data-element_type=\"widget\" data-widget_type=\"w33.default\">\n\t\t\t\t<div class=\"elementor-widget-container\">\n\t\t\t<section>\n            <div class=\"mn-grid\">\n                <div class=\"mn-vertical-separator-x2\">\n                    \n                <\/div>\n            <\/section>\t\t<\/div>\n\t\t\t\t<\/div>\n\t\t\t\t\t<\/div>\n\t\t<\/div>\n\t\t\t\t\t<\/div>\n\t\t<\/section>\n\t\t\t\t<section class=\"elementor-section elementor-top-section elementor-element elementor-element-f49ec01 elementor-section-boxed elementor-section-height-default elementor-section-height-default\" data-id=\"f49ec01\" data-element_type=\"section\">\n\t\t\t\t\t\t<div class=\"elementor-container elementor-column-gap-default\">\n\t\t\t\t\t<div class=\"elementor-column elementor-col-100 elementor-top-column elementor-element elementor-element-0313ddf\" data-id=\"0313ddf\" data-element_type=\"column\">\n\t\t\t<div class=\"elementor-widget-wrap elementor-element-populated\">\n\t\t\t\t\t\t<div class=\"elementor-element elementor-element-3630a98 elementor-widget elementor-widget-w12\" data-id=\"3630a98\" data-element_type=\"widget\" data-widget_type=\"w12.default\">\n\t\t\t\t<div class=\"elementor-widget-container\">\n\t\t\t<section>\n                <div class=\"mn-grid\">\n                    <div class=\"mn-grid-12 mn-mod-text-links\">\n                        <p><a href=\"https:\/\/www.sggw.edu.pl\/wp-content\/uploads\/2020\/10\/Regulamin_pro_do_70-1.pdf\"><span class=\"VIiyi\" lang=\"en\"><span class=\"JLqJ4b ChMk0b\" data-language-for-alternatives=\"en\" data-language-to-translate-into=\"pl\" data-phrase-index=\"0\">Regulations on awarding and paying the amount of increase in the doctoral scholarship from the earmarked subsidy for co-financing pro-quality tasks for doctoral students of the Warsaw University of Life Sciences<\/span><\/span> \u00a0<\/a><\/p><p><a href=\"https:\/\/www.sggw.edu.pl\/wp-content\/uploads\/2020\/10\/zarzadzenie_70.pdf\">Order No. 70 of the Rector of the SGGW of 24 August 2017<\/a> <span class=\"VIiyi\" lang=\"en\"><span class=\"JLqJ4b ChMk0b\" data-language-for-alternatives=\"en\" data-language-to-translate-into=\"pl\" data-phrase-index=\"0\">on the introduction of the Regulations for the awarding and payment of the amount of the doctoral scholarship increase from the earmarked subsidy for co-financing pro-quality tasks for PhD students of SGGW<\/span><\/span><\/p><p><a href=\"https:\/\/www.sggw.edu.pl\/wp-content\/uploads\/2020\/10\/2017_1_Wniosek-o-przyznanie-stypendium-projako%C5%9Bciowego.doc\">Annex No 1 <\/a>&#8211; <span class=\"VIiyi\" lang=\"en\"><span class=\"JLqJ4b ChMk0b\" data-language-for-alternatives=\"en\" data-language-to-translate-into=\"pl\" data-phrase-index=\"0\">Application for an increase in the doctoral scholarship from the earmarked subsidy for co-financing pro-quality tasks<\/span><\/span><\/p><p><a href=\"https:\/\/www.sggw.edu.pl\/wp-content\/uploads\/2020\/10\/2017_9_procedura.doc\">Annex No 9<\/a> &#8211; Procedure<\/p><p><span style=\"color: #ff0000\"><strong>Please Note!<\/strong><\/span><\/p><p><span style=\"color: #ff0000\"><strong>Applications must be completed electronically. Handwritten applications will not be considered.<\/strong><\/span><\/p><p><strong>The application shall be:<\/strong><\/p><ul><li>printed<\/li><li>signed<\/li><li>submitted to the Head of Doctoral Studies within the time limit specified in the Regulations.<\/li><\/ul>\n                    <\/div>\n                <\/div>\n            <\/section>\t\t<\/div>\n\t\t\t\t<\/div>\n\t\t\t\t\t<\/div>\n\t\t<\/div>\n\t\t\t\t\t<\/div>\n\t\t<\/section>\n\t\t\t\t<\/div>\n\t\t","protected":false},"excerpt":{"rendered":"<p>Pro-quality scholarship Regulations on awarding and paying the amount of increase in the doctoral scholarship from the earmarked subsidy for co-financing pro-quality tasks for doctoral students of the Warsaw University of Life Sciences \u00a0 Order No. 70 of the Rector of the SGGW of 24 August 2017 on the introduction of the Regulations for the [&hellip;]<\/p>\n","protected":false},"author":1,"featured_media":0,"parent":14906,"menu_order":0,"comment_status":"closed","ping_status":"closed","template":"","meta":{"_acf_changed":false,"footnotes":""},"class_list":["post-12872","page","type-page","status-publish","hentry"],"acf":[],"_links":{"self":[{"href":"https:\/\/www.sggw.edu.pl\/en\/wp-json\/wp\/v2\/pages\/12872","targetHints":{"allow":["GET"]}}],"collection":[{"href":"https:\/\/www.sggw.edu.pl\/en\/wp-json\/wp\/v2\/pages"}],"about":[{"href":"https:\/\/www.sggw.edu.pl\/en\/wp-json\/wp\/v2\/types\/page"}],"author":[{"embeddable":true,"href":"https:\/\/www.sggw.edu.pl\/en\/wp-json\/wp\/v2\/users\/1"}],"replies":[{"embeddable":true,"href":"https:\/\/www.sggw.edu.pl\/en\/wp-json\/wp\/v2\/comments?post=12872"}],"version-history":[{"count":7,"href":"https:\/\/www.sggw.edu.pl\/en\/wp-json\/wp\/v2\/pages\/12872\/revisions"}],"predecessor-version":[{"id":91801,"href":"https:\/\/www.sggw.edu.pl\/en\/wp-json\/wp\/v2\/pages\/12872\/revisions\/91801"}],"up":[{"embeddable":true,"href":"https:\/\/www.sggw.edu.pl\/en\/wp-json\/wp\/v2\/pages\/14906"}],"wp:attachment":[{"href":"https:\/\/www.sggw.edu.pl\/en\/wp-json\/wp\/v2\/media?parent=12872"}],"curies":[{"name":"wp","href":"https:\/\/api.w.org\/{rel}","templated":true}]}}