{"id":12881,"date":"2020-12-22T12:49:21","date_gmt":"2020-12-22T11:49:21","guid":{"rendered":"https:\/\/www.sggw.edu.pl\/operational-programme-digital-poland\/"},"modified":"2021-07-27T10:17:59","modified_gmt":"2021-07-27T08:17:59","slug":"operational-programme-digital-poland","status":"publish","type":"page","link":"https:\/\/www.sggw.edu.pl\/en\/science\/national-projects\/programs\/operational-programme-digital-poland\/","title":{"rendered":"Operational Programme Digital Poland"},"content":{"rendered":"\t\t<div data-elementor-type=\"wp-page\" data-elementor-id=\"12881\" class=\"elementor elementor-12881\" data-elementor-post-type=\"page\">\n\t\t\t\t\t\t<section class=\"elementor-section elementor-top-section elementor-element elementor-element-5b3d339 elementor-section-boxed elementor-section-height-default elementor-section-height-default\" data-id=\"5b3d339\" data-element_type=\"section\">\n\t\t\t\t\t\t<div class=\"elementor-container elementor-column-gap-default\">\n\t\t\t\t\t<div class=\"elementor-column elementor-col-100 elementor-top-column elementor-element elementor-element-1fa1ffaf\" data-id=\"1fa1ffaf\" data-element_type=\"column\">\n\t\t\t<div class=\"elementor-widget-wrap elementor-element-populated\">\n\t\t\t\t\t\t<div class=\"elementor-element elementor-element-6de0b67d elementor-widget elementor-widget-wp-widget-bcn_widget\" data-id=\"6de0b67d\" data-element_type=\"widget\" data-widget_type=\"wp-widget-bcn_widget.default\">\n\t\t\t\t<div class=\"elementor-widget-container\">\n\t\t\t<div class=\"mn-grid breadcrumb\">\n                                    <div class=\"breadcrumb-inner mn-grid-12\"><div class=\"breadcrumbs\" vocab=\"https:\/\/schema.org\/\" typeof=\"BreadcrumbList\"><span property=\"itemListElement\" typeof=\"ListItem\"><a property=\"item\" typeof=\"WebPage\" title=\"Go to Szko\u0142a G\u0142\u00f3wna Gospodarstwa Wiejskiego w Warszawie.\" href=\"https:\/\/www.sggw.edu.pl\/en\/\" class=\"home\" aria-current=\"page\"><span property=\"name\">Home<\/span><\/a><meta property=\"position\" content=\"1\"><\/span><\/div>    <\/div>\n                                <\/div>\t\t<\/div>\n\t\t\t\t<\/div>\n\t\t\t\t<div class=\"elementor-element elementor-element-53a0a46d elementor-widget elementor-widget-post-title\" data-id=\"53a0a46d\" data-element_type=\"widget\" data-widget_type=\"post-title.default\">\n\t\t\t\t<div class=\"elementor-widget-container\">\n\t\t\t<section>\n                    <div class=\"mn-grid entry-header-inner section-inner medium\">\n                        <h1 class=\"mn-grid-12 entry-title\" style=\"\">\n                            Operational Programme Digital Poland\n                        <\/h1>\n                    <\/div>\n                <\/section>\t\t<\/div>\n\t\t\t\t<\/div>\n\t\t\t\t\t<\/div>\n\t\t<\/div>\n\t\t\t\t\t<\/div>\n\t\t<\/section>\n\t\t\t\t<section class=\"elementor-section elementor-top-section elementor-element elementor-element-30e7a34 elementor-section-boxed elementor-section-height-default elementor-section-height-default\" data-id=\"30e7a34\" data-element_type=\"section\">\n\t\t\t\t\t\t<div class=\"elementor-container elementor-column-gap-default\">\n\t\t\t\t\t<div class=\"elementor-column elementor-col-100 elementor-top-column elementor-element elementor-element-a0fb6aa\" data-id=\"a0fb6aa\" data-element_type=\"column\">\n\t\t\t<div class=\"elementor-widget-wrap elementor-element-populated\">\n\t\t\t\t\t\t<div class=\"elementor-element elementor-element-d02a1a8 elementor-widget elementor-widget-w12\" data-id=\"d02a1a8\" data-element_type=\"widget\" data-widget_type=\"w12.default\">\n\t\t\t\t<div class=\"elementor-widget-container\">\n\t\t\t<section>\n                <div class=\"mn-grid\">\n                    <div class=\"mn-grid-12 mn-mod-text-links\">\n                        <p>The Digital Poland programme will focus primarily on investment projects expanding access to broadband networks. At the same time, the implementation of systems providing an opportunity to deal with a wide range of official matters related to education and online health services will continue. In order to fully exploit the potential of new online solutions, activities will also be funded to help people who may have problems with the virtual world, e.g. those in their 50s or people with disability. Special support will also be directed to strengthening and utilizing the potential of young creative programmers.<\/p><p><a href=\"https:\/\/www.polskacyfrowa.gov.pl\/strony\/o-programie\/zasady\/co-mozna-zrealizowac\/\">Detailed information on the Programme&#8217;s website.<\/a><\/p><p><a href=\"https:\/\/www.polskacyfrowa.gov.pl\/strony\/skorzystaj\/nabory\/#\/domyslne=1\">Current recruitments.<\/a><\/p>\n                    <\/div>\n                <\/div>\n            <\/section>\t\t<\/div>\n\t\t\t\t<\/div>\n\t\t\t\t\t<\/div>\n\t\t<\/div>\n\t\t\t\t\t<\/div>\n\t\t<\/section>\n\t\t\t\t<section class=\"elementor-section elementor-top-section elementor-element elementor-element-1eb2f8c elementor-section-boxed elementor-section-height-default elementor-section-height-default\" data-id=\"1eb2f8c\" data-element_type=\"section\">\n\t\t\t\t\t\t<div class=\"elementor-container elementor-column-gap-default\">\n\t\t\t\t\t<div class=\"elementor-column elementor-col-100 elementor-top-column elementor-element elementor-element-04db3a7\" data-id=\"04db3a7\" data-element_type=\"column\">\n\t\t\t<div class=\"elementor-widget-wrap elementor-element-populated\">\n\t\t\t\t\t\t<div class=\"elementor-element elementor-element-378ab62 elementor-widget elementor-widget-w33\" data-id=\"378ab62\" data-element_type=\"widget\" data-widget_type=\"w33.default\">\n\t\t\t\t<div class=\"elementor-widget-container\">\n\t\t\t<section>\n            <div class=\"mn-grid\">\n                <div class=\"mn-vertical-separator\">\n                    \n                <\/div>\n            <\/section>\t\t<\/div>\n\t\t\t\t<\/div>\n\t\t\t\t<div class=\"elementor-element elementor-element-6c5cd8e elementor-widget elementor-widget-w12\" data-id=\"6c5cd8e\" data-element_type=\"widget\" data-widget_type=\"w12.default\">\n\t\t\t\t<div class=\"elementor-widget-container\">\n\t\t\t<section>\n                <div class=\"mn-grid\">\n                    <div class=\"mn-grid-12 mn-mod-text-links\">\n                        <p>The Management Authority of the Ministry of Funds and Regional Policy will oversee the <strong>Digital Poland Programme.<\/strong>\u00a0 It is responsible for the smooth and correct implementation of the programme \u2013 both in general and at the level of individual projects. It also issues guidelines, recommendations and manuals on various aspects related to the implementation of the programme and carries out promotional and information activities.<\/p><p style=\"text-align: center\"><strong>Ministry of Funds and Regional Policy<\/strong><\/p><ol style=\"text-align: center\"><li>ul. Wsp\u00f3lna 2\/4<\/li><\/ol><p style=\"text-align: center\">00-926 Warsaw, Poland<\/p><p style=\"text-align: center\">tel.: 222 500 130<\/p><p style=\"text-align: center\">e-mail: kancelaria@mfipr.gov.pl<\/p><p style=\"text-align: center\">EPUAP lockbox address: \/MIR\/StashESP<\/p>\n                    <\/div>\n                <\/div>\n            <\/section>\t\t<\/div>\n\t\t\t\t<\/div>\n\t\t\t\t\t<\/div>\n\t\t<\/div>\n\t\t\t\t\t<\/div>\n\t\t<\/section>\n\t\t\t\t<section class=\"elementor-section elementor-top-section elementor-element elementor-element-f2ea463 elementor-section-boxed elementor-section-height-default elementor-section-height-default\" data-id=\"f2ea463\" data-element_type=\"section\">\n\t\t\t\t\t\t<div class=\"elementor-container elementor-column-gap-default\">\n\t\t\t\t\t<div class=\"elementor-column elementor-col-100 elementor-top-column elementor-element elementor-element-39f9449\" data-id=\"39f9449\" data-element_type=\"column\">\n\t\t\t<div class=\"elementor-widget-wrap elementor-element-populated\">\n\t\t\t\t\t\t<div class=\"elementor-element elementor-element-1f8d97a elementor-widget elementor-widget-w12\" data-id=\"1f8d97a\" data-element_type=\"widget\" data-widget_type=\"w12.default\">\n\t\t\t\t<div class=\"elementor-widget-container\">\n\t\t\t<section>\n                <div class=\"mn-grid\">\n                    <div class=\"mn-grid-12 mn-mod-text-links\">\n                        <p>Only public finance entities may act as an Intermediary Institution. The scope of its duties is determined by a contract or agreement. These may include, for example, tasks related to the management and implementation of a specific part of the programme in which the institution specialises, e.g. the implementation of IT solutions. Intermediary institution in the implementation of the Digital Poland Programme:<\/p><p style=\"text-align: center\"><strong>Project Centre Digital Poland<\/strong><\/p><ol style=\"text-align: center\"><li>ul. Spokojna 13a<\/li><\/ol><p style=\"text-align: center\">01-044 Warsaw, Poland<\/p><p style=\"text-align: center\">Tel: 22 315 23 40, 22 315 22 00, fax: 22 315 22 02<\/p><p style=\"text-align: center\">EPUAP electronic inbox: \/2yki7sk30g\/SkrytkaESP<\/p><p style=\"text-align: center\">E-mail: <a href=\"mailto:cppc@cppc.gov.pl\">cppc@cppc.gov.pl<\/a><\/p><p style=\"text-align: center\">Website: www.cppc.gov.pl<\/p><p><strong>The Intermediary Institution under PPC Axis I\u00a0 is supported by the Office for Electronic Communications (Urz\u0105d Komunikacji Elektronicznej &#8211; UKE).<\/strong><\/p><p style=\"text-align: center\"><strong>Office of Electronic Communications<\/strong><\/p><ol style=\"text-align: center\"><li>ul. Kasprzaka 18\/20, 01-211 Warsaw, Poland<\/li><\/ol><p style=\"text-align: center\">Tel. 22 534 91 90<\/p><p style=\"text-align: center\">fax: 22 534 91 62<\/p><p style=\"text-align: center\"><a href=\"http:\/\/www.uke.gov.pl\">www.uke.gov.pl:<\/a> <a href=\"mailto:uke@uke.gov.pl\">uke@uke.gov.pl<\/a><\/p>\n                    <\/div>\n                <\/div>\n            <\/section>\t\t<\/div>\n\t\t\t\t<\/div>\n\t\t\t\t\t<\/div>\n\t\t<\/div>\n\t\t\t\t\t<\/div>\n\t\t<\/section>\n\t\t\t\t<\/div>\n\t\t","protected":false},"excerpt":{"rendered":"<p>Operational Programme Digital Poland The Digital Poland programme will focus primarily on investment projects expanding access to broadband networks. At the same time, the implementation of systems providing an opportunity to deal with a wide range of official matters related to education and online health services will continue. In order to fully exploit the potential [&hellip;]<\/p>\n","protected":false},"author":1,"featured_media":0,"parent":15157,"menu_order":0,"comment_status":"closed","ping_status":"closed","template":"","meta":{"_acf_changed":false,"footnotes":""},"class_list":["post-12881","page","type-page","status-publish","hentry"],"acf":[],"_links":{"self":[{"href":"https:\/\/www.sggw.edu.pl\/en\/wp-json\/wp\/v2\/pages\/12881","targetHints":{"allow":["GET"]}}],"collection":[{"href":"https:\/\/www.sggw.edu.pl\/en\/wp-json\/wp\/v2\/pages"}],"about":[{"href":"https:\/\/www.sggw.edu.pl\/en\/wp-json\/wp\/v2\/types\/page"}],"author":[{"embeddable":true,"href":"https:\/\/www.sggw.edu.pl\/en\/wp-json\/wp\/v2\/users\/1"}],"replies":[{"embeddable":true,"href":"https:\/\/www.sggw.edu.pl\/en\/wp-json\/wp\/v2\/comments?post=12881"}],"version-history":[{"count":10,"href":"https:\/\/www.sggw.edu.pl\/en\/wp-json\/wp\/v2\/pages\/12881\/revisions"}],"predecessor-version":[{"id":90092,"href":"https:\/\/www.sggw.edu.pl\/en\/wp-json\/wp\/v2\/pages\/12881\/revisions\/90092"}],"up":[{"embeddable":true,"href":"https:\/\/www.sggw.edu.pl\/en\/wp-json\/wp\/v2\/pages\/15157"}],"wp:attachment":[{"href":"https:\/\/www.sggw.edu.pl\/en\/wp-json\/wp\/v2\/media?parent=12881"}],"curies":[{"name":"wp","href":"https:\/\/api.w.org\/{rel}","templated":true}]}}