{"id":12897,"date":"2020-12-22T12:55:23","date_gmt":"2020-12-22T11:55:23","guid":{"rendered":"https:\/\/www.sggw.edu.pl\/it-center\/"},"modified":"2021-09-05T23:36:54","modified_gmt":"2021-09-05T21:36:54","slug":"it-center","status":"publish","type":"page","link":"https:\/\/www.sggw.edu.pl\/en\/it-center\/","title":{"rendered":"IT Center"},"content":{"rendered":"\t\t<div data-elementor-type=\"wp-page\" data-elementor-id=\"12897\" class=\"elementor elementor-12897\" data-elementor-post-type=\"page\">\n\t\t\t\t\t\t<section class=\"elementor-section elementor-top-section elementor-element elementor-element-19fd4fc7 elementor-section-boxed elementor-section-height-default elementor-section-height-default\" data-id=\"19fd4fc7\" data-element_type=\"section\">\n\t\t\t\t\t\t<div class=\"elementor-container elementor-column-gap-default\">\n\t\t\t\t\t<div class=\"elementor-column elementor-col-100 elementor-top-column elementor-element elementor-element-621c353c\" data-id=\"621c353c\" data-element_type=\"column\">\n\t\t\t<div class=\"elementor-widget-wrap elementor-element-populated\">\n\t\t\t\t\t\t<div class=\"elementor-element elementor-element-21ffb812 elementor-widget elementor-widget-wp-widget-bcn_widget\" data-id=\"21ffb812\" data-element_type=\"widget\" data-widget_type=\"wp-widget-bcn_widget.default\">\n\t\t\t\t<div class=\"elementor-widget-container\">\n\t\t\t<div class=\"mn-grid breadcrumb\">\n                                    <div class=\"breadcrumb-inner mn-grid-12\"><div class=\"breadcrumbs\" vocab=\"https:\/\/schema.org\/\" typeof=\"BreadcrumbList\"><span property=\"itemListElement\" typeof=\"ListItem\"><a property=\"item\" typeof=\"WebPage\" title=\"Go to Szko\u0142a G\u0142\u00f3wna Gospodarstwa Wiejskiego w Warszawie.\" href=\"https:\/\/www.sggw.edu.pl\/en\/\" class=\"home\" aria-current=\"page\"><span property=\"name\">Home<\/span><\/a><meta property=\"position\" content=\"1\"><\/span><\/div>    <\/div>\n                                <\/div>\t\t<\/div>\n\t\t\t\t<\/div>\n\t\t\t\t<div class=\"elementor-element elementor-element-f7be5df elementor-widget elementor-widget-post-title\" data-id=\"f7be5df\" data-element_type=\"widget\" data-widget_type=\"post-title.default\">\n\t\t\t\t<div class=\"elementor-widget-container\">\n\t\t\t<section>\n                    <div class=\"mn-grid entry-header-inner section-inner medium\">\n                        <h1 class=\"mn-grid-12 entry-title\" style=\"\">\n                            IT Center\n                        <\/h1>\n                    <\/div>\n                <\/section>\t\t<\/div>\n\t\t\t\t<\/div>\n\t\t\t\t\t<\/div>\n\t\t<\/div>\n\t\t\t\t\t<\/div>\n\t\t<\/section>\n\t\t\t\t<section class=\"elementor-section elementor-top-section elementor-element elementor-element-a7e0dc5 elementor-section-boxed elementor-section-height-default elementor-section-height-default\" data-id=\"a7e0dc5\" data-element_type=\"section\">\n\t\t\t\t\t\t<div class=\"elementor-container elementor-column-gap-default\">\n\t\t\t\t\t<div class=\"elementor-column elementor-col-100 elementor-top-column elementor-element elementor-element-0c61618\" data-id=\"0c61618\" data-element_type=\"column\">\n\t\t\t<div class=\"elementor-widget-wrap elementor-element-populated\">\n\t\t\t\t\t\t<div class=\"elementor-element elementor-element-76f7f9b elementor-widget elementor-widget-w12\" data-id=\"76f7f9b\" data-element_type=\"widget\" data-widget_type=\"w12.default\">\n\t\t\t\t<div class=\"elementor-widget-container\">\n\t\t\t<section>\n                <div class=\"mn-grid\">\n                    <div class=\"mn-grid-12 mn-mod-text-links\">\n                        <p>The IT Centre is an organizational unit of the SGGW responsible for providing and maintaining IT services in order to effectively, rationally and economically carry out tasks by the organizational units of the University. Together with other SGGW organizational units and external institutions, we create IT solutions for our academic community.<br \/>The unit is headed by<strong>\u00a0 Rafa\u0142 Bednarczyk, the Director of the IT Centre.<\/strong><\/p><p><strong>The IT Centre carries out tasks within an organisational structure built on the basis of<\/strong><strong>\u00a0three departments, which are led by:<\/strong><\/p><ul><li>IT Infrastructure Department &#8211;<strong> Piotr Gawin,<\/strong><\/li><li>Software Maintenance and Development Department &#8211;<strong>\u00a0 Tomasz \u015amia\u0142owski,<\/strong><\/li><li>Support and Organization Department &#8211;<strong>\u00a0 Piotr Kr\u00f3l.<\/strong><\/li><\/ul><p><strong>The most important tasks of the IT Centre include:<\/strong><\/p><ul><li>management of IT services strategy, IT service and delivery orders, IT user support process, IT services architecture in the data domain, applications, and infrastructure, central IT infrastructure, computer software at the University, General University Computer Network in all locations of the University,<\/li><li>addressing current IT problems at the University,<\/li><li>coordinating the provision, implementation, development, and maintenance of IT services,<\/li><li>designing and implementing IT services,<\/li><li>cooperation in analyzing, designing, building, testing, implementing, and supporting IT services and systems at the University,<\/li><li>recognition, inventory, and classification of IT needs in the organisational units of the University,<\/li><li>determining the directions of technological development of IT in SGGW.<\/li><\/ul><p>More information about the Centre can be found on the<a href=\"http:\/\/ci.intranet.sggw.pl\/\"> IT Centre<\/a> intranet page. The site is only available on campus, via <a href=\"https:\/\/www.sggw.pl\/dla-studentow\/informacje-organizacyjne\/it-dla-studentow\/internet\">OSK SGGW.<\/a><\/p>\n                    <\/div>\n                <\/div>\n            <\/section>\t\t<\/div>\n\t\t\t\t<\/div>\n\t\t\t\t<div class=\"elementor-element elementor-element-3a3044b elementor-widget elementor-widget-w33\" data-id=\"3a3044b\" data-element_type=\"widget\" data-widget_type=\"w33.default\">\n\t\t\t\t<div class=\"elementor-widget-container\">\n\t\t\t<section>\n            <div class=\"mn-grid\">\n                <div class=\"mn-vertical-separator-x2\">\n                    \n                <\/div>\n            <\/section>\t\t<\/div>\n\t\t\t\t<\/div>\n\t\t\t\t\t<\/div>\n\t\t<\/div>\n\t\t\t\t\t<\/div>\n\t\t<\/section>\n\t\t\t\t<section class=\"elementor-section elementor-top-section elementor-element elementor-element-eba0ab0 elementor-section-boxed elementor-section-height-default elementor-section-height-default\" data-id=\"eba0ab0\" data-element_type=\"section\">\n\t\t\t\t\t\t<div class=\"elementor-container elementor-column-gap-default\">\n\t\t\t\t\t<div class=\"elementor-column elementor-col-100 elementor-top-column elementor-element elementor-element-59063cb\" data-id=\"59063cb\" data-element_type=\"column\">\n\t\t\t<div class=\"elementor-widget-wrap elementor-element-populated\">\n\t\t\t\t\t\t<div class=\"elementor-element elementor-element-b0c9f37 elementor-widget elementor-widget-w7\" data-id=\"b0c9f37\" data-element_type=\"widget\" data-widget_type=\"w7.default\">\n\t\t\t\t<div class=\"elementor-widget-container\">\n\t\t\t<section>\n                <div class=\"mn-grid\">\n                    <div class=\"mn-grid-12 mn-horizontal-separator-grey\"><\/div>\n                <\/div>\n                <\/section>\t\t<\/div>\n\t\t\t\t<\/div>\n\t\t\t\t<div class=\"elementor-element elementor-element-5176016 elementor-widget elementor-widget-w1_2_3\" data-id=\"5176016\" data-element_type=\"widget\" data-widget_type=\"w1_2_3.default\">\n\t\t\t\t<div class=\"elementor-widget-container\">\n\t\t\t<section>\n                    <div class=\"mn-grid\">\n                        <h3  class=\"mn-grid-12 mn-section-title2\">\n                            Contact\n                        <\/h3>\n                    <\/div>\n                <\/section>\t\t<\/div>\n\t\t\t\t<\/div>\n\t\t\t\t<div class=\"elementor-element elementor-element-bc9b9a1 elementor-widget elementor-widget-w12\" data-id=\"bc9b9a1\" data-element_type=\"widget\" data-widget_type=\"w12.default\">\n\t\t\t\t<div class=\"elementor-widget-container\">\n\t\t\t<section>\n                <div class=\"mn-grid\">\n                    <div class=\"mn-grid-12 mn-mod-text-links\">\n                        <p>SGGW Information Centre in Warsaw<br \/>Nowoursynowska 166, 02-787 Warsaw, Poland<br \/>building No. 1<\/p><p><strong>Secretariat <\/strong>(Room 19):<br \/>e-mail: <a href=\"mailto:ci@sggw.pl\">ci@sggw.pl<\/a><br \/>tel.: +48 22 59 <strong>355 40<\/strong><br \/>fax.: +48 22 59 <strong>355 41<\/strong><\/p><p><strong>IT Assistance (Room<\/strong> 1):<br \/><a href=\"http:\/\/pomoc.sggw.edu.pl\/\">SGGW assistance<\/a> &#8211; the system at the stage of the first phase of implementation is available only to employees of the University Administration and technical division.<br \/>e-mail: <a href=\"mailto:pomoc_ci@sggw.pl\">pomoc_ci@sggw.pl<\/a><br \/>tel.: 22 59 <strong>355 50<\/strong><\/p><p><strong>IT public procurement<\/strong> (Room 11):<br \/>tel.: 22 59 <strong>355 62<\/strong><\/p>\n                    <\/div>\n                <\/div>\n            <\/section>\t\t<\/div>\n\t\t\t\t<\/div>\n\t\t\t\t\t<\/div>\n\t\t<\/div>\n\t\t\t\t\t<\/div>\n\t\t<\/section>\n\t\t\t\t<\/div>\n\t\t","protected":false},"excerpt":{"rendered":"<p>IT Center The IT Centre is an organizational unit of the SGGW responsible for providing and maintaining IT services in order to effectively, rationally and economically carry out tasks by the organizational units of the University. Together with other SGGW organizational units and external institutions, we create IT solutions for our academic community.The unit is [&hellip;]<\/p>\n","protected":false},"author":1,"featured_media":0,"parent":0,"menu_order":0,"comment_status":"closed","ping_status":"closed","template":"","meta":{"_acf_changed":false,"footnotes":""},"class_list":["post-12897","page","type-page","status-publish","hentry"],"acf":[],"_links":{"self":[{"href":"https:\/\/www.sggw.edu.pl\/en\/wp-json\/wp\/v2\/pages\/12897","targetHints":{"allow":["GET"]}}],"collection":[{"href":"https:\/\/www.sggw.edu.pl\/en\/wp-json\/wp\/v2\/pages"}],"about":[{"href":"https:\/\/www.sggw.edu.pl\/en\/wp-json\/wp\/v2\/types\/page"}],"author":[{"embeddable":true,"href":"https:\/\/www.sggw.edu.pl\/en\/wp-json\/wp\/v2\/users\/1"}],"replies":[{"embeddable":true,"href":"https:\/\/www.sggw.edu.pl\/en\/wp-json\/wp\/v2\/comments?post=12897"}],"version-history":[{"count":7,"href":"https:\/\/www.sggw.edu.pl\/en\/wp-json\/wp\/v2\/pages\/12897\/revisions"}],"predecessor-version":[{"id":94036,"href":"https:\/\/www.sggw.edu.pl\/en\/wp-json\/wp\/v2\/pages\/12897\/revisions\/94036"}],"wp:attachment":[{"href":"https:\/\/www.sggw.edu.pl\/en\/wp-json\/wp\/v2\/media?parent=12897"}],"curies":[{"name":"wp","href":"https:\/\/api.w.org\/{rel}","templated":true}]}}