{"id":12900,"date":"2020-12-22T12:55:24","date_gmt":"2020-12-22T11:55:24","guid":{"rendered":"https:\/\/www.sggw.edu.pl\/42-pdkn-2015\/"},"modified":"2021-05-26T15:43:52","modified_gmt":"2021-05-26T13:43:52","slug":"42-pdkn-2015","status":"publish","type":"page","link":"https:\/\/www.sggw.edu.pl\/en\/studies\/scientific-circles\/review-of-the-achievements-of-scientific-circles\/42-pdkn-2015\/","title":{"rendered":"42. PDKN &#8211; 2015"},"content":{"rendered":"\t\t<div data-elementor-type=\"wp-page\" data-elementor-id=\"12900\" class=\"elementor elementor-12900\" data-elementor-post-type=\"page\">\n\t\t\t\t\t\t<section class=\"elementor-section elementor-top-section elementor-element elementor-element-7aa78092 elementor-section-boxed elementor-section-height-default elementor-section-height-default\" data-id=\"7aa78092\" data-element_type=\"section\">\n\t\t\t\t\t\t<div class=\"elementor-container elementor-column-gap-default\">\n\t\t\t\t\t<div class=\"elementor-column elementor-col-100 elementor-top-column elementor-element elementor-element-16b58d4c\" data-id=\"16b58d4c\" data-element_type=\"column\">\n\t\t\t<div class=\"elementor-widget-wrap elementor-element-populated\">\n\t\t\t\t\t\t<div class=\"elementor-element elementor-element-69ae8e31 elementor-widget elementor-widget-wp-widget-bcn_widget\" data-id=\"69ae8e31\" data-element_type=\"widget\" data-widget_type=\"wp-widget-bcn_widget.default\">\n\t\t\t\t<div class=\"elementor-widget-container\">\n\t\t\t<div class=\"mn-grid breadcrumb\">\n                                    <div class=\"breadcrumb-inner mn-grid-12\"><div class=\"breadcrumbs\" vocab=\"https:\/\/schema.org\/\" typeof=\"BreadcrumbList\"><span property=\"itemListElement\" typeof=\"ListItem\"><a property=\"item\" typeof=\"WebPage\" title=\"Go to Szko\u0142a G\u0142\u00f3wna Gospodarstwa Wiejskiego w Warszawie.\" href=\"https:\/\/www.sggw.edu.pl\/en\/\" class=\"home\" aria-current=\"page\"><span property=\"name\">Home<\/span><\/a><meta property=\"position\" content=\"1\"><\/span><\/div>    <\/div>\n                                <\/div>\t\t<\/div>\n\t\t\t\t<\/div>\n\t\t\t\t<div class=\"elementor-element elementor-element-440a0228 elementor-widget elementor-widget-post-title\" data-id=\"440a0228\" data-element_type=\"widget\" data-widget_type=\"post-title.default\">\n\t\t\t\t<div class=\"elementor-widget-container\">\n\t\t\t<section>\n                    <div class=\"mn-grid entry-header-inner section-inner medium\">\n                        <h1 class=\"mn-grid-12 entry-title\" style=\"\">\n                            42. PDKN &#8211; 2015\n                        <\/h1>\n                    <\/div>\n                <\/section>\t\t<\/div>\n\t\t\t\t<\/div>\n\t\t\t\t<div class=\"elementor-element elementor-element-14df366 elementor-widget elementor-widget-w33\" data-id=\"14df366\" data-element_type=\"widget\" data-widget_type=\"w33.default\">\n\t\t\t\t<div class=\"elementor-widget-container\">\n\t\t\t<section>\n            <div class=\"mn-grid\">\n                <div class=\"mn-vertical-separator-x2\">\n                    \n                <\/div>\n            <\/section>\t\t<\/div>\n\t\t\t\t<\/div>\n\t\t\t\t\t<\/div>\n\t\t<\/div>\n\t\t\t\t\t<\/div>\n\t\t<\/section>\n\t\t\t\t<section class=\"elementor-section elementor-top-section elementor-element elementor-element-badb77f elementor-section-boxed elementor-section-height-default elementor-section-height-default\" data-id=\"badb77f\" data-element_type=\"section\">\n\t\t\t\t\t\t<div class=\"elementor-container elementor-column-gap-default\">\n\t\t\t\t\t<div class=\"elementor-column elementor-col-100 elementor-top-column elementor-element elementor-element-5abc310\" data-id=\"5abc310\" data-element_type=\"column\">\n\t\t\t<div class=\"elementor-widget-wrap elementor-element-populated\">\n\t\t\t\t\t\t<div class=\"elementor-element elementor-element-329e7da elementor-widget elementor-widget-w1_2_3\" data-id=\"329e7da\" data-element_type=\"widget\" data-widget_type=\"w1_2_3.default\">\n\t\t\t\t<div class=\"elementor-widget-container\">\n\t\t\t<section>\n                    <div class=\"mn-grid\">\n                        <h3  class=\"mn-grid-12 mn-section-title2\">\n                            News\n                        <\/h3>\n                    <\/div>\n                <\/section>\t\t<\/div>\n\t\t\t\t<\/div>\n\t\t\t\t\t<\/div>\n\t\t<\/div>\n\t\t\t\t\t<\/div>\n\t\t<\/section>\n\t\t\t\t<section class=\"elementor-section elementor-top-section elementor-element elementor-element-4505c24 elementor-section-boxed elementor-section-height-default elementor-section-height-default\" data-id=\"4505c24\" data-element_type=\"section\">\n\t\t\t\t\t\t<div class=\"elementor-container elementor-column-gap-default\">\n\t\t\t\t\t<div class=\"elementor-column elementor-col-50 elementor-top-column elementor-element elementor-element-f0ed4cd\" data-id=\"f0ed4cd\" data-element_type=\"column\">\n\t\t\t<div class=\"elementor-widget-wrap elementor-element-populated\">\n\t\t\t\t\t\t<div class=\"elementor-element elementor-element-86831f7 elementor-widget elementor-widget-w12\" data-id=\"86831f7\" data-element_type=\"widget\" data-widget_type=\"w12.default\">\n\t\t\t\t<div class=\"elementor-widget-container\">\n\t\t\t<section>\n                <div class=\"mn-grid\">\n                    <div class=\"mn-grid-12 mn-mod-text-links\">\n                        <p>The Scientific Circles of the Faculty of Wood Technology cordially invite all students, doctoral students and lecturers to this year&#8217;s XLII Review of the achievements of the Scientific Circles.<\/p>\n<p>On January 15, 2015, in building 34 from 9:00 a.m., students from numerous scientific circles at our University will be able to present their achievements in the form of papers and posters. For many of us, the review gives you a unique opportunity to sit in the auditorium and listen to your colleagues.<\/p>\n<p>From the most important information for today, we would like to provide a deadline for sending abstracts, which are also a notification to the Review. The deadline for applications is 21 December this year.<\/p>\n<p>The submitted abstracts will be used to create an electronic &#8220;Abstract Book&#8221;, which is an archive of all submitted works. It will also be an excellent souvenir documenting our achievements.<\/p>\n<p>We ask that the abstracts be as complete as possible and, where possible, constitute a summary of the work. Therefore, you will be able to present an abstract up to 1 page of A4 format with the formatting specified in the pattern. You will be able to download the abstract template and application card from the Overview page. In the application form, it will be necessary to provide information on how the work is based on the activities of the scientific circle.<\/p>\n<p>Rules containing the current names of scientific sessions will appear on the site soon.<\/p>\n<\/p>\n<p>We cordially invite you to visit the special tab of the Review of Scientific Circles&#8217; achievements on the SGGW website.<\/p>\n<\/p>\n<p align=\"right\">Organising Committee<br \/>XLII Review of the Achievements of the Scientific Circles of SGGW<br \/>e-mail: pdkn2015@sggw.pl<a href=\"mailto:knl@wl.sggw.pl\">l<\/a><\/p>\n\n                    <\/div>\n                <\/div>\n            <\/section>\t\t<\/div>\n\t\t\t\t<\/div>\n\t\t\t\t\t<\/div>\n\t\t<\/div>\n\t\t\t\t<div class=\"elementor-column elementor-col-50 elementor-top-column elementor-element elementor-element-ca6008f\" data-id=\"ca6008f\" data-element_type=\"column\">\n\t\t\t<div class=\"elementor-widget-wrap elementor-element-populated\">\n\t\t\t\t\t\t<div class=\"elementor-element elementor-element-f7e7fd7 elementor-widget elementor-widget-w25\" data-id=\"f7e7fd7\" data-element_type=\"widget\" data-widget_type=\"w25.default\">\n\t\t\t\t<div class=\"elementor-widget-container\">\n\t\t\t<section>\n                <div class=\"mn-grid\">\n                    <div class=\"mn-grid-12 mn-mod-img-full-width\">\n                        <img fetchpriority=\"high\" decoding=\"async\" width=\"383\" height=\"564\" src=\"https:\/\/www.sggw.edu.pl\/wp-content\/uploads\/2020\/11\/42PDKN_plakat.jpg\" class=\"attachment-961x564 size-961x564\" alt=\"\" srcset=\"https:\/\/www.sggw.edu.pl\/wp-content\/uploads\/2020\/11\/42PDKN_plakat.jpg 1200w, https:\/\/www.sggw.edu.pl\/wp-content\/uploads\/2020\/11\/42PDKN_plakat-204x300.jpg 204w, https:\/\/www.sggw.edu.pl\/wp-content\/uploads\/2020\/11\/42PDKN_plakat-695x1024.jpg 695w, https:\/\/www.sggw.edu.pl\/wp-content\/uploads\/2020\/11\/42PDKN_plakat-768x1132.jpg 768w, https:\/\/www.sggw.edu.pl\/wp-content\/uploads\/2020\/11\/42PDKN_plakat-1043x1536.jpg 1043w\" sizes=\"(max-width: 383px) 100vw, 383px\" \/>  <\/div>\n                <\/div>\n                <\/section>\t\t<\/div>\n\t\t\t\t<\/div>\n\t\t\t\t\t<\/div>\n\t\t<\/div>\n\t\t\t\t\t<\/div>\n\t\t<\/section>\n\t\t\t\t<section class=\"elementor-section elementor-top-section elementor-element elementor-element-775afcc4 elementor-section-boxed elementor-section-height-default elementor-section-height-default\" data-id=\"775afcc4\" data-element_type=\"section\">\n\t\t\t\t\t\t<div class=\"elementor-container elementor-column-gap-default\">\n\t\t\t\t\t<div class=\"elementor-column elementor-col-100 elementor-top-column elementor-element elementor-element-1a6fe88f\" data-id=\"1a6fe88f\" data-element_type=\"column\">\n\t\t\t<div class=\"elementor-widget-wrap elementor-element-populated\">\n\t\t\t\t\t\t<div class=\"elementor-element elementor-element-5001cacf elementor-widget elementor-widget-w7\" data-id=\"5001cacf\" data-element_type=\"widget\" data-widget_type=\"w7.default\">\n\t\t\t\t<div class=\"elementor-widget-container\">\n\t\t\t<section>\n                <div class=\"mn-grid\">\n                    <div class=\"mn-grid-12 mn-horizontal-separator\"><\/div>\n                <\/div>\n                <\/section>\t\t<\/div>\n\t\t\t\t<\/div>\n\t\t\t\t<div class=\"elementor-element elementor-element-7a536515 elementor-widget elementor-widget-w1_2_3\" data-id=\"7a536515\" data-element_type=\"widget\" data-widget_type=\"w1_2_3.default\">\n\t\t\t\t<div class=\"elementor-widget-container\">\n\t\t\t<section>\n                    <div class=\"mn-grid\">\n                        <h3  class=\"mn-grid-12 mn-section-title2\">\n                            Terms and conditions and documents\n                        <\/h3>\n                    <\/div>\n                <\/section>\t\t<\/div>\n\t\t\t\t<\/div>\n\t\t\t\t<div class=\"elementor-element elementor-element-f4929c5 elementor-widget elementor-widget-w10\" data-id=\"f4929c5\" data-element_type=\"widget\" data-widget_type=\"w10.default\">\n\t\t\t\t<div class=\"elementor-widget-container\">\n\t\t\t<section><div class=\"mn-grid\"><ul class=\"mn-link-list-type2 mn-grid-12\"><li>\n                            <a href=\"https:\/\/www.sggw.edu.pl\/wp-content\/uploads\/2020\/11\/2015_11_PDKN_Formularz-zg\u0142oszeniowy-III.docx\" >\n                                <span>Form<\/span>\n                            <\/a>\n                        <\/li><li>\n                            <a href=\"https:\/\/www.sggw.edu.pl\/wp-content\/uploads\/2020\/11\/2015_11_24_PDKN_o\u015bwiadczenie-o-danych.doc\" >\n                                <span>Data claims<\/span>\n                            <\/a>\n                        <\/li><li>\n                            <a href=\"https:\/\/www.sggw.edu.pl\/wp-content\/uploads\/2020\/11\/2015_11_16_PDKN_regulamin-42.docx\" >\n                                <span>Rules<\/span>\n                            <\/a>\n                        <\/li><\/ul><\/div><\/section>\t\t<\/div>\n\t\t\t\t<\/div>\n\t\t\t\t\t<\/div>\n\t\t<\/div>\n\t\t\t\t\t<\/div>\n\t\t<\/section>\n\t\t\t\t<section class=\"elementor-section elementor-top-section elementor-element elementor-element-17a86670 elementor-section-boxed elementor-section-height-default elementor-section-height-default\" data-id=\"17a86670\" data-element_type=\"section\">\n\t\t\t\t\t\t<div class=\"elementor-container elementor-column-gap-default\">\n\t\t\t\t\t<div class=\"elementor-column elementor-col-100 elementor-top-column elementor-element elementor-element-11627b3a\" data-id=\"11627b3a\" data-element_type=\"column\">\n\t\t\t<div class=\"elementor-widget-wrap elementor-element-populated\">\n\t\t\t\t\t\t<div class=\"elementor-element elementor-element-74773c11 elementor-widget elementor-widget-w7\" data-id=\"74773c11\" data-element_type=\"widget\" data-widget_type=\"w7.default\">\n\t\t\t\t<div class=\"elementor-widget-container\">\n\t\t\t<section>\n                <div class=\"mn-grid\">\n                    <div class=\"mn-grid-12 mn-horizontal-separator\"><\/div>\n                <\/div>\n                <\/section>\t\t<\/div>\n\t\t\t\t<\/div>\n\t\t\t\t<div class=\"elementor-element elementor-element-3fefa6e4 elementor-widget elementor-widget-w1_2_3\" data-id=\"3fefa6e4\" data-element_type=\"widget\" data-widget_type=\"w1_2_3.default\">\n\t\t\t\t<div class=\"elementor-widget-container\">\n\t\t\t<section>\n                    <div class=\"mn-grid\">\n                        <h3  class=\"mn-grid-12 mn-section-title2\">\n                            Schedule\n                        <\/h3>\n                    <\/div>\n                <\/section>\t\t<\/div>\n\t\t\t\t<\/div>\n\t\t\t\t\t<\/div>\n\t\t<\/div>\n\t\t\t\t\t<\/div>\n\t\t<\/section>\n\t\t\t\t<section class=\"elementor-section elementor-top-section elementor-element elementor-element-4b87dcee elementor-section-boxed elementor-section-height-default elementor-section-height-default\" data-id=\"4b87dcee\" data-element_type=\"section\">\n\t\t\t\t\t\t<div class=\"elementor-container elementor-column-gap-default\">\n\t\t\t\t\t<div class=\"elementor-column elementor-col-100 elementor-top-column elementor-element elementor-element-60489ec1\" data-id=\"60489ec1\" data-element_type=\"column\">\n\t\t\t<div class=\"elementor-widget-wrap elementor-element-populated\">\n\t\t\t\t\t\t<div class=\"elementor-element elementor-element-36a113bb elementor-widget elementor-widget-w9\" data-id=\"36a113bb\" data-element_type=\"widget\" data-widget_type=\"w9.default\">\n\t\t\t\t<div class=\"elementor-widget-container\">\n\t\t\t<section><div class=\"mn-grid\"><ul class=\"mn-grid-12 mn-link-list-type1\"><li>\n                            <a href=\"https:\/\/www.sggw.edu.pl\/wp-content\/uploads\/2020\/11\/14-_42PDKN_Podzia\u0142-na-sekcje_ostateczny_n.pdf\" >\n                                <span>Section breakdown<\/span>\n                            <\/a>\n                        <\/li><\/ul><\/div><\/section>\t\t<\/div>\n\t\t\t\t<\/div>\n\t\t\t\t\t<\/div>\n\t\t<\/div>\n\t\t\t\t\t<\/div>\n\t\t<\/section>\n\t\t\t\t<\/div>\n\t\t","protected":false},"excerpt":{"rendered":"<p>News The Scientific Circles of the Faculty of Wood Technology cordially invite all students, doctoral students and lecturers to this year&#8217;s XLII Review of the achievements of the Scientific Circles. On January 15, 2015, in building 34 from 9:00 a.m., students from numerous scientific circles at our University will be able to present their achievements [&hellip;]<\/p>\n","protected":false},"author":1,"featured_media":0,"parent":16945,"menu_order":0,"comment_status":"closed","ping_status":"closed","template":"","meta":{"_acf_changed":false,"footnotes":""},"class_list":["post-12900","page","type-page","status-publish","hentry"],"acf":[],"_links":{"self":[{"href":"https:\/\/www.sggw.edu.pl\/en\/wp-json\/wp\/v2\/pages\/12900","targetHints":{"allow":["GET"]}}],"collection":[{"href":"https:\/\/www.sggw.edu.pl\/en\/wp-json\/wp\/v2\/pages"}],"about":[{"href":"https:\/\/www.sggw.edu.pl\/en\/wp-json\/wp\/v2\/types\/page"}],"author":[{"embeddable":true,"href":"https:\/\/www.sggw.edu.pl\/en\/wp-json\/wp\/v2\/users\/1"}],"replies":[{"embeddable":true,"href":"https:\/\/www.sggw.edu.pl\/en\/wp-json\/wp\/v2\/comments?post=12900"}],"version-history":[{"count":1,"href":"https:\/\/www.sggw.edu.pl\/en\/wp-json\/wp\/v2\/pages\/12900\/revisions"}],"predecessor-version":[{"id":12907,"href":"https:\/\/www.sggw.edu.pl\/en\/wp-json\/wp\/v2\/pages\/12900\/revisions\/12907"}],"up":[{"embeddable":true,"href":"https:\/\/www.sggw.edu.pl\/en\/wp-json\/wp\/v2\/pages\/16945"}],"wp:attachment":[{"href":"https:\/\/www.sggw.edu.pl\/en\/wp-json\/wp\/v2\/media?parent=12900"}],"curies":[{"name":"wp","href":"https:\/\/api.w.org\/{rel}","templated":true}]}}