{"id":12901,"date":"2020-12-22T12:55:24","date_gmt":"2020-12-22T11:55:24","guid":{"rendered":"https:\/\/www.sggw.edu.pl\/documents-to-download\/"},"modified":"2021-05-26T15:43:29","modified_gmt":"2021-05-26T13:43:29","slug":"documents-to-download","status":"publish","type":"page","link":"https:\/\/www.sggw.edu.pl\/en\/studies\/documents-to-download\/","title":{"rendered":"Documents to download"},"content":{"rendered":"\t\t<div data-elementor-type=\"wp-page\" data-elementor-id=\"12901\" class=\"elementor elementor-12901\" data-elementor-post-type=\"page\">\n\t\t\t\t\t\t<section class=\"elementor-section elementor-top-section elementor-element elementor-element-7ab5daba elementor-section-boxed elementor-section-height-default elementor-section-height-default\" data-id=\"7ab5daba\" data-element_type=\"section\">\n\t\t\t\t\t\t<div class=\"elementor-container elementor-column-gap-default\">\n\t\t\t\t\t<div class=\"elementor-column elementor-col-100 elementor-top-column elementor-element elementor-element-18124821\" data-id=\"18124821\" data-element_type=\"column\">\n\t\t\t<div class=\"elementor-widget-wrap elementor-element-populated\">\n\t\t\t\t\t\t<div class=\"elementor-element elementor-element-4109a2b9 elementor-widget elementor-widget-wp-widget-bcn_widget\" data-id=\"4109a2b9\" data-element_type=\"widget\" data-widget_type=\"wp-widget-bcn_widget.default\">\n\t\t\t\t<div class=\"elementor-widget-container\">\n\t\t\t<div class=\"mn-grid breadcrumb\">\n                                    <div class=\"breadcrumb-inner mn-grid-12\"><div class=\"breadcrumbs\" vocab=\"https:\/\/schema.org\/\" typeof=\"BreadcrumbList\"><span property=\"itemListElement\" typeof=\"ListItem\"><a property=\"item\" typeof=\"WebPage\" title=\"Go to Szko\u0142a G\u0142\u00f3wna Gospodarstwa Wiejskiego w Warszawie.\" href=\"https:\/\/www.sggw.edu.pl\/en\/\" class=\"home\" aria-current=\"page\"><span property=\"name\">Home<\/span><\/a><meta property=\"position\" content=\"1\"><\/span><\/div>    <\/div>\n                                <\/div>\t\t<\/div>\n\t\t\t\t<\/div>\n\t\t\t\t<div class=\"elementor-element elementor-element-3cb3735d elementor-widget elementor-widget-post-title\" data-id=\"3cb3735d\" data-element_type=\"widget\" data-widget_type=\"post-title.default\">\n\t\t\t\t<div class=\"elementor-widget-container\">\n\t\t\t<section>\n                    <div class=\"mn-grid entry-header-inner section-inner medium\">\n                        <h1 class=\"mn-grid-12 entry-title\" style=\"\">\n                            Documents to download\n                        <\/h1>\n                    <\/div>\n                <\/section>\t\t<\/div>\n\t\t\t\t<\/div>\n\t\t\t\t<div class=\"elementor-element elementor-element-25c9fca elementor-widget elementor-widget-w33\" data-id=\"25c9fca\" data-element_type=\"widget\" data-widget_type=\"w33.default\">\n\t\t\t\t<div class=\"elementor-widget-container\">\n\t\t\t<section>\n            <div class=\"mn-grid\">\n                <div class=\"mn-vertical-separator-x2\">\n                    \n                <\/div>\n            <\/section>\t\t<\/div>\n\t\t\t\t<\/div>\n\t\t\t\t\t<\/div>\n\t\t<\/div>\n\t\t\t\t\t<\/div>\n\t\t<\/section>\n\t\t\t\t<section class=\"elementor-section elementor-top-section elementor-element elementor-element-40d31bfb elementor-section-boxed elementor-section-height-default elementor-section-height-default\" data-id=\"40d31bfb\" data-element_type=\"section\">\n\t\t\t\t\t\t<div class=\"elementor-container elementor-column-gap-default\">\n\t\t\t\t\t<div class=\"elementor-column elementor-col-100 elementor-top-column elementor-element elementor-element-532a9ba4\" data-id=\"532a9ba4\" data-element_type=\"column\">\n\t\t\t<div class=\"elementor-widget-wrap elementor-element-populated\">\n\t\t\t\t\t\t<div class=\"elementor-element elementor-element-39e2df5b elementor-widget elementor-widget-w1_2_3\" data-id=\"39e2df5b\" data-element_type=\"widget\" data-widget_type=\"w1_2_3.default\">\n\t\t\t\t<div class=\"elementor-widget-container\">\n\t\t\t<section>\n                    <div class=\"mn-grid\">\n                        <h3  class=\"mn-grid-12 mn-section-title2\">\n                            Writing guides for students\n                        <\/h3>\n                    <\/div>\n                <\/section>\t\t<\/div>\n\t\t\t\t<\/div>\n\t\t\t\t\t<\/div>\n\t\t<\/div>\n\t\t\t\t\t<\/div>\n\t\t<\/section>\n\t\t\t\t<section class=\"elementor-section elementor-top-section elementor-element elementor-element-69b8d903 elementor-section-boxed elementor-section-height-default elementor-section-height-default\" data-id=\"69b8d903\" data-element_type=\"section\">\n\t\t\t\t\t\t<div class=\"elementor-container elementor-column-gap-default\">\n\t\t\t\t\t<div class=\"elementor-column elementor-col-100 elementor-top-column elementor-element elementor-element-2ec30377\" data-id=\"2ec30377\" data-element_type=\"column\">\n\t\t\t<div class=\"elementor-widget-wrap elementor-element-populated\">\n\t\t\t\t\t\t<div class=\"elementor-element elementor-element-1dcc7110 elementor-widget elementor-widget-w9\" data-id=\"1dcc7110\" data-element_type=\"widget\" data-widget_type=\"w9.default\">\n\t\t\t\t<div class=\"elementor-widget-container\">\n\t\t\t<section><div class=\"mn-grid\"><ul class=\"mn-grid-12 mn-link-list-type1\"><li>\n                            <a href=\"https:\/\/www.sggw.edu.pl\/wp-content\/uploads\/2020\/11\/Przewodnik-prezentowania-informacji-naukowej.pdf\" >\n                                <span>Guide to presenting scientific information<\/span>\n                            <\/a>\n                        <\/li><li>\n                            <a href=\"https:\/\/www.sggw.edu.pl\/wp-content\/uploads\/2020\/11\/Przewodnik-pisania-prac-wyd-II.pdf\" >\n                                <span>Master's thesis and dissertation guide for SGGW students<\/span>\n                            <\/a>\n                        <\/li><\/ul><\/div><\/section>\t\t<\/div>\n\t\t\t\t<\/div>\n\t\t\t\t\t<\/div>\n\t\t<\/div>\n\t\t\t\t\t<\/div>\n\t\t<\/section>\n\t\t\t\t<section class=\"elementor-section elementor-top-section elementor-element elementor-element-32c75eb elementor-section-boxed elementor-section-height-default elementor-section-height-default\" data-id=\"32c75eb\" data-element_type=\"section\">\n\t\t\t\t\t\t<div class=\"elementor-container elementor-column-gap-default\">\n\t\t\t\t\t<div class=\"elementor-column elementor-col-100 elementor-top-column elementor-element elementor-element-66a55c4c\" data-id=\"66a55c4c\" data-element_type=\"column\">\n\t\t\t<div class=\"elementor-widget-wrap elementor-element-populated\">\n\t\t\t\t\t\t<div class=\"elementor-element elementor-element-4b1895da elementor-widget elementor-widget-w7\" data-id=\"4b1895da\" data-element_type=\"widget\" data-widget_type=\"w7.default\">\n\t\t\t\t<div class=\"elementor-widget-container\">\n\t\t\t<section>\n                <div class=\"mn-grid\">\n                    <div class=\"mn-grid-12 mn-horizontal-separator\"><\/div>\n                <\/div>\n                <\/section>\t\t<\/div>\n\t\t\t\t<\/div>\n\t\t\t\t<div class=\"elementor-element elementor-element-7e7c2bd2 elementor-widget elementor-widget-w1_2_3\" data-id=\"7e7c2bd2\" data-element_type=\"widget\" data-widget_type=\"w1_2_3.default\">\n\t\t\t\t<div class=\"elementor-widget-container\">\n\t\t\t<section>\n                    <div class=\"mn-grid\">\n                        <h3  class=\"mn-grid-12 mn-section-title2\">\n                            Exams\n                        <\/h3>\n                    <\/div>\n                <\/section>\t\t<\/div>\n\t\t\t\t<\/div>\n\t\t\t\t\t<\/div>\n\t\t<\/div>\n\t\t\t\t\t<\/div>\n\t\t<\/section>\n\t\t\t\t<section class=\"elementor-section elementor-top-section elementor-element elementor-element-7f6e345e elementor-section-boxed elementor-section-height-default elementor-section-height-default\" data-id=\"7f6e345e\" data-element_type=\"section\">\n\t\t\t\t\t\t<div class=\"elementor-container elementor-column-gap-default\">\n\t\t\t\t\t<div class=\"elementor-column elementor-col-100 elementor-top-column elementor-element elementor-element-7fee13e4\" data-id=\"7fee13e4\" data-element_type=\"column\">\n\t\t\t<div class=\"elementor-widget-wrap elementor-element-populated\">\n\t\t\t\t\t\t<div class=\"elementor-element elementor-element-7394b487 elementor-widget elementor-widget-w9\" data-id=\"7394b487\" data-element_type=\"widget\" data-widget_type=\"w9.default\">\n\t\t\t\t<div class=\"elementor-widget-container\">\n\t\t\t<section><div class=\"mn-grid\"><ul class=\"mn-grid-12 mn-link-list-type1\"><li>\n                            <a href=\"https:\/\/www.sggw.edu.pl\/wp-content\/uploads\/2020\/11\/41IGHM3YSNMHTIGC8RDSQD8RE59DA7.pdf\" >\n                                <span>Order No. 46 of the Rector of the Warsaw School of 26 June 2020 on the rules for conducting diploma examinations outside the premises of the University using electronic means of communication<\/span>\n                            <\/a>\n                        <\/li><\/ul><\/div><\/section>\t\t<\/div>\n\t\t\t\t<\/div>\n\t\t\t\t<div class=\"elementor-element elementor-element-432ee1ea elementor-widget elementor-widget-w7\" data-id=\"432ee1ea\" data-element_type=\"widget\" data-widget_type=\"w7.default\">\n\t\t\t\t<div class=\"elementor-widget-container\">\n\t\t\t<section>\n                <div class=\"mn-grid\">\n                    <div class=\"mn-grid-12 mn-horizontal-separator\"><\/div>\n                <\/div>\n                <\/section>\t\t<\/div>\n\t\t\t\t<\/div>\n\t\t\t\t\t<\/div>\n\t\t<\/div>\n\t\t\t\t\t<\/div>\n\t\t<\/section>\n\t\t\t\t<section class=\"elementor-section elementor-top-section elementor-element elementor-element-37c76785 elementor-section-boxed elementor-section-height-default elementor-section-height-default\" data-id=\"37c76785\" data-element_type=\"section\">\n\t\t\t\t\t\t<div class=\"elementor-container elementor-column-gap-default\">\n\t\t\t\t\t<div class=\"elementor-column elementor-col-100 elementor-top-column elementor-element elementor-element-53546441\" data-id=\"53546441\" data-element_type=\"column\">\n\t\t\t<div class=\"elementor-widget-wrap elementor-element-populated\">\n\t\t\t\t\t\t<div class=\"elementor-element elementor-element-747239f2 elementor-widget elementor-widget-w1_2_3\" data-id=\"747239f2\" data-element_type=\"widget\" data-widget_type=\"w1_2_3.default\">\n\t\t\t\t<div class=\"elementor-widget-container\">\n\t\t\t<section>\n                    <div class=\"mn-grid\">\n                        <h3  class=\"mn-grid-12 mn-section-title2\">\n                            Thesis\n                        <\/h3>\n                    <\/div>\n                <\/section>\t\t<\/div>\n\t\t\t\t<\/div>\n\t\t\t\t\t<\/div>\n\t\t<\/div>\n\t\t\t\t\t<\/div>\n\t\t<\/section>\n\t\t\t\t<section class=\"elementor-section elementor-top-section elementor-element elementor-element-c388306 elementor-section-boxed elementor-section-height-default elementor-section-height-default\" data-id=\"c388306\" data-element_type=\"section\">\n\t\t\t\t\t\t<div class=\"elementor-container elementor-column-gap-default\">\n\t\t\t\t\t<div class=\"elementor-column elementor-col-100 elementor-top-column elementor-element elementor-element-63a9b1bd\" data-id=\"63a9b1bd\" data-element_type=\"column\">\n\t\t\t<div class=\"elementor-widget-wrap elementor-element-populated\">\n\t\t\t\t\t\t<div class=\"elementor-element elementor-element-24a60d69 elementor-widget elementor-widget-w9\" data-id=\"24a60d69\" data-element_type=\"widget\" data-widget_type=\"w9.default\">\n\t\t\t\t<div class=\"elementor-widget-container\">\n\t\t\t<section><div class=\"mn-grid\"><ul class=\"mn-grid-12 mn-link-list-type1\"><li>\n                            <a href=\"https:\/\/www.sggw.edu.pl\/wp-content\/uploads\/2020\/11\/z_34_z_01-06-2016_prace_dyplomowe_SGGW.pdf\" >\n                                <span>Order No. 34 of the Rector of the Main School of The Rural Farm in Warsaw of 01 June 2016 on the introduction of \"Guidelines for the preparation of the thesis at the Warsaw School of The Main Farm\".<\/span>\n                            <\/a>\n                        <\/li><li>\n                            <a href=\"https:\/\/www.sggw.edu.pl\/wp-content\/uploads\/2020\/11\/z_34_z_01-06-2016_prace_dyplomowe_SGGW_wytyczne.pdf\" >\n                                <span>Annex - Guidelines<\/span>\n                            <\/a>\n                        <\/li><li>\n                            <a href=\"https:\/\/www.sggw.edu.pl\/wp-content\/uploads\/2020\/11\/z_34_z_01-06-2016_prace_dyplomowe_SGGW_wytyczne_z1.pdf\" >\n                                <span>Annexes 1 and 2 to the Guidelines<\/span>\n                            <\/a>\n                        <\/li><li>\n                            <a href=\"https:\/\/www.sggw.edu.pl\/wp-content\/uploads\/2020\/11\/z_34_z_01-06-2016_prace_dyplomowe_SGGW_wytyczne_z2-1.doc\" >\n                                <span>Annex 2 - version .doc<\/span>\n                            <\/a>\n                        <\/li><li>\n                            <a href=\"https:\/\/www.sggw.edu.pl\/wp-content\/uploads\/2020\/11\/bss-Z_22.pdf\" >\n                                <span>Order of the Rector of SGGW No. 22<\/span>\n                            <\/a>\n                        <\/li><\/ul><\/div><\/section>\t\t<\/div>\n\t\t\t\t<\/div>\n\t\t\t\t\t<\/div>\n\t\t<\/div>\n\t\t\t\t\t<\/div>\n\t\t<\/section>\n\t\t\t\t<section class=\"elementor-section elementor-top-section elementor-element elementor-element-28dfafc0 elementor-section-boxed elementor-section-height-default elementor-section-height-default\" data-id=\"28dfafc0\" data-element_type=\"section\">\n\t\t\t\t\t\t<div class=\"elementor-container elementor-column-gap-default\">\n\t\t\t\t\t<div class=\"elementor-column elementor-col-100 elementor-top-column elementor-element elementor-element-4cc7ab31\" data-id=\"4cc7ab31\" data-element_type=\"column\">\n\t\t\t<div class=\"elementor-widget-wrap elementor-element-populated\">\n\t\t\t\t\t\t<div class=\"elementor-element elementor-element-49267d9b elementor-widget elementor-widget-w7\" data-id=\"49267d9b\" data-element_type=\"widget\" data-widget_type=\"w7.default\">\n\t\t\t\t<div class=\"elementor-widget-container\">\n\t\t\t<section>\n                <div class=\"mn-grid\">\n                    <div class=\"mn-grid-12 mn-horizontal-separator\"><\/div>\n                <\/div>\n                <\/section>\t\t<\/div>\n\t\t\t\t<\/div>\n\t\t\t\t<div class=\"elementor-element elementor-element-471b2025 elementor-widget elementor-widget-w1_2_3\" data-id=\"471b2025\" data-element_type=\"widget\" data-widget_type=\"w1_2_3.default\">\n\t\t\t\t<div class=\"elementor-widget-container\">\n\t\t\t<section>\n                    <div class=\"mn-grid\">\n                        <h3  class=\"mn-grid-12 mn-section-title2\">\n                            Anti-poster regulations of the thesis of students of the Warsaw School of The Main Farm\n                        <\/h3>\n                    <\/div>\n                <\/section>\t\t<\/div>\n\t\t\t\t<\/div>\n\t\t\t\t\t<\/div>\n\t\t<\/div>\n\t\t\t\t\t<\/div>\n\t\t<\/section>\n\t\t\t\t<section class=\"elementor-section elementor-top-section elementor-element elementor-element-5a1d2c2 elementor-section-boxed elementor-section-height-default elementor-section-height-default\" data-id=\"5a1d2c2\" data-element_type=\"section\">\n\t\t\t\t\t\t<div class=\"elementor-container elementor-column-gap-default\">\n\t\t\t\t\t<div class=\"elementor-column elementor-col-100 elementor-top-column elementor-element elementor-element-542fc8\" data-id=\"542fc8\" data-element_type=\"column\">\n\t\t\t<div class=\"elementor-widget-wrap elementor-element-populated\">\n\t\t\t\t\t\t<div class=\"elementor-element elementor-element-36c23a84 elementor-widget elementor-widget-w9\" data-id=\"36c23a84\" data-element_type=\"widget\" data-widget_type=\"w9.default\">\n\t\t\t\t<div class=\"elementor-widget-container\">\n\t\t\t<section><div class=\"mn-grid\"><ul class=\"mn-grid-12 mn-link-list-type1\"><li>\n                            <a href=\"https:\/\/www.sggw.edu.pl\/wp-content\/uploads\/2020\/11\/Zarzadzenie-nr1-z-07-01-2019-Regulamin-antyplagiatowy.pdf\" >\n                                <span>Order No. 1 of the Rector of the Main School of The Rural Farm in Warsaw of 7 January 2019 on the introduction of anti-poster regulations for the thesis of students of the Warsaw School of The Main Farm<\/span>\n                            <\/a>\n                        <\/li><li>\n                            <a href=\"https:\/\/www.sggw.edu.pl\/wp-content\/uploads\/2020\/11\/Zarzadzenie-nr1-z-07-01-2019-Regulamin-antyplagiatowy-zalacznik.pdf\" >\n                                <span>Annex to Order No. 1 of the Rector of the SGGW in Warsaw of 7 January 2019 on the introduction of anti-poster regulations for the thesis of students of the Warsaw School of Rural Farm - Anti-Platform Regulations<\/span>\n                            <\/a>\n                        <\/li><li>\n                            <a href=\"https:\/\/www.sggw.edu.pl\/wp-content\/uploads\/2020\/11\/reg.antyplagiat.pdf\" >\n                                <span>Order repealed: Annex No 1 to Order No 4 of the Rector of the SGGW of 24. 01. 2011 on the introduction of anti-plagiar regulations for the thesis of SGGW students.<\/span>\n                            <\/a>\n                        <\/li><\/ul><\/div><\/section>\t\t<\/div>\n\t\t\t\t<\/div>\n\t\t\t\t\t<\/div>\n\t\t<\/div>\n\t\t\t\t\t<\/div>\n\t\t<\/section>\n\t\t\t\t<\/div>\n\t\t","protected":false},"excerpt":{"rendered":"<p>Writing guides for students Guide to presenting scientific information Master&#8217;s thesis and dissertation guide for SGGW students Exams Order No. 46 of the Rector of the Warsaw School of 26 June 2020 on the rules for conducting diploma examinations outside the premises of the University using electronic means of communication Thesis Order No. 34 of [&hellip;]<\/p>\n","protected":false},"author":1,"featured_media":0,"parent":12723,"menu_order":0,"comment_status":"closed","ping_status":"closed","template":"","meta":{"_acf_changed":false,"footnotes":""},"class_list":["post-12901","page","type-page","status-publish","hentry"],"acf":[],"_links":{"self":[{"href":"https:\/\/www.sggw.edu.pl\/en\/wp-json\/wp\/v2\/pages\/12901","targetHints":{"allow":["GET"]}}],"collection":[{"href":"https:\/\/www.sggw.edu.pl\/en\/wp-json\/wp\/v2\/pages"}],"about":[{"href":"https:\/\/www.sggw.edu.pl\/en\/wp-json\/wp\/v2\/types\/page"}],"author":[{"embeddable":true,"href":"https:\/\/www.sggw.edu.pl\/en\/wp-json\/wp\/v2\/users\/1"}],"replies":[{"embeddable":true,"href":"https:\/\/www.sggw.edu.pl\/en\/wp-json\/wp\/v2\/comments?post=12901"}],"version-history":[{"count":3,"href":"https:\/\/www.sggw.edu.pl\/en\/wp-json\/wp\/v2\/pages\/12901\/revisions"}],"predecessor-version":[{"id":25682,"href":"https:\/\/www.sggw.edu.pl\/en\/wp-json\/wp\/v2\/pages\/12901\/revisions\/25682"}],"up":[{"embeddable":true,"href":"https:\/\/www.sggw.edu.pl\/en\/wp-json\/wp\/v2\/pages\/12723"}],"wp:attachment":[{"href":"https:\/\/www.sggw.edu.pl\/en\/wp-json\/wp\/v2\/media?parent=12901"}],"curies":[{"name":"wp","href":"https:\/\/api.w.org\/{rel}","templated":true}]}}