{"id":12904,"date":"2020-12-22T12:55:27","date_gmt":"2020-12-22T11:55:27","guid":{"rendered":"https:\/\/www.sggw.edu.pl\/43-pdkn-2016\/"},"modified":"2021-05-26T15:43:52","modified_gmt":"2021-05-26T13:43:52","slug":"43-pdkn-2016","status":"publish","type":"page","link":"https:\/\/www.sggw.edu.pl\/en\/studies\/scientific-circles\/review-of-the-achievements-of-scientific-circles\/43-pdkn-2016\/","title":{"rendered":"43. PDKN &#8211; 2016"},"content":{"rendered":"\t\t<div data-elementor-type=\"wp-page\" data-elementor-id=\"12904\" class=\"elementor elementor-12904\" data-elementor-post-type=\"page\">\n\t\t\t\t\t\t<section class=\"elementor-section elementor-top-section elementor-element elementor-element-629e954f elementor-section-boxed elementor-section-height-default elementor-section-height-default\" data-id=\"629e954f\" data-element_type=\"section\">\n\t\t\t\t\t\t<div class=\"elementor-container elementor-column-gap-default\">\n\t\t\t\t\t<div class=\"elementor-column elementor-col-100 elementor-top-column elementor-element elementor-element-13c25c6f\" data-id=\"13c25c6f\" data-element_type=\"column\">\n\t\t\t<div class=\"elementor-widget-wrap elementor-element-populated\">\n\t\t\t\t\t\t<div class=\"elementor-element elementor-element-104244fc elementor-widget elementor-widget-wp-widget-bcn_widget\" data-id=\"104244fc\" data-element_type=\"widget\" data-widget_type=\"wp-widget-bcn_widget.default\">\n\t\t\t\t<div class=\"elementor-widget-container\">\n\t\t\t<div class=\"mn-grid breadcrumb\">\n                                    <div class=\"breadcrumb-inner mn-grid-12\"><div class=\"breadcrumbs\" vocab=\"https:\/\/schema.org\/\" typeof=\"BreadcrumbList\"><span property=\"itemListElement\" typeof=\"ListItem\"><a property=\"item\" typeof=\"WebPage\" title=\"Go to Szko\u0142a G\u0142\u00f3wna Gospodarstwa Wiejskiego w Warszawie.\" href=\"https:\/\/www.sggw.edu.pl\/en\/\" class=\"home\" aria-current=\"page\"><span property=\"name\">Home<\/span><\/a><meta property=\"position\" content=\"1\"><\/span><\/div>    <\/div>\n                                <\/div>\t\t<\/div>\n\t\t\t\t<\/div>\n\t\t\t\t<div class=\"elementor-element elementor-element-26e0c8ab elementor-widget elementor-widget-post-title\" data-id=\"26e0c8ab\" data-element_type=\"widget\" data-widget_type=\"post-title.default\">\n\t\t\t\t<div class=\"elementor-widget-container\">\n\t\t\t<section>\n                    <div class=\"mn-grid entry-header-inner section-inner medium\">\n                        <h1 class=\"mn-grid-12 entry-title\" style=\"\">\n                            43. PDKN &#8211; 2016\n                        <\/h1>\n                    <\/div>\n                <\/section>\t\t<\/div>\n\t\t\t\t<\/div>\n\t\t\t\t\t<\/div>\n\t\t<\/div>\n\t\t\t\t\t<\/div>\n\t\t<\/section>\n\t\t\t\t<section class=\"elementor-section elementor-top-section elementor-element elementor-element-649ff96a elementor-section-boxed elementor-section-height-default elementor-section-height-default\" data-id=\"649ff96a\" data-element_type=\"section\">\n\t\t\t\t\t\t<div class=\"elementor-container elementor-column-gap-default\">\n\t\t\t\t\t<div class=\"elementor-column elementor-col-100 elementor-top-column elementor-element elementor-element-445b13a3\" data-id=\"445b13a3\" data-element_type=\"column\">\n\t\t\t<div class=\"elementor-widget-wrap elementor-element-populated\">\n\t\t\t\t\t\t<div class=\"elementor-element elementor-element-19da7d3f elementor-widget elementor-widget-w33\" data-id=\"19da7d3f\" data-element_type=\"widget\" data-widget_type=\"w33.default\">\n\t\t\t\t<div class=\"elementor-widget-container\">\n\t\t\t<section>\n            <div class=\"mn-grid\">\n                <div class=\"mn-vertical-separator-x2\">\n                    \n                <\/div>\n            <\/section>\t\t<\/div>\n\t\t\t\t<\/div>\n\t\t\t\t<div class=\"elementor-element elementor-element-135cfb8b elementor-widget elementor-widget-w1_2_3\" data-id=\"135cfb8b\" data-element_type=\"widget\" data-widget_type=\"w1_2_3.default\">\n\t\t\t\t<div class=\"elementor-widget-container\">\n\t\t\t<section>\n                    <div class=\"mn-grid\">\n                        <h3  class=\"mn-grid-12 mn-section-title2\">\n                            News\n                        <\/h3>\n                    <\/div>\n                <\/section>\t\t<\/div>\n\t\t\t\t<\/div>\n\t\t\t\t\t<\/div>\n\t\t<\/div>\n\t\t\t\t\t<\/div>\n\t\t<\/section>\n\t\t\t\t<section class=\"elementor-section elementor-top-section elementor-element elementor-element-17a699d0 elementor-section-boxed elementor-section-height-default elementor-section-height-default\" data-id=\"17a699d0\" data-element_type=\"section\">\n\t\t\t\t\t\t<div class=\"elementor-container elementor-column-gap-default\">\n\t\t\t\t\t<div class=\"elementor-column elementor-col-100 elementor-top-column elementor-element elementor-element-27fb7dd0\" data-id=\"27fb7dd0\" data-element_type=\"column\">\n\t\t\t<div class=\"elementor-widget-wrap elementor-element-populated\">\n\t\t\t\t\t\t<div class=\"elementor-element elementor-element-6cf65d2a elementor-widget elementor-widget-w12\" data-id=\"6cf65d2a\" data-element_type=\"widget\" data-widget_type=\"w12.default\">\n\t\t\t\t<div class=\"elementor-widget-container\">\n\t\t\t<section>\n                <div class=\"mn-grid\">\n                    <div class=\"mn-grid-12 mn-mod-text-links\">\n                        <p>The Scientific Circle of Veterinary Medics and the Faculty of Veterinary Medicine cordially invite all students, doctoral students and lecturers at the XLIII Review of the achievements of the Scientific Circles of SGGW.<\/p>\n<p>This year&#8217;s <strong>review will take place on December 9, 2016 in building 23 at 8:30 a.m.<\/strong> <\/p>\n<p>Abstracts should be addressed to <a href=\"mailto:knmw@sggw.pl\">knmw@sggw.pl address<\/a> by 21.11.2016.<\/p>\n<p>The terms and conditions and application forms will be published soon.<\/p>\n<p>Contact us at <a href=\"mailto:knmw@sggw.pl\">knmw@sggw.pl<\/a><\/p>\n<p>Welcome<\/p>\n<p>Organising Committee<br \/>XLIII Review of the Achievements of the Scientific Circles of SGGW<\/p>\n\n                    <\/div>\n                <\/div>\n            <\/section>\t\t<\/div>\n\t\t\t\t<\/div>\n\t\t\t\t\t<\/div>\n\t\t<\/div>\n\t\t\t\t\t<\/div>\n\t\t<\/section>\n\t\t\t\t<section class=\"elementor-section elementor-top-section elementor-element elementor-element-6545eea3 elementor-section-boxed elementor-section-height-default elementor-section-height-default\" data-id=\"6545eea3\" data-element_type=\"section\">\n\t\t\t\t\t\t<div class=\"elementor-container elementor-column-gap-default\">\n\t\t\t\t\t<div class=\"elementor-column elementor-col-100 elementor-top-column elementor-element elementor-element-25ffba10\" data-id=\"25ffba10\" data-element_type=\"column\">\n\t\t\t<div class=\"elementor-widget-wrap elementor-element-populated\">\n\t\t\t\t\t\t<div class=\"elementor-element elementor-element-94b3f52 elementor-widget elementor-widget-w7\" data-id=\"94b3f52\" data-element_type=\"widget\" data-widget_type=\"w7.default\">\n\t\t\t\t<div class=\"elementor-widget-container\">\n\t\t\t<section>\n                <div class=\"mn-grid\">\n                    <div class=\"mn-grid-12 mn-horizontal-separator\"><\/div>\n                <\/div>\n                <\/section>\t\t<\/div>\n\t\t\t\t<\/div>\n\t\t\t\t<div class=\"elementor-element elementor-element-2796efe6 elementor-widget elementor-widget-w1_2_3\" data-id=\"2796efe6\" data-element_type=\"widget\" data-widget_type=\"w1_2_3.default\">\n\t\t\t\t<div class=\"elementor-widget-container\">\n\t\t\t<section>\n                    <div class=\"mn-grid\">\n                        <h3  class=\"mn-grid-12 mn-section-title2\">\n                            Model application and abstract\n                        <\/h3>\n                    <\/div>\n                <\/section>\t\t<\/div>\n\t\t\t\t<\/div>\n\t\t\t\t<div class=\"elementor-element elementor-element-79ec86d elementor-widget elementor-widget-w12\" data-id=\"79ec86d\" data-element_type=\"widget\" data-widget_type=\"w12.default\">\n\t\t\t\t<div class=\"elementor-widget-container\">\n\t\t\t<section>\n                <div class=\"mn-grid\">\n                    <div class=\"mn-grid-12 mn-mod-text-links\">\n                        <p>If you are interested in participating in the Review, we invite you to familiarize yourself with the information below.<\/p>\n<p>By <strong>21.11.2016<\/strong> you must send abstracts by e-mail: <a href=\"mailto:knmw@sggw.pl\">knmw@sggw.pl<\/a> in doc format.<\/p>\n<p>In the e-mail you can include your preferred section:<\/p>\n<p>Engineering<br \/>Social sciences and economics<br \/>Man and his surroundings<br \/>Animal and veterinary world<\/p>\n<p>Plant World<br \/>Animal husbandry<\/p>\n<p>Letters <strong>and a framework review plan will be published by 01.12.2016.<\/strong><\/p>\n<p>By<strong> 25.11.2016,<\/strong> you must send a scan of the website containing the abstract, bearing the signature of the Guardian of the Scientific Circle and the Guardian of Work, and a scan of the declaration of consent to the processing of personal data. (The statement must be signed by each of the authors of the work, separately ! )<\/p>\n<p>Until <strong>25.11.2016<\/strong> it is possible to make changes to the submitted work and withdraw from the review without giving a reason.<\/p>\n<p>The paper form must be provided on the date of the review 09.12.2016, persons who do not provide documents certified by the signature of the scientific guardian together with statements of consent to the processing of personal data* will not be admitted for review.<\/p>\n<p>*  <strong>The declaration of consent to the processing of personal data must be signed by all authors of the work! (Three authors of the work must provide three declarations of consent to data processing)<\/strong><\/p>\n\n                    <\/div>\n                <\/div>\n            <\/section>\t\t<\/div>\n\t\t\t\t<\/div>\n\t\t\t\t<div class=\"elementor-element elementor-element-5890631 elementor-widget elementor-widget-w33\" data-id=\"5890631\" data-element_type=\"widget\" data-widget_type=\"w33.default\">\n\t\t\t\t<div class=\"elementor-widget-container\">\n\t\t\t<section>\n            <div class=\"mn-grid\">\n                <div class=\"mn-vertical-separator-x2\">\n                    \n                <\/div>\n            <\/section>\t\t<\/div>\n\t\t\t\t<\/div>\n\t\t\t\t<div class=\"elementor-element elementor-element-b40a1e1 elementor-widget elementor-widget-w9\" data-id=\"b40a1e1\" data-element_type=\"widget\" data-widget_type=\"w9.default\">\n\t\t\t\t<div class=\"elementor-widget-container\">\n\t\t\t<section><div class=\"mn-grid\"><ul class=\"mn-grid-12 mn-link-list-type1\"><li>\n                            <a href=\"https:\/\/www.sggw.edu.pl\/wp-content\/uploads\/2020\/11\/Za\u0142\u0105cznik-nr-2-Wz\u00f3r-zg\u0142oszenia-i-abstraktu.docx\" >\n                                <span>Model application and abstract<\/span>\n                            <\/a>\n                        <\/li><\/ul><\/div><\/section>\t\t<\/div>\n\t\t\t\t<\/div>\n\t\t\t\t<div class=\"elementor-element elementor-element-5745d90 elementor-widget elementor-widget-w7\" data-id=\"5745d90\" data-element_type=\"widget\" data-widget_type=\"w7.default\">\n\t\t\t\t<div class=\"elementor-widget-container\">\n\t\t\t<section>\n                <div class=\"mn-grid\">\n                    <div class=\"mn-grid-12 mn-horizontal-separator\"><\/div>\n                <\/div>\n                <\/section>\t\t<\/div>\n\t\t\t\t<\/div>\n\t\t\t\t\t<\/div>\n\t\t<\/div>\n\t\t\t\t\t<\/div>\n\t\t<\/section>\n\t\t\t\t<section class=\"elementor-section elementor-top-section elementor-element elementor-element-e9e2dfa elementor-section-boxed elementor-section-height-default elementor-section-height-default\" data-id=\"e9e2dfa\" data-element_type=\"section\">\n\t\t\t\t\t\t<div class=\"elementor-container elementor-column-gap-default\">\n\t\t\t\t\t<div class=\"elementor-column elementor-col-100 elementor-top-column elementor-element elementor-element-3f483d9\" data-id=\"3f483d9\" data-element_type=\"column\">\n\t\t\t<div class=\"elementor-widget-wrap elementor-element-populated\">\n\t\t\t\t\t\t<div class=\"elementor-element elementor-element-62f5f81 elementor-widget elementor-widget-w1_2_3\" data-id=\"62f5f81\" data-element_type=\"widget\" data-widget_type=\"w1_2_3.default\">\n\t\t\t\t<div class=\"elementor-widget-container\">\n\t\t\t<section>\n                    <div class=\"mn-grid\">\n                        <h3  class=\"mn-grid-12 mn-section-title2\">\n                            Rules\n                        <\/h3>\n                    <\/div>\n                <\/section>\t\t<\/div>\n\t\t\t\t<\/div>\n\t\t\t\t\t<\/div>\n\t\t<\/div>\n\t\t\t\t\t<\/div>\n\t\t<\/section>\n\t\t\t\t<section class=\"elementor-section elementor-top-section elementor-element elementor-element-2703178 elementor-section-boxed elementor-section-height-default elementor-section-height-default\" data-id=\"2703178\" data-element_type=\"section\">\n\t\t\t\t\t\t<div class=\"elementor-container elementor-column-gap-default\">\n\t\t\t\t\t<div class=\"elementor-column elementor-col-100 elementor-top-column elementor-element elementor-element-1971fa4\" data-id=\"1971fa4\" data-element_type=\"column\">\n\t\t\t<div class=\"elementor-widget-wrap elementor-element-populated\">\n\t\t\t\t\t\t<div class=\"elementor-element elementor-element-f7db498 elementor-widget elementor-widget-w9\" data-id=\"f7db498\" data-element_type=\"widget\" data-widget_type=\"w9.default\">\n\t\t\t\t<div class=\"elementor-widget-container\">\n\t\t\t<section><div class=\"mn-grid\"><ul class=\"mn-grid-12 mn-link-list-type1\"><li>\n                            <a href=\"https:\/\/www.sggw.edu.pl\/wp-content\/uploads\/2020\/11\/PDKN-Regulamin-2016-1.pdf\" >\n                                <span>RULES FOR REVIEW OF THE ACQUIS OF THE SCIENTIFIC CIRCLES OF THE SGGW<\/span>\n                            <\/a>\n                        <\/li><\/ul><\/div><\/section>\t\t<\/div>\n\t\t\t\t<\/div>\n\t\t\t\t\t<\/div>\n\t\t<\/div>\n\t\t\t\t\t<\/div>\n\t\t<\/section>\n\t\t\t\t<section class=\"elementor-section elementor-top-section elementor-element elementor-element-3d14ebc6 elementor-section-boxed elementor-section-height-default elementor-section-height-default\" data-id=\"3d14ebc6\" data-element_type=\"section\">\n\t\t\t\t\t\t<div class=\"elementor-container elementor-column-gap-default\">\n\t\t\t\t\t<div class=\"elementor-column elementor-col-100 elementor-top-column elementor-element elementor-element-35f9ba53\" data-id=\"35f9ba53\" data-element_type=\"column\">\n\t\t\t<div class=\"elementor-widget-wrap elementor-element-populated\">\n\t\t\t\t\t\t<div class=\"elementor-element elementor-element-3f1fc190 elementor-widget elementor-widget-w7\" data-id=\"3f1fc190\" data-element_type=\"widget\" data-widget_type=\"w7.default\">\n\t\t\t\t<div class=\"elementor-widget-container\">\n\t\t\t<section>\n                <div class=\"mn-grid\">\n                    <div class=\"mn-grid-12 mn-horizontal-separator\"><\/div>\n                <\/div>\n                <\/section>\t\t<\/div>\n\t\t\t\t<\/div>\n\t\t\t\t<div class=\"elementor-element elementor-element-47e2fdad elementor-widget elementor-widget-w1_2_3\" data-id=\"47e2fdad\" data-element_type=\"widget\" data-widget_type=\"w1_2_3.default\">\n\t\t\t\t<div class=\"elementor-widget-container\">\n\t\t\t<section>\n                    <div class=\"mn-grid\">\n                        <h3  class=\"mn-grid-12 mn-section-title2\">\n                            Program\n                        <\/h3>\n                    <\/div>\n                <\/section>\t\t<\/div>\n\t\t\t\t<\/div>\n\t\t\t\t\t<\/div>\n\t\t<\/div>\n\t\t\t\t\t<\/div>\n\t\t<\/section>\n\t\t\t\t<section class=\"elementor-section elementor-top-section elementor-element elementor-element-3b8ba10b elementor-section-boxed elementor-section-height-default elementor-section-height-default\" data-id=\"3b8ba10b\" data-element_type=\"section\">\n\t\t\t\t\t\t<div class=\"elementor-container elementor-column-gap-default\">\n\t\t\t\t\t<div class=\"elementor-column elementor-col-100 elementor-top-column elementor-element elementor-element-d49cfc4\" data-id=\"d49cfc4\" data-element_type=\"column\">\n\t\t\t<div class=\"elementor-widget-wrap elementor-element-populated\">\n\t\t\t\t\t\t<div class=\"elementor-element elementor-element-4f56d7fc elementor-widget elementor-widget-w9\" data-id=\"4f56d7fc\" data-element_type=\"widget\" data-widget_type=\"w9.default\">\n\t\t\t\t<div class=\"elementor-widget-container\">\n\t\t\t<section><div class=\"mn-grid\"><ul class=\"mn-grid-12 mn-link-list-type1\"><li>\n                            <a href=\"https:\/\/www.sggw.edu.pl\/wp-content\/uploads\/2020\/11\/Ramowy-plan-XLIII-Przegl\u0105du-Dorobku-K\u00f3\u0142-Naukowych-SGGW.pdf\" >\n                                <span>XLIII Framework Plan for The Review of the Acquis of the Scientific Circles of SGGW<\/span>\n                            <\/a>\n                        <\/li><\/ul><\/div><\/section>\t\t<\/div>\n\t\t\t\t<\/div>\n\t\t\t\t\t<\/div>\n\t\t<\/div>\n\t\t\t\t\t<\/div>\n\t\t<\/section>\n\t\t\t\t<\/div>\n\t\t","protected":false},"excerpt":{"rendered":"<p>News The Scientific Circle of Veterinary Medics and the Faculty of Veterinary Medicine cordially invite all students, doctoral students and lecturers at the XLIII Review of the achievements of the Scientific Circles of SGGW. This year&#8217;s review will take place on December 9, 2016 in building 23 at 8:30 a.m. Abstracts should be addressed to [&hellip;]<\/p>\n","protected":false},"author":1,"featured_media":0,"parent":16945,"menu_order":0,"comment_status":"closed","ping_status":"closed","template":"","meta":{"_acf_changed":false,"footnotes":""},"class_list":["post-12904","page","type-page","status-publish","hentry"],"acf":[],"_links":{"self":[{"href":"https:\/\/www.sggw.edu.pl\/en\/wp-json\/wp\/v2\/pages\/12904","targetHints":{"allow":["GET"]}}],"collection":[{"href":"https:\/\/www.sggw.edu.pl\/en\/wp-json\/wp\/v2\/pages"}],"about":[{"href":"https:\/\/www.sggw.edu.pl\/en\/wp-json\/wp\/v2\/types\/page"}],"author":[{"embeddable":true,"href":"https:\/\/www.sggw.edu.pl\/en\/wp-json\/wp\/v2\/users\/1"}],"replies":[{"embeddable":true,"href":"https:\/\/www.sggw.edu.pl\/en\/wp-json\/wp\/v2\/comments?post=12904"}],"version-history":[{"count":3,"href":"https:\/\/www.sggw.edu.pl\/en\/wp-json\/wp\/v2\/pages\/12904\/revisions"}],"predecessor-version":[{"id":12923,"href":"https:\/\/www.sggw.edu.pl\/en\/wp-json\/wp\/v2\/pages\/12904\/revisions\/12923"}],"up":[{"embeddable":true,"href":"https:\/\/www.sggw.edu.pl\/en\/wp-json\/wp\/v2\/pages\/16945"}],"wp:attachment":[{"href":"https:\/\/www.sggw.edu.pl\/en\/wp-json\/wp\/v2\/media?parent=12904"}],"curies":[{"name":"wp","href":"https:\/\/api.w.org\/{rel}","templated":true}]}}