{"id":12918,"date":"2020-12-22T12:56:02","date_gmt":"2020-12-22T11:56:02","guid":{"rendered":"https:\/\/www.sggw.edu.pl\/45-pdkn-2018\/"},"modified":"2021-05-26T15:43:52","modified_gmt":"2021-05-26T13:43:52","slug":"45-pdkn-2018","status":"publish","type":"page","link":"https:\/\/www.sggw.edu.pl\/en\/studies\/scientific-circles\/review-of-the-achievements-of-scientific-circles\/45-pdkn-2018\/","title":{"rendered":"45. PDKN &#8211; 2018"},"content":{"rendered":"\t\t<div data-elementor-type=\"wp-page\" data-elementor-id=\"12918\" class=\"elementor elementor-12918\" data-elementor-post-type=\"page\">\n\t\t\t\t\t\t<section class=\"elementor-section elementor-top-section elementor-element elementor-element-41ab23d5 elementor-section-boxed elementor-section-height-default elementor-section-height-default\" data-id=\"41ab23d5\" data-element_type=\"section\">\n\t\t\t\t\t\t<div class=\"elementor-container elementor-column-gap-default\">\n\t\t\t\t\t<div class=\"elementor-column elementor-col-100 elementor-top-column elementor-element elementor-element-61bf22c6\" data-id=\"61bf22c6\" data-element_type=\"column\">\n\t\t\t<div class=\"elementor-widget-wrap elementor-element-populated\">\n\t\t\t\t\t\t<div class=\"elementor-element elementor-element-2146cc47 elementor-widget elementor-widget-wp-widget-bcn_widget\" data-id=\"2146cc47\" data-element_type=\"widget\" data-widget_type=\"wp-widget-bcn_widget.default\">\n\t\t\t\t<div class=\"elementor-widget-container\">\n\t\t\t<div class=\"mn-grid breadcrumb\">\n                                    <div class=\"breadcrumb-inner mn-grid-12\"><div class=\"breadcrumbs\" vocab=\"https:\/\/schema.org\/\" typeof=\"BreadcrumbList\"><span property=\"itemListElement\" typeof=\"ListItem\"><a property=\"item\" typeof=\"WebPage\" title=\"Go to Szko\u0142a G\u0142\u00f3wna Gospodarstwa Wiejskiego w Warszawie.\" href=\"https:\/\/www.sggw.edu.pl\/en\/\" class=\"home\" aria-current=\"page\"><span property=\"name\">Home<\/span><\/a><meta property=\"position\" content=\"1\"><\/span><\/div>    <\/div>\n                                <\/div>\t\t<\/div>\n\t\t\t\t<\/div>\n\t\t\t\t<div class=\"elementor-element elementor-element-6f815011 elementor-widget elementor-widget-post-title\" data-id=\"6f815011\" data-element_type=\"widget\" data-widget_type=\"post-title.default\">\n\t\t\t\t<div class=\"elementor-widget-container\">\n\t\t\t<section>\n                    <div class=\"mn-grid entry-header-inner section-inner medium\">\n                        <h1 class=\"mn-grid-12 entry-title\" style=\"\">\n                            45. PDKN &#8211; 2018\n                        <\/h1>\n                    <\/div>\n                <\/section>\t\t<\/div>\n\t\t\t\t<\/div>\n\t\t\t\t\t<\/div>\n\t\t<\/div>\n\t\t\t\t\t<\/div>\n\t\t<\/section>\n\t\t\t\t<section class=\"elementor-section elementor-top-section elementor-element elementor-element-6ba2fe1d elementor-section-boxed elementor-section-height-default elementor-section-height-default\" data-id=\"6ba2fe1d\" data-element_type=\"section\">\n\t\t\t\t\t\t<div class=\"elementor-container elementor-column-gap-default\">\n\t\t\t\t\t<div class=\"elementor-column elementor-col-100 elementor-top-column elementor-element elementor-element-107a74af\" data-id=\"107a74af\" data-element_type=\"column\">\n\t\t\t<div class=\"elementor-widget-wrap elementor-element-populated\">\n\t\t\t\t\t\t<div class=\"elementor-element elementor-element-7d47bf33 elementor-widget elementor-widget-w12\" data-id=\"7d47bf33\" data-element_type=\"widget\" data-widget_type=\"w12.default\">\n\t\t\t\t<div class=\"elementor-widget-container\">\n\t\t\t<section>\n                <div class=\"mn-grid\">\n                    <div class=\"mn-grid-12 mn-mod-text-links\">\n                        <p>XLV Review of the achievements of the Scientific Circles of the Warsaw School of Rural Farm in 2018 is organized by the Inter-Departmental Scientific Circle of Responsible Business ENACTUS. We cordially invite all circles to show their scientific and design achievements. We are waiting for your work.  <\/p>\n\n                    <\/div>\n                <\/div>\n            <\/section>\t\t<\/div>\n\t\t\t\t<\/div>\n\t\t\t\t\t<\/div>\n\t\t<\/div>\n\t\t\t\t\t<\/div>\n\t\t<\/section>\n\t\t\t\t<section class=\"elementor-section elementor-top-section elementor-element elementor-element-11e19b3 elementor-section-boxed elementor-section-height-default elementor-section-height-default\" data-id=\"11e19b3\" data-element_type=\"section\">\n\t\t\t\t\t\t<div class=\"elementor-container elementor-column-gap-default\">\n\t\t\t\t\t<div class=\"elementor-column elementor-col-100 elementor-top-column elementor-element elementor-element-eb9b1e7\" data-id=\"eb9b1e7\" data-element_type=\"column\">\n\t\t\t<div class=\"elementor-widget-wrap elementor-element-populated\">\n\t\t\t\t\t\t<div class=\"elementor-element elementor-element-bda1e36 elementor-widget elementor-widget-w7\" data-id=\"bda1e36\" data-element_type=\"widget\" data-widget_type=\"w7.default\">\n\t\t\t\t<div class=\"elementor-widget-container\">\n\t\t\t<section>\n                <div class=\"mn-grid\">\n                    <div class=\"mn-grid-12 mn-horizontal-separator\"><\/div>\n                <\/div>\n                <\/section>\t\t<\/div>\n\t\t\t\t<\/div>\n\t\t\t\t<div class=\"elementor-element elementor-element-e277bc3 elementor-widget elementor-widget-w1_2_3\" data-id=\"e277bc3\" data-element_type=\"widget\" data-widget_type=\"w1_2_3.default\">\n\t\t\t\t<div class=\"elementor-widget-container\">\n\t\t\t<section>\n                    <div class=\"mn-grid\">\n                        <h3  class=\"mn-grid-12 mn-section-title2\">\n                            Organizational information\n                        <\/h3>\n                    <\/div>\n                <\/section>\t\t<\/div>\n\t\t\t\t<\/div>\n\t\t\t\t\t<\/div>\n\t\t<\/div>\n\t\t\t\t\t<\/div>\n\t\t<\/section>\n\t\t\t\t<section class=\"elementor-section elementor-top-section elementor-element elementor-element-4f5c052 elementor-section-boxed elementor-section-height-default elementor-section-height-default\" data-id=\"4f5c052\" data-element_type=\"section\">\n\t\t\t\t\t\t<div class=\"elementor-container elementor-column-gap-default\">\n\t\t\t\t\t<div class=\"elementor-column elementor-col-100 elementor-top-column elementor-element elementor-element-c57b392\" data-id=\"c57b392\" data-element_type=\"column\">\n\t\t\t<div class=\"elementor-widget-wrap elementor-element-populated\">\n\t\t\t\t\t\t<div class=\"elementor-element elementor-element-7610ea5 elementor-widget elementor-widget-w34\" data-id=\"7610ea5\" data-element_type=\"widget\" data-widget_type=\"w34.default\">\n\t\t\t\t<div class=\"elementor-widget-container\">\n\t\t\t        <section id=\"w34-7610ea5\" class=\"mn-m5-c mn-m5-d2\">\n            <div class=\"mn-grid\">\n                <div class=\"mn-content mn-grid-12\">\n                    <div class=\"mn-content-block active\">\n                                                                <ul class=\"mn-accordion\">\n                                            <li>\n                                                <h4 class=\"mn-accordion-title\"\n                                                    role=\"button\"\n                                                    tabindex=\"0\"\n                                                    aria-expanded=\"false\"\n                                                    aria-controls=\"w34-7610ea5-panel-0\">XLV REVIEW OF THE ACHIEVEMENTS OF THE SCIENTIFIC CIRCLES OF SGGW<\/h4>\n                                                <div id=\"w34-7610ea5-panel-0\" style=\"display:none;\" hidden>\n                                                    <p align=\"right\">XLV REVIEW OF THE ACHIEVEMENTS OF THE SCIENTIFIC CIRCLES OF SGGW<\/p>\n<h4>SCIENTIFIC CIRCLE SET UP FOR PDKN 2018:<\/h4>\n<p>The Inter-Departmental Scientific Circle of Responsible Business ENACTUS<\/p>\n<h4>COMPOSITION OF THE ORGANISING COMMITTEE OF THE REVIEW:<\/h4>\n<ol>\n<li>The Vice-Rector of the Didactics SGGW prof. dr hab. Casimir Tomala<\/li>\n<li>The Representative of the Rector of the Scientific Circles Prof. dr hab. Jan Of Germany<\/li>\n<li>Guardian of the Inter-Departmental Scientific Circle ENACTUS Prof. dr hab. Irene Ozimek<\/li>\n<li>Chairman of the Organising Committee: Zofia Kra\u015bnicka<\/li>\n<li>Vice-Chairman of the Organising Committee: Kacper Wrona<\/li>\n<\/ol>\n<h4>DEADLINE FOR REVIEW OF THE ACQUIS OF THE SCIENTIFIC CIRCLES:<\/h4>\n<p>14 December 2018<\/p>\n<h4>PDKN SITE:<\/h4>\n<p>Warsaw School of Rural Farm, ul. Nowoursynowska 166, 02-787 Warsaw, building No. 6, Faculty of Economic Sciences, SGGW (sessions in buildings: 3, 5, 6, 7)<\/p>\n<h4>ADDRESS OF THE ORGANISER TO WHICH APPLICATIONS MUST BE SENT:<\/h4>\n<p><em>enactus@sggw.pl<\/em><\/p>\n<h4>DEADLINE FOR SUBMISSION OF APPLICATIONS:<\/h4>\n<p>26 November 2018 10:00 a.m. 23:59<\/p>\n<h4>DEADLINE FOR SENDING CORRECTIONS AND PERSONAL DELIVERY OF ABSTRACTS WITH THE SIGNATURE OF THE GUARDIAN OF THE SCIENTIFIC CIRCLE:<\/h4>\n<p>29 November 2018 10:00 a.m. 23:59<\/p>\n<h4>LIST OF PDKN SECTIONS:<\/h4>\n<ol>\n<li>Bioengineering and life sciences<\/li>\n<li>Man and his surroundings<\/li>\n<li>Economics and social sciences<\/li>\n<li>Animal husbandry and nutrition<\/li>\n<li>Engineering<\/li>\n<li>Space design and management<\/li>\n<li>Plant World<\/li>\n<li>Animal and veterinary world<\/li>\n<\/ol>\n                                                <\/div>\n                                            <\/li>\n                                        <\/ul>\n                                                            <\/div>\n                <\/div>\n            <\/div>\n        <\/section>\n\n        <script type=\"text\/javascript\">\n            (function(){\n                var root = document.getElementById('w34-7610ea5');\n                if (!root || root.dataset.w34Ready === '1') {\n                    return;\n                }\n                root.dataset.w34Ready = '1';\n\n                var titles = root.querySelectorAll('.mn-accordion-title');\n\n                function toggleItem(titleEl, event) {\n                    if (event) {\n                        event.preventDefault();\n                        event.stopPropagation();\n                        if (typeof event.stopImmediatePropagation === 'function') {\n                            event.stopImmediatePropagation();\n                        }\n                    }\n\n                    var li = titleEl.parentElement;\n                    if (!li) {\n                        return;\n                    }\n\n                    var panel = titleEl.nextElementSibling;\n                    if (!panel) {\n                        return;\n                    }\n\n                    var isOpen = li.classList.contains('show');\n\n                    if (isOpen) {\n                        li.classList.remove('show');\n                        titleEl.setAttribute('aria-expanded', 'false');\n                        panel.hidden = true;\n                        if (window.jQuery) {\n                            window.jQuery(panel).stop(true, true).slideUp(200);\n                        } else {\n                            panel.style.display = 'none';\n                        }\n                    } else {\n                        li.classList.add('show');\n                        titleEl.setAttribute('aria-expanded', 'true');\n                        panel.hidden = false;\n                        if (window.jQuery) {\n                            window.jQuery(panel).stop(true, true).slideDown(200);\n                        } else {\n                            panel.style.display = 'block';\n                        }\n                    }\n                }\n\n                titles.forEach(function(titleEl){\n                    var panel = titleEl.nextElementSibling;\n                    if (panel) {\n                        panel.hidden = true;\n                        panel.style.display = 'none';\n                    }\n\n                    titleEl.addEventListener('click', function(event){\n                        toggleItem(titleEl, event);\n                    }, true);\n\n                    titleEl.addEventListener('keydown', function(event){\n                        if (event.key === 'Enter' || event.key === ' ') {\n                            toggleItem(titleEl, event);\n                        }\n                    }, true);\n                });\n            })();\n        <\/script>\n        \t\t<\/div>\n\t\t\t\t<\/div>\n\t\t\t\t\t<\/div>\n\t\t<\/div>\n\t\t\t\t\t<\/div>\n\t\t<\/section>\n\t\t\t\t<section class=\"elementor-section elementor-top-section elementor-element elementor-element-4b580014 elementor-section-boxed elementor-section-height-default elementor-section-height-default\" data-id=\"4b580014\" data-element_type=\"section\">\n\t\t\t\t\t\t<div class=\"elementor-container elementor-column-gap-default\">\n\t\t\t\t\t<div class=\"elementor-column elementor-col-100 elementor-top-column elementor-element elementor-element-55a9bebb\" data-id=\"55a9bebb\" data-element_type=\"column\">\n\t\t\t<div class=\"elementor-widget-wrap elementor-element-populated\">\n\t\t\t\t\t\t<div class=\"elementor-element elementor-element-6633458a elementor-widget elementor-widget-w7\" data-id=\"6633458a\" data-element_type=\"widget\" data-widget_type=\"w7.default\">\n\t\t\t\t<div class=\"elementor-widget-container\">\n\t\t\t<section>\n                <div class=\"mn-grid\">\n                    <div class=\"mn-grid-12 mn-horizontal-separator\"><\/div>\n                <\/div>\n                <\/section>\t\t<\/div>\n\t\t\t\t<\/div>\n\t\t\t\t<div class=\"elementor-element elementor-element-75323847 elementor-widget elementor-widget-w1_2_3\" data-id=\"75323847\" data-element_type=\"widget\" data-widget_type=\"w1_2_3.default\">\n\t\t\t\t<div class=\"elementor-widget-container\">\n\t\t\t<section>\n                    <div class=\"mn-grid\">\n                        <h3  class=\"mn-grid-12 mn-section-title2\">\n                            Model application\n                        <\/h3>\n                    <\/div>\n                <\/section>\t\t<\/div>\n\t\t\t\t<\/div>\n\t\t\t\t\t<\/div>\n\t\t<\/div>\n\t\t\t\t\t<\/div>\n\t\t<\/section>\n\t\t\t\t<section class=\"elementor-section elementor-top-section elementor-element elementor-element-6afd79b9 elementor-section-boxed elementor-section-height-default elementor-section-height-default\" data-id=\"6afd79b9\" data-element_type=\"section\">\n\t\t\t\t\t\t<div class=\"elementor-container elementor-column-gap-default\">\n\t\t\t\t\t<div class=\"elementor-column elementor-col-100 elementor-top-column elementor-element elementor-element-a0c1272\" data-id=\"a0c1272\" data-element_type=\"column\">\n\t\t\t<div class=\"elementor-widget-wrap elementor-element-populated\">\n\t\t\t\t\t\t<div class=\"elementor-element elementor-element-552b0d11 elementor-widget elementor-widget-w9\" data-id=\"552b0d11\" data-element_type=\"widget\" data-widget_type=\"w9.default\">\n\t\t\t\t<div class=\"elementor-widget-container\">\n\t\t\t<section><div class=\"mn-grid\"><ul class=\"mn-grid-12 mn-link-list-type1\"><li>\n                            <a href=\"https:\/\/www.sggw.edu.pl\/wp-content\/uploads\/2020\/11\/2018_Wz\u00f3r-zg\u0142oszenia-i-abstraktu.docx\" >\n                                <span>APPLICATION FORM XLV Review of the achievements of the Scientific Circles<\/span>\n                            <\/a>\n                        <\/li><\/ul><\/div><\/section>\t\t<\/div>\n\t\t\t\t<\/div>\n\t\t\t\t\t<\/div>\n\t\t<\/div>\n\t\t\t\t\t<\/div>\n\t\t<\/section>\n\t\t\t\t<section class=\"elementor-section elementor-top-section elementor-element elementor-element-13846fe9 elementor-section-boxed elementor-section-height-default elementor-section-height-default\" data-id=\"13846fe9\" data-element_type=\"section\">\n\t\t\t\t\t\t<div class=\"elementor-container elementor-column-gap-default\">\n\t\t\t\t\t<div class=\"elementor-column elementor-col-100 elementor-top-column elementor-element elementor-element-5357facb\" data-id=\"5357facb\" data-element_type=\"column\">\n\t\t\t<div class=\"elementor-widget-wrap elementor-element-populated\">\n\t\t\t\t\t\t<div class=\"elementor-element elementor-element-4ea81f77 elementor-widget elementor-widget-w7\" data-id=\"4ea81f77\" data-element_type=\"widget\" data-widget_type=\"w7.default\">\n\t\t\t\t<div class=\"elementor-widget-container\">\n\t\t\t<section>\n                <div class=\"mn-grid\">\n                    <div class=\"mn-grid-12 mn-horizontal-separator\"><\/div>\n                <\/div>\n                <\/section>\t\t<\/div>\n\t\t\t\t<\/div>\n\t\t\t\t<div class=\"elementor-element elementor-element-9b1123e elementor-widget elementor-widget-w1_2_3\" data-id=\"9b1123e\" data-element_type=\"widget\" data-widget_type=\"w1_2_3.default\">\n\t\t\t\t<div class=\"elementor-widget-container\">\n\t\t\t<section>\n                    <div class=\"mn-grid\">\n                        <h3  class=\"mn-grid-12 mn-section-title2\">\n                            Rules\n                        <\/h3>\n                    <\/div>\n                <\/section>\t\t<\/div>\n\t\t\t\t<\/div>\n\t\t\t\t\t<\/div>\n\t\t<\/div>\n\t\t\t\t\t<\/div>\n\t\t<\/section>\n\t\t\t\t<section class=\"elementor-section elementor-top-section elementor-element elementor-element-4b8cf78e elementor-section-boxed elementor-section-height-default elementor-section-height-default\" data-id=\"4b8cf78e\" data-element_type=\"section\">\n\t\t\t\t\t\t<div class=\"elementor-container elementor-column-gap-default\">\n\t\t\t\t\t<div class=\"elementor-column elementor-col-100 elementor-top-column elementor-element elementor-element-2611b74\" data-id=\"2611b74\" data-element_type=\"column\">\n\t\t\t<div class=\"elementor-widget-wrap elementor-element-populated\">\n\t\t\t\t\t\t<div class=\"elementor-element elementor-element-5418164e elementor-widget elementor-widget-w9\" data-id=\"5418164e\" data-element_type=\"widget\" data-widget_type=\"w9.default\">\n\t\t\t\t<div class=\"elementor-widget-container\">\n\t\t\t<section><div class=\"mn-grid\"><ul class=\"mn-grid-12 mn-link-list-type1\"><li>\n                            <a href=\"https:\/\/www.sggw.edu.pl\/wp-content\/uploads\/2020\/11\/2018_-Regulamin-PDKN.docx\" >\n                                <span>RULES FOR REVIEW OF THE ACQUIS OF THE SCIENTIFIC CIRCLES OF THE SGGW<\/span>\n                            <\/a>\n                        <\/li><\/ul><\/div><\/section>\t\t<\/div>\n\t\t\t\t<\/div>\n\t\t\t\t<div class=\"elementor-element elementor-element-7792e26b elementor-widget elementor-widget-w7\" data-id=\"7792e26b\" data-element_type=\"widget\" data-widget_type=\"w7.default\">\n\t\t\t\t<div class=\"elementor-widget-container\">\n\t\t\t<section>\n                <div class=\"mn-grid\">\n                    <div class=\"mn-grid-12 mn-horizontal-separator\"><\/div>\n                <\/div>\n                <\/section>\t\t<\/div>\n\t\t\t\t<\/div>\n\t\t\t\t\t<\/div>\n\t\t<\/div>\n\t\t\t\t\t<\/div>\n\t\t<\/section>\n\t\t\t\t<section class=\"elementor-section elementor-top-section elementor-element elementor-element-1e260668 elementor-section-boxed elementor-section-height-default elementor-section-height-default\" data-id=\"1e260668\" data-element_type=\"section\">\n\t\t\t\t\t\t<div class=\"elementor-container elementor-column-gap-default\">\n\t\t\t\t\t<div class=\"elementor-column elementor-col-100 elementor-top-column elementor-element elementor-element-50992ad1\" data-id=\"50992ad1\" data-element_type=\"column\">\n\t\t\t<div class=\"elementor-widget-wrap elementor-element-populated\">\n\t\t\t\t\t\t<div class=\"elementor-element elementor-element-4bc1b01f elementor-widget elementor-widget-w1_2_3\" data-id=\"4bc1b01f\" data-element_type=\"widget\" data-widget_type=\"w1_2_3.default\">\n\t\t\t\t<div class=\"elementor-widget-container\">\n\t\t\t<section>\n                    <div class=\"mn-grid\">\n                        <h3  class=\"mn-grid-12 mn-section-title2\">\n                            Guidelines for evaluating work\n                        <\/h3>\n                    <\/div>\n                <\/section>\t\t<\/div>\n\t\t\t\t<\/div>\n\t\t\t\t\t<\/div>\n\t\t<\/div>\n\t\t\t\t\t<\/div>\n\t\t<\/section>\n\t\t\t\t<section class=\"elementor-section elementor-top-section elementor-element elementor-element-3c8fb741 elementor-section-boxed elementor-section-height-default elementor-section-height-default\" data-id=\"3c8fb741\" data-element_type=\"section\">\n\t\t\t\t\t\t<div class=\"elementor-container elementor-column-gap-default\">\n\t\t\t\t\t<div class=\"elementor-column elementor-col-100 elementor-top-column elementor-element elementor-element-51a35836\" data-id=\"51a35836\" data-element_type=\"column\">\n\t\t\t<div class=\"elementor-widget-wrap elementor-element-populated\">\n\t\t\t\t\t\t<div class=\"elementor-element elementor-element-7e3920f5 elementor-widget elementor-widget-w9\" data-id=\"7e3920f5\" data-element_type=\"widget\" data-widget_type=\"w9.default\">\n\t\t\t\t<div class=\"elementor-widget-container\">\n\t\t\t<section><div class=\"mn-grid\"><ul class=\"mn-grid-12 mn-link-list-type1\"><li>\n                            <a href=\"https:\/\/www.sggw.edu.pl\/wp-content\/uploads\/2020\/11\/2018_-Wytyczne-do-oceny.docx\" >\n                                <span>guidelines and evaluation 2018<\/span>\n                            <\/a>\n                        <\/li><\/ul><\/div><\/section>\t\t<\/div>\n\t\t\t\t<\/div>\n\t\t\t\t<div class=\"elementor-element elementor-element-76737fc elementor-widget elementor-widget-w7\" data-id=\"76737fc\" data-element_type=\"widget\" data-widget_type=\"w7.default\">\n\t\t\t\t<div class=\"elementor-widget-container\">\n\t\t\t<section>\n                <div class=\"mn-grid\">\n                    <div class=\"mn-grid-12 mn-horizontal-separator\"><\/div>\n                <\/div>\n                <\/section>\t\t<\/div>\n\t\t\t\t<\/div>\n\t\t\t\t\t<\/div>\n\t\t<\/div>\n\t\t\t\t\t<\/div>\n\t\t<\/section>\n\t\t\t\t<section class=\"elementor-section elementor-top-section elementor-element elementor-element-f36241f elementor-section-boxed elementor-section-height-default elementor-section-height-default\" data-id=\"f36241f\" data-element_type=\"section\">\n\t\t\t\t\t\t<div class=\"elementor-container elementor-column-gap-default\">\n\t\t\t\t\t<div class=\"elementor-column elementor-col-100 elementor-top-column elementor-element elementor-element-6685df3\" data-id=\"6685df3\" data-element_type=\"column\">\n\t\t\t<div class=\"elementor-widget-wrap elementor-element-populated\">\n\t\t\t\t\t\t<div class=\"elementor-element elementor-element-dd785f9 elementor-widget elementor-widget-w1_2_3\" data-id=\"dd785f9\" data-element_type=\"widget\" data-widget_type=\"w1_2_3.default\">\n\t\t\t\t<div class=\"elementor-widget-container\">\n\t\t\t<section>\n                    <div class=\"mn-grid\">\n                        <h3  class=\"mn-grid-12 mn-section-title2\">\n                            Results\n                        <\/h3>\n                    <\/div>\n                <\/section>\t\t<\/div>\n\t\t\t\t<\/div>\n\t\t\t\t\t<\/div>\n\t\t<\/div>\n\t\t\t\t\t<\/div>\n\t\t<\/section>\n\t\t\t\t<section class=\"elementor-section elementor-top-section elementor-element elementor-element-06957f6 elementor-section-boxed elementor-section-height-default elementor-section-height-default\" data-id=\"06957f6\" data-element_type=\"section\">\n\t\t\t\t\t\t<div class=\"elementor-container elementor-column-gap-default\">\n\t\t\t\t\t<div class=\"elementor-column elementor-col-100 elementor-top-column elementor-element elementor-element-0810b6d\" data-id=\"0810b6d\" data-element_type=\"column\">\n\t\t\t<div class=\"elementor-widget-wrap elementor-element-populated\">\n\t\t\t\t\t\t<div class=\"elementor-element elementor-element-09f1194 elementor-widget elementor-widget-w9\" data-id=\"09f1194\" data-element_type=\"widget\" data-widget_type=\"w9.default\">\n\t\t\t\t<div class=\"elementor-widget-container\">\n\t\t\t<section><div class=\"mn-grid\"><ul class=\"mn-grid-12 mn-link-list-type1\"><li>\n                            <a href=\"https:\/\/www.sggw.edu.pl\/wp-content\/uploads\/2020\/11\/Wyniki-indywidualne-_-XLV-PDKN.pdf\" >\n                                <span>Individual results<\/span>\n                            <\/a>\n                        <\/li><li>\n                            <a href=\"https:\/\/www.sggw.edu.pl\/wp-content\/uploads\/2020\/11\/XLV-PDKN-Ranking-Ko\u0142a-Naukowe.pdf\" >\n                                <span>Ranking of Scientific Circles<\/span>\n                            <\/a>\n                        <\/li><\/ul><\/div><\/section>\t\t<\/div>\n\t\t\t\t<\/div>\n\t\t\t\t\t<\/div>\n\t\t<\/div>\n\t\t\t\t\t<\/div>\n\t\t<\/section>\n\t\t\t\t<\/div>\n\t\t","protected":false},"excerpt":{"rendered":"<p>XLV Review of the achievements of the Scientific Circles of the Warsaw School of Rural Farm in 2018 is organized by the Inter-Departmental Scientific Circle of Responsible Business ENACTUS. We cordially invite all circles to show their scientific and design achievements. We are waiting for your work. Organizational information XLV REVIEW OF THE ACHIEVEMENTS OF [&hellip;]<\/p>\n","protected":false},"author":1,"featured_media":0,"parent":16945,"menu_order":0,"comment_status":"closed","ping_status":"closed","template":"","meta":{"_acf_changed":false,"footnotes":""},"class_list":["post-12918","page","type-page","status-publish","hentry"],"acf":[],"_links":{"self":[{"href":"https:\/\/www.sggw.edu.pl\/en\/wp-json\/wp\/v2\/pages\/12918","targetHints":{"allow":["GET"]}}],"collection":[{"href":"https:\/\/www.sggw.edu.pl\/en\/wp-json\/wp\/v2\/pages"}],"about":[{"href":"https:\/\/www.sggw.edu.pl\/en\/wp-json\/wp\/v2\/types\/page"}],"author":[{"embeddable":true,"href":"https:\/\/www.sggw.edu.pl\/en\/wp-json\/wp\/v2\/users\/1"}],"replies":[{"embeddable":true,"href":"https:\/\/www.sggw.edu.pl\/en\/wp-json\/wp\/v2\/comments?post=12918"}],"version-history":[{"count":1,"href":"https:\/\/www.sggw.edu.pl\/en\/wp-json\/wp\/v2\/pages\/12918\/revisions"}],"predecessor-version":[{"id":12922,"href":"https:\/\/www.sggw.edu.pl\/en\/wp-json\/wp\/v2\/pages\/12918\/revisions\/12922"}],"up":[{"embeddable":true,"href":"https:\/\/www.sggw.edu.pl\/en\/wp-json\/wp\/v2\/pages\/16945"}],"wp:attachment":[{"href":"https:\/\/www.sggw.edu.pl\/en\/wp-json\/wp\/v2\/media?parent=12918"}],"curies":[{"name":"wp","href":"https:\/\/api.w.org\/{rel}","templated":true}]}}