{"id":12919,"date":"2020-12-22T12:56:02","date_gmt":"2020-12-22T11:56:02","guid":{"rendered":"https:\/\/www.sggw.edu.pl\/documents\/"},"modified":"2026-04-16T14:31:03","modified_gmt":"2026-04-16T12:31:03","slug":"documents","status":"publish","type":"page","link":"https:\/\/www.sggw.edu.pl\/en\/recruitment\/bachelors-degree-and-masters-degree-long-cycle\/bachelors-degree-recruitment-rules\/documents\/","title":{"rendered":"Documents"},"content":{"rendered":"\t\t<div data-elementor-type=\"wp-page\" data-elementor-id=\"12919\" class=\"elementor elementor-12919\" data-elementor-post-type=\"page\">\n\t\t\t\t\t\t<section class=\"elementor-section elementor-top-section elementor-element elementor-element-7a4c7d7f elementor-section-boxed elementor-section-height-default elementor-section-height-default\" data-id=\"7a4c7d7f\" data-element_type=\"section\">\n\t\t\t\t\t\t<div class=\"elementor-container elementor-column-gap-default\">\n\t\t\t\t\t<div class=\"elementor-column elementor-col-100 elementor-top-column elementor-element elementor-element-770fe8b9\" data-id=\"770fe8b9\" data-element_type=\"column\">\n\t\t\t<div class=\"elementor-widget-wrap elementor-element-populated\">\n\t\t\t\t\t\t<div class=\"elementor-element elementor-element-78d7d07c elementor-widget elementor-widget-post-title\" data-id=\"78d7d07c\" data-element_type=\"widget\" data-widget_type=\"post-title.default\">\n\t\t\t\t<div class=\"elementor-widget-container\">\n\t\t\t<section>\n                    <div class=\"mn-grid entry-header-inner section-inner medium\">\n                        <h1 class=\"mn-grid-12 entry-title\" style=\"display:none;\">\n                            Documents\n                        <\/h1>\n                    <\/div>\n                <\/section>\t\t<\/div>\n\t\t\t\t<\/div>\n\t\t\t\t\t<\/div>\n\t\t<\/div>\n\t\t\t\t\t<\/div>\n\t\t<\/section>\n\t\t\t\t<section class=\"elementor-section elementor-top-section elementor-element elementor-element-6ed61b3 elementor-section-boxed elementor-section-height-default elementor-section-height-default\" data-id=\"6ed61b3\" data-element_type=\"section\">\n\t\t\t\t\t\t<div class=\"elementor-container elementor-column-gap-default\">\n\t\t\t\t\t<div class=\"elementor-column elementor-col-100 elementor-top-column elementor-element elementor-element-e609302\" data-id=\"e609302\" data-element_type=\"column\">\n\t\t\t<div class=\"elementor-widget-wrap elementor-element-populated\">\n\t\t\t\t\t\t<div class=\"elementor-element elementor-element-20754bd elementor-widget elementor-widget-wp-widget-bcn_widget\" data-id=\"20754bd\" data-element_type=\"widget\" data-widget_type=\"wp-widget-bcn_widget.default\">\n\t\t\t\t<div class=\"elementor-widget-container\">\n\t\t\t<div class=\"mn-grid breadcrumb\">\n                                    <div class=\"breadcrumb-inner mn-grid-12\"><div class=\"breadcrumbs\" vocab=\"https:\/\/schema.org\/\" typeof=\"BreadcrumbList\"><span property=\"itemListElement\" typeof=\"ListItem\"><a property=\"item\" typeof=\"WebPage\" title=\"Go to Szko\u0142a G\u0142\u00f3wna Gospodarstwa Wiejskiego w Warszawie.\" href=\"https:\/\/www.sggw.edu.pl\/en\/\" class=\"home\" aria-current=\"page\"><span property=\"name\">Home<\/span><\/a><meta property=\"position\" content=\"1\"><\/span><\/div>    <\/div>\n                                <\/div>\t\t<\/div>\n\t\t\t\t<\/div>\n\t\t\t\t\t<\/div>\n\t\t<\/div>\n\t\t\t\t\t<\/div>\n\t\t<\/section>\n\t\t\t\t<section class=\"elementor-section elementor-top-section elementor-element elementor-element-6737a57 elementor-section-boxed elementor-section-height-default elementor-section-height-default\" data-id=\"6737a57\" data-element_type=\"section\">\n\t\t\t\t\t\t<div class=\"elementor-container elementor-column-gap-default\">\n\t\t\t\t\t<div class=\"elementor-column elementor-col-100 elementor-top-column elementor-element elementor-element-178edb4\" data-id=\"178edb4\" data-element_type=\"column\">\n\t\t\t<div class=\"elementor-widget-wrap elementor-element-populated\">\n\t\t\t\t\t\t<div class=\"elementor-element elementor-element-657e4f7 elementor-widget elementor-widget-w1_2_3\" data-id=\"657e4f7\" data-element_type=\"widget\" data-widget_type=\"w1_2_3.default\">\n\t\t\t\t<div class=\"elementor-widget-container\">\n\t\t\t<section>\n                <div class=\"mn-grid\">\n                    <h2  class=\"mn-grid-12\">\n                        Required documents Bachelor's degree and Master's degree (long cycle studies)\n                    <\/h2>\n                <\/div>\n            <\/section>\t\t<\/div>\n\t\t\t\t<\/div>\n\t\t\t\t\t<\/div>\n\t\t<\/div>\n\t\t\t\t\t<\/div>\n\t\t<\/section>\n\t\t\t\t<section class=\"elementor-section elementor-top-section elementor-element elementor-element-f0a5dae elementor-section-boxed elementor-section-height-default elementor-section-height-default\" data-id=\"f0a5dae\" data-element_type=\"section\">\n\t\t\t\t\t\t<div class=\"elementor-container elementor-column-gap-default\">\n\t\t\t\t\t<div class=\"elementor-column elementor-col-100 elementor-top-column elementor-element elementor-element-3e80bad\" data-id=\"3e80bad\" data-element_type=\"column\">\n\t\t\t<div class=\"elementor-widget-wrap elementor-element-populated\">\n\t\t\t\t\t\t<div class=\"elementor-element elementor-element-31895ff elementor-widget elementor-widget-w12\" data-id=\"31895ff\" data-element_type=\"widget\" data-widget_type=\"w12.default\">\n\t\t\t\t<div class=\"elementor-widget-container\">\n\t\t\t<section>\n                <div class=\"mn-grid\">\n                    <div class=\"mn-grid-12 mn-mod-text-links\">\n                        <p>Documents are submitted only by candidates qualified for admission. On the date of qualification, these candidates will be given the status of \u201cqualified\u201d, then the candidates qualified for admission to the first cycle studies (Bachelor\u2019s degree) shall provide a complete set of required documents on the date indicated in the recruitment calendar. Please do not send the documents before the announcement of the qualification results.<\/p><p><strong>List of documents required from candidates for first-cycle and long-cycle studies at SGGW (studies in English):<\/strong><\/p><ul><li>A personal questionnaire with a photo printed from the candidate&#8217;s account created in IRK \u2013 the questionnaire is available for download as a PDF file on the candidate&#8217;s account in the &#8220;Enrollment applications&#8221; tab in the &#8220;Documents and further steps&#8221; section (a valid identity document must be presented for verification when submitting \u2013 in the case of foreign candidates, a passport must be presented).<\/li><li>A document entitling the candidate to apply for first-cycle studies and long-cycle Master&#8217;s degree programs:<p><span style=\"text-decoration: underline\"><br \/>Candidates holding a maturity certificate (high school <span class=\"VIiyi\" lang=\"en\"><span class=\"JLqJ4b ChMk0b\" data-language-for-alternatives=\"en\" data-language-to-translate-into=\"pl\" data-phrase-index=\"0\" data-number-of-phrases=\"1\"><span class=\"Q4iAWc\">certificate<\/span><\/span><\/span><\/span>):<\/p><p>&#8211; the original and a photocopy of the maturity certificate (the original certificate must be presented for verification by SGGW to certify the photocopy as a true copy of the original),<br \/>&#8211; the original and a photocopy of the annex to the maturity certificate (the original document must be presented for verification by SGGW to certify the photocopy as a true copy of the original) \u2013 applies to candidates who have improved the result of their high school exam in a given subject\/subjects or have taken the high school exam in additional subjects they had not previously taken; the document should be submitted if it confirms the exam results in subjects considered in the qualification,<br \/>&#8211; the original and a photocopy of the certificate of high school exam results issued by the regional examination commission (the original document must be presented for verification by SGGW to certify the photocopy as a true copy of the original), \u2013 applies to candidates who obtained the maturity certificate as a result of passing the high school exam before 2004 (results on the certificate expressed on a scale of 2-5 or 1-6), who have taken the high school exam in subjects considered in the qualification,<br \/>&#8211; the original and a photocopy of a professional diploma or a diploma confirming professional qualifications in the taught profession at the level of a technician, at level IV of the Polish Qualifications Framework (the original document must be presented for verification by SGGW to certify the photocopy as a true copy of the original) \u2013 applies to candidates whose vocational exam result or qualification exam result in the profession is considered in the qualification process.<\/p><p><span style=\"text-decoration: underline\"><br \/>Candidates who took International Baccalaureate or European Baccalaureate exams:<\/span><\/p><p>&#8211; the original and a photocopy of the IB diploma or EB diploma (the original certificate must be presented for verification by SGGW to certify the photocopy as a true copy of the original),<\/p><p>&#8211; the original certificate of passing the International Baccalaureate exam containing information about the results issued by the school \u2013 applies to candidates who took the International Baccalaureate exam and are awaiting the issuance of the IB diploma,<\/p><p>&#8211; a written commitment to submit the original IB diploma (for making a certified copy by SGGW) or its notarized copy at a later date determined by the University Admissions Committee \u2013 under the penalty of the committee&#8217;s decision to refuse admission if the above commitment is not fulfilled \u2013 applies to candidates who took the International Baccalaureate exam and are awaiting the issuance of the IB diploma.<\/p><p><span style=\"text-decoration: underline\"><br \/>Candidates holding a certificate confirming completion of education in a foreign education system, confirming high school education and entitling them to apply for admission to higher education in the country of issue:<\/span><\/p><p>&#8211; the original and a photocopy of the recognized foreign certificate by law or based on a written information from the NAWA director the education superintendent\u2019s decision or an administrative decision of the education superintendent (the original document must be presented for verification by SGGW to certify the photocopy as a true copy of the original);<\/p><p>&#8211; the original and a photocopy of a written information from the NAWA director or the education superintendent\u2019s decision regarding the recognition of the foreign certificate as a document confirming high school education and entitling to apply for admission to higher education \u2013 applies to candidates holding a foreign certificate that is not recognized by law or based on an international agreement (the original document must be presented for verification by SGGW to certify the photocopy as a true copy of the original),<\/p><p>&#8211; the original and a photocopy of <strong>the legalization or apostille<\/strong> of the foreign certificate \u2013 applies to candidates holding a foreign certificate that is not recognized by law or based on an international agreement (the original document must be presented for verification by SGGW to certify the photocopy as a true copy of the original),<\/p><p>&#8211; the original and a photocopy of the certificate confirming that the foreign high school certificate entitles to apply for admission to higher education in the country in whose education system it was issued \u2013 applies to candidates with a foreign certificate that is not recognized by law or based on an international agreement, unless the candidate has a written information from the NAWA or a decision from the education superintendent regarding its recognition (the original documents must be presented for verification by SGGW to certify the photocopies as true copies of the originals).<br \/>&#8211; The decision of Education Superintendent or written information from the NAWA director on recognition of foreign high school certificate \u2013 not applicable for IB diplomas, EB diplomas, leaving certificates issued in UE, OECD, EFTA and Ukraine, China (certificate Gaozhong Biye Zhengshu). Documents ar required at the stage of applying for studies, the scan should be uploaded to the candidate&#8217;s profile in the IRK system.\u00a0<\/p><\/li><li>Sworn translations into Polish of documents confirming education obtained in a foreign education system \u2013 applies to documents issued in a foreign language other than English.<\/li><\/ul><ul><li>The original and a photocopy of the certificate of being awarded the title of laureate or finalist of central-level Olympiads or winner of a competition \u2013 applies to candidates using privileges resulting from holding the title of laureate or finalist of central-level Olympiads or winner of a competition honored at SGGW in a given academic year (the original document must be presented for verification by SGGW to certify the photocopy as a true copy of the original).<\/li><\/ul><ul><li>The original and a photocopy or notarized copy of the document confirming English language proficiency at the level of at least B2 \u2013 applies to candidates applying for admission to programs conducted in English (the original document must be presented for verification by SGGW to certify the photocopy as a true copy of the original).<\/li><\/ul><ul><li>Certificate from an occupational physician (original) \u2013 applies to candidates qualified for admission to study programs for which such a certificate is required.<p>Referral for a medical examination by an occupational physician is available to candidates qualified for admission. To download a referral, the candidate logs into their IRK account. Access path: My account &gt; Enrollment applications &gt; Documents and further steps. A candidate who does not possess a certificate of no health contraindications to studying in a specific field on the day of document submission will be required to submit the certificate to the dean&#8217;s office of the relevant faculty by the end of the first full week of classes.<\/p><\/li><\/ul><ul><li>Written declaration from both parents or legal guardians consenting to the minor&#8217;s enrollment in studies. If a parent\/legal guardian is not present during document submission, their signature on the declaration must be certified by a notary public or Polish consul \u2013 applies to candidates who have not reached the age of 18 before the start of the semester for which the recruitment is conducted. <a href=\"http:\/\/www.sggw.edu.pl\/wp-content\/uploads\/2024\/07\/Oswiad_rodzicow_2024_25_gotowy_ENG_PL-1.pdf\">STATEMENT OF UNDERAGE CANDIDATE\u2019S PARENTS\/LEGAL GUARDIANS &#8211; template <span class=\"HwtZe\" lang=\"en\"><span class=\"jCAhz ChMk0b\"><span class=\"ryNqvb\">to download<\/span><\/span><\/span><\/a><\/li><\/ul><ul><li>Document confirming a change of first name\/last name (for inspection) \u2013 applies to candidates who have changed their first name and\/or last name after obtaining a document confirming their education or language certificate.<\/li><\/ul><p><span style=\"text-decoration: underline\">Additional documents required from foreign candidates:<\/span><\/p><ul><li>Declaration of meeting the conditions for undertaking studies under specified conditions, the document is available for download as a PDF file on the candidate&#8217;s account in the &#8221; Enrollment applications &#8221; tab in the &#8220;Documents and further steps&#8221; section.<\/li><\/ul><ul><li>Declaration of having health insurance during the period of studies, the document is available for download as a PDF file on the candidate&#8217;s account in the &#8221; Enrollment applications &#8221; tab in the &#8220;Documents and further steps&#8221; section.<\/li><\/ul><ul><li>Original document confirming the assignment of a PESEL number (for inspection) \u2013 applies to foreign candidates who have been assigned a PESEL number by a Polish authority.<\/li><\/ul><ul><li>Original decision on the scholarship by the Director of NAWA \u2013 applies to foreigners who are scholarship holders of the National Agency for Academic Exchange.<\/li><\/ul>\n                    <\/div>\n                <\/div>\n            <\/section>\t\t<\/div>\n\t\t\t\t<\/div>\n\t\t\t\t<div class=\"elementor-element elementor-element-271ec20 elementor-widget elementor-widget-w33\" data-id=\"271ec20\" data-element_type=\"widget\" data-widget_type=\"w33.default\">\n\t\t\t\t<div class=\"elementor-widget-container\">\n\t\t\t<section>\n            <div class=\"mn-grid\">\n                <div class=\"mn-vertical-separator-x2\">\n                    \n                <\/div>\n            <\/section>\t\t<\/div>\n\t\t\t\t<\/div>\n\t\t\t\t\t<\/div>\n\t\t<\/div>\n\t\t\t\t\t<\/div>\n\t\t<\/section>\n\t\t\t\t<section class=\"elementor-section elementor-top-section elementor-element elementor-element-2876798 elementor-section-boxed elementor-section-height-default elementor-section-height-default\" data-id=\"2876798\" data-element_type=\"section\">\n\t\t\t\t\t\t<div class=\"elementor-container elementor-column-gap-default\">\n\t\t\t\t\t<div class=\"elementor-column elementor-col-100 elementor-top-column elementor-element elementor-element-4d625b9\" data-id=\"4d625b9\" data-element_type=\"column\">\n\t\t\t<div class=\"elementor-widget-wrap\">\n\t\t\t\t\t\t\t<\/div>\n\t\t<\/div>\n\t\t\t\t\t<\/div>\n\t\t<\/section>\n\t\t\t\t<section class=\"elementor-section elementor-top-section elementor-element elementor-element-eeef388 elementor-section-boxed elementor-section-height-default elementor-section-height-default\" data-id=\"eeef388\" data-element_type=\"section\">\n\t\t\t\t\t\t<div class=\"elementor-container elementor-column-gap-default\">\n\t\t\t\t\t<div class=\"elementor-column elementor-col-100 elementor-top-column elementor-element elementor-element-c8b1852\" data-id=\"c8b1852\" data-element_type=\"column\">\n\t\t\t<div class=\"elementor-widget-wrap\">\n\t\t\t\t\t\t\t<\/div>\n\t\t<\/div>\n\t\t\t\t\t<\/div>\n\t\t<\/section>\n\t\t\t\t<\/div>\n\t\t","protected":false},"excerpt":{"rendered":"<p>Documents Required documents Bachelor&#8217;s degree and Master&#8217;s degree (long cycle studies) Documents are submitted only by candidates qualified for admission. On the date of qualification, these candidates will be given the status of \u201cqualified\u201d, then the candidates qualified for admission to the first cycle studies (Bachelor\u2019s degree) shall provide a complete set of required documents [&hellip;]<\/p>\n","protected":false},"author":1,"featured_media":0,"parent":141670,"menu_order":0,"comment_status":"closed","ping_status":"closed","template":"","meta":{"_acf_changed":false,"footnotes":""},"class_list":["post-12919","page","type-page","status-publish","hentry"],"acf":[],"_links":{"self":[{"href":"https:\/\/www.sggw.edu.pl\/en\/wp-json\/wp\/v2\/pages\/12919","targetHints":{"allow":["GET"]}}],"collection":[{"href":"https:\/\/www.sggw.edu.pl\/en\/wp-json\/wp\/v2\/pages"}],"about":[{"href":"https:\/\/www.sggw.edu.pl\/en\/wp-json\/wp\/v2\/types\/page"}],"author":[{"embeddable":true,"href":"https:\/\/www.sggw.edu.pl\/en\/wp-json\/wp\/v2\/users\/1"}],"replies":[{"embeddable":true,"href":"https:\/\/www.sggw.edu.pl\/en\/wp-json\/wp\/v2\/comments?post=12919"}],"version-history":[{"count":99,"href":"https:\/\/www.sggw.edu.pl\/en\/wp-json\/wp\/v2\/pages\/12919\/revisions"}],"predecessor-version":[{"id":287748,"href":"https:\/\/www.sggw.edu.pl\/en\/wp-json\/wp\/v2\/pages\/12919\/revisions\/287748"}],"up":[{"embeddable":true,"href":"https:\/\/www.sggw.edu.pl\/en\/wp-json\/wp\/v2\/pages\/141670"}],"wp:attachment":[{"href":"https:\/\/www.sggw.edu.pl\/en\/wp-json\/wp\/v2\/media?parent=12919"}],"curies":[{"name":"wp","href":"https:\/\/api.w.org\/{rel}","templated":true}]}}