{"id":12927,"date":"2020-12-22T12:58:27","date_gmt":"2020-12-22T11:58:27","guid":{"rendered":"https:\/\/www.sggw.edu.pl\/policy-2\/"},"modified":"2021-05-26T15:43:37","modified_gmt":"2021-05-26T13:43:37","slug":"policy-2","status":"publish","type":"page","link":"https:\/\/www.sggw.edu.pl\/en\/1st-and-2nd-cycle-studies-uniform-masters-degree-studies\/studies-in-polish\/policy-2\/","title":{"rendered":"Policy"},"content":{"rendered":"\t\t<div data-elementor-type=\"wp-page\" data-elementor-id=\"12927\" class=\"elementor elementor-12927\" data-elementor-post-type=\"page\">\n\t\t\t\t\t\t<section class=\"elementor-section elementor-top-section elementor-element elementor-element-38b1f1dc elementor-section-boxed elementor-section-height-default elementor-section-height-default\" data-id=\"38b1f1dc\" data-element_type=\"section\">\n\t\t\t\t\t\t<div class=\"elementor-container elementor-column-gap-default\">\n\t\t\t\t\t<div class=\"elementor-column elementor-col-100 elementor-top-column elementor-element elementor-element-6051cd51\" data-id=\"6051cd51\" data-element_type=\"column\">\n\t\t\t<div class=\"elementor-widget-wrap elementor-element-populated\">\n\t\t\t\t\t\t<div class=\"elementor-element elementor-element-426937db elementor-widget elementor-widget-wp-widget-bcn_widget\" data-id=\"426937db\" data-element_type=\"widget\" data-widget_type=\"wp-widget-bcn_widget.default\">\n\t\t\t\t<div class=\"elementor-widget-container\">\n\t\t\t<div class=\"mn-grid breadcrumb\">\n                                    <div class=\"breadcrumb-inner mn-grid-12\"><div class=\"breadcrumbs\" vocab=\"https:\/\/schema.org\/\" typeof=\"BreadcrumbList\"><span property=\"itemListElement\" typeof=\"ListItem\"><a property=\"item\" typeof=\"WebPage\" title=\"Go to Szko\u0142a G\u0142\u00f3wna Gospodarstwa Wiejskiego w Warszawie.\" href=\"https:\/\/www.sggw.edu.pl\/en\/\" class=\"home\" aria-current=\"page\"><span property=\"name\">Home<\/span><\/a><meta property=\"position\" content=\"1\"><\/span><\/div>    <\/div>\n                                <\/div>\t\t<\/div>\n\t\t\t\t<\/div>\n\t\t\t\t<div class=\"elementor-element elementor-element-5bd8d337 elementor-widget elementor-widget-post-title\" data-id=\"5bd8d337\" data-element_type=\"widget\" data-widget_type=\"post-title.default\">\n\t\t\t\t<div class=\"elementor-widget-container\">\n\t\t\t<section>\n                    <div class=\"mn-grid entry-header-inner section-inner medium\">\n                        <h1 class=\"mn-grid-12 entry-title\" style=\"\">\n                            Policy\n                        <\/h1>\n                    <\/div>\n                <\/section>\t\t<\/div>\n\t\t\t\t<\/div>\n\t\t\t\t\t<\/div>\n\t\t<\/div>\n\t\t\t\t\t<\/div>\n\t\t<\/section>\n\t\t\t\t<section class=\"elementor-section elementor-top-section elementor-element elementor-element-b39bdbc elementor-section-boxed elementor-section-height-default elementor-section-height-default\" data-id=\"b39bdbc\" data-element_type=\"section\">\n\t\t\t\t\t\t<div class=\"elementor-container elementor-column-gap-default\">\n\t\t\t\t\t<div class=\"elementor-column elementor-col-100 elementor-top-column elementor-element elementor-element-8ad249d\" data-id=\"8ad249d\" data-element_type=\"column\">\n\t\t\t<div class=\"elementor-widget-wrap elementor-element-populated\">\n\t\t\t\t\t\t<div class=\"elementor-element elementor-element-b5a6447 elementor-widget elementor-widget-w33\" data-id=\"b5a6447\" data-element_type=\"widget\" data-widget_type=\"w33.default\">\n\t\t\t\t<div class=\"elementor-widget-container\">\n\t\t\t<section>\n            <div class=\"mn-grid\">\n                <div class=\"mn-vertical-separator-x2\">\n                    \n                <\/div>\n            <\/section>\t\t<\/div>\n\t\t\t\t<\/div>\n\t\t\t\t<div class=\"elementor-element elementor-element-cadb3fb elementor-widget elementor-widget-w1_2_3\" data-id=\"cadb3fb\" data-element_type=\"widget\" data-widget_type=\"w1_2_3.default\">\n\t\t\t\t<div class=\"elementor-widget-container\">\n\t\t\t<section>\n                    <div class=\"mn-grid\">\n                        <h3  class=\"mn-grid-12 mn-section-title2\">\n                            Part-time first degree and single master's degree \u2013 academic year 2020\/2021\n                        <\/h3>\n                    <\/div>\n                <\/section>\t\t<\/div>\n\t\t\t\t<\/div>\n\t\t\t\t\t<\/div>\n\t\t<\/div>\n\t\t\t\t\t<\/div>\n\t\t<\/section>\n\t\t\t\t<section class=\"elementor-section elementor-top-section elementor-element elementor-element-1b719c0 elementor-section-boxed elementor-section-height-default elementor-section-height-default\" data-id=\"1b719c0\" data-element_type=\"section\">\n\t\t\t\t\t\t<div class=\"elementor-container elementor-column-gap-default\">\n\t\t\t\t\t<div class=\"elementor-column elementor-col-100 elementor-top-column elementor-element elementor-element-09c1794\" data-id=\"09c1794\" data-element_type=\"column\">\n\t\t\t<div class=\"elementor-widget-wrap elementor-element-populated\">\n\t\t\t\t\t\t<div class=\"elementor-element elementor-element-c3c9880 elementor-widget elementor-widget-w12\" data-id=\"c3c9880\" data-element_type=\"widget\" data-widget_type=\"w12.default\">\n\t\t\t\t<div class=\"elementor-widget-container\">\n\t\t\t<section>\n                <div class=\"mn-grid\">\n                    <div class=\"mn-grid-12 mn-mod-text-links\">\n                        <p>Candidates will be eligible on the basis of the results obtained from the baccalaureate examination or the maturity test in the subjects required for each field of study.  <\/p>\n<p>First-level studies and uniform master&#8217;s courses \u2013 part-time \u2013 subjects required for qualifications for individual fields of study (including uniform master&#8217;s courses in veterinary medicine) are given in Annex <a href=\"https:\/\/www.sggw.edu.pl\/wp-content\/uploads\/2020\/11\/US-116-2018-2019-zasady-rekrutacji-2020-2021-zal2-nstac-Ist.pdf\">2<\/a> to Resolution No 116 &#8211; 2018\/2019 of the SGGW Senate in Warsaw of 24 June 2019. on the rules for recruitment for first-level studies, uniform master&#8217;s courses and second-level studies at the SGGW in the academic year 2020\/2021.<\/p>\n<p>The method of awarding and calculating SGGW points is identical to that described <a href=\"https:\/\/www.sggw.edu.pl\/strona-glowna\/studia\/rekrutacja\/studia-i-ii-stopnia-jednolite-magisterskie\/studia-w-jezyku-polskim\/studia-i-stopnia\/stacjonarne\/zasady\/\"><strong>for full-time studies.<\/strong><\/p>\n<p><\/a><\/p>\n<p>In veterinary <strong>medicine ,<\/strong> recruitment for part-time studies takes place on the dates and on the terms laid down for full-time studies; (please read the<a href=\"https:\/\/www.sggw.edu.pl\/strona-glowna\/studia\/rekrutacja\/studia-i-ii-stopnia-jednolite-magisterskie\/studia-w-jezyku-polskim\/studia-i-stopnia\/stacjonarne\/kalendarz\/\">&#8220;recruitment calendar&#8221;<\/a>tab for <strong>full-time studies).<\/strong> The qualification shall be carried out from a common ranking list for full-time studies and shall apply to candidates who, during registration, make a declaration of qualification for part-time studies in this field.<\/p>\n<p>If fewer candidates are enrolled in part-time studies than the planned admission limit in a given field, the selection board may decide to qualify candidates who have fulfilled all registration requirements. This does not apply to veterinary medicine.<\/p>\n<p>Candidates who do not have grades in the subjects required for a given field of study in the maturity examination may take the baccalaureate examination and receive a certificate of the results of the baccalaureate examination of the subject or subjects to which they have taken the regional examination board (OKE). The results of the certificate issued by OKE are converted into SGGW points as well as the results of the baccalaureate exam.<\/p>\n<p>If you apply for more than the planned admission limit for a given field of part-time studies, candidates who do not have the results of maturity\/baccalaureate exams will not be able to take part in the recruitment for this field of study.<\/p>\n<p>The results of the qualification procedure will be given in the Candidate Service System, the required minimum score is published <a title=\"Progi przyj\u0119\u0107, wolne miejsca\" href=\"http:\/\/sok.sggw.pl\/progi.php\" target=\"_blank\" rel=\"noopener\">on the website Admission thresholds, vacancies.<\/a> The documents are submitted only by candidates qualified for admission to college.<\/p>\n\n                    <\/div>\n                <\/div>\n            <\/section>\t\t<\/div>\n\t\t\t\t<\/div>\n\t\t\t\t\t<\/div>\n\t\t<\/div>\n\t\t\t\t\t<\/div>\n\t\t<\/section>\n\t\t\t\t<\/div>\n\t\t","protected":false},"excerpt":{"rendered":"<p>Part-time first degree and single master&#8217;s degree \u2013 academic year 2020\/2021 Candidates will be eligible on the basis of the results obtained from the baccalaureate examination or the maturity test in the subjects required for each field of study. First-level studies and uniform master&#8217;s courses \u2013 part-time \u2013 subjects required for qualifications for individual fields [&hellip;]<\/p>\n","protected":false},"author":1,"featured_media":0,"parent":16756,"menu_order":0,"comment_status":"closed","ping_status":"closed","template":"","meta":{"_acf_changed":false,"footnotes":""},"class_list":["post-12927","page","type-page","status-publish","hentry"],"acf":[],"_links":{"self":[{"href":"https:\/\/www.sggw.edu.pl\/en\/wp-json\/wp\/v2\/pages\/12927","targetHints":{"allow":["GET"]}}],"collection":[{"href":"https:\/\/www.sggw.edu.pl\/en\/wp-json\/wp\/v2\/pages"}],"about":[{"href":"https:\/\/www.sggw.edu.pl\/en\/wp-json\/wp\/v2\/types\/page"}],"author":[{"embeddable":true,"href":"https:\/\/www.sggw.edu.pl\/en\/wp-json\/wp\/v2\/users\/1"}],"replies":[{"embeddable":true,"href":"https:\/\/www.sggw.edu.pl\/en\/wp-json\/wp\/v2\/comments?post=12927"}],"version-history":[{"count":1,"href":"https:\/\/www.sggw.edu.pl\/en\/wp-json\/wp\/v2\/pages\/12927\/revisions"}],"predecessor-version":[{"id":12928,"href":"https:\/\/www.sggw.edu.pl\/en\/wp-json\/wp\/v2\/pages\/12927\/revisions\/12928"}],"up":[{"embeddable":true,"href":"https:\/\/www.sggw.edu.pl\/en\/wp-json\/wp\/v2\/pages\/16756"}],"wp:attachment":[{"href":"https:\/\/www.sggw.edu.pl\/en\/wp-json\/wp\/v2\/media?parent=12927"}],"curies":[{"name":"wp","href":"https:\/\/api.w.org\/{rel}","templated":true}]}}