{"id":12974,"date":"2020-12-22T13:03:28","date_gmt":"2020-12-22T12:03:28","guid":{"rendered":"https:\/\/www.sggw.edu.pl\/news-2\/"},"modified":"2021-07-10T14:56:21","modified_gmt":"2021-07-10T12:56:21","slug":"news-2-2-2","status":"publish","type":"page","link":"https:\/\/www.sggw.edu.pl\/en\/science\/national-projects\/programs\/news-2-2-2\/","title":{"rendered":"News"},"content":{"rendered":"\t\t<div data-elementor-type=\"wp-page\" data-elementor-id=\"12974\" class=\"elementor elementor-12974\" data-elementor-post-type=\"page\">\n\t\t\t\t\t\t<section class=\"elementor-section elementor-top-section elementor-element elementor-element-1afc529b elementor-section-boxed elementor-section-height-default elementor-section-height-default\" data-id=\"1afc529b\" data-element_type=\"section\">\n\t\t\t\t\t\t<div class=\"elementor-container elementor-column-gap-default\">\n\t\t\t\t\t<div class=\"elementor-column elementor-col-100 elementor-top-column elementor-element elementor-element-68ba9181\" data-id=\"68ba9181\" data-element_type=\"column\">\n\t\t\t<div class=\"elementor-widget-wrap elementor-element-populated\">\n\t\t\t\t\t\t<div class=\"elementor-element elementor-element-13657f95 elementor-widget elementor-widget-wp-widget-bcn_widget\" data-id=\"13657f95\" data-element_type=\"widget\" data-widget_type=\"wp-widget-bcn_widget.default\">\n\t\t\t\t<div class=\"elementor-widget-container\">\n\t\t\t<div class=\"mn-grid breadcrumb\">\n                                    <div class=\"breadcrumb-inner mn-grid-12\"><div class=\"breadcrumbs\" vocab=\"https:\/\/schema.org\/\" typeof=\"BreadcrumbList\"><span property=\"itemListElement\" typeof=\"ListItem\"><a property=\"item\" typeof=\"WebPage\" title=\"Go to Szko\u0142a G\u0142\u00f3wna Gospodarstwa Wiejskiego w Warszawie.\" href=\"https:\/\/www.sggw.edu.pl\/en\/\" class=\"home\" aria-current=\"page\"><span property=\"name\">Home<\/span><\/a><meta property=\"position\" content=\"1\"><\/span><\/div>    <\/div>\n                                <\/div>\t\t<\/div>\n\t\t\t\t<\/div>\n\t\t\t\t<div class=\"elementor-element elementor-element-8da1990 elementor-widget elementor-widget-post-title\" data-id=\"8da1990\" data-element_type=\"widget\" data-widget_type=\"post-title.default\">\n\t\t\t\t<div class=\"elementor-widget-container\">\n\t\t\t<section>\n                    <div class=\"mn-grid entry-header-inner section-inner medium\">\n                        <h1 class=\"mn-grid-12 entry-title\" style=\"\">\n                            News\n                        <\/h1>\n                    <\/div>\n                <\/section>\t\t<\/div>\n\t\t\t\t<\/div>\n\t\t\t\t\t<\/div>\n\t\t<\/div>\n\t\t\t\t\t<\/div>\n\t\t<\/section>\n\t\t\t\t<section class=\"elementor-section elementor-top-section elementor-element elementor-element-3182f8e elementor-section-boxed elementor-section-height-default elementor-section-height-default\" data-id=\"3182f8e\" data-element_type=\"section\">\n\t\t\t\t\t\t<div class=\"elementor-container elementor-column-gap-default\">\n\t\t\t\t\t<div class=\"elementor-column elementor-col-100 elementor-top-column elementor-element elementor-element-98fa4f2\" data-id=\"98fa4f2\" data-element_type=\"column\">\n\t\t\t<div class=\"elementor-widget-wrap elementor-element-populated\">\n\t\t\t\t\t\t<div class=\"elementor-element elementor-element-72056db elementor-widget elementor-widget-w9\" data-id=\"72056db\" data-element_type=\"widget\" data-widget_type=\"w9.default\">\n\t\t\t\t<div class=\"elementor-widget-container\">\n\t\t\t<section><div class=\"mn-grid\"><ul class=\"mn-grid-12 mn-link-list-type1\"><li>\n                            <a href=\"https:\/\/www.ncbr.gov.pl\/index.php?id=19673&amp;L=732\" >\n                                <span>News OPERATIONAL PROGRAM SMART DEVELOPMENT  <\/span>\n                            <\/a>\n                        <\/li><li>\n                            <a href=\"https:\/\/www.ncbr.gov.pl\/programy\/fundusze-europejskie\/power\/aktualnosci\/\" >\n                                <span>News OPERATIONAL PROGRAM KNOWLEDGE EDUCATION DEVELOPMENT  <\/span>\n                            <\/a>\n                        <\/li><li>\n                            <a href=\"https:\/\/www.pois.gov.pl\/strony\/wiadomosci\/#\/domyslne=1\" >\n                                <span>News INFRASTRUCTURE AND ENVIRONMENT OPERATIONAL PROGRAMME  <\/span>\n                            <\/a>\n                        <\/li><li>\n                            <a href=\"https:\/\/mgm.gov.pl\/pl\/rybolowstwo\/aktualnosci-rybolowstwo\/\" >\n                                <span>News OPERATIONAL PROGRAMME FISHERIES AND SEA 2014 \u2013 2020  <\/span>\n                            <\/a>\n                        <\/li><li>\n                            <a href=\"https:\/\/www.polskacyfrowa.gov.pl\/strony\/wiadomosci\/#\/domyslne=1\" >\n                                <span>News OPERATIONAL PROGRAMME DIGITAL POLAND <\/span>\n                            <\/a>\n                        <\/li><li>\n                            <a href=\"https:\/\/www.ncbr.gov.pl\/index.php?id=19653&amp;L=562\" >\n                                <span>News OPERATIONAL PROGRAMME DIGITAL POLAND NCBR  <\/span>\n                            <\/a>\n                        <\/li><li>\n                            <a href=\"https:\/\/www.funduszedlamazowsza.eu\/wiadomosci\/\" >\n                                <span>Regional News REGIONAL OPERATIONAL PROGRAMME OF THE PROVINCE  <\/span>\n                            <\/a>\n                        <\/li><\/ul><\/div><\/section>\t\t<\/div>\n\t\t\t\t<\/div>\n\t\t\t\t\t<\/div>\n\t\t<\/div>\n\t\t\t\t\t<\/div>\n\t\t<\/section>\n\t\t\t\t<\/div>\n\t\t","protected":false},"excerpt":{"rendered":"<p>News News OPERATIONAL PROGRAM SMART DEVELOPMENT News OPERATIONAL PROGRAM KNOWLEDGE EDUCATION DEVELOPMENT News INFRASTRUCTURE AND ENVIRONMENT OPERATIONAL PROGRAMME News OPERATIONAL PROGRAMME FISHERIES AND SEA 2014 \u2013 2020 News OPERATIONAL PROGRAMME DIGITAL POLAND News OPERATIONAL PROGRAMME DIGITAL POLAND NCBR Regional News REGIONAL OPERATIONAL PROGRAMME OF THE PROVINCE<\/p>\n","protected":false},"author":1,"featured_media":0,"parent":15157,"menu_order":0,"comment_status":"closed","ping_status":"closed","template":"","meta":{"_acf_changed":false,"footnotes":""},"class_list":["post-12974","page","type-page","status-publish","hentry"],"acf":[],"_links":{"self":[{"href":"https:\/\/www.sggw.edu.pl\/en\/wp-json\/wp\/v2\/pages\/12974","targetHints":{"allow":["GET"]}}],"collection":[{"href":"https:\/\/www.sggw.edu.pl\/en\/wp-json\/wp\/v2\/pages"}],"about":[{"href":"https:\/\/www.sggw.edu.pl\/en\/wp-json\/wp\/v2\/types\/page"}],"author":[{"embeddable":true,"href":"https:\/\/www.sggw.edu.pl\/en\/wp-json\/wp\/v2\/users\/1"}],"replies":[{"embeddable":true,"href":"https:\/\/www.sggw.edu.pl\/en\/wp-json\/wp\/v2\/comments?post=12974"}],"version-history":[{"count":16,"href":"https:\/\/www.sggw.edu.pl\/en\/wp-json\/wp\/v2\/pages\/12974\/revisions"}],"predecessor-version":[{"id":87915,"href":"https:\/\/www.sggw.edu.pl\/en\/wp-json\/wp\/v2\/pages\/12974\/revisions\/87915"}],"up":[{"embeddable":true,"href":"https:\/\/www.sggw.edu.pl\/en\/wp-json\/wp\/v2\/pages\/15157"}],"wp:attachment":[{"href":"https:\/\/www.sggw.edu.pl\/en\/wp-json\/wp\/v2\/media?parent=12974"}],"curies":[{"name":"wp","href":"https:\/\/api.w.org\/{rel}","templated":true}]}}