{"id":12975,"date":"2020-12-22T13:03:28","date_gmt":"2020-12-22T12:03:28","guid":{"rendered":"https:\/\/www.sggw.edu.pl\/recruitment-schedules-2\/"},"modified":"2021-07-02T06:12:43","modified_gmt":"2021-07-02T04:12:43","slug":"recruitment-schedules-2","status":"publish","type":"page","link":"https:\/\/www.sggw.edu.pl\/en\/science\/national-projects\/programs\/recruitment-schedules-2\/","title":{"rendered":"Application schedules"},"content":{"rendered":"\t\t<div data-elementor-type=\"wp-page\" data-elementor-id=\"12975\" class=\"elementor elementor-12975\" data-elementor-post-type=\"page\">\n\t\t\t\t\t\t<section class=\"elementor-section elementor-top-section elementor-element elementor-element-32a24957 elementor-section-boxed elementor-section-height-default elementor-section-height-default\" data-id=\"32a24957\" data-element_type=\"section\">\n\t\t\t\t\t\t<div class=\"elementor-container elementor-column-gap-default\">\n\t\t\t\t\t<div class=\"elementor-column elementor-col-100 elementor-top-column elementor-element elementor-element-4f017e86\" data-id=\"4f017e86\" data-element_type=\"column\">\n\t\t\t<div class=\"elementor-widget-wrap elementor-element-populated\">\n\t\t\t\t\t\t<div class=\"elementor-element elementor-element-16e2fe53 elementor-widget elementor-widget-wp-widget-bcn_widget\" data-id=\"16e2fe53\" data-element_type=\"widget\" data-widget_type=\"wp-widget-bcn_widget.default\">\n\t\t\t\t<div class=\"elementor-widget-container\">\n\t\t\t<div class=\"mn-grid breadcrumb\">\n                                    <div class=\"breadcrumb-inner mn-grid-12\"><div class=\"breadcrumbs\" vocab=\"https:\/\/schema.org\/\" typeof=\"BreadcrumbList\"><span property=\"itemListElement\" typeof=\"ListItem\"><a property=\"item\" typeof=\"WebPage\" title=\"Go to Szko\u0142a G\u0142\u00f3wna Gospodarstwa Wiejskiego w Warszawie.\" href=\"https:\/\/www.sggw.edu.pl\/en\/\" class=\"home\" aria-current=\"page\"><span property=\"name\">Home<\/span><\/a><meta property=\"position\" content=\"1\"><\/span><\/div>    <\/div>\n                                <\/div>\t\t<\/div>\n\t\t\t\t<\/div>\n\t\t\t\t<div class=\"elementor-element elementor-element-32cb6da8 elementor-widget elementor-widget-post-title\" data-id=\"32cb6da8\" data-element_type=\"widget\" data-widget_type=\"post-title.default\">\n\t\t\t\t<div class=\"elementor-widget-container\">\n\t\t\t<section>\n                    <div class=\"mn-grid entry-header-inner section-inner medium\">\n                        <h1 class=\"mn-grid-12 entry-title\" style=\"\">\n                            Application schedules\n                        <\/h1>\n                    <\/div>\n                <\/section>\t\t<\/div>\n\t\t\t\t<\/div>\n\t\t\t\t<div class=\"elementor-element elementor-element-c443afe elementor-widget elementor-widget-w1_2_3\" data-id=\"c443afe\" data-element_type=\"widget\" data-widget_type=\"w1_2_3.default\">\n\t\t\t\t<div class=\"elementor-widget-container\">\n\t\t\t<section>\n                    <div class=\"mn-grid\">\n                        <h3  class=\"mn-grid-12 mn-section-title2\">\n                            Current competitions:\n                        <\/h3>\n                    <\/div>\n                <\/section>\t\t<\/div>\n\t\t\t\t<\/div>\n\t\t\t\t\t<\/div>\n\t\t<\/div>\n\t\t\t\t\t<\/div>\n\t\t<\/section>\n\t\t\t\t<section class=\"elementor-section elementor-top-section elementor-element elementor-element-0123fa9 elementor-section-boxed elementor-section-height-default elementor-section-height-default\" data-id=\"0123fa9\" data-element_type=\"section\">\n\t\t\t\t\t\t<div class=\"elementor-container elementor-column-gap-default\">\n\t\t\t\t\t<div class=\"elementor-column elementor-col-100 elementor-top-column elementor-element elementor-element-bde2357\" data-id=\"bde2357\" data-element_type=\"column\">\n\t\t\t<div class=\"elementor-widget-wrap elementor-element-populated\">\n\t\t\t\t\t\t<div class=\"elementor-element elementor-element-cc8d9ae elementor-widget elementor-widget-w9\" data-id=\"cc8d9ae\" data-element_type=\"widget\" data-widget_type=\"w9.default\">\n\t\t\t\t<div class=\"elementor-widget-container\">\n\t\t\t<section><div class=\"mn-grid\"><ul class=\"mn-grid-12 mn-link-list-type1\"><li>\n                            <a href=\"https:\/\/www.ncbr.gov.pl\/aktualne-konkursy\/\" >\n                                <span>Current NCBR competitions<\/span>\n                            <\/a>\n                        <\/li><li>\n                            <a href=\"https:\/\/www.ncbr.gov.pl\/index.php?id=19687&amp;L=732\" >\n                                <span>Current NCBR POIR competitions  <\/span>\n                            <\/a>\n                        <\/li><li>\n                            <a href=\"https:\/\/www.poir.gov.pl\/strony\/wiadomosci\/#\/domyslne=1\/3734=3031\" >\n                                <span>Current POIR competitions  <\/span>\n                            <\/a>\n                        <\/li><li>\n                            <a href=\"https:\/\/www.ncbr.gov.pl\/index.php?id=34977&amp;L=116\" >\n                                <span>Current NCBR POWER competitions  <\/span>\n                            <\/a>\n                        <\/li><li>\n                            <a href=\"https:\/\/www.arimr.gov.pl\/pomoc-unijna\/po-rybactwo-i-morze-2014-2020\/ogloszenia-o-naborach.html\" >\n                                <span>Current COMPETITIONS PO RYBY 2014 \u2013 2020  <\/span>\n                            <\/a>\n                        <\/li><li>\n                            <a href=\"https:\/\/www.funduszedlamazowsza.eu\/wiadomosci\/?filter%5Bpost_type%5D=ic-recruitment&amp;filter%5Bmeta%5D%5Bdate_from%5D=&amp;filter%5Bmeta%5D%5Bdate_to%5D=\" >\n                                <span>Current MJWPU competitions  <\/span>\n                            <\/a>\n                        <\/li><\/ul><\/div><\/section>\t\t<\/div>\n\t\t\t\t<\/div>\n\t\t\t\t<div class=\"elementor-element elementor-element-0a6d5d1 elementor-widget elementor-widget-w7\" data-id=\"0a6d5d1\" data-element_type=\"widget\" data-widget_type=\"w7.default\">\n\t\t\t\t<div class=\"elementor-widget-container\">\n\t\t\t<section>\n                <div class=\"mn-grid\">\n                    <div class=\"mn-grid-12 mn-horizontal-separator\"><\/div>\n                <\/div>\n                <\/section>\t\t<\/div>\n\t\t\t\t<\/div>\n\t\t\t\t\t<\/div>\n\t\t<\/div>\n\t\t\t\t\t<\/div>\n\t\t<\/section>\n\t\t\t\t<section class=\"elementor-section elementor-top-section elementor-element elementor-element-e2b5eab elementor-section-boxed elementor-section-height-default elementor-section-height-default\" data-id=\"e2b5eab\" data-element_type=\"section\">\n\t\t\t\t\t\t<div class=\"elementor-container elementor-column-gap-default\">\n\t\t\t\t\t<div class=\"elementor-column elementor-col-100 elementor-top-column elementor-element elementor-element-4a44e8d\" data-id=\"4a44e8d\" data-element_type=\"column\">\n\t\t\t<div class=\"elementor-widget-wrap elementor-element-populated\">\n\t\t\t\t\t\t<div class=\"elementor-element elementor-element-ca32c2c elementor-widget elementor-widget-w1_2_3\" data-id=\"ca32c2c\" data-element_type=\"widget\" data-widget_type=\"w1_2_3.default\">\n\t\t\t\t<div class=\"elementor-widget-container\">\n\t\t\t<section>\n                    <div class=\"mn-grid\">\n                        <h3  class=\"mn-grid-12 mn-section-title2\">\n                            Competition schedules:\n                        <\/h3>\n                    <\/div>\n                <\/section>\t\t<\/div>\n\t\t\t\t<\/div>\n\t\t\t\t\t<\/div>\n\t\t<\/div>\n\t\t\t\t\t<\/div>\n\t\t<\/section>\n\t\t\t\t<section class=\"elementor-section elementor-top-section elementor-element elementor-element-93de48a elementor-section-boxed elementor-section-height-default elementor-section-height-default\" data-id=\"93de48a\" data-element_type=\"section\">\n\t\t\t\t\t\t<div class=\"elementor-container elementor-column-gap-default\">\n\t\t\t\t\t<div class=\"elementor-column elementor-col-100 elementor-top-column elementor-element elementor-element-546f439\" data-id=\"546f439\" data-element_type=\"column\">\n\t\t\t<div class=\"elementor-widget-wrap elementor-element-populated\">\n\t\t\t\t\t\t<div class=\"elementor-element elementor-element-631e914 elementor-widget elementor-widget-w9\" data-id=\"631e914\" data-element_type=\"widget\" data-widget_type=\"w9.default\">\n\t\t\t\t<div class=\"elementor-widget-container\">\n\t\t\t<section><div class=\"mn-grid\"><ul class=\"mn-grid-12 mn-link-list-type1\"><li>\n                            <a href=\"https:\/\/www.sggw.edu.pl\/wp-content\/uploads\/2020\/10\/HARMONOGRAM-KONKURS\u00d3W-2020-R-1.pdf\" >\n                                <span>COMPETITION SCHEDULE 2020  <\/span>\n                            <\/a>\n                        <\/li><li>\n                            <a href=\"https:\/\/www.sggw.edu.pl\/wp-content\/uploads\/2020\/10\/HARMONOGRAM_2019.xls\" >\n                                <span>  COMPETITION SCHEDULE 2019  <\/span>\n                            <\/a>\n                        <\/li><li>\n                            <a href=\"https:\/\/www.sggw.edu.pl\/wp-content\/uploads\/2020\/10\/HARMONOGRAM_2018-1.xlsx\" >\n                                <span>COMPETITION SCHEDULE 2018  <\/span>\n                            <\/a>\n                        <\/li><li>\n                            <a href=\"https:\/\/www.sggw.edu.pl\/wp-content\/uploads\/2020\/10\/HARMONOGRAM_2017-1.xls\" >\n                                <span>COMPETITION SCHEDULE 2017<\/span>\n                            <\/a>\n                        <\/li><\/ul><\/div><\/section>\t\t<\/div>\n\t\t\t\t<\/div>\n\t\t\t\t\t<\/div>\n\t\t<\/div>\n\t\t\t\t\t<\/div>\n\t\t<\/section>\n\t\t\t\t<\/div>\n\t\t","protected":false},"excerpt":{"rendered":"<p>Application schedules Current competitions: Current NCBR competitions Current NCBR POIR competitions Current POIR competitions Current NCBR POWER competitions Current COMPETITIONS PO RYBY 2014 \u2013 2020 Current MJWPU competitions Competition schedules: COMPETITION SCHEDULE 2020 COMPETITION SCHEDULE 2019 COMPETITION SCHEDULE 2018 COMPETITION SCHEDULE 2017<\/p>\n","protected":false},"author":1,"featured_media":0,"parent":15157,"menu_order":0,"comment_status":"closed","ping_status":"closed","template":"","meta":{"_acf_changed":false,"footnotes":""},"class_list":["post-12975","page","type-page","status-publish","hentry"],"acf":[],"_links":{"self":[{"href":"https:\/\/www.sggw.edu.pl\/en\/wp-json\/wp\/v2\/pages\/12975","targetHints":{"allow":["GET"]}}],"collection":[{"href":"https:\/\/www.sggw.edu.pl\/en\/wp-json\/wp\/v2\/pages"}],"about":[{"href":"https:\/\/www.sggw.edu.pl\/en\/wp-json\/wp\/v2\/types\/page"}],"author":[{"embeddable":true,"href":"https:\/\/www.sggw.edu.pl\/en\/wp-json\/wp\/v2\/users\/1"}],"replies":[{"embeddable":true,"href":"https:\/\/www.sggw.edu.pl\/en\/wp-json\/wp\/v2\/comments?post=12975"}],"version-history":[{"count":8,"href":"https:\/\/www.sggw.edu.pl\/en\/wp-json\/wp\/v2\/pages\/12975\/revisions"}],"predecessor-version":[{"id":87203,"href":"https:\/\/www.sggw.edu.pl\/en\/wp-json\/wp\/v2\/pages\/12975\/revisions\/87203"}],"up":[{"embeddable":true,"href":"https:\/\/www.sggw.edu.pl\/en\/wp-json\/wp\/v2\/pages\/15157"}],"wp:attachment":[{"href":"https:\/\/www.sggw.edu.pl\/en\/wp-json\/wp\/v2\/media?parent=12975"}],"curies":[{"name":"wp","href":"https:\/\/api.w.org\/{rel}","templated":true}]}}