{"id":12977,"date":"2020-12-22T13:03:33","date_gmt":"2020-12-22T12:03:33","guid":{"rendered":"https:\/\/www.sggw.edu.pl\/operational-program-knowledge-education-development\/"},"modified":"2021-07-13T01:16:51","modified_gmt":"2021-07-12T23:16:51","slug":"operational-program-knowledge-education-development","status":"publish","type":"page","link":"https:\/\/www.sggw.edu.pl\/en\/science\/national-projects\/programs\/operational-program-knowledge-education-development\/","title":{"rendered":"Operational Program Knowledge Education Development"},"content":{"rendered":"\t\t<div data-elementor-type=\"wp-page\" data-elementor-id=\"12977\" class=\"elementor elementor-12977\" data-elementor-post-type=\"page\">\n\t\t\t\t\t\t<section class=\"elementor-section elementor-top-section elementor-element elementor-element-1fa69b3c elementor-section-boxed elementor-section-height-default elementor-section-height-default\" data-id=\"1fa69b3c\" data-element_type=\"section\">\n\t\t\t\t\t\t<div class=\"elementor-container elementor-column-gap-default\">\n\t\t\t\t\t<div class=\"elementor-column elementor-col-100 elementor-top-column elementor-element elementor-element-38432504\" data-id=\"38432504\" data-element_type=\"column\">\n\t\t\t<div class=\"elementor-widget-wrap elementor-element-populated\">\n\t\t\t\t\t\t<div class=\"elementor-element elementor-element-2e7e6382 elementor-widget elementor-widget-wp-widget-bcn_widget\" data-id=\"2e7e6382\" data-element_type=\"widget\" data-widget_type=\"wp-widget-bcn_widget.default\">\n\t\t\t\t<div class=\"elementor-widget-container\">\n\t\t\t<div class=\"mn-grid breadcrumb\">\n                                    <div class=\"breadcrumb-inner mn-grid-12\"><div class=\"breadcrumbs\" vocab=\"https:\/\/schema.org\/\" typeof=\"BreadcrumbList\"><span property=\"itemListElement\" typeof=\"ListItem\"><a property=\"item\" typeof=\"WebPage\" title=\"Go to Szko\u0142a G\u0142\u00f3wna Gospodarstwa Wiejskiego w Warszawie.\" href=\"https:\/\/www.sggw.edu.pl\/en\/\" class=\"home\" aria-current=\"page\"><span property=\"name\">Home<\/span><\/a><meta property=\"position\" content=\"1\"><\/span><\/div>    <\/div>\n                                <\/div>\t\t<\/div>\n\t\t\t\t<\/div>\n\t\t\t\t<div class=\"elementor-element elementor-element-525fdfbf elementor-widget elementor-widget-post-title\" data-id=\"525fdfbf\" data-element_type=\"widget\" data-widget_type=\"post-title.default\">\n\t\t\t\t<div class=\"elementor-widget-container\">\n\t\t\t<section>\n                    <div class=\"mn-grid entry-header-inner section-inner medium\">\n                        <h1 class=\"mn-grid-12 entry-title\" style=\"\">\n                            Operational Program Knowledge Education Development\n                        <\/h1>\n                    <\/div>\n                <\/section>\t\t<\/div>\n\t\t\t\t<\/div>\n\t\t\t\t\t<\/div>\n\t\t<\/div>\n\t\t\t\t\t<\/div>\n\t\t<\/section>\n\t\t\t\t<section class=\"elementor-section elementor-top-section elementor-element elementor-element-4c8cf05 elementor-section-boxed elementor-section-height-default elementor-section-height-default\" data-id=\"4c8cf05\" data-element_type=\"section\">\n\t\t\t\t\t\t<div class=\"elementor-container elementor-column-gap-default\">\n\t\t\t\t\t<div class=\"elementor-column elementor-col-100 elementor-top-column elementor-element elementor-element-e381b11\" data-id=\"e381b11\" data-element_type=\"column\">\n\t\t\t<div class=\"elementor-widget-wrap elementor-element-populated\">\n\t\t\t\t\t\t<div class=\"elementor-element elementor-element-2f46790 elementor-widget elementor-widget-w12\" data-id=\"2f46790\" data-element_type=\"widget\" data-widget_type=\"w12.default\">\n\t\t\t\t<div class=\"elementor-widget-container\">\n\t\t\t<section>\n                <div class=\"mn-grid\">\n                    <div class=\"mn-grid-12 mn-mod-text-links\">\n                        <p>The <strong>objective of the Operational Programme Knowledge Education Development<\/strong> is to improve public policies and activities for the labour market, education and the economy as a whole. EU grants strengthen development-oriented higher education, promote social innovation and transnational cooperation.<\/p><p><a href=\"https:\/\/www.power.gov.pl\/strony\/o-programie\/zasady\/co-mozna-zrealizowac\/\">Detailed information available on the Program&#8217;s website.<\/a><\/p><p><a href=\"https:\/\/www.power.gov.pl\/strony\/skorzystaj\/nabory\/#\/domyslne=1\">Current recruitments.<\/a><\/p><p style=\"text-align: center\"><strong>Managing Authority of the Knowledge Education Development Programme<\/strong><\/p><ol><li style=\"text-align: center\">Ministry of Funds and Regional Policy<\/li><li style=\"text-align: center\">Department of the European Social Fund<\/li><\/ol><ol><li style=\"text-align: center\">Common 2\/4<\/li><li style=\"text-align: center\">00-926 Warsaw, Poland<\/li><\/ol><p>Only <strong>public finance entities <\/strong>may act as an Intermediary Institution. The scope of its duties is determined by a contract or agreement. These may include, for example, tasks related to the management and implementation of the specific part of the programme in which the institution specialises, e.g. education, support for the unemployed, and the fight against social exclusion.<\/p><table width=\"631\"><tbody><tr><td width=\"151\"><p><strong>Priority Axis<\/strong><\/p><\/td><td width=\"480\"><p><strong> Intermediate Body<\/strong><\/p><\/td><\/tr><tr><td rowspan=\"17\" width=\"151\"><p>AXIS I YOUNG PEOPLE IN THE LABOUR MARKET<\/p><\/td><td width=\"480\"><p>Ministry of Family, Labour and Social Policy<\/p><p>Ul. Novgorod 1\/3\/5,<\/p><p>00\u2010513 Warsaw, Poland<\/p><\/td><\/tr><tr><td width=\"480\"><p>Lower Silesian Regional Labour Office<\/p><p>Ul. National Army 54,<\/p><p>50-541 Wroclaw, Poland<\/p><\/td><\/tr><tr><td width=\"480\"><p>Regional Labour Office in Toru\u0144<\/p><p>Ul. Chelminska Road 30\/32,<\/p><p>87-100 Torun<\/p><\/td><\/tr><tr><td width=\"480\"><p>Regional Labour Office in Lublin<\/p><p>Ul. Civic 4,<\/p><p>20-092 Lublin, Poland<\/p><\/td><\/tr><tr><td width=\"480\"><p>Provincial Labour Office in Zielona G\u00f3ra<\/p><p>Ul. Islander 15,<\/p><p>65-036 Green Mountain<\/p><\/td><\/tr><tr><td width=\"480\"><p>Regional Labour Office in \u0141\u00f3d\u017a<\/p><p>Ul. W\u00f3lcza\u0144ska 49,<\/p><p>90 \u2013 608 Boat<\/p><p><a href=\"http:\/\/wuplodz.praca.gov.pl\/web\/po-wer\/\">www.power.wup.lodz.pl<\/a><\/p><\/td><\/tr><tr><td width=\"480\"><p>Regional Labour Office in Cracow<\/p><p>Pl. On Ponds 1,<\/p><p>30-107 Krakow, Poland<\/p><\/td><\/tr><tr><td width=\"480\"><p>Regional Labour Office in Warsaw<\/p><p>Ul. Miller&#8217;s 16,<\/p><p>01-205 Warsaw, Poland<\/p><\/td><\/tr><tr><td width=\"480\"><p>Regional Labour Office in Opole<\/p><p>Ul. G\u0142ogowska 25,<\/p><p>45-315 Opole<\/p><\/td><\/tr><tr><td width=\"480\"><p>Regional Labour Office in Rzesz\u00f3w<\/p><p>Ul. Lisa Kuli 20<\/p><p>35-025 Rzesz\u00f3w<\/p><\/td><\/tr><tr><td width=\"480\"><p>Provincial Labour Office in Bialystok<\/p><p>Ul. Serene 22,<\/p><p>15-354 Bialystok<\/p><\/td><\/tr><tr><td width=\"480\"><p>Office of Labour in Gdansk<\/p><p>Ul. Pre-City Subdival 30,<\/p><p>80-824 Gdansk, Poland<\/p><\/td><\/tr><tr><td width=\"480\"><p>Regional Labour Office in Katowice<\/p><p>Ul. Kosciuszki 30,<\/p><p>40-048 Katowice, Poland<\/p><\/td><\/tr><tr><td width=\"480\"><p>Regional Labour Office in Kielce<\/p><p>Ul. Witosa 86,<\/p><p>25-561 Kielce, Poland<\/p><\/td><\/tr><tr><td width=\"480\"><p>Provincial Labour Office in Olsztyn<\/p><p>Ul. G\u0142owacki 28,<\/p><p>10-448 Olsztyn, Olsztyn<\/p><p><a href=\"http:\/\/power.wupolsztyn.praca.gov.pl\/\">power.wupolsztyn.praca.gov.pl<\/a><\/p><\/td><\/tr><tr><td width=\"480\"><p>Regional Labour Office in Poznan<\/p><p>Ul. Ecclesiastical 37,<\/p><p>60-537 Poznan, Poland<\/p><\/td><\/tr><tr><td width=\"480\"><p>Regional Labour Office in Szczecin<\/p><p>Ul. Mickiewicz 41,<\/p><p>70-383 Szczecin, Poland<\/p><\/td><\/tr><tr><td rowspan=\"6\" width=\"151\"><p>AXIS II EFFECTIVE PUBLIC POLICIES FOR THE LABOUR MARKET, THE ECONOMY AND EDUCATION<\/p><\/td><td width=\"480\"><p>Ministry of Family, Labour and Social Policy<\/p><p>Ul. Novgorod 1\/3\/5,<\/p><p>00\u2010513 Warsaw, Poland<\/p><\/td><\/tr><tr><td width=\"480\"><p>Ministry of Interior and Administration<\/p><p>Ul. Stefan Batory 5,<\/p><p>00-060 Warsaw, Poland<\/p><\/td><\/tr><tr><td width=\"480\"><p>Chancellery of the Prime Minister<\/p><p>Al. Ujazdowskie 1\/3,<\/p><p>02-591 Warsaw, Poland<\/p><\/td><\/tr><tr><td width=\"480\"><p>Ministry of Justice<\/p><p>Al. Ujazdowskie 11,<\/p><p>00-950 Warsaw, Poland<\/p><\/td><\/tr><tr><td width=\"480\"><p>Ministry of National Education<\/p><p>Al. John Christian Szuch 25,<\/p><p>00-918 Warsaw, Poland<\/p><\/td><\/tr><tr><td width=\"480\"><p>Polish Agency for Enterprise Development<\/p><p>Ul. Your 81\/83,<\/p><p>00-834 Warsaw, Poland<\/p><\/td><\/tr><tr><td width=\"151\"><p>AXIS III HIGHER EDUCATION FOR THE ECONOMY AND DEVELOPMENT<\/p><\/td><td width=\"480\"><p>National Centre for Research and Development<\/p><p>Ul. Novgorod 47a,<\/p><p>00-999 Warsaw, Poland<\/p><\/td><\/tr><tr><td width=\"151\"><p>AXIS IV SOCIAL INNOVATION AND TRANSNATIONAL COOPERATION<\/p><\/td><td width=\"480\"><p>Centre for European Projects<\/p><p>Ul. Domaniewska 39A,<\/p><p>02-672 Warsaw, Poland<\/p><\/td><\/tr><tr><td width=\"151\"><p>AXIS V SUPPORT FOR THE HEALTH AREA<\/p><\/td><td width=\"480\"><p>Ministry of Health<\/p><p>Ul. Honeymoon 15,<\/p><p>00-952 Warsaw, Poland<\/p><\/td><\/tr><\/tbody><\/table>\n                    <\/div>\n                <\/div>\n            <\/section>\t\t<\/div>\n\t\t\t\t<\/div>\n\t\t\t\t\t<\/div>\n\t\t<\/div>\n\t\t\t\t\t<\/div>\n\t\t<\/section>\n\t\t\t\t<\/div>\n\t\t","protected":false},"excerpt":{"rendered":"<p>Operational Program Knowledge Education Development The objective of the Operational Programme Knowledge Education Development is to improve public policies and activities for the labour market, education and the economy as a whole. EU grants strengthen development-oriented higher education, promote social innovation and transnational cooperation. Detailed information available on the Program&#8217;s website. Current recruitments. Managing Authority [&hellip;]<\/p>\n","protected":false},"author":1,"featured_media":0,"parent":15157,"menu_order":0,"comment_status":"closed","ping_status":"closed","template":"","meta":{"_acf_changed":false,"footnotes":""},"class_list":["post-12977","page","type-page","status-publish","hentry"],"acf":[],"_links":{"self":[{"href":"https:\/\/www.sggw.edu.pl\/en\/wp-json\/wp\/v2\/pages\/12977","targetHints":{"allow":["GET"]}}],"collection":[{"href":"https:\/\/www.sggw.edu.pl\/en\/wp-json\/wp\/v2\/pages"}],"about":[{"href":"https:\/\/www.sggw.edu.pl\/en\/wp-json\/wp\/v2\/types\/page"}],"author":[{"embeddable":true,"href":"https:\/\/www.sggw.edu.pl\/en\/wp-json\/wp\/v2\/users\/1"}],"replies":[{"embeddable":true,"href":"https:\/\/www.sggw.edu.pl\/en\/wp-json\/wp\/v2\/comments?post=12977"}],"version-history":[{"count":7,"href":"https:\/\/www.sggw.edu.pl\/en\/wp-json\/wp\/v2\/pages\/12977\/revisions"}],"predecessor-version":[{"id":88176,"href":"https:\/\/www.sggw.edu.pl\/en\/wp-json\/wp\/v2\/pages\/12977\/revisions\/88176"}],"up":[{"embeddable":true,"href":"https:\/\/www.sggw.edu.pl\/en\/wp-json\/wp\/v2\/pages\/15157"}],"wp:attachment":[{"href":"https:\/\/www.sggw.edu.pl\/en\/wp-json\/wp\/v2\/media?parent=12977"}],"curies":[{"name":"wp","href":"https:\/\/api.w.org\/{rel}","templated":true}]}}