{"id":12978,"date":"2020-12-22T13:03:34","date_gmt":"2020-12-22T12:03:34","guid":{"rendered":"https:\/\/www.sggw.edu.pl\/smart-development-operational-program\/"},"modified":"2021-07-26T13:03:29","modified_gmt":"2021-07-26T11:03:29","slug":"smart-growth-operational-program","status":"publish","type":"page","link":"https:\/\/www.sggw.edu.pl\/en\/science\/national-projects\/programs\/smart-growth-operational-program\/","title":{"rendered":"Smart Growth Operational Program"},"content":{"rendered":"\t\t<div data-elementor-type=\"wp-page\" data-elementor-id=\"12978\" class=\"elementor elementor-12978\" data-elementor-post-type=\"page\">\n\t\t\t\t\t\t<section class=\"elementor-section elementor-top-section elementor-element elementor-element-23f7f026 elementor-section-boxed elementor-section-height-default elementor-section-height-default\" data-id=\"23f7f026\" data-element_type=\"section\">\n\t\t\t\t\t\t<div class=\"elementor-container elementor-column-gap-default\">\n\t\t\t\t\t<div class=\"elementor-column elementor-col-100 elementor-top-column elementor-element elementor-element-651ecd9f\" data-id=\"651ecd9f\" data-element_type=\"column\">\n\t\t\t<div class=\"elementor-widget-wrap elementor-element-populated\">\n\t\t\t\t\t\t<div class=\"elementor-element elementor-element-66dc12a7 elementor-widget elementor-widget-wp-widget-bcn_widget\" data-id=\"66dc12a7\" data-element_type=\"widget\" data-widget_type=\"wp-widget-bcn_widget.default\">\n\t\t\t\t<div class=\"elementor-widget-container\">\n\t\t\t<div class=\"mn-grid breadcrumb\">\n                                    <div class=\"breadcrumb-inner mn-grid-12\"><div class=\"breadcrumbs\" vocab=\"https:\/\/schema.org\/\" typeof=\"BreadcrumbList\"><span property=\"itemListElement\" typeof=\"ListItem\"><a property=\"item\" typeof=\"WebPage\" title=\"Go to Szko\u0142a G\u0142\u00f3wna Gospodarstwa Wiejskiego w Warszawie.\" href=\"https:\/\/www.sggw.edu.pl\/en\/\" class=\"home\" aria-current=\"page\"><span property=\"name\">Home<\/span><\/a><meta property=\"position\" content=\"1\"><\/span><\/div>    <\/div>\n                                <\/div>\t\t<\/div>\n\t\t\t\t<\/div>\n\t\t\t\t<div class=\"elementor-element elementor-element-2fb09084 elementor-widget elementor-widget-post-title\" data-id=\"2fb09084\" data-element_type=\"widget\" data-widget_type=\"post-title.default\">\n\t\t\t\t<div class=\"elementor-widget-container\">\n\t\t\t<section>\n                    <div class=\"mn-grid entry-header-inner section-inner medium\">\n                        <h1 class=\"mn-grid-12 entry-title\" style=\"\">\n                            Smart Growth Operational Program\n                        <\/h1>\n                    <\/div>\n                <\/section>\t\t<\/div>\n\t\t\t\t<\/div>\n\t\t\t\t\t<\/div>\n\t\t<\/div>\n\t\t\t\t\t<\/div>\n\t\t<\/section>\n\t\t\t\t<section class=\"elementor-section elementor-top-section elementor-element elementor-element-4338d0e elementor-section-boxed elementor-section-height-default elementor-section-height-default\" data-id=\"4338d0e\" data-element_type=\"section\">\n\t\t\t\t\t\t<div class=\"elementor-container elementor-column-gap-default\">\n\t\t\t\t\t<div class=\"elementor-column elementor-col-100 elementor-top-column elementor-element elementor-element-366773e\" data-id=\"366773e\" data-element_type=\"column\">\n\t\t\t<div class=\"elementor-widget-wrap elementor-element-populated\">\n\t\t\t\t\t\t<div class=\"elementor-element elementor-element-fbf5971 elementor-widget elementor-widget-w12\" data-id=\"fbf5971\" data-element_type=\"widget\" data-widget_type=\"w12.default\">\n\t\t\t\t<div class=\"elementor-widget-container\">\n\t\t\t<section>\n                <div class=\"mn-grid\">\n                    <div class=\"mn-grid-12 mn-mod-text-links\">\n                        <p><strong>The Smart Growth Operational Programme <\/strong> is the largest programme in the European Union for research and development grants and innovation funding. Thanks to it, funding for joint research and development projects is available for scientists and entrepreneurs, where the results are then used in practical applications for the economy. &#8220;From an idea to industry&#8221;\u00a0 is the main premise of the programme. It means supporting innovation, from the development of innovative products, services, or technologies, through the preparation of prototypes\/pilot lines, to their commercialization.<\/p><p>Increasing scientific and research potential<\/p><p><strong>Research and development<\/strong><\/p><p>Support includes research and development projects carried out by scientific and scientific-industrial consortia (always led by an academic institution). By involving companies in projects, support will be provided for the commercialization of research results. Support shall be directed to projects carried out as part of the smart specialization process at the national or regional level.<\/p><p><strong>Development of modern research infrastructures in the science sector<\/strong><\/p><p>Support is directed to selected projects of large strategic R&amp;D infrastructure, of a national and international nature, located on the Polish Road Map of Research Infrastructure. The aim of the projects is also to create effective access to this infrastructure for businesses and other stakeholders.<\/p><p><strong>Supporting international research agendas<\/strong><\/p><p>The support includes International Research Agendas created in Poland in cooperation with renowned scientific centers from other countries. The aim of the International Research Agendas is to carry out high-quality research and development, conducted by teams of outstanding international and Polish scientists. Support should contribute to the creation of specialized, world-leading scientific units in Poland, applying best global practices in the field of:<\/p>\n                    <\/div>\n                <\/div>\n            <\/section>\t\t<\/div>\n\t\t\t\t<\/div>\n\t\t\t\t\t<\/div>\n\t\t<\/div>\n\t\t\t\t\t<\/div>\n\t\t<\/section>\n\t\t\t\t<section class=\"elementor-section elementor-top-section elementor-element elementor-element-192549a elementor-section-boxed elementor-section-height-default elementor-section-height-default\" data-id=\"192549a\" data-element_type=\"section\">\n\t\t\t\t\t\t<div class=\"elementor-container elementor-column-gap-default\">\n\t\t\t\t\t<div class=\"elementor-column elementor-col-100 elementor-top-column elementor-element elementor-element-5af2357\" data-id=\"5af2357\" data-element_type=\"column\">\n\t\t\t<div class=\"elementor-widget-wrap elementor-element-populated\">\n\t\t\t\t\t\t<div class=\"elementor-element elementor-element-d56664f elementor-widget elementor-widget-w33\" data-id=\"d56664f\" data-element_type=\"widget\" data-widget_type=\"w33.default\">\n\t\t\t\t<div class=\"elementor-widget-container\">\n\t\t\t<section>\n            <div class=\"mn-grid\">\n                <div class=\"mn-vertical-separator\">\n                    \n                <\/div>\n            <\/section>\t\t<\/div>\n\t\t\t\t<\/div>\n\t\t\t\t<div class=\"elementor-element elementor-element-83a2838 elementor-widget elementor-widget-w10\" data-id=\"83a2838\" data-element_type=\"widget\" data-widget_type=\"w10.default\">\n\t\t\t\t<div class=\"elementor-widget-container\">\n\t\t\t<section><div class=\"mn-grid\"><ul class=\"mn-link-list-type2 mn-grid-12\"><li>\n                            <a href=\"\" class=\"mn-pointer-event-off\">\n                                <span>identifying research programmes and topics,<\/span>\n                            <\/a>\n                        <\/li><li>\n                            <a href=\"\" class=\"mn-pointer-event-off\">\n                                <span>personnel policy and R&amp;D management,<\/span>\n                            <\/a>\n                        <\/li><li>\n                            <a href=\"\" class=\"mn-pointer-event-off\">\n                                <span>commercialization of R&amp;D results.<\/span>\n                            <\/a>\n                        <\/li><\/ul><\/div><\/section>\t\t<\/div>\n\t\t\t\t<\/div>\n\t\t\t\t\t<\/div>\n\t\t<\/div>\n\t\t\t\t\t<\/div>\n\t\t<\/section>\n\t\t\t\t<section class=\"elementor-section elementor-top-section elementor-element elementor-element-a6717c9 elementor-section-boxed elementor-section-height-default elementor-section-height-default\" data-id=\"a6717c9\" data-element_type=\"section\">\n\t\t\t\t\t\t<div class=\"elementor-container elementor-column-gap-default\">\n\t\t\t\t\t<div class=\"elementor-column elementor-col-100 elementor-top-column elementor-element elementor-element-4721e46\" data-id=\"4721e46\" data-element_type=\"column\">\n\t\t\t<div class=\"elementor-widget-wrap elementor-element-populated\">\n\t\t\t\t\t\t<div class=\"elementor-element elementor-element-aee0ec9 elementor-widget elementor-widget-w12\" data-id=\"aee0ec9\" data-element_type=\"widget\" data-widget_type=\"w12.default\">\n\t\t\t\t<div class=\"elementor-widget-container\">\n\t\t\t<section>\n                <div class=\"mn-grid\">\n                    <div class=\"mn-grid-12 mn-mod-text-links\">\n                        <p><strong>Increasing the human resources capacity of the R&amp;D sector<\/strong><\/p>\n\n                    <\/div>\n                <\/div>\n            <\/section>\t\t<\/div>\n\t\t\t\t<\/div>\n\t\t\t\t\t<\/div>\n\t\t<\/div>\n\t\t\t\t\t<\/div>\n\t\t<\/section>\n\t\t\t\t<section class=\"elementor-section elementor-top-section elementor-element elementor-element-00132fd elementor-section-boxed elementor-section-height-default elementor-section-height-default\" data-id=\"00132fd\" data-element_type=\"section\">\n\t\t\t\t\t\t<div class=\"elementor-container elementor-column-gap-default\">\n\t\t\t\t\t<div class=\"elementor-column elementor-col-100 elementor-top-column elementor-element elementor-element-77806bb\" data-id=\"77806bb\" data-element_type=\"column\">\n\t\t\t<div class=\"elementor-widget-wrap elementor-element-populated\">\n\t\t\t\t\t\t<div class=\"elementor-element elementor-element-818133e elementor-widget elementor-widget-w10\" data-id=\"818133e\" data-element_type=\"widget\" data-widget_type=\"w10.default\">\n\t\t\t\t<div class=\"elementor-widget-container\">\n\t\t\t<section><div class=\"mn-grid\"><ul class=\"mn-link-list-type2 mn-grid-12\"><li>\n                            <a href=\"\" class=\"mn-pointer-event-off\">\n                                <span>R&amp;D development in team projects led by eminent scholars from all over the world in scientific units or enterprises working in the most innovative areas, with the participation of a foreign partner;<\/span>\n                            <\/a>\n                        <\/li><li>\n                            <a href=\"\" class=\"mn-pointer-event-off\">\n                                <span>implementation of research projects in scientific units or enterprises in Poland, with particular regard to the return to the country of outstanding scientists of Polish origin or persons having a break from research work;<\/span>\n                            <\/a>\n                        <\/li><li>\n                            <a href=\"\" class=\"mn-pointer-event-off\">\n                                <span>the development of R&amp;D personnel under the guidance of a researcher with outstanding experience in cooperation with the economy in team projects, involving students, doctoral candidates and young doctors, conducted in the field of technology development or the provision of research services to enterprises;<\/span>\n                            <\/a>\n                        <\/li><li>\n                            <a href=\"\" class=\"mn-pointer-event-off\">\n                                <span>development of skills in the management of research, cooperation with enterprises or on the latest scientific developments and commercialisation of the results of R&amp;D work (within the framework of the aforementioned instruments and new instruments enhancing the competences of research staff and the degree of commercialisation of research and development results);  <\/span>\n                            <\/a>\n                        <\/li><li>\n                            <a href=\"\" class=\"mn-pointer-event-off\">\n                                <span>conducting research projects by doctoral candidates (studying m.in. in the framework of international doctoral studies) or researchers undertaking trainees and research projects carried out under programmes for the financing of the first research teams by early-stage researchers;<\/span>\n                            <\/a>\n                        <\/li><li>\n                            <a href=\"\" class=\"mn-pointer-event-off\">\n                                <span>improving the skills of company staff by supporting their research projects and their traineeships in scientific units (related to research projects, including those commissioned by companies).<\/span>\n                            <\/a>\n                        <\/li><\/ul><\/div><\/section>\t\t<\/div>\n\t\t\t\t<\/div>\n\t\t\t\t<div class=\"elementor-element elementor-element-0869dac elementor-widget elementor-widget-w12\" data-id=\"0869dac\" data-element_type=\"widget\" data-widget_type=\"w12.default\">\n\t\t\t\t<div class=\"elementor-widget-container\">\n\t\t\t<section>\n                <div class=\"mn-grid\">\n                    <div class=\"mn-grid-12 mn-mod-text-links\">\n                        <p><a href=\"https:\/\/www.poir.gov.pl\/strony\/o-programie\/zasady\/co-mozna-zrealizowac\/\">Detailed information available on the site.<\/a><\/p>\n<p><a href=\"https:\/\/www.poir.gov.pl\/strony\/wiadomosci\/#\/domyslne=1\/3734=3031\">Information about recruitments.<\/a> <\/p>\n\n                    <\/div>\n                <\/div>\n            <\/section>\t\t<\/div>\n\t\t\t\t<\/div>\n\t\t\t\t\t<\/div>\n\t\t<\/div>\n\t\t\t\t\t<\/div>\n\t\t<\/section>\n\t\t\t\t<section class=\"elementor-section elementor-top-section elementor-element elementor-element-fe97af6 elementor-section-boxed elementor-section-height-default elementor-section-height-default\" data-id=\"fe97af6\" data-element_type=\"section\">\n\t\t\t\t\t\t<div class=\"elementor-container elementor-column-gap-default\">\n\t\t\t\t\t<div class=\"elementor-column elementor-col-100 elementor-top-column elementor-element elementor-element-8b234b6\" data-id=\"8b234b6\" data-element_type=\"column\">\n\t\t\t<div class=\"elementor-widget-wrap elementor-element-populated\">\n\t\t\t\t\t\t<div class=\"elementor-element elementor-element-4c088ca elementor-widget elementor-widget-w7\" data-id=\"4c088ca\" data-element_type=\"widget\" data-widget_type=\"w7.default\">\n\t\t\t\t<div class=\"elementor-widget-container\">\n\t\t\t<section>\n                <div class=\"mn-grid\">\n                    <div class=\"mn-grid-12 mn-horizontal-separator-grey\"><\/div>\n                <\/div>\n                <\/section>\t\t<\/div>\n\t\t\t\t<\/div>\n\t\t\t\t<div class=\"elementor-element elementor-element-00adc8e elementor-widget elementor-widget-w12\" data-id=\"00adc8e\" data-element_type=\"widget\" data-widget_type=\"w12.default\">\n\t\t\t\t<div class=\"elementor-widget-container\">\n\t\t\t<section>\n                <div class=\"mn-grid\">\n                    <div class=\"mn-grid-12 mn-mod-text-links\">\n                        <h3 style=\"text-align: left\"><strong>Managing Authority of the Intelligent Development Programme<\/strong><\/h3>\n<p style=\"text-align: center\"><strong>Ministry of Investment and Development  <\/strong><\/p>\n<ol>\n<li style=\"text-align: center\">Ministry of Funds and Regional Policy<\/li>\n<li style=\"text-align: center\">Common 2\/4<\/li>\n<li style=\"text-align: center\">00-926 Warsaw, Poland<\/li>\n<\/ol>\n<p style=\"text-align: center\">Department of Innovation and Development Support Programmes (DIR)<\/p>\n<ol>\n<li style=\"text-align: center\">Tel. 22 273 81 01, fax 22 273 89 21<\/li>\n<li style=\"text-align: center\">e-mail: <a href=\"mailto:sekretariatDIR@miir.gov.pl\" target=\"_blank\" rel=\"noopener\">sekretariatDIR@miir.gov.pl<\/a>, <a style=\"text-align: center\" href=\"mailto:poir@mr.gov.pl\">poir@mr.gov.pl<\/a><\/li>\n<\/ol>\n\n                    <\/div>\n                <\/div>\n            <\/section>\t\t<\/div>\n\t\t\t\t<\/div>\n\t\t\t\t<div class=\"elementor-element elementor-element-bbe3e28 elementor-widget elementor-widget-w33\" data-id=\"bbe3e28\" data-element_type=\"widget\" data-widget_type=\"w33.default\">\n\t\t\t\t<div class=\"elementor-widget-container\">\n\t\t\t<section>\n            <div class=\"mn-grid\">\n                <div class=\"mn-vertical-separator\">\n                    \n                <\/div>\n            <\/section>\t\t<\/div>\n\t\t\t\t<\/div>\n\t\t\t\t\t<\/div>\n\t\t<\/div>\n\t\t\t\t\t<\/div>\n\t\t<\/section>\n\t\t\t\t<section class=\"elementor-section elementor-top-section elementor-element elementor-element-1429c89 elementor-section-boxed elementor-section-height-default elementor-section-height-default\" data-id=\"1429c89\" data-element_type=\"section\">\n\t\t\t\t\t\t<div class=\"elementor-container elementor-column-gap-default\">\n\t\t\t\t\t<div class=\"elementor-column elementor-col-100 elementor-top-column elementor-element elementor-element-5a496a0\" data-id=\"5a496a0\" data-element_type=\"column\">\n\t\t\t<div class=\"elementor-widget-wrap elementor-element-populated\">\n\t\t\t\t\t\t<div class=\"elementor-element elementor-element-6c85f5c elementor-widget elementor-widget-w7\" data-id=\"6c85f5c\" data-element_type=\"widget\" data-widget_type=\"w7.default\">\n\t\t\t\t<div class=\"elementor-widget-container\">\n\t\t\t<section>\n                <div class=\"mn-grid\">\n                    <div class=\"mn-grid-12 mn-horizontal-separator-grey\"><\/div>\n                <\/div>\n                <\/section>\t\t<\/div>\n\t\t\t\t<\/div>\n\t\t\t\t<div class=\"elementor-element elementor-element-08b4f48 elementor-widget elementor-widget-w12\" data-id=\"08b4f48\" data-element_type=\"widget\" data-widget_type=\"w12.default\">\n\t\t\t\t<div class=\"elementor-widget-container\">\n\t\t\t<section>\n                <div class=\"mn-grid\">\n                    <div class=\"mn-grid-12 mn-mod-text-links\">\n                        <h3><strong>Intermediaries<\/strong><\/h3>\n<p>The Managing Authority of the programme may delegate the performance of part of its tasks to the Intermediate Bodies. By appointing them, it transfers some of the tasks and is responsible for their implementation, but remains responsible for the whole programme.<\/p>\n<p>In the case of an IR, the following shall act as an Intermediary Institution:  <strong>National Centre for Research and Development<\/strong> (for axes 1 and 4),  <strong>Polish Agency for Enterprise Development<\/strong> (for sub-2.3.1, 2.3.2, 2.3.3, 2.3.3, 3.2.1 and 3.3.3 AFTER IR) and  <strong>Bank of the National<\/strong> Farm (for sub-action 3.2.2 AFTER IR).<\/p>\n<p style=\"text-align: center\"><strong>National Centre for Research and Development<\/strong><\/p>\n<ol style=\"text-align: center\">\n<li>Novgorod 47a,<\/li>\n<li>00-695 Warsaw,<\/li>\n<li>Phone: +48 22 39 07<\/li>\n<li>401 Fax: +48 22 20 13 408<\/li>\n<\/ol>\n<p style=\"text-align: center\"><strong>Polish Agency for Enterprise Development<\/strong><\/p>\n<ol style=\"text-align: center\">\n<li>Your 81\/83,<\/li>\n<li>00-834 Warsaw, Poland<\/li>\n<\/ol>\n<p style=\"text-align: center\"><strong>Bank of the National Farm<\/strong><\/p>\n<ol>\n<li style=\"text-align: center\">Al. Jerusalem 7,<\/li>\n<li style=\"text-align: center\">  00-955 Warsaw, Poland<\/li>\n<\/ol>\n\n                    <\/div>\n                <\/div>\n            <\/section>\t\t<\/div>\n\t\t\t\t<\/div>\n\t\t\t\t<div class=\"elementor-element elementor-element-26fd857 elementor-widget elementor-widget-w33\" data-id=\"26fd857\" data-element_type=\"widget\" data-widget_type=\"w33.default\">\n\t\t\t\t<div class=\"elementor-widget-container\">\n\t\t\t<section>\n            <div class=\"mn-grid\">\n                <div class=\"mn-vertical-separator\">\n                    \n                <\/div>\n            <\/section>\t\t<\/div>\n\t\t\t\t<\/div>\n\t\t\t\t\t<\/div>\n\t\t<\/div>\n\t\t\t\t\t<\/div>\n\t\t<\/section>\n\t\t\t\t<section class=\"elementor-section elementor-top-section elementor-element elementor-element-9eb4fe9 elementor-section-boxed elementor-section-height-default elementor-section-height-default\" data-id=\"9eb4fe9\" data-element_type=\"section\">\n\t\t\t\t\t\t<div class=\"elementor-container elementor-column-gap-default\">\n\t\t\t\t\t<div class=\"elementor-column elementor-col-100 elementor-top-column elementor-element elementor-element-001cb88\" data-id=\"001cb88\" data-element_type=\"column\">\n\t\t\t<div class=\"elementor-widget-wrap elementor-element-populated\">\n\t\t\t\t\t\t<div class=\"elementor-element elementor-element-b0ddfbd elementor-widget elementor-widget-w7\" data-id=\"b0ddfbd\" data-element_type=\"widget\" data-widget_type=\"w7.default\">\n\t\t\t\t<div class=\"elementor-widget-container\">\n\t\t\t<section>\n                <div class=\"mn-grid\">\n                    <div class=\"mn-grid-12 mn-horizontal-separator-grey\"><\/div>\n                <\/div>\n                <\/section>\t\t<\/div>\n\t\t\t\t<\/div>\n\t\t\t\t<div class=\"elementor-element elementor-element-b3e3c82 elementor-widget elementor-widget-w12\" data-id=\"b3e3c82\" data-element_type=\"widget\" data-widget_type=\"w12.default\">\n\t\t\t\t<div class=\"elementor-widget-container\">\n\t\t\t<section>\n                <div class=\"mn-grid\">\n                    <div class=\"mn-grid-12 mn-mod-text-links\">\n                        <h3><strong>Implementing Institutions<\/strong><\/h3><p>The Intermediary Institution may or may not be involved in the direct handling of the granting of support, contact with its beneficiaries or control of the implementation of projects. These functions can be passed on to the Implementing Institution. For example, entrepreneurship or regional development agencies can act as implementing institutions.<\/p><p>In the case of the PO IR<strong>, the Implementating Institution<\/strong> <strong>is the Information Processing Centre and the Foundation for Polish Science <\/strong>(Action 4.4).<\/p>\n                    <\/div>\n                <\/div>\n            <\/section>\t\t<\/div>\n\t\t\t\t<\/div>\n\t\t\t\t\t<\/div>\n\t\t<\/div>\n\t\t\t\t\t<\/div>\n\t\t<\/section>\n\t\t\t\t<\/div>\n\t\t","protected":false},"excerpt":{"rendered":"<p>Smart Growth Operational Program The Smart Growth Operational Programme is the largest programme in the European Union for research and development grants and innovation funding. Thanks to it, funding for joint research and development projects is available for scientists and entrepreneurs, where the results are then used in practical applications for the economy. &#8220;From an [&hellip;]<\/p>\n","protected":false},"author":1,"featured_media":0,"parent":15157,"menu_order":0,"comment_status":"closed","ping_status":"closed","template":"","meta":{"_acf_changed":false,"footnotes":""},"class_list":["post-12978","page","type-page","status-publish","hentry"],"acf":[],"_links":{"self":[{"href":"https:\/\/www.sggw.edu.pl\/en\/wp-json\/wp\/v2\/pages\/12978","targetHints":{"allow":["GET"]}}],"collection":[{"href":"https:\/\/www.sggw.edu.pl\/en\/wp-json\/wp\/v2\/pages"}],"about":[{"href":"https:\/\/www.sggw.edu.pl\/en\/wp-json\/wp\/v2\/types\/page"}],"author":[{"embeddable":true,"href":"https:\/\/www.sggw.edu.pl\/en\/wp-json\/wp\/v2\/users\/1"}],"replies":[{"embeddable":true,"href":"https:\/\/www.sggw.edu.pl\/en\/wp-json\/wp\/v2\/comments?post=12978"}],"version-history":[{"count":12,"href":"https:\/\/www.sggw.edu.pl\/en\/wp-json\/wp\/v2\/pages\/12978\/revisions"}],"predecessor-version":[{"id":90040,"href":"https:\/\/www.sggw.edu.pl\/en\/wp-json\/wp\/v2\/pages\/12978\/revisions\/90040"}],"up":[{"embeddable":true,"href":"https:\/\/www.sggw.edu.pl\/en\/wp-json\/wp\/v2\/pages\/15157"}],"wp:attachment":[{"href":"https:\/\/www.sggw.edu.pl\/en\/wp-json\/wp\/v2\/media?parent=12978"}],"curies":[{"name":"wp","href":"https:\/\/api.w.org\/{rel}","templated":true}]}}