{"id":12980,"date":"2020-12-22T13:03:35","date_gmt":"2020-12-22T12:03:35","guid":{"rendered":"https:\/\/www.sggw.edu.pl\/infrastructure-and-environment-operational-programme\/"},"modified":"2021-08-03T16:32:01","modified_gmt":"2021-08-03T14:32:01","slug":"infrastructure-and-environment-operational-programme","status":"publish","type":"page","link":"https:\/\/www.sggw.edu.pl\/en\/science\/national-projects\/programs\/infrastructure-and-environment-operational-programme\/","title":{"rendered":"Infrastructure and Environment Operational Programme"},"content":{"rendered":"\t\t<div data-elementor-type=\"wp-page\" data-elementor-id=\"12980\" class=\"elementor elementor-12980\" data-elementor-post-type=\"page\">\n\t\t\t\t\t\t<section class=\"elementor-section elementor-top-section elementor-element elementor-element-332b22c0 elementor-section-boxed elementor-section-height-default elementor-section-height-default\" data-id=\"332b22c0\" data-element_type=\"section\">\n\t\t\t\t\t\t<div class=\"elementor-container elementor-column-gap-default\">\n\t\t\t\t\t<div class=\"elementor-column elementor-col-100 elementor-top-column elementor-element elementor-element-694b3bf0\" data-id=\"694b3bf0\" data-element_type=\"column\">\n\t\t\t<div class=\"elementor-widget-wrap elementor-element-populated\">\n\t\t\t\t\t\t<div class=\"elementor-element elementor-element-1cd47f62 elementor-widget elementor-widget-wp-widget-bcn_widget\" data-id=\"1cd47f62\" data-element_type=\"widget\" data-widget_type=\"wp-widget-bcn_widget.default\">\n\t\t\t\t<div class=\"elementor-widget-container\">\n\t\t\t<div class=\"mn-grid breadcrumb\">\n                                    <div class=\"breadcrumb-inner mn-grid-12\"><div class=\"breadcrumbs\" vocab=\"https:\/\/schema.org\/\" typeof=\"BreadcrumbList\"><span property=\"itemListElement\" typeof=\"ListItem\"><a property=\"item\" typeof=\"WebPage\" title=\"Go to Szko\u0142a G\u0142\u00f3wna Gospodarstwa Wiejskiego w Warszawie.\" href=\"https:\/\/www.sggw.edu.pl\/en\/\" class=\"home\" aria-current=\"page\"><span property=\"name\">Home<\/span><\/a><meta property=\"position\" content=\"1\"><\/span><\/div>    <\/div>\n                                <\/div>\t\t<\/div>\n\t\t\t\t<\/div>\n\t\t\t\t<div class=\"elementor-element elementor-element-2c9b9660 elementor-widget elementor-widget-post-title\" data-id=\"2c9b9660\" data-element_type=\"widget\" data-widget_type=\"post-title.default\">\n\t\t\t\t<div class=\"elementor-widget-container\">\n\t\t\t<section>\n                    <div class=\"mn-grid entry-header-inner section-inner medium\">\n                        <h1 class=\"mn-grid-12 entry-title\" style=\"\">\n                            Infrastructure and Environment Operational Programme\n                        <\/h1>\n                    <\/div>\n                <\/section>\t\t<\/div>\n\t\t\t\t<\/div>\n\t\t\t\t\t<\/div>\n\t\t<\/div>\n\t\t\t\t\t<\/div>\n\t\t<\/section>\n\t\t\t\t<section class=\"elementor-section elementor-top-section elementor-element elementor-element-9c93a97 elementor-section-boxed elementor-section-height-default elementor-section-height-default\" data-id=\"9c93a97\" data-element_type=\"section\">\n\t\t\t\t\t\t<div class=\"elementor-container elementor-column-gap-default\">\n\t\t\t\t\t<div class=\"elementor-column elementor-col-100 elementor-top-column elementor-element elementor-element-015c29e\" data-id=\"015c29e\" data-element_type=\"column\">\n\t\t\t<div class=\"elementor-widget-wrap elementor-element-populated\">\n\t\t\t\t\t\t<div class=\"elementor-element elementor-element-94200c1 elementor-widget elementor-widget-w12\" data-id=\"94200c1\" data-element_type=\"widget\" data-widget_type=\"w12.default\">\n\t\t\t\t<div class=\"elementor-widget-container\">\n\t\t\t<section>\n                <div class=\"mn-grid\">\n                    <div class=\"mn-grid-12 mn-mod-text-links\">\n                        <p>The Infrastructure and Environment Operational Programme shall finance infrastructure projects of national or international importance. The\u00a0 support can be used in two ways: actively as an implementer or as participant in projects, or passively as a user of infrastructure created through funding from the European Funds. <a href=\"https:\/\/www.pois.gov.pl\/strony\/o-programie\/zasady\/co-mozna-zrealizowac\/\">Detailed information on the Program&#8217;s website.<\/a><\/p><p><strong>Who can apply for a grant?<\/strong><\/p><p>The Infrastructure and Environment Programme finances a variety of projects. Depending on the specificities of the type of support, the type of entities that can benefit from it is determined. The following groups are eligible for support:<\/p>\n                    <\/div>\n                <\/div>\n            <\/section>\t\t<\/div>\n\t\t\t\t<\/div>\n\t\t\t\t<div class=\"elementor-element elementor-element-5cf5b28 elementor-widget elementor-widget-w33\" data-id=\"5cf5b28\" data-element_type=\"widget\" data-widget_type=\"w33.default\">\n\t\t\t\t<div class=\"elementor-widget-container\">\n\t\t\t<section>\n            <div class=\"mn-grid\">\n                <div class=\"mn-vertical-separator\">\n                    \n                <\/div>\n            <\/section>\t\t<\/div>\n\t\t\t\t<\/div>\n\t\t\t\t\t<\/div>\n\t\t<\/div>\n\t\t\t\t\t<\/div>\n\t\t<\/section>\n\t\t\t\t<section class=\"elementor-section elementor-top-section elementor-element elementor-element-82fea42 elementor-section-boxed elementor-section-height-default elementor-section-height-default\" data-id=\"82fea42\" data-element_type=\"section\">\n\t\t\t\t\t\t<div class=\"elementor-container elementor-column-gap-default\">\n\t\t\t\t\t<div class=\"elementor-column elementor-col-100 elementor-top-column elementor-element elementor-element-1e56e21\" data-id=\"1e56e21\" data-element_type=\"column\">\n\t\t\t<div class=\"elementor-widget-wrap elementor-element-populated\">\n\t\t\t\t\t\t<div class=\"elementor-element elementor-element-2916456 elementor-widget elementor-widget-w9\" data-id=\"2916456\" data-element_type=\"widget\" data-widget_type=\"w9.default\">\n\t\t\t\t<div class=\"elementor-widget-container\">\n\t\t\t<section><div class=\"mn-grid\"><ul class=\"mn-grid-12 mn-link-list-type1\"><li>\n                            <a href=\"\" class=\"mn-pointer-event-off\">\n                                <span>Local government units,<\/span>\n                            <\/a>\n                        <\/li><li>\n                            <a href=\"\" class=\"mn-pointer-event-off\">\n                                <span>Undertakings pursuing public objectives,<\/span>\n                            <\/a>\n                        <\/li><li>\n                            <a href=\"\" class=\"mn-pointer-event-off\">\n                                <span>Public administration,<\/span>\n                            <\/a>\n                        <\/li><li>\n                            <a href=\"\" class=\"mn-pointer-event-off\">\n                                <span>Public services other than administration,<\/span>\n                            <\/a>\n                        <\/li><li>\n                            <a href=\"\" class=\"mn-pointer-event-off\">\n                                <span>Health care institutions,<\/span>\n                            <\/a>\n                        <\/li><li>\n                            <a href=\"\" class=\"mn-pointer-event-off\">\n                                <span>Cultural, scientific and educational institutions,<\/span>\n                            <\/a>\n                        <\/li><li>\n                            <a href=\"\" class=\"mn-pointer-event-off\">\n                                <span>Large companies,<\/span>\n                            <\/a>\n                        <\/li><li>\n                            <a href=\"\" class=\"mn-pointer-event-off\">\n                                <span>Small and medium-sized enterprises,<\/span>\n                            <\/a>\n                        <\/li><li>\n                            <a href=\"\" class=\"mn-pointer-event-off\">\n                                <span>Social organisations and religious associations.<\/span>\n                            <\/a>\n                        <\/li><\/ul><\/div><\/section>\t\t<\/div>\n\t\t\t\t<\/div>\n\t\t\t\t\t<\/div>\n\t\t<\/div>\n\t\t\t\t\t<\/div>\n\t\t<\/section>\n\t\t\t\t<section class=\"elementor-section elementor-top-section elementor-element elementor-element-87a383e elementor-section-boxed elementor-section-height-default elementor-section-height-default\" data-id=\"87a383e\" data-element_type=\"section\">\n\t\t\t\t\t\t<div class=\"elementor-container elementor-column-gap-default\">\n\t\t\t\t\t<div class=\"elementor-column elementor-col-100 elementor-top-column elementor-element elementor-element-4045e91\" data-id=\"4045e91\" data-element_type=\"column\">\n\t\t\t<div class=\"elementor-widget-wrap elementor-element-populated\">\n\t\t\t\t\t\t<div class=\"elementor-element elementor-element-25a56fc elementor-widget elementor-widget-w12\" data-id=\"25a56fc\" data-element_type=\"widget\" data-widget_type=\"w12.default\">\n\t\t\t\t<div class=\"elementor-widget-container\">\n\t\t\t<section>\n                <div class=\"mn-grid\">\n                    <div class=\"mn-grid-12 mn-mod-text-links\">\n                        <p>Restrictions may relate to competence and experience or to the area of activity.<\/p>\n<p>Detailed information on who the Infrastructure and Environment Programme is intended for, what projects can be implemented with the support of this program. publications to assist in the implementation of projects available at: <a href=\"https:\/\/www.pois.gov.pl\/strony\/o-programie\/zasady\/\">https:\/\/www.pois.gov.pl\/strony\/o-programie\/zasady\/<\/a><\/p>\n<p><a href=\"https:\/\/www.pois.gov.pl\/strony\/skorzystaj\/nabory\/#\/domyslne=1\/wszystkieNabory=1\">Current recruitments.<\/a> <strong> <\/strong><\/p>\n\n                    <\/div>\n                <\/div>\n            <\/section>\t\t<\/div>\n\t\t\t\t<\/div>\n\t\t\t\t\t<\/div>\n\t\t<\/div>\n\t\t\t\t\t<\/div>\n\t\t<\/section>\n\t\t\t\t<section class=\"elementor-section elementor-top-section elementor-element elementor-element-516c846 elementor-section-boxed elementor-section-height-default elementor-section-height-default\" data-id=\"516c846\" data-element_type=\"section\">\n\t\t\t\t\t\t<div class=\"elementor-container elementor-column-gap-default\">\n\t\t\t\t\t<div class=\"elementor-column elementor-col-100 elementor-top-column elementor-element elementor-element-36e0608\" data-id=\"36e0608\" data-element_type=\"column\">\n\t\t\t<div class=\"elementor-widget-wrap elementor-element-populated\">\n\t\t\t\t\t\t<div class=\"elementor-element elementor-element-ec0fcca elementor-widget elementor-widget-w33\" data-id=\"ec0fcca\" data-element_type=\"widget\" data-widget_type=\"w33.default\">\n\t\t\t\t<div class=\"elementor-widget-container\">\n\t\t\t<section>\n            <div class=\"mn-grid\">\n                <div class=\"mn-vertical-separator\">\n                    \n                <\/div>\n            <\/section>\t\t<\/div>\n\t\t\t\t<\/div>\n\t\t\t\t<div class=\"elementor-element elementor-element-713d5cb elementor-widget elementor-widget-w7\" data-id=\"713d5cb\" data-element_type=\"widget\" data-widget_type=\"w7.default\">\n\t\t\t\t<div class=\"elementor-widget-container\">\n\t\t\t<section>\n                <div class=\"mn-grid\">\n                    <div class=\"mn-grid-12 mn-horizontal-separator-grey\"><\/div>\n                <\/div>\n                <\/section>\t\t<\/div>\n\t\t\t\t<\/div>\n\t\t\t\t<div class=\"elementor-element elementor-element-a375d38 elementor-widget elementor-widget-w12\" data-id=\"a375d38\" data-element_type=\"widget\" data-widget_type=\"w12.default\">\n\t\t\t\t<div class=\"elementor-widget-container\">\n\t\t\t<section>\n                <div class=\"mn-grid\">\n                    <div class=\"mn-grid-12 mn-mod-text-links\">\n                        <p><strong>Managing Authority<\/strong><\/p>\n<p>The managing authority of the POII\u015a is the minister responsible for regional development (currently <a href=\"https:\/\/www.gov.pl\/web\/fundusze-regiony\">the Ministry of Funds and Regional Policy).<\/a><\/p>\n<p style=\"text-align: center\"><strong>Managing Authority of the Infrastructure and Environment Programme  <\/strong><\/p>\n<ol>\n<li style=\"text-align: center\"><strong>Ministry of Funds and Regional Policy<\/strong><\/li>\n<li style=\"text-align: center\">Common 2\/4<\/li>\n<li style=\"text-align: center\">00-926 Warsaw, Poland<\/li>\n<li style=\"text-align: center\">tel.: 222 500 130<\/li>\n<li style=\"text-align: center\">  e-mail: <a href=\"mailto:kancelaria@mfipr.gov.pl\">kancelaria@mfipr.gov.pl<\/a><\/li>\n<li style=\"text-align: center\">EPUAP lockbox address: <strong>\/MIR\/StashESP<\/strong><\/li>\n<\/ol>\n<p style=\"text-align: center\">Department of Infrastructure Programs<\/p>\n<ol>\n<li style=\"text-align: center\">Tel: 22 273 77 01<\/li>\n<li style=\"text-align: center\">Fax: 22,273 89 09<\/li>\n<\/ol>\n\n                    <\/div>\n                <\/div>\n            <\/section>\t\t<\/div>\n\t\t\t\t<\/div>\n\t\t\t\t<div class=\"elementor-element elementor-element-f14a792 elementor-widget elementor-widget-w33\" data-id=\"f14a792\" data-element_type=\"widget\" data-widget_type=\"w33.default\">\n\t\t\t\t<div class=\"elementor-widget-container\">\n\t\t\t<section>\n            <div class=\"mn-grid\">\n                <div class=\"mn-vertical-separator\">\n                    \n                <\/div>\n            <\/section>\t\t<\/div>\n\t\t\t\t<\/div>\n\t\t\t\t<div class=\"elementor-element elementor-element-3140546 elementor-widget elementor-widget-w7\" data-id=\"3140546\" data-element_type=\"widget\" data-widget_type=\"w7.default\">\n\t\t\t\t<div class=\"elementor-widget-container\">\n\t\t\t<section>\n                <div class=\"mn-grid\">\n                    <div class=\"mn-grid-12 mn-horizontal-separator-grey\"><\/div>\n                <\/div>\n                <\/section>\t\t<\/div>\n\t\t\t\t<\/div>\n\t\t\t\t\t<\/div>\n\t\t<\/div>\n\t\t\t\t\t<\/div>\n\t\t<\/section>\n\t\t\t\t<section class=\"elementor-section elementor-top-section elementor-element elementor-element-61a3e3e elementor-section-boxed elementor-section-height-default elementor-section-height-default\" data-id=\"61a3e3e\" data-element_type=\"section\">\n\t\t\t\t\t\t<div class=\"elementor-container elementor-column-gap-default\">\n\t\t\t\t\t<div class=\"elementor-column elementor-col-100 elementor-top-column elementor-element elementor-element-b5bbcb4\" data-id=\"b5bbcb4\" data-element_type=\"column\">\n\t\t\t<div class=\"elementor-widget-wrap elementor-element-populated\">\n\t\t\t\t\t\t<div class=\"elementor-element elementor-element-d6ee2c0 elementor-widget elementor-widget-w12\" data-id=\"d6ee2c0\" data-element_type=\"widget\" data-widget_type=\"w12.default\">\n\t\t\t\t<div class=\"elementor-widget-container\">\n\t\t\t<section>\n                <div class=\"mn-grid\">\n                    <div class=\"mn-grid-12 mn-mod-text-links\">\n                        <p><strong>Intermediate Body<\/strong><\/p><p>The responsibilities of the Intermediate Body shall be determined by agreement with the Managing Authority. These are tasks related to the implementation of the part of the programme in which the institution specialises. In the case of POIi\u015a, the following are the following: <a href=\"http:\/\/www.cupt.gov.pl\/\">Centre for Eu Transport Projects<\/a>, <a href=\"https:\/\/www.gov.pl\/web\/klimat\">Ministry of Climate<\/a>, <a href=\"http:\/\/www.mz.gov.pl\/\">Ministry of Health,<\/a> <a href=\"http:\/\/www.mkidn.gov.pl\/\">Ministry of Culture and National Heritage.<\/a><\/p>\n                    <\/div>\n                <\/div>\n            <\/section>\t\t<\/div>\n\t\t\t\t<\/div>\n\t\t\t\t<div class=\"elementor-element elementor-element-2ba6b06 elementor-widget elementor-widget-w33\" data-id=\"2ba6b06\" data-element_type=\"widget\" data-widget_type=\"w33.default\">\n\t\t\t\t<div class=\"elementor-widget-container\">\n\t\t\t<section>\n            <div class=\"mn-grid\">\n                <div class=\"mn-vertical-separator\">\n                    \n                <\/div>\n            <\/section>\t\t<\/div>\n\t\t\t\t<\/div>\n\t\t\t\t\t<\/div>\n\t\t<\/div>\n\t\t\t\t\t<\/div>\n\t\t<\/section>\n\t\t\t\t<section class=\"elementor-section elementor-top-section elementor-element elementor-element-b7d9f5a elementor-section-boxed elementor-section-height-default elementor-section-height-default\" data-id=\"b7d9f5a\" data-element_type=\"section\">\n\t\t\t\t\t\t<div class=\"elementor-container elementor-column-gap-default\">\n\t\t\t\t\t<div class=\"elementor-column elementor-col-100 elementor-top-column elementor-element elementor-element-13d01ce\" data-id=\"13d01ce\" data-element_type=\"column\">\n\t\t\t<div class=\"elementor-widget-wrap elementor-element-populated\">\n\t\t\t\t\t\t<div class=\"elementor-element elementor-element-885d795 elementor-widget elementor-widget-w7\" data-id=\"885d795\" data-element_type=\"widget\" data-widget_type=\"w7.default\">\n\t\t\t\t<div class=\"elementor-widget-container\">\n\t\t\t<section>\n                <div class=\"mn-grid\">\n                    <div class=\"mn-grid-12 mn-horizontal-separator-grey\"><\/div>\n                <\/div>\n                <\/section>\t\t<\/div>\n\t\t\t\t<\/div>\n\t\t\t\t<div class=\"elementor-element elementor-element-10807d6 elementor-widget elementor-widget-w12\" data-id=\"10807d6\" data-element_type=\"widget\" data-widget_type=\"w12.default\">\n\t\t\t\t<div class=\"elementor-widget-container\">\n\t\t\t<section>\n                <div class=\"mn-grid\">\n                    <div class=\"mn-grid-12 mn-mod-text-links\">\n                        <p><strong>Implementing Institution<\/strong><\/p><p>The Intermediate Body may delegate to the Implementing Institution tasks in the field of direct handling of the granting of support or control over project implementation. For example, the Implementing Institution may be used by entities subordinate to the ministry or agencies for the development of entrepreneurship or regional development.<\/p><p>In the case of POIi\u015a, the following are the implementing institutions: <a href=\"https:\/\/www.nfosigw.gov.pl\/\">National Fund for Environmental Protection and Water Management<\/a>, <a href=\"http:\/\/www.inig.pl\/\">Oil and Gas Institute\u00a0-State Research Institute<\/a>, <a href=\"https:\/\/www.wfosigw.katowice.pl\/\">Regional Fund for Environmental Protection and Water Management in Katowice<\/a>, <a href=\"http:\/\/www.ckps.lasy.gov.pl\/\">Center for Coordination of Environmental Projects.<\/a><\/p><p>\u00a0<\/p>\n                    <\/div>\n                <\/div>\n            <\/section>\t\t<\/div>\n\t\t\t\t<\/div>\n\t\t\t\t\t<\/div>\n\t\t<\/div>\n\t\t\t\t\t<\/div>\n\t\t<\/section>\n\t\t\t\t<\/div>\n\t\t","protected":false},"excerpt":{"rendered":"<p>Infrastructure and Environment Operational Programme The Infrastructure and Environment Operational Programme shall finance infrastructure projects of national or international importance. The\u00a0 support can be used in two ways: actively as an implementer or as participant in projects, or passively as a user of infrastructure created through funding from the European Funds. Detailed information on the [&hellip;]<\/p>\n","protected":false},"author":1,"featured_media":0,"parent":15157,"menu_order":0,"comment_status":"closed","ping_status":"closed","template":"","meta":{"_acf_changed":false,"footnotes":""},"class_list":["post-12980","page","type-page","status-publish","hentry"],"acf":[],"_links":{"self":[{"href":"https:\/\/www.sggw.edu.pl\/en\/wp-json\/wp\/v2\/pages\/12980","targetHints":{"allow":["GET"]}}],"collection":[{"href":"https:\/\/www.sggw.edu.pl\/en\/wp-json\/wp\/v2\/pages"}],"about":[{"href":"https:\/\/www.sggw.edu.pl\/en\/wp-json\/wp\/v2\/types\/page"}],"author":[{"embeddable":true,"href":"https:\/\/www.sggw.edu.pl\/en\/wp-json\/wp\/v2\/users\/1"}],"replies":[{"embeddable":true,"href":"https:\/\/www.sggw.edu.pl\/en\/wp-json\/wp\/v2\/comments?post=12980"}],"version-history":[{"count":8,"href":"https:\/\/www.sggw.edu.pl\/en\/wp-json\/wp\/v2\/pages\/12980\/revisions"}],"predecessor-version":[{"id":91470,"href":"https:\/\/www.sggw.edu.pl\/en\/wp-json\/wp\/v2\/pages\/12980\/revisions\/91470"}],"up":[{"embeddable":true,"href":"https:\/\/www.sggw.edu.pl\/en\/wp-json\/wp\/v2\/pages\/15157"}],"wp:attachment":[{"href":"https:\/\/www.sggw.edu.pl\/en\/wp-json\/wp\/v2\/media?parent=12980"}],"curies":[{"name":"wp","href":"https:\/\/api.w.org\/{rel}","templated":true}]}}