{"id":13070,"date":"2020-12-23T11:05:09","date_gmt":"2020-12-23T10:05:09","guid":{"rendered":"https:\/\/www.sggw.edu.pl\/contact\/"},"modified":"2025-04-24T10:32:35","modified_gmt":"2025-04-24T08:32:35","slug":"contact","status":"publish","type":"page","link":"https:\/\/www.sggw.edu.pl\/en\/science\/cooperation-with-business-2\/contact\/","title":{"rendered":"Contact"},"content":{"rendered":"\t\t<div data-elementor-type=\"wp-page\" data-elementor-id=\"13070\" class=\"elementor elementor-13070\" data-elementor-post-type=\"page\">\n\t\t\t\t\t\t<section class=\"elementor-section elementor-top-section elementor-element elementor-element-27dfc25d elementor-section-boxed elementor-section-height-default elementor-section-height-default\" data-id=\"27dfc25d\" data-element_type=\"section\">\n\t\t\t\t\t\t<div class=\"elementor-container elementor-column-gap-default\">\n\t\t\t\t\t<div class=\"elementor-column elementor-col-100 elementor-top-column elementor-element elementor-element-4d3a391b\" data-id=\"4d3a391b\" data-element_type=\"column\">\n\t\t\t<div class=\"elementor-widget-wrap elementor-element-populated\">\n\t\t\t\t\t\t<div class=\"elementor-element elementor-element-59606a17 elementor-widget elementor-widget-wp-widget-bcn_widget\" data-id=\"59606a17\" data-element_type=\"widget\" data-widget_type=\"wp-widget-bcn_widget.default\">\n\t\t\t\t<div class=\"elementor-widget-container\">\n\t\t\t<div class=\"mn-grid breadcrumb\">\n                                    <div class=\"breadcrumb-inner mn-grid-12\"><div class=\"breadcrumbs\" vocab=\"https:\/\/schema.org\/\" typeof=\"BreadcrumbList\"><span property=\"itemListElement\" typeof=\"ListItem\"><a property=\"item\" typeof=\"WebPage\" title=\"Go to Szko\u0142a G\u0142\u00f3wna Gospodarstwa Wiejskiego w Warszawie.\" href=\"https:\/\/www.sggw.edu.pl\/en\/\" class=\"home\" aria-current=\"page\"><span property=\"name\">Home<\/span><\/a><meta property=\"position\" content=\"1\"><\/span><\/div>    <\/div>\n                                <\/div>\t\t<\/div>\n\t\t\t\t<\/div>\n\t\t\t\t<div class=\"elementor-element elementor-element-21c02c16 elementor-widget elementor-widget-post-title\" data-id=\"21c02c16\" data-element_type=\"widget\" data-widget_type=\"post-title.default\">\n\t\t\t\t<div class=\"elementor-widget-container\">\n\t\t\t<section>\n                    <div class=\"mn-grid entry-header-inner section-inner medium\">\n                        <h1 class=\"mn-grid-12 entry-title\" style=\"\">\n                            Contact\n                        <\/h1>\n                    <\/div>\n                <\/section>\t\t<\/div>\n\t\t\t\t<\/div>\n\t\t\t\t<div class=\"elementor-element elementor-element-f08d7b5 elementor-widget elementor-widget-w33\" data-id=\"f08d7b5\" data-element_type=\"widget\" data-widget_type=\"w33.default\">\n\t\t\t\t<div class=\"elementor-widget-container\">\n\t\t\t<section>\n            <div class=\"mn-grid\">\n                <div class=\"mn-vertical-separator-x2\">\n                    \n                <\/div>\n            <\/section>\t\t<\/div>\n\t\t\t\t<\/div>\n\t\t\t\t<div class=\"elementor-element elementor-element-d6b1c9c elementor-widget elementor-widget-w33\" data-id=\"d6b1c9c\" data-element_type=\"widget\" data-widget_type=\"w33.default\">\n\t\t\t\t<div class=\"elementor-widget-container\">\n\t\t\t<section>\n            <div class=\"mn-grid\">\n                <div class=\"mn-vertical-separator\">\n                    \n                <\/div>\n            <\/section>\t\t<\/div>\n\t\t\t\t<\/div>\n\t\t\t\t<section class=\"elementor-section elementor-inner-section elementor-element elementor-element-663ed7d elementor-section-boxed elementor-section-height-default elementor-section-height-default\" data-id=\"663ed7d\" data-element_type=\"section\">\n\t\t\t\t\t\t<div class=\"elementor-container elementor-column-gap-default\">\n\t\t\t\t\t<div class=\"elementor-column elementor-col-50 elementor-inner-column elementor-element elementor-element-02861c9\" data-id=\"02861c9\" data-element_type=\"column\">\n\t\t\t<div class=\"elementor-widget-wrap elementor-element-populated\">\n\t\t\t\t\t\t<div class=\"elementor-element elementor-element-bd6a7f4 elementor-widget elementor-widget-w12\" data-id=\"bd6a7f4\" data-element_type=\"widget\" data-widget_type=\"w12.default\">\n\t\t\t\t<div class=\"elementor-widget-container\">\n\t\t\t<section>\n                <div class=\"mn-grid\">\n                    <div class=\"mn-grid-12 mn-mod-text-links\">\n                        <p><img fetchpriority=\"high\" decoding=\"async\" class=\"size-medium wp-image-2653 aligncenter\" src=\"https:\/\/www.sggw.edu.pl\/wp-content\/uploads\/2020\/09\/tel2-300x191.png\" alt=\"\" width=\"300\" height=\"191\" srcset=\"https:\/\/www.sggw.edu.pl\/wp-content\/uploads\/2020\/09\/tel2-300x191.png 300w, https:\/\/www.sggw.edu.pl\/wp-content\/uploads\/2020\/09\/tel2.png 534w\" sizes=\"(max-width: 300px) 100vw, 300px\" \/><\/p>\n\n                    <\/div>\n                <\/div>\n            <\/section>\t\t<\/div>\n\t\t\t\t<\/div>\n\t\t\t\t<div class=\"elementor-element elementor-element-61efecd elementor-widget elementor-widget-w12\" data-id=\"61efecd\" data-element_type=\"widget\" data-widget_type=\"w12.default\">\n\t\t\t\t<div class=\"elementor-widget-container\">\n\t\t\t<section>\n                <div class=\"mn-grid\">\n                    <div class=\"mn-grid-12 mn-mod-text-links\">\n                        <p><img decoding=\"async\" class=\"size-medium wp-image-2651 aligncenter\" src=\"https:\/\/www.sggw.edu.pl\/wp-content\/uploads\/2020\/09\/email-5497629_960_720-300x300.png\" alt=\"\" width=\"300\" height=\"300\" srcset=\"https:\/\/www.sggw.edu.pl\/wp-content\/uploads\/2020\/09\/email-5497629_960_720-300x300.png 300w, https:\/\/www.sggw.edu.pl\/wp-content\/uploads\/2020\/09\/email-5497629_960_720-150x150.png 150w, https:\/\/www.sggw.edu.pl\/wp-content\/uploads\/2020\/09\/email-5497629_960_720.png 720w\" sizes=\"(max-width: 300px) 100vw, 300px\" \/><\/p>\n\n                    <\/div>\n                <\/div>\n            <\/section>\t\t<\/div>\n\t\t\t\t<\/div>\n\t\t\t\t\t<\/div>\n\t\t<\/div>\n\t\t\t\t<div class=\"elementor-column elementor-col-50 elementor-inner-column elementor-element elementor-element-9bd655f\" data-id=\"9bd655f\" data-element_type=\"column\">\n\t\t\t<div class=\"elementor-widget-wrap elementor-element-populated\">\n\t\t\t\t\t\t<div class=\"elementor-element elementor-element-cb0d6d8 elementor-widget elementor-widget-w12\" data-id=\"cb0d6d8\" data-element_type=\"widget\" data-widget_type=\"w12.default\">\n\t\t\t\t<div class=\"elementor-widget-container\">\n\t\t\t<section>\n                <div class=\"mn-grid\">\n                    <div class=\"mn-grid-12 mn-mod-text-links\">\n                        <p style=\"text-align: left\"><strong>Innovation and Technology Transfer Centre<\/strong> <strong>of SGGW<\/strong><br \/>Nowoursynowska 166, building No 8, room No 119<br \/>02-787 Warsaw, Poland<br \/>e-mail: ciitt@sggw.edu.pl<\/p>\n                    <\/div>\n                <\/div>\n            <\/section>\t\t<\/div>\n\t\t\t\t<\/div>\n\t\t\t\t<div class=\"elementor-element elementor-element-2709055 elementor-widget elementor-widget-w33\" data-id=\"2709055\" data-element_type=\"widget\" data-widget_type=\"w33.default\">\n\t\t\t\t<div class=\"elementor-widget-container\">\n\t\t\t<section>\n            <div class=\"mn-grid\">\n                <div class=\"mn-vertical-separator-x2\">\n                    \n                <\/div>\n            <\/section>\t\t<\/div>\n\t\t\t\t<\/div>\n\t\t\t\t<div class=\"elementor-element elementor-element-bc7fe3d elementor-widget elementor-widget-w12\" data-id=\"bc7fe3d\" data-element_type=\"widget\" data-widget_type=\"w12.default\">\n\t\t\t\t<div class=\"elementor-widget-container\">\n\t\t\t<section>\n                <div class=\"mn-grid\">\n                    <div class=\"mn-grid-12 mn-mod-text-links\">\n                        <p style=\"text-align: left\"><strong><span style=\"text-decoration: underline\">Staff:<\/span> <\/strong><\/p><div id=\"gtx-trans\"><div class=\"gtx-trans-icon\">\u00a0<\/div><\/div>\n                    <\/div>\n                <\/div>\n            <\/section>\t\t<\/div>\n\t\t\t\t<\/div>\n\t\t\t\t<div class=\"elementor-element elementor-element-686589b elementor-widget elementor-widget-w33\" data-id=\"686589b\" data-element_type=\"widget\" data-widget_type=\"w33.default\">\n\t\t\t\t<div class=\"elementor-widget-container\">\n\t\t\t<section>\n            <div class=\"mn-grid\">\n                <div class=\"mn-vertical-separator-x2\">\n                    \n                <\/div>\n            <\/section>\t\t<\/div>\n\t\t\t\t<\/div>\n\t\t\t\t<div class=\"elementor-element elementor-element-9572848 elementor-widget elementor-widget-w12\" data-id=\"9572848\" data-element_type=\"widget\" data-widget_type=\"w12.default\">\n\t\t\t\t<div class=\"elementor-widget-container\">\n\t\t\t<section>\n                <div class=\"mn-grid\">\n                    <div class=\"mn-grid-12 mn-mod-text-links\">\n                        <p style=\"text-align: left\"><strong>Manager:<\/strong> <br \/>Maciej Paszewski PhD<br \/>phone: 22 593 56 92, +48 695 605 545<br \/>e-mail: maciej_paszewski@sggw.edu.pl<\/p><p><strong>Specialists:<\/strong><\/p><p>phone: 22 593 356 88,\u00a0 22 593 56 87,\u00a0 22 593 56 97<\/p>\n                    <\/div>\n                <\/div>\n            <\/section>\t\t<\/div>\n\t\t\t\t<\/div>\n\t\t\t\t\t<\/div>\n\t\t<\/div>\n\t\t\t\t\t<\/div>\n\t\t<\/section>\n\t\t\t\t\t<\/div>\n\t\t<\/div>\n\t\t\t\t\t<\/div>\n\t\t<\/section>\n\t\t\t\t<section class=\"elementor-section elementor-top-section elementor-element elementor-element-86f3e40 elementor-section-boxed elementor-section-height-default elementor-section-height-default\" data-id=\"86f3e40\" data-element_type=\"section\">\n\t\t\t\t\t\t<div class=\"elementor-container elementor-column-gap-default\">\n\t\t\t\t\t<div class=\"elementor-column elementor-col-100 elementor-top-column elementor-element elementor-element-44d16bd\" data-id=\"44d16bd\" data-element_type=\"column\">\n\t\t\t<div class=\"elementor-widget-wrap elementor-element-populated\">\n\t\t\t\t\t\t<div class=\"elementor-element elementor-element-5aad7d2 elementor-widget elementor-widget-w7\" data-id=\"5aad7d2\" data-element_type=\"widget\" data-widget_type=\"w7.default\">\n\t\t\t\t<div class=\"elementor-widget-container\">\n\t\t\t<section>\n                <div class=\"mn-grid\">\n                    <div class=\"mn-grid-12 mn-horizontal-separator\"><\/div>\n                <\/div>\n                <\/section>\t\t<\/div>\n\t\t\t\t<\/div>\n\t\t\t\t<div class=\"elementor-element elementor-element-b52990a elementor-widget elementor-widget-w1_2_3\" data-id=\"b52990a\" data-element_type=\"widget\" data-widget_type=\"w1_2_3.default\">\n\t\t\t\t<div class=\"elementor-widget-container\">\n\t\t\t<section>\n                    <div class=\"mn-grid\">\n                        <h3  class=\"mn-grid-12 mn-section-title2\">\n                            Contact form\n                        <\/h3>\n                    <\/div>\n                <\/section>\t\t<\/div>\n\t\t\t\t<\/div>\n\t\t\t\t<div class=\"elementor-element elementor-element-e44ef44 elementor-widget elementor-widget-w12\" data-id=\"e44ef44\" data-element_type=\"widget\" data-widget_type=\"w12.default\">\n\t\t\t\t<div class=\"elementor-widget-container\">\n\t\t\t<section>\n                <div class=\"mn-grid\">\n                    <div class=\"mn-grid-12 mn-mod-text-links\">\n                        <p>If you are interested in cooperation with SGGW in the field of: technology transfer, R&amp;D or expertise &#8211; fill out the form below to send an inquiry that will go to the Innovation and Technology Transfer Center of SGGW.<\/p>\n                    <\/div>\n                <\/div>\n            <\/section>\t\t<\/div>\n\t\t\t\t<\/div>\n\t\t\t\t\t<\/div>\n\t\t<\/div>\n\t\t\t\t\t<\/div>\n\t\t<\/section>\n\t\t\t\t<section class=\"elementor-section elementor-top-section elementor-element elementor-element-4250321 elementor-section-boxed elementor-section-height-default elementor-section-height-default\" data-id=\"4250321\" data-element_type=\"section\">\n\t\t\t\t\t\t<div class=\"elementor-container elementor-column-gap-default\">\n\t\t\t\t\t<div class=\"elementor-column elementor-col-100 elementor-top-column elementor-element elementor-element-a4929b8\" data-id=\"a4929b8\" data-element_type=\"column\">\n\t\t\t<div class=\"elementor-widget-wrap elementor-element-populated\">\n\t\t\t\t\t\t<div class=\"elementor-element elementor-element-612b06a elementor-widget elementor-widget-w33\" data-id=\"612b06a\" data-element_type=\"widget\" data-widget_type=\"w33.default\">\n\t\t\t\t<div class=\"elementor-widget-container\">\n\t\t\t<section>\n            <div class=\"mn-grid\">\n                <div class=\"mn-vertical-separator-x2\">\n                    \n                <\/div>\n            <\/section>\t\t<\/div>\n\t\t\t\t<\/div>\n\t\t\t\t<div class=\"elementor-element elementor-element-71ac552 elementor-button-align-stretch elementor-widget elementor-widget-form\" data-id=\"71ac552\" data-element_type=\"widget\" data-settings=\"{&quot;step_next_label&quot;:&quot;Next&quot;,&quot;step_previous_label&quot;:&quot;Previous&quot;,&quot;button_width&quot;:&quot;100&quot;,&quot;step_type&quot;:&quot;number_text&quot;,&quot;step_icon_shape&quot;:&quot;circle&quot;}\" data-widget_type=\"form.default\">\n\t\t\t\t<div class=\"elementor-widget-container\">\n\t\t\t        <section>\n        <div class=\"mn-grid\">\n        <div class=\"mn-grid-12\">\n        <form class=\"elementor-form\" method=\"post\" name=\"New Form\">\n            <input type=\"hidden\" name=\"post_id\" value=\"13070\"\/>\n            <input type=\"hidden\" name=\"form_id\" value=\"71ac552\"\/>\n\n            \n            <div class=\"elementor-form-fields-wrapper elementor-labels-above\">\n                                    <div class=\"elementor-field-type-text elementor-field-group elementor-column elementor-field-group-name elementor-col-100 elementor-field-required elementor-mark-required\">\n                        <label for=\"form-field-name\" class=\"elementor-field-label\">Person<\/label><input size=\"1\" type=\"text\" name=\"form_fields[name]\" id=\"form-field-name\" class=\"elementor-field elementor-size-xs  elementor-field-textual\" placeholder=\"Name\" required=\"required\" aria-required=\"true\">                    <\/div>\n                                    <div class=\"elementor-field-type-email elementor-field-group elementor-column elementor-field-group-email elementor-col-100 elementor-field-required elementor-mark-required\">\n                        <label for=\"form-field-email\" class=\"elementor-field-label\">E-mail address<\/label><input size=\"1\" type=\"email\" name=\"form_fields[email]\" id=\"form-field-email\" class=\"elementor-field elementor-size-xs  elementor-field-textual\" required=\"required\" aria-required=\"true\">                    <\/div>\n                                    <div class=\"elementor-field-type-tel elementor-field-group elementor-column elementor-field-group-message elementor-col-100 elementor-field-required elementor-mark-required\">\n                        <label for=\"form-field-message\" class=\"elementor-field-label\">Contact phone<\/label>\t\t<input size=\"1\" type=\"tel\" name=\"form_fields[message]\" id=\"form-field-message\" class=\"elementor-field elementor-size-xs  elementor-field-textual\" required=\"required\" aria-required=\"true\" pattern=\"[0-9()#&amp;+*-=.]+\" title=\"Only numbers and phone characters (#, -, *, etc) are accepted.\">\n\n\t\t                    <\/div>\n                                    <div class=\"elementor-field-type-text elementor-field-group elementor-column elementor-field-group-field_0d28071 elementor-col-100 elementor-field-required elementor-mark-required\">\n                        <label for=\"form-field-field_0d28071\" class=\"elementor-field-label\">Company name<\/label><input size=\"1\" type=\"text\" name=\"form_fields[field_0d28071]\" id=\"form-field-field_0d28071\" class=\"elementor-field elementor-size-xs  elementor-field-textual\" required=\"required\" aria-required=\"true\">                    <\/div>\n                                    <div class=\"elementor-field-type-textarea elementor-field-group elementor-column elementor-field-group-field_d0d1fdb elementor-col-100 elementor-field-required elementor-mark-required\">\n                        <label for=\"form-field-field_d0d1fdb\" class=\"elementor-field-label\">Text of an inquiry<\/label><textarea class=\"elementor-field-textual elementor-field  elementor-size-xs\" name=\"form_fields[field_d0d1fdb]\" id=\"form-field-field_d0d1fdb\" rows=\"4\" required=\"required\" aria-required=\"true\"><\/textarea>                    <\/div>\n                                    <div class=\"elementor-field-type-recaptcha elementor-field-group elementor-column elementor-field-group-field_bae4adb elementor-col-100\">\n                        <div class=\"elementor-field\" id=\"form-field-field_bae4adb\"><div class=\"elementor-g-recaptcha\" data-sitekey=\"6Lf5JxgrAAAAAI2axNrhDLkEP0MjI_CDIqLnnFsp\" data-type=\"v2_checkbox\" data-theme=\"light\" data-size=\"normal\"><\/div><\/div>                    <\/div>\n                                <div class=\"elementor-field-group elementor-column elementor-field-type-submit elementor-col-100 e-form__buttons\">\n                    <button type=\"submit\" class=\"elementor-button elementor-size-sm\">\n\t\t\t\t\t\t<span >\n\t\t\t\t\t\t\t                                <span class=\" elementor-button-icon\">\n\t\t\t\t\t\t\t\t\t                                    \t\t\t\t\t\t\t\t<\/span>\n                                                                                        <span class=\"elementor-button-text\">Send<\/span>\n                            \t\t\t\t\t\t<\/span>\n                    <\/button>\n                <\/div>\n            <\/div>\n        <\/form>\n        <\/div>\n        <\/div>\n        <\/section>\n        \t\t<\/div>\n\t\t\t\t<\/div>\n\t\t\t\t\t<\/div>\n\t\t<\/div>\n\t\t\t\t\t<\/div>\n\t\t<\/section>\n\t\t\t\t<\/div>\n\t\t","protected":false},"excerpt":{"rendered":"<p>Contact Innovation and Technology Transfer Centre of SGGWNowoursynowska 166, building No 8, room No 11902-787 Warsaw, Polande-mail: ciitt@sggw.edu.pl Staff: \u00a0 Manager: Maciej Paszewski PhDphone: 22 593 56 92, +48 695 605 545e-mail: maciej_paszewski@sggw.edu.pl Specialists: phone: 22 593 356 88,\u00a0 22 593 56 87,\u00a0 22 593 56 97 Contact form If you are interested in cooperation [&hellip;]<\/p>\n","protected":false},"author":1,"featured_media":0,"parent":15404,"menu_order":0,"comment_status":"closed","ping_status":"closed","template":"","meta":{"_acf_changed":false,"footnotes":""},"class_list":["post-13070","page","type-page","status-publish","hentry"],"acf":[],"_links":{"self":[{"href":"https:\/\/www.sggw.edu.pl\/en\/wp-json\/wp\/v2\/pages\/13070","targetHints":{"allow":["GET"]}}],"collection":[{"href":"https:\/\/www.sggw.edu.pl\/en\/wp-json\/wp\/v2\/pages"}],"about":[{"href":"https:\/\/www.sggw.edu.pl\/en\/wp-json\/wp\/v2\/types\/page"}],"author":[{"embeddable":true,"href":"https:\/\/www.sggw.edu.pl\/en\/wp-json\/wp\/v2\/users\/1"}],"replies":[{"embeddable":true,"href":"https:\/\/www.sggw.edu.pl\/en\/wp-json\/wp\/v2\/comments?post=13070"}],"version-history":[{"count":18,"href":"https:\/\/www.sggw.edu.pl\/en\/wp-json\/wp\/v2\/pages\/13070\/revisions"}],"predecessor-version":[{"id":232768,"href":"https:\/\/www.sggw.edu.pl\/en\/wp-json\/wp\/v2\/pages\/13070\/revisions\/232768"}],"up":[{"embeddable":true,"href":"https:\/\/www.sggw.edu.pl\/en\/wp-json\/wp\/v2\/pages\/15404"}],"wp:attachment":[{"href":"https:\/\/www.sggw.edu.pl\/en\/wp-json\/wp\/v2\/media?parent=13070"}],"curies":[{"name":"wp","href":"https:\/\/api.w.org\/{rel}","templated":true}]}}