{"id":13074,"date":"2020-12-23T11:05:09","date_gmt":"2020-12-23T10:05:09","guid":{"rendered":"https:\/\/www.sggw.edu.pl\/offer-for-business\/"},"modified":"2024-03-19T13:51:51","modified_gmt":"2024-03-19T12:51:51","slug":"offer-for-business","status":"publish","type":"page","link":"https:\/\/www.sggw.edu.pl\/en\/collaboration-and-services\/offer-for-business\/","title":{"rendered":"Offer for business"},"content":{"rendered":"\t\t<div data-elementor-type=\"wp-page\" data-elementor-id=\"13074\" class=\"elementor elementor-13074\" data-elementor-post-type=\"page\">\n\t\t\t\t\t\t<section class=\"elementor-section elementor-top-section elementor-element elementor-element-7d60c29f elementor-section-boxed elementor-section-height-default elementor-section-height-default\" data-id=\"7d60c29f\" data-element_type=\"section\">\n\t\t\t\t\t\t<div class=\"elementor-container elementor-column-gap-default\">\n\t\t\t\t\t<div class=\"elementor-column elementor-col-100 elementor-top-column elementor-element elementor-element-4d8b2629\" data-id=\"4d8b2629\" data-element_type=\"column\">\n\t\t\t<div class=\"elementor-widget-wrap elementor-element-populated\">\n\t\t\t\t\t\t<div class=\"elementor-element elementor-element-3c876669 elementor-widget elementor-widget-wp-widget-bcn_widget\" data-id=\"3c876669\" data-element_type=\"widget\" data-widget_type=\"wp-widget-bcn_widget.default\">\n\t\t\t\t<div class=\"elementor-widget-container\">\n\t\t\t<div class=\"mn-grid breadcrumb\">\n                                    <div class=\"breadcrumb-inner mn-grid-12\"><div class=\"breadcrumbs\" vocab=\"https:\/\/schema.org\/\" typeof=\"BreadcrumbList\"><span property=\"itemListElement\" typeof=\"ListItem\"><a property=\"item\" typeof=\"WebPage\" title=\"Go to Szko\u0142a G\u0142\u00f3wna Gospodarstwa Wiejskiego w Warszawie.\" href=\"https:\/\/www.sggw.edu.pl\/en\/\" class=\"home\" aria-current=\"page\"><span property=\"name\">Home<\/span><\/a><meta property=\"position\" content=\"1\"><\/span><\/div>    <\/div>\n                                <\/div>\t\t<\/div>\n\t\t\t\t<\/div>\n\t\t\t\t<div class=\"elementor-element elementor-element-1fda4948 elementor-widget elementor-widget-post-title\" data-id=\"1fda4948\" data-element_type=\"widget\" data-widget_type=\"post-title.default\">\n\t\t\t\t<div class=\"elementor-widget-container\">\n\t\t\t<section>\n                    <div class=\"mn-grid entry-header-inner section-inner medium\">\n                        <h1 class=\"mn-grid-12 entry-title\" style=\"\">\n                            Offer for business\n                        <\/h1>\n                    <\/div>\n                <\/section>\t\t<\/div>\n\t\t\t\t<\/div>\n\t\t\t\t<div class=\"elementor-element elementor-element-536a6bb elementor-widget elementor-widget-w33\" data-id=\"536a6bb\" data-element_type=\"widget\" data-widget_type=\"w33.default\">\n\t\t\t\t<div class=\"elementor-widget-container\">\n\t\t\t<section>\n            <div class=\"mn-grid\">\n                <div class=\"mn-vertical-separator-x2\">\n                    \n                <\/div>\n            <\/section>\t\t<\/div>\n\t\t\t\t<\/div>\n\t\t\t\t\t<\/div>\n\t\t<\/div>\n\t\t\t\t\t<\/div>\n\t\t<\/section>\n\t\t\t\t<section class=\"elementor-section elementor-top-section elementor-element elementor-element-1f32b67 elementor-section-boxed elementor-section-height-default elementor-section-height-default\" data-id=\"1f32b67\" data-element_type=\"section\">\n\t\t\t\t\t\t<div class=\"elementor-container elementor-column-gap-default\">\n\t\t\t\t\t<div class=\"elementor-column elementor-col-50 elementor-top-column elementor-element elementor-element-450cfbe\" data-id=\"450cfbe\" data-element_type=\"column\">\n\t\t\t<div class=\"elementor-widget-wrap elementor-element-populated\">\n\t\t\t\t\t\t<div class=\"elementor-element elementor-element-3249a9f elementor-widget elementor-widget-w12\" data-id=\"3249a9f\" data-element_type=\"widget\" data-widget_type=\"w12.default\">\n\t\t\t\t<div class=\"elementor-widget-container\">\n\t\t\t<section>\n                <div class=\"mn-grid\">\n                    <div class=\"mn-grid-12 mn-mod-text-links\">\n                        <p>You are welcome to look through our offer of intellectual property \u2013 patents and patent applications, published in the Patent Office Bulletin.<br \/>A detailed list can be found in the <a href=\"https:\/\/www.sggw.edu.pl\/en\/science\/patents\/\">PATENTS tab,<\/a> while a detailed description of the individual patents can be found on the website of the Polish Patent Office<\/p><p><a href=\"https:\/\/uprp.gov.pl\/pl\">www.uprp.gov.pl<\/a><\/p>\n                    <\/div>\n                <\/div>\n            <\/section>\t\t<\/div>\n\t\t\t\t<\/div>\n\t\t\t\t\t<\/div>\n\t\t<\/div>\n\t\t\t\t<div class=\"elementor-column elementor-col-50 elementor-top-column elementor-element elementor-element-2e984ee\" data-id=\"2e984ee\" data-element_type=\"column\">\n\t\t\t<div class=\"elementor-widget-wrap elementor-element-populated\">\n\t\t\t\t\t\t<div class=\"elementor-element elementor-element-a800025 elementor-widget elementor-widget-w25\" data-id=\"a800025\" data-element_type=\"widget\" data-widget_type=\"w25.default\">\n\t\t\t\t<div class=\"elementor-widget-container\">\n\t\t\t<section>\n                <div class=\"mn-grid\">\n                    <div class=\"mn-grid-12 mn-mod-img-full-width\">\n                        <img fetchpriority=\"high\" decoding=\"async\" width=\"752\" height=\"564\" src=\"https:\/\/www.sggw.edu.pl\/wp-content\/uploads\/2021\/01\/jossuha-theophile-KcLrr4fckfU-unsplash-scaled.jpg\" class=\"attachment-961x564 size-961x564\" alt=\"\" srcset=\"https:\/\/www.sggw.edu.pl\/wp-content\/uploads\/2021\/01\/jossuha-theophile-KcLrr4fckfU-unsplash-scaled.jpg 2560w, https:\/\/www.sggw.edu.pl\/wp-content\/uploads\/2021\/01\/jossuha-theophile-KcLrr4fckfU-unsplash-300x225.jpg 300w, https:\/\/www.sggw.edu.pl\/wp-content\/uploads\/2021\/01\/jossuha-theophile-KcLrr4fckfU-unsplash-1024x768.jpg 1024w, https:\/\/www.sggw.edu.pl\/wp-content\/uploads\/2021\/01\/jossuha-theophile-KcLrr4fckfU-unsplash-768x576.jpg 768w, https:\/\/www.sggw.edu.pl\/wp-content\/uploads\/2021\/01\/jossuha-theophile-KcLrr4fckfU-unsplash-1536x1152.jpg 1536w, https:\/\/www.sggw.edu.pl\/wp-content\/uploads\/2021\/01\/jossuha-theophile-KcLrr4fckfU-unsplash-2048x1536.jpg 2048w, https:\/\/www.sggw.edu.pl\/wp-content\/uploads\/2021\/01\/jossuha-theophile-KcLrr4fckfU-unsplash-1200x900.jpg 1200w, https:\/\/www.sggw.edu.pl\/wp-content\/uploads\/2021\/01\/jossuha-theophile-KcLrr4fckfU-unsplash-1980x1485.jpg 1980w\" sizes=\"(max-width: 752px) 100vw, 752px\" \/>  <\/div>\n                <\/div>\n                <\/section>\t\t<\/div>\n\t\t\t\t<\/div>\n\t\t\t\t\t<\/div>\n\t\t<\/div>\n\t\t\t\t\t<\/div>\n\t\t<\/section>\n\t\t\t\t<section class=\"elementor-section elementor-top-section elementor-element elementor-element-90ad528 elementor-section-boxed elementor-section-height-default elementor-section-height-default\" data-id=\"90ad528\" data-element_type=\"section\">\n\t\t\t\t\t\t<div class=\"elementor-container elementor-column-gap-default\">\n\t\t\t\t\t<div class=\"elementor-column elementor-col-100 elementor-top-column elementor-element elementor-element-4f65cf4\" data-id=\"4f65cf4\" data-element_type=\"column\">\n\t\t\t<div class=\"elementor-widget-wrap\">\n\t\t\t\t\t\t\t<\/div>\n\t\t<\/div>\n\t\t\t\t\t<\/div>\n\t\t<\/section>\n\t\t\t\t<\/div>\n\t\t","protected":false},"excerpt":{"rendered":"<p>Offer for business You are welcome to look through our offer of intellectual property \u2013 patents and patent applications, published in the Patent Office Bulletin.A detailed list can be found in the PATENTS tab, while a detailed description of the individual patents can be found on the website of the Polish Patent Office www.uprp.gov.pl<\/p>\n","protected":false},"author":1,"featured_media":0,"parent":15822,"menu_order":0,"comment_status":"closed","ping_status":"closed","template":"","meta":{"_acf_changed":false,"footnotes":""},"class_list":["post-13074","page","type-page","status-publish","hentry"],"acf":[],"_links":{"self":[{"href":"https:\/\/www.sggw.edu.pl\/en\/wp-json\/wp\/v2\/pages\/13074","targetHints":{"allow":["GET"]}}],"collection":[{"href":"https:\/\/www.sggw.edu.pl\/en\/wp-json\/wp\/v2\/pages"}],"about":[{"href":"https:\/\/www.sggw.edu.pl\/en\/wp-json\/wp\/v2\/types\/page"}],"author":[{"embeddable":true,"href":"https:\/\/www.sggw.edu.pl\/en\/wp-json\/wp\/v2\/users\/1"}],"replies":[{"embeddable":true,"href":"https:\/\/www.sggw.edu.pl\/en\/wp-json\/wp\/v2\/comments?post=13074"}],"version-history":[{"count":11,"href":"https:\/\/www.sggw.edu.pl\/en\/wp-json\/wp\/v2\/pages\/13074\/revisions"}],"predecessor-version":[{"id":194375,"href":"https:\/\/www.sggw.edu.pl\/en\/wp-json\/wp\/v2\/pages\/13074\/revisions\/194375"}],"up":[{"embeddable":true,"href":"https:\/\/www.sggw.edu.pl\/en\/wp-json\/wp\/v2\/pages\/15822"}],"wp:attachment":[{"href":"https:\/\/www.sggw.edu.pl\/en\/wp-json\/wp\/v2\/media?parent=13074"}],"curies":[{"name":"wp","href":"https:\/\/api.w.org\/{rel}","templated":true}]}}