{"id":13077,"date":"2020-12-23T11:05:10","date_gmt":"2020-12-23T10:05:10","guid":{"rendered":"https:\/\/www.sggw.edu.pl\/campus\/"},"modified":"2024-08-21T16:37:28","modified_gmt":"2024-08-21T14:37:28","slug":"campus","status":"publish","type":"page","link":"https:\/\/www.sggw.edu.pl\/en\/campus\/","title":{"rendered":"Campus"},"content":{"rendered":"\t\t<div data-elementor-type=\"wp-page\" data-elementor-id=\"13077\" class=\"elementor elementor-13077\" data-elementor-post-type=\"page\">\n\t\t\t\t\t\t<section class=\"elementor-section elementor-top-section elementor-element elementor-element-24182f77 elementor-section-boxed elementor-section-height-default elementor-section-height-default\" data-id=\"24182f77\" data-element_type=\"section\">\n\t\t\t\t\t\t<div class=\"elementor-container elementor-column-gap-default\">\n\t\t\t\t\t<div class=\"elementor-column elementor-col-100 elementor-top-column elementor-element elementor-element-5cc88274\" data-id=\"5cc88274\" data-element_type=\"column\">\n\t\t\t<div class=\"elementor-widget-wrap elementor-element-populated\">\n\t\t\t\t\t\t<div class=\"elementor-element elementor-element-5057cbb5 elementor-widget elementor-widget-wp-widget-bcn_widget\" data-id=\"5057cbb5\" data-element_type=\"widget\" data-widget_type=\"wp-widget-bcn_widget.default\">\n\t\t\t\t<div class=\"elementor-widget-container\">\n\t\t\t<div class=\"mn-grid breadcrumb\">\n                                    <div class=\"breadcrumb-inner mn-grid-12\"><div class=\"breadcrumbs\" vocab=\"https:\/\/schema.org\/\" typeof=\"BreadcrumbList\"><span property=\"itemListElement\" typeof=\"ListItem\"><a property=\"item\" typeof=\"WebPage\" title=\"Go to Szko\u0142a G\u0142\u00f3wna Gospodarstwa Wiejskiego w Warszawie.\" href=\"https:\/\/www.sggw.edu.pl\/en\/\" class=\"home\" aria-current=\"page\"><span property=\"name\">Home<\/span><\/a><meta property=\"position\" content=\"1\"><\/span><\/div>    <\/div>\n                                <\/div>\t\t<\/div>\n\t\t\t\t<\/div>\n\t\t\t\t<div class=\"elementor-element elementor-element-6360e182 elementor-widget elementor-widget-post-title\" data-id=\"6360e182\" data-element_type=\"widget\" data-widget_type=\"post-title.default\">\n\t\t\t\t<div class=\"elementor-widget-container\">\n\t\t\t<section>\n                    <div class=\"mn-grid entry-header-inner section-inner medium\">\n                        <h1 class=\"mn-grid-12 entry-title\" style=\"\">\n                            Campus\n                        <\/h1>\n                    <\/div>\n                <\/section>\t\t<\/div>\n\t\t\t\t<\/div>\n\t\t\t\t\t<\/div>\n\t\t<\/div>\n\t\t\t\t\t<\/div>\n\t\t<\/section>\n\t\t\t\t<section class=\"elementor-section elementor-top-section elementor-element elementor-element-f9db861 elementor-section-boxed elementor-section-height-default elementor-section-height-default\" data-id=\"f9db861\" data-element_type=\"section\">\n\t\t\t\t\t\t<div class=\"elementor-container elementor-column-gap-default\">\n\t\t\t\t\t<div class=\"elementor-column elementor-col-100 elementor-top-column elementor-element elementor-element-bf8e2f1\" data-id=\"bf8e2f1\" data-element_type=\"column\">\n\t\t\t<div class=\"elementor-widget-wrap elementor-element-populated\">\n\t\t\t\t\t\t<div class=\"elementor-element elementor-element-6a341a5 elementor-widget elementor-widget-w11\" data-id=\"6a341a5\" data-element_type=\"widget\" data-widget_type=\"w11.default\">\n\t\t\t\t<div class=\"elementor-widget-container\">\n\t\t\t<section><div class=\"mn-grid\"><ul class=\"mn-grid-12 mn-mod-links-text-3\"><li>\n                            <a href=\"https:\/\/www.sggw.edu.pl\/en\/campus\/campus-map\/\" >\n                                <span>Campus map<\/span>\n                            <\/a>\n                        <\/li><li>\n                            <a href=\"http:\/\/adiss.sggw.pl\/\" >\n                                <span>Dormitories<\/span>\n                            <\/a>\n                        <\/li><li>\n                            <a href=\"http:\/\/obiektysportowe.sggw.pl\/ \" >\n                                <span>Sports facilities<\/span>\n                            <\/a>\n                        <\/li><li>\n                            <a href=\"http:\/\/www.bg.sggw.pl\/index.php\/pl\/ \" >\n                                <span>W\u0142adys\u0142aw Grabski Main Library<\/span>\n                            <\/a>\n                        <\/li><li>\n                            <a href=\"https:\/\/www.sggw.edu.pl\/en\/campus\/sggw-student-health-centre\/\" >\n                                <span>Health Centre<\/span>\n                            <\/a>\n                        <\/li><li>\n                            <a href=\"https:\/\/live.tourdash.com\/embed\/dceb6791d5d74dd9a7999e9504709883\" >\n                                <span>Virtual tour of SGGW<\/span>\n                            <\/a>\n                        <\/li><\/ul><\/div><\/section>\t\t<\/div>\n\t\t\t\t<\/div>\n\t\t\t\t\t<\/div>\n\t\t<\/div>\n\t\t\t\t\t<\/div>\n\t\t<\/section>\n\t\t\t\t<section class=\"elementor-section elementor-top-section elementor-element elementor-element-df38060 elementor-section-boxed elementor-section-height-default elementor-section-height-default\" data-id=\"df38060\" data-element_type=\"section\">\n\t\t\t\t\t\t<div class=\"elementor-container elementor-column-gap-default\">\n\t\t\t\t\t<div class=\"elementor-column elementor-col-100 elementor-top-column elementor-element elementor-element-e658de3\" data-id=\"e658de3\" data-element_type=\"column\">\n\t\t\t<div class=\"elementor-widget-wrap elementor-element-populated\">\n\t\t\t\t\t\t<div class=\"elementor-element elementor-element-7489fa9 elementor-widget elementor-widget-w33\" data-id=\"7489fa9\" data-element_type=\"widget\" data-widget_type=\"w33.default\">\n\t\t\t\t<div class=\"elementor-widget-container\">\n\t\t\t<section>\n            <div class=\"mn-grid\">\n                <div class=\"mn-vertical-separator\">\n                    \n                <\/div>\n            <\/section>\t\t<\/div>\n\t\t\t\t<\/div>\n\t\t\t\t<div class=\"elementor-element elementor-element-7beadb6 elementor-widget elementor-widget-w33\" data-id=\"7beadb6\" data-element_type=\"widget\" data-widget_type=\"w33.default\">\n\t\t\t\t<div class=\"elementor-widget-container\">\n\t\t\t<section>\n            <div class=\"mn-grid\">\n                <div class=\"mn-vertical-separator\">\n                    \n                <\/div>\n            <\/section>\t\t<\/div>\n\t\t\t\t<\/div>\n\t\t\t\t\t<\/div>\n\t\t<\/div>\n\t\t\t\t\t<\/div>\n\t\t<\/section>\n\t\t\t\t<section class=\"elementor-section elementor-top-section elementor-element elementor-element-857a793 elementor-section-boxed elementor-section-height-default elementor-section-height-default\" data-id=\"857a793\" data-element_type=\"section\">\n\t\t\t\t\t\t<div class=\"elementor-container elementor-column-gap-default\">\n\t\t\t\t\t<div class=\"elementor-column elementor-col-100 elementor-top-column elementor-element elementor-element-4a80ad6\" data-id=\"4a80ad6\" data-element_type=\"column\">\n\t\t\t<div class=\"elementor-widget-wrap elementor-element-populated\">\n\t\t\t\t\t\t<div class=\"elementor-element elementor-element-19dd23a elementor-widget elementor-widget-w12\" data-id=\"19dd23a\" data-element_type=\"widget\" data-widget_type=\"w12.default\">\n\t\t\t\t<div class=\"elementor-widget-container\">\n\t\t\t<section>\n                <div class=\"mn-grid\">\n                    <div class=\"mn-grid-12 mn-mod-text-links\">\n                        <p>The SGGW campus is one of the best planned and equipped education and research complex in the country. On 70 hectares of green land, there are more than 1,500 teaching rooms, 60 computer labs, 300 classrooms for lectures and practical classes, 24 lecture halls, a modern library, clinics, animal quarters, greenhouses, production halls, sports facilities, and dormitories with more than 4,000 places.<\/p><p>The whole campus is complemented by carefully laid out greenery \u2013 several thousand trees and shrubs perfectly combined with the modern architecture of the buildings of faculties and scientific institutes.<\/p><p>In the oldest part of the campus, there is the Ursyn\u00f3w palace complex listed in the register of monuments &#8211; the seat of the rectory authorities of the Warsaw University of Life Sciences. Created in 1775, the property was inhabited by prominent personalities such as Julian Ursyn Niemcewicz, from whom the southern district of Warsaw took its name. Right next to it there is the nature reserve Skarpa Ursynowska \u2013 one of the most picturesquely located nature reserves in Mazovia.<\/p><p>A well-maintained and well-designed campus make studying easier and more enjoyable. It is also a well-liked place for excursions of Warsaw residents and tourists. The SGGW gateway is open to all.<\/p>\n                    <\/div>\n                <\/div>\n            <\/section>\t\t<\/div>\n\t\t\t\t<\/div>\n\t\t\t\t\t<\/div>\n\t\t<\/div>\n\t\t\t\t\t<\/div>\n\t\t<\/section>\n\t\t\t\t<\/div>\n\t\t","protected":false},"excerpt":{"rendered":"<p>Campus Campus map Dormitories Sports facilities W\u0142adys\u0142aw Grabski Main Library Health Centre Virtual tour of SGGW The SGGW campus is one of the best planned and equipped education and research complex in the country. On 70 hectares of green land, there are more than 1,500 teaching rooms, 60 computer labs, 300 classrooms for lectures and [&hellip;]<\/p>\n","protected":false},"author":1,"featured_media":0,"parent":0,"menu_order":0,"comment_status":"closed","ping_status":"closed","template":"","meta":{"_acf_changed":false,"footnotes":""},"class_list":["post-13077","page","type-page","status-publish","hentry"],"acf":[],"_links":{"self":[{"href":"https:\/\/www.sggw.edu.pl\/en\/wp-json\/wp\/v2\/pages\/13077","targetHints":{"allow":["GET"]}}],"collection":[{"href":"https:\/\/www.sggw.edu.pl\/en\/wp-json\/wp\/v2\/pages"}],"about":[{"href":"https:\/\/www.sggw.edu.pl\/en\/wp-json\/wp\/v2\/types\/page"}],"author":[{"embeddable":true,"href":"https:\/\/www.sggw.edu.pl\/en\/wp-json\/wp\/v2\/users\/1"}],"replies":[{"embeddable":true,"href":"https:\/\/www.sggw.edu.pl\/en\/wp-json\/wp\/v2\/comments?post=13077"}],"version-history":[{"count":31,"href":"https:\/\/www.sggw.edu.pl\/en\/wp-json\/wp\/v2\/pages\/13077\/revisions"}],"predecessor-version":[{"id":212943,"href":"https:\/\/www.sggw.edu.pl\/en\/wp-json\/wp\/v2\/pages\/13077\/revisions\/212943"}],"wp:attachment":[{"href":"https:\/\/www.sggw.edu.pl\/en\/wp-json\/wp\/v2\/media?parent=13077"}],"curies":[{"name":"wp","href":"https:\/\/api.w.org\/{rel}","templated":true}]}}