{"id":13145,"date":"2020-12-23T11:11:56","date_gmt":"2020-12-23T10:11:56","guid":{"rendered":"https:\/\/www.sggw.edu.pl\/commercial-research-services-kzl\/"},"modified":"2023-01-11T15:18:08","modified_gmt":"2023-01-11T14:18:08","slug":"commercial-research-services-kzl","status":"publish","type":"page","link":"https:\/\/www.sggw.edu.pl\/en\/science\/cooperation-with-business-2\/commercial-research-services-kzl\/","title":{"rendered":"Commercial Research Services (KZL)"},"content":{"rendered":"\t\t<div data-elementor-type=\"wp-page\" data-elementor-id=\"13145\" class=\"elementor elementor-13145\" data-elementor-post-type=\"page\">\n\t\t\t\t\t\t<section class=\"elementor-section elementor-top-section elementor-element elementor-element-495c1186 elementor-section-boxed elementor-section-height-default elementor-section-height-default\" data-id=\"495c1186\" data-element_type=\"section\">\n\t\t\t\t\t\t<div class=\"elementor-container elementor-column-gap-default\">\n\t\t\t\t\t<div class=\"elementor-column elementor-col-100 elementor-top-column elementor-element elementor-element-3736c5a9\" data-id=\"3736c5a9\" data-element_type=\"column\">\n\t\t\t<div class=\"elementor-widget-wrap elementor-element-populated\">\n\t\t\t\t\t\t<div class=\"elementor-element elementor-element-7d349f77 elementor-widget elementor-widget-wp-widget-bcn_widget\" data-id=\"7d349f77\" data-element_type=\"widget\" data-widget_type=\"wp-widget-bcn_widget.default\">\n\t\t\t\t<div class=\"elementor-widget-container\">\n\t\t\t<div class=\"mn-grid breadcrumb\">\n                                    <div class=\"breadcrumb-inner mn-grid-12\"><div class=\"breadcrumbs\" vocab=\"https:\/\/schema.org\/\" typeof=\"BreadcrumbList\"><span property=\"itemListElement\" typeof=\"ListItem\"><a property=\"item\" typeof=\"WebPage\" title=\"Go to Szko\u0142a G\u0142\u00f3wna Gospodarstwa Wiejskiego w Warszawie.\" href=\"https:\/\/www.sggw.edu.pl\/en\/\" class=\"home\" aria-current=\"page\"><span property=\"name\">Home<\/span><\/a><meta property=\"position\" content=\"1\"><\/span><\/div>    <\/div>\n                                <\/div>\t\t<\/div>\n\t\t\t\t<\/div>\n\t\t\t\t<div class=\"elementor-element elementor-element-480044f elementor-widget elementor-widget-post-title\" data-id=\"480044f\" data-element_type=\"widget\" data-widget_type=\"post-title.default\">\n\t\t\t\t<div class=\"elementor-widget-container\">\n\t\t\t<section>\n                    <div class=\"mn-grid entry-header-inner section-inner medium\">\n                        <h1 class=\"mn-grid-12 entry-title\" style=\"\">\n                            Commercial Research Services (KZL)\n                        <\/h1>\n                    <\/div>\n                <\/section>\t\t<\/div>\n\t\t\t\t<\/div>\n\t\t\t\t<div class=\"elementor-element elementor-element-a35c148 elementor-widget elementor-widget-w33\" data-id=\"a35c148\" data-element_type=\"widget\" data-widget_type=\"w33.default\">\n\t\t\t\t<div class=\"elementor-widget-container\">\n\t\t\t<section>\n            <div class=\"mn-grid\">\n                <div class=\"mn-vertical-separator-x2\">\n                    \n                <\/div>\n            <\/section>\t\t<\/div>\n\t\t\t\t<\/div>\n\t\t\t\t\t<\/div>\n\t\t<\/div>\n\t\t\t\t\t<\/div>\n\t\t<\/section>\n\t\t\t\t<section class=\"elementor-section elementor-top-section elementor-element elementor-element-6a13d24 elementor-section-boxed elementor-section-height-default elementor-section-height-default\" data-id=\"6a13d24\" data-element_type=\"section\">\n\t\t\t\t\t\t<div class=\"elementor-container elementor-column-gap-default\">\n\t\t\t\t\t<div class=\"elementor-column elementor-col-100 elementor-top-column elementor-element elementor-element-0287463\" data-id=\"0287463\" data-element_type=\"column\">\n\t\t\t<div class=\"elementor-widget-wrap elementor-element-populated\">\n\t\t\t\t\t\t<div class=\"elementor-element elementor-element-ec9ef51 elementor-widget elementor-widget-w1_2_3\" data-id=\"ec9ef51\" data-element_type=\"widget\" data-widget_type=\"w1_2_3.default\">\n\t\t\t\t<div class=\"elementor-widget-container\">\n\t\t\t<section>\n                    <div class=\"mn-grid\">\n                        <h3  class=\"mn-grid-12 mn-section-title2\">\n                            Procedure for the submission of applications for commercial research services (KZL)\n                        <\/h3>\n                    <\/div>\n                <\/section>\t\t<\/div>\n\t\t\t\t<\/div>\n\t\t\t\t\t<\/div>\n\t\t<\/div>\n\t\t\t\t\t<\/div>\n\t\t<\/section>\n\t\t\t\t<section class=\"elementor-section elementor-top-section elementor-element elementor-element-f2fc0fe elementor-section-boxed elementor-section-height-default elementor-section-height-default\" data-id=\"f2fc0fe\" data-element_type=\"section\">\n\t\t\t\t\t\t<div class=\"elementor-container elementor-column-gap-default\">\n\t\t\t\t\t<div class=\"elementor-column elementor-col-50 elementor-top-column elementor-element elementor-element-36f266f\" data-id=\"36f266f\" data-element_type=\"column\">\n\t\t\t<div class=\"elementor-widget-wrap elementor-element-populated\">\n\t\t\t\t\t\t<div class=\"elementor-element elementor-element-d66edbf elementor-widget elementor-widget-w12\" data-id=\"d66edbf\" data-element_type=\"widget\" data-widget_type=\"w12.default\">\n\t\t\t\t<div class=\"elementor-widget-container\">\n\t\t\t<section>\n                <div class=\"mn-grid\">\n                    <div class=\"mn-grid-12 mn-mod-text-links\">\n                        <p><img fetchpriority=\"high\" decoding=\"async\" class=\"size-medium wp-image-2564 aligncenter\" src=\"https:\/\/www.sggw.edu.pl\/wp-content\/uploads\/2020\/09\/mikroskop-192x300.png\" alt=\"\" width=\"192\" height=\"300\" srcset=\"https:\/\/www.sggw.edu.pl\/wp-content\/uploads\/2020\/09\/mikroskop-192x300.png 192w, https:\/\/www.sggw.edu.pl\/wp-content\/uploads\/2020\/09\/mikroskop.png 218w\" sizes=\"(max-width: 192px) 100vw, 192px\" \/><\/p>\n\n                    <\/div>\n                <\/div>\n            <\/section>\t\t<\/div>\n\t\t\t\t<\/div>\n\t\t\t\t\t<\/div>\n\t\t<\/div>\n\t\t\t\t<div class=\"elementor-column elementor-col-50 elementor-top-column elementor-element elementor-element-186c3fb\" data-id=\"186c3fb\" data-element_type=\"column\">\n\t\t\t<div class=\"elementor-widget-wrap elementor-element-populated\">\n\t\t\t\t\t\t<div class=\"elementor-element elementor-element-d838262 elementor-widget elementor-widget-w12\" data-id=\"d838262\" data-element_type=\"widget\" data-widget_type=\"w12.default\">\n\t\t\t\t<div class=\"elementor-widget-container\">\n\t\t\t<section>\n                <div class=\"mn-grid\">\n                    <div class=\"mn-grid-12 mn-mod-text-links\">\n                        <p style=\"text-align: left\"><strong>An application for consent to contract<\/strong> <strong>works<\/strong> (3 original copies) must be submitted to the Centre for Innovation and Technology Transfer (building no. 8, room no. 119).<\/p><p>The application must be accompanied by a preliminary calculation, signed by: the Head of the grant, the Head of Department, the Director of the Institute, and the Bursar of SGGW.<\/p><p>If you apply for the 1. Cost group,\u00a0 only the application should be submitted at first.\u00a0 Once you receive consent, the next step will be preparing the preliminary calculation.<\/p><p>If the research service is included in the international entity contract, the calculation should be prepared both in foreign and Polish.<\/p><p>Before signing a contract for commissioned works by the Parties, it is necessary to obtain the acceptance of the contract from the legal counsel of the University.<\/p><p>If the Ordering Party proposes ways of payment or issuing invoices other than the approved contract templates of the SGGW\u00a0 &#8211; it is advisable to contact the Bursary before signing the contract.<\/p><p>Before signing the contract by the Parties, in addition to the <span class=\"hw\">initials <\/span>of the SGGW legal counsel, it is important that the copy is signed by: Project Manager, Head of The Department, and Director of the Institute (if he\/she is not a person representing the University &#8211; applies to contracts of PLN 200,000 net).<\/p>\n                    <\/div>\n                <\/div>\n            <\/section>\t\t<\/div>\n\t\t\t\t<\/div>\n\t\t\t\t\t<\/div>\n\t\t<\/div>\n\t\t\t\t\t<\/div>\n\t\t<\/section>\n\t\t\t\t<section class=\"elementor-section elementor-top-section elementor-element elementor-element-b58965c elementor-section-boxed elementor-section-height-default elementor-section-height-default\" data-id=\"b58965c\" data-element_type=\"section\">\n\t\t\t\t\t\t<div class=\"elementor-container elementor-column-gap-default\">\n\t\t\t\t\t<div class=\"elementor-column elementor-col-100 elementor-top-column elementor-element elementor-element-19f2b0d\" data-id=\"19f2b0d\" data-element_type=\"column\">\n\t\t\t<div class=\"elementor-widget-wrap elementor-element-populated\">\n\t\t\t\t\t\t<div class=\"elementor-element elementor-element-7ef40da elementor-widget elementor-widget-w7\" data-id=\"7ef40da\" data-element_type=\"widget\" data-widget_type=\"w7.default\">\n\t\t\t\t<div class=\"elementor-widget-container\">\n\t\t\t<section>\n                <div class=\"mn-grid\">\n                    <div class=\"mn-grid-12 mn-horizontal-separator\"><\/div>\n                <\/div>\n                <\/section>\t\t<\/div>\n\t\t\t\t<\/div>\n\t\t\t\t\t<\/div>\n\t\t<\/div>\n\t\t\t\t\t<\/div>\n\t\t<\/section>\n\t\t\t\t<section class=\"elementor-section elementor-top-section elementor-element elementor-element-89cc923 elementor-section-boxed elementor-section-height-default elementor-section-height-default\" data-id=\"89cc923\" data-element_type=\"section\">\n\t\t\t\t\t\t<div class=\"elementor-container elementor-column-gap-default\">\n\t\t\t\t\t<div class=\"elementor-column elementor-col-100 elementor-top-column elementor-element elementor-element-b5114bd\" data-id=\"b5114bd\" data-element_type=\"column\">\n\t\t\t<div class=\"elementor-widget-wrap elementor-element-populated\">\n\t\t\t\t\t\t<div class=\"elementor-element elementor-element-d53745d elementor-widget elementor-widget-w1_2_3\" data-id=\"d53745d\" data-element_type=\"widget\" data-widget_type=\"w1_2_3.default\">\n\t\t\t\t<div class=\"elementor-widget-container\">\n\t\t\t<section>\n                    <div class=\"mn-grid\">\n                        <h3  class=\"mn-grid-12 mn-section-title2\">\n                            Downloads\n                        <\/h3>\n                    <\/div>\n                <\/section>\t\t<\/div>\n\t\t\t\t<\/div>\n\t\t\t\t<div class=\"elementor-element elementor-element-41bcb84 elementor-widget elementor-widget-w33\" data-id=\"41bcb84\" data-element_type=\"widget\" data-widget_type=\"w33.default\">\n\t\t\t\t<div class=\"elementor-widget-container\">\n\t\t\t<section>\n            <div class=\"mn-grid\">\n                <div class=\"mn-vertical-separator-x2\">\n                    \n                <\/div>\n            <\/section>\t\t<\/div>\n\t\t\t\t<\/div>\n\t\t\t\t\t<\/div>\n\t\t<\/div>\n\t\t\t\t\t<\/div>\n\t\t<\/section>\n\t\t\t\t<section class=\"elementor-section elementor-top-section elementor-element elementor-element-08ae234 elementor-section-boxed elementor-section-height-default elementor-section-height-default\" data-id=\"08ae234\" data-element_type=\"section\">\n\t\t\t\t\t\t<div class=\"elementor-container elementor-column-gap-default\">\n\t\t\t\t\t<div class=\"elementor-column elementor-col-50 elementor-top-column elementor-element elementor-element-c197e32\" data-id=\"c197e32\" data-element_type=\"column\">\n\t\t\t<div class=\"elementor-widget-wrap elementor-element-populated\">\n\t\t\t\t\t\t<div class=\"elementor-element elementor-element-412b44d elementor-widget elementor-widget-w12\" data-id=\"412b44d\" data-element_type=\"widget\" data-widget_type=\"w12.default\">\n\t\t\t\t<div class=\"elementor-widget-container\">\n\t\t\t<section>\n                <div class=\"mn-grid\">\n                    <div class=\"mn-grid-12 mn-mod-text-links\">\n                        <p><img decoding=\"async\" class=\"size-medium wp-image-2598 aligncenter\" src=\"https:\/\/www.sggw.edu.pl\/wp-content\/uploads\/2020\/09\/fiolka-217x300.png\" alt=\"\" width=\"217\" height=\"300\" srcset=\"https:\/\/www.sggw.edu.pl\/wp-content\/uploads\/2020\/09\/fiolka-217x300.png 217w, https:\/\/www.sggw.edu.pl\/wp-content\/uploads\/2020\/09\/fiolka.png 246w\" sizes=\"(max-width: 217px) 100vw, 217px\" \/><\/p>\n\n                    <\/div>\n                <\/div>\n            <\/section>\t\t<\/div>\n\t\t\t\t<\/div>\n\t\t\t\t\t<\/div>\n\t\t<\/div>\n\t\t\t\t<div class=\"elementor-column elementor-col-50 elementor-top-column elementor-element elementor-element-55cb0d3\" data-id=\"55cb0d3\" data-element_type=\"column\">\n\t\t\t<div class=\"elementor-widget-wrap elementor-element-populated\">\n\t\t\t\t\t\t<div class=\"elementor-element elementor-element-7b12be1 elementor-widget elementor-widget-w10\" data-id=\"7b12be1\" data-element_type=\"widget\" data-widget_type=\"w10.default\">\n\t\t\t\t<div class=\"elementor-widget-container\">\n\t\t\t<section><div class=\"mn-grid\"><ul class=\"mn-link-list-type2 mn-grid-12\"><li>\n                            <a href=\"https:\/\/www.sggw.edu.pl\/wp-content\/uploads\/2020\/09\/Wniosek-do-Kwestury-o-wystawienie-faktury.docx\" >\n                                <span>Request to Bursary to issue an invoice<\/span>\n                            <\/a>\n                        <\/li><li>\n                            <a href=\"https:\/\/www.sggw.edu.pl\/wp-content\/uploads\/2020\/09\/Protok\u00f3\u0142-zdawczo-odbiorczy-formularz-do-wype\u0142nienia.docx\" >\n                                <span>Example of a receiving protocol (Annex No 2 to the Agreement)  <\/span>\n                            <\/a>\n                        <\/li><li>\n                            <a href=\"https:\/\/www.sggw.edu.pl\/wp-content\/uploads\/2020\/09\/Wz\u00f3r-zlecenia.doc\" >\n                                <span>Example of an assignment<\/span>\n                            <\/a>\n                        <\/li><li>\n                            <a href=\"http:\/\/www.sggw.edu.pl\/wp-content\/uploads\/2023\/01\/Application-for-commissioned-work-KZL_-valid-from-2023-aktualizacja-z-dnia-11.01.2023-2.doc\" >\n                                <span>Application for commissioned work KZL - valid from 2022<\/span>\n                            <\/a>\n                        <\/li><li>\n                            <a href=\"http:\/\/www.sggw.edu.pl\/wp-content\/uploads\/2022\/09\/CONTRACT_Example-of-a-research-service-contract-without-the-transfer-of-property-copyright-update-09.2022.docx\" >\n                                <span>CONTRACT_Example of a research service contract without the transfer of property copyright (update 09.2022)<\/span>\n                            <\/a>\n                        <\/li><li>\n                            <a href=\"http:\/\/www.sggw.edu.pl\/wp-content\/uploads\/2022\/09\/Preliminary-calculation-1st-cost-group-foreign-no-profit.xls\" >\n                                <span>Preliminary calculation - 1st cost group - foreign (no profit)<\/span>\n                            <\/a>\n                        <\/li><li>\n                            <a href=\"http:\/\/www.sggw.edu.pl\/wp-content\/uploads\/2022\/09\/Preliminary-calculation-2nd-cost-group-foreign-with-5-profit.xls\" >\n                                <span>Preliminary calculation - 2nd cost group - foreign (with 5% profit)<\/span>\n                            <\/a>\n                        <\/li><li>\n                            <a href=\"http:\/\/www.sggw.edu.pl\/wp-content\/uploads\/2022\/09\/Preliminary-calculation-3rd-cost-group-foreign-with-10-profit.xls\" >\n                                <span>Preliminary calculation - 3rd cost group - foreign (with 10% profit)<\/span>\n                            <\/a>\n                        <\/li><li>\n                            <a href=\"http:\/\/www.sggw.edu.pl\/wp-content\/uploads\/2022\/09\/CONTRACT_Example-of-a-research-service-contract-with-the-transfer-of-property-copyright-update-09.2022.docx\" >\n                                <span>CONTRACT_Example of a research service contract with the transfer of property copyright (update 09.2022)<\/span>\n                            <\/a>\n                        <\/li><\/ul><\/div><\/section>\t\t<\/div>\n\t\t\t\t<\/div>\n\t\t\t\t\t<\/div>\n\t\t<\/div>\n\t\t\t\t\t<\/div>\n\t\t<\/section>\n\t\t\t\t<\/div>\n\t\t","protected":false},"excerpt":{"rendered":"<p>Commercial Research Services (KZL) Procedure for the submission of applications for commercial research services (KZL) An application for consent to contract works (3 original copies) must be submitted to the Centre for Innovation and Technology Transfer (building no. 8, room no. 119). The application must be accompanied by a preliminary calculation, signed by: the Head [&hellip;]<\/p>\n","protected":false},"author":1,"featured_media":0,"parent":15404,"menu_order":0,"comment_status":"closed","ping_status":"closed","template":"elementor_theme","meta":{"_acf_changed":false,"footnotes":""},"class_list":["post-13145","page","type-page","status-publish","hentry"],"acf":[],"_links":{"self":[{"href":"https:\/\/www.sggw.edu.pl\/en\/wp-json\/wp\/v2\/pages\/13145","targetHints":{"allow":["GET"]}}],"collection":[{"href":"https:\/\/www.sggw.edu.pl\/en\/wp-json\/wp\/v2\/pages"}],"about":[{"href":"https:\/\/www.sggw.edu.pl\/en\/wp-json\/wp\/v2\/types\/page"}],"author":[{"embeddable":true,"href":"https:\/\/www.sggw.edu.pl\/en\/wp-json\/wp\/v2\/users\/1"}],"replies":[{"embeddable":true,"href":"https:\/\/www.sggw.edu.pl\/en\/wp-json\/wp\/v2\/comments?post=13145"}],"version-history":[{"count":40,"href":"https:\/\/www.sggw.edu.pl\/en\/wp-json\/wp\/v2\/pages\/13145\/revisions"}],"predecessor-version":[{"id":144380,"href":"https:\/\/www.sggw.edu.pl\/en\/wp-json\/wp\/v2\/pages\/13145\/revisions\/144380"}],"up":[{"embeddable":true,"href":"https:\/\/www.sggw.edu.pl\/en\/wp-json\/wp\/v2\/pages\/15404"}],"wp:attachment":[{"href":"https:\/\/www.sggw.edu.pl\/en\/wp-json\/wp\/v2\/media?parent=13145"}],"curies":[{"name":"wp","href":"https:\/\/api.w.org\/{rel}","templated":true}]}}