{"id":13148,"date":"2020-12-23T11:11:57","date_gmt":"2020-12-23T10:11:57","guid":{"rendered":"https:\/\/www.sggw.edu.pl\/cooperation-agreements\/"},"modified":"2021-07-06T08:30:39","modified_gmt":"2021-07-06T06:30:39","slug":"cooperation-agreements","status":"publish","type":"page","link":"https:\/\/www.sggw.edu.pl\/en\/science\/cooperation-with-business-2\/cooperation-agreements\/","title":{"rendered":"Cooperation agreements"},"content":{"rendered":"\t\t<div data-elementor-type=\"wp-page\" data-elementor-id=\"13148\" class=\"elementor elementor-13148\" data-elementor-post-type=\"page\">\n\t\t\t\t\t\t<section class=\"elementor-section elementor-top-section elementor-element elementor-element-43ddc7cb elementor-section-boxed elementor-section-height-default elementor-section-height-default\" data-id=\"43ddc7cb\" data-element_type=\"section\">\n\t\t\t\t\t\t<div class=\"elementor-container elementor-column-gap-default\">\n\t\t\t\t\t<div class=\"elementor-column elementor-col-100 elementor-top-column elementor-element elementor-element-5f11f169\" data-id=\"5f11f169\" data-element_type=\"column\">\n\t\t\t<div class=\"elementor-widget-wrap elementor-element-populated\">\n\t\t\t\t\t\t<div class=\"elementor-element elementor-element-4366b106 elementor-widget elementor-widget-wp-widget-bcn_widget\" data-id=\"4366b106\" data-element_type=\"widget\" data-widget_type=\"wp-widget-bcn_widget.default\">\n\t\t\t\t<div class=\"elementor-widget-container\">\n\t\t\t<div class=\"mn-grid breadcrumb\">\n                                    <div class=\"breadcrumb-inner mn-grid-12\"><div class=\"breadcrumbs\" vocab=\"https:\/\/schema.org\/\" typeof=\"BreadcrumbList\"><span property=\"itemListElement\" typeof=\"ListItem\"><a property=\"item\" typeof=\"WebPage\" title=\"Go to Szko\u0142a G\u0142\u00f3wna Gospodarstwa Wiejskiego w Warszawie.\" href=\"https:\/\/www.sggw.edu.pl\/en\/\" class=\"home\" aria-current=\"page\"><span property=\"name\">Home<\/span><\/a><meta property=\"position\" content=\"1\"><\/span><\/div>    <\/div>\n                                <\/div>\t\t<\/div>\n\t\t\t\t<\/div>\n\t\t\t\t<div class=\"elementor-element elementor-element-9daebc8 elementor-widget elementor-widget-post-title\" data-id=\"9daebc8\" data-element_type=\"widget\" data-widget_type=\"post-title.default\">\n\t\t\t\t<div class=\"elementor-widget-container\">\n\t\t\t<section>\n                    <div class=\"mn-grid entry-header-inner section-inner medium\">\n                        <h1 class=\"mn-grid-12 entry-title\" style=\"\">\n                            Cooperation agreements\n                        <\/h1>\n                    <\/div>\n                <\/section>\t\t<\/div>\n\t\t\t\t<\/div>\n\t\t\t\t<div class=\"elementor-element elementor-element-784f462 elementor-widget elementor-widget-w33\" data-id=\"784f462\" data-element_type=\"widget\" data-widget_type=\"w33.default\">\n\t\t\t\t<div class=\"elementor-widget-container\">\n\t\t\t<section>\n            <div class=\"mn-grid\">\n                <div class=\"mn-vertical-separator-x2\">\n                    \n                <\/div>\n            <\/section>\t\t<\/div>\n\t\t\t\t<\/div>\n\t\t\t\t<section class=\"elementor-section elementor-inner-section elementor-element elementor-element-eba9210 elementor-section-boxed elementor-section-height-default elementor-section-height-default\" data-id=\"eba9210\" data-element_type=\"section\">\n\t\t\t\t\t\t<div class=\"elementor-container elementor-column-gap-default\">\n\t\t\t\t\t<div class=\"elementor-column elementor-col-50 elementor-inner-column elementor-element elementor-element-caa92e9\" data-id=\"caa92e9\" data-element_type=\"column\">\n\t\t\t<div class=\"elementor-widget-wrap elementor-element-populated\">\n\t\t\t\t\t\t<div class=\"elementor-element elementor-element-39c3e79 elementor-widget elementor-widget-w12\" data-id=\"39c3e79\" data-element_type=\"widget\" data-widget_type=\"w12.default\">\n\t\t\t\t<div class=\"elementor-widget-container\">\n\t\t\t<section>\n                <div class=\"mn-grid\">\n                    <div class=\"mn-grid-12 mn-mod-text-links\">\n                        <p>Bearing in mind the process of continuous development of socio-economic conditions, and the changing role of the University in the economic environment, the Warsaw University of Life Sciences (SGGW), taking care of further development, seeks to integrate the scientific, research, and didactic environment into the business sector and government and local government administration, encouraging new entities to cooperate with the University. <br \/>In order to make the first contact with SGGW easier for companies, a\u00a0 document template was prepared under the name &#8220;Cooperation Agreement&#8221;. The document is not a financial commitment, but it is a form of declaration of cooperation between the parties concerned.<\/p><p>The next stage that makes it possible to specify common tasks are contracts, signed in the event of taking specific actions related to financial flows.<br \/>The content of the above-mentioned agreement proposes possible forms of mutual influence and common challenges for science and business.<\/p><p>\u00a0<\/p><p><strong>The document template is presented below:<\/strong><\/p>\n                    <\/div>\n                <\/div>\n            <\/section>\t\t<\/div>\n\t\t\t\t<\/div>\n\t\t\t\t\t<\/div>\n\t\t<\/div>\n\t\t\t\t<div class=\"elementor-column elementor-col-50 elementor-inner-column elementor-element elementor-element-a3240d0\" data-id=\"a3240d0\" data-element_type=\"column\">\n\t\t\t<div class=\"elementor-widget-wrap elementor-element-populated\">\n\t\t\t\t\t\t<div class=\"elementor-element elementor-element-6488588 elementor-widget elementor-widget-w25\" data-id=\"6488588\" data-element_type=\"widget\" data-widget_type=\"w25.default\">\n\t\t\t\t<div class=\"elementor-widget-container\">\n\t\t\t<section>\n                <div class=\"mn-grid\">\n                    <div class=\"mn-grid-12 mn-mod-img-full-width\">\n                        <img fetchpriority=\"high\" decoding=\"async\" width=\"375\" height=\"249\" src=\"https:\/\/www.sggw.edu.pl\/wp-content\/uploads\/2020\/09\/r\u0105sie.jpg\" class=\"attachment-961x564 size-961x564\" alt=\"\" srcset=\"https:\/\/www.sggw.edu.pl\/wp-content\/uploads\/2020\/09\/r\u0105sie.jpg 375w, https:\/\/www.sggw.edu.pl\/wp-content\/uploads\/2020\/09\/r\u0105sie-300x199.jpg 300w\" sizes=\"(max-width: 375px) 100vw, 375px\" \/>  <\/div>\n                <\/div>\n                <\/section>\t\t<\/div>\n\t\t\t\t<\/div>\n\t\t\t\t\t<\/div>\n\t\t<\/div>\n\t\t\t\t\t<\/div>\n\t\t<\/section>\n\t\t\t\t\t<\/div>\n\t\t<\/div>\n\t\t\t\t\t<\/div>\n\t\t<\/section>\n\t\t\t\t<section class=\"elementor-section elementor-top-section elementor-element elementor-element-4e7eaad elementor-section-boxed elementor-section-height-default elementor-section-height-default\" data-id=\"4e7eaad\" data-element_type=\"section\">\n\t\t\t\t\t\t<div class=\"elementor-container elementor-column-gap-default\">\n\t\t\t\t\t<div class=\"elementor-column elementor-col-100 elementor-top-column elementor-element elementor-element-9f7da14\" data-id=\"9f7da14\" data-element_type=\"column\">\n\t\t\t<div class=\"elementor-widget-wrap elementor-element-populated\">\n\t\t\t\t\t\t<div class=\"elementor-element elementor-element-3428bee elementor-widget elementor-widget-w10\" data-id=\"3428bee\" data-element_type=\"widget\" data-widget_type=\"w10.default\">\n\t\t\t\t<div class=\"elementor-widget-container\">\n\t\t\t<section><div class=\"mn-grid\"><ul class=\"mn-link-list-type2 mn-grid-12\"><li>\n                            <a href=\"https:\/\/www.sggw.edu.pl\/wp-content\/uploads\/2020\/09\/WZ\u00d3R-POROZUMIENIA-O-WSP\u00d3\u0141PRACY-za\u0142.-nr-2-do-zarz.nr-23.docx\" >\n                                <span><b>COOPERATION AGREEMENT<\/b><\/span>\n                            <\/a>\n                        <\/li><\/ul><\/div><\/section>\t\t<\/div>\n\t\t\t\t<\/div>\n\t\t\t\t<div class=\"elementor-element elementor-element-2973f63 elementor-widget elementor-widget-w12\" data-id=\"2973f63\" data-element_type=\"widget\" data-widget_type=\"w12.default\">\n\t\t\t\t<div class=\"elementor-widget-container\">\n\t\t\t<section>\n                <div class=\"mn-grid\">\n                    <div class=\"mn-grid-12 mn-mod-text-links\">\n                        <p>If the Entity accepts the Agreement, without making any changes to the terms and conditions set out in the model agreement, both parties (the Entity and SGGW) sign the Agreement according to the proposed model, without the need of having it accepted by the SGGW Legal Counsel.<\/p>\n                    <\/div>\n                <\/div>\n            <\/section>\t\t<\/div>\n\t\t\t\t<\/div>\n\t\t\t\t<div class=\"elementor-element elementor-element-d571d9b elementor-widget elementor-widget-w33\" data-id=\"d571d9b\" data-element_type=\"widget\" data-widget_type=\"w33.default\">\n\t\t\t\t<div class=\"elementor-widget-container\">\n\t\t\t<section>\n            <div class=\"mn-grid\">\n                <div class=\"mn-vertical-separator\">\n                    \n                <\/div>\n            <\/section>\t\t<\/div>\n\t\t\t\t<\/div>\n\t\t\t\t<div class=\"elementor-element elementor-element-52454b4 elementor-widget elementor-widget-w10\" data-id=\"52454b4\" data-element_type=\"widget\" data-widget_type=\"w10.default\">\n\t\t\t\t<div class=\"elementor-widget-container\">\n\t\t\t<section><div class=\"mn-grid\"><ul class=\"mn-link-list-type2 mn-grid-12\"><li>\n                            <a href=\"https:\/\/www.sggw.edu.pl\/wp-content\/uploads\/2020\/09\/Procedura-post\u0119powania-wz\u00f3r-za\u0142.-nr-1-do-zarz.nr-23.docx\" >\n                                <span><b>PROCEDURE FOR CONCLUDING AN AGREEMENT<\/b><\/span>\n                            <\/a>\n                        <\/li><li>\n                            <a href=\"https:\/\/www.sggw.edu.pl\/wp-content\/uploads\/2020\/09\/Wniosek-do-Kanclerza-wz\u00f3r-za\u0142\u0105cznik-nr-3-do-zarz.-nr-23.docx\" >\n                                <span><b>REQUEST TO THE CHANCELLOR OF THE SGGW to give his consent to the opinion of the draft Agreement by the Legal Advisers' Team<\/b><\/span>\n                            <\/a>\n                        <\/li><\/ul><\/div><\/section>\t\t<\/div>\n\t\t\t\t<\/div>\n\t\t\t\t<div class=\"elementor-element elementor-element-12eb751 elementor-widget elementor-widget-w12\" data-id=\"12eb751\" data-element_type=\"widget\" data-widget_type=\"w12.default\">\n\t\t\t\t<div class=\"elementor-widget-container\">\n\t\t\t<section>\n                <div class=\"mn-grid\">\n                    <div class=\"mn-grid-12 mn-mod-text-links\">\n                        <p>In the event of modification of the draft Agreement, an initial of the SGGW Legal Counsel is required on a single copy.<\/p>\n                    <\/div>\n                <\/div>\n            <\/section>\t\t<\/div>\n\t\t\t\t<\/div>\n\t\t\t\t\t<\/div>\n\t\t<\/div>\n\t\t\t\t\t<\/div>\n\t\t<\/section>\n\t\t\t\t<\/div>\n\t\t","protected":false},"excerpt":{"rendered":"<p>Cooperation agreements Bearing in mind the process of continuous development of socio-economic conditions, and the changing role of the University in the economic environment, the Warsaw University of Life Sciences (SGGW), taking care of further development, seeks to integrate the scientific, research, and didactic environment into the business sector and government and local government administration, [&hellip;]<\/p>\n","protected":false},"author":1,"featured_media":0,"parent":15404,"menu_order":0,"comment_status":"closed","ping_status":"closed","template":"","meta":{"_acf_changed":false,"footnotes":""},"class_list":["post-13148","page","type-page","status-publish","hentry"],"acf":[],"_links":{"self":[{"href":"https:\/\/www.sggw.edu.pl\/en\/wp-json\/wp\/v2\/pages\/13148","targetHints":{"allow":["GET"]}}],"collection":[{"href":"https:\/\/www.sggw.edu.pl\/en\/wp-json\/wp\/v2\/pages"}],"about":[{"href":"https:\/\/www.sggw.edu.pl\/en\/wp-json\/wp\/v2\/types\/page"}],"author":[{"embeddable":true,"href":"https:\/\/www.sggw.edu.pl\/en\/wp-json\/wp\/v2\/users\/1"}],"replies":[{"embeddable":true,"href":"https:\/\/www.sggw.edu.pl\/en\/wp-json\/wp\/v2\/comments?post=13148"}],"version-history":[{"count":7,"href":"https:\/\/www.sggw.edu.pl\/en\/wp-json\/wp\/v2\/pages\/13148\/revisions"}],"predecessor-version":[{"id":87518,"href":"https:\/\/www.sggw.edu.pl\/en\/wp-json\/wp\/v2\/pages\/13148\/revisions\/87518"}],"up":[{"embeddable":true,"href":"https:\/\/www.sggw.edu.pl\/en\/wp-json\/wp\/v2\/pages\/15404"}],"wp:attachment":[{"href":"https:\/\/www.sggw.edu.pl\/en\/wp-json\/wp\/v2\/media?parent=13148"}],"curies":[{"name":"wp","href":"https:\/\/api.w.org\/{rel}","templated":true}]}}