{"id":13151,"date":"2020-12-23T11:11:58","date_gmt":"2020-12-23T10:11:58","guid":{"rendered":"https:\/\/www.sggw.edu.pl\/innovation-incubator\/"},"modified":"2021-08-22T23:05:52","modified_gmt":"2021-08-22T21:05:52","slug":"innovation-incubator","status":"publish","type":"page","link":"https:\/\/www.sggw.edu.pl\/en\/science\/cooperation-with-business-2\/innovation-incubator\/","title":{"rendered":"Innovation incubator"},"content":{"rendered":"\t\t<div data-elementor-type=\"wp-page\" data-elementor-id=\"13151\" class=\"elementor elementor-13151\" data-elementor-post-type=\"page\">\n\t\t\t\t\t\t<section class=\"elementor-section elementor-top-section elementor-element elementor-element-13c17b4e elementor-section-boxed elementor-section-height-default elementor-section-height-default\" data-id=\"13c17b4e\" data-element_type=\"section\">\n\t\t\t\t\t\t<div class=\"elementor-container elementor-column-gap-default\">\n\t\t\t\t\t<div class=\"elementor-column elementor-col-100 elementor-top-column elementor-element elementor-element-34f8100c\" data-id=\"34f8100c\" data-element_type=\"column\">\n\t\t\t<div class=\"elementor-widget-wrap elementor-element-populated\">\n\t\t\t\t\t\t<div class=\"elementor-element elementor-element-6700f096 elementor-widget elementor-widget-wp-widget-bcn_widget\" data-id=\"6700f096\" data-element_type=\"widget\" data-widget_type=\"wp-widget-bcn_widget.default\">\n\t\t\t\t<div class=\"elementor-widget-container\">\n\t\t\t<div class=\"mn-grid breadcrumb\">\n                                    <div class=\"breadcrumb-inner mn-grid-12\"><div class=\"breadcrumbs\" vocab=\"https:\/\/schema.org\/\" typeof=\"BreadcrumbList\"><span property=\"itemListElement\" typeof=\"ListItem\"><a property=\"item\" typeof=\"WebPage\" title=\"Go to Szko\u0142a G\u0142\u00f3wna Gospodarstwa Wiejskiego w Warszawie.\" href=\"https:\/\/www.sggw.edu.pl\/en\/\" class=\"home\" aria-current=\"page\"><span property=\"name\">Home<\/span><\/a><meta property=\"position\" content=\"1\"><\/span><\/div>    <\/div>\n                                <\/div>\t\t<\/div>\n\t\t\t\t<\/div>\n\t\t\t\t<div class=\"elementor-element elementor-element-3d99f19 elementor-widget elementor-widget-post-title\" data-id=\"3d99f19\" data-element_type=\"widget\" data-widget_type=\"post-title.default\">\n\t\t\t\t<div class=\"elementor-widget-container\">\n\t\t\t<section>\n                    <div class=\"mn-grid entry-header-inner section-inner medium\">\n                        <h1 class=\"mn-grid-12 entry-title\" style=\"\">\n                            Innovation incubator\n                        <\/h1>\n                    <\/div>\n                <\/section>\t\t<\/div>\n\t\t\t\t<\/div>\n\t\t\t\t<div class=\"elementor-element elementor-element-7ff8208 elementor-widget elementor-widget-w33\" data-id=\"7ff8208\" data-element_type=\"widget\" data-widget_type=\"w33.default\">\n\t\t\t\t<div class=\"elementor-widget-container\">\n\t\t\t<section>\n            <div class=\"mn-grid\">\n                <div class=\"mn-vertical-separator-x2\">\n                    \n                <\/div>\n            <\/section>\t\t<\/div>\n\t\t\t\t<\/div>\n\t\t\t\t\t<\/div>\n\t\t<\/div>\n\t\t\t\t\t<\/div>\n\t\t<\/section>\n\t\t\t\t<section class=\"elementor-section elementor-top-section elementor-element elementor-element-e446b90 elementor-section-boxed elementor-section-height-default elementor-section-height-default\" data-id=\"e446b90\" data-element_type=\"section\">\n\t\t\t\t\t\t<div class=\"elementor-container elementor-column-gap-default\">\n\t\t\t\t\t<div class=\"elementor-column elementor-col-100 elementor-top-column elementor-element elementor-element-3e631b0\" data-id=\"3e631b0\" data-element_type=\"column\">\n\t\t\t<div class=\"elementor-widget-wrap elementor-element-populated\">\n\t\t\t\t\t\t<section class=\"elementor-section elementor-inner-section elementor-element elementor-element-eb3d7a6 elementor-section-boxed elementor-section-height-default elementor-section-height-default\" data-id=\"eb3d7a6\" data-element_type=\"section\">\n\t\t\t\t\t\t<div class=\"elementor-container elementor-column-gap-default\">\n\t\t\t\t\t<div class=\"elementor-column elementor-col-100 elementor-inner-column elementor-element elementor-element-7161d34\" data-id=\"7161d34\" data-element_type=\"column\">\n\t\t\t<div class=\"elementor-widget-wrap elementor-element-populated\">\n\t\t\t\t\t\t<div class=\"elementor-element elementor-element-ffbc1d9 elementor-widget elementor-widget-w12\" data-id=\"ffbc1d9\" data-element_type=\"widget\" data-widget_type=\"w12.default\">\n\t\t\t\t<div class=\"elementor-widget-container\">\n\t\t\t<section>\n                <div class=\"mn-grid\">\n                    <div class=\"mn-grid-12 mn-mod-text-links\">\n                        <p><strong>The Innovation Incubator<\/strong> is a Programme of the Minister of Science and <strong>Higher Education <\/strong>which aims to support scientific sector actors (including Universities) in the implementation of projects aimed at applying the results of scientific research and development in the economic or social sphere, consisting of:<br \/>1. Initiating and strengthening cooperation between the scientific community and the economic environment.<br \/>2 Preparation of projects for the commercialization of research and development results.<br \/>3. Technology portfolio management including in particular:<br \/>(a) monitoring and analyzing the results of scientific research or development in terms of their practical usefulness,<br \/>(b) analyzing market needs for the selection of research or development topics and state-of-the-art studies prior to the start of such research or work,<br \/>c ) keeping a database on the research projects carried out, the results achieved and their applicability in the economic or social sphere,<br \/>(d) analyzing the possibilities for obtaining patent protection and the possibility of commercializing the results of research and development before their publication;<br \/>4 Conducting pre-implementation work, including additional laboratory tests or adapting the invention to the needs of the buyer concerned.<br \/>5 Identifying innovation brokers acting as intermediaries in specific areas of knowledge, responsible for establishing cooperation between the scientific community and the economic environment leading to the application of the results of research and development in the economic or social sphere.<\/p>\n                    <\/div>\n                <\/div>\n            <\/section>\t\t<\/div>\n\t\t\t\t<\/div>\n\t\t\t\t<div class=\"elementor-element elementor-element-d99a1a5 elementor-widget elementor-widget-w33\" data-id=\"d99a1a5\" data-element_type=\"widget\" data-widget_type=\"w33.default\">\n\t\t\t\t<div class=\"elementor-widget-container\">\n\t\t\t<section>\n            <div class=\"mn-grid\">\n                <div class=\"mn-vertical-separator-x2\">\n                    \n                <\/div>\n            <\/section>\t\t<\/div>\n\t\t\t\t<\/div>\n\t\t\t\t<div class=\"elementor-element elementor-element-7dee5ce elementor-widget elementor-widget-w33\" data-id=\"7dee5ce\" data-element_type=\"widget\" data-widget_type=\"w33.default\">\n\t\t\t\t<div class=\"elementor-widget-container\">\n\t\t\t<section>\n            <div class=\"mn-grid\">\n                <div class=\"mn-vertical-separator-x2\">\n                    \n                <\/div>\n            <\/section>\t\t<\/div>\n\t\t\t\t<\/div>\n\t\t\t\t\t<\/div>\n\t\t<\/div>\n\t\t\t\t\t<\/div>\n\t\t<\/section>\n\t\t\t\t\t<\/div>\n\t\t<\/div>\n\t\t\t\t\t<\/div>\n\t\t<\/section>\n\t\t\t\t<section class=\"elementor-section elementor-top-section elementor-element elementor-element-1db7f73 elementor-section-boxed elementor-section-height-default elementor-section-height-default\" data-id=\"1db7f73\" data-element_type=\"section\">\n\t\t\t\t\t\t<div class=\"elementor-container elementor-column-gap-default\">\n\t\t\t\t\t<div class=\"elementor-column elementor-col-100 elementor-top-column elementor-element elementor-element-cc0a965\" data-id=\"cc0a965\" data-element_type=\"column\">\n\t\t\t<div class=\"elementor-widget-wrap elementor-element-populated\">\n\t\t\t\t\t\t<section class=\"elementor-section elementor-inner-section elementor-element elementor-element-df743e1 elementor-section-boxed elementor-section-height-default elementor-section-height-default\" data-id=\"df743e1\" data-element_type=\"section\">\n\t\t\t\t\t\t<div class=\"elementor-container elementor-column-gap-default\">\n\t\t\t\t\t<div class=\"elementor-column elementor-col-33 elementor-inner-column elementor-element elementor-element-01f1ee2\" data-id=\"01f1ee2\" data-element_type=\"column\">\n\t\t\t<div class=\"elementor-widget-wrap elementor-element-populated\">\n\t\t\t\t\t\t<div class=\"elementor-element elementor-element-f6db713 elementor-widget elementor-widget-w12\" data-id=\"f6db713\" data-element_type=\"widget\" data-widget_type=\"w12.default\">\n\t\t\t\t<div class=\"elementor-widget-container\">\n\t\t\t<section>\n                <div class=\"mn-grid\">\n                    <div class=\"mn-grid-12 mn-mod-text-links\">\n                        <p><img decoding=\"async\" class=\"size-medium wp-image-2616 aligncenter\" src=\"https:\/\/www.sggw.edu.pl\/wp-content\/uploads\/2020\/09\/II2-300x99.png\" alt=\"\" width=\"300\" height=\"99\" srcset=\"https:\/\/www.sggw.edu.pl\/wp-content\/uploads\/2020\/09\/II2-300x99.png 300w, https:\/\/www.sggw.edu.pl\/wp-content\/uploads\/2020\/09\/II2.png 419w\" sizes=\"(max-width: 300px) 100vw, 300px\" \/><\/p>\n\n                    <\/div>\n                <\/div>\n            <\/section>\t\t<\/div>\n\t\t\t\t<\/div>\n\t\t\t\t<div class=\"elementor-element elementor-element-a1efea6 elementor-widget elementor-widget-w33\" data-id=\"a1efea6\" data-element_type=\"widget\" data-widget_type=\"w33.default\">\n\t\t\t\t<div class=\"elementor-widget-container\">\n\t\t\t<section>\n            <div class=\"mn-grid\">\n                <div class=\"mn-vertical-separator-x2\">\n                    \n                <\/div>\n            <\/section>\t\t<\/div>\n\t\t\t\t<\/div>\n\t\t\t\t<div class=\"elementor-element elementor-element-81ecc5c elementor-widget elementor-widget-w12\" data-id=\"81ecc5c\" data-element_type=\"widget\" data-widget_type=\"w12.default\">\n\t\t\t\t<div class=\"elementor-widget-container\">\n\t\t\t<section>\n                <div class=\"mn-grid\">\n                    <div class=\"mn-grid-12 mn-mod-text-links\">\n                        <p>32 pre-implementation projects were carried out;<br \/>Two training courses were organised with the Patent Attorney  <br \/>The Project Team and scientists participated in numerous meetings with external entities and took part in the fair, presenting the implementation offer of SGGW<br \/>SGGW researchers reported 38 solutions for potential protection  <br \/>8 licenses granted for SGGW inventions<br \/>Contracts have been concluded for the sale of 3 plant varieties and 3 contracts for the use of know-how<br \/>A number of legal consultations have been carried out in order to carry out these tasks<\/p>\n\n                    <\/div>\n                <\/div>\n            <\/section>\t\t<\/div>\n\t\t\t\t<\/div>\n\t\t\t\t\t<\/div>\n\t\t<\/div>\n\t\t\t\t<div class=\"elementor-column elementor-col-33 elementor-inner-column elementor-element elementor-element-f9dc244\" data-id=\"f9dc244\" data-element_type=\"column\">\n\t\t\t<div class=\"elementor-widget-wrap elementor-element-populated\">\n\t\t\t\t\t\t<div class=\"elementor-element elementor-element-f9cce31 elementor-widget elementor-widget-w12\" data-id=\"f9cce31\" data-element_type=\"widget\" data-widget_type=\"w12.default\">\n\t\t\t\t<div class=\"elementor-widget-container\">\n\t\t\t<section>\n                <div class=\"mn-grid\">\n                    <div class=\"mn-grid-12 mn-mod-text-links\">\n                        <p><img decoding=\"async\" class=\"size-medium wp-image-2618 aligncenter\" src=\"https:\/\/www.sggw.edu.pl\/wp-content\/uploads\/2020\/09\/II-300x104.jpg\" alt=\"\" width=\"300\" height=\"104\" srcset=\"https:\/\/www.sggw.edu.pl\/wp-content\/uploads\/2020\/09\/II-300x104.jpg 300w, https:\/\/www.sggw.edu.pl\/wp-content\/uploads\/2020\/09\/II.jpg 455w\" sizes=\"(max-width: 300px) 100vw, 300px\" \/><\/p>\n\n                    <\/div>\n                <\/div>\n            <\/section>\t\t<\/div>\n\t\t\t\t<\/div>\n\t\t\t\t<div class=\"elementor-element elementor-element-593ded0 elementor-widget elementor-widget-w33\" data-id=\"593ded0\" data-element_type=\"widget\" data-widget_type=\"w33.default\">\n\t\t\t\t<div class=\"elementor-widget-container\">\n\t\t\t<section>\n            <div class=\"mn-grid\">\n                <div class=\"mn-vertical-separator-x2\">\n                    \n                <\/div>\n            <\/section>\t\t<\/div>\n\t\t\t\t<\/div>\n\t\t\t\t<div class=\"elementor-element elementor-element-18fde4c elementor-widget elementor-widget-w12\" data-id=\"18fde4c\" data-element_type=\"widget\" data-widget_type=\"w12.default\">\n\t\t\t\t<div class=\"elementor-widget-container\">\n\t\t\t<section>\n                <div class=\"mn-grid\">\n                    <div class=\"mn-grid-12 mn-mod-text-links\">\n                        <p>A total of 12 pre-implementation projects were carried out (SGGW- 9, Oncotransfer \u2013 3);<br \/>patent training was organised for employees and students of both consortia<br \/>intellectual property management rules have been implemented<br \/>technical support was provided to scientific teams implementing implementation projects with a view to the practical application of the results of the research<br \/>SGGW scientists have submitted 32 inventions for patent protection, 1 know-how and 3 new plant varieties;  <br \/>27 applications for inventive projects were submitted by SGGW scientists to the UPRP;  <br \/>3 sales contracts have been concluded for the variety of the plant; 1 contract for the sale of 3 industrial designs;<br \/>a patent sale agreement has been concluded<br \/>19 research service contracts have been signed; 36 cooperation agreements with third parties have been concluded.<br \/>3 licensing agreements were concluded between the University and start-ups established by SGGW researchers;<\/p>\n\n                    <\/div>\n                <\/div>\n            <\/section>\t\t<\/div>\n\t\t\t\t<\/div>\n\t\t\t\t\t<\/div>\n\t\t<\/div>\n\t\t\t\t<div class=\"elementor-column elementor-col-33 elementor-inner-column elementor-element elementor-element-9139f6d\" data-id=\"9139f6d\" data-element_type=\"column\">\n\t\t\t<div class=\"elementor-widget-wrap elementor-element-populated\">\n\t\t\t\t\t\t<div class=\"elementor-element elementor-element-6173890 elementor-widget elementor-widget-w12\" data-id=\"6173890\" data-element_type=\"widget\" data-widget_type=\"w12.default\">\n\t\t\t\t<div class=\"elementor-widget-container\">\n\t\t\t<section>\n                <div class=\"mn-grid\">\n                    <div class=\"mn-grid-12 mn-mod-text-links\">\n                        <p><img decoding=\"async\" class=\"size-medium wp-image-2620 aligncenter\" src=\"https:\/\/www.sggw.edu.pl\/wp-content\/uploads\/2020\/09\/II3-300x139.png\" alt=\"\" width=\"300\" height=\"139\" srcset=\"https:\/\/www.sggw.edu.pl\/wp-content\/uploads\/2020\/09\/II3-300x139.png 300w, https:\/\/www.sggw.edu.pl\/wp-content\/uploads\/2020\/09\/II3.png 400w\" sizes=\"(max-width: 300px) 100vw, 300px\" \/><\/p>\n\n                    <\/div>\n                <\/div>\n            <\/section>\t\t<\/div>\n\t\t\t\t<\/div>\n\t\t\t\t<div class=\"elementor-element elementor-element-6a8e112 elementor-widget elementor-widget-w33\" data-id=\"6a8e112\" data-element_type=\"widget\" data-widget_type=\"w33.default\">\n\t\t\t\t<div class=\"elementor-widget-container\">\n\t\t\t<section>\n            <div class=\"mn-grid\">\n                <div class=\"mn-vertical-separator\">\n                    \n                <\/div>\n            <\/section>\t\t<\/div>\n\t\t\t\t<\/div>\n\t\t\t\t<div class=\"elementor-element elementor-element-91df67d elementor-widget elementor-widget-w12\" data-id=\"91df67d\" data-element_type=\"widget\" data-widget_type=\"w12.default\">\n\t\t\t\t<div class=\"elementor-widget-container\">\n\t\t\t<section>\n                <div class=\"mn-grid\">\n                    <div class=\"mn-grid-12 mn-mod-text-links\">\n                        <p>The new Incubator will run from 2020 to 2022. Consortium: National Institute of Oncology in Warsaw. Main assumptions:<br \/>Funding of at least 10 pre-implementation works in SGGW<br \/>At least 10 patent applications<br \/>At least 31 forms of cooperation with business (contracts, research services)<br \/>Creation of at least 1 spin-off company in SGGW<br \/>Conducting training in the field of i.a.. cooperation between science and business<br \/>At least 5 technology valuations<br \/>Creation of at least 20 technological offers<\/p>\n                    <\/div>\n                <\/div>\n            <\/section>\t\t<\/div>\n\t\t\t\t<\/div>\n\t\t\t\t\t<\/div>\n\t\t<\/div>\n\t\t\t\t\t<\/div>\n\t\t<\/section>\n\t\t\t\t\t<\/div>\n\t\t<\/div>\n\t\t\t\t\t<\/div>\n\t\t<\/section>\n\t\t\t\t<\/div>\n\t\t","protected":false},"excerpt":{"rendered":"<p>Innovation incubator The Innovation Incubator is a Programme of the Minister of Science and Higher Education which aims to support scientific sector actors (including Universities) in the implementation of projects aimed at applying the results of scientific research and development in the economic or social sphere, consisting of:1. Initiating and strengthening cooperation between the scientific [&hellip;]<\/p>\n","protected":false},"author":1,"featured_media":0,"parent":15404,"menu_order":0,"comment_status":"closed","ping_status":"closed","template":"","meta":{"_acf_changed":false,"footnotes":""},"class_list":["post-13151","page","type-page","status-publish","hentry"],"acf":[],"_links":{"self":[{"href":"https:\/\/www.sggw.edu.pl\/en\/wp-json\/wp\/v2\/pages\/13151","targetHints":{"allow":["GET"]}}],"collection":[{"href":"https:\/\/www.sggw.edu.pl\/en\/wp-json\/wp\/v2\/pages"}],"about":[{"href":"https:\/\/www.sggw.edu.pl\/en\/wp-json\/wp\/v2\/types\/page"}],"author":[{"embeddable":true,"href":"https:\/\/www.sggw.edu.pl\/en\/wp-json\/wp\/v2\/users\/1"}],"replies":[{"embeddable":true,"href":"https:\/\/www.sggw.edu.pl\/en\/wp-json\/wp\/v2\/comments?post=13151"}],"version-history":[{"count":10,"href":"https:\/\/www.sggw.edu.pl\/en\/wp-json\/wp\/v2\/pages\/13151\/revisions"}],"predecessor-version":[{"id":92889,"href":"https:\/\/www.sggw.edu.pl\/en\/wp-json\/wp\/v2\/pages\/13151\/revisions\/92889"}],"up":[{"embeddable":true,"href":"https:\/\/www.sggw.edu.pl\/en\/wp-json\/wp\/v2\/pages\/15404"}],"wp:attachment":[{"href":"https:\/\/www.sggw.edu.pl\/en\/wp-json\/wp\/v2\/media?parent=13151"}],"curies":[{"name":"wp","href":"https:\/\/api.w.org\/{rel}","templated":true}]}}