{"id":13154,"date":"2020-12-23T11:12:00","date_gmt":"2020-12-23T10:12:00","guid":{"rendered":"https:\/\/www.sggw.edu.pl\/tech4life\/"},"modified":"2021-08-03T16:44:55","modified_gmt":"2021-08-03T14:44:55","slug":"tech4life","status":"publish","type":"page","link":"https:\/\/www.sggw.edu.pl\/en\/science\/cooperation-with-business-2\/tech4life\/","title":{"rendered":"TECH4Life"},"content":{"rendered":"\t\t<div data-elementor-type=\"wp-page\" data-elementor-id=\"13154\" class=\"elementor elementor-13154\" data-elementor-post-type=\"page\">\n\t\t\t\t\t\t<section class=\"elementor-section elementor-top-section elementor-element elementor-element-79b0c3a4 elementor-section-boxed elementor-section-height-default elementor-section-height-default\" data-id=\"79b0c3a4\" data-element_type=\"section\">\n\t\t\t\t\t\t<div class=\"elementor-container elementor-column-gap-default\">\n\t\t\t\t\t<div class=\"elementor-column elementor-col-100 elementor-top-column elementor-element elementor-element-17a4e293\" data-id=\"17a4e293\" data-element_type=\"column\">\n\t\t\t<div class=\"elementor-widget-wrap elementor-element-populated\">\n\t\t\t\t\t\t<div class=\"elementor-element elementor-element-695418ae elementor-widget elementor-widget-wp-widget-bcn_widget\" data-id=\"695418ae\" data-element_type=\"widget\" data-widget_type=\"wp-widget-bcn_widget.default\">\n\t\t\t\t<div class=\"elementor-widget-container\">\n\t\t\t<div class=\"mn-grid breadcrumb\">\n                                    <div class=\"breadcrumb-inner mn-grid-12\"><div class=\"breadcrumbs\" vocab=\"https:\/\/schema.org\/\" typeof=\"BreadcrumbList\"><span property=\"itemListElement\" typeof=\"ListItem\"><a property=\"item\" typeof=\"WebPage\" title=\"Go to Szko\u0142a G\u0142\u00f3wna Gospodarstwa Wiejskiego w Warszawie.\" href=\"https:\/\/www.sggw.edu.pl\/en\/\" class=\"home\" aria-current=\"page\"><span property=\"name\">Home<\/span><\/a><meta property=\"position\" content=\"1\"><\/span><\/div>    <\/div>\n                                <\/div>\t\t<\/div>\n\t\t\t\t<\/div>\n\t\t\t\t<div class=\"elementor-element elementor-element-3ba0082f elementor-widget elementor-widget-post-title\" data-id=\"3ba0082f\" data-element_type=\"widget\" data-widget_type=\"post-title.default\">\n\t\t\t\t<div class=\"elementor-widget-container\">\n\t\t\t<section>\n                    <div class=\"mn-grid entry-header-inner section-inner medium\">\n                        <h1 class=\"mn-grid-12 entry-title\" style=\"\">\n                            TECH4Life\n                        <\/h1>\n                    <\/div>\n                <\/section>\t\t<\/div>\n\t\t\t\t<\/div>\n\t\t\t\t<div class=\"elementor-element elementor-element-6e179c4 elementor-widget elementor-widget-w33\" data-id=\"6e179c4\" data-element_type=\"widget\" data-widget_type=\"w33.default\">\n\t\t\t\t<div class=\"elementor-widget-container\">\n\t\t\t<section>\n            <div class=\"mn-grid\">\n                <div class=\"mn-vertical-separator-x2\">\n                    \n                <\/div>\n            <\/section>\t\t<\/div>\n\t\t\t\t<\/div>\n\t\t\t\t\t<\/div>\n\t\t<\/div>\n\t\t\t\t\t<\/div>\n\t\t<\/section>\n\t\t\t\t<section class=\"elementor-section elementor-top-section elementor-element elementor-element-de493a7 elementor-section-boxed elementor-section-height-default elementor-section-height-default\" data-id=\"de493a7\" data-element_type=\"section\">\n\t\t\t\t\t\t<div class=\"elementor-container elementor-column-gap-default\">\n\t\t\t\t\t<div class=\"elementor-column elementor-col-50 elementor-top-column elementor-element elementor-element-6987f0f\" data-id=\"6987f0f\" data-element_type=\"column\">\n\t\t\t<div class=\"elementor-widget-wrap elementor-element-populated\">\n\t\t\t\t\t\t<div class=\"elementor-element elementor-element-ca50013 elementor-widget elementor-widget-w12\" data-id=\"ca50013\" data-element_type=\"widget\" data-widget_type=\"w12.default\">\n\t\t\t\t<div class=\"elementor-widget-container\">\n\t\t\t<section>\n                <div class=\"mn-grid\">\n                    <div class=\"mn-grid-12 mn-mod-text-links\">\n                        <p><strong>The special purpose vehicle InnoTech4Life<\/strong>\u00a0was established on April 8, 2021.<\/p><p>The company&#8217;s goal is to commercialize the results of scientific research and development works and to carry out activities in the field of technology transfer and science promotion. This is done by:<\/p><ul><li>large-scale dissemination of the results of basic research, industrial or experimental development,<\/li><li>teaching, publishing, and knowledge transfer;<\/li><li>undertaking all activities related to the transfer of knowledge in this process, the purpose of which is to acquire and collect explicit and implied knowledge and to share this knowledge, including skills and competencies in the field of economic and non-economic activities, e.g. research cooperation, consulting, licensing, creating spin-0ff companies, publishing and the mobility of researchers and other personnel involved in such activities.<\/li><\/ul><p><strong>The company also aims to:<\/strong><\/p><ul><li>take up or acquire shares or stocks in companies;<\/li><li>manage the rights to results or the know-how in the field of indirect commercialization;<\/li><li>research infrastructure management;<\/li><li>commission research;<\/li><li>carry out activities that may directly or indirectly contribute to the implementation of research results.<\/li><\/ul>\n                    <\/div>\n                <\/div>\n            <\/section>\t\t<\/div>\n\t\t\t\t<\/div>\n\t\t\t\t\t<\/div>\n\t\t<\/div>\n\t\t\t\t<div class=\"elementor-column elementor-col-50 elementor-top-column elementor-element elementor-element-7990f59\" data-id=\"7990f59\" data-element_type=\"column\">\n\t\t\t<div class=\"elementor-widget-wrap elementor-element-populated\">\n\t\t\t\t\t\t<div class=\"elementor-element elementor-element-417ecc0 elementor-widget elementor-widget-w25\" data-id=\"417ecc0\" data-element_type=\"widget\" data-widget_type=\"w25.default\">\n\t\t\t\t<div class=\"elementor-widget-container\">\n\t\t\t<section>\n                <div class=\"mn-grid\">\n                    <div class=\"mn-grid-12 mn-mod-img-full-width\">\n                        <img fetchpriority=\"high\" decoding=\"async\" width=\"453\" height=\"340\" src=\"https:\/\/www.sggw.edu.pl\/wp-content\/uploads\/2020\/09\/drogowskaz.jpg\" class=\"attachment-961x564 size-961x564\" alt=\"\" srcset=\"https:\/\/www.sggw.edu.pl\/wp-content\/uploads\/2020\/09\/drogowskaz.jpg 453w, https:\/\/www.sggw.edu.pl\/wp-content\/uploads\/2020\/09\/drogowskaz-300x225.jpg 300w\" sizes=\"(max-width: 453px) 100vw, 453px\" \/>  <\/div>\n                <\/div>\n                <\/section>\t\t<\/div>\n\t\t\t\t<\/div>\n\t\t\t\t\t<\/div>\n\t\t<\/div>\n\t\t\t\t\t<\/div>\n\t\t<\/section>\n\t\t\t\t<section class=\"elementor-section elementor-top-section elementor-element elementor-element-cd38f37 elementor-section-boxed elementor-section-height-default elementor-section-height-default\" data-id=\"cd38f37\" data-element_type=\"section\">\n\t\t\t\t\t\t<div class=\"elementor-container elementor-column-gap-default\">\n\t\t\t\t\t<div class=\"elementor-column elementor-col-100 elementor-top-column elementor-element elementor-element-090ac12\" data-id=\"090ac12\" data-element_type=\"column\">\n\t\t\t<div class=\"elementor-widget-wrap elementor-element-populated\">\n\t\t\t\t\t\t<div class=\"elementor-element elementor-element-d05e200 elementor-widget elementor-widget-spacer\" data-id=\"d05e200\" data-element_type=\"widget\" data-widget_type=\"spacer.default\">\n\t\t\t\t<div class=\"elementor-widget-container\">\n\t\t\t\t\t<div class=\"elementor-spacer\">\n\t\t\t<div class=\"elementor-spacer-inner\"><\/div>\n\t\t<\/div>\n\t\t\t\t<\/div>\n\t\t\t\t<\/div>\n\t\t\t\t<div class=\"elementor-element elementor-element-3195ac1 elementor-widget elementor-widget-w12\" data-id=\"3195ac1\" data-element_type=\"widget\" data-widget_type=\"w12.default\">\n\t\t\t\t<div class=\"elementor-widget-container\">\n\t\t\t<section>\n                <div class=\"mn-grid\">\n                    <div class=\"mn-grid-12 mn-mod-text-links\">\n                        <p>The Law on Higher Education and Science (Act 2.0), in Article 149.1. allows the university to set up one or more special purpose vehicles for indirect commercialization, consisting in the acquisition or acquisition of shares in companies or (&#8230;), in order to implement or prepare for the implementation of the results of scientific activities or know-how related to those results.<\/p>\n                    <\/div>\n                <\/div>\n            <\/section>\t\t<\/div>\n\t\t\t\t<\/div>\n\t\t\t\t\t<\/div>\n\t\t<\/div>\n\t\t\t\t\t<\/div>\n\t\t<\/section>\n\t\t\t\t<\/div>\n\t\t","protected":false},"excerpt":{"rendered":"<p>TECH4Life The special purpose vehicle InnoTech4Life\u00a0was established on April 8, 2021. The company&#8217;s goal is to commercialize the results of scientific research and development works and to carry out activities in the field of technology transfer and science promotion. This is done by: large-scale dissemination of the results of basic research, industrial or experimental development, [&hellip;]<\/p>\n","protected":false},"author":1,"featured_media":0,"parent":15404,"menu_order":0,"comment_status":"closed","ping_status":"closed","template":"","meta":{"_acf_changed":false,"footnotes":""},"class_list":["post-13154","page","type-page","status-publish","hentry"],"acf":[],"_links":{"self":[{"href":"https:\/\/www.sggw.edu.pl\/en\/wp-json\/wp\/v2\/pages\/13154","targetHints":{"allow":["GET"]}}],"collection":[{"href":"https:\/\/www.sggw.edu.pl\/en\/wp-json\/wp\/v2\/pages"}],"about":[{"href":"https:\/\/www.sggw.edu.pl\/en\/wp-json\/wp\/v2\/types\/page"}],"author":[{"embeddable":true,"href":"https:\/\/www.sggw.edu.pl\/en\/wp-json\/wp\/v2\/users\/1"}],"replies":[{"embeddable":true,"href":"https:\/\/www.sggw.edu.pl\/en\/wp-json\/wp\/v2\/comments?post=13154"}],"version-history":[{"count":12,"href":"https:\/\/www.sggw.edu.pl\/en\/wp-json\/wp\/v2\/pages\/13154\/revisions"}],"predecessor-version":[{"id":168231,"href":"https:\/\/www.sggw.edu.pl\/en\/wp-json\/wp\/v2\/pages\/13154\/revisions\/168231"}],"up":[{"embeddable":true,"href":"https:\/\/www.sggw.edu.pl\/en\/wp-json\/wp\/v2\/pages\/15404"}],"wp:attachment":[{"href":"https:\/\/www.sggw.edu.pl\/en\/wp-json\/wp\/v2\/media?parent=13154"}],"curies":[{"name":"wp","href":"https:\/\/api.w.org\/{rel}","templated":true}]}}