{"id":13164,"date":"2020-12-23T11:13:11","date_gmt":"2020-12-23T10:13:11","guid":{"rendered":"https:\/\/www.sggw.edu.pl\/before-you-leave\/"},"modified":"2021-05-26T16:04:15","modified_gmt":"2021-05-26T14:04:15","slug":"before-you-leave","status":"publish","type":"page","link":"https:\/\/www.sggw.edu.pl\/en\/collaboration-and-services\/international-cooperation\/foreign-delegations\/submission-of-travel-applications\/before-you-leave\/","title":{"rendered":"Before you leave"},"content":{"rendered":"\t\t<div data-elementor-type=\"wp-page\" data-elementor-id=\"13164\" class=\"elementor elementor-13164\" data-elementor-post-type=\"page\">\n\t\t\t\t\t\t<section class=\"elementor-section elementor-top-section elementor-element elementor-element-437b7fc9 elementor-section-boxed elementor-section-height-default elementor-section-height-default\" data-id=\"437b7fc9\" data-element_type=\"section\">\n\t\t\t\t\t\t<div class=\"elementor-container elementor-column-gap-default\">\n\t\t\t\t\t<div class=\"elementor-column elementor-col-100 elementor-top-column elementor-element elementor-element-5f766ead\" data-id=\"5f766ead\" data-element_type=\"column\">\n\t\t\t<div class=\"elementor-widget-wrap elementor-element-populated\">\n\t\t\t\t\t\t<div class=\"elementor-element elementor-element-45c9b023 elementor-widget elementor-widget-wp-widget-bcn_widget\" data-id=\"45c9b023\" data-element_type=\"widget\" data-widget_type=\"wp-widget-bcn_widget.default\">\n\t\t\t\t<div class=\"elementor-widget-container\">\n\t\t\t<div class=\"mn-grid breadcrumb\">\n                                    <div class=\"breadcrumb-inner mn-grid-12\"><div class=\"breadcrumbs\" vocab=\"https:\/\/schema.org\/\" typeof=\"BreadcrumbList\"><span property=\"itemListElement\" typeof=\"ListItem\"><a property=\"item\" typeof=\"WebPage\" title=\"Go to Szko\u0142a G\u0142\u00f3wna Gospodarstwa Wiejskiego w Warszawie.\" href=\"https:\/\/www.sggw.edu.pl\/en\/\" class=\"home\" aria-current=\"page\"><span property=\"name\">Home<\/span><\/a><meta property=\"position\" content=\"1\"><\/span><\/div>    <\/div>\n                                <\/div>\t\t<\/div>\n\t\t\t\t<\/div>\n\t\t\t\t\t<\/div>\n\t\t<\/div>\n\t\t\t\t\t<\/div>\n\t\t<\/section>\n\t\t\t\t<section class=\"elementor-section elementor-top-section elementor-element elementor-element-ef610d0 elementor-section-boxed elementor-section-height-default elementor-section-height-default\" data-id=\"ef610d0\" data-element_type=\"section\">\n\t\t\t\t\t\t<div class=\"elementor-container elementor-column-gap-default\">\n\t\t\t\t\t<div class=\"elementor-column elementor-col-100 elementor-top-column elementor-element elementor-element-f0c1d88\" data-id=\"f0c1d88\" data-element_type=\"column\">\n\t\t\t<div class=\"elementor-widget-wrap elementor-element-populated\">\n\t\t\t\t\t\t<div class=\"elementor-element elementor-element-a643c8b elementor-widget elementor-widget-post-title\" data-id=\"a643c8b\" data-element_type=\"widget\" data-widget_type=\"post-title.default\">\n\t\t\t\t<div class=\"elementor-widget-container\">\n\t\t\t<section>\n                    <div class=\"mn-grid entry-header-inner section-inner medium\">\n                        <h1 class=\"mn-grid-12 entry-title\" style=\"\">\n                            Before you leave\n                        <\/h1>\n                    <\/div>\n                <\/section>\t\t<\/div>\n\t\t\t\t<\/div>\n\t\t\t\t<div class=\"elementor-element elementor-element-132331c elementor-widget elementor-widget-w33\" data-id=\"132331c\" data-element_type=\"widget\" data-widget_type=\"w33.default\">\n\t\t\t\t<div class=\"elementor-widget-container\">\n\t\t\t<section>\n            <div class=\"mn-grid\">\n                <div class=\"mn-vertical-separator-x2\">\n                    \n                <\/div>\n            <\/section>\t\t<\/div>\n\t\t\t\t<\/div>\n\t\t\t\t<div class=\"elementor-element elementor-element-299c6bf elementor-widget elementor-widget-w33\" data-id=\"299c6bf\" data-element_type=\"widget\" data-widget_type=\"w33.default\">\n\t\t\t\t<div class=\"elementor-widget-container\">\n\t\t\t<section>\n            <div class=\"mn-grid\">\n                <div class=\"mn-vertical-separator-x2\">\n                    \n                <\/div>\n            <\/section>\t\t<\/div>\n\t\t\t\t<\/div>\n\t\t\t\t\t<\/div>\n\t\t<\/div>\n\t\t\t\t\t<\/div>\n\t\t<\/section>\n\t\t\t\t<section class=\"elementor-section elementor-top-section elementor-element elementor-element-66e3cc6 elementor-section-boxed elementor-section-height-default elementor-section-height-default\" data-id=\"66e3cc6\" data-element_type=\"section\">\n\t\t\t\t\t\t<div class=\"elementor-container elementor-column-gap-default\">\n\t\t\t\t\t<div class=\"elementor-column elementor-col-50 elementor-top-column elementor-element elementor-element-6827e58\" data-id=\"6827e58\" data-element_type=\"column\">\n\t\t\t<div class=\"elementor-widget-wrap elementor-element-populated\">\n\t\t\t\t\t\t<div class=\"elementor-element elementor-element-4b9cf6f elementor-widget elementor-widget-w1_2_3\" data-id=\"4b9cf6f\" data-element_type=\"widget\" data-widget_type=\"w1_2_3.default\">\n\t\t\t\t<div class=\"elementor-widget-container\">\n\t\t\t<section>\n                    <div class=\"mn-grid\">\n                        <h3  class=\"mn-grid-12 mn-section-title2\">\n                            Formalities before departure:  \n                        <\/h3>\n                    <\/div>\n                <\/section>\t\t<\/div>\n\t\t\t\t<\/div>\n\t\t\t\t<div class=\"elementor-element elementor-element-d663559 elementor-widget elementor-widget-w12\" data-id=\"d663559\" data-element_type=\"widget\" data-widget_type=\"w12.default\">\n\t\t\t\t<div class=\"elementor-widget-container\">\n\t\t\t<section>\n                <div class=\"mn-grid\">\n                    <div class=\"mn-grid-12 mn-mod-text-links\">\n                        <p><span style=\"color: #333333\">\u2022 The departing person fills out the exit request, giving the details of the trip, i.e. place, purpose and dates of departure, selected means of transport, source of funding<\/span><\/p>\n<p><span style=\"color: #333333\">\u2022 The application must be accompanied by an invitation to an event or other document confirming the legitimacy of the trip. In the case of a conference fee, the delegate attaches the data to the transfer or invoice to the<\/span><\/p>\n<p><span style=\"color: #333333\">\u2022 The delegate submits a request for approval to the Head of unit and the Director of the Institute, then delivers to the Office for International Cooperation, 8 pok. 19, or sent in the EZD system, no later than 14 days before the date of commencement of the delegation<\/span><\/p>\n<p><span style=\"color: #333333\">\u2022 After acceptance of the trip by the relevant Rector, employees of the Office of International Cooperation purchase a ticket and insurance according to the information contained on the application for departure. Tickets and policies are purchased through the company selected in the tender, currently TravelBank.<\/span><\/p>\n<p><span style=\"color: #333333\">\u2022 3 days before departure, the delegated person receives the purchase of the advance from BWM, the advance is collected at the bank&#8217;s counter or transferred to the bank account indicated in the exit request<\/span><\/p>\n\n                    <\/div>\n                <\/div>\n            <\/section>\t\t<\/div>\n\t\t\t\t<\/div>\n\t\t\t\t\t<\/div>\n\t\t<\/div>\n\t\t\t\t<div class=\"elementor-column elementor-col-50 elementor-top-column elementor-element elementor-element-aff67b6\" data-id=\"aff67b6\" data-element_type=\"column\">\n\t\t\t<div class=\"elementor-widget-wrap elementor-element-populated\">\n\t\t\t\t\t\t<div class=\"elementor-element elementor-element-d7d0f0b elementor-widget elementor-widget-w25\" data-id=\"d7d0f0b\" data-element_type=\"widget\" data-widget_type=\"w25.default\">\n\t\t\t\t<div class=\"elementor-widget-container\">\n\t\t\t<section>\n                <div class=\"mn-grid\">\n                    <div class=\"mn-grid-12 mn-mod-img-full-width\">\n                        <img fetchpriority=\"high\" decoding=\"async\" width=\"846\" height=\"564\" src=\"https:\/\/www.sggw.edu.pl\/wp-content\/uploads\/2020\/10\/front-view-young-female-in-white-shirt-holding-grey-colored-file-on-pink-wall-scaled.jpg\" class=\"attachment-961x564 size-961x564\" alt=\"\" srcset=\"https:\/\/www.sggw.edu.pl\/wp-content\/uploads\/2020\/10\/front-view-young-female-in-white-shirt-holding-grey-colored-file-on-pink-wall-scaled.jpg 2560w, https:\/\/www.sggw.edu.pl\/wp-content\/uploads\/2020\/10\/front-view-young-female-in-white-shirt-holding-grey-colored-file-on-pink-wall-300x200.jpg 300w, https:\/\/www.sggw.edu.pl\/wp-content\/uploads\/2020\/10\/front-view-young-female-in-white-shirt-holding-grey-colored-file-on-pink-wall-1024x683.jpg 1024w, https:\/\/www.sggw.edu.pl\/wp-content\/uploads\/2020\/10\/front-view-young-female-in-white-shirt-holding-grey-colored-file-on-pink-wall-768x512.jpg 768w, https:\/\/www.sggw.edu.pl\/wp-content\/uploads\/2020\/10\/front-view-young-female-in-white-shirt-holding-grey-colored-file-on-pink-wall-1536x1024.jpg 1536w, https:\/\/www.sggw.edu.pl\/wp-content\/uploads\/2020\/10\/front-view-young-female-in-white-shirt-holding-grey-colored-file-on-pink-wall-2048x1365.jpg 2048w, https:\/\/www.sggw.edu.pl\/wp-content\/uploads\/2020\/10\/front-view-young-female-in-white-shirt-holding-grey-colored-file-on-pink-wall-1200x800.jpg 1200w, https:\/\/www.sggw.edu.pl\/wp-content\/uploads\/2020\/10\/front-view-young-female-in-white-shirt-holding-grey-colored-file-on-pink-wall-1980x1320.jpg 1980w\" sizes=\"(max-width: 846px) 100vw, 846px\" \/>  <\/div>\n                <\/div>\n                <\/section>\t\t<\/div>\n\t\t\t\t<\/div>\n\t\t\t\t<div class=\"elementor-element elementor-element-87d4495 elementor-widget elementor-widget-w7\" data-id=\"87d4495\" data-element_type=\"widget\" data-widget_type=\"w7.default\">\n\t\t\t\t<div class=\"elementor-widget-container\">\n\t\t\t<section>\n                <div class=\"mn-grid\">\n                    <div class=\"mn-grid-12 mn-horizontal-separator\"><\/div>\n                <\/div>\n                <\/section>\t\t<\/div>\n\t\t\t\t<\/div>\n\t\t\t\t<div class=\"elementor-element elementor-element-a3f1cc0 elementor-widget elementor-widget-w24\" data-id=\"a3f1cc0\" data-element_type=\"widget\" data-widget_type=\"w24.default\">\n\t\t\t\t<div class=\"elementor-widget-container\">\n\t\t\t<section>\n                    <div class=\"mn-grid\">\n                        <a href=\"https:\/\/www.sggw.edu.pl\/wp-content\/uploads\/2020\/10\/Wniosek-wyjazdowy-PRACOWNICY_WZ\u00d3R.doc\" class=\"mn-grid-12 btn color-1\"><span class=\"txt\">DOWNLOAD THE APPLICATION<\/span><\/a>\n                    <\/div>\n                <\/section>\t\t<\/div>\n\t\t\t\t<\/div>\n\t\t\t\t\t<\/div>\n\t\t<\/div>\n\t\t\t\t\t<\/div>\n\t\t<\/section>\n\t\t\t\t<\/div>\n\t\t","protected":false},"excerpt":{"rendered":"<p>Formalities before departure: \u2022 The departing person fills out the exit request, giving the details of the trip, i.e. place, purpose and dates of departure, selected means of transport, source of funding \u2022 The application must be accompanied by an invitation to an event or other document confirming the legitimacy of the trip. In the [&hellip;]<\/p>\n","protected":false},"author":31,"featured_media":0,"parent":15371,"menu_order":0,"comment_status":"closed","ping_status":"closed","template":"","meta":{"_acf_changed":false,"footnotes":""},"class_list":["post-13164","page","type-page","status-publish","hentry"],"acf":[],"_links":{"self":[{"href":"https:\/\/www.sggw.edu.pl\/en\/wp-json\/wp\/v2\/pages\/13164","targetHints":{"allow":["GET"]}}],"collection":[{"href":"https:\/\/www.sggw.edu.pl\/en\/wp-json\/wp\/v2\/pages"}],"about":[{"href":"https:\/\/www.sggw.edu.pl\/en\/wp-json\/wp\/v2\/types\/page"}],"author":[{"embeddable":true,"href":"https:\/\/www.sggw.edu.pl\/en\/wp-json\/wp\/v2\/users\/31"}],"replies":[{"embeddable":true,"href":"https:\/\/www.sggw.edu.pl\/en\/wp-json\/wp\/v2\/comments?post=13164"}],"version-history":[{"count":1,"href":"https:\/\/www.sggw.edu.pl\/en\/wp-json\/wp\/v2\/pages\/13164\/revisions"}],"predecessor-version":[{"id":13166,"href":"https:\/\/www.sggw.edu.pl\/en\/wp-json\/wp\/v2\/pages\/13164\/revisions\/13166"}],"up":[{"embeddable":true,"href":"https:\/\/www.sggw.edu.pl\/en\/wp-json\/wp\/v2\/pages\/15371"}],"wp:attachment":[{"href":"https:\/\/www.sggw.edu.pl\/en\/wp-json\/wp\/v2\/media?parent=13164"}],"curies":[{"name":"wp","href":"https:\/\/api.w.org\/{rel}","templated":true}]}}