{"id":13174,"date":"2020-12-23T11:16:26","date_gmt":"2020-12-23T10:16:26","guid":{"rendered":"https:\/\/www.sggw.edu.pl\/history-of-ursynowski-palace\/"},"modified":"2021-08-03T16:38:02","modified_gmt":"2021-08-03T14:38:02","slug":"history-of-ursynowski-palace","status":"publish","type":"page","link":"https:\/\/www.sggw.edu.pl\/en\/university\/tradition-and-history-of-the-university\/history-of-ursynowski-palace\/","title":{"rendered":"History of Ursynowski Palace"},"content":{"rendered":"\t\t<div data-elementor-type=\"wp-page\" data-elementor-id=\"13174\" class=\"elementor elementor-13174\" data-elementor-post-type=\"page\">\n\t\t\t\t\t\t<section class=\"elementor-section elementor-top-section elementor-element elementor-element-4caa691 elementor-section-boxed elementor-section-height-default elementor-section-height-default\" data-id=\"4caa691\" data-element_type=\"section\">\n\t\t\t\t\t\t<div class=\"elementor-container elementor-column-gap-default\">\n\t\t\t\t\t<div class=\"elementor-column elementor-col-100 elementor-top-column elementor-element elementor-element-5bf0e69\" data-id=\"5bf0e69\" data-element_type=\"column\">\n\t\t\t<div class=\"elementor-widget-wrap elementor-element-populated\">\n\t\t\t\t\t\t<div class=\"elementor-element elementor-element-768aa98 elementor-widget elementor-widget-wp-widget-bcn_widget\" data-id=\"768aa98\" data-element_type=\"widget\" data-widget_type=\"wp-widget-bcn_widget.default\">\n\t\t\t\t<div class=\"elementor-widget-container\">\n\t\t\t<div class=\"mn-grid breadcrumb\">\n                                    <div class=\"breadcrumb-inner mn-grid-12\"><div class=\"breadcrumbs\" vocab=\"https:\/\/schema.org\/\" typeof=\"BreadcrumbList\"><span property=\"itemListElement\" typeof=\"ListItem\"><a property=\"item\" typeof=\"WebPage\" title=\"Go to Szko\u0142a G\u0142\u00f3wna Gospodarstwa Wiejskiego w Warszawie.\" href=\"https:\/\/www.sggw.edu.pl\/en\/\" class=\"home\" aria-current=\"page\"><span property=\"name\">Home<\/span><\/a><meta property=\"position\" content=\"1\"><\/span><\/div>    <\/div>\n                                <\/div>\t\t<\/div>\n\t\t\t\t<\/div>\n\t\t\t\t<div class=\"elementor-element elementor-element-2387112 elementor-widget elementor-widget-w1_2_3\" data-id=\"2387112\" data-element_type=\"widget\" data-widget_type=\"w1_2_3.default\">\n\t\t\t\t<div class=\"elementor-widget-container\">\n\t\t\t<section>\n                <div class=\"mn-grid\">\n                    <h2  class=\"mn-grid-12\">\n                        History of the Krasi\u0144ski Palace <br \/>\n(Pa\u0142ac Ursynowski)\n                    <\/h2>\n                <\/div>\n            <\/section>\t\t<\/div>\n\t\t\t\t<\/div>\n\t\t\t\t<section class=\"elementor-section elementor-inner-section elementor-element elementor-element-de2163c elementor-section-boxed elementor-section-height-default elementor-section-height-default\" data-id=\"de2163c\" data-element_type=\"section\">\n\t\t\t\t\t\t<div class=\"elementor-container elementor-column-gap-default\">\n\t\t\t\t\t<div class=\"elementor-column elementor-col-100 elementor-inner-column elementor-element elementor-element-7c7a838\" data-id=\"7c7a838\" data-element_type=\"column\">\n\t\t\t<div class=\"elementor-widget-wrap elementor-element-populated\">\n\t\t\t\t\t\t<div class=\"elementor-element elementor-element-1fa5dcc elementor-widget elementor-widget-w12\" data-id=\"1fa5dcc\" data-element_type=\"widget\" data-widget_type=\"w12.default\">\n\t\t\t\t<div class=\"elementor-widget-container\">\n\t\t\t<section>\n                <div class=\"mn-grid\">\n                    <div class=\"mn-grid-12 mn-mod-text-links\">\n                        <p>The exhibition (photo gallery below) presenting the history of the Rector&#8217;s Palace was prepared for 200th anniversary of the Warsaw University of Life Sciences.<\/p><p><strong>AUTHORS OF THE EXHIBITION:<\/strong><\/p><p>Dorota Sikora (SGGW Department of Landscape Art), <br \/>Anna Hanaka, <br \/>Maciej Rymkiewicz.<\/p><p><strong>THE EXHIBITION USES ICONOGRAPHIC MATERIALS FROM THE COLLECTIONS:<\/strong><\/p><p>Archives of the Central Archives of Historical Records,<br \/>Central Archives of the Warsaw University of Life Sciences,<br \/>National Library, National Museum in Warsaw, <br \/>Museum of King John III Sobieski Palace at Wilanow.<\/p>\n                    <\/div>\n                <\/div>\n            <\/section>\t\t<\/div>\n\t\t\t\t<\/div>\n\t\t\t\t\t<\/div>\n\t\t<\/div>\n\t\t\t\t\t<\/div>\n\t\t<\/section>\n\t\t\t\t<div class=\"elementor-element elementor-element-adea663 elementor-widget elementor-widget-w33\" data-id=\"adea663\" data-element_type=\"widget\" data-widget_type=\"w33.default\">\n\t\t\t\t<div class=\"elementor-widget-container\">\n\t\t\t<section>\n            <div class=\"mn-grid\">\n                <div class=\"mn-vertical-separator-x2\">\n                    \n                <\/div>\n            <\/section>\t\t<\/div>\n\t\t\t\t<\/div>\n\t\t\t\t\t<\/div>\n\t\t<\/div>\n\t\t\t\t\t<\/div>\n\t\t<\/section>\n\t\t\t\t<section class=\"elementor-section elementor-top-section elementor-element elementor-element-b5eadaf elementor-section-boxed elementor-section-height-default elementor-section-height-default\" data-id=\"b5eadaf\" data-element_type=\"section\">\n\t\t\t\t\t\t<div class=\"elementor-container elementor-column-gap-default\">\n\t\t\t\t\t<div class=\"elementor-column elementor-col-100 elementor-top-column elementor-element elementor-element-0efcadb\" data-id=\"0efcadb\" data-element_type=\"column\">\n\t\t\t<div class=\"elementor-widget-wrap elementor-element-populated\">\n\t\t\t\t\t\t<div class=\"elementor-element elementor-element-7136493 elementor-widget elementor-widget-image-gallery\" data-id=\"7136493\" data-element_type=\"widget\" data-widget_type=\"image-gallery.default\">\n\t\t\t\t<div class=\"elementor-widget-container\">\n\t\t\t        <div class=\"mn-gallery elementor-image-gallery\">\n            <div id='gallery-1' class='gallery galleryid-13174 gallery-columns-1 gallery-size-large'><figure class='gallery-item'>\n\t\t\t<div class='gallery-icon landscape'>\n\t\t\t\t<a data-elementor-open-lightbox=\"yes\" data-elementor-lightbox-slideshow=\"7136493\" data-elementor-lightbox-title=\"ursyn01\" data-e-action-hash=\"#elementor-action%3Aaction%3Dlightbox%26settings%3DeyJpZCI6NDIwNSwidXJsIjoiaHR0cHM6XC9cL3d3dy5zZ2d3LmVkdS5wbFwvd3AtY29udGVudFwvdXBsb2Fkc1wvMjAyMFwvMTBcL3Vyc3luMDEtc2NhbGVkLmpwZyIsInNsaWRlc2hvdyI6IjcxMzY0OTMifQ%3D%3D\" href='https:\/\/www.sggw.edu.pl\/wp-content\/uploads\/2020\/10\/ursyn01-scaled.jpg'><img fetchpriority=\"high\" decoding=\"async\" width=\"580\" height=\"580\" src=\"https:\/\/www.sggw.edu.pl\/wp-content\/uploads\/2020\/10\/ursyn01-1024x1024.jpg\" class=\"attachment-large size-large\" alt=\"\" srcset=\"https:\/\/www.sggw.edu.pl\/wp-content\/uploads\/2020\/10\/ursyn01-1024x1024.jpg 1024w, https:\/\/www.sggw.edu.pl\/wp-content\/uploads\/2020\/10\/ursyn01-300x300.jpg 300w, https:\/\/www.sggw.edu.pl\/wp-content\/uploads\/2020\/10\/ursyn01-150x150.jpg 150w, https:\/\/www.sggw.edu.pl\/wp-content\/uploads\/2020\/10\/ursyn01-768x768.jpg 768w, https:\/\/www.sggw.edu.pl\/wp-content\/uploads\/2020\/10\/ursyn01-1536x1536.jpg 1536w, https:\/\/www.sggw.edu.pl\/wp-content\/uploads\/2020\/10\/ursyn01-2048x2048.jpg 2048w, https:\/\/www.sggw.edu.pl\/wp-content\/uploads\/2020\/10\/ursyn01-1200x1200.jpg 1200w, https:\/\/www.sggw.edu.pl\/wp-content\/uploads\/2020\/10\/ursyn01-1980x1980.jpg 1980w\" sizes=\"(max-width: 580px) 100vw, 580px\" \/><\/a>\n\t\t\t<\/div><\/figure><figure class='gallery-item'>\n\t\t\t<div class='gallery-icon landscape'>\n\t\t\t\t<a data-elementor-open-lightbox=\"yes\" data-elementor-lightbox-slideshow=\"7136493\" data-elementor-lightbox-title=\"ursyn02\" data-e-action-hash=\"#elementor-action%3Aaction%3Dlightbox%26settings%3DeyJpZCI6NDIwNywidXJsIjoiaHR0cHM6XC9cL3d3dy5zZ2d3LmVkdS5wbFwvd3AtY29udGVudFwvdXBsb2Fkc1wvMjAyMFwvMTBcL3Vyc3luMDItc2NhbGVkLmpwZyIsInNsaWRlc2hvdyI6IjcxMzY0OTMifQ%3D%3D\" href='https:\/\/www.sggw.edu.pl\/wp-content\/uploads\/2020\/10\/ursyn02-scaled.jpg'><img decoding=\"async\" width=\"580\" height=\"580\" src=\"https:\/\/www.sggw.edu.pl\/wp-content\/uploads\/2020\/10\/ursyn02-1024x1024.jpg\" class=\"attachment-large size-large\" alt=\"\" srcset=\"https:\/\/www.sggw.edu.pl\/wp-content\/uploads\/2020\/10\/ursyn02-1024x1024.jpg 1024w, https:\/\/www.sggw.edu.pl\/wp-content\/uploads\/2020\/10\/ursyn02-300x300.jpg 300w, https:\/\/www.sggw.edu.pl\/wp-content\/uploads\/2020\/10\/ursyn02-150x150.jpg 150w, https:\/\/www.sggw.edu.pl\/wp-content\/uploads\/2020\/10\/ursyn02-768x768.jpg 768w, https:\/\/www.sggw.edu.pl\/wp-content\/uploads\/2020\/10\/ursyn02-1536x1536.jpg 1536w, https:\/\/www.sggw.edu.pl\/wp-content\/uploads\/2020\/10\/ursyn02-2048x2048.jpg 2048w, https:\/\/www.sggw.edu.pl\/wp-content\/uploads\/2020\/10\/ursyn02-1200x1200.jpg 1200w, https:\/\/www.sggw.edu.pl\/wp-content\/uploads\/2020\/10\/ursyn02-1980x1980.jpg 1980w\" sizes=\"(max-width: 580px) 100vw, 580px\" \/><\/a>\n\t\t\t<\/div><\/figure><figure class='gallery-item'>\n\t\t\t<div class='gallery-icon landscape'>\n\t\t\t\t<a data-elementor-open-lightbox=\"yes\" data-elementor-lightbox-slideshow=\"7136493\" data-elementor-lightbox-title=\"ursyn03\" data-e-action-hash=\"#elementor-action%3Aaction%3Dlightbox%26settings%3DeyJpZCI6NDIwOSwidXJsIjoiaHR0cHM6XC9cL3d3dy5zZ2d3LmVkdS5wbFwvd3AtY29udGVudFwvdXBsb2Fkc1wvMjAyMFwvMTBcL3Vyc3luMDMtc2NhbGVkLmpwZyIsInNsaWRlc2hvdyI6IjcxMzY0OTMifQ%3D%3D\" href='https:\/\/www.sggw.edu.pl\/wp-content\/uploads\/2020\/10\/ursyn03-scaled.jpg'><img decoding=\"async\" width=\"580\" height=\"580\" src=\"https:\/\/www.sggw.edu.pl\/wp-content\/uploads\/2020\/10\/ursyn03-1024x1024.jpg\" class=\"attachment-large size-large\" alt=\"\" srcset=\"https:\/\/www.sggw.edu.pl\/wp-content\/uploads\/2020\/10\/ursyn03-1024x1024.jpg 1024w, https:\/\/www.sggw.edu.pl\/wp-content\/uploads\/2020\/10\/ursyn03-300x300.jpg 300w, https:\/\/www.sggw.edu.pl\/wp-content\/uploads\/2020\/10\/ursyn03-150x150.jpg 150w, https:\/\/www.sggw.edu.pl\/wp-content\/uploads\/2020\/10\/ursyn03-768x768.jpg 768w, https:\/\/www.sggw.edu.pl\/wp-content\/uploads\/2020\/10\/ursyn03-1536x1536.jpg 1536w, https:\/\/www.sggw.edu.pl\/wp-content\/uploads\/2020\/10\/ursyn03-2048x2048.jpg 2048w, https:\/\/www.sggw.edu.pl\/wp-content\/uploads\/2020\/10\/ursyn03-1200x1200.jpg 1200w, https:\/\/www.sggw.edu.pl\/wp-content\/uploads\/2020\/10\/ursyn03-1980x1980.jpg 1980w\" sizes=\"(max-width: 580px) 100vw, 580px\" \/><\/a>\n\t\t\t<\/div><\/figure><figure class='gallery-item'>\n\t\t\t<div class='gallery-icon landscape'>\n\t\t\t\t<a data-elementor-open-lightbox=\"yes\" data-elementor-lightbox-slideshow=\"7136493\" data-elementor-lightbox-title=\"ursyn04\" data-e-action-hash=\"#elementor-action%3Aaction%3Dlightbox%26settings%3DeyJpZCI6NDIxMSwidXJsIjoiaHR0cHM6XC9cL3d3dy5zZ2d3LmVkdS5wbFwvd3AtY29udGVudFwvdXBsb2Fkc1wvMjAyMFwvMTBcL3Vyc3luMDQtc2NhbGVkLmpwZyIsInNsaWRlc2hvdyI6IjcxMzY0OTMifQ%3D%3D\" href='https:\/\/www.sggw.edu.pl\/wp-content\/uploads\/2020\/10\/ursyn04-scaled.jpg'><img loading=\"lazy\" decoding=\"async\" width=\"580\" height=\"580\" src=\"https:\/\/www.sggw.edu.pl\/wp-content\/uploads\/2020\/10\/ursyn04-1024x1024.jpg\" class=\"attachment-large size-large\" alt=\"\" srcset=\"https:\/\/www.sggw.edu.pl\/wp-content\/uploads\/2020\/10\/ursyn04-1024x1024.jpg 1024w, https:\/\/www.sggw.edu.pl\/wp-content\/uploads\/2020\/10\/ursyn04-300x300.jpg 300w, https:\/\/www.sggw.edu.pl\/wp-content\/uploads\/2020\/10\/ursyn04-150x150.jpg 150w, https:\/\/www.sggw.edu.pl\/wp-content\/uploads\/2020\/10\/ursyn04-768x768.jpg 768w, https:\/\/www.sggw.edu.pl\/wp-content\/uploads\/2020\/10\/ursyn04-1536x1536.jpg 1536w, https:\/\/www.sggw.edu.pl\/wp-content\/uploads\/2020\/10\/ursyn04-2048x2048.jpg 2048w, https:\/\/www.sggw.edu.pl\/wp-content\/uploads\/2020\/10\/ursyn04-1200x1200.jpg 1200w, https:\/\/www.sggw.edu.pl\/wp-content\/uploads\/2020\/10\/ursyn04-1980x1980.jpg 1980w\" sizes=\"(max-width: 580px) 100vw, 580px\" \/><\/a>\n\t\t\t<\/div><\/figure><figure class='gallery-item'>\n\t\t\t<div class='gallery-icon landscape'>\n\t\t\t\t<a data-elementor-open-lightbox=\"yes\" data-elementor-lightbox-slideshow=\"7136493\" data-elementor-lightbox-title=\"ursyn05\" data-e-action-hash=\"#elementor-action%3Aaction%3Dlightbox%26settings%3DeyJpZCI6NDIxMywidXJsIjoiaHR0cHM6XC9cL3d3dy5zZ2d3LmVkdS5wbFwvd3AtY29udGVudFwvdXBsb2Fkc1wvMjAyMFwvMTBcL3Vyc3luMDUtc2NhbGVkLmpwZyIsInNsaWRlc2hvdyI6IjcxMzY0OTMifQ%3D%3D\" href='https:\/\/www.sggw.edu.pl\/wp-content\/uploads\/2020\/10\/ursyn05-scaled.jpg'><img loading=\"lazy\" decoding=\"async\" width=\"580\" height=\"580\" src=\"https:\/\/www.sggw.edu.pl\/wp-content\/uploads\/2020\/10\/ursyn05-1024x1024.jpg\" class=\"attachment-large size-large\" alt=\"\" srcset=\"https:\/\/www.sggw.edu.pl\/wp-content\/uploads\/2020\/10\/ursyn05-1024x1024.jpg 1024w, https:\/\/www.sggw.edu.pl\/wp-content\/uploads\/2020\/10\/ursyn05-300x300.jpg 300w, https:\/\/www.sggw.edu.pl\/wp-content\/uploads\/2020\/10\/ursyn05-150x150.jpg 150w, https:\/\/www.sggw.edu.pl\/wp-content\/uploads\/2020\/10\/ursyn05-768x768.jpg 768w, https:\/\/www.sggw.edu.pl\/wp-content\/uploads\/2020\/10\/ursyn05-1536x1536.jpg 1536w, https:\/\/www.sggw.edu.pl\/wp-content\/uploads\/2020\/10\/ursyn05-2048x2048.jpg 2048w, https:\/\/www.sggw.edu.pl\/wp-content\/uploads\/2020\/10\/ursyn05-1200x1200.jpg 1200w, https:\/\/www.sggw.edu.pl\/wp-content\/uploads\/2020\/10\/ursyn05-1980x1980.jpg 1980w\" sizes=\"(max-width: 580px) 100vw, 580px\" \/><\/a>\n\t\t\t<\/div><\/figure><figure class='gallery-item'>\n\t\t\t<div class='gallery-icon portrait'>\n\t\t\t\t<a data-elementor-open-lightbox=\"yes\" data-elementor-lightbox-slideshow=\"7136493\" data-elementor-lightbox-title=\"ursyn06\" data-e-action-hash=\"#elementor-action%3Aaction%3Dlightbox%26settings%3DeyJpZCI6NDIxNSwidXJsIjoiaHR0cHM6XC9cL3d3dy5zZ2d3LmVkdS5wbFwvd3AtY29udGVudFwvdXBsb2Fkc1wvMjAyMFwvMTBcL3Vyc3luMDYtc2NhbGVkLmpwZyIsInNsaWRlc2hvdyI6IjcxMzY0OTMifQ%3D%3D\" href='https:\/\/www.sggw.edu.pl\/wp-content\/uploads\/2020\/10\/ursyn06-scaled.jpg'><img loading=\"lazy\" decoding=\"async\" width=\"580\" height=\"656\" src=\"https:\/\/www.sggw.edu.pl\/wp-content\/uploads\/2020\/10\/ursyn06-906x1024.jpg\" class=\"attachment-large size-large\" alt=\"\" srcset=\"https:\/\/www.sggw.edu.pl\/wp-content\/uploads\/2020\/10\/ursyn06-906x1024.jpg 906w, https:\/\/www.sggw.edu.pl\/wp-content\/uploads\/2020\/10\/ursyn06-266x300.jpg 266w, https:\/\/www.sggw.edu.pl\/wp-content\/uploads\/2020\/10\/ursyn06-768x868.jpg 768w, https:\/\/www.sggw.edu.pl\/wp-content\/uploads\/2020\/10\/ursyn06-1359x1536.jpg 1359w, https:\/\/www.sggw.edu.pl\/wp-content\/uploads\/2020\/10\/ursyn06-1813x2048.jpg 1813w, https:\/\/www.sggw.edu.pl\/wp-content\/uploads\/2020\/10\/ursyn06-1200x1356.jpg 1200w, https:\/\/www.sggw.edu.pl\/wp-content\/uploads\/2020\/10\/ursyn06-1980x2237.jpg 1980w\" sizes=\"(max-width: 580px) 100vw, 580px\" \/><\/a>\n\t\t\t<\/div><\/figure><figure class='gallery-item'>\n\t\t\t<div class='gallery-icon landscape'>\n\t\t\t\t<a data-elementor-open-lightbox=\"yes\" data-elementor-lightbox-slideshow=\"7136493\" data-elementor-lightbox-title=\"ursyn07\" data-e-action-hash=\"#elementor-action%3Aaction%3Dlightbox%26settings%3DeyJpZCI6NDIxNywidXJsIjoiaHR0cHM6XC9cL3d3dy5zZ2d3LmVkdS5wbFwvd3AtY29udGVudFwvdXBsb2Fkc1wvMjAyMFwvMTBcL3Vyc3luMDctc2NhbGVkLmpwZyIsInNsaWRlc2hvdyI6IjcxMzY0OTMifQ%3D%3D\" href='https:\/\/www.sggw.edu.pl\/wp-content\/uploads\/2020\/10\/ursyn07-scaled.jpg'><img loading=\"lazy\" decoding=\"async\" width=\"580\" height=\"580\" src=\"https:\/\/www.sggw.edu.pl\/wp-content\/uploads\/2020\/10\/ursyn07-1024x1024.jpg\" class=\"attachment-large size-large\" alt=\"\" srcset=\"https:\/\/www.sggw.edu.pl\/wp-content\/uploads\/2020\/10\/ursyn07-1024x1024.jpg 1024w, https:\/\/www.sggw.edu.pl\/wp-content\/uploads\/2020\/10\/ursyn07-300x300.jpg 300w, https:\/\/www.sggw.edu.pl\/wp-content\/uploads\/2020\/10\/ursyn07-150x150.jpg 150w, https:\/\/www.sggw.edu.pl\/wp-content\/uploads\/2020\/10\/ursyn07-768x768.jpg 768w, https:\/\/www.sggw.edu.pl\/wp-content\/uploads\/2020\/10\/ursyn07-1536x1536.jpg 1536w, https:\/\/www.sggw.edu.pl\/wp-content\/uploads\/2020\/10\/ursyn07-2048x2048.jpg 2048w, https:\/\/www.sggw.edu.pl\/wp-content\/uploads\/2020\/10\/ursyn07-1200x1200.jpg 1200w, https:\/\/www.sggw.edu.pl\/wp-content\/uploads\/2020\/10\/ursyn07-1980x1980.jpg 1980w\" sizes=\"(max-width: 580px) 100vw, 580px\" \/><\/a>\n\t\t\t<\/div><\/figure><figure class='gallery-item'>\n\t\t\t<div class='gallery-icon landscape'>\n\t\t\t\t<a data-elementor-open-lightbox=\"yes\" data-elementor-lightbox-slideshow=\"7136493\" data-elementor-lightbox-title=\"ursyn08\" data-e-action-hash=\"#elementor-action%3Aaction%3Dlightbox%26settings%3DeyJpZCI6NDIxOSwidXJsIjoiaHR0cHM6XC9cL3d3dy5zZ2d3LmVkdS5wbFwvd3AtY29udGVudFwvdXBsb2Fkc1wvMjAyMFwvMTBcL3Vyc3luMDgtc2NhbGVkLmpwZyIsInNsaWRlc2hvdyI6IjcxMzY0OTMifQ%3D%3D\" href='https:\/\/www.sggw.edu.pl\/wp-content\/uploads\/2020\/10\/ursyn08-scaled.jpg'><img loading=\"lazy\" decoding=\"async\" width=\"580\" height=\"580\" src=\"https:\/\/www.sggw.edu.pl\/wp-content\/uploads\/2020\/10\/ursyn08-1024x1024.jpg\" class=\"attachment-large size-large\" alt=\"\" srcset=\"https:\/\/www.sggw.edu.pl\/wp-content\/uploads\/2020\/10\/ursyn08-1024x1024.jpg 1024w, https:\/\/www.sggw.edu.pl\/wp-content\/uploads\/2020\/10\/ursyn08-300x300.jpg 300w, https:\/\/www.sggw.edu.pl\/wp-content\/uploads\/2020\/10\/ursyn08-150x150.jpg 150w, https:\/\/www.sggw.edu.pl\/wp-content\/uploads\/2020\/10\/ursyn08-768x768.jpg 768w, https:\/\/www.sggw.edu.pl\/wp-content\/uploads\/2020\/10\/ursyn08-1536x1536.jpg 1536w, https:\/\/www.sggw.edu.pl\/wp-content\/uploads\/2020\/10\/ursyn08-2048x2048.jpg 2048w, https:\/\/www.sggw.edu.pl\/wp-content\/uploads\/2020\/10\/ursyn08-1200x1200.jpg 1200w, https:\/\/www.sggw.edu.pl\/wp-content\/uploads\/2020\/10\/ursyn08-1980x1980.jpg 1980w\" sizes=\"(max-width: 580px) 100vw, 580px\" \/><\/a>\n\t\t\t<\/div><\/figure><figure class='gallery-item'>\n\t\t\t<div class='gallery-icon landscape'>\n\t\t\t\t<a data-elementor-open-lightbox=\"yes\" data-elementor-lightbox-slideshow=\"7136493\" data-elementor-lightbox-title=\"ursyn09\" data-e-action-hash=\"#elementor-action%3Aaction%3Dlightbox%26settings%3DeyJpZCI6NDIyMSwidXJsIjoiaHR0cHM6XC9cL3d3dy5zZ2d3LmVkdS5wbFwvd3AtY29udGVudFwvdXBsb2Fkc1wvMjAyMFwvMTBcL3Vyc3luMDktc2NhbGVkLmpwZyIsInNsaWRlc2hvdyI6IjcxMzY0OTMifQ%3D%3D\" href='https:\/\/www.sggw.edu.pl\/wp-content\/uploads\/2020\/10\/ursyn09-scaled.jpg'><img loading=\"lazy\" decoding=\"async\" width=\"580\" height=\"580\" src=\"https:\/\/www.sggw.edu.pl\/wp-content\/uploads\/2020\/10\/ursyn09-1024x1024.jpg\" class=\"attachment-large size-large\" alt=\"\" srcset=\"https:\/\/www.sggw.edu.pl\/wp-content\/uploads\/2020\/10\/ursyn09-1024x1024.jpg 1024w, https:\/\/www.sggw.edu.pl\/wp-content\/uploads\/2020\/10\/ursyn09-300x300.jpg 300w, https:\/\/www.sggw.edu.pl\/wp-content\/uploads\/2020\/10\/ursyn09-150x150.jpg 150w, https:\/\/www.sggw.edu.pl\/wp-content\/uploads\/2020\/10\/ursyn09-768x768.jpg 768w, https:\/\/www.sggw.edu.pl\/wp-content\/uploads\/2020\/10\/ursyn09-1536x1536.jpg 1536w, https:\/\/www.sggw.edu.pl\/wp-content\/uploads\/2020\/10\/ursyn09-2048x2048.jpg 2048w, https:\/\/www.sggw.edu.pl\/wp-content\/uploads\/2020\/10\/ursyn09-1200x1200.jpg 1200w, https:\/\/www.sggw.edu.pl\/wp-content\/uploads\/2020\/10\/ursyn09-1980x1980.jpg 1980w\" sizes=\"(max-width: 580px) 100vw, 580px\" \/><\/a>\n\t\t\t<\/div><\/figure><figure class='gallery-item'>\n\t\t\t<div class='gallery-icon landscape'>\n\t\t\t\t<a data-elementor-open-lightbox=\"yes\" data-elementor-lightbox-slideshow=\"7136493\" data-elementor-lightbox-title=\"ursyn10\" data-e-action-hash=\"#elementor-action%3Aaction%3Dlightbox%26settings%3DeyJpZCI6NDIyMywidXJsIjoiaHR0cHM6XC9cL3d3dy5zZ2d3LmVkdS5wbFwvd3AtY29udGVudFwvdXBsb2Fkc1wvMjAyMFwvMTBcL3Vyc3luMTAtc2NhbGVkLmpwZyIsInNsaWRlc2hvdyI6IjcxMzY0OTMifQ%3D%3D\" href='https:\/\/www.sggw.edu.pl\/wp-content\/uploads\/2020\/10\/ursyn10-scaled.jpg'><img loading=\"lazy\" decoding=\"async\" width=\"580\" height=\"580\" src=\"https:\/\/www.sggw.edu.pl\/wp-content\/uploads\/2020\/10\/ursyn10-1024x1024.jpg\" class=\"attachment-large size-large\" alt=\"\" srcset=\"https:\/\/www.sggw.edu.pl\/wp-content\/uploads\/2020\/10\/ursyn10-1024x1024.jpg 1024w, https:\/\/www.sggw.edu.pl\/wp-content\/uploads\/2020\/10\/ursyn10-300x300.jpg 300w, https:\/\/www.sggw.edu.pl\/wp-content\/uploads\/2020\/10\/ursyn10-150x150.jpg 150w, https:\/\/www.sggw.edu.pl\/wp-content\/uploads\/2020\/10\/ursyn10-768x768.jpg 768w, https:\/\/www.sggw.edu.pl\/wp-content\/uploads\/2020\/10\/ursyn10-1536x1536.jpg 1536w, https:\/\/www.sggw.edu.pl\/wp-content\/uploads\/2020\/10\/ursyn10-2048x2048.jpg 2048w, https:\/\/www.sggw.edu.pl\/wp-content\/uploads\/2020\/10\/ursyn10-1200x1200.jpg 1200w, https:\/\/www.sggw.edu.pl\/wp-content\/uploads\/2020\/10\/ursyn10-1980x1980.jpg 1980w\" sizes=\"(max-width: 580px) 100vw, 580px\" \/><\/a>\n\t\t\t<\/div><\/figure><figure class='gallery-item'>\n\t\t\t<div class='gallery-icon landscape'>\n\t\t\t\t<a data-elementor-open-lightbox=\"yes\" data-elementor-lightbox-slideshow=\"7136493\" data-elementor-lightbox-title=\"ursyn11\" data-e-action-hash=\"#elementor-action%3Aaction%3Dlightbox%26settings%3DeyJpZCI6NDIyNSwidXJsIjoiaHR0cHM6XC9cL3d3dy5zZ2d3LmVkdS5wbFwvd3AtY29udGVudFwvdXBsb2Fkc1wvMjAyMFwvMTBcL3Vyc3luMTEtc2NhbGVkLmpwZyIsInNsaWRlc2hvdyI6IjcxMzY0OTMifQ%3D%3D\" href='https:\/\/www.sggw.edu.pl\/wp-content\/uploads\/2020\/10\/ursyn11-scaled.jpg'><img loading=\"lazy\" decoding=\"async\" width=\"580\" height=\"580\" src=\"https:\/\/www.sggw.edu.pl\/wp-content\/uploads\/2020\/10\/ursyn11-1024x1024.jpg\" class=\"attachment-large size-large\" alt=\"\" srcset=\"https:\/\/www.sggw.edu.pl\/wp-content\/uploads\/2020\/10\/ursyn11-1024x1024.jpg 1024w, https:\/\/www.sggw.edu.pl\/wp-content\/uploads\/2020\/10\/ursyn11-300x300.jpg 300w, https:\/\/www.sggw.edu.pl\/wp-content\/uploads\/2020\/10\/ursyn11-150x150.jpg 150w, https:\/\/www.sggw.edu.pl\/wp-content\/uploads\/2020\/10\/ursyn11-768x768.jpg 768w, https:\/\/www.sggw.edu.pl\/wp-content\/uploads\/2020\/10\/ursyn11-1536x1536.jpg 1536w, https:\/\/www.sggw.edu.pl\/wp-content\/uploads\/2020\/10\/ursyn11-2048x2048.jpg 2048w, https:\/\/www.sggw.edu.pl\/wp-content\/uploads\/2020\/10\/ursyn11-1200x1200.jpg 1200w, https:\/\/www.sggw.edu.pl\/wp-content\/uploads\/2020\/10\/ursyn11-1980x1980.jpg 1980w\" sizes=\"(max-width: 580px) 100vw, 580px\" \/><\/a>\n\t\t\t<\/div><\/figure><figure class='gallery-item'>\n\t\t\t<div class='gallery-icon landscape'>\n\t\t\t\t<a data-elementor-open-lightbox=\"yes\" data-elementor-lightbox-slideshow=\"7136493\" data-elementor-lightbox-title=\"ursyn12\" data-e-action-hash=\"#elementor-action%3Aaction%3Dlightbox%26settings%3DeyJpZCI6NDIyNywidXJsIjoiaHR0cHM6XC9cL3d3dy5zZ2d3LmVkdS5wbFwvd3AtY29udGVudFwvdXBsb2Fkc1wvMjAyMFwvMTBcL3Vyc3luMTItc2NhbGVkLmpwZyIsInNsaWRlc2hvdyI6IjcxMzY0OTMifQ%3D%3D\" href='https:\/\/www.sggw.edu.pl\/wp-content\/uploads\/2020\/10\/ursyn12-scaled.jpg'><img loading=\"lazy\" decoding=\"async\" width=\"580\" height=\"580\" src=\"https:\/\/www.sggw.edu.pl\/wp-content\/uploads\/2020\/10\/ursyn12-1024x1024.jpg\" class=\"attachment-large size-large\" alt=\"\" srcset=\"https:\/\/www.sggw.edu.pl\/wp-content\/uploads\/2020\/10\/ursyn12-1024x1024.jpg 1024w, https:\/\/www.sggw.edu.pl\/wp-content\/uploads\/2020\/10\/ursyn12-300x300.jpg 300w, https:\/\/www.sggw.edu.pl\/wp-content\/uploads\/2020\/10\/ursyn12-150x150.jpg 150w, https:\/\/www.sggw.edu.pl\/wp-content\/uploads\/2020\/10\/ursyn12-768x768.jpg 768w, https:\/\/www.sggw.edu.pl\/wp-content\/uploads\/2020\/10\/ursyn12-1536x1536.jpg 1536w, https:\/\/www.sggw.edu.pl\/wp-content\/uploads\/2020\/10\/ursyn12-2048x2048.jpg 2048w, https:\/\/www.sggw.edu.pl\/wp-content\/uploads\/2020\/10\/ursyn12-1200x1200.jpg 1200w, https:\/\/www.sggw.edu.pl\/wp-content\/uploads\/2020\/10\/ursyn12-1980x1980.jpg 1980w\" sizes=\"(max-width: 580px) 100vw, 580px\" \/><\/a>\n\t\t\t<\/div><\/figure><figure class='gallery-item'>\n\t\t\t<div class='gallery-icon landscape'>\n\t\t\t\t<a data-elementor-open-lightbox=\"yes\" data-elementor-lightbox-slideshow=\"7136493\" data-elementor-lightbox-title=\"ursyn13\" data-e-action-hash=\"#elementor-action%3Aaction%3Dlightbox%26settings%3DeyJpZCI6NDIyOSwidXJsIjoiaHR0cHM6XC9cL3d3dy5zZ2d3LmVkdS5wbFwvd3AtY29udGVudFwvdXBsb2Fkc1wvMjAyMFwvMTBcL3Vyc3luMTMtc2NhbGVkLmpwZyIsInNsaWRlc2hvdyI6IjcxMzY0OTMifQ%3D%3D\" href='https:\/\/www.sggw.edu.pl\/wp-content\/uploads\/2020\/10\/ursyn13-scaled.jpg'><img loading=\"lazy\" decoding=\"async\" width=\"580\" height=\"580\" src=\"https:\/\/www.sggw.edu.pl\/wp-content\/uploads\/2020\/10\/ursyn13-1024x1024.jpg\" class=\"attachment-large size-large\" alt=\"\" srcset=\"https:\/\/www.sggw.edu.pl\/wp-content\/uploads\/2020\/10\/ursyn13-1024x1024.jpg 1024w, https:\/\/www.sggw.edu.pl\/wp-content\/uploads\/2020\/10\/ursyn13-300x300.jpg 300w, https:\/\/www.sggw.edu.pl\/wp-content\/uploads\/2020\/10\/ursyn13-150x150.jpg 150w, https:\/\/www.sggw.edu.pl\/wp-content\/uploads\/2020\/10\/ursyn13-768x768.jpg 768w, https:\/\/www.sggw.edu.pl\/wp-content\/uploads\/2020\/10\/ursyn13-1536x1536.jpg 1536w, https:\/\/www.sggw.edu.pl\/wp-content\/uploads\/2020\/10\/ursyn13-2048x2048.jpg 2048w, https:\/\/www.sggw.edu.pl\/wp-content\/uploads\/2020\/10\/ursyn13-1200x1200.jpg 1200w, https:\/\/www.sggw.edu.pl\/wp-content\/uploads\/2020\/10\/ursyn13-1980x1980.jpg 1980w\" sizes=\"(max-width: 580px) 100vw, 580px\" \/><\/a>\n\t\t\t<\/div><\/figure>\n\t\t<\/div>\n        <\/div>\n        \t\t<\/div>\n\t\t\t\t<\/div>\n\t\t\t\t\t<\/div>\n\t\t<\/div>\n\t\t\t\t\t<\/div>\n\t\t<\/section>\n\t\t\t\t<\/div>\n\t\t","protected":false},"excerpt":{"rendered":"<p>History of the Krasi\u0144ski Palace (Pa\u0142ac Ursynowski) The exhibition (photo gallery below) presenting the history of the Rector&#8217;s Palace was prepared for 200th anniversary of the Warsaw University of Life Sciences. AUTHORS OF THE EXHIBITION: Dorota Sikora (SGGW Department of Landscape Art), Anna Hanaka, Maciej Rymkiewicz. THE EXHIBITION USES ICONOGRAPHIC MATERIALS FROM THE COLLECTIONS: Archives [&hellip;]<\/p>\n","protected":false},"author":1,"featured_media":0,"parent":15997,"menu_order":0,"comment_status":"closed","ping_status":"closed","template":"","meta":{"_acf_changed":false,"footnotes":""},"class_list":["post-13174","page","type-page","status-publish","hentry"],"acf":[],"_links":{"self":[{"href":"https:\/\/www.sggw.edu.pl\/en\/wp-json\/wp\/v2\/pages\/13174","targetHints":{"allow":["GET"]}}],"collection":[{"href":"https:\/\/www.sggw.edu.pl\/en\/wp-json\/wp\/v2\/pages"}],"about":[{"href":"https:\/\/www.sggw.edu.pl\/en\/wp-json\/wp\/v2\/types\/page"}],"author":[{"embeddable":true,"href":"https:\/\/www.sggw.edu.pl\/en\/wp-json\/wp\/v2\/users\/1"}],"replies":[{"embeddable":true,"href":"https:\/\/www.sggw.edu.pl\/en\/wp-json\/wp\/v2\/comments?post=13174"}],"version-history":[{"count":15,"href":"https:\/\/www.sggw.edu.pl\/en\/wp-json\/wp\/v2\/pages\/13174\/revisions"}],"predecessor-version":[{"id":91476,"href":"https:\/\/www.sggw.edu.pl\/en\/wp-json\/wp\/v2\/pages\/13174\/revisions\/91476"}],"up":[{"embeddable":true,"href":"https:\/\/www.sggw.edu.pl\/en\/wp-json\/wp\/v2\/pages\/15997"}],"wp:attachment":[{"href":"https:\/\/www.sggw.edu.pl\/en\/wp-json\/wp\/v2\/media?parent=13174"}],"curies":[{"name":"wp","href":"https:\/\/api.w.org\/{rel}","templated":true}]}}