{"id":133662,"date":"2021-04-27T10:32:45","date_gmt":"2021-04-27T08:32:45","guid":{"rendered":"https:\/\/www.sggw.edu.pl\/home\/collaboration-and-services\/erasmus-in-out\/"},"modified":"2024-04-04T16:46:43","modified_gmt":"2024-04-04T14:46:43","slug":"erasmus-in-out","status":"publish","type":"page","link":"https:\/\/www.sggw.edu.pl\/en\/collaboration-and-services\/international-cooperation\/erasmus\/erasmus-in-out\/","title":{"rendered":"Erasmus in\/out"},"content":{"rendered":"\t\t<div data-elementor-type=\"wp-page\" data-elementor-id=\"133662\" class=\"elementor elementor-133662\" data-elementor-post-type=\"page\">\n\t\t\t\t\t\t<section class=\"elementor-section elementor-top-section elementor-element elementor-element-567e8c2b elementor-section-boxed elementor-section-height-default elementor-section-height-default\" data-id=\"567e8c2b\" data-element_type=\"section\">\n\t\t\t\t\t\t<div class=\"elementor-container elementor-column-gap-default\">\n\t\t\t\t\t<div class=\"elementor-column elementor-col-100 elementor-top-column elementor-element elementor-element-4ca7ff71\" data-id=\"4ca7ff71\" data-element_type=\"column\">\n\t\t\t<div class=\"elementor-widget-wrap elementor-element-populated\">\n\t\t\t\t\t\t<div class=\"elementor-element elementor-element-d7b060 elementor-widget elementor-widget-spacer\" data-id=\"d7b060\" data-element_type=\"widget\" data-widget_type=\"spacer.default\">\n\t\t\t\t<div class=\"elementor-widget-container\">\n\t\t\t\t\t<div class=\"elementor-spacer\">\n\t\t\t<div class=\"elementor-spacer-inner\"><\/div>\n\t\t<\/div>\n\t\t\t\t<\/div>\n\t\t\t\t<\/div>\n\t\t\t\t<div class=\"elementor-element elementor-element-130ff94a elementor-widget elementor-widget-wp-widget-bcn_widget\" data-id=\"130ff94a\" data-element_type=\"widget\" data-widget_type=\"wp-widget-bcn_widget.default\">\n\t\t\t\t<div class=\"elementor-widget-container\">\n\t\t\t<div class=\"mn-grid breadcrumb\">\n                                    <div class=\"breadcrumb-inner mn-grid-12\"><div class=\"breadcrumbs\" vocab=\"https:\/\/schema.org\/\" typeof=\"BreadcrumbList\"><span property=\"itemListElement\" typeof=\"ListItem\"><a property=\"item\" typeof=\"WebPage\" title=\"Go to Szko\u0142a G\u0142\u00f3wna Gospodarstwa Wiejskiego w Warszawie.\" href=\"https:\/\/www.sggw.edu.pl\/en\/\" class=\"home\" aria-current=\"page\"><span property=\"name\">Home<\/span><\/a><meta property=\"position\" content=\"1\"><\/span><\/div>    <\/div>\n                                <\/div>\t\t<\/div>\n\t\t\t\t<\/div>\n\t\t\t\t\t<\/div>\n\t\t<\/div>\n\t\t\t\t\t<\/div>\n\t\t<\/section>\n\t\t\t\t<section class=\"elementor-section elementor-top-section elementor-element elementor-element-2e4a980e elementor-section-boxed elementor-section-height-default elementor-section-height-default\" data-id=\"2e4a980e\" data-element_type=\"section\">\n\t\t\t\t\t\t<div class=\"elementor-container elementor-column-gap-default\">\n\t\t\t\t\t<div class=\"elementor-column elementor-col-100 elementor-top-column elementor-element elementor-element-7643396c\" data-id=\"7643396c\" data-element_type=\"column\">\n\t\t\t<div class=\"elementor-widget-wrap\">\n\t\t\t\t\t\t\t<\/div>\n\t\t<\/div>\n\t\t\t\t\t<\/div>\n\t\t<\/section>\n\t\t\t\t<section class=\"elementor-section elementor-top-section elementor-element elementor-element-641ca8bd elementor-section-boxed elementor-section-height-default elementor-section-height-default\" data-id=\"641ca8bd\" data-element_type=\"section\">\n\t\t\t\t\t\t<div class=\"elementor-container elementor-column-gap-default\">\n\t\t\t\t\t<div class=\"elementor-column elementor-col-50 elementor-top-column elementor-element elementor-element-5b87f176\" data-id=\"5b87f176\" data-element_type=\"column\">\n\t\t\t<div class=\"elementor-widget-wrap elementor-element-populated\">\n\t\t\t\t\t\t<div class=\"elementor-element elementor-element-67934d0 elementor-widget elementor-widget-w4\" data-id=\"67934d0\" data-element_type=\"widget\" data-widget_type=\"w4.default\">\n\t\t\t\t<div class=\"elementor-widget-container\">\n\t\t\t<section>\n        <div class=\"mn-grid\">\n            <div class=\"mn-main-baner mn-grid-12\"  style=\"background: url(https:\/\/www.sggw.edu.pl\/wp-content\/uploads\/2022\/04\/Obrazek.png) 0 no-repeat\">\n                <a href=\"https:\/\/www.sggw.edu.pl\/wspolpraca\/wspolpraca-miedzynarodowa\/erasmus\/erasmus-in-out\/praktyki\/\" class=\"mn-w4-link-baner\"><\/a>\n                <h1>\n                    <br \/>\nErasmus outgoing (studenci SGGW)\n                <\/h1>\n                <div class=\"lower_text\">\n                    \n                <\/div>\n            <\/div><\/div><\/section>\t\t<\/div>\n\t\t\t\t<\/div>\n\t\t\t\t\t<\/div>\n\t\t<\/div>\n\t\t\t\t<div class=\"elementor-column elementor-col-50 elementor-top-column elementor-element elementor-element-40ee463\" data-id=\"40ee463\" data-element_type=\"column\">\n\t\t\t<div class=\"elementor-widget-wrap elementor-element-populated\">\n\t\t\t\t\t\t<div class=\"elementor-element elementor-element-67c0df27 elementor-widget elementor-widget-w4\" data-id=\"67c0df27\" data-element_type=\"widget\" data-widget_type=\"w4.default\">\n\t\t\t\t<div class=\"elementor-widget-container\">\n\t\t\t<section>\n        <div class=\"mn-grid\">\n            <div class=\"mn-main-baner mn-grid-12\"  style=\"background: url(https:\/\/www.sggw.edu.pl\/wp-content\/uploads\/2022\/04\/Obrazek.png) 0 no-repeat\">\n                <a href=\"https:\/\/www.sggw.edu.pl\/wspolpraca\/wspolpraca-miedzynarodowa\/erasmus\/erasmus-in-out\/inc\/praktyki\/\" class=\"mn-w4-link-baner\"><\/a>\n                <h1>\n                    <br \/>\nErasmus incoming\n                <\/h1>\n                <div class=\"lower_text\">\n                    \n                <\/div>\n            <\/div><\/div><\/section>\t\t<\/div>\n\t\t\t\t<\/div>\n\t\t\t\t\t<\/div>\n\t\t<\/div>\n\t\t\t\t\t<\/div>\n\t\t<\/section>\n\t\t\t\t<\/div>\n\t\t","protected":false},"excerpt":{"rendered":"<p>Erasmus outgoing (studenci SGGW) Erasmus incoming<\/p>\n","protected":false},"author":30,"featured_media":0,"parent":12788,"menu_order":0,"comment_status":"closed","ping_status":"closed","template":"","meta":{"_acf_changed":false,"footnotes":""},"class_list":["post-133662","page","type-page","status-publish","hentry"],"acf":[],"_links":{"self":[{"href":"https:\/\/www.sggw.edu.pl\/en\/wp-json\/wp\/v2\/pages\/133662","targetHints":{"allow":["GET"]}}],"collection":[{"href":"https:\/\/www.sggw.edu.pl\/en\/wp-json\/wp\/v2\/pages"}],"about":[{"href":"https:\/\/www.sggw.edu.pl\/en\/wp-json\/wp\/v2\/types\/page"}],"author":[{"embeddable":true,"href":"https:\/\/www.sggw.edu.pl\/en\/wp-json\/wp\/v2\/users\/30"}],"replies":[{"embeddable":true,"href":"https:\/\/www.sggw.edu.pl\/en\/wp-json\/wp\/v2\/comments?post=133662"}],"version-history":[{"count":28,"href":"https:\/\/www.sggw.edu.pl\/en\/wp-json\/wp\/v2\/pages\/133662\/revisions"}],"predecessor-version":[{"id":196579,"href":"https:\/\/www.sggw.edu.pl\/en\/wp-json\/wp\/v2\/pages\/133662\/revisions\/196579"}],"up":[{"embeddable":true,"href":"https:\/\/www.sggw.edu.pl\/en\/wp-json\/wp\/v2\/pages\/12788"}],"wp:attachment":[{"href":"https:\/\/www.sggw.edu.pl\/en\/wp-json\/wp\/v2\/media?parent=133662"}],"curies":[{"name":"wp","href":"https:\/\/api.w.org\/{rel}","templated":true}]}}