{"id":134526,"date":"2022-08-02T11:39:30","date_gmt":"2022-08-02T09:39:30","guid":{"rendered":"https:\/\/www.sggw.edu.pl\/?page_id=134526"},"modified":"2023-10-01T15:47:07","modified_gmt":"2023-10-01T13:47:07","slug":"equal-treatment-policy","status":"publish","type":"page","link":"https:\/\/www.sggw.edu.pl\/en\/home\/equal-treatment-policy\/","title":{"rendered":"Equal Treatment Policy"},"content":{"rendered":"\t\t<div data-elementor-type=\"wp-page\" data-elementor-id=\"134526\" class=\"elementor elementor-134526\" data-elementor-post-type=\"page\">\n\t\t\t\t\t\t<section class=\"elementor-section elementor-top-section elementor-element elementor-element-16f6851 elementor-section-boxed elementor-section-height-default elementor-section-height-default\" data-id=\"16f6851\" data-element_type=\"section\">\n\t\t\t\t\t\t<div class=\"elementor-container elementor-column-gap-default\">\n\t\t\t\t\t<div class=\"elementor-column elementor-col-100 elementor-top-column elementor-element elementor-element-7adde02\" data-id=\"7adde02\" data-element_type=\"column\">\n\t\t\t<div class=\"elementor-widget-wrap elementor-element-populated\">\n\t\t\t\t\t\t<div class=\"elementor-element elementor-element-21a7f09 elementor-widget elementor-widget-wp-widget-bcn_widget\" data-id=\"21a7f09\" data-element_type=\"widget\" data-widget_type=\"wp-widget-bcn_widget.default\">\n\t\t\t\t<div class=\"elementor-widget-container\">\n\t\t\t<div class=\"mn-grid breadcrumb\">\n                                    <div class=\"breadcrumb-inner mn-grid-12\"><div class=\"breadcrumbs\" vocab=\"https:\/\/schema.org\/\" typeof=\"BreadcrumbList\"><span property=\"itemListElement\" typeof=\"ListItem\"><a property=\"item\" typeof=\"WebPage\" title=\"Go to Szko\u0142a G\u0142\u00f3wna Gospodarstwa Wiejskiego w Warszawie.\" href=\"https:\/\/www.sggw.edu.pl\/en\/\" class=\"home\" aria-current=\"page\"><span property=\"name\">Home<\/span><\/a><meta property=\"position\" content=\"1\"><\/span><\/div>    <\/div>\n                                <\/div>\t\t<\/div>\n\t\t\t\t<\/div>\n\t\t\t\t<div class=\"elementor-element elementor-element-8d0f729 elementor-widget elementor-widget-spacer\" data-id=\"8d0f729\" data-element_type=\"widget\" data-widget_type=\"spacer.default\">\n\t\t\t\t<div class=\"elementor-widget-container\">\n\t\t\t\t\t<div class=\"elementor-spacer\">\n\t\t\t<div class=\"elementor-spacer-inner\"><\/div>\n\t\t<\/div>\n\t\t\t\t<\/div>\n\t\t\t\t<\/div>\n\t\t\t\t<div class=\"elementor-element elementor-element-899a706 elementor-widget elementor-widget-w4\" data-id=\"899a706\" data-element_type=\"widget\" data-widget_type=\"w4.default\">\n\t\t\t\t<div class=\"elementor-widget-container\">\n\t\t\t<section>\n        <div class=\"mn-grid\">\n            <div class=\"mn-main-baner mn-grid-12\"  style=\"background: url(https:\/\/www.sggw.edu.pl\/wp-content\/uploads\/2022\/03\/znak_polityka_ronwego_traktowania_sggw.png) 0 no-repeat\">\n                \n                <h1>\n                    \n                <\/h1>\n                <div class=\"lower_text\">\n                    \n                <\/div>\n            <\/div><\/div><\/section>\t\t<\/div>\n\t\t\t\t<\/div>\n\t\t\t\t<div class=\"elementor-element elementor-element-421273c elementor-widget elementor-widget-w11\" data-id=\"421273c\" data-element_type=\"widget\" data-widget_type=\"w11.default\">\n\t\t\t\t<div class=\"elementor-widget-container\">\n\t\t\t<section><div class=\"mn-grid\"><ul class=\"mn-grid-12 mn-mod-links-text-3\"><li>\n                            <a href=\"https:\/\/www.sggw.edu.pl\/en\/home\/university\/anti-discrimination\/anti-discrimination\/equal-treatment-policy\/#anty\" >\n                                <span>Anti-Discrimination Standard<\/span>\n                            <\/a>\n                        <\/li><li>\n                            <a href=\"https:\/\/www.sggw.edu.pl\/en\/home\/university\/anti-discrimination\/anti-discrimination\/equal-treatment-policy\/#anty\" >\n                                <span>Anti-Discrimination Procedure<\/span>\n                            <\/a>\n                        <\/li><\/ul><\/div><\/section>\t\t<\/div>\n\t\t\t\t<\/div>\n\t\t\t\t<div class=\"elementor-element elementor-element-23ff958 elementor-widget elementor-widget-spacer\" data-id=\"23ff958\" data-element_type=\"widget\" data-widget_type=\"spacer.default\">\n\t\t\t\t<div class=\"elementor-widget-container\">\n\t\t\t\t\t<div class=\"elementor-spacer\">\n\t\t\t<div class=\"elementor-spacer-inner\"><\/div>\n\t\t<\/div>\n\t\t\t\t<\/div>\n\t\t\t\t<\/div>\n\t\t\t\t<div class=\"elementor-element elementor-element-c292fc1 elementor-widget elementor-widget-w12\" data-id=\"c292fc1\" data-element_type=\"widget\" data-widget_type=\"w12.default\">\n\t\t\t\t<div class=\"elementor-widget-container\">\n\t\t\t<section>\n                <div class=\"mn-grid\">\n                    <div class=\"mn-grid-12 mn-mod-text-links\">\n                        <p style=\"font-weight: 400;\">The SGGW Equal Treatment and Ant-Discrimination Policy is implemented in the form of the systemic solutions. It was concluded that solutions integrating various areas of the University&#8217;s functioning may contribute to better care for the highest operating standards in ensuring a non-discriminatory work and study environment.\u00a0<\/p><p style=\"font-weight: 400;\">The aim of the Policy is to prevent and counteract discrimination and to respond to all forms in the area of employment, education and learning by implementing procedures applicable at the entire University.\u00a0<\/p><p style=\"font-weight: 400;\">Discrimination is often a result of ignorance, therefore the planned activities within the Equal Treatment Policy will focus mainly on the informational and educational dimension of anti-discrimination, and are aimed at increasing awareness of equal treatment and the anti-discrimination competences of the entire academic community.\u00a0<\/p><p>\u00a0<\/p><div><a href=\"http:\/\/www.sggw.edu.pl\/wp-content\/uploads\/2023\/10\/Regulation-No.-140-of-the-Rector-of-the-Warsaw-University-of-Life-Sciences-of-Warsaw-of-31-December-2021-on-the-implementation-of-the-SGGW-Equal-Treatment-and-Anti-Discrimination.pdf\"><span lang=\"EN-GB\">Regulation No. 140 of the Rector of the Warsaw University of Life Sciences of Warsaw of 31 December 2021 on the implementation of the &#8220;SGGW Equal Treatment and Anti-Discrimination<\/span><\/a><\/div>\n                    <\/div>\n                <\/div>\n            <\/section>\t\t<\/div>\n\t\t\t\t<\/div>\n\t\t\t\t<div class=\"elementor-element elementor-element-cb2e46c elementor-widget elementor-widget-menu-anchor\" data-id=\"cb2e46c\" data-element_type=\"widget\" data-widget_type=\"menu-anchor.default\">\n\t\t\t\t<div class=\"elementor-widget-container\">\n\t\t\t\t\t<div class=\"elementor-menu-anchor\" id=\"anty\"><\/div>\n\t\t\t\t<\/div>\n\t\t\t\t<\/div>\n\t\t\t\t<div class=\"elementor-element elementor-element-7c3d8c8 elementor-widget elementor-widget-spacer\" data-id=\"7c3d8c8\" data-element_type=\"widget\" data-widget_type=\"spacer.default\">\n\t\t\t\t<div class=\"elementor-widget-container\">\n\t\t\t\t\t<div class=\"elementor-spacer\">\n\t\t\t<div class=\"elementor-spacer-inner\"><\/div>\n\t\t<\/div>\n\t\t\t\t<\/div>\n\t\t\t\t<\/div>\n\t\t\t\t<div class=\"elementor-element elementor-element-4b9df6d elementor-widget elementor-widget-w34\" data-id=\"4b9df6d\" data-element_type=\"widget\" data-widget_type=\"w34.default\">\n\t\t\t\t<div class=\"elementor-widget-container\">\n\t\t\t        <section id=\"w34-4b9df6d\" class=\"mn-m5-c mn-m5-d2\">\n            <div class=\"mn-grid\">\n                <div class=\"mn-content mn-grid-12\">\n                    <div class=\"mn-content-block active\">\n                                                                <ul class=\"mn-accordion\">\n                                            <li>\n                                                <h4 class=\"mn-accordion-title\"\n                                                    role=\"button\"\n                                                    tabindex=\"0\"\n                                                    aria-expanded=\"false\"\n                                                    aria-controls=\"w34-4b9df6d-panel-0\">Anti-Discrimination Standard<\/h4>\n                                                <div id=\"w34-4b9df6d-panel-0\" style=\"display:none;\" hidden>\n                                                    <p style=\"font-weight: 400\">SGGW Anti-Discrimination Standard aims to prevent and counteract discrimination in the area of employment, education and learning, and to respond to all its forms, and to promote activities for equal treatment among the SGGW community.\u00a0\u00a0<\/p>\n<p style=\"font-weight: 400\">The adoption of the SGGW Anti-Discrimination Standard results from the belief of inalienable and indivisible human rights, which are universal and apply to all people, being an effective tool for building a&nbsp;civil society and creating an innovative and socially responsible University. The introduction of the SGGW Anti-Discrimination Standard also results from the belief that unequal treatment and discrimination hampers the use of any individual and social potential, and creates a&nbsp;barrier in participation in the academic life and in preparation for entering the labour market.<\/p>\n<p style=\"font-weight: 400\">The main objectives of adopting the SGGW Anti-Discrimination Standard is to ensure the quality of education and a&nbsp;safe and non-discriminatory work environment by undertaking activities connected with the recruitment, education of all students, doctoral students, academic staff, research and scientific cooperation, disseminating and multiplying the scientific achievements, culture and technology, cooperation with local communities, university management, marketing and promotional activities, human resource management and others.\u00a0<\/p>\n<div><a href=\"https:\/\/www.sggw.edu.pl\/wp-content\/uploads\/2022\/03\/Zarz\u0105dzenie-Nr-139-Rektora-SGGW-z-dnia-31-grudnia-2021-r.-w-sprawie-wprowadzenia-Standardu-Antydyskryminacyjnego-Szkoly-Gl\u00f3wnej-Gospodarstwa-Wiejskiego-W-Warszawie.pdf\"><span lang=\"EN-GB\">Regulation No. 139 of the Rector of the Warsaw University of Life Sciences of Warsaw of 31 December 2021 on the implementation of the &#8220;SGGW Anti-Discrimination Standard&#8221;<\/span><\/a><\/div>\n                                                <\/div>\n                                            <\/li>\n                                        <\/ul>\n                                                                                <ul class=\"mn-accordion\">\n                                            <li>\n                                                <h4 class=\"mn-accordion-title\"\n                                                    role=\"button\"\n                                                    tabindex=\"0\"\n                                                    aria-expanded=\"false\"\n                                                    aria-controls=\"w34-4b9df6d-panel-1\">Anti-Discrimination Procedure<\/h4>\n                                                <div id=\"w34-4b9df6d-panel-1\" style=\"display:none;\" hidden>\n                                                    <p style=\"font-weight: 400\">The anti-discrimination procedure defines the methods of preventing the discrimination at the Warsaw University of Life Sciences.\u00a0<\/p>\n<p><span style=\"font-weight: 400\">The purpose of its introduction is to support any activities that prevent discrimination and protect working and studying people against the discrimination, as well as reacting in the event of sits occurrence.<\/span><\/p>\n<p><a href=\"http:\/\/www.sggw.edu.pl\/wp-content\/uploads\/2022\/12\/Ordinance-No.-108.pdf\" target=\"_blank\" rel=\"noopener\">Ordinance No. 108 of the Rector of the Warsaw University of Life Sciences of 8 November 2022 on the introduction of the Discrimination Reports and Response Procedures at the Warsaw University of Life Sciences<\/a><\/p>\n                                                <\/div>\n                                            <\/li>\n                                        <\/ul>\n                                                            <\/div>\n                <\/div>\n            <\/div>\n        <\/section>\n\n        <script type=\"text\/javascript\">\n            (function(){\n                var root = document.getElementById('w34-4b9df6d');\n                if (!root || root.dataset.w34Ready === '1') {\n                    return;\n                }\n                root.dataset.w34Ready = '1';\n\n                var titles = root.querySelectorAll('.mn-accordion-title');\n\n                function toggleItem(titleEl, event) {\n                    if (event) {\n                        event.preventDefault();\n                        event.stopPropagation();\n                        if (typeof event.stopImmediatePropagation === 'function') {\n                            event.stopImmediatePropagation();\n                        }\n                    }\n\n                    var li = titleEl.parentElement;\n                    if (!li) {\n                        return;\n                    }\n\n                    var panel = titleEl.nextElementSibling;\n                    if (!panel) {\n                        return;\n                    }\n\n                    var isOpen = li.classList.contains('show');\n\n                    if (isOpen) {\n                        li.classList.remove('show');\n                        titleEl.setAttribute('aria-expanded', 'false');\n                        panel.hidden = true;\n                        if (window.jQuery) {\n                            window.jQuery(panel).stop(true, true).slideUp(200);\n                        } else {\n                            panel.style.display = 'none';\n                        }\n                    } else {\n                        li.classList.add('show');\n                        titleEl.setAttribute('aria-expanded', 'true');\n                        panel.hidden = false;\n                        if (window.jQuery) {\n                            window.jQuery(panel).stop(true, true).slideDown(200);\n                        } else {\n                            panel.style.display = 'block';\n                        }\n                    }\n                }\n\n                titles.forEach(function(titleEl){\n                    var panel = titleEl.nextElementSibling;\n                    if (panel) {\n                        panel.hidden = true;\n                        panel.style.display = 'none';\n                    }\n\n                    titleEl.addEventListener('click', function(event){\n                        toggleItem(titleEl, event);\n                    }, true);\n\n                    titleEl.addEventListener('keydown', function(event){\n                        if (event.key === 'Enter' || event.key === ' ') {\n                            toggleItem(titleEl, event);\n                        }\n                    }, true);\n                });\n            })();\n        <\/script>\n        \t\t<\/div>\n\t\t\t\t<\/div>\n\t\t\t\t\t<\/div>\n\t\t<\/div>\n\t\t\t\t\t<\/div>\n\t\t<\/section>\n\t\t\t\t<\/div>\n\t\t","protected":false},"excerpt":{"rendered":"<p>Anti-Discrimination Standard Anti-Discrimination Procedure The SGGW Equal Treatment and Ant-Discrimination Policy is implemented in the form of the systemic solutions. It was concluded that solutions integrating various areas of the University&#8217;s functioning may contribute to better care for the highest operating standards in ensuring a non-discriminatory work and study environment.\u00a0 The aim of the Policy [&hellip;]<\/p>\n","protected":false},"author":1,"featured_media":0,"parent":16825,"menu_order":0,"comment_status":"closed","ping_status":"closed","template":"","meta":{"_acf_changed":false,"footnotes":""},"class_list":["post-134526","page","type-page","status-publish","hentry"],"acf":[],"_links":{"self":[{"href":"https:\/\/www.sggw.edu.pl\/en\/wp-json\/wp\/v2\/pages\/134526","targetHints":{"allow":["GET"]}}],"collection":[{"href":"https:\/\/www.sggw.edu.pl\/en\/wp-json\/wp\/v2\/pages"}],"about":[{"href":"https:\/\/www.sggw.edu.pl\/en\/wp-json\/wp\/v2\/types\/page"}],"author":[{"embeddable":true,"href":"https:\/\/www.sggw.edu.pl\/en\/wp-json\/wp\/v2\/users\/1"}],"replies":[{"embeddable":true,"href":"https:\/\/www.sggw.edu.pl\/en\/wp-json\/wp\/v2\/comments?post=134526"}],"version-history":[{"count":25,"href":"https:\/\/www.sggw.edu.pl\/en\/wp-json\/wp\/v2\/pages\/134526\/revisions"}],"predecessor-version":[{"id":171858,"href":"https:\/\/www.sggw.edu.pl\/en\/wp-json\/wp\/v2\/pages\/134526\/revisions\/171858"}],"up":[{"embeddable":true,"href":"https:\/\/www.sggw.edu.pl\/en\/wp-json\/wp\/v2\/pages\/16825"}],"wp:attachment":[{"href":"https:\/\/www.sggw.edu.pl\/en\/wp-json\/wp\/v2\/media?parent=134526"}],"curies":[{"name":"wp","href":"https:\/\/api.w.org\/{rel}","templated":true}]}}