{"id":135664,"date":"2022-09-01T12:17:45","date_gmt":"2022-09-01T10:17:45","guid":{"rendered":"https:\/\/www.sggw.edu.pl\/?page_id=135664"},"modified":"2022-09-01T12:25:47","modified_gmt":"2022-09-01T10:25:47","slug":"coordinators-for-equal-treatment","status":"publish","type":"page","link":"https:\/\/www.sggw.edu.pl\/en\/home\/coordinators-for-equal-treatment\/","title":{"rendered":"Coordinators for Equal Treatment\u00a0"},"content":{"rendered":"\t\t<div data-elementor-type=\"wp-page\" data-elementor-id=\"135664\" class=\"elementor elementor-135664\" data-elementor-post-type=\"page\">\n\t\t\t\t\t\t<section class=\"elementor-section elementor-top-section elementor-element elementor-element-78b65a7 elementor-section-boxed elementor-section-height-default elementor-section-height-default\" data-id=\"78b65a7\" data-element_type=\"section\">\n\t\t\t\t\t\t<div class=\"elementor-container elementor-column-gap-default\">\n\t\t\t\t\t<div class=\"elementor-column elementor-col-100 elementor-top-column elementor-element elementor-element-2c00b52\" data-id=\"2c00b52\" data-element_type=\"column\">\n\t\t\t<div class=\"elementor-widget-wrap elementor-element-populated\">\n\t\t\t\t\t\t<div class=\"elementor-element elementor-element-8f22adb elementor-widget elementor-widget-wp-widget-bcn_widget\" data-id=\"8f22adb\" data-element_type=\"widget\" data-widget_type=\"wp-widget-bcn_widget.default\">\n\t\t\t\t<div class=\"elementor-widget-container\">\n\t\t\t<div class=\"mn-grid breadcrumb\">\n                                    <div class=\"breadcrumb-inner mn-grid-12\"><div class=\"breadcrumbs\" vocab=\"https:\/\/schema.org\/\" typeof=\"BreadcrumbList\"><span property=\"itemListElement\" typeof=\"ListItem\"><a property=\"item\" typeof=\"WebPage\" title=\"Go to Szko\u0142a G\u0142\u00f3wna Gospodarstwa Wiejskiego w Warszawie.\" href=\"https:\/\/www.sggw.edu.pl\/en\/\" class=\"home\" aria-current=\"page\"><span property=\"name\">Home<\/span><\/a><meta property=\"position\" content=\"1\"><\/span><\/div>    <\/div>\n                                <\/div>\t\t<\/div>\n\t\t\t\t<\/div>\n\t\t\t\t<div class=\"elementor-element elementor-element-280db51 elementor-widget elementor-widget-post-title\" data-id=\"280db51\" data-element_type=\"widget\" data-widget_type=\"post-title.default\">\n\t\t\t\t<div class=\"elementor-widget-container\">\n\t\t\t<section>\n                    <div class=\"mn-grid entry-header-inner section-inner medium\">\n                        <h1 class=\"mn-grid-12 entry-title\" style=\"\">\n                            Coordinators for Equal Treatment\u00a0\n                        <\/h1>\n                    <\/div>\n                <\/section>\t\t<\/div>\n\t\t\t\t<\/div>\n\t\t\t\t<div class=\"elementor-element elementor-element-f4527d2 elementor-widget elementor-widget-w34\" data-id=\"f4527d2\" data-element_type=\"widget\" data-widget_type=\"w34.default\">\n\t\t\t\t<div class=\"elementor-widget-container\">\n\t\t\t        <section id=\"w34-f4527d2\" class=\"mn-m5-c mn-m5-d2\">\n            <div class=\"mn-grid\">\n                <div class=\"mn-content mn-grid-12\">\n                    <div class=\"mn-content-block active\">\n                                                                <ul class=\"mn-accordion\">\n                                            <li>\n                                                <h4 class=\"mn-accordion-title\"\n                                                    role=\"button\"\n                                                    tabindex=\"0\"\n                                                    aria-expanded=\"false\"\n                                                    aria-controls=\"w34-f4527d2-panel-0\">Faculty of Agriculture and Ecology || Institute of Agriculture\u00a0<\/h4>\n                                                <div id=\"w34-f4527d2-panel-0\" style=\"display:none;\" hidden>\n                                                    <p style=\"font-weight: 400\">prof. dr hab. J\u00f3zef Chojnicki\u00a0<\/p>\n<p style=\"font-weight: 400\"><a href=\"mailto:jozef_chojnicki@sggw.edu.pl\">jozef_chojnicki@sggw.edu.pl<\/a>\u00a0<\/p>\n<p>\u00a0<\/p>\n                                                <\/div>\n                                            <\/li>\n                                        <\/ul>\n                                                                                <ul class=\"mn-accordion\">\n                                            <li>\n                                                <h4 class=\"mn-accordion-title\"\n                                                    role=\"button\"\n                                                    tabindex=\"0\"\n                                                    aria-expanded=\"false\"\n                                                    aria-controls=\"w34-f4527d2-panel-1\">Faculty of Biology and Biotechnology || Institute of Biology<\/h4>\n                                                <div id=\"w34-f4527d2-panel-1\" style=\"display:none;\" hidden>\n                                                    <p style=\"font-weight: 400\">dr hab. Magdalena Stobiecka, prof. SGGW\u00a0<\/p>\n<p style=\"font-weight: 400\"><a href=\"mailto:magdalena_stobiecka@sggw.edu.pl\">magdalena_stobiecka@sggw.edu.pl<\/a><\/p>\n<p>\u00a0<\/p>\n                                                <\/div>\n                                            <\/li>\n                                        <\/ul>\n                                                                                <ul class=\"mn-accordion\">\n                                            <li>\n                                                <h4 class=\"mn-accordion-title\"\n                                                    role=\"button\"\n                                                    tabindex=\"0\"\n                                                    aria-expanded=\"false\"\n                                                    aria-controls=\"w34-f4527d2-panel-2\">Faculty of Veterinary Medicine  || Institute of Veterinary Medicine <\/h4>\n                                                <div id=\"w34-f4527d2-panel-2\" style=\"display:none;\" hidden>\n                                                    <p>dr Dorota Chrobak-Chmiel.<\/p>\n<p><a href=\"mailto:dorota_chrobak@sggw.edu.pl\">dorota_chrobak@sggw.edu.pl<\/a><\/p>\n                                                <\/div>\n                                            <\/li>\n                                        <\/ul>\n                                                                                <ul class=\"mn-accordion\">\n                                            <li>\n                                                <h4 class=\"mn-accordion-title\"\n                                                    role=\"button\"\n                                                    tabindex=\"0\"\n                                                    aria-expanded=\"false\"\n                                                    aria-controls=\"w34-f4527d2-panel-3\">Faculty of Forestry || Institute of Forestry Sciences<\/h4>\n                                                <div id=\"w34-f4527d2-panel-3\" style=\"display:none;\" hidden>\n                                                    <p>dr hab. El\u017cbieta Jancewicz,<\/p>\n<p><a href=\"mailto:elzbieta_jancewicz@sggw.edu.pl\">elzbieta_jancewicz@sggw.edu.pl<\/a><\/p>\n                                                <\/div>\n                                            <\/li>\n                                        <\/ul>\n                                                                                <ul class=\"mn-accordion\">\n                                            <li>\n                                                <h4 class=\"mn-accordion-title\"\n                                                    role=\"button\"\n                                                    tabindex=\"0\"\n                                                    aria-expanded=\"false\"\n                                                    aria-controls=\"w34-f4527d2-panel-4\">Faculty of Horticulture || Institute of Horticultural Sciences<\/h4>\n                                                <div id=\"w34-f4527d2-panel-4\" style=\"display:none;\" hidden>\n                                                    <p>dr Ewa Szpadzik<\/p>\n<p><a href=\"mailto:ewa_szpadzik@sggw.edu.pl\">ewa_szpadzik@sggw.edu.pl<\/a><\/p>\n                                                <\/div>\n                                            <\/li>\n                                        <\/ul>\n                                                                                <ul class=\"mn-accordion\">\n                                            <li>\n                                                <h4 class=\"mn-accordion-title\"\n                                                    role=\"button\"\n                                                    tabindex=\"0\"\n                                                    aria-expanded=\"false\"\n                                                    aria-controls=\"w34-f4527d2-panel-5\">Faculty of Breeding, Bioengineering and Animal Protection || Institute of Animal Sciences<\/h4>\n                                                <div id=\"w34-f4527d2-panel-5\" style=\"display:none;\" hidden>\n                                                    <p>dr hab. Joanna Gruszczy\u0144ska, prof. SGGW.<\/p>\n<p><a href=\"mailto:joanna_gruszczynska@sggw.edu.pl\">joanna_gruszczynska@sggw.edu.pl<\/a><\/p>\n                                                <\/div>\n                                            <\/li>\n                                        <\/ul>\n                                                                                <ul class=\"mn-accordion\">\n                                            <li>\n                                                <h4 class=\"mn-accordion-title\"\n                                                    role=\"button\"\n                                                    tabindex=\"0\"\n                                                    aria-expanded=\"false\"\n                                                    aria-controls=\"w34-f4527d2-panel-6\">Faculty of Wood Technology || Institute of Wood Sciences and Furniture<\/h4>\n                                                <div id=\"w34-f4527d2-panel-6\" style=\"display:none;\" hidden>\n                                                    <p>dr hab. Emilia Grzegorzewska<\/p>\n<p><a href=\"mailto:emilia_grzegorzewska@sggw.edu.pl\">emilia_grzegorzewska@sggw.edu.pl<\/a><\/p>\n                                                <\/div>\n                                            <\/li>\n                                        <\/ul>\n                                                                                <ul class=\"mn-accordion\">\n                                            <li>\n                                                <h4 class=\"mn-accordion-title\"\n                                                    role=\"button\"\n                                                    tabindex=\"0\"\n                                                    aria-expanded=\"false\"\n                                                    aria-controls=\"w34-f4527d2-panel-7\">Faculty of Economics || Institute of Economics and Finance <\/h4>\n                                                <div id=\"w34-f4527d2-panel-7\" style=\"display:none;\" hidden>\n                                                    <p>dr hab. Micha\u0142 Roman<\/p>\n<p><a href=\"mailto:michal_roman@sggw.edu.pl\">michal_roman@sggw.edu.pl<\/a><\/p>\n                                                <\/div>\n                                            <\/li>\n                                        <\/ul>\n                                                                                <ul class=\"mn-accordion\">\n                                            <li>\n                                                <h4 class=\"mn-accordion-title\"\n                                                    role=\"button\"\n                                                    tabindex=\"0\"\n                                                    aria-expanded=\"false\"\n                                                    aria-controls=\"w34-f4527d2-panel-8\">Faculty of Economics || Management Institute<\/h4>\n                                                <div id=\"w34-f4527d2-panel-8\" style=\"display:none;\" hidden>\n                                                    <p>Katarzyna \u0141ukasiewicz<\/p>\n<p><a href=\"mailto:katarzyna_lukasiewicz@sggw.edu.pl\">katarzyna_lukasiewicz@sggw.edu.pl<\/a><\/p>\n                                                <\/div>\n                                            <\/li>\n                                        <\/ul>\n                                                                                <ul class=\"mn-accordion\">\n                                            <li>\n                                                <h4 class=\"mn-accordion-title\"\n                                                    role=\"button\"\n                                                    tabindex=\"0\"\n                                                    aria-expanded=\"false\"\n                                                    aria-controls=\"w34-f4527d2-panel-9\">Faculty of Food Technology || Institute of Food Sciences <\/h4>\n                                                <div id=\"w34-f4527d2-panel-9\" style=\"display:none;\" hidden>\n                                                    <p>dr Beata Dasiewicz<br \/><a href=\"mailto:beata_dasiewicz@sggw.edu.pl\">beata_dasiewicz@sggw.edu.pl<\/a><\/p>\n<p>dr hab. Dorota Derewiaka, prof. SGGW (koordynator ds. student\u00f3w)<br \/><a href=\"mailto:dorota_derewiaka@sggw.edu.pl\">dorota_derewiaka@sggw.edu.pl<\/a><\/p>\n                                                <\/div>\n                                            <\/li>\n                                        <\/ul>\n                                                                                <ul class=\"mn-accordion\">\n                                            <li>\n                                                <h4 class=\"mn-accordion-title\"\n                                                    role=\"button\"\n                                                    tabindex=\"0\"\n                                                    aria-expanded=\"false\"\n                                                    aria-controls=\"w34-f4527d2-panel-10\">Faculty of Human Nutrition || Institute of Human Nutrition Sciences<\/h4>\n                                                <div id=\"w34-f4527d2-panel-10\" style=\"display:none;\" hidden>\n                                                    <p>prof. dr hab. Barbara Pietruszka\u00a0<\/p>\n<p><a href=\"mailto:barbara_pietruszka@sggw.edu.pl\">barbara_pietruszka@sggw.edu.pl<\/a><\/p>\n                                                <\/div>\n                                            <\/li>\n                                        <\/ul>\n                                                                                <ul class=\"mn-accordion\">\n                                            <li>\n                                                <h4 class=\"mn-accordion-title\"\n                                                    role=\"button\"\n                                                    tabindex=\"0\"\n                                                    aria-expanded=\"false\"\n                                                    aria-controls=\"w34-f4527d2-panel-11\">Faculty of Mechanical Engineering || Institute of Mechanical Engineering<\/h4>\n                                                <div id=\"w34-f4527d2-panel-11\" style=\"display:none;\" hidden>\n                                                    <p>dr in\u017c. Jacek Skudlarski<\/p>\n<p><a href=\"mailto:jacek_skudlarski@sggw.edu.pl\">jacek_skudlarski@sggw.edu.pl<\/a><\/p>\n                                                <\/div>\n                                            <\/li>\n                                        <\/ul>\n                                                                                <ul class=\"mn-accordion\">\n                                            <li>\n                                                <h4 class=\"mn-accordion-title\"\n                                                    role=\"button\"\n                                                    tabindex=\"0\"\n                                                    aria-expanded=\"false\"\n                                                    aria-controls=\"w34-f4527d2-panel-12\">Faculty of Sociology and Pedagogy || Institute of Sociological Sciences and Pedagogy <\/h4>\n                                                <div id=\"w34-f4527d2-panel-12\" style=\"display:none;\" hidden>\n                                                    <p>dr Yuriy Plyska<\/p>\n<p><a href=\"mailto:yuriy_plyska@sggw.edu.pl\">yuriy_plyska@sggw.edu.pl<\/a><\/p>\n                                                <\/div>\n                                            <\/li>\n                                        <\/ul>\n                                                                                <ul class=\"mn-accordion\">\n                                            <li>\n                                                <h4 class=\"mn-accordion-title\"\n                                                    role=\"button\"\n                                                    tabindex=\"0\"\n                                                    aria-expanded=\"false\"\n                                                    aria-controls=\"w34-f4527d2-panel-13\">Faculty of Applied Informatics and Mathematics || Institute of Information technology <\/h4>\n                                                <div id=\"w34-f4527d2-panel-13\" style=\"display:none;\" hidden>\n                                                    <p>dr in\u017c. Robert St\u0119pie\u0144<\/p>\n<p><a href=\"mailto:robert_stepien@sggw.edu.pl\">robert_stepien@sggw.edu.pl<\/a><\/p>\n                                                <\/div>\n                                            <\/li>\n                                        <\/ul>\n                                                                                <ul class=\"mn-accordion\">\n                                            <li>\n                                                <h4 class=\"mn-accordion-title\"\n                                                    role=\"button\"\n                                                    tabindex=\"0\"\n                                                    aria-expanded=\"false\"\n                                                    aria-controls=\"w34-f4527d2-panel-14\">Faculty of Construction and Environmental Engineering || Institute of Civil Engineering, Institute of Environmental Engineering,SGGW Water Centre <\/h4>\n                                                <div id=\"w34-f4527d2-panel-14\" style=\"display:none;\" hidden>\n                                                    <p>dr hab. Maja Radziemska<\/p>\n<p><a href=\"mailto:maja_radziemska@sggw.edu.pl\">maja_radziemska@sggw.edu.pl<\/a><\/p>\n                                                <\/div>\n                                            <\/li>\n                                        <\/ul>\n                                                                                <ul class=\"mn-accordion\">\n                                            <li>\n                                                <h4 class=\"mn-accordion-title\"\n                                                    role=\"button\"\n                                                    tabindex=\"0\"\n                                                    aria-expanded=\"false\"\n                                                    aria-controls=\"w34-f4527d2-panel-15\">Doctoral School<\/h4>\n                                                <div id=\"w34-f4527d2-panel-15\" style=\"display:none;\" hidden>\n                                                    <p>dr hab. Joanna Gruszczy\u0144ska, prof. SGGW.<\/p>\n<p><a href=\"mailto:joanna_gruszczynska@sggw.edu.pl\">joanna_gruszczynska@sggw.edu.pl<\/a><\/p>\n                                                <\/div>\n                                            <\/li>\n                                        <\/ul>\n                                                            <\/div>\n                <\/div>\n            <\/div>\n        <\/section>\n\n        <script type=\"text\/javascript\">\n            (function(){\n                var root = document.getElementById('w34-f4527d2');\n                if (!root || root.dataset.w34Ready === '1') {\n                    return;\n                }\n                root.dataset.w34Ready = '1';\n\n                var titles = root.querySelectorAll('.mn-accordion-title');\n\n                function toggleItem(titleEl, event) {\n                    if (event) {\n                        event.preventDefault();\n                        event.stopPropagation();\n                        if (typeof event.stopImmediatePropagation === 'function') {\n                            event.stopImmediatePropagation();\n                        }\n                    }\n\n                    var li = titleEl.parentElement;\n                    if (!li) {\n                        return;\n                    }\n\n                    var panel = titleEl.nextElementSibling;\n                    if (!panel) {\n                        return;\n                    }\n\n                    var isOpen = li.classList.contains('show');\n\n                    if (isOpen) {\n                        li.classList.remove('show');\n                        titleEl.setAttribute('aria-expanded', 'false');\n                        panel.hidden = true;\n                        if (window.jQuery) {\n                            window.jQuery(panel).stop(true, true).slideUp(200);\n                        } else {\n                            panel.style.display = 'none';\n                        }\n                    } else {\n                        li.classList.add('show');\n                        titleEl.setAttribute('aria-expanded', 'true');\n                        panel.hidden = false;\n                        if (window.jQuery) {\n                            window.jQuery(panel).stop(true, true).slideDown(200);\n                        } else {\n                            panel.style.display = 'block';\n                        }\n                    }\n                }\n\n                titles.forEach(function(titleEl){\n                    var panel = titleEl.nextElementSibling;\n                    if (panel) {\n                        panel.hidden = true;\n                        panel.style.display = 'none';\n                    }\n\n                    titleEl.addEventListener('click', function(event){\n                        toggleItem(titleEl, event);\n                    }, true);\n\n                    titleEl.addEventListener('keydown', function(event){\n                        if (event.key === 'Enter' || event.key === ' ') {\n                            toggleItem(titleEl, event);\n                        }\n                    }, true);\n                });\n            })();\n        <\/script>\n        \t\t<\/div>\n\t\t\t\t<\/div>\n\t\t\t\t\t<\/div>\n\t\t<\/div>\n\t\t\t\t\t<\/div>\n\t\t<\/section>\n\t\t\t\t<\/div>\n\t\t","protected":false},"excerpt":{"rendered":"<p>Coordinators for Equal Treatment\u00a0 Faculty of Agriculture and Ecology || Institute of Agriculture\u00a0 prof. dr hab. J\u00f3zef Chojnicki\u00a0 jozef_chojnicki@sggw.edu.pl\u00a0 \u00a0 Faculty of Biology and Biotechnology || Institute of Biology dr hab. Magdalena Stobiecka, prof. SGGW\u00a0 magdalena_stobiecka@sggw.edu.pl \u00a0 Faculty of Veterinary Medicine || Institute of Veterinary Medicine dr Dorota Chrobak-Chmiel. dorota_chrobak@sggw.edu.pl Faculty of Forestry || Institute [&hellip;]<\/p>\n","protected":false},"author":6,"featured_media":0,"parent":16825,"menu_order":0,"comment_status":"closed","ping_status":"closed","template":"","meta":{"_acf_changed":false,"footnotes":""},"class_list":["post-135664","page","type-page","status-publish","hentry"],"acf":[],"_links":{"self":[{"href":"https:\/\/www.sggw.edu.pl\/en\/wp-json\/wp\/v2\/pages\/135664","targetHints":{"allow":["GET"]}}],"collection":[{"href":"https:\/\/www.sggw.edu.pl\/en\/wp-json\/wp\/v2\/pages"}],"about":[{"href":"https:\/\/www.sggw.edu.pl\/en\/wp-json\/wp\/v2\/types\/page"}],"author":[{"embeddable":true,"href":"https:\/\/www.sggw.edu.pl\/en\/wp-json\/wp\/v2\/users\/6"}],"replies":[{"embeddable":true,"href":"https:\/\/www.sggw.edu.pl\/en\/wp-json\/wp\/v2\/comments?post=135664"}],"version-history":[{"count":4,"href":"https:\/\/www.sggw.edu.pl\/en\/wp-json\/wp\/v2\/pages\/135664\/revisions"}],"predecessor-version":[{"id":135668,"href":"https:\/\/www.sggw.edu.pl\/en\/wp-json\/wp\/v2\/pages\/135664\/revisions\/135668"}],"up":[{"embeddable":true,"href":"https:\/\/www.sggw.edu.pl\/en\/wp-json\/wp\/v2\/pages\/16825"}],"wp:attachment":[{"href":"https:\/\/www.sggw.edu.pl\/en\/wp-json\/wp\/v2\/media?parent=135664"}],"curies":[{"name":"wp","href":"https:\/\/api.w.org\/{rel}","templated":true}]}}