{"id":139739,"date":"2022-11-03T08:57:38","date_gmt":"2022-11-03T07:57:38","guid":{"rendered":"https:\/\/www.sggw.edu.pl\/?page_id=139739"},"modified":"2022-12-14T13:56:53","modified_gmt":"2022-12-14T12:56:53","slug":"report-any-unequal-treatment","status":"publish","type":"page","link":"https:\/\/www.sggw.edu.pl\/en\/home\/report-any-unequal-treatment\/","title":{"rendered":"Report any Unequal Treatment!"},"content":{"rendered":"\t\t<div data-elementor-type=\"wp-page\" data-elementor-id=\"139739\" class=\"elementor elementor-139739\" data-elementor-post-type=\"page\">\n\t\t\t\t\t\t<section class=\"elementor-section elementor-top-section elementor-element elementor-element-544aeb9 elementor-section-boxed elementor-section-height-default elementor-section-height-default\" data-id=\"544aeb9\" data-element_type=\"section\">\n\t\t\t\t\t\t<div class=\"elementor-container elementor-column-gap-default\">\n\t\t\t\t\t<div class=\"elementor-column elementor-col-100 elementor-top-column elementor-element elementor-element-831643d\" data-id=\"831643d\" data-element_type=\"column\">\n\t\t\t<div class=\"elementor-widget-wrap elementor-element-populated\">\n\t\t\t\t\t\t<div class=\"elementor-element elementor-element-c6cc2a2 elementor-widget elementor-widget-wp-widget-bcn_widget\" data-id=\"c6cc2a2\" data-element_type=\"widget\" data-widget_type=\"wp-widget-bcn_widget.default\">\n\t\t\t\t<div class=\"elementor-widget-container\">\n\t\t\t<div class=\"mn-grid breadcrumb\">\n                                    <div class=\"breadcrumb-inner mn-grid-12\"><div class=\"breadcrumbs\" vocab=\"https:\/\/schema.org\/\" typeof=\"BreadcrumbList\"><span property=\"itemListElement\" typeof=\"ListItem\"><a property=\"item\" typeof=\"WebPage\" title=\"Go to Szko\u0142a G\u0142\u00f3wna Gospodarstwa Wiejskiego w Warszawie.\" href=\"https:\/\/www.sggw.edu.pl\/en\/\" class=\"home\" aria-current=\"page\"><span property=\"name\">Home<\/span><\/a><meta property=\"position\" content=\"1\"><\/span><\/div>    <\/div>\n                                <\/div>\t\t<\/div>\n\t\t\t\t<\/div>\n\t\t\t\t<div class=\"elementor-element elementor-element-9e01164 elementor-widget elementor-widget-w1_2_3\" data-id=\"9e01164\" data-element_type=\"widget\" data-widget_type=\"w1_2_3.default\">\n\t\t\t\t<div class=\"elementor-widget-container\">\n\t\t\t<section>\n                <div class=\"mn-grid\">\n                    <h2  class=\"mn-grid-12\">\n                        Report any Unequal Treatment!\n                    <\/h2>\n                <\/div>\n            <\/section>\t\t<\/div>\n\t\t\t\t<\/div>\n\t\t\t\t<div class=\"elementor-element elementor-element-1a6e09f elementor-widget elementor-widget-w12\" data-id=\"1a6e09f\" data-element_type=\"widget\" data-widget_type=\"w12.default\">\n\t\t\t\t<div class=\"elementor-widget-container\">\n\t\t\t<section>\n                <div class=\"mn-grid\">\n                    <div class=\"mn-grid-12 mn-mod-text-links\">\n                        <p dir=\"ltr\"><strong><span class=\"x_ContentPasted0 ContentPasted0 ContentPasted2\">Have you witnessed discrimination?<\/span><\/strong><\/p><p dir=\"ltr\"><strong><span class=\"x_ContentPasted0 ContentPasted0 ContentPasted2\">Have you experienced discrimination?<\/span><\/strong><\/p><p class=\"ContentPasted0 ContentPasted2\">Contact the Coordinator for Equal Treatment at your institute\/department<br class=\"ContentPasted0 ContentPasted2\" \/><a class=\"ContentPasted0 ContentPasted2\" href=\"https:\/\/www.sggw.edu.pl\/en\/home\/university\/anti-discrimination\/anti-discrimination\/coordinators-for-equal-treatment\/\">LIST OF COORDINATOR<\/a><\/p><p dir=\"ltr\">If you want us to take any action in relation to your report on unequal treatment by the SGGW organizational units, please provide your full name.<\/p><p dir=\"ltr\"><strong>Contact us and report an unequal treatment:<\/strong><\/p>\n                    <\/div>\n                <\/div>\n            <\/section>\t\t<\/div>\n\t\t\t\t<\/div>\n\t\t\t\t<div class=\"elementor-element elementor-element-d74bc4b elementor-widget elementor-widget-spacer\" data-id=\"d74bc4b\" data-element_type=\"widget\" data-widget_type=\"spacer.default\">\n\t\t\t\t<div class=\"elementor-widget-container\">\n\t\t\t\t\t<div class=\"elementor-spacer\">\n\t\t\t<div class=\"elementor-spacer-inner\"><\/div>\n\t\t<\/div>\n\t\t\t\t<\/div>\n\t\t\t\t<\/div>\n\t\t\t\t<div class=\"elementor-element elementor-element-e1e1e54 elementor-button-align-stretch elementor-widget elementor-widget-form\" data-id=\"e1e1e54\" data-element_type=\"widget\" data-settings=\"{&quot;step_next_label&quot;:&quot;Nast\\u0119pne&quot;,&quot;step_previous_label&quot;:&quot;Poprzednie&quot;,&quot;button_width&quot;:&quot;100&quot;,&quot;step_type&quot;:&quot;number_text&quot;,&quot;step_icon_shape&quot;:&quot;circle&quot;}\" data-widget_type=\"form.default\">\n\t\t\t\t<div class=\"elementor-widget-container\">\n\t\t\t        <section>\n        <div class=\"mn-grid\">\n        <div class=\"mn-grid-12\">\n        <form class=\"elementor-form\" method=\"post\" name=\"Nier\u00f3wne traktowanie - zg\u0142oszenie\">\n            <input type=\"hidden\" name=\"post_id\" value=\"139739\"\/>\n            <input type=\"hidden\" name=\"form_id\" value=\"e1e1e54\"\/>\n\n            \n            <div class=\"elementor-form-fields-wrapper elementor-labels-above\">\n                                    <div class=\"elementor-field-type-text elementor-field-group elementor-column elementor-field-group-name elementor-col-50 elementor-field-required elementor-mark-required\">\n                        <label for=\"form-field-name\" class=\"elementor-field-label\">Full name<\/label><input size=\"1\" type=\"text\" name=\"form_fields[name]\" id=\"form-field-name\" class=\"elementor-field elementor-size-sm  elementor-field-textual\" required=\"required\" aria-required=\"true\">                    <\/div>\n                                    <div class=\"elementor-field-type-email elementor-field-group elementor-column elementor-field-group-email elementor-col-50\">\n                        <label for=\"form-field-email\" class=\"elementor-field-label\">Email address<\/label><input size=\"1\" type=\"email\" name=\"form_fields[email]\" id=\"form-field-email\" class=\"elementor-field elementor-size-sm  elementor-field-textual\">                    <\/div>\n                                    <div class=\"elementor-field-type-text elementor-field-group elementor-column elementor-field-group-field_f93cb0f elementor-col-100 elementor-field-required elementor-mark-required\">\n                        <label for=\"form-field-field_f93cb0f\" class=\"elementor-field-label\">Institute\/Department<\/label><input size=\"1\" type=\"text\" name=\"form_fields[field_f93cb0f]\" id=\"form-field-field_f93cb0f\" class=\"elementor-field elementor-size-sm  elementor-field-textual\" required=\"required\" aria-required=\"true\">                    <\/div>\n                                    <div class=\"elementor-field-type-textarea elementor-field-group elementor-column elementor-field-group-message elementor-col-100 elementor-field-required elementor-mark-required\">\n                        <label for=\"form-field-message\" class=\"elementor-field-label\">Text<\/label><textarea class=\"elementor-field-textual elementor-field  elementor-size-sm\" name=\"form_fields[message]\" id=\"form-field-message\" rows=\"4\" placeholder=\"Prosz\u0119 wpisa\u0107 tre\u015b\u0107 zg\u0142oszenia\" required=\"required\" aria-required=\"true\"><\/textarea>                    <\/div>\n                                <div class=\"elementor-field-group elementor-column elementor-field-type-submit elementor-col-100 e-form__buttons\">\n                    <button type=\"submit\" class=\"elementor-button elementor-size-sm\">\n\t\t\t\t\t\t<span >\n\t\t\t\t\t\t\t                                <span class=\" elementor-button-icon\">\n\t\t\t\t\t\t\t\t\t                                    \t\t\t\t\t\t\t\t<\/span>\n                                                                                        <span class=\"elementor-button-text\">SEND<\/span>\n                            \t\t\t\t\t\t<\/span>\n                    <\/button>\n                <\/div>\n            <\/div>\n        <\/form>\n        <\/div>\n        <\/div>\n        <\/section>\n        \t\t<\/div>\n\t\t\t\t<\/div>\n\t\t\t\t\t<\/div>\n\t\t<\/div>\n\t\t\t\t\t<\/div>\n\t\t<\/section>\n\t\t\t\t<\/div>\n\t\t","protected":false},"excerpt":{"rendered":"<p>Report any Unequal Treatment! Have you witnessed discrimination? Have you experienced discrimination? Contact the Coordinator for Equal Treatment at your institute\/departmentLIST OF COORDINATOR If you want us to take any action in relation to your report on unequal treatment by the SGGW organizational units, please provide your full name. Contact us and report an unequal [&hellip;]<\/p>\n","protected":false},"author":6,"featured_media":0,"parent":16825,"menu_order":0,"comment_status":"closed","ping_status":"closed","template":"","meta":{"_acf_changed":false,"footnotes":""},"class_list":["post-139739","page","type-page","status-publish","hentry"],"acf":[],"_links":{"self":[{"href":"https:\/\/www.sggw.edu.pl\/en\/wp-json\/wp\/v2\/pages\/139739","targetHints":{"allow":["GET"]}}],"collection":[{"href":"https:\/\/www.sggw.edu.pl\/en\/wp-json\/wp\/v2\/pages"}],"about":[{"href":"https:\/\/www.sggw.edu.pl\/en\/wp-json\/wp\/v2\/types\/page"}],"author":[{"embeddable":true,"href":"https:\/\/www.sggw.edu.pl\/en\/wp-json\/wp\/v2\/users\/6"}],"replies":[{"embeddable":true,"href":"https:\/\/www.sggw.edu.pl\/en\/wp-json\/wp\/v2\/comments?post=139739"}],"version-history":[{"count":12,"href":"https:\/\/www.sggw.edu.pl\/en\/wp-json\/wp\/v2\/pages\/139739\/revisions"}],"predecessor-version":[{"id":142860,"href":"https:\/\/www.sggw.edu.pl\/en\/wp-json\/wp\/v2\/pages\/139739\/revisions\/142860"}],"up":[{"embeddable":true,"href":"https:\/\/www.sggw.edu.pl\/en\/wp-json\/wp\/v2\/pages\/16825"}],"wp:attachment":[{"href":"https:\/\/www.sggw.edu.pl\/en\/wp-json\/wp\/v2\/media?parent=139739"}],"curies":[{"name":"wp","href":"https:\/\/api.w.org\/{rel}","templated":true}]}}