{"id":139750,"date":"2022-11-03T09:17:30","date_gmt":"2022-11-03T08:17:30","guid":{"rendered":"https:\/\/www.sggw.edu.pl\/?page_id=139750"},"modified":"2024-04-15T09:02:55","modified_gmt":"2024-04-15T07:02:55","slug":"gender-equality-plan","status":"publish","type":"page","link":"https:\/\/www.sggw.edu.pl\/en\/home\/gender-equality-plan\/","title":{"rendered":"GENDER EQUALITY PLAN"},"content":{"rendered":"\t\t<div data-elementor-type=\"wp-page\" data-elementor-id=\"139750\" class=\"elementor elementor-139750\" data-elementor-post-type=\"page\">\n\t\t\t\t\t\t<section class=\"elementor-section elementor-top-section elementor-element elementor-element-ee8c0d2 elementor-section-boxed elementor-section-height-default elementor-section-height-default\" data-id=\"ee8c0d2\" data-element_type=\"section\">\n\t\t\t\t\t\t<div class=\"elementor-container elementor-column-gap-default\">\n\t\t\t\t\t<div class=\"elementor-column elementor-col-100 elementor-top-column elementor-element elementor-element-aca9e1d\" data-id=\"aca9e1d\" data-element_type=\"column\">\n\t\t\t<div class=\"elementor-widget-wrap elementor-element-populated\">\n\t\t\t\t\t\t<div class=\"elementor-element elementor-element-53a2282 elementor-widget elementor-widget-wp-widget-bcn_widget\" data-id=\"53a2282\" data-element_type=\"widget\" data-widget_type=\"wp-widget-bcn_widget.default\">\n\t\t\t\t<div class=\"elementor-widget-container\">\n\t\t\t<div class=\"mn-grid breadcrumb\">\n                                    <div class=\"breadcrumb-inner mn-grid-12\"><div class=\"breadcrumbs\" vocab=\"https:\/\/schema.org\/\" typeof=\"BreadcrumbList\"><span property=\"itemListElement\" typeof=\"ListItem\"><a property=\"item\" typeof=\"WebPage\" title=\"Go to Szko\u0142a G\u0142\u00f3wna Gospodarstwa Wiejskiego w Warszawie.\" href=\"https:\/\/www.sggw.edu.pl\/en\/\" class=\"home\" aria-current=\"page\"><span property=\"name\">Home<\/span><\/a><meta property=\"position\" content=\"1\"><\/span><\/div>    <\/div>\n                                <\/div>\t\t<\/div>\n\t\t\t\t<\/div>\n\t\t\t\t<div class=\"elementor-element elementor-element-4ff65d3 elementor-widget elementor-widget-spacer\" data-id=\"4ff65d3\" data-element_type=\"widget\" data-widget_type=\"spacer.default\">\n\t\t\t\t<div class=\"elementor-widget-container\">\n\t\t\t\t\t<div class=\"elementor-spacer\">\n\t\t\t<div class=\"elementor-spacer-inner\"><\/div>\n\t\t<\/div>\n\t\t\t\t<\/div>\n\t\t\t\t<\/div>\n\t\t\t\t<div class=\"elementor-element elementor-element-852908f elementor-widget elementor-widget-w4\" data-id=\"852908f\" data-element_type=\"widget\" data-widget_type=\"w4.default\">\n\t\t\t\t<div class=\"elementor-widget-container\">\n\t\t\t<section>\n        <div class=\"mn-grid\">\n            <div class=\"mn-main-baner mn-grid-12\"  style=\"background: url(https:\/\/www.sggw.edu.pl\/wp-content\/uploads\/2022\/04\/plan_rownosci_plci_Obszar-roboczy-1.png) 0 no-repeat\">\n                \n                <h1>\n                    \n                <\/h1>\n                <div class=\"lower_text\">\n                    \n                <\/div>\n            <\/div><\/div><\/section>\t\t<\/div>\n\t\t\t\t<\/div>\n\t\t\t\t<div class=\"elementor-element elementor-element-974d308 elementor-widget elementor-widget-w12\" data-id=\"974d308\" data-element_type=\"widget\" data-widget_type=\"w12.default\">\n\t\t\t\t<div class=\"elementor-widget-container\">\n\t\t\t<section>\n                <div class=\"mn-grid\">\n                    <div class=\"mn-grid-12 mn-mod-text-links\">\n                        <p dir=\"ltr\"><span class=\"x_ContentPasted0\">The SGGW Gender Equality Plan for the years 2022-2025 was adopted in 2021. SGGW is one of the first universities in Poland to adopt such a document.<\/span><b><\/b><\/p><p dir=\"ltr\"><span class=\"x_ContentPasted0\">The adoption of the Plan by SGGW may be considered as a response to the requirements resulting from the conditions of financing research conducted under the Horizon EUROPE 2021-2027 Program and complements and extends the scope of equality and anti-discrimination measures, that were implemented by the Warsaw University of Life Sciences in connection with granting the <a href=\"https:\/\/www.sggw.edu.pl\/en\/home\/science\/hr-excellence-in-research\/\">&#8220;HR Excellence in Research&#8221;<\/a> logo by the European Commission.<\/span><\/p><p dir=\"ltr\"><span class=\"x_ContentPasted0\">The overarching objective of the Gender Equality Plan is to ensure equal treatment, care for equal opportunity, and development opportunity, care for balance and diversity.\u00a0<\/span><\/p><p dir=\"ltr\"><span class=\"x_ContentPasted0\">\u00a0The planned activities are oriented toward the implementation of the following goals:<\/span><\/p><ol><li>Increasing awareness of the entire SGGW community on the principle of equal treatment and discrimination, including gender discrimination.<\/li><li>Taking care of equal opportunities and full development of women\u2019s potential.<\/li><li>Taking care of gender balance and diversity in university, institutes, and departments\u2019 decision-making bodies, an expert, review and project teams, as well as a part of individual positions and recruitment processes.\u00a0<\/li><\/ol><p><a href=\"https:\/\/www.sggw.edu.pl\/wp-content\/uploads\/2022\/03\/zala%cc%a8cznik-do-zarza%cc%a8dzenia-Nr-141_2021-Rektora-SGGW-z-dnia-31.12.2021-r.-w-sprawie-wprowadzenia-Planu-Ro%cc%81wnos%cc%81ci-Plci-dla-Szkoly-Glo%cc%81wnej-Gospodarstwa-Wiejskiego-w-Warsz.pdf\">Regulation of the SGGW Rector of 31 December 2021 on the implementation of the &#8220;Gender Equality Plan for the SGGW Warsaw for the years 2022-2025&#8221;<\/a><\/p><p><span style=\"font-weight: normal !msorm;\"><strong>Gender Equ<\/strong><\/span><span style=\"font-weight: normal !msorm;\"><strong>ality Plan for <\/strong><\/span><span style=\"font-weight: normal !msorm;\"><strong>SGGW <\/strong><\/span><\/p><p><a href=\"http:\/\/www.sggw.edu.pl\/wp-content\/uploads\/2022\/04\/THE-GENDER-EQUALITY-PLAN-for-SGGW_-2022-2025.pdf\"><strong>Annex No. 141 to the Regulation of the SGGW Rector of 31 December 2021 on the implementation of the &#8220;Gender Equality Plan for the SGGW Warsaw for the years 2022-2025&#8221; <\/strong><\/a><\/p>\n                    <\/div>\n                <\/div>\n            <\/section>\t\t<\/div>\n\t\t\t\t<\/div>\n\t\t\t\t<div class=\"elementor-element elementor-element-d6c62b1 elementor-widget elementor-widget-spacer\" data-id=\"d6c62b1\" data-element_type=\"widget\" data-widget_type=\"spacer.default\">\n\t\t\t\t<div class=\"elementor-widget-container\">\n\t\t\t\t\t<div class=\"elementor-spacer\">\n\t\t\t<div class=\"elementor-spacer-inner\"><\/div>\n\t\t<\/div>\n\t\t\t\t<\/div>\n\t\t\t\t<\/div>\n\t\t\t\t<div class=\"elementor-element elementor-element-5faa5ba elementor-widget elementor-widget-w1_2_3\" data-id=\"5faa5ba\" data-element_type=\"widget\" data-widget_type=\"w1_2_3.default\">\n\t\t\t\t<div class=\"elementor-widget-container\">\n\t\t\t<section>\n                    <div class=\"mn-grid\">\n                        <h5  class=\"mn-grid-12 mn-title3\">\n                            Coordinators for the Gender Equality Plan\n                        <\/h5>\n                    <\/div>\n                <\/section>\t\t<\/div>\n\t\t\t\t<\/div>\n\t\t\t\t\t<\/div>\n\t\t<\/div>\n\t\t\t\t\t<\/div>\n\t\t<\/section>\n\t\t\t\t<section class=\"elementor-section elementor-top-section elementor-element elementor-element-5f5b049 elementor-section-boxed elementor-section-height-default elementor-section-height-default\" data-id=\"5f5b049\" data-element_type=\"section\">\n\t\t\t\t\t\t<div class=\"elementor-container elementor-column-gap-default\">\n\t\t\t\t\t<div class=\"elementor-column elementor-col-50 elementor-top-column elementor-element elementor-element-628dfe6\" data-id=\"628dfe6\" data-element_type=\"column\">\n\t\t\t<div class=\"elementor-widget-wrap elementor-element-populated\">\n\t\t\t\t\t\t<div class=\"elementor-element elementor-element-42b8b4e elementor-author-box--layout-image-left elementor-author-box--align-left elementor-widget elementor-widget-author-box\" data-id=\"42b8b4e\" data-element_type=\"widget\" data-widget_type=\"author-box.default\">\n\t\t\t\t<div class=\"elementor-widget-container\">\n\t\t\t\t\t<div class=\"elementor-author-box\">\n\t\t\t\t\t\t\t<div  class=\"elementor-author-box__avatar\">\n\t\t\t\t\t<img decoding=\"async\" src=\"https:\/\/www.sggw.edu.pl\/wp-content\/uploads\/2022\/05\/Dorota-Derewiaka-1-300x200.jpg\" alt=\"Picture of dr hab. Dorota Derewiaka, prof. SGGW\" loading=\"lazy\">\n\t\t\t\t<\/div>\n\t\t\t\n\t\t\t<div class=\"elementor-author-box__text\">\n\t\t\t\t\t\t\t\t\t<div >\n\t\t\t\t\t\t<h3 class=\"elementor-author-box__name\">\n\t\t\t\t\t\t\tdr hab. Dorota Derewiaka, prof. SGGW\t\t\t\t\t\t<\/h3>\n\t\t\t\t\t<\/div>\n\t\t\t\t\n\t\t\t\t\t\t\t\t\t<div class=\"elementor-author-box__bio\">\n\t\t\t\t\t\t<p>dorota_derewiaka@sggw.edu.pl<\/p>\n\t\t\t\t\t<\/div>\n\t\t\t\t\n\t\t\t\t\t\t\t<\/div>\n\t\t<\/div>\n\t\t\t\t<\/div>\n\t\t\t\t<\/div>\n\t\t\t\t\t<\/div>\n\t\t<\/div>\n\t\t\t\t<div class=\"elementor-column elementor-col-50 elementor-top-column elementor-element elementor-element-81c4b97\" data-id=\"81c4b97\" data-element_type=\"column\">\n\t\t\t<div class=\"elementor-widget-wrap elementor-element-populated\">\n\t\t\t\t\t\t<div class=\"elementor-element elementor-element-ff92f47 elementor-author-box--layout-image-left elementor-author-box--align-left elementor-widget elementor-widget-author-box\" data-id=\"ff92f47\" data-element_type=\"widget\" data-widget_type=\"author-box.default\">\n\t\t\t\t<div class=\"elementor-widget-container\">\n\t\t\t\t\t<div class=\"elementor-author-box\">\n\t\t\t\t\t\t\t<div  class=\"elementor-author-box__avatar\">\n\t\t\t\t\t<img decoding=\"async\" src=\"https:\/\/www.sggw.edu.pl\/wp-content\/uploads\/2022\/05\/Szymon-Wielgosz-2-300x200.jpg\" alt=\"Picture of Szymon Wielgosz\" loading=\"lazy\">\n\t\t\t\t<\/div>\n\t\t\t\n\t\t\t<div class=\"elementor-author-box__text\">\n\t\t\t\t\t\t\t\t\t<div >\n\t\t\t\t\t\t<h3 class=\"elementor-author-box__name\">\n\t\t\t\t\t\t\tSzymon Wielgosz\t\t\t\t\t\t<\/h3>\n\t\t\t\t\t<\/div>\n\t\t\t\t\n\t\t\t\t\t\t\t\t\t<div class=\"elementor-author-box__bio\">\n\t\t\t\t\t\t<p>szymon_wielgosz@sggw.edu.pl<\/p>\n\t\t\t\t\t<\/div>\n\t\t\t\t\n\t\t\t\t\t\t\t<\/div>\n\t\t<\/div>\n\t\t\t\t<\/div>\n\t\t\t\t<\/div>\n\t\t\t\t\t<\/div>\n\t\t<\/div>\n\t\t\t\t\t<\/div>\n\t\t<\/section>\n\t\t\t\t<\/div>\n\t\t","protected":false},"excerpt":{"rendered":"<p>The SGGW Gender Equality Plan for the years 2022-2025 was adopted in 2021. SGGW is one of the first universities in Poland to adopt such a document. The adoption of the Plan by SGGW may be considered as a response to the requirements resulting from the conditions of financing research conducted under the Horizon EUROPE [&hellip;]<\/p>\n","protected":false},"author":6,"featured_media":0,"parent":16825,"menu_order":0,"comment_status":"closed","ping_status":"closed","template":"","meta":{"_acf_changed":false,"footnotes":""},"class_list":["post-139750","page","type-page","status-publish","hentry"],"acf":[],"_links":{"self":[{"href":"https:\/\/www.sggw.edu.pl\/en\/wp-json\/wp\/v2\/pages\/139750","targetHints":{"allow":["GET"]}}],"collection":[{"href":"https:\/\/www.sggw.edu.pl\/en\/wp-json\/wp\/v2\/pages"}],"about":[{"href":"https:\/\/www.sggw.edu.pl\/en\/wp-json\/wp\/v2\/types\/page"}],"author":[{"embeddable":true,"href":"https:\/\/www.sggw.edu.pl\/en\/wp-json\/wp\/v2\/users\/6"}],"replies":[{"embeddable":true,"href":"https:\/\/www.sggw.edu.pl\/en\/wp-json\/wp\/v2\/comments?post=139750"}],"version-history":[{"count":8,"href":"https:\/\/www.sggw.edu.pl\/en\/wp-json\/wp\/v2\/pages\/139750\/revisions"}],"predecessor-version":[{"id":197736,"href":"https:\/\/www.sggw.edu.pl\/en\/wp-json\/wp\/v2\/pages\/139750\/revisions\/197736"}],"up":[{"embeddable":true,"href":"https:\/\/www.sggw.edu.pl\/en\/wp-json\/wp\/v2\/pages\/16825"}],"wp:attachment":[{"href":"https:\/\/www.sggw.edu.pl\/en\/wp-json\/wp\/v2\/media?parent=139750"}],"curies":[{"name":"wp","href":"https:\/\/api.w.org\/{rel}","templated":true}]}}