{"id":144484,"date":"2023-01-12T21:12:46","date_gmt":"2023-01-12T20:12:46","guid":{"rendered":"https:\/\/www.sggw.edu.pl\/?page_id=144484"},"modified":"2023-01-12T21:12:47","modified_gmt":"2023-01-12T20:12:47","slug":"webinars-2023","status":"publish","type":"page","link":"https:\/\/www.sggw.edu.pl\/en\/webinars-2023\/","title":{"rendered":"Webinars 2023"},"content":{"rendered":"\t\t<div data-elementor-type=\"wp-page\" data-elementor-id=\"144484\" class=\"elementor elementor-144484\" data-elementor-post-type=\"page\">\n\t\t\t\t\t\t<section class=\"elementor-section elementor-top-section elementor-element elementor-element-2704c3a elementor-section-boxed elementor-section-height-default elementor-section-height-default\" data-id=\"2704c3a\" data-element_type=\"section\">\n\t\t\t\t\t\t<div class=\"elementor-container elementor-column-gap-default\">\n\t\t\t\t\t<div class=\"elementor-column elementor-col-100 elementor-top-column elementor-element elementor-element-879e102\" data-id=\"879e102\" data-element_type=\"column\">\n\t\t\t<div class=\"elementor-widget-wrap elementor-element-populated\">\n\t\t\t\t\t\t<div class=\"elementor-element elementor-element-b658f42 elementor-widget elementor-widget-wp-widget-bcn_widget\" data-id=\"b658f42\" data-element_type=\"widget\" data-widget_type=\"wp-widget-bcn_widget.default\">\n\t\t\t\t<div class=\"elementor-widget-container\">\n\t\t\t<div class=\"mn-grid breadcrumb\">\n                                    <div class=\"breadcrumb-inner mn-grid-12\"><div class=\"breadcrumbs\" vocab=\"https:\/\/schema.org\/\" typeof=\"BreadcrumbList\"><span property=\"itemListElement\" typeof=\"ListItem\"><a property=\"item\" typeof=\"WebPage\" title=\"Go to Szko\u0142a G\u0142\u00f3wna Gospodarstwa Wiejskiego w Warszawie.\" href=\"https:\/\/www.sggw.edu.pl\/en\/\" class=\"home\" aria-current=\"page\"><span property=\"name\">Home<\/span><\/a><meta property=\"position\" content=\"1\"><\/span><\/div>    <\/div>\n                                <\/div>\t\t<\/div>\n\t\t\t\t<\/div>\n\t\t\t\t\t<\/div>\n\t\t<\/div>\n\t\t\t\t\t<\/div>\n\t\t<\/section>\n\t\t\t\t<section class=\"elementor-section elementor-top-section elementor-element elementor-element-e463dc9 elementor-section-boxed elementor-section-height-default elementor-section-height-default\" data-id=\"e463dc9\" data-element_type=\"section\">\n\t\t\t\t\t\t<div class=\"elementor-container elementor-column-gap-default\">\n\t\t\t\t\t<div class=\"elementor-column elementor-col-100 elementor-top-column elementor-element elementor-element-b97071c\" data-id=\"b97071c\" data-element_type=\"column\">\n\t\t\t<div class=\"elementor-widget-wrap elementor-element-populated\">\n\t\t\t\t\t\t<div class=\"elementor-element elementor-element-e0ccbf8 elementor-widget elementor-widget-w4\" data-id=\"e0ccbf8\" data-element_type=\"widget\" data-widget_type=\"w4.default\">\n\t\t\t\t<div class=\"elementor-widget-container\">\n\t\t\t<section>\n        <div class=\"mn-grid\">\n            <div class=\"mn-main-baner mn-grid-12\"  style=\"background: url(https:\/\/www.sggw.edu.pl\/wp-content\/uploads\/2023\/01\/Banner_LP_Webinaria2023_1256x400.jpg) 0 no-repeat\">\n                \n                <h1>\n                    \n                <\/h1>\n                <div class=\"lower_text\">\n                    \n                <\/div>\n            <\/div><\/div><\/section>\t\t<\/div>\n\t\t\t\t<\/div>\n\t\t\t\t\t<\/div>\n\t\t<\/div>\n\t\t\t\t\t<\/div>\n\t\t<\/section>\n\t\t\t\t<section class=\"elementor-section elementor-top-section elementor-element elementor-element-ed63fdf elementor-section-boxed elementor-section-height-default elementor-section-height-default\" data-id=\"ed63fdf\" data-element_type=\"section\">\n\t\t\t\t\t\t<div class=\"elementor-container elementor-column-gap-default\">\n\t\t\t\t\t<div class=\"elementor-column elementor-col-100 elementor-top-column elementor-element elementor-element-072b58b\" data-id=\"072b58b\" data-element_type=\"column\">\n\t\t\t<div class=\"elementor-widget-wrap elementor-element-populated\">\n\t\t\t\t\t\t<div class=\"elementor-element elementor-element-d52e66d elementor-widget elementor-widget-w33\" data-id=\"d52e66d\" data-element_type=\"widget\" data-widget_type=\"w33.default\">\n\t\t\t\t<div class=\"elementor-widget-container\">\n\t\t\t<section>\n            <div class=\"mn-grid\">\n                <div class=\"mn-vertical-separator\">\n                    \n                <\/div>\n            <\/section>\t\t<\/div>\n\t\t\t\t<\/div>\n\t\t\t\t<div class=\"elementor-element elementor-element-a7b7671 elementor-widget elementor-widget-w12\" data-id=\"a7b7671\" data-element_type=\"widget\" data-widget_type=\"w12.default\">\n\t\t\t\t<div class=\"elementor-widget-container\">\n\t\t\t<section>\n                <div class=\"mn-grid\">\n                    <div class=\"mn-grid-12 mn-mod-text-links\">\n                        <div class=\"elementor-element elementor-element-4f208d5 elementor-widget elementor-widget-w12\" data-id=\"4f208d5\" data-element_type=\"widget\" data-widget_type=\"w12.default\"><div class=\"elementor-widget-container\"><section><div class=\"mn-grid\"><div class=\"mn-grid-12 mn-mod-text-links\"><p align=\"center\">Wychodz\u0105c naprzeciw potrzebom uczni\u00f3w klas maturalnych przygotowali\u015bmy\u00a0<b>cykl webinari\u00f3w<\/b><b>,\u00a0<\/b>kt\u00f3re prezentuj\u0105 w przyst\u0119pnej i atrakcyjnej wizualnie formie nasze g\u0142\u00f3wne kierunki kszta\u0142cenia.<\/p><p align=\"center\">Zapraszamy do zapoznania si\u0119 ze specyfik\u0105 naszych kierunk\u00f3w, jak r\u00f3wnie\u017c wyk\u0142adami lub \u0107wiczeniami na tematy powi\u0105zane z danym kierunkiem, ale zarazem przydatnymi dla uczni\u00f3w w procesie przygotowania do egzaminu dojrza\u0142o\u015bci.<\/p><p align=\"center\"><strong>Od 12 stycznia do 20 kwietnia 2023 r.<\/strong>, zaprezentujemy Pa\u0144stwu nasz\u0105 ofert\u0119 dydaktyczn\u0105, przybli\u017caj\u0105c w ka\u017cdym tygodniu kolejny kierunek. Wyemitowane materia\u0142y b\u0119d\u0105 dost\u0119pne na naszych stronach www tak\u017ce po premierowej emisji \u2013 tak, aby w ka\u017cdej chwili mo\u017cna by\u0142o do nich wr\u00f3ci\u0107.<\/p><p align=\"center\">Zapraszamy do obejrzenia webinari\u00f3w, odwiedzenia stron wydzia\u0142\u00f3w oraz do kontaktu z nami na adres:\u00a0<a href=\"mailto:webinaria@sggw.edu.pl\" target=\"_blank\" rel=\"noopener noreferrer\" data-auth=\"NotApplicable\" data-safelink=\"true\" data-linkindex=\"0\">webinaria@sggw.edu.pl<\/a><\/p><\/div><\/div><\/section><\/div><\/div><div class=\"elementor-element elementor-element-6f82a79 elementor-widget elementor-widget-w33\" data-id=\"6f82a79\" data-element_type=\"widget\" data-widget_type=\"w33.default\"><div class=\"elementor-widget-container\"><section><div class=\"mn-grid\">\u00a0<\/div><\/section><\/div><\/div>\n                    <\/div>\n                <\/div>\n            <\/section>\t\t<\/div>\n\t\t\t\t<\/div>\n\t\t\t\t\t<\/div>\n\t\t<\/div>\n\t\t\t\t\t<\/div>\n\t\t<\/section>\n\t\t\t\t<section class=\"elementor-section elementor-top-section elementor-element elementor-element-1634e35 elementor-section-boxed elementor-section-height-default elementor-section-height-default\" data-id=\"1634e35\" data-element_type=\"section\">\n\t\t\t\t\t\t<div class=\"elementor-container elementor-column-gap-default\">\n\t\t\t\t\t<div class=\"elementor-column elementor-col-100 elementor-top-column elementor-element elementor-element-0ab37ca\" data-id=\"0ab37ca\" data-element_type=\"column\">\n\t\t\t<div class=\"elementor-widget-wrap elementor-element-populated\">\n\t\t\t\t\t\t<div class=\"elementor-element elementor-element-a1b205e elementor-tabs-view-horizontal elementor-widget elementor-widget-tabs\" data-id=\"a1b205e\" data-element_type=\"widget\" data-widget_type=\"tabs.default\">\n\t\t\t\t<div class=\"elementor-widget-container\">\n\t\t\t\t\t<div class=\"elementor-tabs\">\n\t\t\t<div class=\"elementor-tabs-wrapper\" role=\"tablist\" >\n\t\t\t\t\t\t\t\t\t<div id=\"elementor-tab-title-1691\" class=\"elementor-tab-title elementor-tab-desktop-title\" aria-selected=\"true\" data-tab=\"1\" role=\"tab\" tabindex=\"0\" aria-controls=\"elementor-tab-content-1691\" aria-expanded=\"false\">STYCZE\u0143<\/div>\n\t\t\t\t\t\t\t\t\t<div id=\"elementor-tab-title-1692\" class=\"elementor-tab-title elementor-tab-desktop-title\" aria-selected=\"false\" data-tab=\"2\" role=\"tab\" tabindex=\"-1\" aria-controls=\"elementor-tab-content-1692\" aria-expanded=\"false\">LUTY<\/div>\n\t\t\t\t\t\t\t\t\t<div id=\"elementor-tab-title-1693\" class=\"elementor-tab-title elementor-tab-desktop-title\" aria-selected=\"false\" data-tab=\"3\" role=\"tab\" tabindex=\"-1\" aria-controls=\"elementor-tab-content-1693\" aria-expanded=\"false\">MARZEC<\/div>\n\t\t\t\t\t\t\t\t\t<div id=\"elementor-tab-title-1694\" class=\"elementor-tab-title elementor-tab-desktop-title\" aria-selected=\"false\" data-tab=\"4\" role=\"tab\" tabindex=\"-1\" aria-controls=\"elementor-tab-content-1694\" aria-expanded=\"false\">KWIECIE\u0143<\/div>\n\t\t\t\t\t\t\t\t\t<div id=\"elementor-tab-title-1695\" class=\"elementor-tab-title elementor-tab-desktop-title\" aria-selected=\"false\" data-tab=\"5\" role=\"tab\" tabindex=\"-1\" aria-controls=\"elementor-tab-content-1695\" aria-expanded=\"false\">KALENDARIUM<\/div>\n\t\t\t\t\t\t\t<\/div>\n\t\t\t<div class=\"elementor-tabs-content-wrapper\" role=\"tablist\" aria-orientation=\"vertical\">\n\t\t\t\t\t\t\t\t\t<div class=\"elementor-tab-title elementor-tab-mobile-title\" aria-selected=\"true\" data-tab=\"1\" role=\"tab\" tabindex=\"0\" aria-controls=\"elementor-tab-content-1691\" aria-expanded=\"false\">STYCZE\u0143<\/div>\n\t\t\t\t\t<div id=\"elementor-tab-content-1691\" class=\"elementor-tab-content elementor-clearfix\" data-tab=\"1\" role=\"tabpanel\" aria-labelledby=\"elementor-tab-title-1691\" tabindex=\"0\" hidden=\"false\"><blockquote><p><span style=\"color: #003300\">12.01.2023<\/span><\/p><hr \/><h3><a href=\"https:\/\/www.youtube.com\/watch?v=1FKGnGJbC-U&amp;list=PLi-nDs51i1xaXj_A4bBfVyws4oA9t6loP&amp;index=1\"><span style=\"color: #003300\">BIOTECHNOLOGIA<\/span><\/a> <a href=\"https:\/\/www.youtube.com\/watch?v=1FKGnGJbC-U&amp;list=PLi-nDs51i1xaXj_A4bBfVyws4oA9t6loP&amp;index=1\"><img decoding=\"async\" class=\"wp-image-144465 alignleft\" src=\"http:\/\/www.sggw.edu.pl\/wp-content\/uploads\/2023\/01\/YouTube-icon.jpg\" alt=\"\" width=\"26\" height=\"26\" srcset=\"https:\/\/www.sggw.edu.pl\/wp-content\/uploads\/2023\/01\/YouTube-icon.jpg 256w, https:\/\/www.sggw.edu.pl\/wp-content\/uploads\/2023\/01\/YouTube-icon-150x150.jpg 150w\" sizes=\"(max-width: 26px) 100vw, 26px\" \/><\/a><\/h3><h5><span style=\"color: #003300\"><a style=\"color: #003300\" href=\"https:\/\/www.sggw.edu.pl\/kierunki-sggw\/biotechnologia\/\">WYDZIA\u0141 BIOLOGII I BIOTECHNOLOGII<\/a><\/span><\/h5><\/blockquote><p><span style=\"color: #999999\">19.01.2023<\/span><\/p><hr \/><h3><span style=\"color: #999999\">\u017bYWIENIE CZ\u0141OWIEKA I OCENA \u017bYWNO\u015aCI<\/span><\/h3><h5><a href=\"https:\/\/www.sggw.edu.pl\/kierunki-sggw\/zywienie-czlowieka-i-ocena-zywnosci\/\"><span style=\"color: #999999\">WYDZIA\u0141 \u017bYWIENIA CZ\u0141OWIEKA<\/span><\/a><\/h5><p><span style=\"color: #999999\">26.01.2023<\/span><\/p><hr \/><h3><span style=\"color: #999999\">BUDOWNICTWO<\/span><\/h3><h5><a href=\"https:\/\/www.sggw.edu.pl\/kierunki-sggw\/budownictwo\/\"><span style=\"color: #999999\">WYDZIA\u0141 BUDOWNICTWA I IN\u017bYNIERII \u015aRODOWISKA<\/span><\/a><\/h5><\/div>\n\t\t\t\t\t\t\t\t\t<div class=\"elementor-tab-title elementor-tab-mobile-title\" aria-selected=\"false\" data-tab=\"2\" role=\"tab\" tabindex=\"-1\" aria-controls=\"elementor-tab-content-1692\" aria-expanded=\"false\">LUTY<\/div>\n\t\t\t\t\t<div id=\"elementor-tab-content-1692\" class=\"elementor-tab-content elementor-clearfix\" data-tab=\"2\" role=\"tabpanel\" aria-labelledby=\"elementor-tab-title-1692\" tabindex=\"0\" hidden=\"hidden\"><p><span style=\"color: #999999\">02.02.2023<\/span><\/p><hr \/><h3><span style=\"color: #999999\">EKONOMIA <\/span><\/h3><h5><a href=\"https:\/\/www.sggw.edu.pl\/kierunki-sggw\/ekonomia\/\"><span style=\"color: #999999\">WYDZIA\u0141 EKONOMICZNY<\/span><\/a><\/h5><p>\u00a0<\/p><p><span style=\"color: #999999\">09.02.2023<\/span><\/p><hr \/><h3><span style=\"color: #999999\">BIOIN\u017bYNIERIA ZWIERZ\u0104T <\/span><\/h3><h5><a href=\"https:\/\/www.sggw.edu.pl\/kierunki-sggw\/bioinzynieria-zwierzat\/\"><span style=\"color: #999999\">BIOIN\u017bYNIERIA ZWIERZ\u0104T \u2013 WYDZIA\u0141 HODOWLI, BIOIN\u017bYNIERII I OCHRONY ZWIERZ\u0104T<\/span><\/a><\/h5><p>\u00a0<\/p><p><span style=\"color: #999999\">16.02.2023<\/span><\/p><hr \/><h3><span style=\"color: #999999\">TECHNOLOGIE ENERGII ODNAWIALNEJ <\/span><\/h3><h5><a href=\"https:\/\/www.sggw.edu.pl\/kierunki-sggw\/technologie-energii-odnawialnej\/\"><span style=\"color: #999999\">WYDZIA\u0141 IN\u017bYNIERII PRODUKCJI<\/span><\/a><\/h5><p>\u00a0<\/p><p><span style=\"color: #999999\">23.02.2023<\/span><\/p><hr \/><h3><span style=\"color: #999999\">LE\u015aNICTWO <\/span><\/h3><h5><a href=\"https:\/\/www.sggw.edu.pl\/kierunki-sggw\/lesnictwo\/\"><span style=\"color: #999999\">WYDZIA\u0141 LE\u015aNY<\/span><\/a><\/h5><\/div>\n\t\t\t\t\t\t\t\t\t<div class=\"elementor-tab-title elementor-tab-mobile-title\" aria-selected=\"false\" data-tab=\"3\" role=\"tab\" tabindex=\"-1\" aria-controls=\"elementor-tab-content-1693\" aria-expanded=\"false\">MARZEC<\/div>\n\t\t\t\t\t<div id=\"elementor-tab-content-1693\" class=\"elementor-tab-content elementor-clearfix\" data-tab=\"3\" role=\"tabpanel\" aria-labelledby=\"elementor-tab-title-1693\" tabindex=\"0\" hidden=\"hidden\"><p><span style=\"color: #999999\">02.03.2023<\/span><\/p><hr \/><h3><span style=\"color: #999999\">WETERYNARIA <\/span><\/h3><h5><a href=\"https:\/\/www.sggw.edu.pl\/kierunki-sggw\/weterynaria\/\"><span style=\"color: #999999\">WYDZIA\u0141 MEDYCYNY WETERYNARYJNEJ<\/span><\/a><\/h5><p>\u00a0<\/p><p><span style=\"color: #999999\">09.03.2023<\/span><\/p><hr \/><h3><span style=\"color: #999999\">OGRODNICTWO <\/span><\/h3><h5><a href=\"https:\/\/www.sggw.edu.pl\/kierunki-sggw\/ogrodnictwo\/\"><span style=\"color: #999999\">WYDZIA\u0141 OGRODNICZY<\/span><\/a><\/h5><p>\u00a0<\/p><p><span style=\"color: #999999\">16.03.2023<\/span><\/p><hr \/><h3><span style=\"color: #999999\">TECHNOLOGIA DREWNA <\/span><\/h3><h5><a href=\"https:\/\/www.sggw.edu.pl\/kierunki-sggw\/technologia-drewna\/\"><span style=\"color: #999999\">WYDZIA\u0141 TECHNOLOGII DREWNA<\/span><\/a><\/h5><p>\u00a0<\/p><p><span style=\"color: #999999\">23.03.2023<\/span><\/p><hr \/><h3><span style=\"color: #999999\">IN\u017bYNIERIA EKOLOGICZNA <\/span><\/h3><h5><a href=\"https:\/\/www.sggw.edu.pl\/kierunki-sggw\/inzynieria-ekologiczna\/\"><span style=\"color: #999999\">WYDZIA\u0141 ROLNICTWA I EKOLOGII<\/span><\/a><\/h5><p>\u00a0<\/p><p><span style=\"color: #999999\">30.03.2023<\/span><\/p><hr \/><h3><span style=\"color: #999999\">SOCJOLOGIA <\/span><\/h3><h5><a href=\"https:\/\/www.sggw.edu.pl\/kierunki-sggw\/socjologia\/\"><span style=\"color: #999999\">WYDZIA\u0141 SOCJOLOGII I PEDAGOGIKI<\/span><\/a><\/h5><\/div>\n\t\t\t\t\t\t\t\t\t<div class=\"elementor-tab-title elementor-tab-mobile-title\" aria-selected=\"false\" data-tab=\"4\" role=\"tab\" tabindex=\"-1\" aria-controls=\"elementor-tab-content-1694\" aria-expanded=\"false\">KWIECIE\u0143<\/div>\n\t\t\t\t\t<div id=\"elementor-tab-content-1694\" class=\"elementor-tab-content elementor-clearfix\" data-tab=\"4\" role=\"tabpanel\" aria-labelledby=\"elementor-tab-title-1694\" tabindex=\"0\" hidden=\"hidden\"><p><span style=\"color: #999999\">06.04.2023<\/span><\/p><hr \/><h3><span style=\"color: #999999\">ARCHITEKTURA KRAJOBRAZU <\/span><\/h3><h5><a href=\"https:\/\/www.sggw.edu.pl\/kierunki-sggw\/architektura-krajobrazu\/\"><span style=\"color: #999999\">WYDZIA\u0141 BUDOWNICTWA I IN\u017bYNIERII \u015aRODOWISKA<\/span><\/a><\/h5><p>\u00a0<\/p><p><span style=\"color: #999999\">13.04.2023<\/span><\/p><hr \/><h3><span style=\"color: #999999\">TECHNOLOGIA \u017bYWNO\u015aCI I \u017bYWIENIE CZ\u0141OWIEKA <\/span><\/h3><h5><a href=\"https:\/\/www.sggw.edu.pl\/kierunki-sggw\/technologia-zywnosci-i-zywienie-czlowieka\/\"><span style=\"color: #999999\">WYDZIA\u0141 TECHNOLOGII \u017bYWNO\u015aCI<\/span><\/a><\/h5><p>\u00a0<\/p><p><span style=\"color: #999999\">20.04.2023<\/span><\/p><hr \/><h3><span style=\"color: #999999\">INFORMATYKA <\/span><\/h3><h5><a href=\"https:\/\/www.sggw.edu.pl\/kierunki-sggw\/informatyka\/\"><span style=\"color: #999999\">WYDZIA\u0141 ZASTOSOWA\u0143 INFORMATYKI I MATEMATYKI<\/span><\/a><\/h5><\/div>\n\t\t\t\t\t\t\t\t\t<div class=\"elementor-tab-title elementor-tab-mobile-title\" aria-selected=\"false\" data-tab=\"5\" role=\"tab\" tabindex=\"-1\" aria-controls=\"elementor-tab-content-1695\" aria-expanded=\"false\">KALENDARIUM<\/div>\n\t\t\t\t\t<div id=\"elementor-tab-content-1695\" class=\"elementor-tab-content elementor-clearfix\" data-tab=\"5\" role=\"tabpanel\" aria-labelledby=\"elementor-tab-title-1695\" tabindex=\"0\" hidden=\"hidden\"><table><tbody><tr><td colspan=\"2\"><p style=\"text-align: center\"><span style=\"color: #999999\"><strong>DATA WEBINARIUM<\/strong><\/span><\/p><\/td><td><p><span style=\"color: #999999\"><strong>KIERUNEK, WYDZIA\u0141<\/strong><\/span><\/p><\/td><\/tr><tr><td rowspan=\"3\"><p style=\"text-align: center\"><span style=\"color: #999999\"><strong>STYCZE\u0143<\/strong><\/span><\/p><\/td><td><p style=\"text-align: center\"><span style=\"color: #999999\">12<\/span><\/p><\/td><td><p><span style=\"color: #999999\">BIOTECHNOLOGIA \u2013 WYDZIA\u0141 BIOLOGII I BIOTECHNOLOGII<\/span><\/p><\/td><\/tr><tr><td><p style=\"text-align: center\"><span style=\"color: #999999\">19<\/span><\/p><\/td><td><p><span style=\"color: #999999\">\u017bYWIENIE CZ\u0141OWIEKA I OCENA \u017bYWNO\u015aCI\u2013 WYDZIA\u0141 \u017bYWIENIA CZ\u0141OWIEKA<\/span><\/p><\/td><\/tr><tr><td><p style=\"text-align: center\"><span style=\"color: #999999\">26<\/span><\/p><\/td><td><p><span style=\"color: #999999\">BUDOWNICTWO \u2013 WYDZIA\u0141 BUDOWNICTWA I IN\u017bYNIERII \u015aRODOWISKA<\/span><\/p><\/td><\/tr><tr><td rowspan=\"4\"><p style=\"text-align: center\"><span style=\"color: #999999\"><strong>LUTY<\/strong><\/span><\/p><\/td><td><p style=\"text-align: center\"><span style=\"color: #999999\">2<\/span><\/p><\/td><td><p><span style=\"color: #999999\">EKONOMIA \u2013 WYDZIA\u0141 EKONOMICZNY<\/span><\/p><\/td><\/tr><tr><td><p style=\"text-align: center\"><span style=\"color: #999999\">9<\/span><\/p><\/td><td><p><span style=\"color: #999999\">BIOIN\u017bYNIERIA ZWIERZ\u0104T \u2013 WYDZIA\u0141 HODOWLI, BIOIN\u017bYNIERII I OCHRONY ZWIERZ\u0104T<\/span><\/p><\/td><\/tr><tr><td><p style=\"text-align: center\"><span style=\"color: #999999\">16<\/span><\/p><\/td><td><p><span style=\"color: #999999\">TECHNOLOGIE ENERGII ODNAWIALNEJ \u2013 WYDZIA\u0141 IN\u017bYNIERII PRODUKCJI<\/span><\/p><\/td><\/tr><tr><td><p style=\"text-align: center\"><span style=\"color: #999999\">23<\/span><\/p><\/td><td><p><span style=\"color: #999999\">LE\u015aNICTWO \u2013 WYDZIA\u0141 LE\u015aNY<\/span><\/p><\/td><\/tr><tr><td rowspan=\"5\"><p style=\"text-align: center\"><span style=\"color: #999999\"><strong>MARZEC<\/strong><\/span><\/p><\/td><td><p style=\"text-align: center\"><span style=\"color: #999999\">2<\/span><\/p><\/td><td><p><span style=\"color: #999999\">WETERYNARIA \u2013 WYDZIA\u0141 MEDYCYNY WETERYNARYJNEJ<\/span><\/p><\/td><\/tr><tr><td><p style=\"text-align: center\"><span style=\"color: #999999\">9<\/span><\/p><\/td><td><p><span style=\"color: #999999\">OGRODNICTWO \u2013 WYDZIA\u0141 OGRODNICZY<\/span><\/p><\/td><\/tr><tr><td><p style=\"text-align: center\"><span style=\"color: #999999\">16<\/span><\/p><\/td><td><p><span style=\"color: #999999\">TECHNOLOGIA DREWNA \u2013 WYDZIA\u0141 TECHNOLOGII DREWNA<\/span><\/p><\/td><\/tr><tr><td><p style=\"text-align: center\"><span style=\"color: #999999\">23<\/span><\/p><\/td><td><p><span style=\"color: #999999\">IN\u017bYNIERIA EKOLOGICZNA \u2013 WYDZIA\u0141 ROLNICTWA I EKOLOGII<\/span><\/p><\/td><\/tr><tr><td><p style=\"text-align: center\"><span style=\"color: #999999\">30<\/span><\/p><\/td><td><p><span style=\"color: #999999\">SOCJOLOGIA \u2013 WYDZIA\u0141 SOCJOLOGII I PEDAGOGIKI<\/span><\/p><\/td><\/tr><tr><td rowspan=\"3\"><p style=\"text-align: center\"><span style=\"color: #999999\"><strong>KWIECIE\u0143<\/strong><\/span><\/p><\/td><td><p style=\"text-align: center\"><span style=\"color: #999999\">6<\/span><\/p><\/td><td><p><span style=\"color: #999999\">ARCHITEKTURA KRAJOBRAZU \u2013 WYDZIA\u0141 BUDOWNICTWA I IN\u017bYNIERII \u015aRODOWISKA<\/span><\/p><\/td><\/tr><tr><td><p style=\"text-align: center\"><span style=\"color: #999999\">13<\/span><\/p><\/td><td><p><span style=\"color: #999999\">TECHNOLOGIA \u017bYWNO\u015aCI I \u017bYWIENIE CZ\u0141OWIEKA \u2013 WYDZIA\u0141 TECHNOLOGII \u017bYWNO\u015aCI<\/span><\/p><\/td><\/tr><tr><td><p style=\"text-align: center\"><span style=\"color: #999999\">20<\/span><\/p><\/td><td><p><span style=\"color: #999999\">INFORMATYKA \u2013 WYDZIA\u0141 ZASTOSOWA\u0143 INFORMATYKI I MATEMATYKI<\/span><\/p><\/td><\/tr><\/tbody><\/table><\/div>\n\t\t\t\t\t\t\t<\/div>\n\t\t<\/div>\n\t\t\t\t<\/div>\n\t\t\t\t<\/div>\n\t\t\t\t<div class=\"elementor-element elementor-element-eb47c8a elementor-widget elementor-widget-w33\" data-id=\"eb47c8a\" data-element_type=\"widget\" data-widget_type=\"w33.default\">\n\t\t\t\t<div class=\"elementor-widget-container\">\n\t\t\t<section>\n            <div class=\"mn-grid\">\n                <div class=\"mn-vertical-separator-x2\">\n                    \n                <\/div>\n            <\/section>\t\t<\/div>\n\t\t\t\t<\/div>\n\t\t\t\t\t<\/div>\n\t\t<\/div>\n\t\t\t\t\t<\/div>\n\t\t<\/section>\n\t\t\t\t<section class=\"elementor-section elementor-top-section elementor-element elementor-element-370308d elementor-section-boxed elementor-section-height-default elementor-section-height-default\" data-id=\"370308d\" data-element_type=\"section\">\n\t\t\t\t\t\t<div class=\"elementor-container elementor-column-gap-default\">\n\t\t\t\t\t<div class=\"elementor-column elementor-col-50 elementor-top-column elementor-element elementor-element-e52060c\" data-id=\"e52060c\" data-element_type=\"column\">\n\t\t\t<div class=\"elementor-widget-wrap elementor-element-populated\">\n\t\t\t\t\t\t<div class=\"elementor-element elementor-element-b8f296f elementor-widget elementor-widget-w24\" data-id=\"b8f296f\" data-element_type=\"widget\" data-widget_type=\"w24.default\">\n\t\t\t\t<div class=\"elementor-widget-container\">\n\t\t\t<section>\n                    <div class=\"mn-grid\">\n                        <a href=\"https:\/\/www.sggw.edu.pl\/rekrutacja\/\" class=\"mn-grid-12 btn color-1\"><span class=\"txt\">REKRUTACJA<\/span><\/a>\n                    <\/div>\n                <\/section>\t\t<\/div>\n\t\t\t\t<\/div>\n\t\t\t\t\t<\/div>\n\t\t<\/div>\n\t\t\t\t<div class=\"elementor-column elementor-col-50 elementor-top-column elementor-element elementor-element-6b0165b\" data-id=\"6b0165b\" data-element_type=\"column\">\n\t\t\t<div class=\"elementor-widget-wrap elementor-element-populated\">\n\t\t\t\t\t\t<div class=\"elementor-element elementor-element-189493d elementor-widget elementor-widget-w24\" data-id=\"189493d\" data-element_type=\"widget\" data-widget_type=\"w24.default\">\n\t\t\t\t<div class=\"elementor-widget-container\">\n\t\t\t<section>\n                    <div class=\"mn-grid\">\n                        <a href=\"https:\/\/www.sggw.edu.pl\/studia\/#oferta\" class=\"mn-grid-12 btn color-1\"><span class=\"txt\">KIERUNKI STUDI\u00d3W<\/span><\/a>\n                    <\/div>\n                <\/section>\t\t<\/div>\n\t\t\t\t<\/div>\n\t\t\t\t\t<\/div>\n\t\t<\/div>\n\t\t\t\t\t<\/div>\n\t\t<\/section>\n\t\t\t\t<\/div>\n\t\t","protected":false},"excerpt":{"rendered":"","protected":false},"author":6,"featured_media":0,"parent":0,"menu_order":0,"comment_status":"closed","ping_status":"closed","template":"","meta":{"_acf_changed":false,"footnotes":""},"class_list":["post-144484","page","type-page","status-publish","hentry"],"acf":[],"_links":{"self":[{"href":"https:\/\/www.sggw.edu.pl\/en\/wp-json\/wp\/v2\/pages\/144484","targetHints":{"allow":["GET"]}}],"collection":[{"href":"https:\/\/www.sggw.edu.pl\/en\/wp-json\/wp\/v2\/pages"}],"about":[{"href":"https:\/\/www.sggw.edu.pl\/en\/wp-json\/wp\/v2\/types\/page"}],"author":[{"embeddable":true,"href":"https:\/\/www.sggw.edu.pl\/en\/wp-json\/wp\/v2\/users\/6"}],"replies":[{"embeddable":true,"href":"https:\/\/www.sggw.edu.pl\/en\/wp-json\/wp\/v2\/comments?post=144484"}],"version-history":[{"count":1,"href":"https:\/\/www.sggw.edu.pl\/en\/wp-json\/wp\/v2\/pages\/144484\/revisions"}],"predecessor-version":[{"id":144485,"href":"https:\/\/www.sggw.edu.pl\/en\/wp-json\/wp\/v2\/pages\/144484\/revisions\/144485"}],"wp:attachment":[{"href":"https:\/\/www.sggw.edu.pl\/en\/wp-json\/wp\/v2\/media?parent=144484"}],"curies":[{"name":"wp","href":"https:\/\/api.w.org\/{rel}","templated":true}]}}