{"id":14759,"date":"2021-01-26T13:47:02","date_gmt":"2021-01-26T12:47:02","guid":{"rendered":"https:\/\/www.sggw.edu.pl\/sggw-anthem\/"},"modified":"2021-07-16T11:21:58","modified_gmt":"2021-07-16T09:21:58","slug":"sggw-anthem","status":"publish","type":"page","link":"https:\/\/www.sggw.edu.pl\/en\/university\/tradition-and-history-of-the-university\/sggw-anthem\/","title":{"rendered":"SGGW Anthem"},"content":{"rendered":"\t\t<div data-elementor-type=\"wp-page\" data-elementor-id=\"14759\" class=\"elementor elementor-14759\" data-elementor-post-type=\"page\">\n\t\t\t\t\t\t<section class=\"elementor-section elementor-top-section elementor-element elementor-element-6db4b881 elementor-section-boxed elementor-section-height-default elementor-section-height-default\" data-id=\"6db4b881\" data-element_type=\"section\">\n\t\t\t\t\t\t<div class=\"elementor-container elementor-column-gap-default\">\n\t\t\t\t\t<div class=\"elementor-column elementor-col-100 elementor-top-column elementor-element elementor-element-6e731853\" data-id=\"6e731853\" data-element_type=\"column\">\n\t\t\t<div class=\"elementor-widget-wrap elementor-element-populated\">\n\t\t\t\t\t\t<div class=\"elementor-element elementor-element-3d1a47d3 elementor-widget elementor-widget-wp-widget-bcn_widget\" data-id=\"3d1a47d3\" data-element_type=\"widget\" data-widget_type=\"wp-widget-bcn_widget.default\">\n\t\t\t\t<div class=\"elementor-widget-container\">\n\t\t\t<div class=\"mn-grid breadcrumb\">\n                                    <div class=\"breadcrumb-inner mn-grid-12\"><div class=\"breadcrumbs\" vocab=\"https:\/\/schema.org\/\" typeof=\"BreadcrumbList\"><span property=\"itemListElement\" typeof=\"ListItem\"><a property=\"item\" typeof=\"WebPage\" title=\"Go to Szko\u0142a G\u0142\u00f3wna Gospodarstwa Wiejskiego w Warszawie.\" href=\"https:\/\/www.sggw.edu.pl\/en\/\" class=\"home\" aria-current=\"page\"><span property=\"name\">Home<\/span><\/a><meta property=\"position\" content=\"1\"><\/span><\/div>    <\/div>\n                                <\/div>\t\t<\/div>\n\t\t\t\t<\/div>\n\t\t\t\t<div class=\"elementor-element elementor-element-4bdc10c1 elementor-widget elementor-widget-post-title\" data-id=\"4bdc10c1\" data-element_type=\"widget\" data-widget_type=\"post-title.default\">\n\t\t\t\t<div class=\"elementor-widget-container\">\n\t\t\t<section>\n                    <div class=\"mn-grid entry-header-inner section-inner medium\">\n                        <h1 class=\"mn-grid-12 entry-title\" style=\"\">\n                            SGGW Anthem\n                        <\/h1>\n                    <\/div>\n                <\/section>\t\t<\/div>\n\t\t\t\t<\/div>\n\t\t\t\t<div class=\"elementor-element elementor-element-29c989df elementor-widget elementor-widget-w33\" data-id=\"29c989df\" data-element_type=\"widget\" data-widget_type=\"w33.default\">\n\t\t\t\t<div class=\"elementor-widget-container\">\n\t\t\t<section>\n            <div class=\"mn-grid\">\n                <div class=\"mn-vertical-separator-x2\">\n                    \n                <\/div>\n            <\/section>\t\t<\/div>\n\t\t\t\t<\/div>\n\t\t\t\t<section class=\"elementor-section elementor-inner-section elementor-element elementor-element-5c1156c elementor-section-boxed elementor-section-height-default elementor-section-height-default\" data-id=\"5c1156c\" data-element_type=\"section\">\n\t\t\t\t\t\t<div class=\"elementor-container elementor-column-gap-default\">\n\t\t\t\t\t<div class=\"elementor-column elementor-col-50 elementor-inner-column elementor-element elementor-element-2536404\" data-id=\"2536404\" data-element_type=\"column\">\n\t\t\t<div class=\"elementor-widget-wrap elementor-element-populated\">\n\t\t\t\t\t\t<div class=\"elementor-element elementor-element-1904912 elementor-widget elementor-widget-w1_2_3\" data-id=\"1904912\" data-element_type=\"widget\" data-widget_type=\"w1_2_3.default\">\n\t\t\t\t<div class=\"elementor-widget-container\">\n\t\t\t<section>\n                    <div class=\"mn-grid\">\n                        <h3  class=\"mn-grid-12 mn-section-title2\">\n                            Warsaw University of Life Sciences National Anthem\n                        <\/h3>\n                    <\/div>\n                <\/section>\t\t<\/div>\n\t\t\t\t<\/div>\n\t\t\t\t\t<\/div>\n\t\t<\/div>\n\t\t\t\t<div class=\"elementor-column elementor-col-50 elementor-inner-column elementor-element elementor-element-a87791a\" data-id=\"a87791a\" data-element_type=\"column\">\n\t\t\t<div class=\"elementor-widget-wrap elementor-element-populated\">\n\t\t\t\t\t\t<div class=\"elementor-element elementor-element-839581a elementor-widget elementor-widget-w12\" data-id=\"839581a\" data-element_type=\"widget\" data-widget_type=\"w12.default\">\n\t\t\t\t<div class=\"elementor-widget-container\">\n\t\t\t<section>\n                <div class=\"mn-grid\">\n                    <div class=\"mn-grid-12 mn-mod-text-links\">\n                        <p>Warsaw University of Life Sciences Senate unanimously adopted a resolution on the establishment of the SGGW Anthem during its meeting on 27 June 2016. The author of the anthem of the Warsaw University of Life Sciences is Marianna Olszewska, and the author of the music and arrangement is Miko\u0142aj G\u0105siorek.<\/p>\n                    <\/div>\n                <\/div>\n            <\/section>\t\t<\/div>\n\t\t\t\t<\/div>\n\t\t\t\t\t<\/div>\n\t\t<\/div>\n\t\t\t\t\t<\/div>\n\t\t<\/section>\n\t\t\t\t\t<\/div>\n\t\t<\/div>\n\t\t\t\t\t<\/div>\n\t\t<\/section>\n\t\t\t\t<section class=\"elementor-section elementor-top-section elementor-element elementor-element-684ac04 elementor-section-boxed elementor-section-height-default elementor-section-height-default\" data-id=\"684ac04\" data-element_type=\"section\">\n\t\t\t\t\t\t<div class=\"elementor-container elementor-column-gap-default\">\n\t\t\t\t\t<div class=\"elementor-column elementor-col-100 elementor-top-column elementor-element elementor-element-74b4a3a\" data-id=\"74b4a3a\" data-element_type=\"column\">\n\t\t\t<div class=\"elementor-widget-wrap elementor-element-populated\">\n\t\t\t\t\t\t<div class=\"elementor-element elementor-element-b73a4c1 elementor-widget elementor-widget-w33\" data-id=\"b73a4c1\" data-element_type=\"widget\" data-widget_type=\"w33.default\">\n\t\t\t\t<div class=\"elementor-widget-container\">\n\t\t\t<section>\n            <div class=\"mn-grid\">\n                <div class=\"mn-vertical-separator-x2\">\n                    \n                <\/div>\n            <\/section>\t\t<\/div>\n\t\t\t\t<\/div>\n\t\t\t\t<div class=\"elementor-element elementor-element-8b8c0d2 elementor-widget elementor-widget-w12\" data-id=\"8b8c0d2\" data-element_type=\"widget\" data-widget_type=\"w12.default\">\n\t\t\t\t<div class=\"elementor-widget-container\">\n\t\t\t<section>\n                <div class=\"mn-grid\">\n                    <div class=\"mn-grid-12 mn-mod-text-links\">\n                        <p><iframe title=\"Hymn Szko\u0142y G\u0142\u00f3wnej Gospodarstwa Wiejskiego w Warszawie\" width=\"580\" height=\"326\" src=\"https:\/\/www.youtube.com\/embed\/t09m3mkPHoc?feature=oembed\" frameborder=\"0\" allow=\"accelerometer; autoplay; clipboard-write; encrypted-media; gyroscope; picture-in-picture; web-share\" referrerpolicy=\"strict-origin-when-cross-origin\" allowfullscreen><\/iframe><\/p>\n\n                    <\/div>\n                <\/div>\n            <\/section>\t\t<\/div>\n\t\t\t\t<\/div>\n\t\t\t\t\t<\/div>\n\t\t<\/div>\n\t\t\t\t\t<\/div>\n\t\t<\/section>\n\t\t\t\t<section class=\"elementor-section elementor-top-section elementor-element elementor-element-08e1278 elementor-section-boxed elementor-section-height-default elementor-section-height-default\" data-id=\"08e1278\" data-element_type=\"section\">\n\t\t\t\t\t\t<div class=\"elementor-container elementor-column-gap-default\">\n\t\t\t\t\t<div class=\"elementor-column elementor-col-100 elementor-top-column elementor-element elementor-element-5bcd822\" data-id=\"5bcd822\" data-element_type=\"column\">\n\t\t\t<div class=\"elementor-widget-wrap elementor-element-populated\">\n\t\t\t\t\t\t<div class=\"elementor-element elementor-element-d02097c elementor-widget elementor-widget-w33\" data-id=\"d02097c\" data-element_type=\"widget\" data-widget_type=\"w33.default\">\n\t\t\t\t<div class=\"elementor-widget-container\">\n\t\t\t<section>\n            <div class=\"mn-grid\">\n                <div class=\"mn-vertical-separator-x2\">\n                    \n                <\/div>\n            <\/section>\t\t<\/div>\n\t\t\t\t<\/div>\n\t\t\t\t<div class=\"elementor-element elementor-element-f7b5f6b elementor-widget elementor-widget-w12\" data-id=\"f7b5f6b\" data-element_type=\"widget\" data-widget_type=\"w12.default\">\n\t\t\t\t<div class=\"elementor-widget-container\">\n\t\t\t<section>\n                <div class=\"mn-grid\">\n                    <div class=\"mn-grid-12 mn-mod-text-links\">\n                        <p style=\"text-align: center\">The lyrics of the anthem in Polish:<\/p><p style=\"text-align: center\">Szcz\u0119\u015bliwi i pe\u0142ni rado\u015bci<br \/>I wiedzy jak chleba spragnieni,<br \/>Czerpiemy tu wzory z przesz\u0142o\u015bci<br \/>Cho\u0107 w gwiazd\u0119 przysz\u0142o\u015bci wpatrzeni.<\/p><p style=\"text-align: center\">\u00a0<\/p><p style=\"text-align: center\">SGGW to Alma Mater nasza<br \/>A dla Polak\u00f3w lepszego \u017cycia znak,<br \/>Chwalebnej si\u0119gaj\u0105c historii,<br \/>Przysz\u0142o\u015bci jasnej wytycza szlak.<br \/>SGGW to Alma Mater nasza<br \/>M\u0142odo\u015bci\u0105 t\u0119tni i gwarem rozbrzmiewa,<br \/>M\u0142odzie\u017c \u2013 s\u00f3l ziemi w progi swe zaprasza,<br \/>My\u015bl \u015bwiat\u0142\u0105 na ca\u0142y kraj rozlewa.<\/p><p style=\"text-align: center\">\u00a0<\/p><p style=\"text-align: center\">To tutaj uczymy si\u0119 \u017cycia<br \/>\u015aladami swych Mistrz\u00f3w kroczymy<br \/>K\u0142aniamy si\u0119 tym, co sw\u0105 wiedz\u0105<br \/>I ludziom chc\u0105 s\u0142u\u017cy\u0107, i ziemi.<\/p><p style=\"text-align: center\">\u00a0<\/p><p style=\"text-align: center\">SGGW to Alma Mater nasza<br \/>A dla Polak\u00f3w lepszego \u017cycia znak;<br \/>Chwalebnej si\u0119gaj\u0105c historii,<br \/>Przysz\u0142o\u015bci jasnej wytycza szlak.<br \/>SGGW to Alma Mater nasza<br \/>M\u0142odo\u015bci\u0105 t\u0119tni i gwarem rozbrzmiewa,<br \/>M\u0142odzie\u017c \u2013 s\u00f3l ziemi w progi swe zaprasza,<br \/>My\u015bl \u015bwiat\u0142\u0105 na ca\u0142y kraj rozlewa.<\/p><p style=\"text-align: center\">\u00a0<\/p><p style=\"text-align: center\">Tak pe\u0142ni \u015bwi\u0119tego zapa\u0142u,<br \/>Tak pe\u0142ni m\u0142odzie\u0144czej rado\u015bci<br \/>My chcemy wie\u015b polsk\u0105 prowadzi\u0107<br \/>Sw\u0105 wiedz\u0105 ku nowoczesno\u015bci.<\/p><p style=\"text-align: center\">\u00a0<\/p><p style=\"text-align: center\">SGGW to Alma Mater nasza<br \/>A dla Polak\u00f3w lepszego \u017cycia znak;<br \/>Chwalebnej si\u0119gaj\u0105c historii,<br \/>Przysz\u0142o\u015bci jasnej wytycza szlak.<br \/>SGGW to Alma Mater nasza<br \/>M\u0142odo\u015bci\u0105 t\u0119tni i gwarem rozbrzmiewa,<br \/>M\u0142odzie\u017c \u2013 s\u00f3l ziemi w progi swe zaprasza,<br \/>My\u015bl \u015bwiat\u0142\u0105 na ca\u0142y kraj rozlewa.<\/p><p style=\"text-align: center\">\u00a0<\/p>\n                    <\/div>\n                <\/div>\n            <\/section>\t\t<\/div>\n\t\t\t\t<\/div>\n\t\t\t\t\t<\/div>\n\t\t<\/div>\n\t\t\t\t\t<\/div>\n\t\t<\/section>\n\t\t\t\t<section class=\"elementor-section elementor-top-section elementor-element elementor-element-9ca30bc elementor-section-boxed elementor-section-height-default elementor-section-height-default\" data-id=\"9ca30bc\" data-element_type=\"section\">\n\t\t\t\t\t\t<div class=\"elementor-container elementor-column-gap-default\">\n\t\t\t\t\t<div class=\"elementor-column elementor-col-100 elementor-top-column elementor-element elementor-element-7548fb9\" data-id=\"7548fb9\" data-element_type=\"column\">\n\t\t\t<div class=\"elementor-widget-wrap elementor-element-populated\">\n\t\t\t\t\t\t<div class=\"elementor-element elementor-element-ae26f0f elementor-widget elementor-widget-w33\" data-id=\"ae26f0f\" data-element_type=\"widget\" data-widget_type=\"w33.default\">\n\t\t\t\t<div class=\"elementor-widget-container\">\n\t\t\t<section>\n            <div class=\"mn-grid\">\n                <div class=\"mn-vertical-separator\">\n                    \n                <\/div>\n            <\/section>\t\t<\/div>\n\t\t\t\t<\/div>\n\t\t\t\t<div class=\"elementor-element elementor-element-af4a6c8 elementor-widget elementor-widget-w7\" data-id=\"af4a6c8\" data-element_type=\"widget\" data-widget_type=\"w7.default\">\n\t\t\t\t<div class=\"elementor-widget-container\">\n\t\t\t<section>\n                <div class=\"mn-grid\">\n                    <div class=\"mn-grid-12 mn-horizontal-separator-grey\"><\/div>\n                <\/div>\n                <\/section>\t\t<\/div>\n\t\t\t\t<\/div>\n\t\t\t\t<div class=\"elementor-element elementor-element-07328cc elementor-widget elementor-widget-w33\" data-id=\"07328cc\" data-element_type=\"widget\" data-widget_type=\"w33.default\">\n\t\t\t\t<div class=\"elementor-widget-container\">\n\t\t\t<section>\n            <div class=\"mn-grid\">\n                <div class=\"mn-vertical-separator\">\n                    \n                <\/div>\n            <\/section>\t\t<\/div>\n\t\t\t\t<\/div>\n\t\t\t\t\t<\/div>\n\t\t<\/div>\n\t\t\t\t\t<\/div>\n\t\t<\/section>\n\t\t\t\t<section class=\"elementor-section elementor-top-section elementor-element elementor-element-f52e865 elementor-section-boxed elementor-section-height-default elementor-section-height-default\" data-id=\"f52e865\" data-element_type=\"section\">\n\t\t\t\t\t\t<div class=\"elementor-container elementor-column-gap-default\">\n\t\t\t\t\t<div class=\"elementor-column elementor-col-100 elementor-top-column elementor-element elementor-element-7e79b44\" data-id=\"7e79b44\" data-element_type=\"column\">\n\t\t\t<div class=\"elementor-widget-wrap elementor-element-populated\">\n\t\t\t\t\t\t<div class=\"elementor-element elementor-element-a9e6e64 elementor-widget elementor-widget-w12\" data-id=\"a9e6e64\" data-element_type=\"widget\" data-widget_type=\"w12.default\">\n\t\t\t\t<div class=\"elementor-widget-container\">\n\t\t\t<section>\n                <div class=\"mn-grid\">\n                    <div class=\"mn-grid-12 mn-mod-text-links\">\n                        <p>Music and arrangement: Miko\u0142aj G\u0105siorek<br \/>Text: Marianna Olszewska<\/p>\n<p>recording of 21.06.2016<br \/>SGGW Crystal Hall in Warsaw<br \/>Performers: SGGW Chamber Choir in Warsaw under the direction of Pawe\u0142 Choina<br \/>Violin: Nicholas G\u0105siorek<br \/>Piano: Mateusz Chmielewski<br \/>double bass: Michal Zu\u0142<br \/>recording and sound realization: Alicja Nowak<\/p>\n\n                    <\/div>\n                <\/div>\n            <\/section>\t\t<\/div>\n\t\t\t\t<\/div>\n\t\t\t\t\t<\/div>\n\t\t<\/div>\n\t\t\t\t\t<\/div>\n\t\t<\/section>\n\t\t\t\t<\/div>\n\t\t","protected":false},"excerpt":{"rendered":"<p>SGGW Anthem Warsaw University of Life Sciences National Anthem Warsaw University of Life Sciences Senate unanimously adopted a resolution on the establishment of the SGGW Anthem during its meeting on 27 June 2016. The author of the anthem of the Warsaw University of Life Sciences is Marianna Olszewska, and the author of the music and [&hellip;]<\/p>\n","protected":false},"author":1,"featured_media":0,"parent":15997,"menu_order":0,"comment_status":"closed","ping_status":"closed","template":"","meta":{"_acf_changed":false,"footnotes":""},"class_list":["post-14759","page","type-page","status-publish","hentry"],"acf":[],"_links":{"self":[{"href":"https:\/\/www.sggw.edu.pl\/en\/wp-json\/wp\/v2\/pages\/14759","targetHints":{"allow":["GET"]}}],"collection":[{"href":"https:\/\/www.sggw.edu.pl\/en\/wp-json\/wp\/v2\/pages"}],"about":[{"href":"https:\/\/www.sggw.edu.pl\/en\/wp-json\/wp\/v2\/types\/page"}],"author":[{"embeddable":true,"href":"https:\/\/www.sggw.edu.pl\/en\/wp-json\/wp\/v2\/users\/1"}],"replies":[{"embeddable":true,"href":"https:\/\/www.sggw.edu.pl\/en\/wp-json\/wp\/v2\/comments?post=14759"}],"version-history":[{"count":10,"href":"https:\/\/www.sggw.edu.pl\/en\/wp-json\/wp\/v2\/pages\/14759\/revisions"}],"predecessor-version":[{"id":88871,"href":"https:\/\/www.sggw.edu.pl\/en\/wp-json\/wp\/v2\/pages\/14759\/revisions\/88871"}],"up":[{"embeddable":true,"href":"https:\/\/www.sggw.edu.pl\/en\/wp-json\/wp\/v2\/pages\/15997"}],"wp:attachment":[{"href":"https:\/\/www.sggw.edu.pl\/en\/wp-json\/wp\/v2\/media?parent=14759"}],"curies":[{"name":"wp","href":"https:\/\/api.w.org\/{rel}","templated":true}]}}