{"id":14764,"date":"2021-01-26T13:47:03","date_gmt":"2021-01-26T12:47:03","guid":{"rendered":"https:\/\/www.sggw.edu.pl\/structure-of-the-university\/university-authorities\/rector\/"},"modified":"2024-09-20T16:02:31","modified_gmt":"2024-09-20T14:02:31","slug":"rector","status":"publish","type":"page","link":"https:\/\/www.sggw.edu.pl\/en\/university\/structure-of-the-university\/university-authorities\/rector\/","title":{"rendered":"Rector"},"content":{"rendered":"\t\t<div data-elementor-type=\"wp-page\" data-elementor-id=\"14764\" class=\"elementor elementor-14764\" data-elementor-post-type=\"page\">\n\t\t\t\t\t\t<section class=\"elementor-section elementor-top-section elementor-element elementor-element-535887e elementor-section-boxed elementor-section-height-default elementor-section-height-default\" data-id=\"535887e\" data-element_type=\"section\">\n\t\t\t\t\t\t<div class=\"elementor-container elementor-column-gap-default\">\n\t\t\t\t\t<div class=\"elementor-column elementor-col-100 elementor-top-column elementor-element elementor-element-44967156\" data-id=\"44967156\" data-element_type=\"column\">\n\t\t\t<div class=\"elementor-widget-wrap elementor-element-populated\">\n\t\t\t\t\t\t<div class=\"elementor-element elementor-element-51ff4bf4 elementor-widget elementor-widget-wp-widget-bcn_widget\" data-id=\"51ff4bf4\" data-element_type=\"widget\" data-widget_type=\"wp-widget-bcn_widget.default\">\n\t\t\t\t<div class=\"elementor-widget-container\">\n\t\t\t<div class=\"mn-grid breadcrumb\">\n                                    <div class=\"breadcrumb-inner mn-grid-12\"><div class=\"breadcrumbs\" vocab=\"https:\/\/schema.org\/\" typeof=\"BreadcrumbList\"><span property=\"itemListElement\" typeof=\"ListItem\"><a property=\"item\" typeof=\"WebPage\" title=\"Go to Szko\u0142a G\u0142\u00f3wna Gospodarstwa Wiejskiego w Warszawie.\" href=\"https:\/\/www.sggw.edu.pl\/en\/\" class=\"home\" aria-current=\"page\"><span property=\"name\">Home<\/span><\/a><meta property=\"position\" content=\"1\"><\/span><\/div>    <\/div>\n                                <\/div>\t\t<\/div>\n\t\t\t\t<\/div>\n\t\t\t\t<div class=\"elementor-element elementor-element-002a6b3 elementor-widget elementor-widget-w1_2_3\" data-id=\"002a6b3\" data-element_type=\"widget\" data-widget_type=\"w1_2_3.default\">\n\t\t\t\t<div class=\"elementor-widget-container\">\n\t\t\t<section>\n                <div class=\"mn-grid\">\n                    <h2  class=\"mn-grid-12\">\n                        Rector of SGGW\n                    <\/h2>\n                <\/div>\n            <\/section>\t\t<\/div>\n\t\t\t\t<\/div>\n\t\t\t\t\t<\/div>\n\t\t<\/div>\n\t\t\t\t\t<\/div>\n\t\t<\/section>\n\t\t\t\t<section class=\"elementor-section elementor-top-section elementor-element elementor-element-6dd8dba elementor-section-boxed elementor-section-height-default elementor-section-height-default\" data-id=\"6dd8dba\" data-element_type=\"section\">\n\t\t\t\t\t\t<div class=\"elementor-container elementor-column-gap-default\">\n\t\t\t\t\t<div class=\"elementor-column elementor-col-33 elementor-top-column elementor-element elementor-element-b80282e\" data-id=\"b80282e\" data-element_type=\"column\">\n\t\t\t<div class=\"elementor-widget-wrap elementor-element-populated\">\n\t\t\t\t\t\t<div class=\"elementor-element elementor-element-cfc8c5d elementor-widget elementor-widget-image\" data-id=\"cfc8c5d\" data-element_type=\"widget\" data-widget_type=\"image.default\">\n\t\t\t\t<div class=\"elementor-widget-container\">\n\t\t\t\t\t\t\t\t\t\t\t\t\t<img fetchpriority=\"high\" decoding=\"async\" width=\"580\" height=\"892\" src=\"https:\/\/www.sggw.edu.pl\/wp-content\/uploads\/2024\/09\/Prof-dr-hab-Michal-Jerzy-Zasada-Rektor-SGGW-666x1024.jpg\" class=\"attachment-large size-large wp-image-215309\" alt=\"prof. dr hab. Micha\u0142 Jerzy Zasada\nRektor SGGW\" srcset=\"https:\/\/www.sggw.edu.pl\/wp-content\/uploads\/2024\/09\/Prof-dr-hab-Michal-Jerzy-Zasada-Rektor-SGGW-666x1024.jpg 666w, https:\/\/www.sggw.edu.pl\/wp-content\/uploads\/2024\/09\/Prof-dr-hab-Michal-Jerzy-Zasada-Rektor-SGGW-195x300.jpg 195w, https:\/\/www.sggw.edu.pl\/wp-content\/uploads\/2024\/09\/Prof-dr-hab-Michal-Jerzy-Zasada-Rektor-SGGW-768x1180.jpg 768w, https:\/\/www.sggw.edu.pl\/wp-content\/uploads\/2024\/09\/Prof-dr-hab-Michal-Jerzy-Zasada-Rektor-SGGW.jpg 831w\" sizes=\"(max-width: 580px) 100vw, 580px\" \/>\t\t\t\t\t\t\t\t\t\t\t\t\t<\/div>\n\t\t\t\t<\/div>\n\t\t\t\t\t<\/div>\n\t\t<\/div>\n\t\t\t\t<div class=\"elementor-column elementor-col-66 elementor-top-column elementor-element elementor-element-da80500\" data-id=\"da80500\" data-element_type=\"column\">\n\t\t\t<div class=\"elementor-widget-wrap elementor-element-populated\">\n\t\t\t\t\t\t<div class=\"elementor-element elementor-element-0d562ce elementor-widget elementor-widget-w1_2_3\" data-id=\"0d562ce\" data-element_type=\"widget\" data-widget_type=\"w1_2_3.default\">\n\t\t\t\t<div class=\"elementor-widget-container\">\n\t\t\t<section>\n                <div class=\"mn-grid\">\n                    <h2  class=\"mn-grid-12\">\n                        Prof. Dr. Micha\u0142 Jerzy Zasada\n                    <\/h2>\n                <\/div>\n            <\/section>\t\t<\/div>\n\t\t\t\t<\/div>\n\t\t\t\t<div class=\"elementor-element elementor-element-59b1080 elementor-widget elementor-widget-w1_2_3\" data-id=\"59b1080\" data-element_type=\"widget\" data-widget_type=\"w1_2_3.default\">\n\t\t\t\t<div class=\"elementor-widget-container\">\n\t\t\t<section>\n                    <div class=\"mn-grid\">\n                        <h3  class=\"mn-grid-12 mn-section-title2\">\n                            Rector of the Warsaw University of Life Sciences\n                        <\/h3>\n                    <\/div>\n                <\/section>\t\t<\/div>\n\t\t\t\t<\/div>\n\t\t\t\t\t<\/div>\n\t\t<\/div>\n\t\t\t\t\t<\/div>\n\t\t<\/section>\n\t\t\t\t<section class=\"elementor-section elementor-top-section elementor-element elementor-element-a6c2286 elementor-section-boxed elementor-section-height-default elementor-section-height-default\" data-id=\"a6c2286\" data-element_type=\"section\">\n\t\t\t\t\t\t<div class=\"elementor-container elementor-column-gap-default\">\n\t\t\t\t\t<div class=\"elementor-column elementor-col-100 elementor-top-column elementor-element elementor-element-54232d3\" data-id=\"54232d3\" data-element_type=\"column\">\n\t\t\t<div class=\"elementor-widget-wrap elementor-element-populated\">\n\t\t\t\t\t\t<div class=\"elementor-element elementor-element-e40e2b2 elementor-widget elementor-widget-w33\" data-id=\"e40e2b2\" data-element_type=\"widget\" data-widget_type=\"w33.default\">\n\t\t\t\t<div class=\"elementor-widget-container\">\n\t\t\t<section>\n            <div class=\"mn-grid\">\n                <div class=\"mn-vertical-separator-x2\">\n                    \n                <\/div>\n            <\/section>\t\t<\/div>\n\t\t\t\t<\/div>\n\t\t\t\t\t<\/div>\n\t\t<\/div>\n\t\t\t\t\t<\/div>\n\t\t<\/section>\n\t\t\t\t<section class=\"elementor-section elementor-top-section elementor-element elementor-element-4b40f91 elementor-section-boxed elementor-section-height-default elementor-section-height-default\" data-id=\"4b40f91\" data-element_type=\"section\">\n\t\t\t\t\t\t<div class=\"elementor-container elementor-column-gap-default\">\n\t\t\t\t\t<div class=\"elementor-column elementor-col-100 elementor-top-column elementor-element elementor-element-9d78cca\" data-id=\"9d78cca\" data-element_type=\"column\">\n\t\t\t<div class=\"elementor-widget-wrap elementor-element-populated\">\n\t\t\t\t\t\t<div class=\"elementor-element elementor-element-0799325 elementor-widget elementor-widget-w12\" data-id=\"0799325\" data-element_type=\"widget\" data-widget_type=\"w12.default\">\n\t\t\t\t<div class=\"elementor-widget-container\">\n\t\t\t<section>\n                <div class=\"mn-grid\">\n                    <div class=\"mn-grid-12 mn-mod-text-links\">\n                        <p><strong>Micha\u0142 Jerzy Zasada <\/strong>was born on 16 December 1969 in Wroc\u0142aw. In 1993, he graduated from the Warsaw University of Life Sciences (SGGW) Faculty of Forestry with second-degree engineer diploma in Forestry. Immediately after the studies, he started work at the Department of Forest Productivity. He received the degree of Doctor of Forestry Sciences in 1998; the postdoctoral degree in Forestry Sciences in the field of Forestry, Woodland Management, in 2008; and the title of Professor of Forestry Sciences in 2014.<\/p><p>While working at SGGW, he held such positions as Deputy Dean for Teaching (2005\u20132008), Dean of the Faculty of Forestry (2008\u20132012), Deputy Dean for Science (2012\u20132016), Associate Professor and Head at the Independent Laboratory of Dendrometry and Forest Productivity Science (since 2010) and Chair of the Senate Committee on Teaching and Education (2008\u20132012). In 2009\u20132011, he was a\u00a0member of the Scientific Advisory Panel to the Director General of the State Forests and in 2011\u20132015 a member and Vice-Chair of the Polish Academy of Sciences Committee on Forest Sciences. In 2012\u20132016, he was a\u00a0member of the Scientific Council of the Forest Research Institute in S\u0119kocin Stary. In 2013\u20132018, he was the financial auditor of the European Forest Institute (EFI). He was a\u00a0member of programme councils of journals <em>Folia Forestalia Polonica<\/em>, <em>Open Forest Science Journal<\/em> and <em>Studia i Materia\u0142y Centrum Edukacji Przyrodniczo-Le\u015bnej w\u00a0Rogowie<\/em> (2008\u20132012). In 2001\u20132004, he held a postdoctoral fellowship at the D.B. Warnell School of Forest and Natural Resources at the University of Georgia, USA, dealing mainly with modelling the effects of economic and environmental changes and their impact on the changes in forest resources. He held the position of adjunct assistant professor at the University of Georgia, USA, from 2004 to 2012. He is currently a\u00a0professor in the Department of Dendrometry and Forest Productivity Science.<\/p><p>Prof. Micha\u0142 Zasada\u2019s research interests focus mainly on dendrometry, forest productivity science and woodland management, especially modelling of tree and tree stand growth, modern forest measurement methods and application of decision support systems in forest management planning. He is the author of more than 120\u00a0scientific publications, including more than 50 in journals with impact factor.<\/p><p>As a manager or main contractor, he was involved in research funded by national (the State Committee for Scientific Research, the Polish National Science Centre, the National Centre for Research and Development and the Directorate General of State Forests) and international (Seventh Framework Programme and Horizon 2020) funds. As an expert, he evaluated research projects funded by FP7 and COST. He was an expert in teaching projects funded by the Tempus Programme and Norway Grants, as well as an expert in the accreditation board evaluating three universities in Kyrgyzstan. He lectured at the Saken Seifullin Kazakh Agrotechnical University in Nur-Sultan, Kazakhstan, and Agricultural University of Georgia in Tbilisi, Georgia, and provided woodland management training to Georgian foresters.<\/p><p>He reviewed articles in numerous national and international journals, including <em>Forest Science<\/em>, <em>Journal of Forestry<\/em>, <em>Forest Ecology and Management<\/em>, <em>Annals of Forest Science<\/em>, <em>Canadian Journal of Forest Research<\/em>, <em>Silva Fennica<\/em>, <em>Sylwan<\/em>, <em>Biometrical Letters<\/em>, <em>Folia Forestalia Polonica<\/em>, <em>Annals of Geomatics<\/em>, <em>Remote Sensing of Environment <\/em>and <em>Mathematical Biosciences<\/em>.<\/p><p>He was a supervisor of four completed doctoral procedures concerning the influence of habitat conditions on the radial growth of Norway spruce in north-eastern Poland and Baltic countries, dendroecology of Schrenk\u2019s spruce in Kyrgyzstan and history, status and perspectives of introduction of Douglas fir in Poland and western red cedar in Germany. He was a reviewer in four postdoctoral procedures and six doctoral procedures. He acted as an opponent in a doctoral procedure at the University of Eastern Finland. Currently, he is a research supervisor of three doctoral students.<\/p><p>Prof. Micha\u0142 Zasada is the Vice-Chair of the Conference of Rectors of Academic Schools in Poland. He is a member of the board of CASEE, the ICA Regional Network for Central and South Eastern Europe, the programme council of the <em>Austrian Journal of Forest Science<\/em> and the Council for Agriculture and Rural Areas to the President of the Republic of Poland. He is a member of the Polish Academy of Sciences Committee on Forest Sciences and Wood Technology and the Polish Forestry Association.<\/p><p>For his research and organisational activities, he has repeatedly received SGGW Rector Awards. He received the Silver Medal for Long Service in 2015 and the Silver Cross of Merit in 2018.<\/p><p>Languages: English and Russian.<\/p><p>Hobbies: ham radio, travelling and computers. Married, with three children.<\/p>\n                    <\/div>\n                <\/div>\n            <\/section>\t\t<\/div>\n\t\t\t\t<\/div>\n\t\t\t\t\t<\/div>\n\t\t<\/div>\n\t\t\t\t\t<\/div>\n\t\t<\/section>\n\t\t\t\t<\/div>\n\t\t","protected":false},"excerpt":{"rendered":"<p>Rector of SGGW Prof. Dr. Micha\u0142 Jerzy Zasada Rector of the Warsaw University of Life Sciences Micha\u0142 Jerzy Zasada was born on 16 December 1969 in Wroc\u0142aw. In 1993, he graduated from the Warsaw University of Life Sciences (SGGW) Faculty of Forestry with second-degree engineer diploma in Forestry. Immediately after the studies, he started work [&hellip;]<\/p>\n","protected":false},"author":1,"featured_media":0,"parent":14760,"menu_order":0,"comment_status":"closed","ping_status":"closed","template":"","meta":{"_acf_changed":false,"footnotes":""},"class_list":["post-14764","page","type-page","status-publish","hentry"],"acf":[],"_links":{"self":[{"href":"https:\/\/www.sggw.edu.pl\/en\/wp-json\/wp\/v2\/pages\/14764","targetHints":{"allow":["GET"]}}],"collection":[{"href":"https:\/\/www.sggw.edu.pl\/en\/wp-json\/wp\/v2\/pages"}],"about":[{"href":"https:\/\/www.sggw.edu.pl\/en\/wp-json\/wp\/v2\/types\/page"}],"author":[{"embeddable":true,"href":"https:\/\/www.sggw.edu.pl\/en\/wp-json\/wp\/v2\/users\/1"}],"replies":[{"embeddable":true,"href":"https:\/\/www.sggw.edu.pl\/en\/wp-json\/wp\/v2\/comments?post=14764"}],"version-history":[{"count":11,"href":"https:\/\/www.sggw.edu.pl\/en\/wp-json\/wp\/v2\/pages\/14764\/revisions"}],"predecessor-version":[{"id":215315,"href":"https:\/\/www.sggw.edu.pl\/en\/wp-json\/wp\/v2\/pages\/14764\/revisions\/215315"}],"up":[{"embeddable":true,"href":"https:\/\/www.sggw.edu.pl\/en\/wp-json\/wp\/v2\/pages\/14760"}],"wp:attachment":[{"href":"https:\/\/www.sggw.edu.pl\/en\/wp-json\/wp\/v2\/media?parent=14764"}],"curies":[{"name":"wp","href":"https:\/\/api.w.org\/{rel}","templated":true}]}}