{"id":14768,"date":"2021-01-26T13:47:04","date_gmt":"2021-01-26T12:47:04","guid":{"rendered":"https:\/\/www.sggw.edu.pl\/structure-of-the-university\/university-authorities\/vice-rector-for-didactics\/"},"modified":"2024-09-20T17:25:43","modified_gmt":"2024-09-20T15:25:43","slug":"vice-rector-for-didactics","status":"publish","type":"page","link":"https:\/\/www.sggw.edu.pl\/en\/university\/structure-of-the-university\/university-authorities\/vice-rector-for-didactics\/","title":{"rendered":"Vice-Rector for Didactics"},"content":{"rendered":"\t\t<div data-elementor-type=\"wp-page\" data-elementor-id=\"14768\" class=\"elementor elementor-14768\" data-elementor-post-type=\"page\">\n\t\t\t\t\t\t<section class=\"elementor-section elementor-top-section elementor-element elementor-element-7c4577ad elementor-section-boxed elementor-section-height-default elementor-section-height-default\" data-id=\"7c4577ad\" data-element_type=\"section\">\n\t\t\t\t\t\t<div class=\"elementor-container elementor-column-gap-default\">\n\t\t\t\t\t<div class=\"elementor-column elementor-col-100 elementor-top-column elementor-element elementor-element-621a54e5\" data-id=\"621a54e5\" data-element_type=\"column\">\n\t\t\t<div class=\"elementor-widget-wrap elementor-element-populated\">\n\t\t\t\t\t\t<div class=\"elementor-element elementor-element-394885d elementor-widget elementor-widget-wp-widget-bcn_widget\" data-id=\"394885d\" data-element_type=\"widget\" data-widget_type=\"wp-widget-bcn_widget.default\">\n\t\t\t\t<div class=\"elementor-widget-container\">\n\t\t\t<div class=\"mn-grid breadcrumb\">\n                                    <div class=\"breadcrumb-inner mn-grid-12\"><div class=\"breadcrumbs\" vocab=\"https:\/\/schema.org\/\" typeof=\"BreadcrumbList\"><span property=\"itemListElement\" typeof=\"ListItem\"><a property=\"item\" typeof=\"WebPage\" title=\"Go to Szko\u0142a G\u0142\u00f3wna Gospodarstwa Wiejskiego w Warszawie.\" href=\"https:\/\/www.sggw.edu.pl\/en\/\" class=\"home\" aria-current=\"page\"><span property=\"name\">Home<\/span><\/a><meta property=\"position\" content=\"1\"><\/span><\/div>    <\/div>\n                                <\/div>\t\t<\/div>\n\t\t\t\t<\/div>\n\t\t\t\t<div class=\"elementor-element elementor-element-0e1e414 elementor-widget elementor-widget-w1_2_3\" data-id=\"0e1e414\" data-element_type=\"widget\" data-widget_type=\"w1_2_3.default\">\n\t\t\t\t<div class=\"elementor-widget-container\">\n\t\t\t<section>\n                <div class=\"mn-grid\">\n                    <h2  class=\"mn-grid-12\">\n                        Vice-Rector for Didactics\n                    <\/h2>\n                <\/div>\n            <\/section>\t\t<\/div>\n\t\t\t\t<\/div>\n\t\t\t\t\t<\/div>\n\t\t<\/div>\n\t\t\t\t\t<\/div>\n\t\t<\/section>\n\t\t\t\t<section class=\"elementor-section elementor-top-section elementor-element elementor-element-0fd4b7c elementor-section-boxed elementor-section-height-default elementor-section-height-default\" data-id=\"0fd4b7c\" data-element_type=\"section\">\n\t\t\t\t\t\t<div class=\"elementor-container elementor-column-gap-default\">\n\t\t\t\t\t<div class=\"elementor-column elementor-col-33 elementor-top-column elementor-element elementor-element-d2d586e\" data-id=\"d2d586e\" data-element_type=\"column\">\n\t\t\t<div class=\"elementor-widget-wrap elementor-element-populated\">\n\t\t\t\t\t\t<div class=\"elementor-element elementor-element-1e7f1ab elementor-widget elementor-widget-image\" data-id=\"1e7f1ab\" data-element_type=\"widget\" data-widget_type=\"image.default\">\n\t\t\t\t<div class=\"elementor-widget-container\">\n\t\t\t\t\t\t\t\t\t\t\t\t\t<img fetchpriority=\"high\" decoding=\"async\" width=\"580\" height=\"885\" src=\"https:\/\/www.sggw.edu.pl\/wp-content\/uploads\/2024\/09\/prof-dr-hab-Jaroslaw-Golebiewski-Prorektor-ds-dydaktyki.png\" class=\"attachment-large size-large wp-image-215352\" alt=\"prof. dr hab. Jaros\u0142aw Go\u0142\u0119biewski Prorektor ds. dydaktyki\" \/>\t\t\t\t\t\t\t\t\t\t\t\t\t<\/div>\n\t\t\t\t<\/div>\n\t\t\t\t\t<\/div>\n\t\t<\/div>\n\t\t\t\t<div class=\"elementor-column elementor-col-66 elementor-top-column elementor-element elementor-element-5c88575\" data-id=\"5c88575\" data-element_type=\"column\">\n\t\t\t<div class=\"elementor-widget-wrap elementor-element-populated\">\n\t\t\t\t\t\t<div class=\"elementor-element elementor-element-f736aac elementor-widget elementor-widget-w1_2_3\" data-id=\"f736aac\" data-element_type=\"widget\" data-widget_type=\"w1_2_3.default\">\n\t\t\t\t<div class=\"elementor-widget-container\">\n\t\t\t<section>\n                <div class=\"mn-grid\">\n                    <h2  class=\"mn-grid-12\">\n                        Prof. Dr. Jaros\u0142aw Go\u0142\u0119biewski\n                    <\/h2>\n                <\/div>\n            <\/section>\t\t<\/div>\n\t\t\t\t<\/div>\n\t\t\t\t<div class=\"elementor-element elementor-element-0abce70 elementor-widget elementor-widget-w1_2_3\" data-id=\"0abce70\" data-element_type=\"widget\" data-widget_type=\"w1_2_3.default\">\n\t\t\t\t<div class=\"elementor-widget-container\">\n\t\t\t<section>\n                    <div class=\"mn-grid\">\n                        <h3  class=\"mn-grid-12 mn-section-title2\">\n                            Vice-Rector for Didactics\n                        <\/h3>\n                    <\/div>\n                <\/section>\t\t<\/div>\n\t\t\t\t<\/div>\n\t\t\t\t\t<\/div>\n\t\t<\/div>\n\t\t\t\t\t<\/div>\n\t\t<\/section>\n\t\t\t\t<section class=\"elementor-section elementor-top-section elementor-element elementor-element-cf84c88 elementor-section-boxed elementor-section-height-default elementor-section-height-default\" data-id=\"cf84c88\" data-element_type=\"section\">\n\t\t\t\t\t\t<div class=\"elementor-container elementor-column-gap-default\">\n\t\t\t\t\t<div class=\"elementor-column elementor-col-100 elementor-top-column elementor-element elementor-element-be50578\" data-id=\"be50578\" data-element_type=\"column\">\n\t\t\t<div class=\"elementor-widget-wrap elementor-element-populated\">\n\t\t\t\t\t\t<div class=\"elementor-element elementor-element-f1ab089 elementor-widget elementor-widget-w33\" data-id=\"f1ab089\" data-element_type=\"widget\" data-widget_type=\"w33.default\">\n\t\t\t\t<div class=\"elementor-widget-container\">\n\t\t\t<section>\n            <div class=\"mn-grid\">\n                <div class=\"mn-vertical-separator-x2\">\n                    \n                <\/div>\n            <\/section>\t\t<\/div>\n\t\t\t\t<\/div>\n\t\t\t\t<div class=\"elementor-element elementor-element-6fea051 elementor-widget elementor-widget-w12\" data-id=\"6fea051\" data-element_type=\"widget\" data-widget_type=\"w12.default\">\n\t\t\t\t<div class=\"elementor-widget-container\">\n\t\t\t<section>\n                <div class=\"mn-grid\">\n                    <div class=\"mn-grid-12 mn-mod-text-links\">\n                        <p><strong>Jaros\u0142aw Go\u0142\u0119biewski <\/strong>has been employed at the Warsaw University of Life Sciences (SGGW) since 1990. He earned his master\u2019s degree in 1988, doctoral degree in Economics in 1999 and postdoctoral degree in 2011. He was awarded the title of professor in 2020. In his research, he focuses on issues related to the food market in Poland, taking into account changes in foreign markets, especially in EU countries.<\/p><p>Author of over 120 scientific papers. Supervisor of two completed doctoral procedures and over 270 bachelor\u2019s and master\u2019s theses. Reviewer of four doctoral dissertations and three postdoctoral procedures. Lectures at master\u2019s, doctoral and postgraduate courses. Served as Dean of the SGGW Faculty of Economics (2012\u20132016 and 2016\u20132019) and Deputy Dean of the Faculty for Part-Time Studies and Development (two terms 2005\u20132012); managed EU\u00a0Project Development and Management Postgraduate Studies from 2004 to 2012; manager and participant of numerous research and teaching projects carried out at SGGW. In 2019\u20132020, he served as Director of the SGGW Institute of Economics and Finance.<\/p><p>Member of programme councils and editorial boards of scientific journals, including <em>Tourism and Regional Development<\/em>, <em>Annals of Marketing Management &amp;\u00a0Economics<\/em> and <em>Scientific Yearbooks of Agricultural Economics and Rural Development<\/em>. Member of national and international scientific associations (the Polish Association of Agricultural and Agribusiness Economists, the European Association of Agricultural Economists and the Polish Scientific Society of Marketing). In 2016, appointed by the Minister of Agriculture and Rural Development as a member of the Social Council for Agricultural Advisory Services operating at the Lodz Agricultural Advisory Centre based in Bratoszewice. In 2017, appointed by the Minister of Agriculture and Rural Development as a member of the Scientific Council of the Institute of Agricultural and Food Economics, National Research Institute.<\/p>\n                    <\/div>\n                <\/div>\n            <\/section>\t\t<\/div>\n\t\t\t\t<\/div>\n\t\t\t\t\t<\/div>\n\t\t<\/div>\n\t\t\t\t\t<\/div>\n\t\t<\/section>\n\t\t\t\t<\/div>\n\t\t","protected":false},"excerpt":{"rendered":"<p>Vice-Rector for Didactics Prof. Dr. Jaros\u0142aw Go\u0142\u0119biewski Vice-Rector for Didactics Jaros\u0142aw Go\u0142\u0119biewski has been employed at the Warsaw University of Life Sciences (SGGW) since 1990. He earned his master\u2019s degree in 1988, doctoral degree in Economics in 1999 and postdoctoral degree in 2011. He was awarded the title of professor in 2020. In his research, [&hellip;]<\/p>\n","protected":false},"author":1,"featured_media":0,"parent":14760,"menu_order":0,"comment_status":"closed","ping_status":"closed","template":"","meta":{"_acf_changed":false,"footnotes":""},"class_list":["post-14768","page","type-page","status-publish","hentry"],"acf":[],"_links":{"self":[{"href":"https:\/\/www.sggw.edu.pl\/en\/wp-json\/wp\/v2\/pages\/14768","targetHints":{"allow":["GET"]}}],"collection":[{"href":"https:\/\/www.sggw.edu.pl\/en\/wp-json\/wp\/v2\/pages"}],"about":[{"href":"https:\/\/www.sggw.edu.pl\/en\/wp-json\/wp\/v2\/types\/page"}],"author":[{"embeddable":true,"href":"https:\/\/www.sggw.edu.pl\/en\/wp-json\/wp\/v2\/users\/1"}],"replies":[{"embeddable":true,"href":"https:\/\/www.sggw.edu.pl\/en\/wp-json\/wp\/v2\/comments?post=14768"}],"version-history":[{"count":10,"href":"https:\/\/www.sggw.edu.pl\/en\/wp-json\/wp\/v2\/pages\/14768\/revisions"}],"predecessor-version":[{"id":215358,"href":"https:\/\/www.sggw.edu.pl\/en\/wp-json\/wp\/v2\/pages\/14768\/revisions\/215358"}],"up":[{"embeddable":true,"href":"https:\/\/www.sggw.edu.pl\/en\/wp-json\/wp\/v2\/pages\/14760"}],"wp:attachment":[{"href":"https:\/\/www.sggw.edu.pl\/en\/wp-json\/wp\/v2\/media?parent=14768"}],"curies":[{"name":"wp","href":"https:\/\/api.w.org\/{rel}","templated":true}]}}